{"id":1192,"date":"2021-07-09T21:15:35","date_gmt":"2021-07-09T21:15:35","guid":{"rendered":"https:\/\/blog.directimpact.test-idi.ca\/temoignages\/dgc\/"},"modified":"2025-09-05T02:36:18","modified_gmt":"2025-09-05T02:36:18","slug":"dgc","status":"publish","type":"page","link":"https:\/\/www.directimpactsolutions.com\/fr\/temoignages\/dgc\/","title":{"rendered":"DGC"},"content":{"rendered":"<div class=\"wp-block-uagb-container uagb-block-9d0fea0c alignfull uagb-is-root-container\"><div class=\"uagb-container__shape uagb-container__shape-bottom uagb-container__invert\" data-negative=\"false\"><svg xmlns=\"https:\/\/www.w3.org\/2000\/svg\" viewBox=\"0 0 1000 100\" preserveAspectRatio=\"none\"><path class=\"uagb-container__shape-fill\" d=\"M500,98.9L0,6.1V0h1000v6.1L500,98.9z\"><\/path><\/svg><\/div><div class=\"uagb-container-inner-blocks-wrap\"><div style=\"height:20px\" aria-hidden=\"true\" class=\"wp-block-spacer\"><\/div>\n\n<h1 class=\"wp-block-heading has-ast-global-color-1-color has-text-color\" style=\"font-style:normal;font-weight:400\">\u00c9tude de cas FileMaker<\/h1>\n\n<p class=\"has-ast-global-color-1-color has-text-color\">Entreprise nationale \/ Industrie du cin\u00e9ma<\/p>\n\n<div style=\"height:40px\" aria-hidden=\"true\" class=\"wp-block-spacer\"><\/div><\/div><\/div><div style=\"height:80px\" aria-hidden=\"true\" class=\"wp-block-spacer\"><\/div><p><strong><a href=\"https:\/\/www.directimpactsolutions.com\/fr\/temoignages\/\">&lt;&lt; Voir toutes les \u00e9tudes de cas <\/a><\/strong><\/p><div class=\"wp-block-uagb-container uagb-block-17993354 alignfull uagb-is-root-container\"><div class=\"uagb-container-inner-blocks-wrap\"><div class=\"wp-block-uagb-container uagb-block-f0f10a78\"><div class=\"inherit-container-width wp-block-group is-layout-constrained wp-block-group-is-layout-constrained\"><h2 class=\"wp-block-heading has-ast-global-color-0-color has-text-color\" style=\"font-style:normal;font-weight:400\">\u00c9tude de cas de la Guilde canadienne des r\u00e9alisateurs<\/h2>\n\n<p>La <a href=\"https:\/\/www.dgc.ca\/en\/national\/\" target=\"_blank\" rel=\"noreferrer noopener\">Guilde canadienne des r\u00e9alisateurs (DGC)<\/a> est une organisation syndicale nationale repr\u00e9sentant plus de 4 800 professionnels des secteurs artistiques et logistiques de l\u2019industrie des m\u00e9dias t\u00e9l\u00e9visuels et cin\u00e9matographiques au niveau de la r\u00e9alisation, de la conception, de la production et du montage.<\/p>\n\n<h3 class=\"wp-block-heading has-ast-global-color-2-color has-text-color\">Le client<\/h3>\n\n<p>En tant qu\u2019organisation nationale, employant deux bases de donn\u00e9es Microsoft Access distinctes et un site Web PHP\/MySQL pour g\u00e9rer les donn\u00e9es des membres dans plusieurs bureaux \u00e0 travers le pays, la DGC avait besoin d\u2019une nouvelle solution de donn\u00e9es int\u00e9gr\u00e9e. Dans sa planification technologique, la DGC pr\u00e9voyait remplacer son site Web obsol\u00e8te par une plateforme qui r\u00e9pondrait mieux \u00e0 ses besoins actuels et qui garantirait une s\u00e9curit\u00e9 accrue.<\/p>\n\n<p>Cette application est associ\u00e9e \u00e0 un site Web proposant des contenus publics et priv\u00e9s li\u00e9s \u00e0 la base de donn\u00e9es FileMaker en temps r\u00e9el. Les deux applications sont h\u00e9berg\u00e9es sur un serveur d\u00e9di\u00e9 virtuel et s\u00e9curis\u00e9, accessible par tous les conseils de district \u00e0 travers le Canada. Les deux syst\u00e8mes devaient \u00eatre int\u00e9gr\u00e9s et s\u00e9curis\u00e9s en m\u00eame temps.<\/p>\n\n<h3 class=\"wp-block-heading has-ast-global-color-2-color has-text-color\">Le projet<\/h3>\n\n<p>L\u2019\u00e9quipe de Direct Impact Solutions a d\u00e9velopp\u00e9 une application personnalis\u00e9e <a href=\"https:\/\/www.directimpactsolutions.com\/fr\/claris-filemaker\/\">FileMaker<\/a>, utilis\u00e9e en back-office et g\u00e9rant les op\u00e9rations quotidiennes. Cette application est associ\u00e9e \u00e0 un site Web proposant des contenus publics et priv\u00e9s li\u00e9s \u00e0 la base de donn\u00e9es FileMaker en temps r\u00e9el. Les deux applications sont h\u00e9berg\u00e9es sur un serveur d\u00e9di\u00e9 virtuel et s\u00e9curis\u00e9, accessible par tous les conseils de district \u00e0 travers le Canada.<\/p>\n\n<h3 class=\"wp-block-heading has-ast-global-color-2-color has-text-color\">Les avantages<\/h3>\n\n<p>La solution a aid\u00e9 la DGC \u00e0 harmoniser ses processus dans tous les conseils de district et \u00e0 permettre au Bureau national de partager des donn\u00e9es communes entre les conseils. Cette structure de donn\u00e9es partag\u00e9es permet \u00e0 la DGC d\u2019analyser des donn\u00e9es centralis\u00e9es pour tous les conseils de district en m\u00eame temps. Tous les conseils partagent la m\u00eame plateforme, permettant aux conseils de district de travailler plus efficacement et de mieux collaborer.<\/p>\n\n<p>Les b\u00e9n\u00e9fices sont nombreux :<\/p>\n\n<ul class=\"wp-block-list\"><li>Agr\u00e9gation plus rapide des rapports pour la gestion de la DGC<\/li>\n\n<li>Traitement plus rapide des donn\u00e9es et r\u00e9duction des d\u00e9lais d\u2019ex\u00e9cution<\/li>\n\n<li>Un plus grand sens de la communaut\u00e9 et un partage des connaissances \u00e0 partir de processus et de pratiques communs, r\u00e9duisant le fardeau de la planification de la rel\u00e8ve et facilitant le transfert de connaissances aux nouveaux utilisateurs du syst\u00e8me.<\/li>\n\n<li>Une relation avec Direct Impact, maintenant pr\u00e9sente \u00e0 Toronto, offrant un soutien technique plus r\u00e9actif et int\u00e9gr\u00e9. Expertise dans toute une \u00e9quipe, disponible pour r\u00e9soudre les probl\u00e8mes \u00e0 mesure qu\u2019ils se pr\u00e9sentent.<\/li>\n\n<li>Une solution partag\u00e9e unique, permettant \u00e0 la DGC d\u2019\u00e9viter les co\u00fbts suppl\u00e9mentaires de plusieurs syst\u00e8mes dans plusieurs bureaux de district.<\/li>\n\n<li>Une nouvelle infrastructure d\u2019h\u00e9bergement r\u00e9duit consid\u00e9rablement les probl\u00e8mes de s\u00e9curit\u00e9 des donn\u00e9es et de robustesse des serveurs. Une \u00e9quipe d\u2019infrastructure d\u00e9di\u00e9e chez Direct Impact permettant le soutien et l\u2019entretien de la solution, ainsi que les meilleures pratiques de l\u2019industrie pour la s\u00e9curisation des donn\u00e9es sur le Web.<\/li>\n\n<li>Int\u00e9gration entre les syst\u00e8mes en temps r\u00e9el, garantissant que les donn\u00e9es sont tenues \u00e0 jour et disponibles pour tous les utilisateurs du syst\u00e8me.<\/li>\n\n<li>Fonctions d\u2019aide assist\u00e9e sur le site Web de l\u2019organisation, r\u00e9duisant la charge administrative pour le personnel, y compris les mises \u00e0 jour des informations personnelles et professionnelles des membres, le paiement des cotisations et leur statut actuel au sein de la DGC.<\/li><\/ul><\/div><\/div>\n\n<div class=\"wp-block-uagb-container uagb-block-fe7e0f6e\"><div class=\"wp-block-uagb-image uagb-block-f2967055 wp-block-uagb-image--layout-default wp-block-uagb-image--effect-static wp-block-uagb-image--align-none\"><figure class=\"wp-block-uagb-image__figure\"><img decoding=\"async\" srcset=\"https:\/\/www.directimpactsolutions.com\/wp-content\/uploads\/2021\/06\/dgc-membre-en.jpeg\n \" sizes=\"auto, (max-width: 480px) 150px\" src=\"https:\/\/www.directimpactsolutions.com\/wp-content\/uploads\/2021\/06\/dgc-membre-en.jpeg\" alt=\"\" class=\"uag-image-507\" width=\"555\" height=\"313\" title=\"\" loading=\"lazy\" role=\"img\"><\/figure><\/div>\n\n<div class=\"wp-block-uagb-image uagb-block-7bcb46dd wp-block-uagb-image--layout-default wp-block-uagb-image--effect-static wp-block-uagb-image--align-none\"><figure class=\"wp-block-uagb-image__figure\"><img decoding=\"async\" srcset=\"https:\/\/www.directimpactsolutions.com\/wp-content\/uploads\/2021\/06\/realisation-dgc-fm-a.jpeg\n \" sizes=\"auto, (max-width: 480px) 150px\" src=\"https:\/\/www.directimpactsolutions.com\/wp-content\/uploads\/2021\/06\/realisation-dgc-fm-a.jpeg\" alt=\"\" class=\"uag-image-510\" width=\"555\" height=\"313\" title=\"\" loading=\"lazy\" role=\"img\"><\/figure><\/div>\n\n<div class=\"wp-block-uagb-image uagb-block-a267042b wp-block-uagb-image--layout-default wp-block-uagb-image--effect-static wp-block-uagb-image--align-none\"><figure class=\"wp-block-uagb-image__figure\"><img decoding=\"async\" srcset=\"https:\/\/www.directimpactsolutions.com\/wp-content\/uploads\/2021\/06\/realisation-dgc-fm-b.jpeg\n \" sizes=\"auto, (max-width: 480px) 150px\" src=\"https:\/\/www.directimpactsolutions.com\/wp-content\/uploads\/2021\/06\/realisation-dgc-fm-b.jpeg\" alt=\"\" class=\"uag-image-509\" width=\"555\" height=\"313\" title=\"\" loading=\"lazy\" role=\"img\"><\/figure><\/div>\n\n<div class=\"wp-block-uagb-image uagb-block-f602ec46 wp-block-uagb-image--layout-default wp-block-uagb-image--effect-static wp-block-uagb-image--align-none\"><figure class=\"wp-block-uagb-image__figure\"><img decoding=\"async\" srcset=\"https:\/\/www.directimpactsolutions.com\/wp-content\/uploads\/2021\/06\/realisation-dgc-fm-d.jpeg\n \" sizes=\"auto, (max-width: 480px) 150px\" src=\"https:\/\/www.directimpactsolutions.com\/wp-content\/uploads\/2021\/06\/realisation-dgc-fm-d.jpeg\" alt=\"\" class=\"uag-image-508\" width=\"555\" height=\"313\" title=\"\" loading=\"lazy\" role=\"img\"><\/figure><\/div><\/div><\/div><\/div>","protected":false},"excerpt":{"rendered":"<p>\u00c9tude de cas FileMaker Entreprise nationale \/ Industrie du cin\u00e9ma &lt;&lt; Voir toutes les \u00e9tudes de cas \u00c9tude de cas de la Guilde canadienne des r\u00e9alisateurs La Guilde canadienne des r\u00e9alisateurs (DGC) est une organisation syndicale nationale repr\u00e9sentant plus de 4 800 professionnels des secteurs artistiques et logistiques de l\u2019industrie des m\u00e9dias t\u00e9l\u00e9visuels et cin\u00e9matographiques &hellip;<\/p>\n<p class=\"read-more\"> <a class=\"\" href=\"https:\/\/www.directimpactsolutions.com\/fr\/temoignages\/dgc\/\"> <span class=\"screen-reader-text\">DGC<\/span> Lire la suite >><\/a><\/p>\n","protected":false},"author":2,"featured_media":0,"parent":963,"menu_order":0,"comment_status":"closed","ping_status":"closed","template":"","meta":{"inline_featured_image":false,"_uag_custom_page_level_css":"","site-sidebar-layout":"default","site-content-layout":"","ast-site-content-layout":"default","site-content-style":"default","site-sidebar-style":"default","ast-global-header-display":"","ast-banner-title-visibility":"","ast-main-header-display":"","ast-hfb-above-header-display":"","ast-hfb-below-header-display":"","ast-hfb-mobile-header-display":"","site-post-title":"disabled","ast-breadcrumbs-content":"","ast-featured-img":"","footer-sml-layout":"","theme-transparent-header-meta":"","adv-header-id-meta":"","stick-header-meta":"","header-above-stick-meta":"","header-main-stick-meta":"","header-below-stick-meta":"","astra-migrate-meta-layouts":"set","footnotes":""},"class_list":["post-1192","page","type-page","status-publish","hentry"],"uagb_featured_image_src":{"full":false,"thumbnail":false,"medium":false,"medium_large":false,"large":false,"1536x1536":false,"2048x2048":false,"woocommerce_thumbnail":false,"woocommerce_single":false,"woocommerce_gallery_thumbnail":false},"uagb_author_info":{"display_name":"Eleanor Fulton","author_link":"https:\/\/www.directimpactsolutions.com\/fr\/author\/eleanor-fulton\/"},"uagb_comment_info":0,"uagb_excerpt":"\u00c9tude de cas FileMaker Entreprise nationale \/ Industrie du cin\u00e9ma &lt;&lt; Voir toutes les \u00e9tudes de cas \u00c9tude de cas de la Guilde canadienne des r\u00e9alisateurs La Guilde canadienne des r\u00e9alisateurs (DGC) est une organisation syndicale nationale repr\u00e9sentant plus de 4 800 professionnels des secteurs artistiques et logistiques de l\u2019industrie des m\u00e9dias t\u00e9l\u00e9visuels et cin\u00e9matographiques\u2026","_links":{"self":[{"href":"https:\/\/www.directimpactsolutions.com\/fr\/wp-json\/wp\/v2\/pages\/1192","targetHints":{"allow":["GET"]}}],"collection":[{"href":"https:\/\/www.directimpactsolutions.com\/fr\/wp-json\/wp\/v2\/pages"}],"about":[{"href":"https:\/\/www.directimpactsolutions.com\/fr\/wp-json\/wp\/v2\/types\/page"}],"author":[{"embeddable":true,"href":"https:\/\/www.directimpactsolutions.com\/fr\/wp-json\/wp\/v2\/users\/2"}],"replies":[{"embeddable":true,"href":"https:\/\/www.directimpactsolutions.com\/fr\/wp-json\/wp\/v2\/comments?post=1192"}],"version-history":[{"count":24,"href":"https:\/\/www.directimpactsolutions.com\/fr\/wp-json\/wp\/v2\/pages\/1192\/revisions"}],"predecessor-version":[{"id":20425,"href":"https:\/\/www.directimpactsolutions.com\/fr\/wp-json\/wp\/v2\/pages\/1192\/revisions\/20425"}],"up":[{"embeddable":true,"href":"https:\/\/www.directimpactsolutions.com\/fr\/wp-json\/wp\/v2\/pages\/963"}],"wp:attachment":[{"href":"https:\/\/www.directimpactsolutions.com\/fr\/wp-json\/wp\/v2\/media?parent=1192"}],"curies":[{"name":"wp","href":"https:\/\/api.w.org\/{rel}","templated":true}]}}