{"id":1196,"date":"2021-07-09T21:23:33","date_gmt":"2021-07-09T21:23:33","guid":{"rendered":"https:\/\/blog.directimpact.test-idi.ca\/temoignages\/exportation-et-developpement-canada\/"},"modified":"2025-09-05T02:36:39","modified_gmt":"2025-09-05T02:36:39","slug":"exportation-et-developpement-canada","status":"publish","type":"page","link":"https:\/\/www.directimpactsolutions.com\/fr\/temoignages\/exportation-et-developpement-canada\/","title":{"rendered":"Exportation et d\u00e9veloppement Canada"},"content":{"rendered":"<div class=\"wp-block-uagb-container uagb-block-26d9d817 alignfull uagb-is-root-container\"><div class=\"uagb-container__shape uagb-container__shape-bottom uagb-container__invert\" data-negative=\"false\"><svg xmlns=\"https:\/\/www.w3.org\/2000\/svg\" viewBox=\"0 0 1000 100\" preserveAspectRatio=\"none\"><path class=\"uagb-container__shape-fill\" d=\"M500,98.9L0,6.1V0h1000v6.1L500,98.9z\"><\/path><\/svg><\/div><div class=\"uagb-container-inner-blocks-wrap\"><div style=\"height:20px\" aria-hidden=\"true\" class=\"wp-block-spacer\"><\/div>\n\n<h1 class=\"wp-block-heading has-ast-global-color-1-color has-text-color\">Maximiser l&rsquo;efficacit\u00e9 et simplifiez les processus d&rsquo;approbation gr\u00e2ce \u00e0 une application FileMaker : le succ\u00e8s de l&rsquo;EDC<\/h1>\n\n<p class=\"has-ast-global-color-1-color has-text-color\">Gouvernement \/ Exportation<\/p>\n\n<div style=\"height:40px\" aria-hidden=\"true\" class=\"wp-block-spacer\"><\/div><\/div><\/div><div style=\"height:80px\" aria-hidden=\"true\" class=\"wp-block-spacer\"><\/div><p><strong><a href=\"https:\/\/www.directimpactsolutions.com\/fr\/temoignages\/\">&lt;&lt; Voir toutes les \u00e9tudes de cas <\/a><\/strong><\/p><div class=\"wp-block-uagb-container uagb-block-0ec15a07 alignfull uagb-is-root-container\"><div class=\"uagb-container-inner-blocks-wrap\"><div class=\"wp-block-uagb-container uagb-block-cb915ea6\"><div class=\"inherit-container-width wp-block-group is-layout-constrained wp-block-group-is-layout-constrained\"><h2 class=\"wp-block-heading has-ast-global-color-0-color has-text-color\" style=\"font-style:normal;font-weight:400\">Impl\u00e9mentation de FileMaker \u00e0 l&rsquo;EDC : une solution pour l&rsquo;optimisation des processus et l&rsquo;augmentation de la capacit\u00e9 des \u00e9quipes<\/h2>\n\n<p><a href=\"https:\/\/www.edc.ca\/\" target=\"_blank\" rel=\"noreferrer noopener\">Exportation et d\u00e9veloppement Canada<\/a> (EDC), l\u2019Agence canadienne de cr\u00e9dit \u00e0 l\u2019exportation, g\u00e8re des projets d\u2019investissement de plusieurs centaines de millions de dollars destin\u00e9s \u00e0 soutenir l\u2019activit\u00e9 \u00e9conomique du Canada.<\/p>\n\n<p>Le groupe Structured and Finance Project (SFP), charg\u00e9 de souscrire les transactions les plus importantes et les plus complexes d\u2019EDC, emploie 40 employ\u00e9s \u00e0 Ottawa, Toronto et Singapour.<\/p>\n\n<h3 class=\"wp-block-heading has-ast-global-color-2-color has-text-color\">Cr\u00e9ation d&rsquo;une plateforme compl\u00e8te d&rsquo;\u00e9valuation des risques et de documentation dans FileMaker pour l&rsquo;EDC<\/h3>\n\n<p>Avec la croissance significative des transactions li\u00e9es aux exportations canadiennes, le groupe SPF d\u00e9passait fr\u00e9quemment sa capacit\u00e9 maximale de traitement de dossiers. En outre, de r\u00e9cents changements organisationnels ont provoqu\u00e9 des modifications aux processus internes augmentant ainsi le temps de traitement des transactions.<\/p>\n\n<p>Le processus d\u2019approbation s\u2019appuyait sur de nombreux documents dispers\u00e9s et des processus d\u00e9cousus. La direction cherchait des moyens d\u2019augmenter la capacit\u00e9 de l\u2019\u00e9quipe en optimisant ses activit\u00e9s du d\u00e9but \u00e0 la fin en am\u00e9liorant le processus d\u2019approbation des projets de financement par un traitement plus efficace des transactions.<\/p>\n\n<p>Apr\u00e8s avoir examin\u00e9 les ressources disponibles, le calendrier critique pour la valeur commerciale et le risque global du projet, EDC a d\u00e9cid\u00e9 de confier \u00e0 Direct Impact Solutions le mandat de mettre en \u0153uvre une <a href=\"https:\/\/www.directimpactsolutions.com\/fr\/comment-creer-lapplication-web-sur-mesure-pour-les-besoins-precis-de-votre-entreprise\/\">solution Web d&rsquo;entreprise<\/a> avec <a href=\"https:\/\/www.directimpactsolutions.com\/fr\/claris-filemaker\/\">FileMaker<\/a> comme base technologique, m\u00eame si ce n&rsquo;\u00e9tait pas une norme organisationnelle.<\/p>\n\n<h3 class=\"wp-block-heading has-ast-global-color-2-color has-text-color\">La solution FileMaker pour am\u00e9liorer l&rsquo;efficacit\u00e9 du groupe SPF de l&rsquo;EDC<\/h3>\n\n<p>Une toute nouvelle application a \u00e9t\u00e9 d\u00e9velopp\u00e9e sur mesure pour EDC au moyen de la plateforme FileMaker, sur une p\u00e9riode de 6 mois.<\/p>\n\n<p>L\u2019application guide l\u2019\u00e9valuation des risques et documente les processus en fonction des caract\u00e9ristiques sp\u00e9cifiques de chaque secteur d\u2019activit\u00e9 tout en suivant une v\u00e9rification diligente rigoureuse.<\/p>\n\n<h3 class=\"wp-block-heading has-ast-global-color-2-color has-text-color\">Maximisez les avantages avec FileMaker : standardisation, consolidation des donn\u00e9es et collaboration en temps r\u00e9el \u00e0 l&rsquo;EDC<\/h3>\n\n<ul class=\"wp-block-list\"><li>Consolidant l\u2019acc\u00e8s aux donn\u00e9es non structur\u00e9es dans un emplacement \/ une source unique.<\/li>\n\n<li>Recyclant les donn\u00e9es tout au long du processus.<\/li>\n\n<li>Fournissant une approche normalis\u00e9e tenant compte des sp\u00e9cificit\u00e9s pour chaque cat\u00e9gorie d\u2019actifs.<\/li>\n\n<li>Affichant un \u00ab pipeline \u00bb en temps r\u00e9el qui favorise la collaboration entre plusieurs utilisateurs.<\/li>\n\n<li>Assurant la compl\u00e9tion du processus avec des contr\u00f4les d\u2019assurance-qualit\u00e9 int\u00e9gr\u00e9s.<\/li>\n\n<li>Fournissant un \u00e9change de donn\u00e9es en temps r\u00e9el avec le syst\u00e8me interne d\u2019\u00e9valuation du risque de EDC.<\/li>\n\n<li>Supportant l\u2019analyse avec des instructions d\u2019orientation contextualis\u00e9es.<\/li>\n\n<li>Permettant un flux automatique de donn\u00e9es \u00e0 partir du syst\u00e8me interne officiel d\u2019EDC.<\/li>\n\n<li>Permettant l\u2019identification des risques r\u00e9siduels les plus \u00e9lev\u00e9s et maintenant la tra\u00e7abilit\u00e9.<\/li>\n\n<li>G\u00e9n\u00e9rant des pi\u00e8ces jointes \u00e9lectroniques (PDF).<\/li>\n\n<li><a href=\"https:\/\/www.directimpactsolutions.com\/fr\/hebergement-filemaker\/\">H\u00e9bergement sur serveur<\/a> s\u00e9curis\u00e9<\/li>\n\n<li>Permettant la configuration de l\u2019application sans logiciel de d\u00e9veloppement suppl\u00e9mentaire.<\/li>\n\n<li>Offrant un catalogue normalis\u00e9 configurable en temps r\u00e9el (base de connaissances) en appui \u00e0 l\u2019analyse de risque sp\u00e9cifique \u00e0 chaque secteur.<\/li><\/ul><\/div><\/div>\n\n<div class=\"wp-block-uagb-container uagb-block-23599c97\"><figure class=\"wp-block-image aligncenter size-full has-custom-border\"><img loading=\"lazy\" decoding=\"async\" width=\"555\" height=\"313\" src=\"https:\/\/www.directimpactsolutions.com\/wp-content\/uploads\/2021\/06\/realisation-edc-b.jpeg\" alt=\"\" class=\"wp-image-548\" style=\"border-radius:10px\" srcset=\"https:\/\/www.directimpactsolutions.com\/wp-content\/uploads\/2021\/06\/realisation-edc-b.jpeg 555w, https:\/\/www.directimpactsolutions.com\/wp-content\/uploads\/2021\/06\/realisation-edc-b-300x169.jpeg 300w, https:\/\/www.directimpactsolutions.com\/wp-content\/uploads\/2021\/06\/realisation-edc-b-480x271.jpeg 480w\" sizes=\"auto, (max-width: 555px) 100vw, 555px\" \/><\/figure>\n\n<figure class=\"wp-block-image aligncenter size-full has-custom-border\"><img loading=\"lazy\" decoding=\"async\" width=\"555\" height=\"313\" src=\"https:\/\/www.directimpactsolutions.com\/wp-content\/uploads\/2021\/06\/realisation-edc-2.jpeg\" alt=\"\" class=\"wp-image-547\" style=\"border-radius:10px\" srcset=\"https:\/\/www.directimpactsolutions.com\/wp-content\/uploads\/2021\/06\/realisation-edc-2.jpeg 555w, https:\/\/www.directimpactsolutions.com\/wp-content\/uploads\/2021\/06\/realisation-edc-2-300x169.jpeg 300w, https:\/\/www.directimpactsolutions.com\/wp-content\/uploads\/2021\/06\/realisation-edc-2-480x271.jpeg 480w\" sizes=\"auto, (max-width: 555px) 100vw, 555px\" \/><\/figure>\n\n<div class=\"wp-block-uagb-image aligncenter uagb-block-043f63ba wp-block-uagb-image--layout-default wp-block-uagb-image--effect-static wp-block-uagb-image--align-center\"><figure class=\"wp-block-uagb-image__figure\"><img decoding=\"async\" srcset=\"https:\/\/www.directimpactsolutions.com\/wp-content\/uploads\/2021\/06\/realisation-edc-home.jpeg\n \" sizes=\"auto, (max-width: 480px) 150px\" src=\"https:\/\/www.directimpactsolutions.com\/wp-content\/uploads\/2021\/06\/realisation-edc-home.jpeg\" alt=\"\" class=\"uag-image-546\" width=\"555\" height=\"313\" title=\"\" loading=\"lazy\" role=\"img\"><\/figure><\/div><\/div><\/div><\/div>","protected":false},"excerpt":{"rendered":"<p>Maximiser l&rsquo;efficacit\u00e9 et simplifiez les processus d&rsquo;approbation gr\u00e2ce \u00e0 une application FileMaker : le succ\u00e8s de l&rsquo;EDC Gouvernement \/ Exportation &lt;&lt; Voir toutes les \u00e9tudes de cas Impl\u00e9mentation de FileMaker \u00e0 l&rsquo;EDC : une solution pour l&rsquo;optimisation des processus et l&rsquo;augmentation de la capacit\u00e9 des \u00e9quipes Exportation et d\u00e9veloppement Canada (EDC), l\u2019Agence canadienne de cr\u00e9dit &hellip;<\/p>\n<p class=\"read-more\"> <a class=\"\" href=\"https:\/\/www.directimpactsolutions.com\/fr\/temoignages\/exportation-et-developpement-canada\/\"> <span class=\"screen-reader-text\">Exportation et d\u00e9veloppement Canada<\/span> Lire la suite >><\/a><\/p>\n","protected":false},"author":2,"featured_media":0,"parent":963,"menu_order":0,"comment_status":"closed","ping_status":"closed","template":"","meta":{"inline_featured_image":false,"_uag_custom_page_level_css":"","site-sidebar-layout":"default","site-content-layout":"","ast-site-content-layout":"default","site-content-style":"default","site-sidebar-style":"default","ast-global-header-display":"","ast-banner-title-visibility":"","ast-main-header-display":"","ast-hfb-above-header-display":"","ast-hfb-below-header-display":"","ast-hfb-mobile-header-display":"","site-post-title":"disabled","ast-breadcrumbs-content":"","ast-featured-img":"","footer-sml-layout":"","theme-transparent-header-meta":"","adv-header-id-meta":"","stick-header-meta":"","header-above-stick-meta":"","header-main-stick-meta":"","header-below-stick-meta":"","astra-migrate-meta-layouts":"set","footnotes":""},"class_list":["post-1196","page","type-page","status-publish","hentry"],"uagb_featured_image_src":{"full":false,"thumbnail":false,"medium":false,"medium_large":false,"large":false,"1536x1536":false,"2048x2048":false,"woocommerce_thumbnail":false,"woocommerce_single":false,"woocommerce_gallery_thumbnail":false},"uagb_author_info":{"display_name":"Eleanor Fulton","author_link":"https:\/\/www.directimpactsolutions.com\/fr\/author\/eleanor-fulton\/"},"uagb_comment_info":0,"uagb_excerpt":"Maximiser l&rsquo;efficacit\u00e9 et simplifiez les processus d&rsquo;approbation gr\u00e2ce \u00e0 une application FileMaker : le succ\u00e8s de l&rsquo;EDC Gouvernement \/ Exportation &lt;&lt; Voir toutes les \u00e9tudes de cas Impl\u00e9mentation de FileMaker \u00e0 l&rsquo;EDC : une solution pour l&rsquo;optimisation des processus et l&rsquo;augmentation de la capacit\u00e9 des \u00e9quipes Exportation et d\u00e9veloppement Canada (EDC), l\u2019Agence canadienne de cr\u00e9dit\u2026","_links":{"self":[{"href":"https:\/\/www.directimpactsolutions.com\/fr\/wp-json\/wp\/v2\/pages\/1196","targetHints":{"allow":["GET"]}}],"collection":[{"href":"https:\/\/www.directimpactsolutions.com\/fr\/wp-json\/wp\/v2\/pages"}],"about":[{"href":"https:\/\/www.directimpactsolutions.com\/fr\/wp-json\/wp\/v2\/types\/page"}],"author":[{"embeddable":true,"href":"https:\/\/www.directimpactsolutions.com\/fr\/wp-json\/wp\/v2\/users\/2"}],"replies":[{"embeddable":true,"href":"https:\/\/www.directimpactsolutions.com\/fr\/wp-json\/wp\/v2\/comments?post=1196"}],"version-history":[{"count":33,"href":"https:\/\/www.directimpactsolutions.com\/fr\/wp-json\/wp\/v2\/pages\/1196\/revisions"}],"predecessor-version":[{"id":20426,"href":"https:\/\/www.directimpactsolutions.com\/fr\/wp-json\/wp\/v2\/pages\/1196\/revisions\/20426"}],"up":[{"embeddable":true,"href":"https:\/\/www.directimpactsolutions.com\/fr\/wp-json\/wp\/v2\/pages\/963"}],"wp:attachment":[{"href":"https:\/\/www.directimpactsolutions.com\/fr\/wp-json\/wp\/v2\/media?parent=1196"}],"curies":[{"name":"wp","href":"https:\/\/api.w.org\/{rel}","templated":true}]}}