{"id":1210,"date":"2021-07-09T21:43:38","date_gmt":"2021-07-09T21:43:38","guid":{"rendered":"https:\/\/blog.directimpact.test-idi.ca\/temoignages\/jefo-nutrition-inc\/"},"modified":"2025-09-05T02:38:13","modified_gmt":"2025-09-05T02:38:13","slug":"jefo-nutrition-inc","status":"publish","type":"page","link":"https:\/\/www.directimpactsolutions.com\/fr\/temoignages\/jefo-nutrition-inc\/","title":{"rendered":"Jefo Nutrition inc."},"content":{"rendered":"<div class=\"wp-block-uagb-container uagb-block-3659b0ba alignfull uagb-is-root-container\"><div class=\"uagb-container__shape uagb-container__shape-bottom uagb-container__invert\" data-negative=\"false\"><svg xmlns=\"https:\/\/www.w3.org\/2000\/svg\" viewBox=\"0 0 1000 100\" preserveAspectRatio=\"none\"><path class=\"uagb-container__shape-fill\" d=\"M500,98.9L0,6.1V0h1000v6.1L500,98.9z\"><\/path><\/svg><\/div><div class=\"uagb-container-inner-blocks-wrap\"><div style=\"height:20px\" aria-hidden=\"true\" class=\"wp-block-spacer\"><\/div>\n\n<h1 class=\"wp-block-heading has-ast-global-color-1-color has-text-color\" style=\"font-style:normal;font-weight:400\">\u00c9tude de cas sur une application personnalis\u00e9e FileMaker<\/h1>\n\n<p class=\"has-ast-global-color-1-color has-text-color\">Entreprise manufacturi\u00e8re \/ Secteur de l\u2019alimentation<\/p>\n\n<div style=\"height:40px\" aria-hidden=\"true\" class=\"wp-block-spacer\"><\/div><\/div><\/div><div style=\"height:80px\" aria-hidden=\"true\" class=\"wp-block-spacer\"><\/div><p><strong><a href=\"https:\/\/www.directimpactsolutions.com\/fr\/temoignages\/\">&lt;&lt; Voir toutes les \u00e9tudes de cas <\/a><\/strong><\/p><div class=\"wp-block-uagb-container uagb-block-91fe99c5 alignfull uagb-is-root-container\"><div class=\"uagb-container-inner-blocks-wrap\"><div class=\"wp-block-uagb-container uagb-block-6181a926\"><div class=\"inherit-container-width wp-block-group is-layout-constrained wp-block-group-is-layout-constrained\"><h2 class=\"wp-block-heading has-ast-global-color-0-color has-text-color\" style=\"font-style:normal;font-weight:400\">Solution personnalis\u00e9e pour Jefo Nutrition inc.<\/h2>\n\n<p>Depuis 1982, <a href=\"https:\/\/jefo.ca\/en\/\" target=\"_blank\" rel=\"noreferrer noopener\">Jefo Nutrition<\/a> se sp\u00e9cialise dans la conception, la fabrication, l\u2019entreposage et la distribution de produits destin\u00e9s \u00e0 la nutrition animale. Jefo, une entreprise de Saint-Hyacinthe, poss\u00e8de des bureaux sur cinq continents et est reconnue comme un leader mondial dans le domaine des additifs non m\u00e9dicamenteux destin\u00e9s \u00e0 la nutrition des volailles, des porcs et des ruminants. Elle est la seule usine desservant 58 pays et emploie plus de 130 personnes r\u00e9parties partout dans le monde.<\/p>\n\n<h3 class=\"wp-block-heading has-ast-global-color-2-color has-text-color\">Le client<\/h3>\n\n<p>Gr\u00e2ce \u00e0 une <a href=\"https:\/\/www.directimpactsolutions.com\/fr\/developpeurs-filemaker\/\">application FileMaker personnalis\u00e9e d\u00e9velopp\u00e9e<\/a> par l\u2019\u00e9quipe de Direct Impact Solutions utilisant les <a href=\"http:\/\/www.directimpactsolutions.com\/en\/filemaker-19-5-explained\/\">derni\u00e8res versions logicielles<\/a>, ce leader mondial a la capacit\u00e9 de g\u00e9rer le cycle de vie global de ses produits, de la gestion de la mati\u00e8re premi\u00e8re \u00e0 la livraison du produit fini.<\/p>\n\n<p>\u00ab Notre entreprise a toujours travaill\u00e9 dans l\u2019environnement Mac et nous cherchions une solution manufacturi\u00e8re pouvant s\u2019implanter facilement dans notre entreprise. Comme il en existait tr\u00e8s peu, nous nous sommes orient\u00e9s vers le <a href=\"https:\/\/www.directimpactsolutions.com\/fr\/developpement-filemaker\/\" data-type=\"URL\" data-id=\"https:\/\/www.directimpactsolutions.com\/en\/FileMaker-Development\/\">d\u00e9veloppement<\/a> d\u2019une solution personnalis\u00e9e <a href=\"https:\/\/www.directimpactsolutions.com\/fr\/claris-filemaker\/\">FileMaker<\/a> pouvant s\u2019adapter parfaitement \u00e0 nos besoins et \u00e9voluer en m\u00eame temps que nous \u00bb explique Gilles Mileto, directeur d\u2019usine chez Jefo.<\/p>\n\n<blockquote class=\"wp-block-quote is-layout-flow wp-block-quote-is-layout-flow\"><p>\u00ab C\u2019est le c\u00f4t\u00e9 \u201cbase de donn\u00e9es multiplateforme\u201d qui nous a le plus attir\u00e9 vers FileMaker. Cette technologie se rapproche du logiciel Access, mais en mieux. C\u2019est plus intuitif. \u00bb<br\/>\u2014Gilles Mileto, directeur d&rsquo;usine chez Jefo<\/p><\/blockquote>\n\n<h3 class=\"wp-block-heading has-ast-global-color-2-color has-text-color\">Le projet<\/h3>\n\n<p>Afin d\u2019augmenter le niveau d\u2019efficacit\u00e9 de ses \u00e9quipes, monsieur Mileto a imagin\u00e9 un syst\u00e8me de code \u00e0 barres pouvant s\u2019arrimer au syst\u00e8me de gestion globale. Il n\u2019en fallait pas plus \u00e0 l\u2019\u00e9quipe de Direct Impact pour concevoir cette solution technologique et mettre en place des processus stables menant \u00e0 l\u2019introduction des codes \u00e0 barres, sans nuire aux autres fonctionnalit\u00e9s d\u00e9j\u00e0 en place. Ainsi, tous les produits manipul\u00e9s par les \u00e9quipes de Jefo sont dor\u00e9navant munis d\u2019un code \u00e0 barres, qu\u2019ils soient mati\u00e8res premi\u00e8res ou produits finis. L\u2019\u00e9quipe de Direct Impact a aussi \u00e9t\u00e9 en mesure de conseiller Jefo sur les meilleurs lecteurs de code \u00e0 barres pouvant s\u2019adapter au syst\u00e8me et \u00e0 ses besoins. Jefo a m\u00eame fait l\u2019achat d\u2019un lecteur longue port\u00e9e pouvant lire les codes des produits, peu importe leur emplacement dans l\u2019entrep\u00f4t.<\/p>\n\n<p>\u00ab Avec le syst\u00e8me de code \u00e0 barres que nous utilisons supportant l\u2019usage des codes 2D et\/ou le Data Matrix permettant le respect de la r\u00e8glementation GTIN, on obtient des r\u00e9sultats en temps r\u00e9el. Il est tr\u00e8s utile, entre autres, pour la tra\u00e7abilit\u00e9 des lots de produits, la gestion optimale de nos entrep\u00f4ts et les processus d\u2019exp\u00e9dition des produits. \u00bb, dit monsieur Mileto.<\/p>\n\n<p>\u00ab Les codes \u00e0 barres nous aident grandement dans la gestion des inventaires des mati\u00e8res premi\u00e8res et la localisation de celles-ci dans nos entrep\u00f4ts. Munie de leur iPad, notre \u00e9quipe d\u2019exp\u00e9dition peut facilement identifier les commandes qui doivent \u00eatre achemin\u00e9es aux clients \u00bb.<\/p>\n\n<h3 class=\"wp-block-heading has-ast-global-color-2-color has-text-color\">Les avantages<\/h3>\n\n<p>Le d\u00e9veloppement de cette solution <a href=\"https:\/\/www.directimpactsolutions.com\/fr\/developpement-filemaker\/\" data-type=\"URL\" data-id=\"https:\/\/www.directimpactsolutions.com\/en\/FileMaker-Development\/\">FileMaker<\/a> a assur\u00e9ment contribu\u00e9 \u00e0 accro\u00eetre la productivit\u00e9 et l\u2019efficacit\u00e9 de Jefo tout en am\u00e9liorant la communication entre ses \u00e9quipes.<\/p>\n\n<p>La solution FileMaker r\u00e9alis\u00e9e par Direct Impact est innovante et performante, \u00e0 l\u2019image des produits que fabrique Jefo pour ses clients. En tr\u00e8s peu de temps, Direct Impact a r\u00e9ussi \u00e0 d\u00e9velopper une premi\u00e8re solution, qui r\u00e9pondait parfaitement aux besoins de Jefo. Ce premier projet a servi de base au d\u00e9veloppement d\u2019un syst\u00e8me complet de gestion globale du cycle de vie de tous les produits fabriqu\u00e9s par Jefo.<\/p>\n\n<p>\u00ab On voit d\u00e9j\u00e0 le potentiel de d\u00e9ploiement de beaucoup d\u2019applications dans le futur, dont le d\u00e9veloppement d\u2019une version multilingue qui pourra \u00eatre utilis\u00e9e dans nos autres bureaux \u00e0 travers le monde. \u00bb \u2013 Gilles Mileto, directeur d\u2019usine chez Jefo<\/p>\n\n<p>\u00ab Cette solution nous donne acc\u00e8s \u00e0 une multitude de fonctionnalit\u00e9s. On peut facilement obtenir les \u00e9tats pr\u00e9visionnels des ventes ou des achats, effectuer le suivi des ventes ou d\u2019\u00e9volution des commandes, ou encore concevoir le calendrier de production \u00bb.<\/p>\n\n<blockquote class=\"wp-block-quote is-layout-flow wp-block-quote-is-layout-flow\"><p>\u00ab C\u2019est r\u00e9ellement une solution multifonctions qui permet \u00e0 toutes nos \u00e9quipes d\u2019obtenir des informations en temps r\u00e9el \u00bb<br\/>\u2013 Gilles Mileto, directeur d\u2019usine chez Jefo<\/p><\/blockquote>\n\n<p>En effet, cette solution FileMaker augmente de fa\u00e7on consid\u00e9rable la productivit\u00e9 de Jefo. Chacune des phases du cycle de vie d\u2019un produit est entr\u00e9e dans la base de donn\u00e9es et permet de g\u00e9rer efficacement toutes les t\u00e2ches reli\u00e9es \u00e0 chacune de ces \u00e9tapes.<\/p>\n\n<p>Par exemple, toute la gestion des mati\u00e8res premi\u00e8res n\u00e9cessaires \u00e0 la fabrication des produits est effectu\u00e9e par le syst\u00e8me, de la r\u00e9ception des mati\u00e8res premi\u00e8res \u00e0 la gestion de l\u2019inventaire et la localisation en tenant compte des dates de p\u00e9remption et utilisation des stocks. M\u00eame la fabrication des produits est administr\u00e9e par la solution FileMaker, de l\u2019attribution des ingr\u00e9dients selon les recettes \u00e9tablies par Jefo, jusqu\u2019\u00e0 l\u2019ensachage.<\/p><\/div><\/div>\n\n<div class=\"wp-block-uagb-container uagb-block-1b453e0c\"><div class=\"wp-block-uagb-image aligncenter uagb-block-c9c7ff7b wp-block-uagb-image--layout-default wp-block-uagb-image--effect-static wp-block-uagb-image--align-center\"><figure class=\"wp-block-uagb-image__figure\"><img decoding=\"async\" srcset=\"https:\/\/www.directimpactsolutions.com\/wp-content\/uploads\/2021\/06\/realisation-jefo-4.jpeg\n \" sizes=\"auto, (max-width: 480px) 150px\" src=\"https:\/\/www.directimpactsolutions.com\/wp-content\/uploads\/2021\/06\/realisation-jefo-4.jpeg\" alt=\"\" class=\"uag-image-528\" width=\"555\" height=\"313\" title=\"\" loading=\"lazy\" role=\"img\"><\/figure><\/div>\n\n<div class=\"wp-block-uagb-image aligncenter uagb-block-527077f7 wp-block-uagb-image--layout-default wp-block-uagb-image--effect-static wp-block-uagb-image--align-center\"><figure class=\"wp-block-uagb-image__figure\"><img decoding=\"async\" srcset=\"https:\/\/www.directimpactsolutions.com\/wp-content\/uploads\/2021\/06\/realisation-jefo-3-b.jpeg\n \" sizes=\"auto, (max-width: 480px) 150px\" src=\"https:\/\/www.directimpactsolutions.com\/wp-content\/uploads\/2021\/06\/realisation-jefo-3-b.jpeg\" alt=\"\" class=\"uag-image-529\" width=\"555\" height=\"313\" title=\"\" loading=\"lazy\" role=\"img\"><\/figure><\/div><\/div><\/div><\/div>","protected":false},"excerpt":{"rendered":"<p>\u00c9tude de cas sur une application personnalis\u00e9e FileMaker Entreprise manufacturi\u00e8re \/ Secteur de l\u2019alimentation &lt;&lt; Voir toutes les \u00e9tudes de cas Solution personnalis\u00e9e pour Jefo Nutrition inc. Depuis 1982, Jefo Nutrition se sp\u00e9cialise dans la conception, la fabrication, l\u2019entreposage et la distribution de produits destin\u00e9s \u00e0 la nutrition animale. Jefo, une entreprise de Saint-Hyacinthe, poss\u00e8de &hellip;<\/p>\n<p class=\"read-more\"> <a class=\"\" href=\"https:\/\/www.directimpactsolutions.com\/fr\/temoignages\/jefo-nutrition-inc\/\"> <span class=\"screen-reader-text\">Jefo Nutrition inc.<\/span> Lire la suite >><\/a><\/p>\n","protected":false},"author":2,"featured_media":0,"parent":963,"menu_order":0,"comment_status":"closed","ping_status":"closed","template":"","meta":{"inline_featured_image":false,"_uag_custom_page_level_css":"","site-sidebar-layout":"default","site-content-layout":"","ast-site-content-layout":"default","site-content-style":"default","site-sidebar-style":"default","ast-global-header-display":"","ast-banner-title-visibility":"","ast-main-header-display":"","ast-hfb-above-header-display":"","ast-hfb-below-header-display":"","ast-hfb-mobile-header-display":"","site-post-title":"disabled","ast-breadcrumbs-content":"","ast-featured-img":"","footer-sml-layout":"","theme-transparent-header-meta":"","adv-header-id-meta":"","stick-header-meta":"","header-above-stick-meta":"","header-main-stick-meta":"","header-below-stick-meta":"","astra-migrate-meta-layouts":"","footnotes":""},"class_list":["post-1210","page","type-page","status-publish","hentry"],"uagb_featured_image_src":{"full":false,"thumbnail":false,"medium":false,"medium_large":false,"large":false,"1536x1536":false,"2048x2048":false,"woocommerce_thumbnail":false,"woocommerce_single":false,"woocommerce_gallery_thumbnail":false},"uagb_author_info":{"display_name":"Eleanor Fulton","author_link":"https:\/\/www.directimpactsolutions.com\/fr\/author\/eleanor-fulton\/"},"uagb_comment_info":0,"uagb_excerpt":"\u00c9tude de cas sur une application personnalis\u00e9e FileMaker Entreprise manufacturi\u00e8re \/ Secteur de l\u2019alimentation &lt;&lt; Voir toutes les \u00e9tudes de cas Solution personnalis\u00e9e pour Jefo Nutrition inc. Depuis 1982, Jefo Nutrition se sp\u00e9cialise dans la conception, la fabrication, l\u2019entreposage et la distribution de produits destin\u00e9s \u00e0 la nutrition animale. Jefo, une entreprise de Saint-Hyacinthe, poss\u00e8de\u2026","_links":{"self":[{"href":"https:\/\/www.directimpactsolutions.com\/fr\/wp-json\/wp\/v2\/pages\/1210","targetHints":{"allow":["GET"]}}],"collection":[{"href":"https:\/\/www.directimpactsolutions.com\/fr\/wp-json\/wp\/v2\/pages"}],"about":[{"href":"https:\/\/www.directimpactsolutions.com\/fr\/wp-json\/wp\/v2\/types\/page"}],"author":[{"embeddable":true,"href":"https:\/\/www.directimpactsolutions.com\/fr\/wp-json\/wp\/v2\/users\/2"}],"replies":[{"embeddable":true,"href":"https:\/\/www.directimpactsolutions.com\/fr\/wp-json\/wp\/v2\/comments?post=1210"}],"version-history":[{"count":26,"href":"https:\/\/www.directimpactsolutions.com\/fr\/wp-json\/wp\/v2\/pages\/1210\/revisions"}],"predecessor-version":[{"id":20428,"href":"https:\/\/www.directimpactsolutions.com\/fr\/wp-json\/wp\/v2\/pages\/1210\/revisions\/20428"}],"up":[{"embeddable":true,"href":"https:\/\/www.directimpactsolutions.com\/fr\/wp-json\/wp\/v2\/pages\/963"}],"wp:attachment":[{"href":"https:\/\/www.directimpactsolutions.com\/fr\/wp-json\/wp\/v2\/media?parent=1210"}],"curies":[{"name":"wp","href":"https:\/\/api.w.org\/{rel}","templated":true}]}}