{"id":1218,"date":"2021-07-09T22:32:32","date_gmt":"2021-07-09T22:32:32","guid":{"rendered":"https:\/\/blog.directimpact.test-idi.ca\/temoignages\/rene-perron-couvreurs-2\/"},"modified":"2025-09-05T02:38:31","modified_gmt":"2025-09-05T02:38:31","slug":"rene-perron-couvreurs-2","status":"publish","type":"page","link":"https:\/\/www.directimpactsolutions.com\/fr\/temoignages\/rene-perron-couvreurs-2\/","title":{"rendered":"Ren\u00e9 Perron Couvreurs"},"content":{"rendered":"<div class=\"wp-block-uagb-container uagb-block-c8973154 alignfull uagb-is-root-container\"><div class=\"uagb-container__shape uagb-container__shape-bottom uagb-container__invert\" data-negative=\"false\"><svg xmlns=\"https:\/\/www.w3.org\/2000\/svg\" viewBox=\"0 0 1000 100\" preserveAspectRatio=\"none\"><path class=\"uagb-container__shape-fill\" d=\"M500,98.9L0,6.1V0h1000v6.1L500,98.9z\"><\/path><\/svg><\/div><div class=\"uagb-container-inner-blocks-wrap\"><div style=\"height:20px\" aria-hidden=\"true\" class=\"wp-block-spacer\"><\/div>\n\n<h1 class=\"wp-block-heading has-ast-global-color-1-color has-text-color\" style=\"font-style:normal;font-weight:400\">Simplifiez les processus de votre entreprise avec un CRM FileMaker personnalis\u00e9<\/h1>\n\n<h2 class=\"wp-block-heading has-ast-global-color-1-color has-text-color\">Entreprise de services \/ Secteur de la construction<\/h2>\n\n<div style=\"height:40px\" aria-hidden=\"true\" class=\"wp-block-spacer\"><\/div><\/div><\/div><div style=\"height:80px\" aria-hidden=\"true\" class=\"wp-block-spacer\"><\/div><p><strong><a href=\"https:\/\/www.directimpactsolutions.com\/fr\/temoignages\/\">&lt;&lt; Voir toutes les \u00e9tudes de cas <\/a><\/strong><\/p><div class=\"wp-block-uagb-container uagb-block-d9d68963 alignfull uagb-is-root-container\"><div class=\"uagb-container-inner-blocks-wrap\"><div class=\"wp-block-uagb-container uagb-block-505ca519\"><div class=\"inherit-container-width wp-block-group is-layout-constrained wp-block-group-is-layout-constrained\"><h2 class=\"wp-block-heading has-ast-global-color-0-color has-text-color\" style=\"font-style:normal;font-weight:400\">Ren\u00e9 Perron Couvreurs<\/h2>\n\n<p><strong><a href=\"https:\/\/www.perroncouvreurs.com\/en\" target=\"_blank\" rel=\"noreferrer noopener\">Ren\u00e9 Perron Couvreurs<\/a> est une entreprise sp\u00e9cialis\u00e9e en r\u00e9fection et r\u00e9paration de toitures de tous types, et ce sous trois banni\u00e8res commerciales diff\u00e9rentes au sein desquelles diff\u00e9rentes \u00e9quipes sp\u00e9cialis\u00e9es op\u00e8rent.<\/strong><\/p>\n\n<h3 class=\"wp-block-heading has-ast-global-color-2-color has-text-color\">CRM avec la cr\u00e9ation de PDF dynamique<\/h3>\n\n<p>\u00c0 l\u2019origine, l\u2019\u00e9quipe de Ren\u00e9 Perron \u00e9tait \u00e0 la recherche d\u2019un service de cr\u00e9ation de PDF dynamiques. Cette \u00e9quipe de plus de 120 employ\u00e9s produisait ses estimations \u00e0 l\u2019aide de PDF dynamiques qui \u00e9taient transf\u00e9r\u00e9s par courriel entre l\u2019administration, le repr\u00e9sentant charg\u00e9 de l\u2019estimation et l\u2019\u00e9quipe de travail.<\/p>\n\n<h3 class=\"wp-block-heading has-ast-global-color-2-color has-text-color\">CRM FileMaker personnalis\u00e9 pour une meilleure planification et organisation du travail<\/h3>\n\n<p>Notre \u00e9quipe d\u2019analystes a tout de suite su identifier les besoins plus vastes du client et proposer une application sur mesure qui permet d\u2019am\u00e9liorer les processus et l\u2019efficacit\u00e9. Avec le nouveau syst\u00e8me, les employ\u00e9s de Ren\u00e9 Perron Couvreurs peuvent maintenant :<\/p>\n\n<ul class=\"wp-block-list\"><li>Cr\u00e9er des estimations sur iPad.<\/li>\n\n<li>Photographier le \u00ab Avant \u00bb et le \u00ab Apr\u00e8s \u00bb<\/li>\n\n<li>Entrer ses feuilles de temps<\/li>\n\n<li>Communiquer entre les diff\u00e9rentes instances<\/li>\n\n<li>Faire signer le contrat sur iPad<\/li>\n\n<li>G\u00e9rer les encaissements et la facturation<\/li><\/ul>\n\n<h3 class=\"wp-block-heading has-ast-global-color-2-color has-text-color\">Efficacit\u00e9 am\u00e9lior\u00e9e avec une solution CRM personnalis\u00e9e<\/h3>\n\n<p>Les b\u00e9n\u00e9fices se situent \u00e0 toutes les \u00e9tapes :<\/p>\n\n<ul class=\"wp-block-list\"><li>Meilleure gestion des ventes, de la prospection et de la relation client<\/li>\n\n<li>Am\u00e9lioration de la planification et de l\u2019organisation du travail<\/li>\n\n<li>Gestion et communication en sant\u00e9 et s\u00e9curit\u00e9<\/li>\n\n<li>Gestion du temps et de la paie plus efficaces<\/li>\n\n<li>Tableaux de bord et rapports plus complets et pr\u00e9cis<\/li><\/ul><\/div><\/div>\n\n<div class=\"wp-block-uagb-container uagb-block-1264c546\"><figure class=\"wp-block-image size-full\"><img loading=\"lazy\" decoding=\"async\" width=\"555\" height=\"313\" src=\"https:\/\/www.directimpactsolutions.com\/wp-content\/uploads\/2021\/06\/perron-accueil.jpeg\" alt=\"\" class=\"wp-image-516\" srcset=\"https:\/\/www.directimpactsolutions.com\/wp-content\/uploads\/2021\/06\/perron-accueil.jpeg 555w, https:\/\/www.directimpactsolutions.com\/wp-content\/uploads\/2021\/06\/perron-accueil-300x169.jpeg 300w, https:\/\/www.directimpactsolutions.com\/wp-content\/uploads\/2021\/06\/perron-accueil-480x271.jpeg 480w\" sizes=\"auto, (max-width: 555px) 100vw, 555px\" \/><\/figure>\n\n<div class=\"wp-block-uagb-image uagb-block-fb26ead7 wp-block-uagb-image--layout-default wp-block-uagb-image--effect-static wp-block-uagb-image--align-none\"><figure class=\"wp-block-uagb-image__figure\"><img decoding=\"async\" srcset=\"https:\/\/www.directimpactsolutions.com\/wp-content\/uploads\/2021\/06\/realisation-filemaker-perron-2.jpeg\n \" sizes=\"auto, (max-width: 480px) 150px\" src=\"https:\/\/www.directimpactsolutions.com\/wp-content\/uploads\/2021\/06\/realisation-filemaker-perron-2.jpeg\" alt=\"\" class=\"uag-image-515\" width=\"555\" height=\"313\" title=\"\" loading=\"lazy\" role=\"img\"><\/figure><\/div>\n\n<figure class=\"wp-block-pullquote\" style=\"border-style:none;border-width:0px;border-radius:0px;margin-top:0;margin-right:0;margin-bottom:0;margin-left:0;padding-top:0;padding-right:0;padding-bottom:0;padding-left:0;font-size:15px\"><blockquote><p>Notre entreprise Ren\u00e9 Perron ltee utilise leurs services depuis 4 ans et nous continuerons de le faire. Service rapide , \u00e9quipe proactive qui permet de r\u00e9gler un probl\u00e8me rapidement ou de d\u00e9velopper un projet efficacement. Merci \u00e0 toute votre \u00e9quipe.  <\/p><cite>Marc-Andr\u00e9 Perron, Ren\u00e9 Perron Couvreurs<\/cite><\/blockquote><\/figure><\/div><\/div><\/div><p><\/p>","protected":false},"excerpt":{"rendered":"<p>Simplifiez les processus de votre entreprise avec un CRM FileMaker personnalis\u00e9 Entreprise de services \/ Secteur de la construction &lt;&lt; Voir toutes les \u00e9tudes de cas Ren\u00e9 Perron Couvreurs Ren\u00e9 Perron Couvreurs est une entreprise sp\u00e9cialis\u00e9e en r\u00e9fection et r\u00e9paration de toitures de tous types, et ce sous trois banni\u00e8res commerciales diff\u00e9rentes au sein desquelles &hellip;<\/p>\n<p class=\"read-more\"> <a class=\"\" href=\"https:\/\/www.directimpactsolutions.com\/fr\/temoignages\/rene-perron-couvreurs-2\/\"> <span class=\"screen-reader-text\">Ren\u00e9 Perron Couvreurs<\/span> Lire la suite >><\/a><\/p>\n","protected":false},"author":2,"featured_media":0,"parent":963,"menu_order":0,"comment_status":"closed","ping_status":"closed","template":"","meta":{"inline_featured_image":false,"_uag_custom_page_level_css":"","site-sidebar-layout":"default","site-content-layout":"","ast-site-content-layout":"default","site-content-style":"default","site-sidebar-style":"default","ast-global-header-display":"","ast-banner-title-visibility":"","ast-main-header-display":"","ast-hfb-above-header-display":"","ast-hfb-below-header-display":"","ast-hfb-mobile-header-display":"","site-post-title":"disabled","ast-breadcrumbs-content":"","ast-featured-img":"","footer-sml-layout":"","theme-transparent-header-meta":"","adv-header-id-meta":"","stick-header-meta":"","header-above-stick-meta":"","header-main-stick-meta":"","header-below-stick-meta":"","astra-migrate-meta-layouts":"","footnotes":""},"class_list":["post-1218","page","type-page","status-publish","hentry"],"uagb_featured_image_src":{"full":false,"thumbnail":false,"medium":false,"medium_large":false,"large":false,"1536x1536":false,"2048x2048":false,"woocommerce_thumbnail":false,"woocommerce_single":false,"woocommerce_gallery_thumbnail":false},"uagb_author_info":{"display_name":"Eleanor Fulton","author_link":"https:\/\/www.directimpactsolutions.com\/fr\/author\/eleanor-fulton\/"},"uagb_comment_info":0,"uagb_excerpt":"Simplifiez les processus de votre entreprise avec un CRM FileMaker personnalis\u00e9 Entreprise de services \/ Secteur de la construction &lt;&lt; Voir toutes les \u00e9tudes de cas Ren\u00e9 Perron Couvreurs Ren\u00e9 Perron Couvreurs est une entreprise sp\u00e9cialis\u00e9e en r\u00e9fection et r\u00e9paration de toitures de tous types, et ce sous trois banni\u00e8res commerciales diff\u00e9rentes au sein desquelles\u2026","_links":{"self":[{"href":"https:\/\/www.directimpactsolutions.com\/fr\/wp-json\/wp\/v2\/pages\/1218","targetHints":{"allow":["GET"]}}],"collection":[{"href":"https:\/\/www.directimpactsolutions.com\/fr\/wp-json\/wp\/v2\/pages"}],"about":[{"href":"https:\/\/www.directimpactsolutions.com\/fr\/wp-json\/wp\/v2\/types\/page"}],"author":[{"embeddable":true,"href":"https:\/\/www.directimpactsolutions.com\/fr\/wp-json\/wp\/v2\/users\/2"}],"replies":[{"embeddable":true,"href":"https:\/\/www.directimpactsolutions.com\/fr\/wp-json\/wp\/v2\/comments?post=1218"}],"version-history":[{"count":24,"href":"https:\/\/www.directimpactsolutions.com\/fr\/wp-json\/wp\/v2\/pages\/1218\/revisions"}],"predecessor-version":[{"id":20429,"href":"https:\/\/www.directimpactsolutions.com\/fr\/wp-json\/wp\/v2\/pages\/1218\/revisions\/20429"}],"up":[{"embeddable":true,"href":"https:\/\/www.directimpactsolutions.com\/fr\/wp-json\/wp\/v2\/pages\/963"}],"wp:attachment":[{"href":"https:\/\/www.directimpactsolutions.com\/fr\/wp-json\/wp\/v2\/media?parent=1218"}],"curies":[{"name":"wp","href":"https:\/\/api.w.org\/{rel}","templated":true}]}}