{"id":1225,"date":"2021-07-09T22:37:43","date_gmt":"2021-07-09T22:37:43","guid":{"rendered":"https:\/\/blog.directimpact.test-idi.ca\/temoignages\/souris-mini\/"},"modified":"2025-09-05T02:39:28","modified_gmt":"2025-09-05T02:39:28","slug":"souris-mini","status":"publish","type":"page","link":"https:\/\/www.directimpactsolutions.com\/fr\/temoignages\/souris-mini\/","title":{"rendered":"Souris-Mini"},"content":{"rendered":"<div class=\"wp-block-uagb-container uagb-block-71275a95 alignfull uagb-is-root-container\"><div class=\"uagb-container__shape uagb-container__shape-bottom uagb-container__invert\" data-negative=\"false\"><svg xmlns=\"https:\/\/www.w3.org\/2000\/svg\" viewBox=\"0 0 1000 100\" preserveAspectRatio=\"none\"><path class=\"uagb-container__shape-fill\" d=\"M500,98.9L0,6.1V0h1000v6.1L500,98.9z\"><\/path><\/svg><\/div><div class=\"uagb-container-inner-blocks-wrap\"><div style=\"height:20px\" aria-hidden=\"true\" class=\"wp-block-spacer\"><\/div>\n\n<h1 class=\"wp-block-heading has-ast-global-color-1-color has-text-color\" style=\"font-style:normal;font-weight:400\">Simplifiez vos op\u00e9rations de vente au d\u00e9tail avec FileMaker : \u00e9tude de cas de Souris Mini<\/h1>\n\n<p class=\"has-ast-global-color-1-color has-text-color\">Entreprise manufacturi\u00e8re \/ Secteur des v\u00eatements<\/p>\n\n<div style=\"height:40px\" aria-hidden=\"true\" class=\"wp-block-spacer\"><\/div><\/div><\/div><div style=\"height:80px\" aria-hidden=\"true\" class=\"wp-block-spacer\"><\/div><p><strong><a href=\"https:\/\/www.directimpactsolutions.com\/fr\/temoignages\/\">&lt;&lt; Voir toutes les \u00e9tudes de cas<\/a><\/strong><\/p><div class=\"wp-block-uagb-container uagb-block-61561321 alignfull uagb-is-root-container\"><div class=\"uagb-container-inner-blocks-wrap\"><div class=\"wp-block-uagb-container uagb-block-d1b94fcb\"><div class=\"inherit-container-width wp-block-group is-layout-constrained wp-block-group-is-layout-constrained\"><h2 class=\"wp-block-heading has-ast-global-color-0-color has-text-color\" style=\"font-style:normal;font-weight:400\">Souris Mini<\/h2>\n\n<p><strong><a href=\"https:\/\/www.sourismini.com\/en\/\" target=\"_blank\" rel=\"noreferrer noopener\">Souris Mini<\/a> est un important d\u00e9taillant et fabricantcanadiende v\u00eatements haut de gamme pour enfants.<\/strong><\/p>\n\n<h3 class=\"wp-block-heading has-ast-global-color-2-color has-text-color\">FileMaker et logiciels de vente au d\u00e9tail<\/h3>\n\n<p>En utilisant la plateforme FileMaker et avec la collaboration de Direct Impact, le directeur informatique de Souris Mini a contribu\u00e9 \u00e0 transformer les op\u00e9rations de l\u2019entreprise tout en \u00e9conomisant des dizaines de milliers de dollars.<\/p>\n\n<h3 class=\"wp-block-heading has-ast-global-color-2-color has-text-color\">Optimisez les performances de la vente au d\u00e9tail avec FileMaker et Direct Impact<\/h3>\n\n<p>L\u2019utilisation de FileMaker Go pour iPad et l\u2019int\u00e9gration avec le logiciel de ventes au d\u00e9tail permet \u00e0 Souris Mini de mieux analyser ses ventes de mani\u00e8re d\u00e9taill\u00e9e.<\/p><\/div><\/div>\n\n<div class=\"wp-block-uagb-container uagb-block-eb7c135c\"><div class=\"wp-block-uagb-image aligncenter uagb-block-1c6a5afd wp-block-uagb-image--layout-default wp-block-uagb-image--effect-static wp-block-uagb-image--align-center\"><figure class=\"wp-block-uagb-image__figure\"><img decoding=\"async\" srcset=\"https:\/\/www.directimpactsolutions.com\/wp-content\/uploads\/2021\/06\/realisation-souris-mini-b2.jpeg\n \" sizes=\"auto, (max-width: 480px) 150px\" src=\"https:\/\/www.directimpactsolutions.com\/wp-content\/uploads\/2021\/06\/realisation-souris-mini-b2.jpeg\" alt=\"\" class=\"uag-image-555\" width=\"360\" height=\"313\" title=\"\" loading=\"lazy\" role=\"img\"><\/figure><\/div>\n\n<div class=\"wp-block-uagb-image aligncenter uagb-block-ffad097a wp-block-uagb-image--layout-default wp-block-uagb-image--effect-static wp-block-uagb-image--align-center\"><figure class=\"wp-block-uagb-image__figure\"><img decoding=\"async\" srcset=\"https:\/\/www.directimpactsolutions.com\/wp-content\/uploads\/2021\/06\/realisation-souris-mini-2.jpeg\n \" sizes=\"auto, (max-width: 480px) 150px\" src=\"https:\/\/www.directimpactsolutions.com\/wp-content\/uploads\/2021\/06\/realisation-souris-mini-2.jpeg\" alt=\"\" class=\"uag-image-384\" width=\"360\" height=\"225\" title=\"\" loading=\"lazy\" role=\"img\"><\/figure><\/div><\/div><\/div><\/div>","protected":false},"excerpt":{"rendered":"<p>Simplifiez vos op\u00e9rations de vente au d\u00e9tail avec FileMaker : \u00e9tude de cas de Souris Mini Entreprise manufacturi\u00e8re \/ Secteur des v\u00eatements &lt;&lt; Voir toutes les \u00e9tudes de cas Souris Mini Souris Mini est un important d\u00e9taillant et fabricantcanadiende v\u00eatements haut de gamme pour enfants. FileMaker et logiciels de vente au d\u00e9tail En utilisant la &hellip;<\/p>\n<p class=\"read-more\"> <a class=\"\" href=\"https:\/\/www.directimpactsolutions.com\/fr\/temoignages\/souris-mini\/\"> <span class=\"screen-reader-text\">Souris-Mini<\/span> Lire la suite >><\/a><\/p>\n","protected":false},"author":2,"featured_media":0,"parent":963,"menu_order":0,"comment_status":"closed","ping_status":"closed","template":"","meta":{"inline_featured_image":false,"_uag_custom_page_level_css":"","site-sidebar-layout":"default","site-content-layout":"","ast-site-content-layout":"default","site-content-style":"default","site-sidebar-style":"default","ast-global-header-display":"","ast-banner-title-visibility":"","ast-main-header-display":"","ast-hfb-above-header-display":"","ast-hfb-below-header-display":"","ast-hfb-mobile-header-display":"","site-post-title":"disabled","ast-breadcrumbs-content":"","ast-featured-img":"","footer-sml-layout":"","theme-transparent-header-meta":"","adv-header-id-meta":"","stick-header-meta":"","header-above-stick-meta":"","header-main-stick-meta":"","header-below-stick-meta":"","astra-migrate-meta-layouts":"","footnotes":""},"class_list":["post-1225","page","type-page","status-publish","hentry"],"uagb_featured_image_src":{"full":false,"thumbnail":false,"medium":false,"medium_large":false,"large":false,"1536x1536":false,"2048x2048":false,"woocommerce_thumbnail":false,"woocommerce_single":false,"woocommerce_gallery_thumbnail":false},"uagb_author_info":{"display_name":"Eleanor Fulton","author_link":"https:\/\/www.directimpactsolutions.com\/fr\/author\/eleanor-fulton\/"},"uagb_comment_info":0,"uagb_excerpt":"Simplifiez vos op\u00e9rations de vente au d\u00e9tail avec FileMaker : \u00e9tude de cas de Souris Mini Entreprise manufacturi\u00e8re \/ Secteur des v\u00eatements &lt;&lt; Voir toutes les \u00e9tudes de cas Souris Mini Souris Mini est un important d\u00e9taillant et fabricantcanadiende v\u00eatements haut de gamme pour enfants. FileMaker et logiciels de vente au d\u00e9tail En utilisant la\u2026","_links":{"self":[{"href":"https:\/\/www.directimpactsolutions.com\/fr\/wp-json\/wp\/v2\/pages\/1225","targetHints":{"allow":["GET"]}}],"collection":[{"href":"https:\/\/www.directimpactsolutions.com\/fr\/wp-json\/wp\/v2\/pages"}],"about":[{"href":"https:\/\/www.directimpactsolutions.com\/fr\/wp-json\/wp\/v2\/types\/page"}],"author":[{"embeddable":true,"href":"https:\/\/www.directimpactsolutions.com\/fr\/wp-json\/wp\/v2\/users\/2"}],"replies":[{"embeddable":true,"href":"https:\/\/www.directimpactsolutions.com\/fr\/wp-json\/wp\/v2\/comments?post=1225"}],"version-history":[{"count":24,"href":"https:\/\/www.directimpactsolutions.com\/fr\/wp-json\/wp\/v2\/pages\/1225\/revisions"}],"predecessor-version":[{"id":20431,"href":"https:\/\/www.directimpactsolutions.com\/fr\/wp-json\/wp\/v2\/pages\/1225\/revisions\/20431"}],"up":[{"embeddable":true,"href":"https:\/\/www.directimpactsolutions.com\/fr\/wp-json\/wp\/v2\/pages\/963"}],"wp:attachment":[{"href":"https:\/\/www.directimpactsolutions.com\/fr\/wp-json\/wp\/v2\/media?parent=1225"}],"curies":[{"name":"wp","href":"https:\/\/api.w.org\/{rel}","templated":true}]}}