{"id":1236,"date":"2021-07-09T22:45:10","date_gmt":"2021-07-09T22:45:10","guid":{"rendered":"https:\/\/blog.directimpact.test-idi.ca\/claris-connect\/"},"modified":"2025-05-27T04:21:14","modified_gmt":"2025-05-27T04:21:14","slug":"claris-connect","status":"publish","type":"page","link":"https:\/\/www.directimpactsolutions.com\/fr\/claris-connect\/","title":{"rendered":"Claris Connect"},"content":{"rendered":"<div class=\"wp-block-uagb-container uagb-block-27bdd420 alignfull uagb-is-root-container\"><div class=\"uagb-container__shape uagb-container__shape-bottom uagb-container__invert\" data-negative=\"false\"><svg xmlns=\"https:\/\/www.w3.org\/2000\/svg\" viewBox=\"0 0 1000 100\" preserveAspectRatio=\"none\"><path class=\"uagb-container__shape-fill\" d=\"M500,98.9L0,6.1V0h1000v6.1L500,98.9z\"><\/path><\/svg><\/div><div class=\"uagb-container-inner-blocks-wrap\"><div style=\"height:20px\" aria-hidden=\"true\" class=\"wp-block-spacer\"><\/div>\n\n<h1 class=\"wp-block-heading has-ast-global-color-1-color has-text-color\" style=\"font-style:normal;font-weight:400\">Claris Connect<\/h1>\n\n<h2 class=\"wp-block-heading has-ast-global-color-1-color has-text-color\" style=\"font-size:16px\">Claris Connect est une plateforme d\u2019int\u00e9gration bas\u00e9e dans le cloud qui permet d\u2019automatiser les flux de travail en connectant des applications entre elles, sans programmation complexe.<\/h2>\n\n<div style=\"height:40px\" aria-hidden=\"true\" class=\"wp-block-spacer\"><\/div><\/div><\/div><div style=\"height:80px\" aria-hidden=\"true\" class=\"wp-block-spacer\"><\/div><div class=\"wp-block-uagb-container uagb-block-c55964ab alignfull uagb-is-root-container\"><div class=\"uagb-container-inner-blocks-wrap\"><div class=\"wp-block-uagb-container uagb-block-71001384\"><div class=\"wp-block-uagb-image uagb-block-46b89d80 wp-block-uagb-image--layout-default wp-block-uagb-image--effect-static wp-block-uagb-image--align-none\"><figure class=\"wp-block-uagb-image__figure\"><img decoding=\"async\" srcset=\"https:\/\/www.directimpactsolutions.com\/wp-content\/uploads\/2021\/08\/claris-partner-platinum-noir.png\n \" sizes=\"auto, (max-width: 480px) 150px\" src=\"https:\/\/www.directimpactsolutions.com\/wp-content\/uploads\/2021\/08\/claris-partner-platinum-noir.png\" alt=\"Partenaire Claris\" class=\"uag-image-3141\" width=\"294\" height=\"77\" title=\"\" loading=\"lazy\"><\/figure><\/div><\/div>\n\n<div class=\"wp-block-uagb-container uagb-block-3415dd8f\"><p>Les flux sont \u00e0 l\u2019origine de la transformation num\u00e9rique. Lib\u00e9rez-vous des contraintes impos\u00e9es par vos diff\u00e9rentes applications. Rassemblez toutes celles que vous utilisez au quotidien et cr\u00e9ez des flux de travail automatis\u00e9s. Simplifiez votre activit\u00e9 et propulsez votre capacit\u00e9 d\u2019innovation avec Claris Connect. Choisissez <a href=\"https:\/\/www.directimpactsolutions.com\/fr\/\">Direct Impact Solutions<\/a>.    <\/p><\/div><\/div><\/div><div style=\"height:80px\" aria-hidden=\"true\" class=\"wp-block-spacer\"><\/div><div class=\"wp-block-uagb-advanced-heading uagb-block-5bb2de1e\"><h2 class=\"uagb-heading-text\">Qu\u2019est-ce que Claris Connect?<\/h2><\/div><div class=\"wp-block-uagb-container uagb-block-879b9432 alignfull uagb-is-root-container\"><div class=\"uagb-container-inner-blocks-wrap\"><div class=\"wp-block-uagb-container uagb-block-776365d5\"><div class=\"wp-block-uagb-info-box uagb-block-6b0251bd uagb-infobox__content-wrap  uagb-infobox-icon-above-title uagb-infobox-image-valign-top\"><div class=\"uagb-ifb-content\"><div class=\"uagb-ifb-icon-wrap\"><svg xmlns=\"https:\/\/www.w3.org\/2000\/svg\" viewbox=\"0 0 576 512\"><path d=\"M550.5 241l-50.09-86.79c1.071-2.142 1.875-4.553 1.875-7.232 0-8.036-6.696-14.73-14.73-15l-55.45-95.89c.536-1.607 1.071-3.214 1.071-4.821 0-8.571-6.964-15.27-15.27-15.27-4.821 0-8.839 2.143-11.79 5.625H299.5C296.8 18.14 292.8 16 288 16s-8.839 2.143-11.52 5.625H170.4C167.5 18.14 163.4 16 158.6 16c-8.303 0-15.27 6.696-15.27 15.27 0 1.607 .536 3.482 1.072 4.821l-55.98 97.23c-5.356 2.41-9.107 7.5-9.107 13.66 0 .535 .268 1.071 .268 1.607l-53.3 92.14c-7.232 1.339-12.59 7.5-12.59 15 0 7.232 5.089 13.39 12.05 15l55.18 95.36c-.536 1.607-.804 2.946-.804 4.821 0 7.232 5.089 13.39 12.05 14.73l51.7 89.73c-.536 1.607-1.071 3.482-1.071 5.357 0 8.571 6.964 15.27 15.27 15.27 4.821 0 8.839-2.143 11.52-5.357h106.9C279.2 493.9 283.4 496 288 496s8.839-2.143 11.52-5.357h107.1c2.678 2.946 6.696 4.821 10.98 4.821 8.571 0 15.27-6.964 15.27-15.27 0-1.607-.267-2.946-.803-4.285l51.7-90.27c6.964-1.339 12.05-7.5 12.05-14.73 0-1.607-.268-3.214-.804-4.821l54.91-95.36c6.964-1.339 12.32-7.5 12.32-15-.002-7.232-5.092-13.39-11.79-14.73zM153.5 450.7l-43.66-75.8h43.66v75.8zm0-83.84h-43.66c-.268-1.071-.804-2.142-1.339-3.214l44.1-47.41v50.62zm0-62.41l-50.36 53.3c-1.339-.536-2.679-1.34-4.018-1.607L43.45 259.8c.535-1.339 .535-2.679 .535-4.018s0-2.41-.268-3.482l51.97-90c2.679-.268 5.357-1.072 7.768-2.679l50.09 51.97v92.95zm0-102.3l-45.8-47.41c1.339-2.143 2.143-4.821 2.143-7.767 0-.268-.268-.804-.268-1.072l43.93-15.8v72.05zm0-80.63l-43.66 15.8 43.66-75.54v59.73zm326.5 39.11l.804 1.339L445.5 329.1l-63.75-67.23 98.04-101.5 .268 .268zM291.8 355.1l11.52 11.79H280.5l11.25-11.79zm-.268-11.25l-83.3-85.45 79.55-84.38 83.04 87.59-79.29 82.23zm5.357 5.893l79.29-82.23 67.5 71.25-5.892 28.13H313.7l-16.88-17.14zM410.4 44.39c1.071 .536 2.142 1.072 3.482 1.34l57.86 100.7v.536c0 2.946 .803 5.624 2.143 7.767L376.4 256l-83.04-87.59L410.4 44.39zm-9.107-2.143L287.7 162.5l-57.05-60.27 166.3-60h4.287zm-123.5 0c2.678 2.678 6.16 4.285 10.18 4.285s7.5-1.607 10.18-4.285h75L224.8 95.82 173.9 42.25h103.9zm-116.2 5.625l1.071-2.142a33.83 33.83 0 0 0 2.679-.804l51.16 53.84-54.91 19.82V47.88zm0 79.29l60.8-21.96 59.73 63.21-79.55 84.11-40.98-42.05v-83.3zm0 92.68L198 257.6l-36.43 38.3v-76.07zm0 87.86l42.05-44.46 82.77 85.98-17.14 17.68H161.6v-59.2zm6.964 162.1c-1.607-1.607-3.482-2.678-5.893-3.482l-1.071-1.607v-89.73h99.91l-91.61 94.82h-1.339zm129.9 0c-2.679-2.41-6.428-4.285-10.45-4.285s-7.767 1.875-10.45 4.285h-96.43l91.61-94.82h38.3l91.61 94.82H298.4zm120-11.79l-4.286 7.5c-1.339 .268-2.41 .803-3.482 1.339l-89.2-91.88h114.4l-17.41 83.04zm12.86-22.23l12.86-60.8h21.96l-34.82 60.8zm34.82-68.84h-20.36l4.553-21.16 17.14 18.21c-.535 .803-1.071 1.874-1.339 2.946zm66.16-107.4l-55.45 96.7c-1.339 .535-2.679 1.071-4.018 1.874l-20.63-21.96 34.55-163.9 45.8 79.29c-.267 1.339-.803 2.678-.803 4.285 0 1.339 .268 2.411 .536 3.75z\"><\/path><\/svg><\/div><div class=\"uagb-ifb-title-wrap\"><h3 class=\"uagb-ifb-title\">L\u2019int\u00e9gration d\u2019applications avec FileMaker<\/h3><\/div><p class=\"uagb-ifb-desc\">Fini le temps des compromis entre simplicit\u00e9 et puissance. Avec Claris Connect, l\u2019automatisation est d\u00e9sormais une histoire de minutes et non plus de jours. <\/p><\/div><\/div><\/div>\n\n<div class=\"wp-block-uagb-container uagb-block-119fdf22\"><div class=\"wp-block-uagb-info-box uagb-block-9d46a7b9 uagb-infobox__content-wrap  uagb-infobox-icon-above-title uagb-infobox-image-valign-top\"><div class=\"uagb-ifb-content\"><div class=\"uagb-ifb-icon-wrap\"><svg xmlns=\"https:\/\/www.w3.org\/2000\/svg\" viewbox=\"0 0 512 512\"><path d=\"M512 255.1c0 8.188-3.125 16.41-9.375 22.66l-72 72C424.4 356.9 416.2 360 408 360c-18.28 0-32-14.95-32-32c0-8.188 3.125-16.38 9.375-22.62L402.8 288H288v114.8l17.38-17.38C311.6 379.1 319.8 376 328 376c18.28 0 32 14.95 32 32c0 8.188-3.125 16.38-9.375 22.62l-72 72C272.4 508.9 264.2 512 256 512s-16.38-3.125-22.62-9.375l-72-72C155.1 424.4 152 416.2 152 408c0-17.05 13.73-32 32-32c8.188 0 16.38 3.125 22.62 9.375L224 402.8V288H109.3l17.38 17.38C132.9 311.6 136 319.8 136 328c0 17.05-13.73 32-32 32c-8.188 0-16.38-3.125-22.62-9.375l-72-72C3.125 272.4 0 264.2 0 255.1s3.125-16.34 9.375-22.59l72-72C87.63 155.1 95.81 152 104 152c18.28 0 32 14.95 32 32c0 8.188-3.125 16.38-9.375 22.62L109.3 224H224V109.3L206.6 126.6C200.4 132.9 192.2 136 184 136c-18.28 0-32-14.95-32-32c0-8.188 3.125-16.38 9.375-22.62l72-72C239.6 3.125 247.8 0 256 0s16.38 3.125 22.62 9.375l72 72C356.9 87.63 360 95.81 360 104c0 17.05-13.73 32-32 32c-8.188 0-16.38-3.125-22.62-9.375L288 109.3V224h114.8l-17.38-17.38C379.1 200.4 376 192.2 376 184c0-17.05 13.73-32 32-32c8.188 0 16.38 3.125 22.62 9.375l72 72C508.9 239.6 512 247.8 512 255.1z\"><\/path><\/svg><\/div><div class=\"uagb-ifb-title-wrap\"><h3 class=\"uagb-ifb-title\">Connexion sans limite<\/h3><\/div><p class=\"uagb-ifb-desc\">Int\u00e9grez vos applications dans un flux de travail homog\u00e8ne, simultan\u00e9ment entre vos diff\u00e9rents appareils, dans vos bureaux ou dans le cloud.<\/p><\/div><\/div><\/div>\n\n<div class=\"wp-block-uagb-container uagb-block-4ca5eaa3\"><div class=\"wp-block-uagb-info-box uagb-block-f16ac0b2 uagb-infobox__content-wrap  uagb-infobox-icon-above-title uagb-infobox-image-valign-top\"><div class=\"uagb-ifb-content\"><div class=\"uagb-ifb-icon-wrap\"><svg xmlns=\"https:\/\/www.w3.org\/2000\/svg\" viewbox=\"0 0 640 512\"><path d=\"M400 32C426.5 32 448 53.49 448 80V336C448 362.5 426.5 384 400 384H266.7L277.3 416H352C369.7 416 384 430.3 384 448C384 465.7 369.7 480 352 480H96C78.33 480 64 465.7 64 448C64 430.3 78.33 416 96 416H170.7L181.3 384H48C21.49 384 0 362.5 0 336V80C0 53.49 21.49 32 48 32H400zM64 96V320H384V96H64zM592 32C618.5 32 640 53.49 640 80V432C640 458.5 618.5 480 592 480H528C501.5 480 480 458.5 480 432V80C480 53.49 501.5 32 528 32H592zM544 96C535.2 96 528 103.2 528 112C528 120.8 535.2 128 544 128H576C584.8 128 592 120.8 592 112C592 103.2 584.8 96 576 96H544zM544 192H576C584.8 192 592 184.8 592 176C592 167.2 584.8 160 576 160H544C535.2 160 528 167.2 528 176C528 184.8 535.2 192 544 192zM560 400C577.7 400 592 385.7 592 368C592 350.3 577.7 336 560 336C542.3 336 528 350.3 528 368C528 385.7 542.3 400 560 400z\"><\/path><\/svg><\/div><div class=\"uagb-ifb-title-wrap\"><h3 class=\"uagb-ifb-title\">FileMaker + Connect<\/h3><\/div><p class=\"uagb-ifb-desc\">Vous utilisez d\u00e9j\u00e0 FileMaker ? Claris Connect permet aussi d\u2019int\u00e9grer vos apps FileMaker de mani\u00e8re optimale. <\/p><\/div><\/div><\/div><\/div><\/div><div style=\"height:80px\" aria-hidden=\"true\" class=\"wp-block-spacer\"><\/div><div class=\"wp-block-uagb-advanced-heading uagb-block-c9453347\"><h3 class=\"uagb-heading-text\">La puissance des flux de travail automatis\u00e9s<\/h3><\/div><div class=\"wp-block-uagb-container uagb-block-3bd814f1 alignfull uagb-is-root-container\"><div class=\"uagb-container-inner-blocks-wrap\"><div class=\"inherit-container-width wp-block-group is-layout-constrained wp-block-group-is-layout-constrained\"><h3 class=\"wp-block-heading has-ast-global-color-2-color has-text-color\" style=\"font-size:28px\">Int\u00e9grations FileMaker Pro<\/h3>\n\n<p>Besoin <a href=\"https:\/\/www.directimpactsolutions.com\/fr\/comment-creer-lapplication-web-sur-mesure-pour-les-besoins-precis-de-votre-entreprise\/\">d\u2019automatiser un processus m\u00e9tier fr\u00e9quent<\/a> ? Claris Connect int\u00e8gre des mod\u00e8les pour instantan\u00e9ment g\u00e9rer la prospection, faciliter les ventes, suivre les remont\u00e9es de tickets aupr\u00e8s du service informatique, aider au traitement des commandes et bien plus encore. Plusieurs applications populaires sont support\u00e9es : MailChimp, DropBox, SalesForce, Office365, QuickBooks, Slack, Twillio, Trello, Shopify, Stripe, EventBrite, PipeDrive et bien s\u00fbr aussi\u2026 FileMaker !<\/p>\n\n<p><a href=\"https:\/\/www.directimpactsolutions.com\/fr\/contact\/\">Parlez-nous de votre projet &gt;&gt;<\/a><\/p><\/div>\n\n<div class=\"wp-block-uagb-container uagb-block-c8be86d3\"><div class=\"wp-block-uagb-image uagb-block-30fd2c28 wp-block-uagb-image--layout-default wp-block-uagb-image--effect-static wp-block-uagb-image--align-none\"><figure class=\"wp-block-uagb-image__figure\"><img decoding=\"async\" srcset=\"https:\/\/www.directimpactsolutions.com\/wp-content\/uploads\/2021\/06\/Entrez-Flux.jpeg\n \" sizes=\"auto, (max-width: 480px) 150px\" src=\"https:\/\/www.directimpactsolutions.com\/wp-content\/uploads\/2021\/06\/Entrez-Flux.jpeg\" alt=\"\" class=\"uag-image-372\" width=\"555\" height=\"300\" title=\"\" loading=\"lazy\"><\/figure><\/div><\/div><\/div><\/div><div class=\"wp-block-uagb-container uagb-block-dd8462cb alignfull uagb-is-root-container\"><div class=\"uagb-container-inner-blocks-wrap\"><div class=\"wp-block-uagb-container uagb-block-b7b9b8e8\"><div class=\"wp-block-uagb-image uagb-block-55b4268f wp-block-uagb-image--layout-default wp-block-uagb-image--effect-static wp-block-uagb-image--align-none\"><figure class=\"wp-block-uagb-image__figure\"><img decoding=\"async\" srcset=\"https:\/\/www.directimpactsolutions.com\/wp-content\/uploads\/2022\/02\/Claris-Ecran-Flux-new.png\n \" sizes=\"auto, (max-width: 480px) 150px\" src=\"https:\/\/www.directimpactsolutions.com\/wp-content\/uploads\/2022\/02\/Claris-Ecran-Flux-new.png\" alt=\"\" class=\"uag-image-6065\" width=\"555\" height=\"300\" title=\"\" loading=\"lazy\"><\/figure><\/div><\/div>\n\n<div class=\"wp-block-uagb-container uagb-block-1c104361\"><div class=\"inherit-container-width wp-block-group is-layout-constrained wp-block-group-is-layout-constrained\"><h2 class=\"wp-block-heading has-ast-global-color-2-color has-text-color\" style=\"font-size:28px\">Automatisation des flux de travail<\/h2>\n\n<p>Avec Claris Connect, vous n\u2019avez pas besoin de coder pour connecter vos apps les unes aux autres. Si vous avez besoin de coder, les puissants outils pour d\u00e9veloppeurs professionnels permettent de concevoir des flux de travail complexes et personnalis\u00e9s. Si vous avez besoin de coder, les puissants outils pour d\u00e9veloppeurs professionnels permettent de concevoir des flux de travail complexes et personnalis\u00e9s. Lesdits outils comprennent des utilitaires, approbations d\u2019e-mails et webhooks pour l\u2019int\u00e9gration d\u2019API personnalis\u00e9es, une gestion des erreurs et logique conditionnelle pour le contr\u00f4le des flux, ainsi qu\u2019un historique int\u00e9gr\u00e9 et la cr\u00e9ation de versions pour le suivi des modifications et le d\u00e9pannage.   <\/p>\n\n<p><a href=\"https:\/\/www.directimpactsolutions.com\/fr\/contact\/\">Parlez-nous de votre projet &gt;&gt;<\/a><\/p><\/div><\/div><\/div><\/div><div style=\"height:80px\" aria-hidden=\"true\" class=\"wp-block-spacer\"><\/div><h2 class=\"wp-block-heading\" style=\"font-style:normal;font-weight:400\">FAQ Claris Connect<\/h2><div class=\"wp-block-uagb-faq uagb-faq__outer-wrap uagb-block-ec58526a uagb-faq-icon-row uagb-faq-layout-accordion uagb-faq-expand-first-true uagb-faq-inactive-other-true uagb-faq__wrap uagb-buttons-layout-wrap uagb-faq-equal-height     \" data-faqtoggle=\"true\" role=\"tablist\"><div class=\"wp-block-uagb-faq-child uagb-faq-child__outer-wrap uagb-faq-item uagb-block-78a0697a \" role=\"tab\" tabindex=\"0\"><div class=\"uagb-faq-questions-button uagb-faq-questions\">\t\t\t<span class=\"uagb-icon uagb-faq-icon-wrap\">\n\t\t\t\t\t\t\t\t<svg xmlns=\"https:\/\/www.w3.org\/2000\/svg\" viewBox= \"0 0 448 512\"><path d=\"M432 256c0 17.69-14.33 32.01-32 32.01H256v144c0 17.69-14.33 31.99-32 31.99s-32-14.3-32-31.99v-144H48c-17.67 0-32-14.32-32-32.01s14.33-31.99 32-31.99H192v-144c0-17.69 14.33-32.01 32-32.01s32 14.32 32 32.01v144h144C417.7 224 432 238.3 432 256z\"><\/path><\/svg>\n\t\t\t\t\t\t\t<\/span>\n\t\t\t\t\t\t<span class=\"uagb-icon-active uagb-faq-icon-wrap\">\n\t\t\t\t\t\t\t\t<svg xmlns=\"https:\/\/www.w3.org\/2000\/svg\" viewBox= \"0 0 448 512\"><path d=\"M400 288h-352c-17.69 0-32-14.32-32-32.01s14.31-31.99 32-31.99h352c17.69 0 32 14.3 32 31.99S417.7 288 400 288z\"><\/path><\/svg>\n\t\t\t\t\t\t\t<\/span>\n\t\t\t<span class=\"uagb-question\"><strong>What are the top benefits of using Claris Connect for your organization?<\/strong><\/span><\/div><div class=\"uagb-faq-content\"><p>Claris Connect offers a range of benefits that can help organizations improve their efficiency, streamline processes, and enhance collaboration. Some of the top benefits include:<br><br><strong>Workflow automation:<\/strong> Claris Connect allows you to automate repetitive tasks, which can save time and reduce manual errors.<br><br><strong>Seamless integration:<\/strong> With its extensive library of connectors, Claris Connect enables seamless integration with popular apps and services, allowing you to create end-to-end workflows without any coding.<br><br><strong>Scalability:<\/strong> The platform is designed to scale with your organization&rsquo;s growth, making it an ideal solution for both small businesses and large enterprises.<br><br><strong>Customization:<\/strong> Claris Connect offers a user-friendly interface that allows you to create custom workflows tailored to your specific needs.<\/p><\/div><\/div><div class=\"wp-block-uagb-faq-child uagb-faq-child__outer-wrap uagb-faq-item uagb-block-d79214e1 \" role=\"tab\" tabindex=\"0\"><div class=\"uagb-faq-questions-button uagb-faq-questions\">\t\t\t<span class=\"uagb-icon uagb-faq-icon-wrap\">\n\t\t\t\t\t\t\t\t<svg xmlns=\"https:\/\/www.w3.org\/2000\/svg\" viewBox= \"0 0 448 512\"><path d=\"M432 256c0 17.69-14.33 32.01-32 32.01H256v144c0 17.69-14.33 31.99-32 31.99s-32-14.3-32-31.99v-144H48c-17.67 0-32-14.32-32-32.01s14.33-31.99 32-31.99H192v-144c0-17.69 14.33-32.01 32-32.01s32 14.32 32 32.01v144h144C417.7 224 432 238.3 432 256z\"><\/path><\/svg>\n\t\t\t\t\t\t\t<\/span>\n\t\t\t\t\t\t<span class=\"uagb-icon-active uagb-faq-icon-wrap\">\n\t\t\t\t\t\t\t\t<svg xmlns=\"https:\/\/www.w3.org\/2000\/svg\" viewBox= \"0 0 448 512\"><path d=\"M400 288h-352c-17.69 0-32-14.32-32-32.01s14.31-31.99 32-31.99h352c17.69 0 32 14.3 32 31.99S417.7 288 400 288z\"><\/path><\/svg>\n\t\t\t\t\t\t\t<\/span>\n\t\t\t<span class=\"uagb-question\"><strong>How does Claris Connect integrate with other popular apps and services?<\/strong><\/span><\/div><div class=\"uagb-faq-content\"><p>Claris Connect integrates with a wide range of popular apps and services, including CRM systems, project management tools, communication platforms, and more. Integration is made possible through connectors, which are pre-built modules designed to facilitate communication between different apps. This means you can create workflows that span across multiple apps without the need for any coding. Some popular apps that Claris Connect integrates with are Salesforce, Slack, Trello, Google Sheets, Mailchimp, and many others.<\/p><\/div><\/div><div class=\"wp-block-uagb-faq-child uagb-faq-child__outer-wrap uagb-faq-item uagb-block-d41b3c08 \" role=\"tab\" tabindex=\"0\"><div class=\"uagb-faq-questions-button uagb-faq-questions\">\t\t\t<span class=\"uagb-icon uagb-faq-icon-wrap\">\n\t\t\t\t\t\t\t\t<svg xmlns=\"https:\/\/www.w3.org\/2000\/svg\" viewBox= \"0 0 448 512\"><path d=\"M432 256c0 17.69-14.33 32.01-32 32.01H256v144c0 17.69-14.33 31.99-32 31.99s-32-14.3-32-31.99v-144H48c-17.67 0-32-14.32-32-32.01s14.33-31.99 32-31.99H192v-144c0-17.69 14.33-32.01 32-32.01s32 14.32 32 32.01v144h144C417.7 224 432 238.3 432 256z\"><\/path><\/svg>\n\t\t\t\t\t\t\t<\/span>\n\t\t\t\t\t\t<span class=\"uagb-icon-active uagb-faq-icon-wrap\">\n\t\t\t\t\t\t\t\t<svg xmlns=\"https:\/\/www.w3.org\/2000\/svg\" viewBox= \"0 0 448 512\"><path d=\"M400 288h-352c-17.69 0-32-14.32-32-32.01s14.31-31.99 32-31.99h352c17.69 0 32 14.3 32 31.99S417.7 288 400 288z\"><\/path><\/svg>\n\t\t\t\t\t\t\t<\/span>\n\t\t\t<span class=\"uagb-question\"><strong>How customizable are the workflows in Claris Connect?<\/strong><\/span><\/div><div class=\"uagb-faq-content\"><p>Prebuilt workflows in Claris Connect are somewhat customizable, allowing you to tailor them to your organization&rsquo;s specific needs. The platform offers a user-friendly, drag-and-drop interface that enables you to create, modify, and manage workflows with ease. You can define triggers, actions, and conditions for each step of the workflow, ensuring that your processes are as streamlined and efficient as possible. Additionally, with the availability of numerous connectors, you can integrate a wide range of apps and services into your workflows, making them even more versatile and powerful.<\/p><\/div><\/div><\/div><div style=\"height:80px\" aria-hidden=\"true\" class=\"wp-block-spacer\"><\/div><div class=\"wp-block-uagb-container uagb-block-41d7b7a4 alignfull uagb-is-root-container\"><div class=\"uagb-container-inner-blocks-wrap\"><\/div><\/div>","protected":false},"excerpt":{"rendered":"<p>Claris Connect Claris Connect est une plateforme d\u2019int\u00e9gration bas\u00e9e dans le cloud qui permet d\u2019automatiser les flux de travail en connectant des applications entre elles, sans programmation complexe. Les flux sont \u00e0 l\u2019origine de la transformation num\u00e9rique. Lib\u00e9rez-vous des contraintes impos\u00e9es par vos diff\u00e9rentes applications. Rassemblez toutes celles que vous utilisez au quotidien et cr\u00e9ez &hellip;<\/p>\n<p class=\"read-more\"> <a class=\"\" href=\"https:\/\/www.directimpactsolutions.com\/fr\/claris-connect\/\"> <span class=\"screen-reader-text\">Claris Connect<\/span> Lire la suite >><\/a><\/p>\n","protected":false},"author":2,"featured_media":0,"parent":0,"menu_order":0,"comment_status":"closed","ping_status":"closed","template":"","meta":{"inline_featured_image":false,"_uag_custom_page_level_css":"","site-sidebar-layout":"default","site-content-layout":"","ast-site-content-layout":"default","site-content-style":"default","site-sidebar-style":"default","ast-global-header-display":"","ast-banner-title-visibility":"","ast-main-header-display":"","ast-hfb-above-header-display":"","ast-hfb-below-header-display":"","ast-hfb-mobile-header-display":"","site-post-title":"disabled","ast-breadcrumbs-content":"","ast-featured-img":"","footer-sml-layout":"","theme-transparent-header-meta":"","adv-header-id-meta":"","stick-header-meta":"","header-above-stick-meta":"","header-main-stick-meta":"","header-below-stick-meta":"","astra-migrate-meta-layouts":"","footnotes":""},"class_list":["post-1236","page","type-page","status-publish","hentry"],"uagb_featured_image_src":{"full":false,"thumbnail":false,"medium":false,"medium_large":false,"large":false,"1536x1536":false,"2048x2048":false,"woocommerce_thumbnail":false,"woocommerce_single":false,"woocommerce_gallery_thumbnail":false},"uagb_author_info":{"display_name":"Eleanor Fulton","author_link":"https:\/\/www.directimpactsolutions.com\/fr\/author\/eleanor-fulton\/"},"uagb_comment_info":0,"uagb_excerpt":"Claris Connect Claris Connect est une plateforme d\u2019int\u00e9gration bas\u00e9e dans le cloud qui permet d\u2019automatiser les flux de travail en connectant des applications entre elles, sans programmation complexe. Les flux sont \u00e0 l\u2019origine de la transformation num\u00e9rique. Lib\u00e9rez-vous des contraintes impos\u00e9es par vos diff\u00e9rentes applications. Rassemblez toutes celles que vous utilisez au quotidien et cr\u00e9ez\u2026","_links":{"self":[{"href":"https:\/\/www.directimpactsolutions.com\/fr\/wp-json\/wp\/v2\/pages\/1236","targetHints":{"allow":["GET"]}}],"collection":[{"href":"https:\/\/www.directimpactsolutions.com\/fr\/wp-json\/wp\/v2\/pages"}],"about":[{"href":"https:\/\/www.directimpactsolutions.com\/fr\/wp-json\/wp\/v2\/types\/page"}],"author":[{"embeddable":true,"href":"https:\/\/www.directimpactsolutions.com\/fr\/wp-json\/wp\/v2\/users\/2"}],"replies":[{"embeddable":true,"href":"https:\/\/www.directimpactsolutions.com\/fr\/wp-json\/wp\/v2\/comments?post=1236"}],"version-history":[{"count":57,"href":"https:\/\/www.directimpactsolutions.com\/fr\/wp-json\/wp\/v2\/pages\/1236\/revisions"}],"predecessor-version":[{"id":20131,"href":"https:\/\/www.directimpactsolutions.com\/fr\/wp-json\/wp\/v2\/pages\/1236\/revisions\/20131"}],"wp:attachment":[{"href":"https:\/\/www.directimpactsolutions.com\/fr\/wp-json\/wp\/v2\/media?parent=1236"}],"curies":[{"name":"wp","href":"https:\/\/api.w.org\/{rel}","templated":true}]}}