{"id":12466,"date":"2023-05-27T14:49:11","date_gmt":"2023-05-27T14:49:11","guid":{"rendered":"https:\/\/www.directimpactsolutions.com\/service-de-developpement-ontario\/"},"modified":"2024-06-30T02:37:53","modified_gmt":"2024-06-30T02:37:53","slug":"service-de-developpement-ontario","status":"publish","type":"page","link":"https:\/\/www.directimpactsolutions.com\/fr\/service-de-developpement-ontario\/","title":{"rendered":"Service de d\u00e9veloppement Ontario"},"content":{"rendered":"<div class=\"wp-block-uagb-container uagb-block-cc880fa9 alignfull uagb-is-root-container\"><div class=\"uagb-container__shape uagb-container__shape-bottom uagb-container__invert\" data-negative=\"false\"><svg xmlns=\"https:\/\/www.w3.org\/2000\/svg\" viewBox=\"0 0 1000 100\" preserveAspectRatio=\"none\"><path class=\"uagb-container__shape-fill\" d=\"M500,98.9L0,6.1V0h1000v6.1L500,98.9z\"><\/path><\/svg><\/div><div class=\"uagb-container-inner-blocks-wrap\"><div style=\"height:20px\" aria-hidden=\"true\" class=\"wp-block-spacer\"><\/div>\n\n<h1 class=\"wp-block-heading has-ast-global-color-1-color has-text-color\" style=\"font-style:normal;font-weight:400\">D\u00e9veloppeur d&rsquo;applications Ontario<\/h1>\n\n<p class=\"has-ast-global-color-1-color has-text-color\">D\u00e9veloppement de logiciels en Ontario | Notre \u00e9quipe de l&rsquo;Ontario peut r\u00e9pondre \u00e0 tous vos besoins en mati\u00e8re de d\u00e9veloppement d&rsquo;applications low-code et de d\u00e9veloppement Web.<\/p>\n\n<div style=\"height:40px\" aria-hidden=\"true\" class=\"wp-block-spacer\"><\/div><\/div><\/div><div style=\"height:80px\" aria-hidden=\"true\" class=\"wp-block-spacer\"><\/div><div class=\"wp-block-uagb-container uagb-block-91af0948 alignfull uagb-is-root-container\"><div class=\"uagb-container-inner-blocks-wrap\"><div class=\"wp-block-uagb-container uagb-block-665fc560\"><div class=\"wp-block-uagb-image uagb-block-2b4158a5 wp-block-uagb-image--layout-default wp-block-uagb-image--effect-static wp-block-uagb-image--align-none\"><figure class=\"wp-block-uagb-image__figure\"><img decoding=\"async\" srcset=\"https:\/\/www.directimpactsolutions.com\/wp-content\/uploads\/2023\/05\/Map_CorporateOffices.jpg \" sizes=\"auto, (max-width: 480px) 150px\" src=\"https:\/\/www.directimpactsolutions.com\/wp-content\/uploads\/2023\/05\/Map_CorporateOffices.jpg\" alt=\"\" class=\"uag-image-11453\" width=\"500\" height=\"500\" title=\"\" loading=\"lazy\"\/><\/figure><\/div><\/div>\n\n<div class=\"wp-block-uagb-container uagb-block-ddd2b06f\"><p class=\"has-ast-global-color-6-color has-text-color has-medium-font-size\">We don\u2019t use outsourcing to meet our development needs. We have developers proudly located in the U.S., Canada and France.<\/p><\/div><\/div><\/div><div style=\"height:80px\" aria-hidden=\"true\" class=\"wp-block-spacer\"><\/div><h2 class=\"wp-block-heading\" style=\"font-style:normal;font-weight:400\">D\u00e9veloppeur low-code en Ontario<\/h2><div class=\"wp-block-uagb-container uagb-block-ff180baf alignfull uagb-is-root-container\"><div class=\"uagb-container-inner-blocks-wrap\"><div class=\"wp-block-uagb-container uagb-block-da0d3ff2\"><div class=\"inherit-container-width wp-block-group is-layout-constrained wp-block-group-is-layout-constrained\"><div class=\"inherit-container-width wp-block-group is-layout-constrained wp-block-group-is-layout-constrained\"><div class=\"inherit-container-width wp-block-group is-layout-constrained wp-block-group-is-layout-constrained\"><p>Le terme de d\u00e9veloppement \u00ab Low-code \u00bb est un terme qui englobe la cr\u00e9ation de logiciels avec un effort de codage minimal. Il utilise une interface graphique conviviale pour d\u00e9velopper des applications, r\u00e9duisant ainsi le besoin de connaissances approfondies en code. Les plateformes low-code offrent un environnement glisser-d\u00e9poser hautement visuel et interactif, permettant aux d\u00e9veloppeurs de cr\u00e9er des applications rapidement et facilement.<\/p>\n\n<p>Le d\u00e9veloppement low-code conna\u00eet un regain de popularit\u00e9 alors que de plus en plus d&rsquo;organisations cherchent des moyens d&rsquo;acc\u00e9l\u00e9rer leur processus de d\u00e9veloppement d&rsquo;applications et d&rsquo;att\u00e9nuer leur d\u00e9pendance \u00e0 l&rsquo;\u00e9gard de ressources informatiques limit\u00e9es. Forrester, une soci\u00e9t\u00e9 d&rsquo;\u00e9tudes de march\u00e9 de premier plan, pr\u00e9dit que le march\u00e9 mondial du low-code atteindra 15,5 milliards de dollars d&rsquo;ici 2024, soit un bond consid\u00e9rable par rapport aux 4,8 milliards de dollars de 2019.<\/p>\n\n<p>Notre bassin talentueux de d\u00e9veloppeurs <a href=\"https:\/\/www.directimpactsolutions.com\/fr\/applications-web\/\" data-type=\"URL\" data-id=\"https:\/\/www.directimpactsolutions.com\/en\/web-applications\/\">Web<\/a> et low-code en Ontario alimente cette trajectoire de croissance. Nous assistons \u00e0 une tendance selon laquelle les organisations de tous les secteurs se tournent vers des plateformes low-code pour d\u00e9velopper des applications personnalis\u00e9es avec une vitesse et une efficacit\u00e9 optimales. <\/p>\n\n<p>Nos plateformes low-code pr\u00e9f\u00e9r\u00e9es comprennent <a href=\"https:\/\/www.directimpactsolutions.com\/fr\/claris-filemaker\/\">Claris FileMaker<\/a>, <a href=\"https:\/\/www.directimpactsolutions.com\/fr\/outsystems\/\">OutSystems<\/a> et <a href=\"\/en\/ttoca-io\/\">Toca.io<\/a>. <a href=\"https:\/\/www.directimpactsolutions.com\/fr\/contact\/\">Contactez-nous<\/a> d\u00e8s aujourd&rsquo;hui pour savoir laquelle r\u00e9pond le mieux \u00e0 vos besoins en mati\u00e8re d&rsquo;applications. N&rsquo;h\u00e9sitez pas \u00e0 nous contacter d\u00e8s aujourd&rsquo;hui pour trouver la plateforme adapt\u00e9e aux besoins de votre application.<\/p><\/div><\/div><\/div><\/div>\n\n<div class=\"wp-block-uagb-container uagb-block-c30786a7\"><figure class=\"wp-block-image size-large is-resized\"><img loading=\"lazy\" decoding=\"async\" src=\"https:\/\/www.directimpactsolutions.com\/wp-content\/uploads\/2023\/05\/ontario-developers-1024x767.webp\" alt=\"D&#xE9;veloppeur low-code en Ontario\" class=\"wp-image-12454\" width=\"780\" height=\"583\" srcset=\"https:\/\/www.directimpactsolutions.com\/wp-content\/uploads\/2023\/05\/ontario-developers-1024x767.webp 1024w, https:\/\/www.directimpactsolutions.com\/wp-content\/uploads\/2023\/05\/ontario-developers-300x225.webp 300w, https:\/\/www.directimpactsolutions.com\/wp-content\/uploads\/2023\/05\/ontario-developers-1536x1151.webp 1536w\" sizes=\"auto, (max-width: 780px) 100vw, 780px\" \/><\/figure><\/div><\/div><\/div><div style=\"height:80px\" aria-hidden=\"true\" class=\"wp-block-spacer\"><\/div><h2 class=\"wp-block-heading\" style=\"font-style:normal;font-weight:400\">D\u00e9veloppement Web Ontario<\/h2><div class=\"wp-block-uagb-container uagb-block-7d240919 alignfull uagb-is-root-container\"><div class=\"uagb-container-inner-blocks-wrap\"><div class=\"wp-block-uagb-container uagb-block-a54c2e71\"><div class=\"wp-block-uagb-image uagb-block-a749f72f wp-block-uagb-image--layout-default wp-block-uagb-image--effect-static wp-block-uagb-image--align-none\"><figure class=\"wp-block-uagb-image__figure\"><img decoding=\"async\" srcset=\"https:\/\/www.directimpactsolutions.com\/wp-content\/uploads\/2023\/05\/app-developer-ontario-1024x683.webp  \" sizes=\"auto, (max-width: 480px) 150px\" src=\"https:\/\/www.directimpactsolutions.com\/wp-content\/uploads\/2023\/05\/app-developer-ontario-1024x683.webp\" alt=\"D\u00e9veloppement Web Ontario\" class=\"uag-image-12461\" width=\"1024\" height=\"683\" title=\"\" loading=\"lazy\"><\/figure><\/div><\/div>\n\n<div class=\"wp-block-uagb-container uagb-block-35ada7c0\"><div class=\"inherit-container-width wp-block-group is-layout-constrained wp-block-group-is-layout-constrained\"><div class=\"inherit-container-width wp-block-group is-layout-constrained wp-block-group-is-layout-constrained\"><div class=\"inherit-container-width wp-block-group is-layout-constrained wp-block-group-is-layout-constrained\"><p>Notre \u00e9quipe de d\u00e9veloppeurs de l&rsquo;Ontario est n\u00e9e de l&rsquo;acquisition de <a href=\"https:\/\/www.directimpactsolutions.com\/fr\/core-solutions\/\">CoreSolutions<\/a> en 2020. Cette acquisition nous a permis de nous lancer dans le d\u00e9veloppement de sites Web. Cette partie de notre activit\u00e9 a connu une croissance consid\u00e9rable, ouvrant la voie \u00e0 de nombreux projets et applications r\u00e9volutionnaires.<\/p>\n\n<p>Confiez votre projet \u00e0 notre \u00e9quipe de d\u00e9veloppeurs chevronn\u00e9s et vous ne regarderez plus en arri\u00e8re. Nous poss\u00e9dons une connaissance approfondie du d\u00e9veloppement <a href=\"https:\/\/www.directimpactsolutions.com\/fr\/laravel\/\" data-type=\"URL\" data-id=\"\/en\/laravel\/\">Laravel<\/a>, ce qui fait de nous un candidat solide pour votre prochain projet de d\u00e9veloppement. Notre portefeuille s&rsquo;\u00e9tend des sites Web compacts aux syst\u00e8mes d&rsquo;entreprise \u00e9tendus, et nous sommes toujours d\u00e9sireux de relever de nouveaux d\u00e9fis. <a href=\"https:\/\/www.directimpactsolutions.com\/fr\/contact\/\">Contactez-nous<\/a> d\u00e8s aujourd&rsquo;hui pour d\u00e9marrer votre prochain projet de d\u00e9veloppement logiciel. Chez Direct Impact Solutions, notre <a href=\"https:\/\/www.directimpactsolutions.com\/fr\/equipe\/\">\u00e9quipe<\/a> de d\u00e9veloppeurs talentueux est compos\u00e9e d&rsquo;experts dans leur domaine. Ils sont passionn\u00e9s par le <a href=\"https:\/\/www.directimpactsolutions.com\/fr\/temoignages\/\">d\u00e9veloppement de solutions<\/a> innovantes qui r\u00e9pondent aux besoins de nos clients.<\/p>\n\n<p>Nous sommes aussi pr\u00e9semnts en <a href=\"https:\/\/www.directimpactsolutions.com\/en\/app-development-california\/\" data-type=\"URL\" data-id=\"https:\/\/www.directimpactsolutions.com\/en\/app-development-california\/\">California<\/a>, \u00e0 <a href=\"https:\/\/www.directimpactsolutions.com\/en\/app-developers-los-angeles\/\" data-type=\"URL\" data-id=\"https:\/\/www.directimpactsolutions.com\/en\/app-developers-los-angeles\/\">Los Angeles<\/a>, <a href=\"https:\/\/www.directimpactsolutions.com\/en\/app-developers-san-francisco\/\" data-type=\"URL\" data-id=\"https:\/\/www.directimpactsolutions.com\/en\/app-developers-san-francisco\/\">San Francisco<\/a>, <a href=\"https:\/\/www.directimpactsolutions.com\/fr\/new-york\/\" data-type=\"URL\" data-id=\"https:\/\/www.directimpactsolutions.com\/en\/new-york\/\">New York<\/a>, <a href=\"https:\/\/www.directimpactsolutions.com\/en\/app-developers-boston\/\" data-type=\"URL\" data-id=\"https:\/\/www.directimpactsolutions.com\/en\/app-developers-boston\/\">Boston<\/a>, <a href=\"https:\/\/www.directimpactsolutions.com\/fr\/montreal\/\" data-type=\"URL\" data-id=\"https:\/\/www.directimpactsolutions.com\/en\/application-developers-montreal\/\">Montreal<\/a> et <a href=\"https:\/\/www.directimpactsolutions.com\/fr\/?page_id=12729\" data-type=\"URL\" data-id=\"https:\/\/www.directimpactsolutions.com\/en\/custom-software-development-toronto\/\">Toronto<\/a>.<\/p><\/div><\/div><\/div><\/div><\/div><\/div><div style=\"height:80px\" aria-hidden=\"true\" class=\"wp-block-spacer\"><\/div><div class=\"wp-block-uagb-faq uagb-faq__outer-wrap uagb-block-4543db8e uagb-faq-icon-row uagb-faq-layout-accordion uagb-faq-expand-first-true uagb-faq-inactive-other-true uagb-faq__wrap uagb-buttons-layout-wrap uagb-faq-equal-height     \" data-faqtoggle=\"true\" role=\"tablist\"><div class=\"wp-block-uagb-faq-child uagb-faq-child__outer-wrap uagb-faq-item uagb-block-c38d21cc \" role=\"tab\" tabindex=\"0\"><div class=\"uagb-faq-questions-button uagb-faq-questions\">\t\t\t<span class=\"uagb-icon uagb-faq-icon-wrap\">\n\t\t\t\t\t\t\t\t<svg xmlns=\"https:\/\/www.w3.org\/2000\/svg\" viewBox= \"0 0 448 512\"><path d=\"M432 256c0 17.69-14.33 32.01-32 32.01H256v144c0 17.69-14.33 31.99-32 31.99s-32-14.3-32-31.99v-144H48c-17.67 0-32-14.32-32-32.01s14.33-31.99 32-31.99H192v-144c0-17.69 14.33-32.01 32-32.01s32 14.32 32 32.01v144h144C417.7 224 432 238.3 432 256z\"><\/path><\/svg>\n\t\t\t\t\t\t\t<\/span>\n\t\t\t\t\t\t<span class=\"uagb-icon-active uagb-faq-icon-wrap\">\n\t\t\t\t\t\t\t\t<svg xmlns=\"https:\/\/www.w3.org\/2000\/svg\" viewBox= \"0 0 448 512\"><path d=\"M400 288h-352c-17.69 0-32-14.32-32-32.01s14.31-31.99 32-31.99h352c17.69 0 32 14.3 32 31.99S417.7 288 400 288z\"><\/path><\/svg>\n\t\t\t\t\t\t\t<\/span>\n\t\t\t<span class=\"uagb-question\"><strong>Who are the developers at Direct Impact Solutions and where are they located?<\/strong><\/span><\/div><div class=\"uagb-faq-content\"><p>At Direct Impact Solutions, our developers are experts in their field and have a passion for developing innovative software solutions. We do not outsource our development needs; instead, we have a team of developers proudly located in the U.S., Canada, and France. This includes our Ontario team, which includes talented web and low-code developers.<\/p><\/div><\/div><div class=\"wp-block-uagb-faq-child uagb-faq-child__outer-wrap uagb-faq-item uagb-block-9d0743ae \" role=\"tab\" tabindex=\"0\"><div class=\"uagb-faq-questions-button uagb-faq-questions\">\t\t\t<span class=\"uagb-icon uagb-faq-icon-wrap\">\n\t\t\t\t\t\t\t\t<svg xmlns=\"https:\/\/www.w3.org\/2000\/svg\" viewBox= \"0 0 448 512\"><path d=\"M432 256c0 17.69-14.33 32.01-32 32.01H256v144c0 17.69-14.33 31.99-32 31.99s-32-14.3-32-31.99v-144H48c-17.67 0-32-14.32-32-32.01s14.33-31.99 32-31.99H192v-144c0-17.69 14.33-32.01 32-32.01s32 14.32 32 32.01v144h144C417.7 224 432 238.3 432 256z\"><\/path><\/svg>\n\t\t\t\t\t\t\t<\/span>\n\t\t\t\t\t\t<span class=\"uagb-icon-active uagb-faq-icon-wrap\">\n\t\t\t\t\t\t\t\t<svg xmlns=\"https:\/\/www.w3.org\/2000\/svg\" viewBox= \"0 0 448 512\"><path d=\"M400 288h-352c-17.69 0-32-14.32-32-32.01s14.31-31.99 32-31.99h352c17.69 0 32 14.3 32 31.99S417.7 288 400 288z\"><\/path><\/svg>\n\t\t\t\t\t\t\t<\/span>\n\t\t\t<span class=\"uagb-question\"><strong>What low-code platforms do Direct Impact Solutions use for application development?<\/strong><\/span><\/div><div class=\"uagb-faq-content\"><p>Direct Impact Solutions utilizes a variety of low-code platforms for application development to meet the specific needs of our clients. Some of our favorite platforms include Claris FileMaker, OutSystems, and Toca.io. Low-code platforms provide a visual, drag-and-drop environment for creating applications without the need for extensive coding, which can speed up the application development process and reduce reliance on scarce IT resources.<\/p><\/div><\/div><div class=\"wp-block-uagb-faq-child uagb-faq-child__outer-wrap uagb-faq-item uagb-block-7e46e1fa \" role=\"tab\" tabindex=\"0\"><div class=\"uagb-faq-questions-button uagb-faq-questions\">\t\t\t<span class=\"uagb-icon uagb-faq-icon-wrap\">\n\t\t\t\t\t\t\t\t<svg xmlns=\"https:\/\/www.w3.org\/2000\/svg\" viewBox= \"0 0 448 512\"><path d=\"M432 256c0 17.69-14.33 32.01-32 32.01H256v144c0 17.69-14.33 31.99-32 31.99s-32-14.3-32-31.99v-144H48c-17.67 0-32-14.32-32-32.01s14.33-31.99 32-31.99H192v-144c0-17.69 14.33-32.01 32-32.01s32 14.32 32 32.01v144h144C417.7 224 432 238.3 432 256z\"><\/path><\/svg>\n\t\t\t\t\t\t\t<\/span>\n\t\t\t\t\t\t<span class=\"uagb-icon-active uagb-faq-icon-wrap\">\n\t\t\t\t\t\t\t\t<svg xmlns=\"https:\/\/www.w3.org\/2000\/svg\" viewBox= \"0 0 448 512\"><path d=\"M400 288h-352c-17.69 0-32-14.32-32-32.01s14.31-31.99 32-31.99h352c17.69 0 32 14.3 32 31.99S417.7 288 400 288z\"><\/path><\/svg>\n\t\t\t\t\t\t\t<\/span>\n\t\t\t<span class=\"uagb-question\"><strong>What types of web development services does Direct Impact Solutions offer?<\/strong><\/span><\/div><div class=\"uagb-faq-content\"><p>Our Ontario software team, which came from the 2020 acquisition of CoreSolutions, provides a wide range of web development services. This includes Laravel development, a service that we highly recommend considering for your next project. We have experience in everything from small websites to large enterprise systems and always welcome new challenges. Our team works closely with our clients to understand their business requirements and create custom software solutions to meet those needs.<\/p><\/div><\/div><\/div><div style=\"height:80px\" aria-hidden=\"true\" class=\"wp-block-spacer\"><\/div><div class=\"inherit-container-width wp-block-group is-layout-constrained wp-block-group-is-layout-constrained\"><h3 class=\"wp-block-heading has-text-align-center has-ast-global-color-2-color has-text-color\">Have a Project in Mind?<\/h3>\n\n<div class=\"wp-block-buttons is-content-justification-center is-layout-flex wp-container-core-buttons-is-layout-a89b3969 wp-block-buttons-is-layout-flex\"><div class=\"wp-block-button\"><a class=\"wp-block-button__link has-text-align-center wp-element-button\" href=\"https:\/\/www.directimpactsolutions.com\/en\/contact-us\/\">CONTACT US<\/a><\/div><\/div><\/div>","protected":false},"excerpt":{"rendered":"<p>D\u00e9veloppeur d&rsquo;applications Ontario D\u00e9veloppement de logiciels en Ontario | Notre \u00e9quipe de l&rsquo;Ontario peut r\u00e9pondre \u00e0 tous vos besoins en mati\u00e8re de d\u00e9veloppement d&rsquo;applications low-code et de d\u00e9veloppement Web. D\u00e9veloppeur low-code en Ontario Le terme de d\u00e9veloppement \u00ab Low-code \u00bb est un terme qui englobe la cr\u00e9ation de logiciels avec un effort de codage minimal. &hellip;<\/p>\n<p class=\"read-more\"> <a class=\"\" href=\"https:\/\/www.directimpactsolutions.com\/fr\/service-de-developpement-ontario\/\"> <span class=\"screen-reader-text\">Service de d\u00e9veloppement Ontario<\/span> Lire la suite >><\/a><\/p>\n","protected":false},"author":2,"featured_media":0,"parent":0,"menu_order":0,"comment_status":"closed","ping_status":"closed","template":"","meta":{"inline_featured_image":false,"_uag_custom_page_level_css":"","site-sidebar-layout":"default","site-content-layout":"","ast-site-content-layout":"","site-content-style":"default","site-sidebar-style":"default","ast-global-header-display":"","ast-banner-title-visibility":"","ast-main-header-display":"","ast-hfb-above-header-display":"","ast-hfb-below-header-display":"","ast-hfb-mobile-header-display":"","site-post-title":"disabled","ast-breadcrumbs-content":"","ast-featured-img":"","footer-sml-layout":"","theme-transparent-header-meta":"","adv-header-id-meta":"","stick-header-meta":"","header-above-stick-meta":"","header-main-stick-meta":"","header-below-stick-meta":"","astra-migrate-meta-layouts":"","footnotes":""},"class_list":["post-12466","page","type-page","status-publish","hentry"],"uagb_featured_image_src":{"full":false,"thumbnail":false,"medium":false,"medium_large":false,"large":false,"1536x1536":false,"2048x2048":false,"woocommerce_thumbnail":false,"woocommerce_single":false,"woocommerce_gallery_thumbnail":false},"uagb_author_info":{"display_name":"Eleanor Fulton","author_link":"https:\/\/www.directimpactsolutions.com\/fr\/author\/eleanor-fulton\/"},"uagb_comment_info":0,"uagb_excerpt":"D\u00e9veloppeur d&rsquo;applications Ontario D\u00e9veloppement de logiciels en Ontario | Notre \u00e9quipe de l&rsquo;Ontario peut r\u00e9pondre \u00e0 tous vos besoins en mati\u00e8re de d\u00e9veloppement d&rsquo;applications low-code et de d\u00e9veloppement Web. D\u00e9veloppeur low-code en Ontario Le terme de d\u00e9veloppement \u00ab Low-code \u00bb est un terme qui englobe la cr\u00e9ation de logiciels avec un effort de codage minimal.\u2026","_links":{"self":[{"href":"https:\/\/www.directimpactsolutions.com\/fr\/wp-json\/wp\/v2\/pages\/12466","targetHints":{"allow":["GET"]}}],"collection":[{"href":"https:\/\/www.directimpactsolutions.com\/fr\/wp-json\/wp\/v2\/pages"}],"about":[{"href":"https:\/\/www.directimpactsolutions.com\/fr\/wp-json\/wp\/v2\/types\/page"}],"author":[{"embeddable":true,"href":"https:\/\/www.directimpactsolutions.com\/fr\/wp-json\/wp\/v2\/users\/2"}],"replies":[{"embeddable":true,"href":"https:\/\/www.directimpactsolutions.com\/fr\/wp-json\/wp\/v2\/comments?post=12466"}],"version-history":[{"count":2,"href":"https:\/\/www.directimpactsolutions.com\/fr\/wp-json\/wp\/v2\/pages\/12466\/revisions"}],"predecessor-version":[{"id":17525,"href":"https:\/\/www.directimpactsolutions.com\/fr\/wp-json\/wp\/v2\/pages\/12466\/revisions\/17525"}],"wp:attachment":[{"href":"https:\/\/www.directimpactsolutions.com\/fr\/wp-json\/wp\/v2\/media?parent=12466"}],"curies":[{"name":"wp","href":"https:\/\/api.w.org\/{rel}","templated":true}]}}