{"id":1260,"date":"2021-07-12T19:34:29","date_gmt":"2021-07-12T19:34:29","guid":{"rendered":"https:\/\/blog.directimpact.test-idi.ca\/formation-filemaker\/"},"modified":"2024-08-22T17:44:20","modified_gmt":"2024-08-22T17:44:20","slug":"formation-filemaker","status":"publish","type":"page","link":"https:\/\/www.directimpactsolutions.com\/fr\/formation-filemaker\/","title":{"rendered":"Formation FileMaker"},"content":{"rendered":"<div class=\"wp-block-uagb-container uagb-block-70f39e68 alignfull uagb-is-root-container\"><div class=\"uagb-container__shape uagb-container__shape-bottom uagb-container__invert\" data-negative=\"false\"><svg xmlns=\"https:\/\/www.w3.org\/2000\/svg\" viewBox=\"0 0 1000 100\" preserveAspectRatio=\"none\"><path class=\"uagb-container__shape-fill\" d=\"M500,98.9L0,6.1V0h1000v6.1L500,98.9z\"><\/path><\/svg><\/div><div class=\"uagb-container-inner-blocks-wrap\"><div style=\"height:20px\" aria-hidden=\"true\" class=\"wp-block-spacer\"><\/div>\n\n<h1 class=\"wp-block-heading has-ast-global-color-1-color has-text-color\">Formation FileMaker<\/h1>\n\n<h2 class=\"wp-block-heading has-ast-global-color-1-color has-text-color\" style=\"font-size:16px\">En tant que partenaire Claris de niveau Platine et titulaire de l\u2019accr\u00e9ditation Claris Partner-Trainer, <a href=\"https:\/\/www.directimpactsolutions.com\/fr\/\">Direct Impact Solutions<\/a> offre un programme complet de formation pour vous aider \u00e0 ma\u00eetriser la plateforme Claris FileMaker.<\/h2>\n\n<div style=\"height:40px\" aria-hidden=\"true\" class=\"wp-block-spacer\"><\/div><\/div><\/div><div style=\"height:80px\" aria-hidden=\"true\" class=\"wp-block-spacer\"><\/div><div class=\"wp-block-uagb-container uagb-block-d03debce alignfull uagb-is-root-container\"><div class=\"uagb-container-inner-blocks-wrap\"><div class=\"wp-block-uagb-container uagb-block-4a4be9f8\"><div class=\"wp-block-uagb-image uagb-block-df0e8d89 wp-block-uagb-image--layout-default wp-block-uagb-image--effect-static wp-block-uagb-image--align-none\"><figure class=\"wp-block-uagb-image__figure\"><img decoding=\"async\" srcset=\"https:\/\/www.directimpactsolutions.com\/wp-content\/uploads\/2022\/02\/claris-partner-platinum-noir-1.png \" sizes=\"auto, (max-width: 480px) 150px\" src=\"https:\/\/www.directimpactsolutions.com\/wp-content\/uploads\/2022\/02\/claris-partner-platinum-noir-1.png\" alt=\"Claris Platinum Partner\" class=\"uag-image-5960\" width=\"294\" height=\"77\" title=\"\" loading=\"lazy\" role=\"img\"\/><\/figure><\/div><\/div>\n\n<div class=\"wp-block-uagb-container uagb-block-7b109235\"><p><strong>Nos formateurs certifi\u00e9s FileMaker\u00ae<\/strong> ont l\u2019exp\u00e9rience et les comp\u00e9tences requises pour vous offrir des formations de qualit\u00e9, en fran\u00e7ais et en anglais. Profitez de cette occasion unique de suivre une session de formation avec un expert FileMaker et apprenez comment vous pouvez commencer \u00e0 cr\u00e9er une <a href=\"https:\/\/www.directimpactsolutions.com\/fr\/comment-creer-lapplication-web-sur-mesure-pour-les-besoins-precis-de-votre-entreprise\/\">application web d&rsquo;entreprise<\/a>.<\/p><\/div><\/div><\/div><div class=\"wp-block-uagb-container uagb-block-7ce3586a alignfull uagb-is-root-container\"><div class=\"uagb-container-inner-blocks-wrap\"><div class=\"wp-block-uagb-container uagb-block-2248f988\"><div class=\"wp-block-uagb-info-box uagb-block-2914a3ae uagb-infobox__content-wrap  uagb-infobox-icon-above-title uagb-infobox-image-valign-top\"><div class=\"uagb-ifb-content\"><div class=\"uagb-ifb-icon-wrap\"><svg xmlns=\"https:\/\/www.w3.org\/2000\/svg\" viewBox=\"0 0 384 512\"><path d=\"M0 352c0 88.38 71.63 160 160 160h64c88.38 0 160-71.63 160-160V224H0V352zM176 0H160C71.63 0 0 71.62 0 160v32h176V0zM224 0h-16v192H384V160C384 71.62 312.4 0 224 0z\"><\/path><\/svg><\/div><div class=\"uagb-ifb-title-wrap\"><h3 class=\"uagb-ifb-title\">Classes de formation FileMaker<\/h3><\/div><p class=\"uagb-ifb-desc\">Nous pouvons former une personne ou une \u00e9quipe d&rsquo;utilisateurs. Contactez-nous pour conna\u00eetre les prix.<\/p><\/div><\/div><\/div>\n\n<div class=\"wp-block-uagb-container uagb-block-8ea6efbc\"><div class=\"wp-block-uagb-info-box uagb-block-21321c8b uagb-infobox__content-wrap  uagb-infobox-icon-above-title uagb-infobox-image-valign-top\"><div class=\"uagb-ifb-content\"><div class=\"uagb-ifb-icon-wrap\"><svg xmlns=\"https:\/\/www.w3.org\/2000\/svg\" viewBox=\"0 0 640 512\"><path d=\"M144 48C144 21.49 165.5 0 192 0C218.5 0 240 21.49 240 48C240 74.51 218.5 96 192 96C165.5 96 144 74.51 144 48zM152 512C134.3 512 120 497.7 120 480V256.9L91.43 304.5C82.33 319.6 62.67 324.5 47.52 315.4C32.37 306.3 27.47 286.7 36.58 271.5L94.85 174.6C112.2 145.7 143.4 128 177.1 128H320V48C320 21.49 341.5 .0003 368 .0003H592C618.5 .0003 640 21.49 640 48V272C640 298.5 618.5 320 592 320H368C341.5 320 320 298.5 320 272V224H384V256H576V64H384V128H400C417.7 128 432 142.3 432 160C432 177.7 417.7 192 400 192H264V480C264 497.7 249.7 512 232 512C214.3 512 200 497.7 200 480V352H184V480C184 497.7 169.7 512 152 512L152 512z\"><\/path><\/svg><\/div><div class=\"uagb-ifb-title-wrap\"><h3 class=\"uagb-ifb-title\">S\u00e9ances de coaching priv\u00e9es<\/h3><\/div><p class=\"uagb-ifb-desc\">Profitez de s\u00e9ances de coaching priv\u00e9 adapt\u00e9es \u00e0 vos besoins.<\/p><\/div><\/div><\/div>\n\n<div class=\"wp-block-uagb-container uagb-block-957245b6\"><div class=\"wp-block-uagb-info-box uagb-block-f759c4ab uagb-infobox__content-wrap  uagb-infobox-icon-above-title uagb-infobox-image-valign-top\"><div class=\"uagb-ifb-content\"><div class=\"uagb-ifb-icon-wrap\"><svg xmlns=\"https:\/\/www.w3.org\/2000\/svg\" viewBox=\"0 0 512 512\"><path d=\"M45.63 79.75L52 81.25v58.5C45 143.9 40 151.3 40 160c0 8.375 4.625 15.38 11.12 19.75L35.5 242C33.75 248.9 37.63 256 43.13 256h41.75c5.5 0 9.375-7.125 7.625-13.1L76.88 179.8C83.38 175.4 88 168.4 88 160c0-8.75-5-16.12-12-20.25V87.13L128 99.63l.001 60.37c0 70.75 57.25 128 128 128s127.1-57.25 127.1-128L384 99.62l82.25-19.87c18.25-4.375 18.25-27 0-31.5l-190.4-46c-13-3-26.62-3-39.63 0l-190.6 46C27.5 52.63 27.5 75.38 45.63 79.75zM359.2 312.8l-103.2 103.2l-103.2-103.2c-69.93 22.3-120.8 87.2-120.8 164.5C32 496.5 47.53 512 66.67 512h378.7C464.5 512 480 496.5 480 477.3C480 400 429.1 335.1 359.2 312.8z\"><\/path><\/svg><\/div><div class=\"uagb-ifb-title-wrap\"><h3 class=\"uagb-ifb-title\">Pr\u00e9paration \u00e0 la certification FileMaker<\/h3><\/div><p class=\"uagb-ifb-desc\">Pr\u00e9parez-vous \u00e0 l\u2019examen de certification FileMaker.<\/p><\/div><\/div><\/div><\/div><\/div><div style=\"height:80px\" aria-hidden=\"true\" class=\"wp-block-spacer\"><\/div><div class=\"wp-block-uagb-advanced-heading uagb-block-43831690\"><h2 class=\"uagb-heading-text\">Coaching FileMaker<\/h2><\/div><div class=\"wp-block-uagb-container uagb-block-9120e6d1 alignfull uagb-is-root-container\"><div class=\"uagb-container-inner-blocks-wrap\"><div class=\"wp-block-uagb-container uagb-block-f4587821\"><p style=\"margin-top:0;margin-right:0;margin-bottom:0;margin-left:0\"><strong>Participants<\/strong><\/p>\n\n<p style=\"margin-top:0;margin-right:0;margin-bottom:0;margin-left:0\">Les s\u00e9ances individuelles de coaching s\u2019adressent aux participants de niveau interm\u00e9diaire ou avanc\u00e9 qui souhaitent approfondir leur ma\u00eetrise de la plateforme Claris FileMaker. Le coaching peut toucher n\u2019importe quelle \u00e9tape du d\u00e9veloppement d\u2019une application personnalis\u00e9e, que ce soit la mod\u00e9lisation des donn\u00e9es, les interfaces-utilisateurs (UX\/UI), la programmation, la s\u00e9curit\u00e9 ou le d\u00e9ploiement.<\/p>\n\n<p style=\"margin-top:0;margin-right:0;margin-bottom:0;margin-left:0\"><strong>Description<\/strong><\/p>\n\n<p style=\"margin-top:0;margin-right:0;margin-bottom:0;margin-left:0\">Durant les s\u00e9ances individuelles de coaching, les participants peuvent amener leur application Claris FileMaker et trouver des pistes de solutions aux divers probl\u00e8mes rencontr\u00e9s, avec l&rsquo;aide d&rsquo;un expert attitr\u00e9. Le \u00ab coach \u00bb peut ainsi partager les trucs et astuces qui permettront au participant d&rsquo;acc\u00e9l\u00e9rer son apprentissage de la plateforme ou encore de faciliter la r\u00e9solution de ses probl\u00e8mes sp\u00e9cifiques.<\/p>\n\n<p style=\"margin-top:0;margin-right:0;margin-bottom:0;margin-left:0\"><strong>Pr\u00e9requis<\/strong><\/p>\n\n<p style=\"margin-top:0;margin-right:0;margin-bottom:0;margin-left:0\">Il n&rsquo;y a aucun pr\u00e9alable pour participer \u00e0 une s\u00e9ance individuelle de coaching. Toutefois, nous recommandons que les participants maitrisent toutes les notions abord\u00e9es dans notre classe de niveau interm\u00e9diaire.<\/p>\n\n<p style=\"margin-top:0;margin-right:0;margin-bottom:0;margin-left:0\"><strong>Conditions et modalit\u00e9s<\/strong><\/p>\n\n<p><a href=\"https:\/\/www.directimpactsolutions.com\/wp-content\/uploads\/2024\/08\/DIS-Coaching-FM-FR-2.pdf\">T\u00e9l\u00e9chargezles conditions et modalit\u00e9s de nos s\u00e9ances individuelles de coaching (PDF) >><\/a><\/p><\/div>\n\n<div class=\"wp-block-uagb-container uagb-block-12195f23\"><div class=\"wp-block-uagb-advanced-heading uagb-block-bf226e3d\"><h6 class=\"uagb-heading-text\"><strong>Remplissez le formulaire ci-dessous et nous vous contacterons pour vous aider \u00e0 d\u00e9cider si le coaching individuel FileMaker est la meilleure solution pour vous.<\/strong><\/h6><\/div>\n\n<div class=\"pipedriveWebForms\" data-pd-webforms=\"https:\/\/webforms.pipedrive.com\/f\/1HGLB8FXvjwTxKH79LslrlulqRdVOVFdICgs0DbRxWVIhnmR7rMjr1PZI9AKo1CM3\"><script src=\"https:\/\/webforms.pipedrive.com\/f\/loader\"><\/script><\/div><\/div><\/div><\/div><div style=\"height:80px\" aria-hidden=\"true\" class=\"wp-block-spacer\"><\/div><div style=\"height:80px\" aria-hidden=\"true\" class=\"wp-block-spacer\"><\/div>","protected":false},"excerpt":{"rendered":"<p>Formation FileMaker En tant que partenaire Claris de niveau Platine et titulaire de l\u2019accr\u00e9ditation Claris Partner-Trainer, Direct Impact Solutions offre un programme complet de formation pour vous aider \u00e0 ma\u00eetriser la plateforme Claris FileMaker. Nos formateurs certifi\u00e9s FileMaker\u00ae ont l\u2019exp\u00e9rience et les comp\u00e9tences requises pour vous offrir des formations de qualit\u00e9, en fran\u00e7ais et en &hellip;<\/p>\n<p class=\"read-more\"> <a class=\"\" href=\"https:\/\/www.directimpactsolutions.com\/fr\/formation-filemaker\/\"> <span class=\"screen-reader-text\">Formation FileMaker<\/span> Lire la suite >><\/a><\/p>\n","protected":false},"author":1,"featured_media":0,"parent":0,"menu_order":0,"comment_status":"closed","ping_status":"closed","template":"","meta":{"inline_featured_image":false,"_uag_custom_page_level_css":"","site-sidebar-layout":"default","site-content-layout":"","ast-site-content-layout":"default","site-content-style":"default","site-sidebar-style":"default","ast-global-header-display":"","ast-banner-title-visibility":"","ast-main-header-display":"","ast-hfb-above-header-display":"","ast-hfb-below-header-display":"","ast-hfb-mobile-header-display":"","site-post-title":"disabled","ast-breadcrumbs-content":"","ast-featured-img":"","footer-sml-layout":"","theme-transparent-header-meta":"","adv-header-id-meta":"","stick-header-meta":"","header-above-stick-meta":"","header-main-stick-meta":"","header-below-stick-meta":"","astra-migrate-meta-layouts":"set","footnotes":""},"class_list":["post-1260","page","type-page","status-publish","hentry"],"uagb_featured_image_src":{"full":false,"thumbnail":false,"medium":false,"medium_large":false,"large":false,"1536x1536":false,"2048x2048":false,"woocommerce_thumbnail":false,"woocommerce_single":false,"woocommerce_gallery_thumbnail":false},"uagb_author_info":{"display_name":"idi","author_link":"https:\/\/www.directimpactsolutions.com\/fr\/author\/idi\/"},"uagb_comment_info":0,"uagb_excerpt":"Formation FileMaker En tant que partenaire Claris de niveau Platine et titulaire de l\u2019accr\u00e9ditation Claris Partner-Trainer, Direct Impact Solutions offre un programme complet de formation pour vous aider \u00e0 ma\u00eetriser la plateforme Claris FileMaker. Nos formateurs certifi\u00e9s FileMaker\u00ae ont l\u2019exp\u00e9rience et les comp\u00e9tences requises pour vous offrir des formations de qualit\u00e9, en fran\u00e7ais et en\u2026","_links":{"self":[{"href":"https:\/\/www.directimpactsolutions.com\/fr\/wp-json\/wp\/v2\/pages\/1260","targetHints":{"allow":["GET"]}}],"collection":[{"href":"https:\/\/www.directimpactsolutions.com\/fr\/wp-json\/wp\/v2\/pages"}],"about":[{"href":"https:\/\/www.directimpactsolutions.com\/fr\/wp-json\/wp\/v2\/types\/page"}],"author":[{"embeddable":true,"href":"https:\/\/www.directimpactsolutions.com\/fr\/wp-json\/wp\/v2\/users\/1"}],"replies":[{"embeddable":true,"href":"https:\/\/www.directimpactsolutions.com\/fr\/wp-json\/wp\/v2\/comments?post=1260"}],"version-history":[{"count":201,"href":"https:\/\/www.directimpactsolutions.com\/fr\/wp-json\/wp\/v2\/pages\/1260\/revisions"}],"predecessor-version":[{"id":17995,"href":"https:\/\/www.directimpactsolutions.com\/fr\/wp-json\/wp\/v2\/pages\/1260\/revisions\/17995"}],"wp:attachment":[{"href":"https:\/\/www.directimpactsolutions.com\/fr\/wp-json\/wp\/v2\/media?parent=1260"}],"curies":[{"name":"wp","href":"https:\/\/api.w.org\/{rel}","templated":true}]}}