{"id":1369,"date":"2021-07-13T20:24:01","date_gmt":"2021-07-13T20:24:01","guid":{"rendered":"https:\/\/blog.directimpact.test-idi.ca\/solutions\/"},"modified":"2024-10-01T04:15:53","modified_gmt":"2024-10-01T04:15:53","slug":"solutions","status":"publish","type":"page","link":"https:\/\/www.directimpactsolutions.com\/fr\/solutions\/","title":{"rendered":"Solutions"},"content":{"rendered":"<div class=\"wp-block-uagb-container uagb-block-faaeed40 alignfull uagb-is-root-container\"><div class=\"uagb-container__shape uagb-container__shape-bottom uagb-container__invert\" data-negative=\"false\"><svg xmlns=\"https:\/\/www.w3.org\/2000\/svg\" viewBox=\"0 0 1000 100\" preserveAspectRatio=\"none\"><path class=\"uagb-container__shape-fill\" d=\"M500,98.9L0,6.1V0h1000v6.1L500,98.9z\"><\/path><\/svg><\/div><div class=\"uagb-container-inner-blocks-wrap\"><div style=\"height:20px\" aria-hidden=\"true\" class=\"wp-block-spacer\"><\/div>\n\n<h1 class=\"wp-block-heading has-ast-global-color-1-color has-text-color\" style=\"font-style:normal;font-weight:400\">Apprenez-en plus sur nos solutions FileMaker<\/h1>\n\n<p class=\"has-ast-global-color-1-color has-text-color\" style=\"font-size:16px\">D\u00e9couvrez nos solutions<\/p>\n\n<div style=\"height:40px\" aria-hidden=\"true\" class=\"wp-block-spacer\"><\/div><\/div><\/div><div style=\"height:80px\" aria-hidden=\"true\" class=\"wp-block-spacer\"><\/div><p class=\"has-ast-global-color-0-color has-text-color\" style=\"font-size:16px\"><strong>Gr\u00e2ce \u00e0 nos solutions gratuites, maximisez le potentiel de vos outils collaboratifs.<\/strong> Les solutions, enti\u00e8rement fonctionnelles, peuvent \u00eatre t\u00e9l\u00e9charg\u00e9es et utilis\u00e9es gratuitement, telles quelles, au moyen du logiciel FileMaker Pro ou FileMaker Pro Advanced.<\/p><h2 class=\"wp-block-heading\" style=\"font-style:normal;font-weight:400\">Solutions FileMaker personnalis\u00e9es<\/h2><div class=\"wp-block-uagb-container uagb-block-43110403 alignfull uagb-is-root-container\"><div class=\"uagb-container-inner-blocks-wrap\"><div class=\"wp-block-uagb-container uagb-block-1c9b4e60\"><div class=\"wp-block-uagb-info-box uagb-block-9cdfb134 uagb-infobox__content-wrap  uagb-infobox-icon-above-title uagb-infobox-image-valign-top\"><div class=\"uagb-ifb-content\"><div class=\"uagb-ifb-image-content\"><img decoding=\"async\" src=\"https:\/\/www.directimpactsolutions.com\/wp-content\/uploads\/2021\/06\/fmCyberimpact.jpeg\" alt=\"\" width=\"\" height=\"0\" loading=\"lazy\"\/><\/div><div class=\"uagb-ifb-title-wrap\"><h3 class=\"uagb-ifb-title\">Int\u00e9grez FileMaker avec Cyberimpact<\/h3><\/div><p class=\"uagb-ifb-desc\">Afin de vous permettre de d\u00e9couvrir les capacit\u00e9s de Cyberimpact, Direct Impact Solutions met \u00e0 votre disposition une solution de d\u00e9monstration.<br\/><br\/><a href=\"https:\/\/www.directimpactsolutions.com\/fr\/solutions\/fmcyberimpact\/\">Voir la solution &gt;&gt;<\/a> <\/p><\/div><\/div><\/div>\n\n<div class=\"wp-block-uagb-container uagb-block-db881308\"><div class=\"wp-block-uagb-info-box uagb-block-f1616486 uagb-infobox__content-wrap  uagb-infobox-icon-above-title uagb-infobox-image-valign-top\"><div class=\"uagb-ifb-content\"><div class=\"uagb-ifb-image-content\"><img decoding=\"async\" src=\"https:\/\/www.directimpactsolutions.com\/wp-content\/uploads\/2021\/06\/fmOffice365.jpeg\" width=\"\" height=\"0\" loading=\"lazy\"\/><\/div><div class=\"uagb-ifb-title-wrap\"><h3 class=\"uagb-ifb-title\">Int\u00e9grez FileMaker avec les outils de collaboration d&rsquo;Office365<\/h3><\/div><p class=\"uagb-ifb-desc\">Afin de vous permettre de d\u00e9couvrir les capacit\u00e9s d\u2019Office365 de Microsoft, Direct Impact Solutions met \u00e0 votre disposition une solution de d\u00e9monstration.<br\/><br\/><a href=\"https:\/\/www.directimpactsolutions.com\/fr\/solutions\/fmoffice365\/\">Voir la solution &gt;&gt;<\/a> <\/p><\/div><\/div><\/div>\n\n<div class=\"wp-block-uagb-container uagb-block-2f833924\"><div class=\"wp-block-uagb-info-box uagb-block-b919c26b uagb-infobox__content-wrap  uagb-infobox-icon-above-title uagb-infobox-image-valign-top\"><div class=\"uagb-ifb-content\"><div class=\"uagb-ifb-image-content\"><img decoding=\"async\" src=\"https:\/\/www.directimpactsolutions.com\/wp-content\/uploads\/2023\/04\/Untitled-design-6.png\" width=\"\" height=\"0\" loading=\"lazy\"\/><\/div><div class=\"uagb-ifb-title-wrap\"><h3 class=\"uagb-ifb-title\">fmSearchResults7<\/h3><\/div><p class=\"uagb-ifb-desc\">Recherchez dans l\u2019ensemble de votre base de donn\u00e9es \u00e0 une vitesse incroyable, en utilisant des fonctionnalit\u00e9s qui imite celles d\u2019un moteur de recherche.<br\/><br\/><a href=\"https:\/\/www.directimpactsolutions.com\/en\/solutions\/fmsearch-results-7\/\">Voir la solution &gt;&gt;<\/a> <\/p><\/div><\/div><\/div><\/div><\/div><div class=\"wp-block-uagb-container uagb-block-736f19ba alignfull uagb-is-root-container\"><div class=\"uagb-container-inner-blocks-wrap\"><div class=\"wp-block-uagb-container uagb-block-f81fbcd2\"><div class=\"wp-block-uagb-info-box uagb-block-2178f3cb uagb-infobox__content-wrap  uagb-infobox-icon-above-title uagb-infobox-image-valign-top\"><div class=\"uagb-ifb-content\"><div class=\"uagb-ifb-image-content\"><img decoding=\"async\" src=\"https:\/\/www.directimpactsolutions.com\/wp-content\/uploads\/2023\/05\/fmmapping_1.png\" alt=\"\" width=\"\" height=\"0\" loading=\"lazy\"\/><\/div><div class=\"uagb-ifb-title-wrap\"><h3 class=\"uagb-ifb-title\">fmMapping<\/h3><\/div><p class=\"uagb-ifb-desc\">Ce module FileMaker utilise l\u2019API Maps de Google pour trouver la latitude et la longitude d\u2019un ensemble d\u2019adresses donn\u00e9 (g\u00e9ocodage), puis afficher les marqueurs de ces coordonn\u00e9es sur une seule carte Google.<br\/><br\/><a href=\"https:\/\/www.directimpactsolutions.com\/en\/solutions\/fmmapping\/\">Voir la solution &gt;&gt;<\/a> <\/p><\/div><\/div><\/div>\n\n<div class=\"wp-block-uagb-container uagb-block-1106c555\"><div class=\"wp-block-uagb-info-box uagb-block-83643239 uagb-infobox__content-wrap  uagb-infobox-icon-above-title uagb-infobox-image-valign-top\"><div class=\"uagb-ifb-content\"><div class=\"uagb-ifb-image-content\"><img decoding=\"async\" src=\"https:\/\/www.directimpactsolutions.com\/wp-content\/uploads\/2023\/05\/THX-Wheat.png\" alt=\"\" width=\"\" height=\"0\" loading=\"lazy\"\/><\/div><div class=\"uagb-ifb-title-wrap\"><h3 class=\"uagb-ifb-title\">Th\u00e8mes mobiles THX<\/h3><\/div><p class=\"uagb-ifb-desc\">Ce package de th\u00e8mes comprend cinq th\u00e8mes color\u00e9s interchangeables pour vos applications FileMaker, adapt\u00e9s \u00e0 une utilisation mobile ou de bureau. Il comprend \u00e9galement un script d\u00e9clench\u00e9 qui peut automatiquement activer le zoom pour les utilisateurs iOS ou Desktop.<br\/><a href=\"https:\/\/www.directimpactsolutions.com\/en\/solutions\/thx-mobile-themes\/\">Voir la solution &gt;&gt; &gt;&gt;<\/a><\/p><\/div><\/div><\/div>\n\n<div class=\"wp-block-uagb-container uagb-block-69506c0e\"><div class=\"wp-block-uagb-info-box uagb-block-f4557536 uagb-infobox__content-wrap  uagb-infobox-icon-above-title uagb-infobox-image-valign-top\"><div class=\"uagb-ifb-content\"><div class=\"uagb-ifb-image-content\"><img decoding=\"async\" src=\"https:\/\/www.directimpactsolutions.com\/wp-content\/uploads\/2023\/06\/fmLog.png\" alt=\"\" width=\"\" height=\"0\" loading=\"lazy\"\/><\/div><div class=\"uagb-ifb-title-wrap\"><h3 class=\"uagb-ifb-title\">fmLog 2.0<\/h3><\/div><p class=\"uagb-ifb-desc\">Il s\u2019agit d\u2019un syst\u00e8me de journalisation simple qui peut \u00eatre mis en \u0153uvre en quelques minutes seulement et qui fournit des fonctionnalit\u00e9s puissantes pour le suivi des modifications, des suppressions, des vues, de l\u2019acc\u00e8s \u00e0 votre application et bien plus encore.<br\/><br\/><a href=\"https:\/\/www.directimpactsolutions.com\/en\/fmlog-2-0\/\">Voir la solution &gt;&gt;<\/a> <\/p><\/div><\/div><\/div><\/div><\/div><div class=\"wp-block-uagb-container uagb-block-80ca4a5d alignfull uagb-is-root-container\"><div class=\"uagb-container-inner-blocks-wrap\"><div class=\"wp-block-uagb-container uagb-block-25faa281\"><div class=\"wp-block-uagb-info-box uagb-block-3d163b36 uagb-infobox__content-wrap  uagb-infobox-icon-above-title uagb-infobox-image-valign-top\"><div class=\"uagb-ifb-content\"><div class=\"uagb-ifb-image-content\"><img decoding=\"async\" src=\"https:\/\/www.directimpactsolutions.com\/wp-content\/uploads\/2023\/06\/fmLog2.1addon.png\" alt=\"\" width=\"\" height=\"0\" loading=\"lazy\"\/><\/div><div class=\"uagb-ifb-title-wrap\"><h3 class=\"uagb-ifb-title\">fmLog 2.1 Add-on<\/h3><\/div><p class=\"uagb-ifb-desc\">Disponible en t\u00e9l\u00e9chargement gratuit, fmLog 2.1 est un moyen simple de suivre toutes les modifications au sein de votre solution et est compatible avec la nouvelle fonctionnalit\u00e9 compl\u00e9mentaire de FileMaker 19. Ce module compl\u00e9mentaire ne fonctionne correctement que dans les versions anglaises de FileMaker.<br\/><a href=\"https:\/\/www.directimpactsolutions.com\/en\/solutions\/fmlog-2-1-add-on\/\">Voir la solution &gt;&gt; &gt;&gt;<\/a><\/p><\/div><\/div><\/div>\n\n<div class=\"wp-block-uagb-container uagb-block-0f26b1a5\"><div class=\"wp-block-uagb-info-box uagb-block-d3b2ea2a uagb-infobox__content-wrap  uagb-infobox-icon-above-title uagb-infobox-image-valign-top\"><div class=\"uagb-ifb-content\"><div class=\"uagb-ifb-image-content\"><img decoding=\"async\" src=\"https:\/\/www.directimpactsolutions.com\/wp-content\/uploads\/2023\/06\/fmRR-menu_1-opt.png\" alt=\"\" width=\"\" height=\"0\" loading=\"lazy\"\/><\/div><div class=\"uagb-ifb-title-wrap\"><h3 class=\"uagb-ifb-title\">fmRecentRecords<\/h3><\/div><p class=\"uagb-ifb-desc\">fmRecentRecords vous offre un moyen simple d\u2019ajouter un historique au tableau de bord ou \u00e0 l\u2019\u00e9cran de menu que vos utilisateurs appr\u00e9cieront.<br\/><br\/><a href=\"https:\/\/www.directimpactsolutions.com\/en\/solutions\/fmrecentrecords\/\">Voir la solution &gt;&gt;<\/a> <\/p><\/div><\/div><\/div>\n\n<div class=\"wp-block-uagb-container uagb-block-2c031a8c\"><div class=\"wp-block-uagb-info-box uagb-block-378752e4 uagb-infobox__content-wrap  uagb-infobox-icon-above-title uagb-infobox-image-valign-top\"><div class=\"uagb-ifb-content\"><div class=\"uagb-ifb-image-content\"><img decoding=\"async\" src=\"https:\/\/www.directimpactsolutions.com\/wp-content\/uploads\/2023\/06\/more_enlightened_light.png\" alt=\"\" width=\"\" height=\"0\" loading=\"lazy\"\/><\/div><div class=\"uagb-ifb-title-wrap\"><h3 class=\"uagb-ifb-title\">Th\u00e8me plus clair<\/h3><\/div><p class=\"uagb-ifb-desc\">Cet ensemble de th\u00e8mes comprend deux th\u00e8mes de remplacement pour le th\u00e8me FileMaker Enlightened par d\u00e9faut : un mode clair et un mode sombre.<br\/><br\/><a href=\"https:\/\/www.directimpactsolutions.com\/en\/solutions\/more-enlightened-theme\/\">Voir la solution &gt;&gt;<\/a> <\/p><\/div><\/div><\/div><\/div><\/div><div class=\"wp-block-uagb-container uagb-block-04884d6f alignfull uagb-is-root-container\"><div class=\"uagb-container-inner-blocks-wrap\"><div class=\"wp-block-uagb-container uagb-block-ff7cedb0\"><div class=\"wp-block-uagb-info-box uagb-block-a1f7ccaa uagb-infobox__content-wrap  uagb-infobox-icon-above-title uagb-infobox-image-valign-top\"><div class=\"uagb-ifb-content\"><div class=\"uagb-ifb-image-content\"><img decoding=\"async\" src=\"https:\/\/www.directimpactsolutions.com\/wp-content\/uploads\/2023\/06\/fmRR-menu_1-opt.png\" alt=\"\" width=\"\" height=\"0\" loading=\"lazy\"\/><\/div><div class=\"uagb-ifb-title-wrap\"><h3 class=\"uagb-ifb-title\">LaunchIt<\/h3><\/div><p class=\"uagb-ifb-desc\">LaunchIt est un excellent moyen de partager des solutions avec vos clients. Entrez simplement les informations sur le serveur et le fichier, et lancez-vous !<br\/><a href=\"https:\/\/www.directimpactsolutions.com\/en\/solutions\/launchit\/\">Voir la solution &gt;&gt; &gt;&gt;<\/a><\/p><\/div><\/div><\/div><\/div><\/div><div style=\"height:80px\" aria-hidden=\"true\" class=\"wp-block-spacer\"><\/div><h2 class=\"wp-block-heading\" style=\"font-style:normal;font-weight:400\">Solution FileMaker de formation<\/h2><div class=\"wp-block-uagb-container uagb-block-6f7ae4a4 alignfull uagb-is-root-container\"><div class=\"uagb-container-inner-blocks-wrap\"><div class=\"wp-block-uagb-container uagb-block-c92ebb56\"><div class=\"wp-block-uagb-info-box uagb-block-d1c8a8d3 uagb-infobox__content-wrap  uagb-infobox-icon-above-title uagb-infobox-image-valign-top\"><div class=\"uagb-ifb-content\"><div class=\"uagb-ifb-image-content\"><img decoding=\"async\" src=\"https:\/\/www.directimpactsolutions.com\/wp-content\/uploads\/2021\/07\/learningPath.jpeg\" alt=\"\" width=\"\" height=\"0\" loading=\"lazy\"\/><\/div><div class=\"uagb-ifb-title-wrap\"><h3 class=\"uagb-ifb-title\">Formation et parcours de certification FileMaker<\/h3><\/div><p class=\"uagb-ifb-desc\">Pr\u00e9parez-vous au succ\u00e8s avec notre parcours de certification FileMaker\u00ae.<br\/><br\/><a href=\"https:\/\/www.directimpactsolutions.com\/en\/solutions\/filemaker-certification-learning-path\/\">Voir la solution &gt;&gt;<\/a> <\/p><\/div><\/div><\/div><\/div><\/div>","protected":false},"excerpt":{"rendered":"<p>Apprenez-en plus sur nos solutions FileMaker D\u00e9couvrez nos solutions Gr\u00e2ce \u00e0 nos solutions gratuites, maximisez le potentiel de vos outils collaboratifs. Les solutions, enti\u00e8rement fonctionnelles, peuvent \u00eatre t\u00e9l\u00e9charg\u00e9es et utilis\u00e9es gratuitement, telles quelles, au moyen du logiciel FileMaker Pro ou FileMaker Pro Advanced. Solutions FileMaker personnalis\u00e9es Solution FileMaker de formation<\/p>\n","protected":false},"author":1,"featured_media":0,"parent":0,"menu_order":0,"comment_status":"closed","ping_status":"closed","template":"","meta":{"inline_featured_image":false,"_uag_custom_page_level_css":"","site-sidebar-layout":"default","site-content-layout":"","ast-site-content-layout":"default","site-content-style":"default","site-sidebar-style":"default","ast-global-header-display":"","ast-banner-title-visibility":"","ast-main-header-display":"","ast-hfb-above-header-display":"","ast-hfb-below-header-display":"","ast-hfb-mobile-header-display":"","site-post-title":"disabled","ast-breadcrumbs-content":"","ast-featured-img":"","footer-sml-layout":"","theme-transparent-header-meta":"","adv-header-id-meta":"","stick-header-meta":"","header-above-stick-meta":"","header-main-stick-meta":"","header-below-stick-meta":"","astra-migrate-meta-layouts":"","footnotes":""},"class_list":["post-1369","page","type-page","status-publish","hentry"],"uagb_featured_image_src":{"full":false,"thumbnail":false,"medium":false,"medium_large":false,"large":false,"1536x1536":false,"2048x2048":false,"woocommerce_thumbnail":false,"woocommerce_single":false,"woocommerce_gallery_thumbnail":false},"uagb_author_info":{"display_name":"idi","author_link":"https:\/\/www.directimpactsolutions.com\/fr\/author\/idi\/"},"uagb_comment_info":0,"uagb_excerpt":"Apprenez-en plus sur nos solutions FileMaker D\u00e9couvrez nos solutions Gr\u00e2ce \u00e0 nos solutions gratuites, maximisez le potentiel de vos outils collaboratifs. Les solutions, enti\u00e8rement fonctionnelles, peuvent \u00eatre t\u00e9l\u00e9charg\u00e9es et utilis\u00e9es gratuitement, telles quelles, au moyen du logiciel FileMaker Pro ou FileMaker Pro Advanced. Solutions FileMaker personnalis\u00e9es Solution FileMaker de formation","_links":{"self":[{"href":"https:\/\/www.directimpactsolutions.com\/fr\/wp-json\/wp\/v2\/pages\/1369","targetHints":{"allow":["GET"]}}],"collection":[{"href":"https:\/\/www.directimpactsolutions.com\/fr\/wp-json\/wp\/v2\/pages"}],"about":[{"href":"https:\/\/www.directimpactsolutions.com\/fr\/wp-json\/wp\/v2\/types\/page"}],"author":[{"embeddable":true,"href":"https:\/\/www.directimpactsolutions.com\/fr\/wp-json\/wp\/v2\/users\/1"}],"replies":[{"embeddable":true,"href":"https:\/\/www.directimpactsolutions.com\/fr\/wp-json\/wp\/v2\/comments?post=1369"}],"version-history":[{"count":36,"href":"https:\/\/www.directimpactsolutions.com\/fr\/wp-json\/wp\/v2\/pages\/1369\/revisions"}],"predecessor-version":[{"id":18453,"href":"https:\/\/www.directimpactsolutions.com\/fr\/wp-json\/wp\/v2\/pages\/1369\/revisions\/18453"}],"wp:attachment":[{"href":"https:\/\/www.directimpactsolutions.com\/fr\/wp-json\/wp\/v2\/media?parent=1369"}],"curies":[{"name":"wp","href":"https:\/\/api.w.org\/{rel}","templated":true}]}}