{"id":1376,"date":"2021-07-13T20:38:05","date_gmt":"2021-07-13T20:38:05","guid":{"rendered":"https:\/\/blog.directimpact.test-idi.ca\/solutions\/fmoffice365\/"},"modified":"2025-09-05T02:46:08","modified_gmt":"2025-09-05T02:46:08","slug":"fmoffice365","status":"publish","type":"page","link":"https:\/\/www.directimpactsolutions.com\/fr\/solutions\/fmoffice365\/","title":{"rendered":"fmOffice365"},"content":{"rendered":"<div class=\"wp-block-uagb-container uagb-block-af6bd8a7 alignfull uagb-is-root-container\"><div class=\"uagb-container__shape uagb-container__shape-bottom uagb-container__invert\" data-negative=\"false\"><svg xmlns=\"https:\/\/www.w3.org\/2000\/svg\" viewBox=\"0 0 1000 100\" preserveAspectRatio=\"none\"><path class=\"uagb-container__shape-fill\" d=\"M500,98.9L0,6.1V0h1000v6.1L500,98.9z\"><\/path><\/svg><\/div><div class=\"uagb-container-inner-blocks-wrap\"><div style=\"height:20px\" aria-hidden=\"true\" class=\"wp-block-spacer\"><\/div>\n\n<h1 class=\"wp-block-heading has-ast-global-color-1-color has-text-color\" style=\"font-style:normal;font-weight:400\">Solution | Integrez FileMaker avec Office365<\/h1>\n\n<p class=\"has-ast-global-color-1-color has-text-color\" style=\"font-size:16px\">Solution de d\u00e9monstration fmOffice365<\/p>\n\n<div style=\"height:40px\" aria-hidden=\"true\" class=\"wp-block-spacer\"><\/div><\/div><\/div><div style=\"height:80px\" aria-hidden=\"true\" class=\"wp-block-spacer\"><\/div><p><a href=\"https:\/\/www.directimpactsolutions.com\/fr\/solutions\/\">&lt;&lt; Solutions<\/a><\/p><h2 class=\"wp-block-heading\" style=\"font-style:normal;font-weight:400\">Int\u00e9gration de FileMaker\u00ae avec Office365<\/h2><div class=\"wp-block-uagb-container uagb-block-74174cc2 alignfull uagb-is-root-container\"><div class=\"uagb-container-inner-blocks-wrap\"><div class=\"wp-block-uagb-container uagb-block-68307198\"><div class=\"inherit-container-width wp-block-group is-layout-constrained wp-block-group-is-layout-constrained\"><h3 class=\"wp-block-heading has-ast-global-color-2-color has-text-color\">Maximiser le potentiel de vos outils collaboratifs<\/h3>\n\n<p>La suite collaborative Office365 de Microsoft offre un ensemble de services Cloud qui regroupe les applications courantes de bureautique (Word, Excel, PowerPoint, etc.), de communication (Outlook, Skype) et de collaboration en ligne (OneNote, SharePoint, Teams, etc.). D\u2019utilisation tr\u00e8s simple, cette suite est soutenue par la s\u00e9curit\u00e9 robuste, la fiabilit\u00e9 et le contr\u00f4le dont vous avez besoin pour g\u00e9rer votre entreprise.<\/p>\n\n<p>De son c\u00f4t\u00e9, la plateforme <a href=\"https:\/\/www.directimpactsolutions.com\/fr\/claris-filemaker\/\">FileMaker<\/a> permet de concevoir et d\u00e9ployer des applications personnalis\u00e9es puissantes permettant prendre en charge et automatiser vos processus op\u00e9rationnels et administratifs les plus critiques \u00e0 votre succ\u00e8s. FileMaker s\u2019int\u00e8gre facilement au service d\u2019authentification externe Microsoft Azure.<\/p>\n\n<p>Et s\u2019il \u00e9tait possible de pousser l\u2019exercice un peu plus loin, en int\u00e9grant compl\u00e8tement vos applications FileMaker avec la suite collaborative Office 365 de Microsoft?<\/p>\n\n<h3 class=\"wp-block-heading has-ast-global-color-2-color has-text-color\">Solution de d\u00e9monstration fmOffice365<\/h3>\n\n<p>Afin de vous permettre de d\u00e9couvrir les capacit\u00e9s d\u2019Office365 de Microsoft, Direct Impact Solutions met \u00e0 votre disposition une solution de d\u00e9monstration. Cette solution d\u00e9montre comment r\u00e9cup\u00e9rer et manipuler des contacts et des messages dans un fichier FileMaker depuis un compte Outlook configur\u00e9 avec les services en ligne Office365 de Microsoft. L\u2019int\u00e9gration se fait par l\u2019entremise des interfaces de programmation <a href=\"https:\/\/developer.microsoft.com\/en-us\/graph\" target=\"_blank\" rel=\"noreferrer noopener\">Microsoft Graph<\/a>.<\/p>\n\n<p>La solution, enti\u00e8rement fonctionnelle, peut \u00eatre t\u00e9l\u00e9charg\u00e9e et utilis\u00e9e gratuitement, telle quelle, au moyen du logiciel FileMaker Pro ou FileMaker Pro Advanced (version 17 ou +). Si n\u00e9cessaire, vous pouvez \u00e9galement demander d\u2019avoir l\u2019acc\u00e8s au code source pour adapter la solution \u00e0 vos besoins.<\/p>\n\n<p>Conditions d\u2019utilisation :<\/p>\n\n<ul class=\"wp-block-list\"><li>La solution fmOffice365 est offerte gratuitement par Direct Impact Solutions, sans aucune garantie, ni support.<\/li>\n\n<li>Pour acc\u00e9der aux fonctionnalit\u00e9s de la solution, vous devez avoir acc\u00e8s ou installer une copie du logiciel FileMaker Pro (version 17 ou plus r\u00e9cente) sur Mac ou Windows.<\/li>\n\n<li>La solution de d\u00e9monstration n\u00e9cessite un service Web personnalis\u00e9 pour activer la synchronisation bidirectionnelle avec l\u2019API Microsoft Graph. Ce composant n\u2019est PAS inclus dans la solution de d\u00e9monstration. Si vous avez besoin d\u2019\u00e9tendre ses fonctionnalit\u00e9s, vous devez construire et d\u00e9ployer votre propre service Web personnalis\u00e9 s\u00e9par\u00e9ment.<\/li>\n\n<li>Les fonctions des interfaces de programmation Microsoft Graph requi\u00e8rent un abonnement \u00e0 Office365 que vous pouvez vous <a href=\"https:\/\/products.office.com\/en-us\/home?ms.url=office365com&amp;rtc=1\" target=\"_blank\" rel=\"noreferrer noopener\">en ligne<\/a> ou aupr\u00e8s de notre partenaire local <a href=\"https:\/\/www.montechnicien.com\/en\/business-solutions\/cloud-computing\/office-365\/\" target=\"_blank\" rel=\"noreferrer noopener\">Mon Technicien<\/a>.<\/li><\/ul>\n\n<p><a href=\"https:\/\/registration.directimpactsolutions.com\/index.php?guid=7387068&amp;lang=en\" target=\"_blank\" rel=\"noreferrer noopener\">Voir l\u2019enregistrement<\/a> de la pr\u00e9sentation vid\u00e9o de la solution.<\/p>\n\n<p>Pour obtenir la solution, veuillez remplir le formulaire.<\/p>\n\n<div class=\"pipedriveWebForms\" data-pd-webforms=\"https:\/\/webforms.pipedrive.com\/f\/1ythEWvvE9Ho1EdsRFkjoWgM0RhLO9q5PtnbbcGneRL5LCEjPyFbHIfiyGcyIp5f5\"><script src=\"https:\/\/webforms.pipedrive.com\/f\/loader\"><\/script><\/div><\/div><\/div>\n\n<div class=\"wp-block-uagb-container uagb-block-b916e816\"><figure class=\"wp-block-image\"><img loading=\"lazy\" decoding=\"async\" width=\"555\" height=\"347\" src=\"https:\/\/www.directimpactsolutions.com\/wp-content\/uploads\/2021\/06\/fmOffice365.jpeg\" alt=\"\" class=\"wp-image-473\" title=\"fmOffice365\" srcset=\"https:\/\/www.directimpactsolutions.com\/wp-content\/uploads\/2021\/06\/fmOffice365.jpeg 555w, https:\/\/www.directimpactsolutions.com\/wp-content\/uploads\/2021\/06\/fmOffice365-300x188.jpeg 300w, https:\/\/www.directimpactsolutions.com\/wp-content\/uploads\/2021\/06\/fmOffice365-400x250.jpeg 400w, https:\/\/www.directimpactsolutions.com\/wp-content\/uploads\/2021\/06\/fmOffice365-480x300.jpeg 480w\" sizes=\"auto, (max-width: 555px) 100vw, 555px\" \/><\/figure>\n\n<div class=\"wp-block-uagb-image uagb-block-29f22e7f wp-block-uagb-image--layout-default wp-block-uagb-image--effect-static wp-block-uagb-image--align-none\"><figure class=\"wp-block-uagb-image__figure\"><img decoding=\"async\" srcset=\"https:\/\/www.directimpactsolutions.com\/wp-content\/uploads\/2021\/06\/fmOffice-365-demo-en.jpeg\n \" sizes=\"auto, (max-width: 480px) 150px\" src=\"https:\/\/www.directimpactsolutions.com\/wp-content\/uploads\/2021\/06\/fmOffice-365-demo-en.jpeg\" alt=\"\" class=\"uag-image-688\" width=\"555\" height=\"342\" title=\"\" loading=\"lazy\" role=\"img\"><\/figure><\/div><\/div><\/div><\/div>","protected":false},"excerpt":{"rendered":"<p>Solution | Integrez FileMaker avec Office365 Solution de d\u00e9monstration fmOffice365 &lt;&lt; Solutions Int\u00e9gration de FileMaker\u00ae avec Office365 Maximiser le potentiel de vos outils collaboratifs La suite collaborative Office365 de Microsoft offre un ensemble de services Cloud qui regroupe les applications courantes de bureautique (Word, Excel, PowerPoint, etc.), de communication (Outlook, Skype) et de collaboration en &hellip;<\/p>\n<p class=\"read-more\"> <a class=\"\" href=\"https:\/\/www.directimpactsolutions.com\/fr\/solutions\/fmoffice365\/\"> <span class=\"screen-reader-text\">fmOffice365<\/span> Lire la suite >><\/a><\/p>\n","protected":false},"author":2,"featured_media":0,"parent":1369,"menu_order":0,"comment_status":"closed","ping_status":"closed","template":"","meta":{"inline_featured_image":false,"_uag_custom_page_level_css":"","site-sidebar-layout":"default","site-content-layout":"","ast-site-content-layout":"default","site-content-style":"default","site-sidebar-style":"default","ast-global-header-display":"","ast-banner-title-visibility":"","ast-main-header-display":"","ast-hfb-above-header-display":"","ast-hfb-below-header-display":"","ast-hfb-mobile-header-display":"","site-post-title":"disabled","ast-breadcrumbs-content":"","ast-featured-img":"","footer-sml-layout":"","theme-transparent-header-meta":"","adv-header-id-meta":"","stick-header-meta":"","header-above-stick-meta":"","header-main-stick-meta":"","header-below-stick-meta":"","astra-migrate-meta-layouts":"","footnotes":""},"class_list":["post-1376","page","type-page","status-publish","hentry"],"uagb_featured_image_src":{"full":false,"thumbnail":false,"medium":false,"medium_large":false,"large":false,"1536x1536":false,"2048x2048":false,"woocommerce_thumbnail":false,"woocommerce_single":false,"woocommerce_gallery_thumbnail":false},"uagb_author_info":{"display_name":"Eleanor Fulton","author_link":"https:\/\/www.directimpactsolutions.com\/fr\/author\/eleanor-fulton\/"},"uagb_comment_info":0,"uagb_excerpt":"Solution | Integrez FileMaker avec Office365 Solution de d\u00e9monstration fmOffice365 &lt;&lt; Solutions Int\u00e9gration de FileMaker\u00ae avec Office365 Maximiser le potentiel de vos outils collaboratifs La suite collaborative Office365 de Microsoft offre un ensemble de services Cloud qui regroupe les applications courantes de bureautique (Word, Excel, PowerPoint, etc.), de communication (Outlook, Skype) et de collaboration en\u2026","_links":{"self":[{"href":"https:\/\/www.directimpactsolutions.com\/fr\/wp-json\/wp\/v2\/pages\/1376","targetHints":{"allow":["GET"]}}],"collection":[{"href":"https:\/\/www.directimpactsolutions.com\/fr\/wp-json\/wp\/v2\/pages"}],"about":[{"href":"https:\/\/www.directimpactsolutions.com\/fr\/wp-json\/wp\/v2\/types\/page"}],"author":[{"embeddable":true,"href":"https:\/\/www.directimpactsolutions.com\/fr\/wp-json\/wp\/v2\/users\/2"}],"replies":[{"embeddable":true,"href":"https:\/\/www.directimpactsolutions.com\/fr\/wp-json\/wp\/v2\/comments?post=1376"}],"version-history":[{"count":29,"href":"https:\/\/www.directimpactsolutions.com\/fr\/wp-json\/wp\/v2\/pages\/1376\/revisions"}],"predecessor-version":[{"id":20436,"href":"https:\/\/www.directimpactsolutions.com\/fr\/wp-json\/wp\/v2\/pages\/1376\/revisions\/20436"}],"up":[{"embeddable":true,"href":"https:\/\/www.directimpactsolutions.com\/fr\/wp-json\/wp\/v2\/pages\/1369"}],"wp:attachment":[{"href":"https:\/\/www.directimpactsolutions.com\/fr\/wp-json\/wp\/v2\/media?parent=1376"}],"curies":[{"name":"wp","href":"https:\/\/api.w.org\/{rel}","templated":true}]}}