{"id":1384,"date":"2021-07-13T22:19:19","date_gmt":"2021-07-13T22:19:19","guid":{"rendered":"https:\/\/blog.directimpact.test-idi.ca\/equipe\/"},"modified":"2025-01-27T00:46:32","modified_gmt":"2025-01-27T00:46:32","slug":"equipe","status":"publish","type":"page","link":"https:\/\/www.directimpactsolutions.com\/fr\/equipe\/","title":{"rendered":"\u00c9quipe"},"content":{"rendered":"<div class=\"wp-block-uagb-container uagb-block-56a20e34 alignfull uagb-is-root-container\"><div class=\"uagb-container__shape uagb-container__shape-bottom uagb-container__invert\" data-negative=\"false\"><svg xmlns=\"https:\/\/www.w3.org\/2000\/svg\" viewBox=\"0 0 1000 100\" preserveAspectRatio=\"none\"><path class=\"uagb-container__shape-fill\" d=\"M500,98.9L0,6.1V0h1000v6.1L500,98.9z\"><\/path><\/svg><\/div><div class=\"uagb-container-inner-blocks-wrap\"><div style=\"height:20px\" aria-hidden=\"true\" class=\"wp-block-spacer\"><\/div>\n\n<h1 class=\"wp-block-heading has-ast-global-color-1-color has-text-color\" style=\"font-style:normal;font-weight:400\">L&rsquo;\u00e9quipe de Direct Impact<\/h1>\n\n<p class=\"has-ast-global-color-1-color has-text-color\" style=\"font-size:16px\">Jetez un coup d\u2019oeil derri\u00e8re les coulisses et rencontrez les personnes qui op\u00e8rent la magie.<\/p>\n\n<div style=\"height:20px\" aria-hidden=\"true\" class=\"wp-block-spacer\"><\/div><\/div><\/div><div style=\"height:80px\" aria-hidden=\"true\" class=\"wp-block-spacer\"><\/div><div class=\"wp-block-uagb-container uagb-block-3b7f44d2 alignfull uagb-is-root-container\"><div class=\"uagb-container-inner-blocks-wrap\"><div class=\"wp-block-uagb-container uagb-block-8fd29cf3\"><p><strong>Votre entreprise est unique. Nous le comprenons depuis 1996. <\/strong>C\u2019est pourquoi nous accordons une attention particuli\u00e8re \u00e0 chaque syst\u00e8me de gestion que nous d\u00e9veloppons pour nos clients afin qu\u2019il r\u00e9ponde \u00e0 vos besoins d\u2019affaires pr\u00e9cis. Notre \u00e9quipe est d\u00e9vou\u00e9e \u00e0 nos clients et a leur succ\u00e8s \u00e0 c\u0153ur. Nous valorisons la transparence et la collaboration, faisant des membres de notre \u00e9quipe les partenaires id\u00e9aux pour r\u00e9aliser votre transformation num\u00e9rique.<\/p><\/div>\n\n<div class=\"wp-block-uagb-container uagb-block-cbe7a541\"><h2 class=\"wp-block-heading has-text-align-center has-ast-global-color-0-color has-text-color\" style=\"margin-top:0;margin-right:0;margin-bottom:0;margin-left:0;font-style:normal;font-weight:400\">Les associ\u00e9s<\/h2>\n\n<div class=\"wp-block-uagb-container uagb-block-bbf99a6c\"><div class=\"wp-block-columns is-layout-flex wp-container-core-columns-is-layout-28f84493 wp-block-columns-is-layout-flex\"><div class=\"wp-block-column is-layout-flow wp-block-column-is-layout-flow\"><figure class=\"wp-block-image size-large\"><img loading=\"lazy\" decoding=\"async\" width=\"683\" height=\"1024\" src=\"https:\/\/www.directimpactsolutions.com\/wp-content\/uploads\/2022\/10\/Philippe-Lazzaroni-683x1024.jpg\" alt=\"Philippe Lazzaroni\" class=\"wp-image-8455\" srcset=\"https:\/\/www.directimpactsolutions.com\/wp-content\/uploads\/2022\/10\/Philippe-Lazzaroni-683x1024.jpg 683w, https:\/\/www.directimpactsolutions.com\/wp-content\/uploads\/2022\/10\/Philippe-Lazzaroni-200x300.jpg 200w, https:\/\/www.directimpactsolutions.com\/wp-content\/uploads\/2022\/10\/Philippe-Lazzaroni-768x1152.jpg 768w, https:\/\/www.directimpactsolutions.com\/wp-content\/uploads\/2022\/10\/Philippe-Lazzaroni-1024x1536.jpg 1024w, https:\/\/www.directimpactsolutions.com\/wp-content\/uploads\/2022\/10\/Philippe-Lazzaroni-1365x2048.jpg 1365w, https:\/\/www.directimpactsolutions.com\/wp-content\/uploads\/2022\/10\/Philippe-Lazzaroni-1080x1620.jpg 1080w, https:\/\/www.directimpactsolutions.com\/wp-content\/uploads\/2022\/10\/Philippe-Lazzaroni-1280x1920.jpg 1280w, https:\/\/www.directimpactsolutions.com\/wp-content\/uploads\/2022\/10\/Philippe-Lazzaroni-980x1470.jpg 980w, https:\/\/www.directimpactsolutions.com\/wp-content\/uploads\/2022\/10\/Philippe-Lazzaroni-480x720.jpg 480w, https:\/\/www.directimpactsolutions.com\/wp-content\/uploads\/2022\/10\/Philippe-Lazzaroni-600x900.jpg 600w, https:\/\/www.directimpactsolutions.com\/wp-content\/uploads\/2022\/10\/Philippe-Lazzaroni-scaled.jpg 1707w\" sizes=\"auto, (max-width: 683px) 100vw, 683px\" \/><figcaption class=\"wp-element-caption\">Philippe Lazzaroni, Pr\u00e9sident<\/figcaption><\/figure><\/div>\n\n<div class=\"wp-block-column is-layout-flow wp-block-column-is-layout-flow\"><figure class=\"wp-block-image size-large\"><img loading=\"lazy\" decoding=\"async\" width=\"683\" height=\"1024\" src=\"https:\/\/www.directimpactsolutions.com\/wp-content\/uploads\/2022\/10\/Patrick-Daneau-683x1024.jpg\" alt=\"Patrick Daneau\" class=\"wp-image-8459\" srcset=\"https:\/\/www.directimpactsolutions.com\/wp-content\/uploads\/2022\/10\/Patrick-Daneau-683x1024.jpg 683w, https:\/\/www.directimpactsolutions.com\/wp-content\/uploads\/2022\/10\/Patrick-Daneau-200x300.jpg 200w, https:\/\/www.directimpactsolutions.com\/wp-content\/uploads\/2022\/10\/Patrick-Daneau-768x1152.jpg 768w, https:\/\/www.directimpactsolutions.com\/wp-content\/uploads\/2022\/10\/Patrick-Daneau-1024x1536.jpg 1024w, https:\/\/www.directimpactsolutions.com\/wp-content\/uploads\/2022\/10\/Patrick-Daneau-1365x2048.jpg 1365w, https:\/\/www.directimpactsolutions.com\/wp-content\/uploads\/2022\/10\/Patrick-Daneau-1080x1620.jpg 1080w, https:\/\/www.directimpactsolutions.com\/wp-content\/uploads\/2022\/10\/Patrick-Daneau-1280x1920.jpg 1280w, https:\/\/www.directimpactsolutions.com\/wp-content\/uploads\/2022\/10\/Patrick-Daneau-980x1470.jpg 980w, https:\/\/www.directimpactsolutions.com\/wp-content\/uploads\/2022\/10\/Patrick-Daneau-480x720.jpg 480w, https:\/\/www.directimpactsolutions.com\/wp-content\/uploads\/2022\/10\/Patrick-Daneau-600x900.jpg 600w, https:\/\/www.directimpactsolutions.com\/wp-content\/uploads\/2022\/10\/Patrick-Daneau-scaled.jpg 1707w\" sizes=\"auto, (max-width: 683px) 100vw, 683px\" \/><figcaption class=\"wp-element-caption\">Patrick Daneau, Vice-pr\u00e9sident ventes et marketing<\/figcaption><\/figure><\/div>\n\n<div class=\"wp-block-column is-layout-flow wp-block-column-is-layout-flow\"><figure class=\"wp-block-image size-large\"><img loading=\"lazy\" decoding=\"async\" width=\"684\" height=\"1024\" src=\"https:\/\/www.directimpactsolutions.com\/wp-content\/uploads\/2022\/10\/Mathieu-Lefebvre-684x1024.jpg\" alt=\"Mathieu Lefebvre\" class=\"wp-image-8457\" srcset=\"https:\/\/www.directimpactsolutions.com\/wp-content\/uploads\/2022\/10\/Mathieu-Lefebvre-684x1024.jpg 684w, https:\/\/www.directimpactsolutions.com\/wp-content\/uploads\/2022\/10\/Mathieu-Lefebvre-200x300.jpg 200w, https:\/\/www.directimpactsolutions.com\/wp-content\/uploads\/2022\/10\/Mathieu-Lefebvre-768x1150.jpg 768w, https:\/\/www.directimpactsolutions.com\/wp-content\/uploads\/2022\/10\/Mathieu-Lefebvre-1025x1536.jpg 1025w, https:\/\/www.directimpactsolutions.com\/wp-content\/uploads\/2022\/10\/Mathieu-Lefebvre-1367x2048.jpg 1367w, https:\/\/www.directimpactsolutions.com\/wp-content\/uploads\/2022\/10\/Mathieu-Lefebvre-1080x1618.jpg 1080w, https:\/\/www.directimpactsolutions.com\/wp-content\/uploads\/2022\/10\/Mathieu-Lefebvre-1280x1917.jpg 1280w, https:\/\/www.directimpactsolutions.com\/wp-content\/uploads\/2022\/10\/Mathieu-Lefebvre-980x1468.jpg 980w, https:\/\/www.directimpactsolutions.com\/wp-content\/uploads\/2022\/10\/Mathieu-Lefebvre-480x719.jpg 480w, https:\/\/www.directimpactsolutions.com\/wp-content\/uploads\/2022\/10\/Mathieu-Lefebvre-600x899.jpg 600w, https:\/\/www.directimpactsolutions.com\/wp-content\/uploads\/2022\/10\/Mathieu-Lefebvre-scaled.jpg 1709w\" sizes=\"auto, (max-width: 684px) 100vw, 684px\" \/><figcaption class=\"wp-element-caption\">Mathieu Lefebvre, Vice-pr\u00e9sident op\u00e9rations<\/figcaption><\/figure><\/div><\/div><\/div><\/div><\/div><\/div><div style=\"height:80px\" aria-hidden=\"true\" class=\"wp-block-spacer\"><\/div><h2 class=\"wp-block-heading has-text-align-center\" style=\"padding-top:0;padding-right:0;padding-bottom:0;padding-left:0;font-style:normal;font-weight:400\">Le comit\u00e9 de leadership<\/h2><div class=\"wp-block-uagb-container uagb-block-305b1dbe alignfull uagb-is-root-container\"><div class=\"uagb-container-inner-blocks-wrap\"><div class=\"wp-block-uagb-container uagb-block-93ef0838\"><figure class=\"wp-block-image size-large\"><img loading=\"lazy\" decoding=\"async\" width=\"683\" height=\"1024\" src=\"https:\/\/www.directimpactsolutions.com\/wp-content\/uploads\/2022\/10\/Catherine-Desbiens-Team-Manager-Quebec-683x1024.jpg\" alt=\"Catherine Desbiens\" class=\"wp-image-8747\" srcset=\"https:\/\/www.directimpactsolutions.com\/wp-content\/uploads\/2022\/10\/Catherine-Desbiens-Team-Manager-Quebec-683x1024.jpg 683w, https:\/\/www.directimpactsolutions.com\/wp-content\/uploads\/2022\/10\/Catherine-Desbiens-Team-Manager-Quebec-200x300.jpg 200w, https:\/\/www.directimpactsolutions.com\/wp-content\/uploads\/2022\/10\/Catherine-Desbiens-Team-Manager-Quebec-768x1152.jpg 768w, https:\/\/www.directimpactsolutions.com\/wp-content\/uploads\/2022\/10\/Catherine-Desbiens-Team-Manager-Quebec-1024x1536.jpg 1024w, https:\/\/www.directimpactsolutions.com\/wp-content\/uploads\/2022\/10\/Catherine-Desbiens-Team-Manager-Quebec-1365x2048.jpg 1365w, https:\/\/www.directimpactsolutions.com\/wp-content\/uploads\/2022\/10\/Catherine-Desbiens-Team-Manager-Quebec-1080x1620.jpg 1080w, https:\/\/www.directimpactsolutions.com\/wp-content\/uploads\/2022\/10\/Catherine-Desbiens-Team-Manager-Quebec-1280x1920.jpg 1280w, https:\/\/www.directimpactsolutions.com\/wp-content\/uploads\/2022\/10\/Catherine-Desbiens-Team-Manager-Quebec-980x1470.jpg 980w, https:\/\/www.directimpactsolutions.com\/wp-content\/uploads\/2022\/10\/Catherine-Desbiens-Team-Manager-Quebec-480x720.jpg 480w, https:\/\/www.directimpactsolutions.com\/wp-content\/uploads\/2022\/10\/Catherine-Desbiens-Team-Manager-Quebec-600x900.jpg 600w, https:\/\/www.directimpactsolutions.com\/wp-content\/uploads\/2022\/10\/Catherine-Desbiens-Team-Manager-Quebec-scaled.jpg 1707w\" sizes=\"auto, (max-width: 683px) 100vw, 683px\" \/><figcaption class=\"wp-element-caption\">Catherine Desbiens, Directrice d&rsquo;\u00e9quipe, Qu\u00e9bec<\/figcaption><\/figure><\/div>\n\n<div class=\"wp-block-uagb-container uagb-block-c64303b5\"><figure class=\"wp-block-image size-large\"><img loading=\"lazy\" decoding=\"async\" width=\"683\" height=\"1024\" src=\"https:\/\/www.directimpactsolutions.com\/wp-content\/uploads\/2022\/10\/Nancy-Jacobsen-Team-Manager-Quebec-683x1024.jpg\" alt=\"Nancy Jacobsen\" class=\"wp-image-8749\" srcset=\"https:\/\/www.directimpactsolutions.com\/wp-content\/uploads\/2022\/10\/Nancy-Jacobsen-Team-Manager-Quebec-683x1024.jpg 683w, https:\/\/www.directimpactsolutions.com\/wp-content\/uploads\/2022\/10\/Nancy-Jacobsen-Team-Manager-Quebec-200x300.jpg 200w, https:\/\/www.directimpactsolutions.com\/wp-content\/uploads\/2022\/10\/Nancy-Jacobsen-Team-Manager-Quebec-768x1152.jpg 768w, https:\/\/www.directimpactsolutions.com\/wp-content\/uploads\/2022\/10\/Nancy-Jacobsen-Team-Manager-Quebec-1024x1536.jpg 1024w, https:\/\/www.directimpactsolutions.com\/wp-content\/uploads\/2022\/10\/Nancy-Jacobsen-Team-Manager-Quebec-1365x2048.jpg 1365w, https:\/\/www.directimpactsolutions.com\/wp-content\/uploads\/2022\/10\/Nancy-Jacobsen-Team-Manager-Quebec-1080x1620.jpg 1080w, https:\/\/www.directimpactsolutions.com\/wp-content\/uploads\/2022\/10\/Nancy-Jacobsen-Team-Manager-Quebec-1280x1920.jpg 1280w, https:\/\/www.directimpactsolutions.com\/wp-content\/uploads\/2022\/10\/Nancy-Jacobsen-Team-Manager-Quebec-980x1470.jpg 980w, https:\/\/www.directimpactsolutions.com\/wp-content\/uploads\/2022\/10\/Nancy-Jacobsen-Team-Manager-Quebec-480x720.jpg 480w, https:\/\/www.directimpactsolutions.com\/wp-content\/uploads\/2022\/10\/Nancy-Jacobsen-Team-Manager-Quebec-600x900.jpg 600w, https:\/\/www.directimpactsolutions.com\/wp-content\/uploads\/2022\/10\/Nancy-Jacobsen-Team-Manager-Quebec-scaled.jpg 1707w\" sizes=\"auto, (max-width: 683px) 100vw, 683px\" \/><figcaption class=\"wp-element-caption\">Nancy Jacobsen, Directrice d&rsquo;\u00e9quipe, Qu\u00e9bec<\/figcaption><\/figure><\/div>\n\n<div class=\"wp-block-uagb-container uagb-block-f031c4e8\"><figure class=\"wp-block-image size-large\"><img loading=\"lazy\" decoding=\"async\" width=\"683\" height=\"1024\" src=\"https:\/\/www.directimpactsolutions.com\/wp-content\/uploads\/2022\/10\/Weihao-Ding-Quality-Manager-Ontario-683x1024.jpg\" alt=\"Weihao Ding\" class=\"wp-image-8751\" srcset=\"https:\/\/www.directimpactsolutions.com\/wp-content\/uploads\/2022\/10\/Weihao-Ding-Quality-Manager-Ontario-683x1024.jpg 683w, https:\/\/www.directimpactsolutions.com\/wp-content\/uploads\/2022\/10\/Weihao-Ding-Quality-Manager-Ontario-200x300.jpg 200w, https:\/\/www.directimpactsolutions.com\/wp-content\/uploads\/2022\/10\/Weihao-Ding-Quality-Manager-Ontario-768x1152.jpg 768w, https:\/\/www.directimpactsolutions.com\/wp-content\/uploads\/2022\/10\/Weihao-Ding-Quality-Manager-Ontario-1024x1536.jpg 1024w, https:\/\/www.directimpactsolutions.com\/wp-content\/uploads\/2022\/10\/Weihao-Ding-Quality-Manager-Ontario-1365x2048.jpg 1365w, https:\/\/www.directimpactsolutions.com\/wp-content\/uploads\/2022\/10\/Weihao-Ding-Quality-Manager-Ontario-1080x1620.jpg 1080w, https:\/\/www.directimpactsolutions.com\/wp-content\/uploads\/2022\/10\/Weihao-Ding-Quality-Manager-Ontario-1280x1920.jpg 1280w, https:\/\/www.directimpactsolutions.com\/wp-content\/uploads\/2022\/10\/Weihao-Ding-Quality-Manager-Ontario-980x1470.jpg 980w, https:\/\/www.directimpactsolutions.com\/wp-content\/uploads\/2022\/10\/Weihao-Ding-Quality-Manager-Ontario-480x720.jpg 480w, https:\/\/www.directimpactsolutions.com\/wp-content\/uploads\/2022\/10\/Weihao-Ding-Quality-Manager-Ontario-600x900.jpg 600w, https:\/\/www.directimpactsolutions.com\/wp-content\/uploads\/2022\/10\/Weihao-Ding-Quality-Manager-Ontario-scaled.jpg 1707w\" sizes=\"auto, (max-width: 683px) 100vw, 683px\" \/><figcaption class=\"wp-element-caption\">Weihao Ding, Directeur de la qualit\u00e9, Ontario<\/figcaption><\/figure><\/div><\/div><\/div><div style=\"height:40px\" aria-hidden=\"true\" class=\"wp-block-spacer\"><\/div><p class=\"has-text-align-center\"><strong>Pourquoi travailler avec nous ?<\/strong> C\u2019est simple, chez Direct Impact Solutions, nous croyons \u00e0 l\u2019\u00e9quilibre entre le travail et la vie personnelle. C\u2019est pourquoi nous proposons un mod\u00e8le de travail hybride flexible ou 100 % \u00e0 distance. Nos bureaux sont ouverts pour ceux qui souhaitent y venir travailler. Vous pr\u00e9f\u00e9rez travailler de la maison \u00e0 temps plein, mais aimeriez quand m\u00eame sortir \u00e0 l\u2019occasion ? Aucun probl\u00e8me ! Nous organisons des rencontres \u00e0 fr\u00e9quence r\u00e9guli\u00e8re, \u00e0 nos bureaux de Laval, afin de pr\u00e9server la connectivit\u00e9 et la complicit\u00e9 au sein de l\u2019\u00e9quipe. Nous organisons \u00e9galement \u00e0 l\u2019occasion des rassemblements o\u00f9 nos employ\u00e9s r\u00e9sidant \u00e0 l\u2019ext\u00e9rieur du Qu\u00e9bec font le voyage pour venir passer du temps \u00e0 notre bureau chef, permettant ainsi \u00e0 toute l\u2019entreprise de profiter de temps de qualit\u00e9 ensemble.<\/p><p class=\"has-text-align-center\">Vous \u00eates Int\u00e9ress\u00e9s \u00e0 travailler chez Direct Impact Solutions ?<\/p><div class=\"wp-block-buttons is-content-justification-center is-layout-flex wp-container-core-buttons-is-layout-a89b3969 wp-block-buttons-is-layout-flex\"><div class=\"wp-block-button\"><a class=\"wp-block-button__link wp-element-button\" href=\"https:\/\/www.directimpactsolutions.com\/fr\/recrutement\/\"><strong>VISITER NOTRE PAGE RECRUTEMENT<\/strong><\/a><\/div><\/div><div style=\"height:40px\" aria-hidden=\"true\" class=\"wp-block-spacer\"><\/div><h2 class=\"wp-block-heading has-text-align-center\" style=\"font-style:normal;font-weight:400\">Nos impacteurs<\/h2><figure class=\"wp-block-image aligncenter size-large\"><img loading=\"lazy\" decoding=\"async\" width=\"1024\" height=\"631\" src=\"https:\/\/www.directimpactsolutions.com\/wp-content\/uploads\/2025\/01\/Website_TeamPage_Employees_1400x1025-1024x631.jpg\" alt=\"\" class=\"wp-image-19492\" srcset=\"https:\/\/www.directimpactsolutions.com\/wp-content\/uploads\/2025\/01\/Website_TeamPage_Employees_1400x1025-1024x631.jpg 1024w, https:\/\/www.directimpactsolutions.com\/wp-content\/uploads\/2025\/01\/Website_TeamPage_Employees_1400x1025-300x185.jpg 300w, https:\/\/www.directimpactsolutions.com\/wp-content\/uploads\/2025\/01\/Website_TeamPage_Employees_1400x1025-768x473.jpg 768w, https:\/\/www.directimpactsolutions.com\/wp-content\/uploads\/2025\/01\/Website_TeamPage_Employees_1400x1025-600x370.jpg 600w, https:\/\/www.directimpactsolutions.com\/wp-content\/uploads\/2025\/01\/Website_TeamPage_Employees_1400x1025.jpg 1400w\" sizes=\"auto, (max-width: 1024px) 100vw, 1024px\" \/><\/figure><div style=\"height:80px\" aria-hidden=\"true\" class=\"wp-block-spacer\"><\/div><div class=\"wp-block-uagb-advanced-heading uagb-block-7984f687\"><h2 class=\"uagb-heading-text\">Pourquoi choisir les d\u00e9veloppeurs de Direct Impact ?<\/h2><\/div><div class=\"wp-block-uagb-container uagb-block-14a00a7d alignfull uagb-is-root-container\"><div class=\"uagb-container-inner-blocks-wrap\"><div class=\"wp-block-uagb-container uagb-block-df4d41a5\"><div class=\"wp-block-uagb-info-box uagb-block-a909aea4 uagb-infobox__content-wrap  uagb-infobox-icon-above-title uagb-infobox-image-valign-top\"><div class=\"uagb-ifb-content\"><div class=\"uagb-ifb-image-content\"><img decoding=\"async\" src=\"https:\/\/www.directimpactsolutions.com\/wp-content\/uploads\/2022\/02\/equipe-multidisciplinaire-3-new.jpeg\" alt=\"\" width=\"50\" height=\"50\" loading=\"lazy\"\/><\/div><div class=\"uagb-ifb-title-wrap\"><h3 class=\"uagb-ifb-title\">Une \u00e9quipe multidisciplinaire<\/h3><\/div><p class=\"uagb-ifb-desc\">Peu importe votre m\u00e9tier, joignez-vous \u00e0 notre \u00e9quipe de charg\u00e9s de projets, d\u2019analystes d\u2019affaires, de d\u00e9veloppeurs, d\u2019architectes de syst\u00e8mes et de d\u00e9veloppeurs UX\/UI.<\/p><\/div><\/div><\/div>\n\n<div class=\"wp-block-uagb-container uagb-block-daada68f\"><div class=\"wp-block-uagb-info-box uagb-block-978c6991 uagb-infobox__content-wrap  uagb-infobox-icon-above-title uagb-infobox-image-valign-top\"><div class=\"uagb-ifb-content\"><div class=\"uagb-ifb-image-content\"><img decoding=\"async\" src=\"https:\/\/www.directimpactsolutions.com\/wp-content\/uploads\/2022\/02\/Icon-Equipe-Pasionnee-new.png\" alt=\"\" width=\"50\" height=\"50\" loading=\"lazy\"\/><\/div><div class=\"uagb-ifb-title-wrap\"><h3 class=\"uagb-ifb-title\">Une \u00e9quipe passionn\u00e9e<\/h3><\/div><p class=\"uagb-ifb-desc\">Faites partie d\u2019une \u00e9quipe d\u00e9vou\u00e9e et disponible pour r\u00e9pondre aux besoins des clients et les accompagner dans leur croissance.<\/p><\/div><\/div><\/div>\n\n<div class=\"wp-block-uagb-container uagb-block-f209ff0b\"><div class=\"wp-block-uagb-info-box uagb-block-e65f1ecb uagb-infobox__content-wrap  uagb-infobox-icon-above-title uagb-infobox-image-valign-top\"><div class=\"uagb-ifb-content\"><div class=\"uagb-ifb-image-content\"><img decoding=\"async\" src=\"https:\/\/www.directimpactsolutions.com\/wp-content\/uploads\/2022\/02\/equipe-agile-3-new.jpeg\" alt=\"\" width=\"50\" height=\"50\" loading=\"lazy\"\/><\/div><div class=\"uagb-ifb-title-wrap\"><h3 class=\"uagb-ifb-title\">Une \u00e9quipe agile<\/h3><\/div><p class=\"uagb-ifb-desc\">Nous utilisons des m\u00e9thodes \u00e9prouv\u00e9es inspir\u00e9es des meilleures pratiques Agiles afin de livrer rapidement des r\u00e9sultats et permettre \u00e0 nos clients d\u2019assurer la rentabilit\u00e9 de leur investissement.<\/p><\/div><\/div><\/div><\/div><\/div><div style=\"height:80px\" aria-hidden=\"true\" class=\"wp-block-spacer\"><\/div><div class=\"wp-block-uagb-advanced-heading uagb-block-910f8ab0\"><h2 class=\"uagb-heading-text\">Passez au num\u00e9rique : transformez votre organisation<\/h2><\/div><div class=\"wp-block-uagb-container uagb-block-b2b2a9ff alignfull uagb-is-root-container\"><div class=\"uagb-container-inner-blocks-wrap\"><div class=\"wp-block-uagb-container uagb-block-c4adeb21\"><figure class=\"wp-block-image size-full\"><img loading=\"lazy\" decoding=\"async\" width=\"555\" height=\"313\" src=\"https:\/\/www.directimpactsolutions.com\/wp-content\/uploads\/2021\/06\/expertise-web-2.jpeg\" alt=\"\" class=\"wp-image-427\" srcset=\"https:\/\/www.directimpactsolutions.com\/wp-content\/uploads\/2021\/06\/expertise-web-2.jpeg 555w, https:\/\/www.directimpactsolutions.com\/wp-content\/uploads\/2021\/06\/expertise-web-2-300x169.jpeg 300w, https:\/\/www.directimpactsolutions.com\/wp-content\/uploads\/2021\/06\/expertise-web-2-480x271.jpeg 480w\" sizes=\"auto, (max-width: 555px) 100vw, 555px\" \/><\/figure>\n\n<div class=\"wp-block-uagb-container uagb-block-745d6273\"><div class=\"inherit-container-width wp-block-group is-layout-constrained wp-block-group-is-layout-constrained\"><h3 class=\"wp-block-heading has-ast-global-color-2-color has-text-color\">Programmeurs d\u2019applications Web<\/h3>\n\n<p>Lorsqu\u2019il est temps de partager des informations avec vos clients, vos membres ou vos fournisseurs, Direct Impact peut concevoir les applications Web sur mesure qu\u2019il vous faut, que ce soit sous forme d\u2019extranet, d\u2019intranet ou de site transactionnel. Nous sommes exp\u00e9riment\u00e9s dans la cr\u00e9ation de portails clients, d\u2019applications satellites et d\u2019applications Web progressives.<\/p>\n\n<p><a href=\"https:\/\/www.directimpactsolutions.com\/fr\/applications-web\/\">En savoir plus \u00e0 propos de nos applications Web &gt;&gt;<\/a><\/p>\n\n<p><a href=\"https:\/\/www.directimpactsolutions.com\/fr\/laravel\/\">En savoir plus \u00e0 propos de Laravel &gt;&gt;<\/a><\/p><\/div><\/div><\/div>\n\n<div class=\"wp-block-uagb-container uagb-block-239ff370\"><div class=\"wp-block-uagb-image uagb-block-b12e61da wp-block-uagb-image--layout-default wp-block-uagb-image--effect-static wp-block-uagb-image--align-none\"><figure class=\"wp-block-uagb-image__figure\"><img decoding=\"async\" srcset=\"https:\/\/www.directimpactsolutions.com\/wp-content\/uploads\/2021\/06\/filemaker-18.jpeg \" sizes=\"auto, (max-width: 480px) 150px\" src=\"https:\/\/www.directimpactsolutions.com\/wp-content\/uploads\/2021\/06\/filemaker-18.jpeg\" alt=\"\" class=\"uag-image-315\" width=\"555\" height=\"300\" title=\"\" loading=\"lazy\" role=\"img\"\/><\/figure><\/div>\n\n<div class=\"wp-block-uagb-container uagb-block-de4c7b5b\"><div class=\"inherit-container-width wp-block-group is-layout-constrained wp-block-group-is-layout-constrained\"><h3 class=\"wp-block-heading has-ast-global-color-2-color has-text-color\">Consultants et d\u00e9veloppeurs certifi\u00e9s<\/h3>\n\n<p>Afin de faire de votre projet une r\u00e9alit\u00e9, notre \u00e9quipe est compos\u00e9e de d\u00e9veloppeurs certifi\u00e9s Claris FileMaker\u00ae et OutSystems\u00ae, ainsi que de professionnels certifi\u00e9s de la vente et des licences. Notre \u00e9quipe d\u2019experts peut vous aider \u00e0 r\u00e9aliser des gains d\u2019efficacit\u00e9 et \u00e0 configurer des int\u00e9grations pour relier vos syst\u00e8mes logiciels actuels \u00e0 votre nouvelle application.<\/p>\n\n<p><a href=\"https:\/\/www.directimpactsolutions.com\/fr\/claris-filemaker\/\">En savoir plus \u00e0 propos de Claris FileMaker &gt;&gt;<\/a><\/p>\n\n<p><a href=\"https:\/\/www.directimpactsolutions.com\/fr\/outsystems\/\">En savoir plus \u00e0 propos d\u2019OutSystems &gt;&gt;<\/a><\/p><\/div><\/div><\/div><\/div><\/div>","protected":false},"excerpt":{"rendered":"<p>L&rsquo;\u00e9quipe de Direct Impact Jetez un coup d\u2019oeil derri\u00e8re les coulisses et rencontrez les personnes qui op\u00e8rent la magie. Votre entreprise est unique. Nous le comprenons depuis 1996. C\u2019est pourquoi nous accordons une attention particuli\u00e8re \u00e0 chaque syst\u00e8me de gestion que nous d\u00e9veloppons pour nos clients afin qu\u2019il r\u00e9ponde \u00e0 vos besoins d\u2019affaires pr\u00e9cis. Notre &hellip;<\/p>\n<p class=\"read-more\"> <a class=\"\" href=\"https:\/\/www.directimpactsolutions.com\/fr\/equipe\/\"> <span class=\"screen-reader-text\">\u00c9quipe<\/span> Lire la suite >><\/a><\/p>\n","protected":false},"author":1,"featured_media":0,"parent":0,"menu_order":0,"comment_status":"closed","ping_status":"closed","template":"","meta":{"inline_featured_image":false,"_uag_custom_page_level_css":"","site-sidebar-layout":"default","site-content-layout":"","ast-site-content-layout":"default","site-content-style":"default","site-sidebar-style":"default","ast-global-header-display":"","ast-banner-title-visibility":"","ast-main-header-display":"","ast-hfb-above-header-display":"","ast-hfb-below-header-display":"","ast-hfb-mobile-header-display":"","site-post-title":"disabled","ast-breadcrumbs-content":"","ast-featured-img":"","footer-sml-layout":"","theme-transparent-header-meta":"","adv-header-id-meta":"","stick-header-meta":"","header-above-stick-meta":"","header-main-stick-meta":"","header-below-stick-meta":"","astra-migrate-meta-layouts":"set","footnotes":""},"class_list":["post-1384","page","type-page","status-publish","hentry"],"uagb_featured_image_src":{"full":false,"thumbnail":false,"medium":false,"medium_large":false,"large":false,"1536x1536":false,"2048x2048":false,"woocommerce_thumbnail":false,"woocommerce_single":false,"woocommerce_gallery_thumbnail":false},"uagb_author_info":{"display_name":"idi","author_link":"https:\/\/www.directimpactsolutions.com\/fr\/author\/idi\/"},"uagb_comment_info":0,"uagb_excerpt":"L&rsquo;\u00e9quipe de Direct Impact Jetez un coup d\u2019oeil derri\u00e8re les coulisses et rencontrez les personnes qui op\u00e8rent la magie. Votre entreprise est unique. Nous le comprenons depuis 1996. C\u2019est pourquoi nous accordons une attention particuli\u00e8re \u00e0 chaque syst\u00e8me de gestion que nous d\u00e9veloppons pour nos clients afin qu\u2019il r\u00e9ponde \u00e0 vos besoins d\u2019affaires pr\u00e9cis. Notre\u2026","_links":{"self":[{"href":"https:\/\/www.directimpactsolutions.com\/fr\/wp-json\/wp\/v2\/pages\/1384","targetHints":{"allow":["GET"]}}],"collection":[{"href":"https:\/\/www.directimpactsolutions.com\/fr\/wp-json\/wp\/v2\/pages"}],"about":[{"href":"https:\/\/www.directimpactsolutions.com\/fr\/wp-json\/wp\/v2\/types\/page"}],"author":[{"embeddable":true,"href":"https:\/\/www.directimpactsolutions.com\/fr\/wp-json\/wp\/v2\/users\/1"}],"replies":[{"embeddable":true,"href":"https:\/\/www.directimpactsolutions.com\/fr\/wp-json\/wp\/v2\/comments?post=1384"}],"version-history":[{"count":105,"href":"https:\/\/www.directimpactsolutions.com\/fr\/wp-json\/wp\/v2\/pages\/1384\/revisions"}],"predecessor-version":[{"id":19497,"href":"https:\/\/www.directimpactsolutions.com\/fr\/wp-json\/wp\/v2\/pages\/1384\/revisions\/19497"}],"wp:attachment":[{"href":"https:\/\/www.directimpactsolutions.com\/fr\/wp-json\/wp\/v2\/media?parent=1384"}],"curies":[{"name":"wp","href":"https:\/\/api.w.org\/{rel}","templated":true}]}}