{"id":1403,"date":"2021-07-13T22:35:50","date_gmt":"2021-07-13T22:35:50","guid":{"rendered":"https:\/\/blog.directimpact.test-idi.ca\/applications-web\/"},"modified":"2024-10-01T04:05:12","modified_gmt":"2024-10-01T04:05:12","slug":"applications-web","status":"publish","type":"page","link":"https:\/\/www.directimpactsolutions.com\/fr\/applications-web\/","title":{"rendered":"Applications Web"},"content":{"rendered":"<div class=\"wp-block-uagb-container uagb-block-88527568 alignfull uagb-is-root-container\"><div class=\"uagb-container__shape uagb-container__shape-bottom uagb-container__invert\" data-negative=\"false\"><svg xmlns=\"https:\/\/www.w3.org\/2000\/svg\" viewBox=\"0 0 1000 100\" preserveAspectRatio=\"none\"><path class=\"uagb-container__shape-fill\" d=\"M500,98.9L0,6.1V0h1000v6.1L500,98.9z\"><\/path><\/svg><\/div><div class=\"uagb-container-inner-blocks-wrap\"><div style=\"height:40px\" aria-hidden=\"true\" class=\"wp-block-spacer\"><\/div>\n\n<h1 class=\"wp-block-heading has-ast-global-color-1-color has-text-color\" style=\"font-style:normal;font-weight:400\">Applications Web<\/h1>\n\n<h2 class=\"wp-block-heading has-ast-global-color-1-color has-text-color\" style=\"font-size:16px\"><a href=\"http:\/\/www.directimpactsolutions.com\/en\/\">Direct Impact<\/a> favorise la r\u00e9ussite de votre transformation num\u00e9rique par la conception d\u2019applications Web et mobiles de tous genres. Notre expertise couvre plusieurs technologies, telles que Laravel, PHP, MySQL, et plus encore. Cela nous permet d\u2019avoir la flexibilit\u00e9 n\u00e9cessaire pour choisir celles qui conviennent le mieux \u00e0 votre situation.<\/h2>\n\n<div style=\"height:40px\" aria-hidden=\"true\" class=\"wp-block-spacer\"><\/div><\/div><\/div><div style=\"height:80px\" aria-hidden=\"true\" class=\"wp-block-spacer\"><\/div><h2 class=\"wp-block-heading has-large-font-size\" style=\"font-style:normal;font-weight:400\">Pourquoi les solutions sur mesure de Direct Impact?<\/h2><div class=\"wp-block-uagb-container uagb-block-7ca73aff alignfull uagb-is-root-container\"><div class=\"uagb-container-inner-blocks-wrap\"><div class=\"wp-block-uagb-container uagb-block-97f0b4b6\"><div class=\"wp-block-uagb-info-box uagb-block-fc788b3d uagb-infobox__content-wrap  uagb-infobox-icon-above-title uagb-infobox-image-valign-top\"><div class=\"uagb-ifb-content\"><div class=\"uagb-ifb-image-content\"><img decoding=\"async\" src=\"https:\/\/www.directimpactsolutions.com\/wp-content\/uploads\/2022\/02\/web-app-performante-2-new.jpeg\" alt=\"\" width=\"60\" height=\"55\" loading=\"lazy\"\/><\/div><div class=\"uagb-ifb-title-wrap\"><h3 class=\"uagb-ifb-title\">Des applications Web performantes<\/h3><\/div><p class=\"uagb-ifb-desc\">Am\u00e9liorez votre productivit\u00e9 et gagnez du temps gr\u00e2ce \u00e0 nos applications Web pour vous concentrer sur les activit\u00e9s \u00e0 valeur ajout\u00e9e.<\/p><\/div><\/div><\/div>\n\n<div class=\"wp-block-uagb-container uagb-block-da330dcc\"><div class=\"wp-block-uagb-info-box uagb-block-56ad9dc5 uagb-infobox__content-wrap  uagb-infobox-icon-above-title uagb-infobox-image-valign-top\"><div class=\"uagb-ifb-content\"><div class=\"uagb-ifb-image-content\"><img decoding=\"async\" src=\"https:\/\/www.directimpactsolutions.com\/wp-content\/uploads\/2022\/02\/web-relation-affaires-new.jpeg\" alt=\"\" width=\"60\" height=\"55\" loading=\"lazy\"\/><\/div><div class=\"uagb-ifb-title-wrap\"><h3 class=\"uagb-ifb-title\">Une relation d\u2019affaires solide<\/h3><\/div><p class=\"uagb-ifb-desc\">Solidifiez la relation d\u2019affaires avec vos clients, vos membres ou vos fournisseurs en leur permettant de faire des op\u00e9rations en ligne.<\/p><\/div><\/div><\/div>\n\n<div class=\"wp-block-uagb-container uagb-block-f716f149\"><div class=\"wp-block-uagb-info-box uagb-block-a531f7c8 uagb-infobox__content-wrap  uagb-infobox-icon-above-title uagb-infobox-image-valign-top\"><div class=\"uagb-ifb-content\"><div class=\"uagb-ifb-image-content\"><img decoding=\"async\" src=\"https:\/\/www.directimpactsolutions.com\/wp-content\/uploads\/2021\/06\/web-disponibilites-4.jpeg\" alt=\"\" width=\"60\" height=\"55\" loading=\"lazy\"\/><\/div><div class=\"uagb-ifb-title-wrap\"><h3 class=\"uagb-ifb-title\">Disponibilit\u00e9 24\/7<\/h3><\/div><p class=\"uagb-ifb-desc\">Vous pourrez d\u00e9sormais recevoir et partager les informations de votre choix de fa\u00e7on s\u00e9curitaire en tout temps et de n\u2019importe quel endroit.<\/p><\/div><\/div><\/div><\/div><\/div><div style=\"height:20px\" aria-hidden=\"true\" class=\"wp-block-spacer\"><\/div><p class=\"has-ast-global-color-0-color has-text-color\" style=\"font-size:16px\">Simplifiez vos processus op\u00e9rationnels avec une <strong>application Web ou mobile<\/strong>. Notre vaste exp\u00e9rience dans le d\u00e9veloppement de logiciels et de sites Web nous permet de g\u00e9rer des projets depuis le concept initial jusqu\u2019\u00e0 la mise en place et au-del\u00e0. Notre \u00e9quipe d\u2019experts certifi\u00e9s et exp\u00e9riment\u00e9s r\u00e9aliseront vos projets Web et mobiles en concevant des solutions qui r\u00e9pondent \u00e0 vos attentes et qui vous permettront de vous d\u00e9marquer de vos concurrents.<\/p><div style=\"height:80px\" aria-hidden=\"true\" class=\"wp-block-spacer\"><\/div><h3 class=\"wp-block-heading has-large-font-size\" style=\"font-style:normal;font-weight:400\">Que sont les applications Web ?<\/h3><p>Les applications Web sont des logiciels con\u00e7us pour \u00eatre ex\u00e9cut\u00e9s sur le Web. Elles sont souvent cr\u00e9\u00e9es \u00e0 l&rsquo;aide de HTML, CSS et JavaScript, mais peuvent \u00e9galement \u00eatre cr\u00e9\u00e9es \u00e0 l&rsquo;aide d&rsquo;autres langages de programmation, tels que PHP. Ce type d\u2019appli peut \u00eatre utilis\u00e9 pour cr\u00e9er des sites Web interactifs, des boutiques en ligne et bien d&rsquo;autres plus. Les applications Web sont con\u00e7ues pour fonctionner sur un navigateur Web. Elles diff\u00e8rent donc des applications mobiles en ce sens qu&rsquo;elles sont universellement utiles et ne n\u00e9cessitent pas un appareil particulier (ex. : iPhone, Android, ordinateur portable) pour une exp\u00e9rience optimale.<\/p><div style=\"height:80px\" aria-hidden=\"true\" class=\"wp-block-spacer\"><\/div><h3 class=\"wp-block-heading has-large-font-size\" style=\"font-style:normal;font-weight:400\">Passez au num\u00e9rique avec votre application personnalis\u00e9e<\/h3><div class=\"wp-block-uagb-container uagb-block-0c5ac03b alignfull uagb-is-root-container\"><div class=\"uagb-container-inner-blocks-wrap\"><div class=\"inherit-container-width wp-block-group is-layout-constrained wp-block-group-is-layout-constrained\"><h4 class=\"wp-block-heading has-ast-global-color-2-color has-text-color\" style=\"margin-top:0;margin-right:0;margin-bottom:0;margin-left:0\">Applications Web personnalis\u00e9es<\/h4>\n\n<p style=\"margin-top:0;margin-right:0;margin-bottom:0;margin-left:0\">Que ce soit pour un intranet ou un extranet, nos d\u00e9veloppeurs Web poss\u00e8dent toute l\u2019exp\u00e9rience requise pour mettre en place des formulaires et applications Web s\u00e9curitaires qui r\u00e9pondent \u00e0 vos besoins d\u2019affaires pr\u00e9cis. Nous pouvons concevoir ces applications au moyen des technologies PHP, MySQL, <a href=\"https:\/\/www.directimpactsolutions.com\/fr\/developpement-web-laravel\/\" data-type=\"URL\" data-id=\"https:\/\/www.directimpactsolutions.com\/fr\/developpement-web-laravel\/\">Laravel<\/a> et <a href=\"https:\/\/www.directimpactsolutions.com\/fr\/claris-filemaker\/\">FileMaker<\/a>.<\/p>\n\n<h6 class=\"wp-block-heading has-ast-global-color-2-color has-text-color\" style=\"margin-top:0;margin-right:0;margin-bottom:0;margin-left:0\">Nous transformons vos id\u00e9es en r\u00e9alit\u00e9 plus rapidement que vous ne l\u2019auriez cru possible.<\/h6>\n\n<ul class=\"wp-block-list\" style=\"margin-top:0;margin-right:0;margin-bottom:0;margin-left:0\"><li>Experts en m\u00e9thodes de conception Web fluides et adaptables<\/li>\n\n<li>Applications s\u00e9curis\u00e9es et fiables qui sont faciles \u00e0 g\u00e9rer<\/li>\n\n<li>Nous vous aidons \u00e0 d\u00e9finir les besoins d\u2019affaires de votre entreprise<\/li>\n\n<li>Qualifi\u00e9 avec les plateformes de d\u00e9ploiement Web traditionnelles ainsi que les nouvelles technologies mobiles \u00e9mergentes<\/li>\n\n<li>Interfaces et exp\u00e9riences utilisateur \u00e0 couper le souffle<\/li><\/ul>\n\n<p style=\"margin-top:0;margin-right:0;margin-bottom:0;margin-left:0\">Nous pouvons aider \u00e0 faire du commerce \u00e9lectronique une r\u00e9alit\u00e9 pour votre entreprise. Vous pourrez cr\u00e9er des catalogues de produits personnalis\u00e9s avec des paniers d\u2019achat en ligne, recevoir des paiements s\u00e9curis\u00e9s par carte de cr\u00e9dit et suivre les livraisons \u00e9lectroniques ou postales.<\/p><\/div>\n\n<figure class=\"wp-block-image size-full is-style-default\"><img loading=\"lazy\" decoding=\"async\" width=\"600\" height=\"401\" src=\"https:\/\/www.directimpactsolutions.com\/wp-content\/uploads\/2021\/06\/site-mobile.png\" alt=\"\" class=\"wp-image-364\" srcset=\"https:\/\/www.directimpactsolutions.com\/wp-content\/uploads\/2021\/06\/site-mobile.png 600w, https:\/\/www.directimpactsolutions.com\/wp-content\/uploads\/2021\/06\/site-mobile-300x201.png 300w, https:\/\/www.directimpactsolutions.com\/wp-content\/uploads\/2021\/06\/site-mobile-480x321.png 480w\" sizes=\"auto, (max-width: 600px) 100vw, 600px\" \/><\/figure><\/div><\/div><div style=\"height:100px\" aria-hidden=\"true\" class=\"wp-block-spacer\"><\/div><h2 class=\"wp-block-heading has-large-font-size\" style=\"font-style:normal;font-weight:400\">D\u00e9veloppement d\u2019applications mobiles<\/h2><div class=\"wp-block-uagb-container uagb-block-95eddc1c alignwide uagb-is-root-container\"><figure class=\"wp-block-image size-full has-custom-border is-style-rounded\"><img loading=\"lazy\" decoding=\"async\" width=\"600\" height=\"400\" src=\"https:\/\/www.directimpactsolutions.com\/wp-content\/uploads\/2021\/06\/portail-web-laravel.jpeg\" alt=\"Applications Web\" class=\"wp-image-363\" style=\"border-radius:10px\" srcset=\"https:\/\/www.directimpactsolutions.com\/wp-content\/uploads\/2021\/06\/portail-web-laravel.jpeg 600w, https:\/\/www.directimpactsolutions.com\/wp-content\/uploads\/2021\/06\/portail-web-laravel-300x200.jpeg 300w, https:\/\/www.directimpactsolutions.com\/wp-content\/uploads\/2021\/06\/portail-web-laravel-480x320.jpeg 480w\" sizes=\"auto, (max-width: 600px) 100vw, 600px\" \/><\/figure>\n\n<div class=\"inherit-container-width wp-block-group is-layout-constrained wp-block-group-is-layout-constrained\"><h4 class=\"wp-block-heading has-ast-global-color-2-color has-text-color\" style=\"margin-top:var(--wp--preset--spacing--20);margin-right:var(--wp--preset--spacing--20);margin-bottom:var(--wp--preset--spacing--20);margin-left:var(--wp--preset--spacing--20);font-size:24px\">Vos donn\u00e9es, o\u00f9 et quand vous le souhaitez<\/h4>\n\n<p style=\"margin-top:var(--wp--preset--spacing--20);margin-right:var(--wp--preset--spacing--20);margin-bottom:var(--wp--preset--spacing--20);margin-left:var(--wp--preset--spacing--20)\">Offrir des applications mobiles avant-garde.<\/p>\n\n<p style=\"margin-top:var(--wp--preset--spacing--20);margin-right:var(--wp--preset--spacing--20);margin-bottom:var(--wp--preset--spacing--20);margin-left:var(--wp--preset--spacing--20)\">Que vous recherchiez un outil de liste de contr\u00f4le simple ou un ajout complexe \u00e0 votre CRM, nous avons ce qu\u2019il vous faut. Gr\u00e2ce \u00e0 notre d\u00e9veloppement d\u2019applications mobiles, nous vous offrons un acc\u00e8s efficace, flexible et fiable \u00e0 vos donn\u00e9es o\u00f9 que vous soyez. Nous vous donnerons les moyens de cr\u00e9er des exp\u00e9riences efficaces qui uniformisent les flux de travail complexes.<\/p>\n\n<h4 class=\"wp-block-heading has-ast-global-color-2-color has-text-color has-medium-font-size\" style=\"margin-top:var(--wp--preset--spacing--20);margin-right:var(--wp--preset--spacing--20);margin-bottom:var(--wp--preset--spacing--20);margin-left:var(--wp--preset--spacing--20)\">Experts en d\u00e9veloppement mobiles<\/h4>\n\n<p style=\"margin-top:var(--wp--preset--spacing--20);margin-right:var(--wp--preset--spacing--20);margin-bottom:var(--wp--preset--spacing--20);margin-left:var(--wp--preset--spacing--20)\">Nous allons encore plus loin.<\/p>\n\n<p style=\"margin-top:var(--wp--preset--spacing--20);margin-right:var(--wp--preset--spacing--20);margin-bottom:var(--wp--preset--spacing--20);margin-left:var(--wp--preset--spacing--20)\">Avec plus de 25 ans d\u2019exp\u00e9rience en d\u00e9veloppement de logiciels personnalis\u00e9s, Direct Impact Solutions fournira \u00e0 votre entreprise le logiciel personnalis\u00e9 le plus efficace qui am\u00e9liore les processus sp\u00e9cifiques de votre entreprise.<\/p>\n\n<p style=\"margin-top:var(--wp--preset--spacing--20);margin-right:var(--wp--preset--spacing--20);margin-bottom:var(--wp--preset--spacing--20);margin-left:var(--wp--preset--spacing--20)\">Vous \u00eates impliqu\u00e9 dans l\u2019ensemble du processus de conception et de d\u00e9veloppement, du concept initial \u00e0 la mise en application compl\u00e8te et au-del\u00e0. Apr\u00e8s tout, c\u2019est votre syst\u00e8me \u2014 nous le construisons pour vous.<\/p>\n\n<p style=\"margin-top:var(--wp--preset--spacing--20);margin-right:var(--wp--preset--spacing--20);margin-bottom:var(--wp--preset--spacing--20);margin-left:var(--wp--preset--spacing--20)\">Nous vous emm\u00e8nerons au-del\u00e0 du logiciel.<\/p><\/div><\/div><div style=\"height:40px\" aria-hidden=\"true\" class=\"wp-block-spacer\"><\/div><h2 class=\"wp-block-heading\" style=\"font-style:normal;font-weight:400\">FAQ applications Web<\/h2><div class=\"wp-block-uagb-faq uagb-faq__outer-wrap uagb-block-a8f00b68 uagb-faq-icon-row uagb-faq-layout-accordion uagb-faq-expand-first-true uagb-faq-inactive-other-true uagb-faq__wrap uagb-buttons-layout-wrap uagb-faq-equal-height     \" data-faqtoggle=\"true\" role=\"tablist\"><div class=\"wp-block-uagb-faq-child uagb-faq-child__outer-wrap uagb-faq-item uagb-block-aff1d85f \" role=\"tab\" tabindex=\"0\"><div class=\"uagb-faq-questions-button uagb-faq-questions\">\t\t\t<span class=\"uagb-icon uagb-faq-icon-wrap\">\n\t\t\t\t\t\t\t\t<svg xmlns=\"https:\/\/www.w3.org\/2000\/svg\" viewBox= \"0 0 448 512\"><path d=\"M432 256c0 17.69-14.33 32.01-32 32.01H256v144c0 17.69-14.33 31.99-32 31.99s-32-14.3-32-31.99v-144H48c-17.67 0-32-14.32-32-32.01s14.33-31.99 32-31.99H192v-144c0-17.69 14.33-32.01 32-32.01s32 14.32 32 32.01v144h144C417.7 224 432 238.3 432 256z\"><\/path><\/svg>\n\t\t\t\t\t\t\t<\/span>\n\t\t\t\t\t\t<span class=\"uagb-icon-active uagb-faq-icon-wrap\">\n\t\t\t\t\t\t\t\t<svg xmlns=\"https:\/\/www.w3.org\/2000\/svg\" viewBox= \"0 0 448 512\"><path d=\"M400 288h-352c-17.69 0-32-14.32-32-32.01s14.31-31.99 32-31.99h352c17.69 0 32 14.3 32 31.99S417.7 288 400 288z\"><\/path><\/svg>\n\t\t\t\t\t\t\t<\/span>\n\t\t\t<span class=\"uagb-question\"><strong>What are the advantages of choosing custom web applications over off-the-shelf solutions?<\/strong><\/span><\/div><div class=\"uagb-faq-content\"><p>Custom web applications offer several advantages over off-the-shelf solutions:<br><br><strong>Tailored functionality:<\/strong> Custom web applications are built to cater to the specific needs and requirements of your business. This ensures that the features and functionalities align with your business processes, improving overall efficiency and productivity.<br><br><strong>Scalability:<\/strong> Custom web applications can be easily scaled as your business grows, allowing for seamless integration of new features and functionalities. This helps avoid the limitations and constraints often associated with off-the-shelf solutions.<br><br><strong>Competitive edge:<\/strong> Having a custom web application can give your business a competitive advantage by providing unique features and capabilities that cater to your target audience&rsquo;s needs, ultimately setting you apart from your competitors.<br><br><strong>Integration:<\/strong> Custom web applications can be designed to integrate seamlessly with your existing systems, ensuring smooth data flow and communication between various platforms.<br><br><strong>Enhanced security:<\/strong> Custom web applications can be developed with robust security measures tailored to your business&rsquo;s specific requirements, ensuring better protection against potential threats.<\/p><\/div><\/div><div class=\"wp-block-uagb-faq-child uagb-faq-child__outer-wrap uagb-faq-item uagb-block-be88d023 \" role=\"tab\" tabindex=\"0\"><div class=\"uagb-faq-questions-button uagb-faq-questions\">\t\t\t<span class=\"uagb-icon uagb-faq-icon-wrap\">\n\t\t\t\t\t\t\t\t<svg xmlns=\"https:\/\/www.w3.org\/2000\/svg\" viewBox= \"0 0 448 512\"><path d=\"M432 256c0 17.69-14.33 32.01-32 32.01H256v144c0 17.69-14.33 31.99-32 31.99s-32-14.3-32-31.99v-144H48c-17.67 0-32-14.32-32-32.01s14.33-31.99 32-31.99H192v-144c0-17.69 14.33-32.01 32-32.01s32 14.32 32 32.01v144h144C417.7 224 432 238.3 432 256z\"><\/path><\/svg>\n\t\t\t\t\t\t\t<\/span>\n\t\t\t\t\t\t<span class=\"uagb-icon-active uagb-faq-icon-wrap\">\n\t\t\t\t\t\t\t\t<svg xmlns=\"https:\/\/www.w3.org\/2000\/svg\" viewBox= \"0 0 448 512\"><path d=\"M400 288h-352c-17.69 0-32-14.32-32-32.01s14.31-31.99 32-31.99h352c17.69 0 32 14.3 32 31.99S417.7 288 400 288z\"><\/path><\/svg>\n\t\t\t\t\t\t\t<\/span>\n\t\t\t<span class=\"uagb-question\"><strong>What is the process of developing custom web applications from concept to completion?<\/strong><\/span><\/div><div class=\"uagb-faq-content\"><p>The process of developing custom web applications typically involves the following stages:<br><br><strong>Discovery &amp; Planning:<\/strong> This phase involves understanding your business needs, identifying requirements, and creating a project roadmap.<br><br><strong>Design:<\/strong> <br><br><strong>Development &amp; Design:<\/strong> Programmers and developers write the code to build the web application, implementing the required features and functionalities. User interfaces (UIs) and prototypes are created to enhance the look and feel of the web application.<br><br><strong>Testing &amp; Quality Assurance:<\/strong> Rigorous testing is conducted to ensure the application is bug-free, secure, and performs optimally across different devices and browsers.<br><br><strong>Deployment:<\/strong> The web application is launched and made accessible to users.<br><br><strong>Maintenance &amp; Support:<\/strong> Ongoing maintenance and support services are provided to keep the web application updated, secure, and functioning smoothly.<\/p><\/div><\/div><div class=\"wp-block-uagb-faq-child uagb-faq-child__outer-wrap uagb-faq-item uagb-block-8a89dcc6 \" role=\"tab\" tabindex=\"0\"><div class=\"uagb-faq-questions-button uagb-faq-questions\">\t\t\t<span class=\"uagb-icon uagb-faq-icon-wrap\">\n\t\t\t\t\t\t\t\t<svg xmlns=\"https:\/\/www.w3.org\/2000\/svg\" viewBox= \"0 0 448 512\"><path d=\"M432 256c0 17.69-14.33 32.01-32 32.01H256v144c0 17.69-14.33 31.99-32 31.99s-32-14.3-32-31.99v-144H48c-17.67 0-32-14.32-32-32.01s14.33-31.99 32-31.99H192v-144c0-17.69 14.33-32.01 32-32.01s32 14.32 32 32.01v144h144C417.7 224 432 238.3 432 256z\"><\/path><\/svg>\n\t\t\t\t\t\t\t<\/span>\n\t\t\t\t\t\t<span class=\"uagb-icon-active uagb-faq-icon-wrap\">\n\t\t\t\t\t\t\t\t<svg xmlns=\"https:\/\/www.w3.org\/2000\/svg\" viewBox= \"0 0 448 512\"><path d=\"M400 288h-352c-17.69 0-32-14.32-32-32.01s14.31-31.99 32-31.99h352c17.69 0 32 14.3 32 31.99S417.7 288 400 288z\"><\/path><\/svg>\n\t\t\t\t\t\t\t<\/span>\n\t\t\t<span class=\"uagb-question\"><strong>How do custom web applications help businesses scale and grow in the long term?<\/strong><\/span><\/div><div class=\"uagb-faq-content\"><p>Custom web applications play a vital role in the growth and scalability of businesses by:<br><br><strong>Enhancing efficiency:<\/strong> Custom web applications streamline business processes and automate tasks, leading to improved efficiency and reduced operational costs.<br><br><strong>Facilitating data-driven decision-making:<\/strong> Custom web applications can help businesses collect, analyze, and visualize data, enabling data-driven decision-making and informed strategies for growth.<br><br><strong>Adapting to change:<\/strong> As your business grows and evolves, custom web applications can be updated and modified to accommodate new requirements and features, ensuring that your digital presence remains relevant and competitive.<br><br><strong>Improving customer engagement:<\/strong> Custom web applications can provide personalized and engaging user experiences, fostering customer loyalty and increasing customer retention.<br><br><strong>Integrating with other systems:<\/strong> Custom web applications can be integrated with other business systems, allowing for seamless data exchange and efficient communication between platforms, ultimately facilitating growth and expansion.<\/p><\/div><\/div><\/div><div style=\"height:40px\" aria-hidden=\"true\" class=\"wp-block-spacer\"><\/div>","protected":false},"excerpt":{"rendered":"<p>Applications Web Direct Impact favorise la r\u00e9ussite de votre transformation num\u00e9rique par la conception d\u2019applications Web et mobiles de tous genres. Notre expertise couvre plusieurs technologies, telles que Laravel, PHP, MySQL, et plus encore. Cela nous permet d\u2019avoir la flexibilit\u00e9 n\u00e9cessaire pour choisir celles qui conviennent le mieux \u00e0 votre situation. Pourquoi les solutions sur &hellip;<\/p>\n<p class=\"read-more\"> <a class=\"\" href=\"https:\/\/www.directimpactsolutions.com\/fr\/applications-web\/\"> <span class=\"screen-reader-text\">Applications Web<\/span> Lire la suite >><\/a><\/p>\n","protected":false},"author":2,"featured_media":0,"parent":0,"menu_order":0,"comment_status":"closed","ping_status":"closed","template":"","meta":{"inline_featured_image":false,"_uag_custom_page_level_css":"","site-sidebar-layout":"default","site-content-layout":"","ast-site-content-layout":"default","site-content-style":"default","site-sidebar-style":"default","ast-global-header-display":"","ast-banner-title-visibility":"","ast-main-header-display":"","ast-hfb-above-header-display":"","ast-hfb-below-header-display":"","ast-hfb-mobile-header-display":"","site-post-title":"disabled","ast-breadcrumbs-content":"","ast-featured-img":"","footer-sml-layout":"","theme-transparent-header-meta":"","adv-header-id-meta":"","stick-header-meta":"","header-above-stick-meta":"","header-main-stick-meta":"","header-below-stick-meta":"","astra-migrate-meta-layouts":"set","footnotes":""},"class_list":["post-1403","page","type-page","status-publish","hentry"],"uagb_featured_image_src":{"full":false,"thumbnail":false,"medium":false,"medium_large":false,"large":false,"1536x1536":false,"2048x2048":false,"woocommerce_thumbnail":false,"woocommerce_single":false,"woocommerce_gallery_thumbnail":false},"uagb_author_info":{"display_name":"Eleanor Fulton","author_link":"https:\/\/www.directimpactsolutions.com\/fr\/author\/eleanor-fulton\/"},"uagb_comment_info":0,"uagb_excerpt":"Applications Web Direct Impact favorise la r\u00e9ussite de votre transformation num\u00e9rique par la conception d\u2019applications Web et mobiles de tous genres. Notre expertise couvre plusieurs technologies, telles que Laravel, PHP, MySQL, et plus encore. Cela nous permet d\u2019avoir la flexibilit\u00e9 n\u00e9cessaire pour choisir celles qui conviennent le mieux \u00e0 votre situation. Pourquoi les solutions sur\u2026","_links":{"self":[{"href":"https:\/\/www.directimpactsolutions.com\/fr\/wp-json\/wp\/v2\/pages\/1403","targetHints":{"allow":["GET"]}}],"collection":[{"href":"https:\/\/www.directimpactsolutions.com\/fr\/wp-json\/wp\/v2\/pages"}],"about":[{"href":"https:\/\/www.directimpactsolutions.com\/fr\/wp-json\/wp\/v2\/types\/page"}],"author":[{"embeddable":true,"href":"https:\/\/www.directimpactsolutions.com\/fr\/wp-json\/wp\/v2\/users\/2"}],"replies":[{"embeddable":true,"href":"https:\/\/www.directimpactsolutions.com\/fr\/wp-json\/wp\/v2\/comments?post=1403"}],"version-history":[{"count":47,"href":"https:\/\/www.directimpactsolutions.com\/fr\/wp-json\/wp\/v2\/pages\/1403\/revisions"}],"predecessor-version":[{"id":18438,"href":"https:\/\/www.directimpactsolutions.com\/fr\/wp-json\/wp\/v2\/pages\/1403\/revisions\/18438"}],"wp:attachment":[{"href":"https:\/\/www.directimpactsolutions.com\/fr\/wp-json\/wp\/v2\/media?parent=1403"}],"curies":[{"name":"wp","href":"https:\/\/api.w.org\/{rel}","templated":true}]}}