{"id":14895,"date":"2023-08-07T20:18:48","date_gmt":"2023-08-07T20:18:48","guid":{"rendered":"https:\/\/www.directimpactsolutions.com\/hebergement-web\/"},"modified":"2024-06-30T03:00:21","modified_gmt":"2024-06-30T03:00:21","slug":"hebergement-web","status":"publish","type":"page","link":"https:\/\/www.directimpactsolutions.com\/fr\/hebergement-web\/","title":{"rendered":"H\u00e9bergement Web"},"content":{"rendered":"<div class=\"wp-block-uagb-container uagb-block-ab9245d7 alignfull uagb-is-root-container\"><div class=\"uagb-container__shape uagb-container__shape-bottom uagb-container__invert\" data-negative=\"false\"><svg xmlns=\"https:\/\/www.w3.org\/2000\/svg\" viewBox=\"0 0 1000 100\" preserveAspectRatio=\"none\"><path class=\"uagb-container__shape-fill\" d=\"M500,98.9L0,6.1V0h1000v6.1L500,98.9z\"><\/path><\/svg><\/div><div class=\"uagb-container-inner-blocks-wrap\"><div style=\"height:20px\" aria-hidden=\"true\" class=\"wp-block-spacer\"><\/div>\n\n<h1 class=\"wp-block-heading has-ast-global-color-1-color has-text-color\" style=\"font-style:normal;font-weight:400\">H\u00e9bergement Web<\/h1>\n\n<p class=\"has-ast-global-color-1-color has-text-color\">Direct Impact Solutions | H\u00e9bergement AWS pour les applications Web<\/p>\n\n<div style=\"height:40px\" aria-hidden=\"true\" class=\"wp-block-spacer\"><\/div><\/div><\/div><div style=\"height:80px\" aria-hidden=\"true\" class=\"wp-block-spacer\"><\/div><h2 class=\"wp-block-heading\" style=\"font-style:normal;font-weight:400\">H\u00e9bergement Web AWS<\/h2><div class=\"wp-block-uagb-container uagb-block-86599a62 alignfull uagb-is-root-container\"><div class=\"uagb-container-inner-blocks-wrap\"><div class=\"wp-block-uagb-container uagb-block-b6186d31\"><div class=\"wp-block-uagb-info-box uagb-block-c25c89d7 uagb-infobox__content-wrap  uagb-infobox-icon-above-title uagb-infobox-image-valign-top\"><div class=\"uagb-ifb-content\"><div class=\"uagb-ifb-title-wrap\"><h3 class=\"uagb-ifb-title\">H\u00e9bergement infonuagique<\/h3><\/div><p class=\"uagb-ifb-desc\">Nous rendrons votre application Web accessible \u00e0 n&rsquo;importe qui sur n&rsquo;importe quel appareil dot\u00e9 d&rsquo;un navigateur Web. Nous utilisons AWS pour nos services d&rsquo;h\u00e9bergement, ce qui signifie que tu vous n\u2019avez pas \u00e0 vous inqui\u00e9ter des catastrophes naturelles qui pourraient compromettre vos donn\u00e9es. <\/p><\/div><\/div><\/div>\n\n<div class=\"wp-block-uagb-container uagb-block-9e7bc5cb\"><div class=\"wp-block-uagb-info-box uagb-block-f778288e uagb-infobox__content-wrap  uagb-infobox-icon-above-title uagb-infobox-image-valign-top\"><div class=\"uagb-ifb-content\"><div class=\"uagb-ifb-title-wrap\"><h3 class=\"uagb-ifb-title\">G\u00e9r\u00e9 par des experts<\/h3><\/div><p class=\"uagb-ifb-desc\">Nous nous occupons de la surveillance de votre serveur et des sauvegardes. Cela signifie que nous pouvons vous aider \u00e0 surveiller la sant\u00e9 de votre serveur, \u00e0 faire les mises \u00e0 jour n\u00e9cessaires et \u00e0 mettre en place des protocoles de s\u00e9curit\u00e9 stricts afin que vos donn\u00e9es soient prot\u00e9g\u00e9es et s\u00e9curis\u00e9es. <\/p><\/div><\/div><\/div>\n\n<div class=\"wp-block-uagb-container uagb-block-57ed2a72\"><div class=\"wp-block-uagb-info-box uagb-block-89008e21 uagb-infobox__content-wrap  uagb-infobox-icon-above-title uagb-infobox-image-valign-top\"><div class=\"uagb-ifb-content\"><div class=\"uagb-ifb-title-wrap\"><h3 class=\"uagb-ifb-title\">Options personnalis\u00e9es<\/h3><\/div><p class=\"uagb-ifb-desc\">Nous avons plusieurs options de taille disponibles, et nous pouvons vous aider \u00e0 choisir la bonne taille pour vos besoins exacts. Les consid\u00e9rations personnalis\u00e9es comprennent nos logiciels compl\u00e9mentaires pour des Go de stockage suppl\u00e9mentaires ou du trafic mensuel suppl\u00e9mentaire.<\/p><\/div><\/div><\/div><\/div><\/div><div style=\"height:80px\" aria-hidden=\"true\" class=\"wp-block-spacer\"><\/div><h2 class=\"wp-block-heading\" style=\"font-style:normal;font-weight:400\">Qu&rsquo;est-ce qui est inclus dans notre h\u00e9bergement Web ?<\/h2><figure class=\"wp-block-table\"><table><tbody><tr><td><strong>Forfait d\u2019h\u00e9bergement Web<\/strong>*<\/td><td><strong>Medium<\/strong><\/td><td><strong>Large<\/strong><\/td><td><strong>XLarge<\/strong><\/td><td><strong>2XLarge<\/strong><\/td><\/tr><tr><td>Processeurs<\/td><td>2<\/td><td>2<\/td><td>4<\/td><td>8<\/td><\/tr><tr><td>RAM<\/td><td>4 GB<\/td><td>8 GB<\/td><td>16 GB<\/td><td>32 GB<\/td><\/tr><tr><td>Espace disque SSD<\/td><td>50 GB<\/td><td>500 GB<\/td><td>500 GB<\/td><td>500 GB<\/td><\/tr><tr><td>Vitesse Internet<\/td><td>5 Gbps<\/td><td>10 Gbps<\/td><td>10 Gbps<\/td><td>10 Gbps<\/td><\/tr><tr><td>Trafic mensuel<\/td><td>50 GB<\/td><td>500 GB<\/td><td>500 GB<\/td><td>500 GB<\/td><\/tr><tr><td><strong>Inclusions<\/strong><\/td><td><\/td><td><\/td><td><\/td><td><\/td><\/tr><tr><td>Certificats SSL<\/td><td><strong>\u2713<\/strong><\/td><td><strong>\u2713<\/strong><\/td><td><strong>\u2713<\/strong><\/td><td><strong>\u2713<\/strong><\/td><\/tr><tr><td>Mises \u00e0 jour de s\u00e9curit\u00e9<\/td><td><strong>\u2713<\/strong><\/td><td><strong>\u2713<\/strong><\/td><td><strong>\u2713<\/strong><\/td><td><strong>\u2713<\/strong><\/td><\/tr><tr><td>Sauvegardes externes<\/td><td><strong>\u2713<\/strong><\/td><td><strong>\u2713<\/strong><\/td><td><strong>\u2713<\/strong><\/td><td><strong>\u2713<\/strong><\/td><\/tr><\/tbody><\/table><\/figure><p><strong>*Nous offrons de l&rsquo;espace de stockage et des sauvegardes suppl\u00e9mentaires, un pare-feu pour les applications Web et du trafic mensuel suppl\u00e9mentaire pour nos plans Large, X-Large et 2X-Large.<\/strong><\/p><div style=\"height:80px\" aria-hidden=\"true\" class=\"wp-block-spacer\"><\/div><div class=\"wp-block-uagb-container uagb-block-2ea315bd alignfull uagb-is-root-container\"><div class=\"uagb-container-inner-blocks-wrap\"><div class=\"wp-block-uagb-container uagb-block-e0241458\"><figure class=\"wp-block-image size-large has-custom-border\"><img loading=\"lazy\" decoding=\"async\" width=\"1024\" height=\"1024\" src=\"https:\/\/www.directimpactsolutions.com\/wp-content\/uploads\/2023\/08\/web-hosting-1024x1024.jpg\" alt=\"\" class=\"wp-image-14878\" style=\"border-radius:10px\" srcset=\"https:\/\/www.directimpactsolutions.com\/wp-content\/uploads\/2023\/08\/web-hosting-1024x1024.jpg 1024w, https:\/\/www.directimpactsolutions.com\/wp-content\/uploads\/2023\/08\/web-hosting-300x300.jpg 300w, https:\/\/www.directimpactsolutions.com\/wp-content\/uploads\/2023\/08\/web-hosting-150x150.jpg 150w, https:\/\/www.directimpactsolutions.com\/wp-content\/uploads\/2023\/08\/web-hosting-768x768.jpg 768w, https:\/\/www.directimpactsolutions.com\/wp-content\/uploads\/2023\/08\/web-hosting-1536x1536.jpg 1536w, https:\/\/www.directimpactsolutions.com\/wp-content\/uploads\/2023\/08\/web-hosting-2048x2048.jpg 2048w, https:\/\/www.directimpactsolutions.com\/wp-content\/uploads\/2023\/08\/web-hosting-600x600.jpg 600w, https:\/\/www.directimpactsolutions.com\/wp-content\/uploads\/2023\/08\/web-hosting-100x100.jpg 100w\" sizes=\"auto, (max-width: 1024px) 100vw, 1024px\" \/><\/figure><\/div>\n\n<div class=\"wp-block-uagb-container uagb-block-b675f3f2\"><div class=\"pipedriveWebForms\" data-pd-webforms=\"https:\/\/webforms.pipedrive.com\/f\/1C7fPluTUIupLoDgXXSfyyG7CRKAEaQogVb7gvZLu7GWUoDH7uyrWyrVgRsEBFQl5\"><script src=\"https:\/\/webforms.pipedrive.com\/f\/loader\"><\/script><\/div><\/div><\/div><\/div><div style=\"height:80px\" aria-hidden=\"true\" class=\"wp-block-spacer\"><\/div>","protected":false},"excerpt":{"rendered":"<p>H\u00e9bergement Web Direct Impact Solutions | H\u00e9bergement AWS pour les applications Web H\u00e9bergement Web AWS Qu&rsquo;est-ce qui est inclus dans notre h\u00e9bergement Web ? Forfait d\u2019h\u00e9bergement Web* Medium Large XLarge 2XLarge Processeurs 2 2 4 8 RAM 4 GB 8 GB 16 GB 32 GB Espace disque SSD 50 GB 500 GB 500 GB 500 &hellip;<\/p>\n<p class=\"read-more\"> <a class=\"\" href=\"https:\/\/www.directimpactsolutions.com\/fr\/hebergement-web\/\"> <span class=\"screen-reader-text\">H\u00e9bergement Web<\/span> Lire la suite >><\/a><\/p>\n","protected":false},"author":2,"featured_media":0,"parent":0,"menu_order":0,"comment_status":"closed","ping_status":"closed","template":"","meta":{"inline_featured_image":false,"_uag_custom_page_level_css":"","site-sidebar-layout":"default","site-content-layout":"","ast-site-content-layout":"","site-content-style":"default","site-sidebar-style":"default","ast-global-header-display":"","ast-banner-title-visibility":"","ast-main-header-display":"","ast-hfb-above-header-display":"","ast-hfb-below-header-display":"","ast-hfb-mobile-header-display":"","site-post-title":"disabled","ast-breadcrumbs-content":"","ast-featured-img":"","footer-sml-layout":"","theme-transparent-header-meta":"","adv-header-id-meta":"","stick-header-meta":"","header-above-stick-meta":"","header-main-stick-meta":"","header-below-stick-meta":"","astra-migrate-meta-layouts":"","footnotes":""},"class_list":["post-14895","page","type-page","status-publish","hentry"],"uagb_featured_image_src":{"full":false,"thumbnail":false,"medium":false,"medium_large":false,"large":false,"1536x1536":false,"2048x2048":false,"woocommerce_thumbnail":false,"woocommerce_single":false,"woocommerce_gallery_thumbnail":false},"uagb_author_info":{"display_name":"Eleanor Fulton","author_link":"https:\/\/www.directimpactsolutions.com\/fr\/author\/eleanor-fulton\/"},"uagb_comment_info":0,"uagb_excerpt":"H\u00e9bergement Web Direct Impact Solutions | H\u00e9bergement AWS pour les applications Web H\u00e9bergement Web AWS Qu&rsquo;est-ce qui est inclus dans notre h\u00e9bergement Web ? Forfait d\u2019h\u00e9bergement Web* Medium Large XLarge 2XLarge Processeurs 2 2 4 8 RAM 4 GB 8 GB 16 GB 32 GB Espace disque SSD 50 GB 500 GB 500 GB 500\u2026","_links":{"self":[{"href":"https:\/\/www.directimpactsolutions.com\/fr\/wp-json\/wp\/v2\/pages\/14895","targetHints":{"allow":["GET"]}}],"collection":[{"href":"https:\/\/www.directimpactsolutions.com\/fr\/wp-json\/wp\/v2\/pages"}],"about":[{"href":"https:\/\/www.directimpactsolutions.com\/fr\/wp-json\/wp\/v2\/types\/page"}],"author":[{"embeddable":true,"href":"https:\/\/www.directimpactsolutions.com\/fr\/wp-json\/wp\/v2\/users\/2"}],"replies":[{"embeddable":true,"href":"https:\/\/www.directimpactsolutions.com\/fr\/wp-json\/wp\/v2\/comments?post=14895"}],"version-history":[{"count":4,"href":"https:\/\/www.directimpactsolutions.com\/fr\/wp-json\/wp\/v2\/pages\/14895\/revisions"}],"predecessor-version":[{"id":17549,"href":"https:\/\/www.directimpactsolutions.com\/fr\/wp-json\/wp\/v2\/pages\/14895\/revisions\/17549"}],"wp:attachment":[{"href":"https:\/\/www.directimpactsolutions.com\/fr\/wp-json\/wp\/v2\/media?parent=14895"}],"curies":[{"name":"wp","href":"https:\/\/api.w.org\/{rel}","templated":true}]}}