{"id":1567,"date":"2021-07-14T22:53:48","date_gmt":"2021-07-14T22:53:48","guid":{"rendered":"https:\/\/blog.directimpact.test-idi.ca\/contact\/"},"modified":"2025-10-02T15:47:18","modified_gmt":"2025-10-02T15:47:18","slug":"contact","status":"publish","type":"page","link":"https:\/\/www.directimpactsolutions.com\/fr\/contact\/","title":{"rendered":"Nous joindre"},"content":{"rendered":"<div class=\"wp-block-uagb-container uagb-block-dc5e49a5 alignfull uagb-is-root-container\"><div class=\"uagb-container__shape uagb-container__shape-bottom uagb-container__invert\" data-negative=\"false\"><svg xmlns=\"https:\/\/www.w3.org\/2000\/svg\" viewBox=\"0 0 1000 100\" preserveAspectRatio=\"none\"><path class=\"uagb-container__shape-fill\" d=\"M500,98.9L0,6.1V0h1000v6.1L500,98.9z\"><\/path><\/svg><\/div><div class=\"uagb-container-inner-blocks-wrap\"><div style=\"height:20px\" aria-hidden=\"true\" class=\"wp-block-spacer\"><\/div>\n\n<h1 class=\"wp-block-heading has-ast-global-color-1-color has-text-color\" style=\"font-style:normal;font-weight:400\">Communiquez avec notre \u00e9quipe de d\u00e9veloppeurs<\/h1>\n\n<p class=\"has-ast-global-color-1-color has-text-color\" style=\"font-size:16px\">Direct Impact, c\u2019est une \u00e9quipe de professionnels en d\u00e9veloppement d\u2019applications personnalis\u00e9es d\u00e9vou\u00e9e \u00e0 la satisfaction de ses clients. N\u2019h\u00e9sitez pas \u00e0 nous faire part de vos questions ou commentaires.<\/p>\n\n<div style=\"height:20px\" aria-hidden=\"true\" class=\"wp-block-spacer\"><\/div><\/div><\/div><div style=\"height:80px\" aria-hidden=\"true\" class=\"wp-block-spacer\"><\/div><h2 class=\"wp-block-heading\" style=\"font-style:normal;font-weight:400\">Communiquez avec Direct Impact Solutions maintenant<\/h2><p>Contactez-nous par t\u00e9l\u00e9phone ou en remplissant le formulaire ci-bas, un membre de notre \u00e9quipe vous r\u00e9pondra dans les plus brefs d\u00e9lais.<\/p><div class=\"wp-block-uagb-container uagb-block-e58363a6 alignfull uagb-is-root-container\"><div class=\"uagb-container-inner-blocks-wrap\"><div class=\"wp-block-uagb-container uagb-block-f327b700\"><div class=\"wp-block-uagb-image uagb-block-ffdd7bb6 wp-block-uagb-image--layout-default wp-block-uagb-image--effect-static wp-block-uagb-image--align-none\"><figure class=\"wp-block-uagb-image__figure\"><img decoding=\"async\" srcset=\"https:\/\/www.directimpactsolutions.com\/wp-content\/uploads\/2023\/02\/0U7A3082-min-683x1024.jpg\n \" sizes=\"auto, (max-width: 480px) 150px\" src=\"https:\/\/www.directimpactsolutions.com\/wp-content\/uploads\/2023\/02\/0U7A3082-min-683x1024.jpg\" alt=\"\" class=\"uag-image-9699\" width=\"480\" height=\"720\" title=\"\" loading=\"lazy\" role=\"img\"><\/figure><\/div><\/div>\n\n<div class=\"wp-block-uagb-container uagb-block-97912b81\"><div class=\"pipedriveWebForms\" data-pd-webforms=\"https:\/\/webforms.pipedrive.com\/f\/1FQdVZuUW5ZGblQhN7O02M39eaK7jJ48QXNmsa6lHdUmimp4Li3ZgswouDNXoZTLZ\"><script src=\"https:\/\/webforms.pipedrive.com\/f\/loader\"><\/script><\/div><\/div><\/div><\/div><div style=\"height:80px\" aria-hidden=\"true\" class=\"wp-block-spacer\"><\/div><h2 class=\"wp-block-heading\" style=\"font-style:normal;font-weight:400\">Nos bureaux<\/h2><p>Nos bureaux sont accessibles sur rendez-vous seulement.<\/p><div class=\"wp-block-uagb-container uagb-block-3a335117 alignfull uagb-is-root-container\"><div class=\"uagb-container-inner-blocks-wrap\"><div class=\"wp-block-uagb-container uagb-block-e8ebd0bc\"><h3 class=\"wp-block-heading has-ast-global-color-2-color has-text-color\"><strong>USA<\/strong><\/h3>\n\n<div class=\"inherit-container-width wp-block-group is-layout-constrained wp-block-group-is-layout-constrained\"><p><strong>New York<br\/><strong>Bureau chef am\u00e9ricain<\/strong> <br\/>100 Avenue Park, 16e \u00e9tage<br\/>New York, NY 10017<br\/>\u00c9tats-Unis<\/strong><\/p>\n\n<p>Telephone: +1 450 663 0005<br\/>Toll-free: +1 888 558 0005<\/p><\/div><\/div>\n\n<div class=\"wp-block-uagb-container uagb-block-8aca75eb\"><p><strong>Portland<\/strong><br\/>111 5e avenue Sud-Ouest, Suite 3150<br\/>Portland, OR 97204<br\/>\u00c9tats-Unis<\/p><\/div>\n\n<div class=\"wp-block-uagb-container uagb-block-5d57ebb2\"><h3 class=\"wp-block-heading has-ast-global-color-2-color has-text-color\"><strong>Canada<\/strong><\/h3>\n\n<p><strong>R\u00e9gion de Montr\u00e9al<\/strong><br\/>Bureau chef canadien<br\/>1650 de Lierre Place<br\/>Laval, Quebec H7G 4X7<br\/>Canada<\/p>\n\n<div style=\"height:60px\" aria-hidden=\"true\" class=\"wp-block-spacer\"><\/div><\/div>\n\n<div class=\"wp-block-uagb-container uagb-block-169a4dc6\"><p><strong>Toronto<\/strong><br\/>161 rue Bay, Suite 2700<br\/>Toronto, Ontario M5J 2S1<br\/>Canada<\/p><\/div><\/div><\/div><div class=\"wp-block-uagb-container uagb-block-d323ddd0 alignfull uagb-is-root-container\"><div class=\"uagb-container-inner-blocks-wrap\"><h3 class=\"wp-block-heading has-ast-global-color-2-color has-text-color\">Europe<\/h3><\/div><\/div><div class=\"wp-block-uagb-container uagb-block-f56813cf alignfull uagb-is-root-container\"><div class=\"uagb-container-inner-blocks-wrap\"><div class=\"wp-block-uagb-container uagb-block-de2de885\"><div class=\"inherit-container-width wp-block-group is-layout-constrained wp-block-group-is-layout-constrained\"><p><strong>Paris<\/strong><\/p>\n\n<p>Bureau chef europ\u00e9en<br\/>9 Villa Wagram Saint Honor\u00e9<br\/>75008 Paris<br\/>France<\/p>\n\n<p><\/p>\n\n<div style=\"height:47px\" aria-hidden=\"true\" class=\"wp-block-spacer\"><\/div><\/div><\/div>\n\n<div class=\"wp-block-uagb-container uagb-block-d665d383\"><div class=\"wp-block-group is-layout-constrained wp-block-group-is-layout-constrained\"><p><strong>Rome<\/strong><\/p>\n\n<p>Via Giuseppe Andreoli 9<br\/>00195 Rome<br\/>Italy<\/p>\n\n<p><\/p><\/div><\/div>\n\n<div class=\"wp-block-uagb-container uagb-block-ce21f4ad\"><\/div>\n\n<div class=\"wp-block-uagb-container uagb-block-169c9fb7\"><\/div><\/div><\/div><hr class=\"wp-block-separator has-alpha-channel-opacity is-style-wide\"\/><p><\/p>","protected":false},"excerpt":{"rendered":"<p>Communiquez avec notre \u00e9quipe de d\u00e9veloppeurs Direct Impact, c\u2019est une \u00e9quipe de professionnels en d\u00e9veloppement d\u2019applications personnalis\u00e9es d\u00e9vou\u00e9e \u00e0 la satisfaction de ses clients. N\u2019h\u00e9sitez pas \u00e0 nous faire part de vos questions ou commentaires. Communiquez avec Direct Impact Solutions maintenant Contactez-nous par t\u00e9l\u00e9phone ou en remplissant le formulaire ci-bas, un membre de notre \u00e9quipe &hellip;<\/p>\n<p class=\"read-more\"> <a class=\"\" href=\"https:\/\/www.directimpactsolutions.com\/fr\/contact\/\"> <span class=\"screen-reader-text\">Nous joindre<\/span> Lire la suite >><\/a><\/p>\n","protected":false},"author":2,"featured_media":0,"parent":0,"menu_order":0,"comment_status":"closed","ping_status":"closed","template":"","meta":{"inline_featured_image":false,"_uag_custom_page_level_css":"","site-sidebar-layout":"default","site-content-layout":"","ast-site-content-layout":"default","site-content-style":"default","site-sidebar-style":"default","ast-global-header-display":"","ast-banner-title-visibility":"","ast-main-header-display":"","ast-hfb-above-header-display":"","ast-hfb-below-header-display":"","ast-hfb-mobile-header-display":"","site-post-title":"disabled","ast-breadcrumbs-content":"","ast-featured-img":"","footer-sml-layout":"","theme-transparent-header-meta":"","adv-header-id-meta":"","stick-header-meta":"","header-above-stick-meta":"","header-main-stick-meta":"","header-below-stick-meta":"","astra-migrate-meta-layouts":"set","footnotes":""},"class_list":["post-1567","page","type-page","status-publish","hentry"],"uagb_featured_image_src":{"full":false,"thumbnail":false,"medium":false,"medium_large":false,"large":false,"1536x1536":false,"2048x2048":false,"woocommerce_thumbnail":false,"woocommerce_single":false,"woocommerce_gallery_thumbnail":false},"uagb_author_info":{"display_name":"Eleanor Fulton","author_link":"https:\/\/www.directimpactsolutions.com\/fr\/author\/eleanor-fulton\/"},"uagb_comment_info":0,"uagb_excerpt":"Communiquez avec notre \u00e9quipe de d\u00e9veloppeurs Direct Impact, c\u2019est une \u00e9quipe de professionnels en d\u00e9veloppement d\u2019applications personnalis\u00e9es d\u00e9vou\u00e9e \u00e0 la satisfaction de ses clients. N\u2019h\u00e9sitez pas \u00e0 nous faire part de vos questions ou commentaires. Communiquez avec Direct Impact Solutions maintenant Contactez-nous par t\u00e9l\u00e9phone ou en remplissant le formulaire ci-bas, un membre de notre \u00e9quipe\u2026","_links":{"self":[{"href":"https:\/\/www.directimpactsolutions.com\/fr\/wp-json\/wp\/v2\/pages\/1567","targetHints":{"allow":["GET"]}}],"collection":[{"href":"https:\/\/www.directimpactsolutions.com\/fr\/wp-json\/wp\/v2\/pages"}],"about":[{"href":"https:\/\/www.directimpactsolutions.com\/fr\/wp-json\/wp\/v2\/types\/page"}],"author":[{"embeddable":true,"href":"https:\/\/www.directimpactsolutions.com\/fr\/wp-json\/wp\/v2\/users\/2"}],"replies":[{"embeddable":true,"href":"https:\/\/www.directimpactsolutions.com\/fr\/wp-json\/wp\/v2\/comments?post=1567"}],"version-history":[{"count":78,"href":"https:\/\/www.directimpactsolutions.com\/fr\/wp-json\/wp\/v2\/pages\/1567\/revisions"}],"predecessor-version":[{"id":20729,"href":"https:\/\/www.directimpactsolutions.com\/fr\/wp-json\/wp\/v2\/pages\/1567\/revisions\/20729"}],"wp:attachment":[{"href":"https:\/\/www.directimpactsolutions.com\/fr\/wp-json\/wp\/v2\/media?parent=1567"}],"curies":[{"name":"wp","href":"https:\/\/api.w.org\/{rel}","templated":true}]}}