{"id":15893,"date":"2023-10-23T23:06:34","date_gmt":"2023-10-23T23:06:34","guid":{"rendered":"https:\/\/www.directimpactsolutions.com\/temoignages\/revolutionner-le-traitement-des-visas-le-parcours-de-laborci-avec-toca\/"},"modified":"2025-11-06T02:10:29","modified_gmt":"2025-11-06T02:10:29","slug":"revolutionner-avec-toca","status":"publish","type":"page","link":"https:\/\/www.directimpactsolutions.com\/fr\/temoignages\/revolutionner-avec-toca\/","title":{"rendered":"R\u00e9volutionner le traitement des visas : Le parcours de LaborCI avec Toca"},"content":{"rendered":"<div class=\"wp-block-uagb-container uagb-block-7db03a4c alignfull uagb-is-root-container\"><div class=\"uagb-container__shape uagb-container__shape-bottom uagb-container__invert\" data-negative=\"false\"><svg xmlns=\"https:\/\/www.w3.org\/2000\/svg\" viewBox=\"0 0 1000 100\" preserveAspectRatio=\"none\"><path class=\"uagb-container__shape-fill\" d=\"M500,98.9L0,6.1V0h1000v6.1L500,98.9z\"><\/path><\/svg><\/div><div class=\"uagb-container-inner-blocks-wrap\"><div style=\"height:20px\" aria-hidden=\"true\" class=\"wp-block-spacer\"><\/div>\n\n<h1 class=\"wp-block-heading has-ast-global-color-1-color has-text-color\" id=\"toca-case-study\" style=\"font-style:normal;font-weight:400\">\u00c9tude de cas Toca<\/h1>\n\n<p class=\"has-ast-global-color-1-color has-text-color\" style=\"font-size:14px\">Services professionnels<\/p>\n\n<div style=\"height:20px\" aria-hidden=\"true\" class=\"wp-block-spacer\"><\/div><\/div><\/div><div style=\"height:80px\" aria-hidden=\"true\" class=\"wp-block-spacer\"><\/div><p><a href=\"https:\/\/www.directimpactsolutions.com\/fr\/temoignages\/\"><strong>&lt;&lt; Voir toutes les \u00e9tudes de cas<\/strong><\/a><\/p><h2 class=\"wp-block-heading\" style=\"margin-top:var(--wp--preset--spacing--50);margin-right:0rem;margin-left:0%;padding-right:var(--wp--preset--spacing--70);padding-left:var(--wp--preset--spacing--70);font-style:normal;font-weight:400\">Automatisation des proc\u00e9dures d\u2019obtention de visa : LaborCI surmonte les obstacles r\u00e9glementaires et r\u00e9duit les heures de travail<\/h2><div class=\"wp-block-group is-layout-constrained wp-block-group-is-layout-constrained\" style=\"padding-top:0;padding-bottom:0\"><div class=\"wp-block-uagb-container uagb-block-3f19026c default uagb-is-root-container\"><div class=\"wp-block-uagb-container uagb-block-0d6d2650\"><div class=\"wp-block-group is-layout-constrained wp-block-group-is-layout-constrained\"><p>Fond\u00e9e en 1998, <a href=\"https:\/\/laborci.com\/\" target=\"_blank\" rel=\"noreferrer noopener\">Labor Consultants International<\/a> est sp\u00e9cialis\u00e9e dans l&rsquo;accompagnement des entreprises dans le cadre des proc\u00e9dures d\u2019obtention de visa H-2A, H-2B et EB-3 aux \u00c9tats-Unis, en aidant les organisations \u00e0 pourvoir des postes temporairement vacants. Avec pr\u00e8s de 500 clients \u00e0 travers les \u00c9tats-Unis, LaborCI est le plus grand fournisseur de visas H-2B du pays, traitant plus de 18 000 visas chaque ann\u00e9e.<\/p>\n\n<h3 class=\"wp-block-heading has-ast-global-color-2-color has-text-color\">Sous pression<\/h3>\n\n<p>D&rsquo;\u00e9normes p\u00e9nuries de main-d&rsquo;\u0153uvre affectent des secteurs critiques, tels que l&rsquo;am\u00e9nagement paysager, la foresterie et les produits de la mer, \u00e0 travers les \u00c9tats-Unis. Cependant, seul un nombre limit\u00e9 de visas de travailleurs est disponible chaque ann\u00e9e pour combler les lacunes, rendant ainsi la demande beaucoup plus \u00e9lev\u00e9e que l&rsquo;offre. Les d\u00e9lais de d\u00e9p\u00f4t des demandes par l&rsquo;interm\u00e9diaire du syst\u00e8me gouvernemental FLAG (Foreign Labor Application Gateway) \u00e9tant tr\u00e8s courts, l&rsquo;\u00e9quipe de LaborCI est soumise \u00e0 une pression intense pour que les demandes soient trait\u00e9es en temps voulu et de mani\u00e8re pr\u00e9cise.<\/p>\n\n<p>\u00ab Si nous ne respectons pas un d\u00e9lai ou si l&rsquo;int\u00e9grit\u00e9 des donn\u00e9es est insuffisante et que nous recevons un avis de non-conformit\u00e9 (Notice of Deficiency), cela peut \u00eatre d\u00e9vastateur pour nos clients &#8211; cela peut les priver d&rsquo;une saison enti\u00e8re\u00bb , commente Stephen Ward, gestionnaire de projet, chez LaborCI. \u00ab Comme FLAG n&rsquo;est pas compatible avec les API, le processus de transfert des informations de notre base de donn\u00e9es vers le syst\u00e8me prend beaucoup de temps et est sujet \u00e0 l&rsquo;erreur humaine &#8211; nous devons passer beaucoup de temps \u00e0 v\u00e9rifier deux ou trois fois tout ce que nous faisons, ce qui met notre \u00e9quipe \u00e0 rude \u00e9preuve. \u00bb<\/p><\/div><\/div>\n\n<div class=\"wp-block-uagb-container uagb-block-44f5dd7e\"><blockquote class=\"wp-block-quote has-ast-global-color-0-color has-text-color is-layout-flow wp-block-quote-is-layout-flow\"><p class=\"has-ast-global-color-0-color has-text-color has-medium-font-size\">\u00ab Nous voulons que l&rsquo;exp\u00e9rience de nos clients refl\u00e8te celle qu&rsquo;ils ont avec d&rsquo;autres fournisseurs de services num\u00e9riques &#8211; les Google et Amazon de ce monde. En utilisant une technologie low-code, nous pouvons mettre \u00e0 jour nos processus et notre environnement technologique plus rapidement pour rester en phase avec ce que les gens ont l&rsquo;habitude de voir. Cela nous aidera \u00e0 d\u00e9velopper nos activit\u00e9s et \u00e0 nous imposer comme la premi\u00e8re entreprise de notre secteur \u00e0 s\u2019\u00eatre v\u00e9ritablement tourn\u00e9e vers le num\u00e9rique. \u00bb<\/p><cite><strong>Stephen Ward<\/strong>, Gestionnaire de projets chez Labor CI<\/cite><\/blockquote>\n\n<div style=\"height:40px\" aria-hidden=\"true\" class=\"wp-block-spacer\"><\/div>\n\n<figure class=\"wp-block-image size-full\"><img loading=\"lazy\" decoding=\"async\" width=\"360\" height=\"90\" src=\"https:\/\/www.directimpactsolutions.com\/wp-content\/uploads\/2023\/10\/laborcilogo.png\" alt=\"\" class=\"wp-image-15841\" srcset=\"https:\/\/www.directimpactsolutions.com\/wp-content\/uploads\/2023\/10\/laborcilogo.png 360w, https:\/\/www.directimpactsolutions.com\/wp-content\/uploads\/2023\/10\/laborcilogo-300x75.png 300w\" sizes=\"auto, (max-width: 360px) 100vw, 360px\" \/><\/figure><\/div><\/div>\n\n<div class=\"wp-block-uagb-container uagb-block-3b14309a alignwide uagb-is-root-container\"><div class=\"wp-block-group is-layout-constrained wp-block-group-is-layout-constrained\"><div class=\"wp-block-group is-layout-constrained wp-container-core-group-is-layout-c9115f92 wp-block-group-is-layout-constrained\" style=\"padding-right:var(--wp--preset--spacing--20);padding-left:var(--wp--preset--spacing--20)\"><div class=\"wp-block-columns is-layout-flex wp-container-core-columns-is-layout-28f84493 wp-block-columns-is-layout-flex\"><div class=\"wp-block-column is-layout-flow wp-block-column-is-layout-flow\"><h3 class=\"wp-block-heading has-ast-global-color-2-color has-text-color has-link-color wp-elements-9119b2ab83f8b82818a921e56b77aa28\">Avoir un partenaire de confiance<\/h3>\n\n<p>Direct Impact est un chef de file mondial dans le d\u00e9veloppement, l&rsquo;int\u00e9gration, le conseil et l&rsquo;optimisation de solutions num\u00e9riques sur mesure. L&rsquo;\u00e9quipe de Direct Impact travaille avec LaborCI depuis plusieurs ann\u00e9es. En effet, elle a particip\u00e9 \u00e0 la construction de la base de donn\u00e9es Hub de LaborCI. Apr\u00e8s avoir assist\u00e9 \u00e0 une d\u00e9monstration de la plateforme de d\u00e9veloppement low-code de Toca, DIS a \u00e9t\u00e9 impressionn\u00e9e par ses capacit\u00e9s et y a vu une solution pour r\u00e9soudre le d\u00e9fi du transfert de donn\u00e9es entre Hub et FLAG.<\/p>\n\n<p>\u00ab Si l&rsquo;\u00e9quipe de Direct Impact n&rsquo;\u00e9tait pas venue me voir, je n&rsquo;aurais probablement pas accept\u00e9 la r\u00e9union. Ils connaissent vraiment notre activit\u00e9 et ont fait un excellent travail avec <em>Hub<\/em>, alors quand ils sont venus nous voir avec Toca, nous \u00e9tions pr\u00eats \u00e0 les \u00e9couter. Apr\u00e8s avoir vu la d\u00e9mo, j&rsquo;ai tout de suite pens\u00e9 \u00e0 13 applications potentielles \u00bb, poursuit M. Ward.<\/p><\/div>\n\n<div class=\"wp-block-column is-layout-flow wp-block-column-is-layout-flow\"><blockquote class=\"wp-block-quote is-layout-flow wp-block-quote-is-layout-flow\"><p>\u00ab Je ne sais pas par o\u00f9 commencer, car il y a eu tellement de r\u00e9compenses et d&rsquo;avantages \u00e0 travailler avec Direct Impact. Je pense que nous avons commenc\u00e9 \u00e0 travailler avec DIS en 2019 en tant que notre d\u00e9veloppeur principal sur un projet sur lequel nous travaillions dans Filemaker. Depuis, nous sommes rest\u00e9s connect\u00e9s gr\u00e2ce \u00e0 des partenariats \u00e9ducatifs et \u00e0 des probl\u00e8mes de d\u00e9veloppement complexes. Weihao en particulier a non seulement apport\u00e9 un travail et une efficacit\u00e9 de premier ordre, mais a \u00e9galement jou\u00e9 un r\u00f4le cl\u00e9 dans le d\u00e9veloppement de notre \u00e9quipe pour qu&rsquo;elle soit mieux rationalis\u00e9e, organis\u00e9e et intentionnelle. Je ne peux vraiment pas exprimer suffisamment d&rsquo;\u00e9loges \u00e0 l&rsquo;\u00e9gard de cette entreprise. Si vous poss\u00e9dez une entreprise, vous connaissez le v\u00e9ritable atout d&rsquo;un bon partenaire : c&rsquo;est Direct Impact. \u00bb<br\/><br\/><strong>Stephen Ward<\/strong>, Labor CI<\/p><\/blockquote><\/div><\/div><\/div>\n\n<div class=\"wp-block-group is-layout-constrained wp-container-core-group-is-layout-c9115f92 wp-block-group-is-layout-constrained\" style=\"padding-right:var(--wp--preset--spacing--20);padding-left:var(--wp--preset--spacing--20)\"><h3 class=\"wp-block-heading has-ast-global-color-2-color has-text-color\" style=\"padding-right:var(--wp--preset--spacing--20);padding-left:var(--wp--preset--spacing--20)\">Cr\u00e9er un pont num\u00e9rique avec Toca<\/h3>\n\n<p style=\"padding-right:var(--wp--preset--spacing--20);padding-left:var(--wp--preset--spacing--20)\">Apr\u00e8s une premi\u00e8re r\u00e9union, les \u00e9quipes se sont mises d&rsquo;accord sur deux applications pour tester la plateforme de d\u00e9veloppement low-code de Toca. La premi\u00e8re consistait \u00e0 cr\u00e9er un pont entre la base de donn\u00e9es Hub de LaborCI et FLAG. La seconde utilisait la reconnaissance optique de caract\u00e8res (OCR) pour scanner les visas et les passeports et en extraire des informations, telles que les demandes de salaires.<\/p>\n\n<p style=\"padding-right:var(--wp--preset--spacing--20);padding-left:var(--wp--preset--spacing--20)\">\u00ab Normalement, le processus de transcription des informations du Hub vers le FLAG peut prendre entre 3 et 20 heures, tandis que la num\u00e9risation des documents peut prendre entre 15 minutes et 2 heures. Nous devions rester assis toute la journ\u00e9e \u00e0 transcrire manuellement. Avec Toca, nous pouvons utiliser un robot pour abattre le mur entre Hub et FLAG &#8211; en transformant essentiellement l&rsquo;interface utilisateur en API. Nous pouvons mettre tout cela en file d&rsquo;attente, aller nous coucher et revenir le matin quand tout est fait &#8211; <strong>ce sont 2000 heures d&rsquo;\u00e9quipe potentiellement \u00e9conomis\u00e9es.<\/strong> \u00bb<\/p>\n\n<p style=\"padding-right:var(--wp--preset--spacing--20);padding-left:var(--wp--preset--spacing--20)\">En r\u00e9duisant le temps n\u00e9cessaire au traitement des demandes, l&rsquo;\u00e9quipe de LaborCI aura plus de temps pour se concentrer sur l&rsquo;int\u00e9grit\u00e9 des donn\u00e9es. \u00ab L&rsquo;un des grands d\u00e9fis auxquels nous sommes confront\u00e9s est l&rsquo;int\u00e9grit\u00e9 des donn\u00e9es. Nos charg\u00e9s de comptes doivent passer beaucoup de temps \u00e0 extraire des informations sur les personnes afin de s&rsquo;assurer qu&rsquo;elles r\u00e9pondent aux crit\u00e8res d&rsquo;obtention de visa. Cette plateforme leur donnera plus de temps de le faire et leur permettra de s&rsquo;assurer que les informations contenues dans Hub sont correctes. Comme tout est automatis\u00e9 \u00e0 partir d\u2019une source de donn\u00e9e unique, nous r\u00e9duisons consid\u00e9rablement le risque d&rsquo;erreur humaine. \u00bb<\/p>\n\n<h3 class=\"wp-block-heading has-ast-global-color-2-color has-text-color\" style=\"padding-right:var(--wp--preset--spacing--20);padding-left:var(--wp--preset--spacing--20)\">Construire avec Toca \u2013 LaborCI prend le contr\u00f4le de son destin num\u00e9rique<\/h3>\n\n<p style=\"padding-right:var(--wp--preset--spacing--20);padding-left:var(--wp--preset--spacing--20)\">Dans une prochaine \u00e9tape, LaborCI souhaite int\u00e9grer le d\u00e9veloppement en interne afin d&rsquo;aider l&rsquo;\u00e9quipe \u00e0 rester \u00e0 l&rsquo;avant-garde des changements r\u00e9glementaires en mati\u00e8re d&rsquo;exigences. \u00ab Ces derni\u00e8res ann\u00e9es, le gouvernement a modifi\u00e9 plus fr\u00e9quemment les exigences et la mani\u00e8re dont elles sont interpr\u00e9t\u00e9es. Parfois, nous n&rsquo;avons que 24 heures pour appliquer les changements. Le fait de disposer d&rsquo;une plateforme low-code permettra \u00e0 notre \u00e9quipe interne de s&rsquo;adapter beaucoup plus rapidement. \u00bb<\/p>\n\n<p style=\"padding-right:var(--wp--preset--spacing--20);padding-left:var(--wp--preset--spacing--20)\">L&rsquo;\u00e9quipe de LaborCI souhaite \u00e9galement cr\u00e9er des applications destin\u00e9es aux clients afin de faciliter la collecte de donn\u00e9es et de surmonter les barri\u00e8res linguistiques. \u00ab Nos clients emploient de nombreux travailleurs originaires d&rsquo;Am\u00e9rique centrale et d&rsquo;Am\u00e9rique du Sud, dont la plupart n&rsquo;ont pas l&rsquo;anglais comme langue premi\u00e8re. Le processus de collecte de leurs informations peut impliquer de nombreux questionnaires longs, que les employeurs doivent ensuite d\u00e9chiffrer &#8211; nous avons donc du mal \u00e0 saisir des donn\u00e9es exactes. Si nous disposions d&rsquo;une interface bilingue, nous serions en mesure de recueillir des informations beaucoup plus pr\u00e9cises. \u00bb<\/p>\n\n<h3 class=\"wp-block-heading has-ast-global-color-2-color has-text-color\" style=\"padding-right:var(--wp--preset--spacing--20);padding-left:var(--wp--preset--spacing--20)\">Une exp\u00e9rience comparable \u00e0 celle de Google pour les clients<\/h3>\n\n<p style=\"padding-right:var(--wp--preset--spacing--20);padding-left:var(--wp--preset--spacing--20)\">Avec Toca, LaborCI entend transformer le secteur du traitement des demandes de visa. \u00ab Nous voulons que l&rsquo;exp\u00e9rience de nos clients refl\u00e8te celle qu&rsquo;ils ont avec d&rsquo;autres fournisseurs de services num\u00e9riques &#8211; les Google et Amazon de ce monde. En utilisant une technologie low-code, nous pouvons mettre \u00e0 jour nos processus et notre environnement technologique plus rapidement pour rester en phase avec ce que les gens ont l&rsquo;habitude de voir. Cela nous aidera \u00e0 d\u00e9velopper nos activit\u00e9s et \u00e0 nous imposer comme la premi\u00e8re entreprise de notre secteur \u00e0 s\u2019\u00eatre v\u00e9ritablement tourn\u00e9e vers le num\u00e9rique. \u00bb<\/p>\n\n<div class=\"wp-block-buttons is-content-justification-center is-layout-flex wp-container-core-buttons-is-layout-a89b3969 wp-block-buttons-is-layout-flex\"><div class=\"wp-block-button\"><a class=\"wp-block-button__link wp-element-button\" href=\"https:\/\/toca.io\/\" target=\"_blank\" rel=\"noreferrer noopener\">EN SAVOIR PLUS SUR TOCA<\/a><\/div><\/div><\/div><\/div><\/div><\/div><div style=\"height:60px\" aria-hidden=\"true\" class=\"wp-block-spacer\"><\/div><div class=\"wp-block-uagb-container uagb-block-84e61a5d alignfull uagb-is-root-container\"><div class=\"uagb-container-inner-blocks-wrap\"><div class=\"wp-block-group is-layout-constrained wp-block-group-is-layout-constrained\"><h3 class=\"wp-block-heading has-text-align-center\">Have a Project in Mind?<\/h3>\n\n<div class=\"wp-block-buttons is-content-justification-center is-layout-flex wp-container-core-buttons-is-layout-a89b3969 wp-block-buttons-is-layout-flex\"><div class=\"wp-block-button\"><a class=\"wp-block-button__link wp-element-button\" href=\"\/en\/contact-us\/\">CONTACT US<\/a><\/div><\/div><\/div><\/div><\/div>","protected":false},"excerpt":{"rendered":"<p>\u00c9tude de cas Toca Services professionnels &lt;&lt; Voir toutes les \u00e9tudes de cas Automatisation des proc\u00e9dures d\u2019obtention de visa : LaborCI surmonte les obstacles r\u00e9glementaires et r\u00e9duit les heures de travail Fond\u00e9e en 1998, Labor Consultants International est sp\u00e9cialis\u00e9e dans l&rsquo;accompagnement des entreprises dans le cadre des proc\u00e9dures d\u2019obtention de visa H-2A, H-2B et EB-3 &hellip;<\/p>\n<p class=\"read-more\"> <a class=\"\" href=\"https:\/\/www.directimpactsolutions.com\/fr\/temoignages\/revolutionner-avec-toca\/\"> <span class=\"screen-reader-text\">R\u00e9volutionner le traitement des visas : Le parcours de LaborCI avec Toca<\/span> Lire la suite >><\/a><\/p>\n","protected":false},"author":2,"featured_media":0,"parent":963,"menu_order":0,"comment_status":"closed","ping_status":"closed","template":"","meta":{"inline_featured_image":false,"_uag_custom_page_level_css":"","site-sidebar-layout":"default","site-content-layout":"","ast-site-content-layout":"default","site-content-style":"default","site-sidebar-style":"default","ast-global-header-display":"","ast-banner-title-visibility":"","ast-main-header-display":"","ast-hfb-above-header-display":"","ast-hfb-below-header-display":"","ast-hfb-mobile-header-display":"","site-post-title":"disabled","ast-breadcrumbs-content":"","ast-featured-img":"","footer-sml-layout":"","theme-transparent-header-meta":"","adv-header-id-meta":"","stick-header-meta":"","header-above-stick-meta":"","header-main-stick-meta":"","header-below-stick-meta":"","astra-migrate-meta-layouts":"set","footnotes":""},"class_list":["post-15893","page","type-page","status-publish","hentry"],"uagb_featured_image_src":{"full":false,"thumbnail":false,"medium":false,"medium_large":false,"large":false,"1536x1536":false,"2048x2048":false,"woocommerce_thumbnail":false,"woocommerce_single":false,"woocommerce_gallery_thumbnail":false},"uagb_author_info":{"display_name":"Eleanor Fulton","author_link":"https:\/\/www.directimpactsolutions.com\/fr\/author\/eleanor-fulton\/"},"uagb_comment_info":0,"uagb_excerpt":"\u00c9tude de cas Toca Services professionnels &lt;&lt; Voir toutes les \u00e9tudes de cas Automatisation des proc\u00e9dures d\u2019obtention de visa : LaborCI surmonte les obstacles r\u00e9glementaires et r\u00e9duit les heures de travail Fond\u00e9e en 1998, Labor Consultants International est sp\u00e9cialis\u00e9e dans l&rsquo;accompagnement des entreprises dans le cadre des proc\u00e9dures d\u2019obtention de visa H-2A, H-2B et EB-3\u2026","_links":{"self":[{"href":"https:\/\/www.directimpactsolutions.com\/fr\/wp-json\/wp\/v2\/pages\/15893","targetHints":{"allow":["GET"]}}],"collection":[{"href":"https:\/\/www.directimpactsolutions.com\/fr\/wp-json\/wp\/v2\/pages"}],"about":[{"href":"https:\/\/www.directimpactsolutions.com\/fr\/wp-json\/wp\/v2\/types\/page"}],"author":[{"embeddable":true,"href":"https:\/\/www.directimpactsolutions.com\/fr\/wp-json\/wp\/v2\/users\/2"}],"replies":[{"embeddable":true,"href":"https:\/\/www.directimpactsolutions.com\/fr\/wp-json\/wp\/v2\/comments?post=15893"}],"version-history":[{"count":10,"href":"https:\/\/www.directimpactsolutions.com\/fr\/wp-json\/wp\/v2\/pages\/15893\/revisions"}],"predecessor-version":[{"id":20774,"href":"https:\/\/www.directimpactsolutions.com\/fr\/wp-json\/wp\/v2\/pages\/15893\/revisions\/20774"}],"up":[{"embeddable":true,"href":"https:\/\/www.directimpactsolutions.com\/fr\/wp-json\/wp\/v2\/pages\/963"}],"wp:attachment":[{"href":"https:\/\/www.directimpactsolutions.com\/fr\/wp-json\/wp\/v2\/media?parent=15893"}],"curies":[{"name":"wp","href":"https:\/\/api.w.org\/{rel}","templated":true}]}}