{"id":16068,"date":"2023-11-20T15:00:43","date_gmt":"2023-11-20T15:00:43","guid":{"rendered":"https:\/\/www.directimpactsolutions.com\/developpement-filemaker\/"},"modified":"2024-09-10T06:39:26","modified_gmt":"2024-09-10T06:39:26","slug":"developpement-filemaker","status":"publish","type":"page","link":"https:\/\/www.directimpactsolutions.com\/fr\/developpement-filemaker\/","title":{"rendered":"Developpement Filemaker"},"content":{"rendered":"<div class=\"wp-block-uagb-container uagb-block-f8bc1719 alignfull uagb-is-root-container\"><div class=\"uagb-container__shape uagb-container__shape-bottom uagb-container__invert\" data-negative=\"false\"><svg xmlns=\"https:\/\/www.w3.org\/2000\/svg\" viewBox=\"0 0 1000 100\" preserveAspectRatio=\"none\"><path class=\"uagb-container__shape-fill\" d=\"M500,98.9L0,6.1V0h1000v6.1L500,98.9z\"><\/path><\/svg><\/div><div class=\"uagb-container-inner-blocks-wrap\"><div style=\"height:20px\" aria-hidden=\"true\" class=\"wp-block-spacer\"><\/div>\n\n<h2 class=\"wp-block-heading has-ast-global-color-1-color has-text-color\" style=\"font-style:normal;font-weight:400\">D\u00e9veloppement FileMaker &#8211; Trouvez la solution adapt\u00e9e \u00e0 vos besoins<\/h2>\n\n<p class=\"has-ast-global-color-1-color has-text-color\" style=\"font-size:16px\">Direct Impact Solutions est fi\u00e8re d&rsquo;\u00eatre un partenaire Platine de Claris. Nos d\u00e9veloppeurs certifi\u00e9s utilisent le d\u00e9veloppement FileMaker pour cr\u00e9er des solutions personnalis\u00e9es pour les organisations priv\u00e9es et publiques.<\/p>\n\n<div style=\"height:40px\" aria-hidden=\"true\" class=\"wp-block-spacer\"><\/div><\/div><\/div><div style=\"height:80px\" aria-hidden=\"true\" class=\"wp-block-spacer\"><\/div><h2 class=\"wp-block-heading has-text-align-left has-large-font-size\" style=\"font-style:normal;font-weight:400\">Services de d\u00e9veloppement FileMaker<\/h2><div class=\"wp-block-uagb-container uagb-block-a947c8ee alignwide uagb-is-root-container\"><div class=\"wp-block-uagb-container uagb-block-985b0afd\"><div class=\"wp-block-uagb-info-box uagb-block-3ed2d29a uagb-infobox__content-wrap  uagb-infobox-icon-above-title uagb-infobox-image-valign-top\"><div class=\"uagb-ifb-content\"><div class=\"uagb-ifb-icon-wrap\"><svg xmlns=\"https:\/\/www.w3.org\/2000\/svg\" viewBox=\"0 0 512 512\"><path d=\"M208 175.1c-8.836 0-16 7.162-16 16c0 8.836 7.163 15.1 15.1 15.1s16-7.164 16-16C224 183.2 216.8 175.1 208 175.1zM272 239.1c-8.836 0-15.1 7.163-15.1 16c0 8.836 7.165 16 16 16s16-7.164 16-16C288 247.2 280.8 239.1 272 239.1zM509.2 275c-20.94-47.13-48.46-151.7-73.1-186.8C397.7 33.59 334.6 0 266.1 0H192C85.95 0 0 85.95 0 192c0 56.8 24.8 107.7 64 142.8L64 512h256l-.0044-64h63.99c35.34 0 63.1-28.65 63.1-63.1V320h31.98C503.1 320 518.6 296.2 509.2 275zM368 240h-12.12c-28.51 0-42.79 34.47-22.63 54.63l8.576 8.576c6.25 6.25 6.25 16.38 0 22.62c-3.125 3.125-7.219 4.688-11.31 4.688s-8.188-1.562-11.31-4.688l-8.576-8.576c-20.16-20.16-54.63-5.881-54.63 22.63V352c0 8.844-7.156 16-16 16s-16-7.156-16-16v-12.12c0-28.51-34.47-42.79-54.63-22.63l-8.576 8.576c-3.125 3.125-7.219 4.688-11.31 4.688c-4.096 0-8.188-1.562-11.31-4.688c-6.25-6.25-6.25-16.38 0-22.62l8.577-8.576C166.9 274.5 152.6 240 124.1 240H112c-8.844 0-16-7.156-16-16s7.157-16 16-16L124.1 208c28.51 0 42.79-34.47 22.63-54.63L138.2 144.8c-6.25-6.25-6.25-16.38 0-22.62s16.38-6.25 22.63 0L169.4 130.7c20.16 20.16 54.63 5.881 54.63-22.63V96c0-8.844 7.156-16 16-16S256 87.16 256 96v12.12c0 28.51 34.47 42.79 54.63 22.63l8.576-8.576c6.25-6.25 16.38-6.25 22.63 0s6.25 16.38 0 22.62L333.3 153.4C313.1 173.5 327.4 208 355.9 208l12.12-.0004c8.844 0 15.1 7.157 15.1 16S376.8 240 368 240z\"><\/path><\/svg><\/div><div class=\"uagb-ifb-title-wrap\"><h3 class=\"uagb-ifb-title\">D\u00e9veloppement<\/h3><\/div><p class=\"uagb-ifb-desc\">Nos d\u00e9veloppeurs qualifi\u00e9s, comp\u00e9tents en mati\u00e8re de d\u00e9veloppement FileMaker, poss\u00e8dent le savoir-faire n\u00e9cessaire pour cr\u00e9er des solutions FileMaker sur mesure qui r\u00e9pondent \u00e0 vos besoins sp\u00e9cifiques.<\/p><\/div><\/div><\/div>\n\n<div class=\"wp-block-uagb-container uagb-block-bdd5d455\"><div class=\"wp-block-uagb-info-box uagb-block-3b07d401 uagb-infobox__content-wrap  uagb-infobox-icon-above-title uagb-infobox-image-valign-top\"><div class=\"uagb-ifb-content\"><div class=\"uagb-ifb-icon-wrap\"><svg xmlns=\"https:\/\/www.w3.org\/2000\/svg\" viewBox=\"0 0 640 512\"><path d=\"M96.2 200.1C96.07 197.4 96 194.7 96 192C96 103.6 167.6 32 256 32C315.3 32 367 64.25 394.7 112.2C409.9 101.1 428.3 96 448 96C501 96 544 138.1 544 192C544 204.2 541.7 215.8 537.6 226.6C596 238.4 640 290.1 640 352C640 422.7 582.7 480 512 480H144C64.47 480 0 415.5 0 336C0 273.2 40.17 219.8 96.2 200.1z\"><\/path><\/svg><\/div><div class=\"uagb-ifb-title-wrap\"><h3 class=\"uagb-ifb-title\">H\u00e9bergement<\/h3><\/div><p class=\"uagb-ifb-desc\">Nous sommes sp\u00e9cialis\u00e9s dans le d\u00e9veloppement de FileMaker et proposons un h\u00e9bergement sur Amazon Web Services, ce qui vous permet d&rsquo;acc\u00e9der \u00e0 vos applications personnalis\u00e9es depuis n&rsquo;importe quel endroit disposant d&rsquo;une connexion Internet.<\/p><\/div><\/div><\/div>\n\n<div class=\"wp-block-uagb-container uagb-block-79ee61e6\"><div class=\"wp-block-uagb-info-box uagb-block-ff69b494 uagb-infobox__content-wrap  uagb-infobox-icon-above-title uagb-infobox-image-valign-top\"><div class=\"uagb-ifb-content\"><div class=\"uagb-ifb-icon-wrap\"><svg xmlns=\"https:\/\/www.w3.org\/2000\/svg\" viewBox=\"0 0 576 512\"><path d=\"M512 32H64C28.65 32 0 60.65 0 96v320c0 35.35 28.65 64 64 64h448c35.35 0 64-28.65 64-64V96C576 60.65 547.3 32 512 32zM176 128c35.35 0 64 28.65 64 64s-28.65 64-64 64s-64-28.65-64-64S140.7 128 176 128zM272 384h-192C71.16 384 64 376.8 64 368C64 323.8 99.82 288 144 288h64c44.18 0 80 35.82 80 80C288 376.8 280.8 384 272 384zM496 320h-128C359.2 320 352 312.8 352 304S359.2 288 368 288h128C504.8 288 512 295.2 512 304S504.8 320 496 320zM496 256h-128C359.2 256 352 248.8 352 240S359.2 224 368 224h128C504.8 224 512 231.2 512 240S504.8 256 496 256zM496 192h-128C359.2 192 352 184.8 352 176S359.2 160 368 160h128C504.8 160 512 167.2 512 176S504.8 192 496 192z\"><\/path><\/svg><\/div><div class=\"uagb-ifb-title-wrap\"><h3 class=\"uagb-ifb-title\">Licences<\/h3><\/div><p class=\"uagb-ifb-desc\">En tant que premier revendeur de licences en Am\u00e9rique du Nord, nos experts en d\u00e9veloppement FileMaker peuvent vous aider \u00e0 acqu\u00e9rir des licences afin d&rsquo;optimiser votre retour sur investissement.<\/p><\/div><\/div><\/div>\n\n<div class=\"wp-block-uagb-container uagb-block-9d84b5ef\"><div class=\"wp-block-uagb-info-box uagb-block-57ba578d uagb-infobox__content-wrap  uagb-infobox-icon-above-title uagb-infobox-image-valign-top\"><div class=\"uagb-ifb-content\"><div class=\"uagb-ifb-icon-wrap\"><svg xmlns=\"https:\/\/www.w3.org\/2000\/svg\" viewBox=\"0 0 640 512\"><path d=\"M623.1 136.9l-282.7-101.2c-13.73-4.91-28.7-4.91-42.43 0L16.05 136.9C6.438 140.4 0 149.6 0 160s6.438 19.65 16.05 23.09L76.07 204.6c-11.89 15.8-20.26 34.16-24.55 53.95C40.05 263.4 32 274.8 32 288c0 9.953 4.814 18.49 11.94 24.36l-24.83 149C17.48 471.1 25 480 34.89 480H93.11c9.887 0 17.41-8.879 15.78-18.63l-24.83-149C91.19 306.5 96 297.1 96 288c0-10.29-5.174-19.03-12.72-24.89c4.252-17.76 12.88-33.82 24.94-47.03l190.6 68.23c13.73 4.91 28.7 4.91 42.43 0l282.7-101.2C633.6 179.6 640 170.4 640 160S633.6 140.4 623.1 136.9zM351.1 314.4C341.7 318.1 330.9 320 320 320c-10.92 0-21.69-1.867-32-5.555L142.8 262.5L128 405.3C128 446.6 213.1 480 320 480c105.1 0 192-33.4 192-74.67l-14.78-142.9L351.1 314.4z\"><\/path><\/svg><\/div><div class=\"uagb-ifb-title-wrap\"><h3 class=\"uagb-ifb-title\">Formation<\/h3><\/div><p class=\"uagb-ifb-desc\">Nos formateurs certifi\u00e9s en d\u00e9veloppement FileMaker sont des professionnels de l&rsquo;industrie qui poss\u00e8dent l&rsquo;expertise n\u00e9cessaire pour offrir des sessions de formation de haut niveau en anglais et en fran\u00e7ais.<\/p><\/div><\/div><\/div><\/div><div style=\"height:80px\" aria-hidden=\"true\" class=\"wp-block-spacer\"><\/div><h3 class=\"wp-block-heading has-text-align-left has-ast-global-color-0-color has-text-color has-large-font-size\" style=\"font-style:normal;font-weight:400\">Pourquoi choisir un sp\u00e9cialiste du d\u00e9veloppement FileMaker certifi\u00e9 ?<\/h3><div class=\"wp-block-uagb-container uagb-block-84e69dbb alignfull uagb-is-root-container\"><div class=\"uagb-container-inner-blocks-wrap\"><div class=\"wp-block-columns is-layout-flex wp-container-core-columns-is-layout-28f84493 wp-block-columns-is-layout-flex\"><div class=\"wp-block-column is-vertically-aligned-bottom is-layout-flow wp-block-column-is-layout-flow\"><figure class=\"wp-block-image alignleft size-full is-resized has-custom-border is-style-rounded wp-duotone-unset-1\"><img loading=\"lazy\" decoding=\"async\" width=\"600\" height=\"346\" src=\"https:\/\/www.directimpactsolutions.com\/wp-content\/uploads\/2021\/06\/ClarisFilemaker19-sm.jpeg\" alt=\"Claris FileMaker\" class=\"wp-image-593\" style=\"border-style:none;border-width:0px;border-radius:25px;width:523px;height:273px\" srcset=\"https:\/\/www.directimpactsolutions.com\/wp-content\/uploads\/2021\/06\/ClarisFilemaker19-sm.jpeg 600w, https:\/\/www.directimpactsolutions.com\/wp-content\/uploads\/2021\/06\/ClarisFilemaker19-sm-300x173.jpeg 300w, https:\/\/www.directimpactsolutions.com\/wp-content\/uploads\/2021\/06\/ClarisFilemaker19-sm-480x277.jpeg 480w\" sizes=\"auto, (max-width: 600px) 100vw, 600px\" \/><\/figure><\/div>\n\n<div class=\"wp-block-column is-layout-flow wp-block-column-is-layout-flow\"><div class=\"wp-block-uagb-container uagb-block-39395b4b default uagb-is-root-container\"><div class=\"wp-block-uagb-container uagb-block-1b8c1a83\"><div class=\"wp-block-uagb-info-box uagb-block-9c39603a uagb-infobox__content-wrap  uagb-infobox-icon-above-title uagb-infobox-image-valign-top\"><div class=\"uagb-ifb-content\"><div class=\"uagb-ifb-title-wrap\"><h3 class=\"uagb-ifb-title\">Am\u00e9liorez votre efficacit\u00e9<\/h3><\/div><p class=\"uagb-ifb-desc\">Une application personnalis\u00e9e est-elle le bon choix pour vous ? Si votre entreprise a des processus complexes ou distincts qui ne peuvent pas \u00eatre pris en compte par une solution pr\u00e9\u00e9tablie, le d\u00e9veloppement d&rsquo;une application personnalis\u00e9e avec FileMaker est le choix id\u00e9al.<\/p><\/div><\/div><\/div>\n\n<div class=\"wp-block-uagb-container uagb-block-9446d095\"><div class=\"wp-block-uagb-info-box uagb-block-8c9bf96f uagb-infobox__content-wrap  uagb-infobox-icon-above-title uagb-infobox-image-valign-top\"><div class=\"uagb-ifb-content\"><div class=\"uagb-ifb-title-wrap\"><h3 class=\"uagb-ifb-title\">Simplifiez votre travail<\/h3><\/div><p class=\"uagb-ifb-desc\">Si vous d\u00e9pendez de feuilles de calcul Excel complexes pour g\u00e9rer et \u00e9valuer vos donn\u00e9es, les applications personnalis\u00e9es d\u00e9velopp\u00e9es par FileMaker peuvent automatiser ces proc\u00e9dures et r\u00e9duire votre charge de travail.<\/p><\/div><\/div><\/div>\n\n<div class=\"wp-block-uagb-container uagb-block-1dfdcc55\"><div class=\"wp-block-uagb-info-box uagb-block-547942fc uagb-infobox__content-wrap  uagb-infobox-icon-above-title uagb-infobox-image-valign-top\"><div class=\"uagb-ifb-content\"><div class=\"uagb-ifb-title-wrap\"><h3 class=\"uagb-ifb-title\">\u00c9vitez les doubles saisies<\/h3><\/div><p class=\"uagb-ifb-desc\">Vous d\u00e9pendez encore de la saisie manuelle des donn\u00e9es ? Les applications personnalis\u00e9es d\u00e9velopp\u00e9es \u00e0 l&rsquo;aide de FileMaker peuvent vous faire gagner du temps et \u00e9liminer compl\u00e8tement le risque d&rsquo;erreurs humaines et manuelles.<\/p><\/div><\/div><\/div><\/div><\/div><\/div><\/div><\/div><div style=\"height:80px\" aria-hidden=\"true\" class=\"wp-block-spacer\"><\/div><h3 class=\"wp-block-heading has-ast-global-color-0-color has-text-color has-large-font-size\" style=\"font-style:normal;font-weight:400\">D\u00e9veloppeurs d\u2019applications FileMaker personnalis\u00e9es<\/h3><div class=\"wp-block-uagb-container uagb-block-9681b152 default uagb-is-root-container\"><div class=\"wp-block-columns is-layout-flex wp-container-core-columns-is-layout-28f84493 wp-block-columns-is-layout-flex\"><div class=\"wp-block-column is-layout-flow wp-block-column-is-layout-flow\" style=\"flex-basis:50%\"><div class=\"inherit-container-width wp-block-group is-layout-constrained wp-block-group-is-layout-constrained\"><p>Nous sommes sp\u00e9cialis\u00e9s dans la cr\u00e9ation d&rsquo;applications sur mesure \u00e0 travers FileMaker Pro qui sont adapt\u00e9es \u00e0 vos besoins uniques. Nos applications personnalis\u00e9es sont compatibles avec Windows, Mac, iOS et le Web, ce qui vous permet d&rsquo;acc\u00e9der \u00e0 vos donn\u00e9es partout dans le monde.<\/p>\n\n<p>Notre \u00e9quipe de d\u00e9veloppement con\u00e7oit \u00e9galement des applications qui fonctionnent parfaitement sur l&rsquo;iPad et d&rsquo;autres appareils mobiles. Avec FileMaker Go disponible sur l&rsquo;iPhone, l&rsquo;iPod Touch et l&rsquo;iPad, vous pouvez am\u00e9liorer la productivit\u00e9 de votre personnel en lui permettant d&rsquo;acc\u00e9der \u00e0 vos donn\u00e9es et de travailler \u00e0 distance depuis le terrain.<\/p>\n\n<p>De plus, avec FileMaker WebDirect, vos solutions sont accessibles via un navigateur Web, ce qui vous permet de cr\u00e9er un portail Web permettant \u00e0 des utilisateurs sp\u00e9cifiques d&rsquo;acc\u00e9der \u00e0 des donn\u00e9es particuli\u00e8res de votre syst\u00e8me. Les utilisateurs peuvent se connecter, consulter des donn\u00e9es sp\u00e9cifiques, s&rsquo;inscrire \u00e0 des \u00e9v\u00e9nements, etc. Vous disposez ainsi d&rsquo;une plateforme compl\u00e8te, flexible et pratique pour g\u00e9rer vos donn\u00e9es.<\/p><\/div><\/div>\n\n<div class=\"wp-block-column is-layout-flow wp-block-column-is-layout-flow\" style=\"flex-basis:50%\"><figure class=\"wp-block-image size-full is-style-default\"><img loading=\"lazy\" decoding=\"async\" width=\"795\" height=\"465\" src=\"https:\/\/www.directimpactsolutions.com\/wp-content\/uploads\/2022\/04\/claris-filemaker19.png\" alt=\"Claris FileMaker\" class=\"wp-image-6633\" srcset=\"https:\/\/www.directimpactsolutions.com\/wp-content\/uploads\/2022\/04\/claris-filemaker19.png 795w, https:\/\/www.directimpactsolutions.com\/wp-content\/uploads\/2022\/04\/claris-filemaker19-300x175.png 300w, https:\/\/www.directimpactsolutions.com\/wp-content\/uploads\/2022\/04\/claris-filemaker19-768x449.png 768w, https:\/\/www.directimpactsolutions.com\/wp-content\/uploads\/2022\/04\/claris-filemaker19-480x281.png 480w\" sizes=\"auto, (max-width: 795px) 100vw, 795px\" \/><\/figure><\/div><\/div><\/div><div style=\"height:80px\" aria-hidden=\"true\" class=\"wp-block-spacer\"><\/div><h2 class=\"wp-block-heading has-large-font-size\" style=\"margin-top:0;margin-right:0;margin-bottom:0;margin-left:0;padding-top:0;padding-right:0;padding-bottom:0;padding-left:0;font-style:normal;font-weight:400\">Qu&rsquo;est-ce que le d\u00e9veloppement FileMaker ?<\/h2><div class=\"wp-block-uagb-container uagb-block-a22c83ee alignfull uagb-is-root-container\"><div class=\"uagb-container-inner-blocks-wrap\"><div class=\"wp-block-uagb-container uagb-block-6a7c14e7\"><figure class=\"wp-block-image size-full\"><img loading=\"lazy\" decoding=\"async\" width=\"500\" height=\"500\" src=\"https:\/\/www.directimpactsolutions.com\/wp-content\/uploads\/2023\/03\/FMP_icon-1.png\" alt=\"\" class=\"wp-image-10535\" srcset=\"https:\/\/www.directimpactsolutions.com\/wp-content\/uploads\/2023\/03\/FMP_icon-1.png 500w, https:\/\/www.directimpactsolutions.com\/wp-content\/uploads\/2023\/03\/FMP_icon-1-300x300.png 300w, https:\/\/www.directimpactsolutions.com\/wp-content\/uploads\/2023\/03\/FMP_icon-1-150x150.png 150w, https:\/\/www.directimpactsolutions.com\/wp-content\/uploads\/2023\/03\/FMP_icon-1-100x100.png 100w\" sizes=\"auto, (max-width: 500px) 100vw, 500px\" \/><\/figure><\/div>\n\n<div class=\"wp-block-uagb-container uagb-block-323b52e2\"><div class=\"inherit-container-width wp-block-group is-layout-constrained wp-block-group-is-layout-constrained\"><p>FileMaker Pro est un produit inclus dans la plateforme Claris, qui est une application de base de donn\u00e9es relationnelle multiplateforme d\u00e9velopp\u00e9e par Claris International Inc. Il int\u00e8gre un moteur de base de donn\u00e9es robuste avec une interface graphique conviviale et des fonctions de s\u00e9curit\u00e9, permettant aux utilisateurs de glisser-d\u00e9poser de nouveaux \u00e9l\u00e9ments dans des pr\u00e9sentations, des \u00e9crans ou des formulaires pour modifier la base de donn\u00e9es. FileMaker Pro est un logiciel de base de donn\u00e9es puissant et facile \u00e0 utiliser qui vous permet, \u00e0 vous et \u00e0 votre \u00e9quipe, d&rsquo;effectuer n&rsquo;importe quelle t\u00e2che rapidement et efficacement.<\/p>\n\n<p>Con\u00e7u pour les plates-formes Windows et Mac, FileMaker Pro est un choix populaire parmi les petites entreprises et les organisations en raison de son interface conviviale. Si vous avez besoin d&rsquo;aide pour d\u00e9velopper une solution personnalis\u00e9e avec FileMaker Pro, vous pouvez faire appel aux services d&rsquo;un d\u00e9veloppeur FileMaker ou d&rsquo;une soci\u00e9t\u00e9 de d\u00e9veloppement. Avec une solution personnalis\u00e9e, vous serez en mesure de g\u00e9rer vos donn\u00e9es de mani\u00e8re plus efficace, ce qui permettra \u00e0 votre entreprise de rester comp\u00e9titive et prosp\u00e8re.<\/p><\/div><\/div><\/div><\/div><div style=\"height:80px\" aria-hidden=\"true\" class=\"wp-block-spacer\"><\/div><h2 class=\"wp-block-heading has-large-font-size\" style=\"margin-top:0;margin-right:0;margin-bottom:0;margin-left:0;font-style:normal;font-weight:400\">Des experts en d\u00e9veloppement Claris FileMaker pour vous aider<\/h2><div style=\"height:27px\" aria-hidden=\"true\" class=\"wp-block-spacer\"><\/div><div class=\"wp-block-columns alignwide is-layout-flex wp-container-core-columns-is-layout-28f84493 wp-block-columns-is-layout-flex\"><div class=\"wp-block-column is-layout-flow wp-block-column-is-layout-flow\" style=\"flex-basis:75%\"><p>Nos experts en d\u00e9veloppement FileMaker peuvent int\u00e9grer votre application FileMaker \u00e0 un site Web ou \u00e0 d&rsquo;autres applications \u00e0 l&rsquo;aide de diverses m\u00e9thodes, notamment les services Web RESTFul avec la nouvelle API FileMaker Data, les scripts PHP, Claris Connect ou FileMaker WebDirect (FMWD).<\/p>\n\n<p>Nous pouvons int\u00e9grer de mani\u00e8re transparente votre solution existante \u00e0 une s\u00e9rie de plateformes, telles que les int\u00e9grations comptables les plus courantes, notamment Sage 50 (anciennement Simply Accounting), Sage 300 (anciennement Accpac), Acomba et QuickBooks. Nous prenons \u00e9galement en charge les int\u00e9grations d&#8217;emails avec Cyberimpact et Mailchimp, ainsi que l&rsquo;int\u00e9gration avec des outils tels que Office365 et Slack, parmi beaucoup d&rsquo;autres.<\/p>\n\n<p>Les possibilit\u00e9s d&rsquo;int\u00e9gration sont pratiquement infinies, et nous sommes heureux de discuter de vos options d&rsquo;int\u00e9gration avec des plateformes sp\u00e9cifiques \u00e0 l&rsquo;esprit. Leader mondial dans le d\u00e9veloppement, l&rsquo;int\u00e9gration et l&rsquo;optimisation de FileMaker, <a href=\"https:\/\/www.directimpactsolutions.com\/fr\/\" data-type=\"URL\" data-id=\"http:\/\/www.directimpactsolutions.com\/en\/\">Direct Impact Solutions<\/a> a des si\u00e8ges sociaux situ\u00e9s dans la r\u00e9gion de Montr\u00e9al (Canada), \u00e0 Toulouse (France) et \u00e0 New York (USA). Faites-nous confiance pour vous aider \u00e0 exploiter tout le potentiel de la plateforme d&rsquo;innovation Claris FileMaker Workplace et \u00e0 optimiser vos applications personnalis\u00e9es.<\/p><\/div>\n\n<div class=\"wp-block-column is-layout-flow wp-block-column-is-layout-flow\" style=\"flex-basis:25%\"><figure class=\"wp-block-image size-full\"><img loading=\"lazy\" decoding=\"async\" width=\"294\" height=\"77\" src=\"https:\/\/www.directimpactsolutions.com\/wp-content\/uploads\/2021\/08\/claris-partner-platinum-noir.png\" alt=\"Partenaire Claris\" class=\"wp-image-3141\"\/><\/figure><\/div><\/div><div style=\"height:80px\" aria-hidden=\"true\" class=\"wp-block-spacer\"><\/div><div class=\"wp-block-uagb-container uagb-block-7287ad6f alignfull uagb-is-root-container\"><div class=\"uagb-container-inner-blocks-wrap\"><div class=\"wp-block-uagb-container uagb-block-402ae030\"><div class=\"wp-block-uagb-info-box uagb-block-b840b1fc uagb-infobox__content-wrap  uagb-infobox-icon-above-title uagb-infobox-image-valign-top\"><div class=\"uagb-ifb-content\"><div class=\"uagb-ifb-image-content\"><img decoding=\"async\" src=\"https:\/\/www.directimpactsolutions.com\/wp-content\/uploads\/2021\/06\/logo-g2-crowd2-150x129.jpeg\" alt=\"\" width=\"\" height=\"0\" loading=\"lazy\"\/><\/div><div class=\"uagb-ifb-title-wrap\"><h3 class=\"uagb-ifb-title\">Prix et distinctions<\/h3><\/div><p class=\"uagb-ifb-desc\">D\u00e9couvrez pourquoi nous aimons cr\u00e9er des solutions personnalis\u00e9es \u00e0 l&rsquo;aide de la meilleure plateforme d&rsquo;innovation en milieu de travail. G2 Crowd classe FileMaker #1 parmi les plateformes d\u2019innovation en milieu de travail.<\/p><div class=\"uagb-ifb-button-wrapper wp-block-button\"><\/div><\/div><\/div><\/div>\n\n<div class=\"wp-block-uagb-container uagb-block-8f4e8df9\"><div class=\"wp-block-uagb-info-box uagb-block-99536ede uagb-infobox__content-wrap  uagb-infobox-icon-above-title uagb-infobox-image-valign-top\"><div class=\"uagb-ifb-content\"><div class=\"uagb-ifb-image-content\"><img decoding=\"async\" src=\"https:\/\/www.directimpactsolutions.com\/wp-content\/uploads\/2021\/06\/fmCyberimpact-150x150.jpeg\" alt=\"\" width=\"\" height=\"0\" loading=\"lazy\"\/><\/div><div class=\"uagb-ifb-title-wrap\"><h3 class=\"uagb-ifb-title\">Solutions FileMaker<\/h3><\/div><p class=\"uagb-ifb-desc\">Votre organisation utilise-t-elle <strong>Office 365<\/strong> ou <strong>Cyberimpact<\/strong> ? D\u00e9couvrez nos solutions de d\u00e9monstration pour int\u00e9grer \u00e0 vos flux de travail.<\/p><div class=\"uagb-ifb-button-wrapper wp-block-button\"><\/div><\/div><\/div><\/div><\/div><\/div>","protected":false},"excerpt":{"rendered":"<p>D\u00e9veloppement FileMaker &#8211; Trouvez la solution adapt\u00e9e \u00e0 vos besoins Direct Impact Solutions est fi\u00e8re d&rsquo;\u00eatre un partenaire Platine de Claris. Nos d\u00e9veloppeurs certifi\u00e9s utilisent le d\u00e9veloppement FileMaker pour cr\u00e9er des solutions personnalis\u00e9es pour les organisations priv\u00e9es et publiques. Services de d\u00e9veloppement FileMaker Pourquoi choisir un sp\u00e9cialiste du d\u00e9veloppement FileMaker certifi\u00e9 ? D\u00e9veloppeurs d\u2019applications FileMaker &hellip;<\/p>\n<p class=\"read-more\"> <a class=\"\" href=\"https:\/\/www.directimpactsolutions.com\/fr\/developpement-filemaker\/\"> <span class=\"screen-reader-text\">Developpement Filemaker<\/span> Lire la suite >><\/a><\/p>\n","protected":false},"author":13,"featured_media":0,"parent":0,"menu_order":0,"comment_status":"closed","ping_status":"closed","template":"","meta":{"inline_featured_image":false,"_uag_custom_page_level_css":"","site-sidebar-layout":"default","site-content-layout":"","ast-site-content-layout":"","site-content-style":"default","site-sidebar-style":"default","ast-global-header-display":"","ast-banner-title-visibility":"","ast-main-header-display":"","ast-hfb-above-header-display":"","ast-hfb-below-header-display":"","ast-hfb-mobile-header-display":"","site-post-title":"disabled","ast-breadcrumbs-content":"","ast-featured-img":"","footer-sml-layout":"","theme-transparent-header-meta":"","adv-header-id-meta":"","stick-header-meta":"","header-above-stick-meta":"","header-main-stick-meta":"","header-below-stick-meta":"","astra-migrate-meta-layouts":"set","footnotes":""},"class_list":["post-16068","page","type-page","status-publish","hentry"],"uagb_featured_image_src":{"full":false,"thumbnail":false,"medium":false,"medium_large":false,"large":false,"1536x1536":false,"2048x2048":false,"woocommerce_thumbnail":false,"woocommerce_single":false,"woocommerce_gallery_thumbnail":false},"uagb_author_info":{"display_name":"Ozzi","author_link":"https:\/\/www.directimpactsolutions.com\/fr\/author\/ozzi\/"},"uagb_comment_info":0,"uagb_excerpt":"D\u00e9veloppement FileMaker &#8211; Trouvez la solution adapt\u00e9e \u00e0 vos besoins Direct Impact Solutions est fi\u00e8re d&rsquo;\u00eatre un partenaire Platine de Claris. Nos d\u00e9veloppeurs certifi\u00e9s utilisent le d\u00e9veloppement FileMaker pour cr\u00e9er des solutions personnalis\u00e9es pour les organisations priv\u00e9es et publiques. Services de d\u00e9veloppement FileMaker Pourquoi choisir un sp\u00e9cialiste du d\u00e9veloppement FileMaker certifi\u00e9 ? D\u00e9veloppeurs d\u2019applications FileMaker\u2026","_links":{"self":[{"href":"https:\/\/www.directimpactsolutions.com\/fr\/wp-json\/wp\/v2\/pages\/16068","targetHints":{"allow":["GET"]}}],"collection":[{"href":"https:\/\/www.directimpactsolutions.com\/fr\/wp-json\/wp\/v2\/pages"}],"about":[{"href":"https:\/\/www.directimpactsolutions.com\/fr\/wp-json\/wp\/v2\/types\/page"}],"author":[{"embeddable":true,"href":"https:\/\/www.directimpactsolutions.com\/fr\/wp-json\/wp\/v2\/users\/13"}],"replies":[{"embeddable":true,"href":"https:\/\/www.directimpactsolutions.com\/fr\/wp-json\/wp\/v2\/comments?post=16068"}],"version-history":[{"count":2,"href":"https:\/\/www.directimpactsolutions.com\/fr\/wp-json\/wp\/v2\/pages\/16068\/revisions"}],"predecessor-version":[{"id":18168,"href":"https:\/\/www.directimpactsolutions.com\/fr\/wp-json\/wp\/v2\/pages\/16068\/revisions\/18168"}],"wp:attachment":[{"href":"https:\/\/www.directimpactsolutions.com\/fr\/wp-json\/wp\/v2\/media?parent=16068"}],"curies":[{"name":"wp","href":"https:\/\/api.w.org\/{rel}","templated":true}]}}