{"id":16276,"date":"2023-12-21T22:25:20","date_gmt":"2023-12-21T22:25:20","guid":{"rendered":"https:\/\/www.directimpactsolutions.com\/?page_id=16276"},"modified":"2024-10-01T02:55:46","modified_gmt":"2024-10-01T02:55:46","slug":"application-mobile-filemaker-evenements","status":"publish","type":"page","link":"https:\/\/www.directimpactsolutions.com\/fr\/temoignages\/application-mobile-filemaker-evenements\/","title":{"rendered":"Application mobile FileMaker pour l&rsquo;inscription \u00e0 un \u00e9v\u00e9nement"},"content":{"rendered":"<div class=\"wp-block-uagb-container uagb-block-ec028ce4 alignfull uagb-is-root-container\"><div class=\"uagb-container__shape uagb-container__shape-bottom uagb-container__invert\" data-negative=\"false\"><svg xmlns=\"https:\/\/www.w3.org\/2000\/svg\" viewBox=\"0 0 1000 100\" preserveAspectRatio=\"none\"><path class=\"uagb-container__shape-fill\" d=\"M500,98.9L0,6.1V0h1000v6.1L500,98.9z\"><\/path><\/svg><\/div><div class=\"uagb-container-inner-blocks-wrap\"><div style=\"height:20px\" aria-hidden=\"true\" class=\"wp-block-spacer\"><\/div>\n\n<h1 class=\"wp-block-heading has-ast-global-color-1-color has-text-color\" style=\"font-style:normal;font-weight:400\">Application mobile FileMaker pour l&rsquo;inscription \u00e0 un \u00e9v\u00e9nement<\/h1>\n\n<p class=\"has-ast-global-color-1-color has-text-color\">Industrie dentaire\/m\u00e9dicale<\/p>\n\n<div style=\"height:40px\" aria-hidden=\"true\" class=\"wp-block-spacer\"><\/div><\/div><\/div><div style=\"height:80px\" aria-hidden=\"true\" class=\"wp-block-spacer\"><\/div><p><a href=\"https:\/\/www.directimpactsolutions.com\/fr\/temoignages\/\"><strong>&lt;&lt; Voir toutes les \u00e9tudes de cas <\/strong><\/a><\/p><div class=\"wp-block-uagb-container uagb-block-9e90b2cf alignfull uagb-is-root-container\"><div class=\"uagb-container-inner-blocks-wrap\"><div class=\"wp-block-uagb-container uagb-block-2a7058ac\"><div class=\"wp-block-group is-layout-constrained wp-block-group-is-layout-constrained\"><h2 class=\"wp-block-heading\" style=\"font-style:normal;font-weight:400\">Application FileMaker Mobile pour la Soci\u00e9t\u00e9 de M\u00e9decine Dentaire<\/h2>\n\n<p>Direct Impact Solutions est un chef de file mondial en d\u00e9veloppement, int\u00e9gration et optimisation d\u2019applications personnalis\u00e9es favorisant la transformation num\u00e9rique des entreprises en utilisant des plateformes low-code et des technologies Web. Nous sommes sp\u00e9cialis\u00e9s dans la cr\u00e9ation d&rsquo;applications Claris FileMaker, qui est une filiale d&rsquo;Apple. En tant que membres du r\u00e9seau de consultants Apple (ACN), nous combinons nos comp\u00e9tences FileMaker avec nos services techniques Apple. Cela nous permet de cr\u00e9er des applications sur mesure pour nos clients, et de les aider \u00e0 configurer leurs appareils Mac et iOS afin qu&rsquo;ils puissent acc\u00e9der \u00e0 leur solution FileMaker.<\/p>\n\n<h3 class=\"wp-block-heading has-ast-global-color-2-color has-text-color\">Le client<\/h3>\n\n<p>La Soci\u00e9t\u00e9 de M\u00e9decine Dentaire est l&rsquo;association scientifique et professionnelle des professionnels de l&rsquo;Art dentaire de Belgique, dirig\u00e9e par Bruno Gonthier et Olivier Custers. Leur mission est de contribuer au progr\u00e8s de la science odonto-stomatologique et \u00e0 l\u2019avancement de la dentisterie. La SMD encourage l&rsquo;enseignement et la recherche, l&rsquo;organisation de toute activit\u00e9 scientifique et contribue \u00e0 la collaboration \u00e0 l&rsquo;information et \u00e0 l&rsquo;\u00e9ducation du public. Les membres peuvent acc\u00e9der \u00e0 des services tels que la formation continue, l&rsquo;assurance collective, un service de recouvrement de cr\u00e9ances, une repr\u00e9sentation \u00e0 tous les niveaux de l&rsquo;industrie, l\u2019aide directe de sp\u00e9cialistes via une ligne d&rsquo;assistance t\u00e9l\u00e9phonique, l&rsquo;acc\u00e8s \u00e0 des clubs d&rsquo;\u00e9tudes r\u00e9gionaux et plus encore.<\/p>\n\n<p>L\u2019aventure de la SMD avec Apple a commenc\u00e9 il y a environ 10 ans, lorsque celle-ci avait besoin d\u2019aide pour g\u00e9rer les services aux membres. Comme les op\u00e9rations de la SMD s\u2019appuyaient sur plusieurs applications d\u00e9connect\u00e9es, elle se trouvait dans une impasse. Apr\u00e8s avoir recherch\u00e9 les solutions disponibles, elle a choisi d&rsquo;utiliser FileMaker. La SDM a embauch\u00e9 une organisation pour cr\u00e9er leur premi\u00e8re solution FileMaker, qui est toujours utilis\u00e9e \u00e0 ce jour pour les processus de base de l\u2019organisation. Quelques ann\u00e9es plus tard, le d\u00e9veloppeur qui a cr\u00e9\u00e9 la solution, Cyril Jouannault, a lanc\u00e9 sa propre entreprise, KiSoft. La SMD a donc suivi Cyril chez KiSoft, puis chez Direct Impact Solutions lors de l&rsquo;acquisition de KiSoft en 2020. Ce fut le d\u00e9but d&rsquo;une relation fructueuse et de confiance entre la SMD et Direct Impact Solutions.<\/p>\n\n<h3 class=\"wp-block-heading has-ast-global-color-2-color has-text-color\">Le d\u00e9fi<\/h3>\n\n<p>En plus d&rsquo;offrir des services aux membres, la SMD organise \u00e9galement des \u00e9v\u00e9nements, tels que des conf\u00e9rences et des ateliers. L&rsquo;inscription \u00e0 ces \u00e9v\u00e9nements se faisait en ligne via leur site Web, mais causait souvent des probl\u00e8mes et n\u00e9cessitait une maintenance fr\u00e9quente. Avec l\u2019augmentation de l\u2019utilisation des applications mobiles, la SMD souhaitait passer \u00e0 un autre niveau. Le client souhaitait rationaliser les op\u00e9rations en cr\u00e9ant une solution li\u00e9e \u00e0 sa base de donn\u00e9es FileMaker existante. L&rsquo;objectif avait deux volets ; la SMD souhaitaient am\u00e9liorer l&rsquo;exp\u00e9rience utilisateur en proposant l&rsquo;inscription directement via une application mobile, et souhaitait que les informations d&rsquo;inscription soient automatiquement transf\u00e9r\u00e9es de l&rsquo;application vers leur base de donn\u00e9es FileMaker.<\/p>\n\n<h3 class=\"wp-block-heading has-ast-global-color-2-color has-text-color\">La solution<\/h3>\n\n<p>Direct Impact Solutions a cr\u00e9\u00e9 une application mobile FileMaker personnalis\u00e9e qui g\u00e8re l&rsquo;inscription aux \u00e9v\u00e9nements, o\u00f9 les donn\u00e9es sont collect\u00e9es puis transf\u00e9r\u00e9es vers leur base de donn\u00e9es FileMaker existante. L&rsquo;application est h\u00e9berg\u00e9e sur un serveur d\u00e9di\u00e9 virtuel interne et s\u00e9curis\u00e9. Les \u00e9l\u00e9ments modifi\u00e9s ou nouveaux saisis dans l\u2019arri\u00e8re-guichet (back-office) sont d\u00e9sormais directement visibles sur l&rsquo;application mobile. Les utilisateurs peuvent s&rsquo;inscrire \u00e0 des \u00e9v\u00e9nements depuis leur iPhone. Une fois le paiement effectu\u00e9, l&rsquo;application envoie une notification invitant les membres \u00e0 v\u00e9rifier leur inscription dans une base de donn\u00e9es temporaire. Si tout est exact, l&rsquo;inscription est transf\u00e9r\u00e9e vers la base de donn\u00e9es FileMaker existante (finale), o\u00f9 le nombre de places disponibles restants est mis \u00e0 jour en temps r\u00e9el. \u00c9tant donn\u00e9 que de nombreux participants utilisent d\u00e9sormais des t\u00e9l\u00e9phones intelligents, disposer d\u2019une application mobile performante change la donne pour la SMD. Cela les aide \u00e9galement \u00e0 rejoindre un public plus jeune et r\u00e9duit consid\u00e9rablement la maintenance li\u00e9e aux probl\u00e8mes ant\u00e9rieurs.<\/p>\n\n<h3 class=\"wp-block-heading has-ast-global-color-2-color has-text-color\">Les avantages<\/h3>\n\n<p>La solution a permis \u00e0 la <em>Soci\u00e9t\u00e9 de m\u00e9decine dentaire<\/em> d&rsquo;offrir une meilleure exp\u00e9rience utilisateur et de travailler plus efficacement en r\u00e9duisant la maintenance et en connectant sa base de donn\u00e9es interne.<\/p>\n\n<p>La solution offre de nombreux avantages :<\/p>\n\n<ul class=\"wp-block-list\"><li>Augmentation des revenus gr\u00e2ce \u00e0 une meilleure exp\u00e9rience utilisateur, ce qui r\u00e9sulte \u00e0 plus d\u2019inscriptions ;<\/li>\n\n<li>\u00c9conomies de co\u00fbts en r\u00e9duisant la maintenance due aux probl\u00e8mes d&rsquo;enregistrement du site Web ;<\/li>\n\n<li>Productivit\u00e9 accrue gr\u00e2ce \u00e0 une maintenance r\u00e9duite ;<\/li>\n\n<li>R\u00e9duction des erreurs li\u00e9es \u00e0 l\u2019enregistrement et \u00e0 la maintenance qui s\u2019en suivait ;<\/li>\n\n<li>Meilleure exp\u00e9rience utilisateur gr\u00e2ce \u00e0 la diminution de probl\u00e8mes et \u00e0 l&rsquo;utilisation d&rsquo;une application native au lieu d&rsquo;un navigateur ;<\/li>\n\n<li>Exp\u00e9rience client am\u00e9lior\u00e9e gr\u00e2ce \u00e0 l&rsquo;introduction d&rsquo;une application mobile et ;<\/li>\n\n<li>Exp\u00e9rience employ\u00e9 am\u00e9lior\u00e9e gr\u00e2ce \u00e0 des op\u00e9rations rationalis\u00e9es.<\/li><\/ul>\n\n<p>Si l\u2019on fait une comparaison entre l\u2019ancien et le nouveau processus, bien qu\u2019il reste similaire dans son essence, \u00e0 l\u2019exception de la plateforme utilis\u00e9e (c\u2019est-\u00e0-dire un site Web accessible via un navigateur versus une application mobile), tout le monde s\u2019accorde sur le fait que l\u2019exp\u00e9rience utilisateur s\u2019est grandement am\u00e9lior\u00e9e. De plus, le processus est devenu plus facile d\u00fb \u00e0 la diminution de maintenance et de probl\u00e8mes li\u00e9s \u00e0 l\u2019enregistrement sur le site Web. Claris FileMaker a permis de cr\u00e9er une solution qui a chang\u00e9 positivement la fa\u00e7on dont la SDM proposent leurs services et r\u00e9pondent aux besoins de leurs membres.<\/p><\/div><\/div>\n\n<div class=\"wp-block-uagb-container uagb-block-0c999bcc\"><figure class=\"wp-block-image size-full is-resized has-custom-border is-style-default\"><img decoding=\"async\" src=\"https:\/\/www.directimpactsolutions.com\/wp-content\/uploads\/2023\/12\/IMG_7576.png\" alt=\"FileMaker mobile app UI\" style=\"border-radius:10px;width:450px\"\/><\/figure>\n\n<figure class=\"wp-block-image size-large is-resized has-custom-border\"><img loading=\"lazy\" decoding=\"async\" width=\"473\" height=\"1024\" src=\"https:\/\/www.directimpactsolutions.com\/wp-content\/uploads\/2023\/12\/IMG_7578-473x1024.png\" alt=\"FileMaker mobile app UX\" class=\"wp-image-16302\" style=\"border-radius:10px;width:450px\" srcset=\"https:\/\/www.directimpactsolutions.com\/wp-content\/uploads\/2023\/12\/IMG_7578-473x1024.png 473w, https:\/\/www.directimpactsolutions.com\/wp-content\/uploads\/2023\/12\/IMG_7578-139x300.png 139w, https:\/\/www.directimpactsolutions.com\/wp-content\/uploads\/2023\/12\/IMG_7578-768x1662.png 768w, https:\/\/www.directimpactsolutions.com\/wp-content\/uploads\/2023\/12\/IMG_7578-710x1536.png 710w, https:\/\/www.directimpactsolutions.com\/wp-content\/uploads\/2023\/12\/IMG_7578-946x2048.png 946w, https:\/\/www.directimpactsolutions.com\/wp-content\/uploads\/2023\/12\/IMG_7578-600x1299.png 600w, https:\/\/www.directimpactsolutions.com\/wp-content\/uploads\/2023\/12\/IMG_7578.png 1242w\" sizes=\"auto, (max-width: 473px) 100vw, 473px\" \/><\/figure><\/div><\/div><\/div><div style=\"height:40px\" aria-hidden=\"true\" class=\"wp-block-spacer\"><\/div>","protected":false},"excerpt":{"rendered":"<p>Application mobile FileMaker pour l&rsquo;inscription \u00e0 un \u00e9v\u00e9nement Industrie dentaire\/m\u00e9dicale &lt;&lt; Voir toutes les \u00e9tudes de cas Application FileMaker Mobile pour la Soci\u00e9t\u00e9 de M\u00e9decine Dentaire Direct Impact Solutions est un chef de file mondial en d\u00e9veloppement, int\u00e9gration et optimisation d\u2019applications personnalis\u00e9es favorisant la transformation num\u00e9rique des entreprises en utilisant des plateformes low-code et des &hellip;<\/p>\n<p class=\"read-more\"> <a class=\"\" href=\"https:\/\/www.directimpactsolutions.com\/fr\/temoignages\/application-mobile-filemaker-evenements\/\"> <span class=\"screen-reader-text\">Application mobile FileMaker pour l&rsquo;inscription \u00e0 un \u00e9v\u00e9nement<\/span> Lire la suite >><\/a><\/p>\n","protected":false},"author":2,"featured_media":0,"parent":963,"menu_order":0,"comment_status":"closed","ping_status":"closed","template":"","meta":{"inline_featured_image":false,"_uag_custom_page_level_css":"","site-sidebar-layout":"default","site-content-layout":"","ast-site-content-layout":"default","site-content-style":"default","site-sidebar-style":"default","ast-global-header-display":"","ast-banner-title-visibility":"","ast-main-header-display":"","ast-hfb-above-header-display":"","ast-hfb-below-header-display":"","ast-hfb-mobile-header-display":"","site-post-title":"disabled","ast-breadcrumbs-content":"","ast-featured-img":"","footer-sml-layout":"","theme-transparent-header-meta":"","adv-header-id-meta":"","stick-header-meta":"","header-above-stick-meta":"","header-main-stick-meta":"","header-below-stick-meta":"","astra-migrate-meta-layouts":"set","footnotes":""},"class_list":["post-16276","page","type-page","status-publish","hentry"],"uagb_featured_image_src":{"full":false,"thumbnail":false,"medium":false,"medium_large":false,"large":false,"1536x1536":false,"2048x2048":false,"woocommerce_thumbnail":false,"woocommerce_single":false,"woocommerce_gallery_thumbnail":false},"uagb_author_info":{"display_name":"Eleanor Fulton","author_link":"https:\/\/www.directimpactsolutions.com\/fr\/author\/eleanor-fulton\/"},"uagb_comment_info":0,"uagb_excerpt":"Application mobile FileMaker pour l&rsquo;inscription \u00e0 un \u00e9v\u00e9nement Industrie dentaire\/m\u00e9dicale &lt;&lt; Voir toutes les \u00e9tudes de cas Application FileMaker Mobile pour la Soci\u00e9t\u00e9 de M\u00e9decine Dentaire Direct Impact Solutions est un chef de file mondial en d\u00e9veloppement, int\u00e9gration et optimisation d\u2019applications personnalis\u00e9es favorisant la transformation num\u00e9rique des entreprises en utilisant des plateformes low-code et des\u2026","_links":{"self":[{"href":"https:\/\/www.directimpactsolutions.com\/fr\/wp-json\/wp\/v2\/pages\/16276","targetHints":{"allow":["GET"]}}],"collection":[{"href":"https:\/\/www.directimpactsolutions.com\/fr\/wp-json\/wp\/v2\/pages"}],"about":[{"href":"https:\/\/www.directimpactsolutions.com\/fr\/wp-json\/wp\/v2\/types\/page"}],"author":[{"embeddable":true,"href":"https:\/\/www.directimpactsolutions.com\/fr\/wp-json\/wp\/v2\/users\/2"}],"replies":[{"embeddable":true,"href":"https:\/\/www.directimpactsolutions.com\/fr\/wp-json\/wp\/v2\/comments?post=16276"}],"version-history":[{"count":6,"href":"https:\/\/www.directimpactsolutions.com\/fr\/wp-json\/wp\/v2\/pages\/16276\/revisions"}],"predecessor-version":[{"id":18409,"href":"https:\/\/www.directimpactsolutions.com\/fr\/wp-json\/wp\/v2\/pages\/16276\/revisions\/18409"}],"up":[{"embeddable":true,"href":"https:\/\/www.directimpactsolutions.com\/fr\/wp-json\/wp\/v2\/pages\/963"}],"wp:attachment":[{"href":"https:\/\/www.directimpactsolutions.com\/fr\/wp-json\/wp\/v2\/media?parent=16276"}],"curies":[{"name":"wp","href":"https:\/\/api.w.org\/{rel}","templated":true}]}}