{"id":18111,"date":"2024-09-06T09:48:07","date_gmt":"2024-09-06T09:48:07","guid":{"rendered":"https:\/\/www.directimpactsolutions.com\/temoignages\/etude-de-cas-heartbeat-denver\/"},"modified":"2025-09-05T02:35:49","modified_gmt":"2025-09-05T02:35:49","slug":"etude-de-cas-heartbeat-denver","status":"publish","type":"page","link":"https:\/\/www.directimpactsolutions.com\/fr\/temoignages\/etude-de-cas-heartbeat-denver\/","title":{"rendered":"\u00c9tude de cas : Heartbeat Denver"},"content":{"rendered":"<div class=\"wp-block-uagb-container uagb-block-a60099df alignfull uagb-is-root-container\"><div class=\"uagb-container__shape uagb-container__shape-bottom uagb-container__invert\" data-negative=\"false\"><svg xmlns=\"https:\/\/www.w3.org\/2000\/svg\" viewBox=\"0 0 1000 100\" preserveAspectRatio=\"none\"><path class=\"uagb-container__shape-fill\" d=\"M500,98.9L0,6.1V0h1000v6.1L500,98.9z\"><\/path><\/svg><\/div><div class=\"uagb-container-inner-blocks-wrap\"><div style=\"height:20px\" aria-hidden=\"true\" class=\"wp-block-spacer\"><\/div>\n\n<h1 class=\"wp-block-heading has-ast-global-color-1-color has-text-color has-link-color has-large-font-size wp-elements-395b43a56d2324b69b642fdead28516f\">Demande de soutien \u00e0 un programme sans but lucratif : Heartbeat Denver<\/h1>\n\n<p class=\"has-ast-global-color-1-color has-text-color has-link-color wp-elements-860304296111f8c36f2adbe0a1658a0a\">Application personnalis\u00e9e pour le secteur non-marchand (sans but lucratif)<\/p>\n\n<div style=\"height:40px\" aria-hidden=\"true\" class=\"wp-block-spacer\"><\/div><\/div><\/div><div style=\"height:80px\" aria-hidden=\"true\" class=\"wp-block-spacer\"><\/div><p><a href=\"https:\/\/www.directimpactsolutions.com\/fr\/temoignages\/\"><strong>&lt;&lt; Voir toutes les \u00e9tudes de cas<\/strong><\/a><\/p><div class=\"wp-block-uagb-container uagb-block-83b8b185 alignfull uagb-is-root-container\"><div class=\"uagb-container-inner-blocks-wrap\"><div class=\"wp-block-uagb-container uagb-block-ebc26a90\"><div class=\"wp-block-group is-layout-constrained wp-block-group-is-layout-constrained\"><p><\/p>\n\n<div class=\"wp-block-uagb-advanced-heading uagb-block-faf2eb3f\"><h2 class=\"uagb-heading-text\">Direct Impact Solutions transforme la gestion de l&rsquo;organisme sans but lucratif, Heartbeat Denver gr\u00e2ce \u00e0 la plateforme de d\u00e9veloppement FileMaker<\/h2><\/div>\n\n<p><\/p>\n\n<p><a href=\"https:\/\/heartbeatdenver.org\/\" target=\"_blank\" rel=\"noreferrer noopener\">Heartbeat Denver<\/a> est un refuge pour hommes situ\u00e9 au sous-sol de l\u2019\u00c9glise Presbyt\u00e9rienne Centrale qui fournit un environnement de vie propre, s\u00fbr et sobre aux hommes qui essaient de passer de l\u2019itin\u00e9rance \u00e0 une vie plus ind\u00e9pendante. Cet organisme non-marchand (sans but lucratif) et la\u00efque propose une vari\u00e9t\u00e9 de programmes de formation \u00e0 ses r\u00e9sidents, tels que la gestion financi\u00e8re, la pr\u00e9paration aux entretiens d\u2019embauche, l\u2019aide \u00e0 la recherche d\u2019emploi et la r\u00e9daction de CV. Lorsque les r\u00e9sidents sont pr\u00eats \u00e0 quitter le refuge, le personnel de Heartbeat Denver les aide \u00e9galement \u00e0 trouver un logement.  <\/p>\n\n<h3 class=\"wp-block-heading has-ast-global-color-2-color has-text-color has-link-color wp-elements-6b32cdf75194c187c93bcea4b99ec725\"><strong>Probl\u00e9matique<\/strong><\/h3>\n\n<p>Malgr\u00e9 leur d\u00e9vouement, le personnel \u00e9tait confront\u00e9 \u00e0 un d\u00e9fi majeur dans ses op\u00e9rations : une base de donn\u00e9es obsol\u00e8te entravait les activit\u00e9s et limitait l\u2019impact de leur programme. La base de donn\u00e9es Microsoft Access de Heartbeat Denver \u00e9tait non seulement obsol\u00e8te, mais \u00e9galement difficile \u00e0 utiliser, ce qui rendait la gestion des r\u00e9sidents et des op\u00e9rations extr\u00eamement complexe. Les limitations du syst\u00e8me freinaient l\u2019efficacit\u00e9 de l\u2019organisation, impactant ainsi la qualit\u00e9 des services offerts.  <\/p>\n\n<h3 class=\"wp-block-heading has-ast-global-color-2-color has-text-color has-link-color wp-elements-bb158381b5107ba1f121c36cc5cee4d7\"><strong>Objectifs<\/strong><\/h3>\n\n<p>Pour surmonter ces d\u00e9fis, Heartbeat Denver avait pour objectifs de remplacer la base de donn\u00e9es obsol\u00e8te par une solution moderne, facile \u00e0 utiliser et adapt\u00e9e \u00e0 ses besoins sp\u00e9cifiques. La nouvelle base de donn\u00e9es devait \u00e9galement \u00eatre abordable, \u00e9tant donn\u00e9 le statut d\u2019organisme \u00e0 but non lucratif de Heartbeat Denver. <\/p>\n\n<h3 class=\"wp-block-heading has-ast-global-color-2-color has-text-color has-link-color wp-elements-820622298fda2851d1afc92b5d1a4033\"><strong>Solution<\/strong><\/h3>\n\n<p>Direct Impact Solutions a d\u00e9velopp\u00e9 une base de donn\u00e9es personnalis\u00e9e sur mesure, bas\u00e9e sur la plateforme FileMaker. En adoptant une m\u00e9thodologie agile, nous avons travaill\u00e9 en \u00e9troite collaboration avec l\u2019\u00e9quipe de Heartbeat Denver pour comprendre leurs besoins sp\u00e9cifiques et garantir un produit final r\u00e9pondant parfaitement \u00e0 leurs attentes. La nouvelle base de donn\u00e9es FileMaker offre d\u00e9sormais une interface intuitive, permettant \u00e0 l\u2019\u00e9quipe de Heartbeat Denver de g\u00e9rer les donn\u00e9es de mani\u00e8re plus efficace et de soutenir les r\u00e9sidents de fa\u00e7on optimale. Gr\u00e2ce \u00e0 cette solution personnalis\u00e9e, l\u2019organisation a pu \u00e9conomiser du temps et des ressources, tout en am\u00e9liorant la qualit\u00e9 de vie de ses b\u00e9n\u00e9ficiaires.   <\/p>\n\n<h3 class=\"wp-block-heading has-ast-global-color-2-color has-text-color has-link-color wp-elements-c3cff3b858c6272609fc693754ffe038\"><strong>R\u00e9sultats Concrets<\/strong><\/h3>\n\n<div class=\"wp-block-group is-layout-constrained wp-block-group-is-layout-constrained\"><p>L\u2019impl\u00e9mentation de la base de donn\u00e9es FileMaker a eu un impact significatif sur les op\u00e9rations de Heartbeat Denver :<\/p>\n\n<ul class=\"wp-block-list\"><li><strong>Am\u00e9lioration de l\u2019efficacit\u00e9 op\u00e9rationnelle <\/strong>: La nouvelle base de donn\u00e9es a permis \u00e0 Heartbeat Denver de rationaliser ses processus et d\u2019optimiser l\u2019utilisation de ses ressources.<\/li>\n\n<li><strong>Facilit\u00e9 d\u2019utilisation <\/strong>: L\u2019interface intuitive de la base de donn\u00e9es a rendu la gestion des donn\u00e9es plus agr\u00e9able pour le personnel.<\/li>\n\n<li><strong>Satisfaction des employ\u00e9s <\/strong>: Les employ\u00e9s de Heartbeat Denver sont plus satisfaits gr\u00e2ce \u00e0 l\u2019am\u00e9lioration de leur productivit\u00e9 et \u00e0 la facilit\u00e9 d\u2019acc\u00e8s \u00e0 l\u2019information.<\/li>\n\n<li><strong>Impact positif sur les r\u00e9sidents <\/strong>: La meilleure gestion des donn\u00e9es a permis \u00e0 Heartbeat Denver d\u2019offrir un soutien plus efficace \u00e0 ses r\u00e9sidents.<\/li><\/ul>\n\n<h3 class=\"wp-block-heading has-ast-global-color-2-color has-text-color has-link-color wp-elements-b445fed6bd0a1871189a056f742a5b28\"><strong>Conclusion<\/strong><\/h3>\n\n<p>Cette collaboration r\u00e9ussie avec Heartbeat Denver d\u00e9montre la capacit\u00e9 de Direct Impact Solutions \u00e0 offrir des solutions personnalis\u00e9es et efficaces r\u00e9pondant aux besoins sp\u00e9cifiques des organisations sans but lucratif. Gr\u00e2ce \u00e0 notre expertise en d\u00e9veloppement d\u2019applications FileMaker et \u00e0 notre engagement envers l\u2019excellence, nous avons pu aider Heartbeat Denver \u00e0 accomplir sa mission de soutien aux personnes vuln\u00e9rables. <\/p><\/div><\/div><\/div>\n\n<div class=\"wp-block-uagb-container uagb-block-1e6b24fb\"><div class=\"wp-block-group is-layout-constrained wp-block-group-is-layout-constrained\"><div\n\t\t\t\t\t\tclass=\"wp-block-uagb-image-gallery uagb-block-f3ac5977     \"\n\t\t\t\t\t\tstyle=\"\"\n\t\t\t\t\t>\n\t\t\t\t\t\t\t\t\t\t\t<div class=\"spectra-image-gallery spectra-image-gallery__layout--carousel\">\n\t\t\t\t\t\t\t\t<div class=\"uagb-slick-carousel uagb-block-f3ac5977\">\n\t\t\t\t\t\t\t\t\t\t\t\t<div class='spectra-image-gallery__media-wrapper' data-spectra-gallery-image-id='18121'>\n\t\t\t\t\t\t\t<div class=\"spectra-image-gallery__media spectra-image-gallery__media--carousel\">\n\t\t\t\t<picture>\n\t\t\t\t\t<source media=\"(min-width: 1024px)\" srcset=\"https:\/\/www.directimpactsolutions.com\/wp-content\/uploads\/2024\/09\/design-2-1024x1013.png\">\n\t\t\t\t\t<source media=\"(min-width: 768px)\" srcset=\"https:\/\/www.directimpactsolutions.com\/wp-content\/uploads\/2024\/09\/design-2-1024x1013.png\">\n\t\t\t\t\t<img decoding=\"async\" class=\"spectra-image-gallery__media-thumbnail spectra-image-gallery__media-thumbnail--carousel\" src=\"https:\/\/www.directimpactsolutions.com\/wp-content\/uploads\/2024\/09\/design-2-300x297.png\" alt=\"Heartbeat Denver App\" loading=\"lazy\" \/>\n\t\t\t\t<\/picture>\n\t\t\t\t<div class=\"spectra-image-gallery__media-thumbnail-blurrer\"><\/div>\n\t\t\t\t\t\t\t<\/div>\n\t\t\t\t\t\t\t\t<div class=\"spectra-image-gallery__media-thumbnail-caption-wrapper spectra-image-gallery__media-thumbnail-caption-wrapper--bar-outside\">\n\t\t\t\t\t\t\t\t\t\t<div class=\"spectra-image-gallery__media-thumbnail-caption spectra-image-gallery__media-thumbnail-caption--bar-outside\">\n\t\t\t\t\tThe previous database\t\t\t\t<\/div>\n\t\t\t\t\t\t\t\t<\/div>\n\t\t\t\t\t\t\t<\/div>\n\t\t\t\t\t\t<div class='spectra-image-gallery__media-wrapper' data-spectra-gallery-image-id='18042'>\n\t\t\t\t\t\t\t<div class=\"spectra-image-gallery__media spectra-image-gallery__media--carousel\">\n\t\t\t\t<picture>\n\t\t\t\t\t<source media=\"(min-width: 1024px)\" srcset=\"https:\/\/www.directimpactsolutions.com\/wp-content\/uploads\/2024\/08\/design-3-1024x683.png\">\n\t\t\t\t\t<source media=\"(min-width: 768px)\" srcset=\"https:\/\/www.directimpactsolutions.com\/wp-content\/uploads\/2024\/08\/design-3-1024x683.png\">\n\t\t\t\t\t<img decoding=\"async\" class=\"spectra-image-gallery__media-thumbnail spectra-image-gallery__media-thumbnail--carousel\" src=\"https:\/\/www.directimpactsolutions.com\/wp-content\/uploads\/2024\/08\/design-3-300x200.png\" alt=\"\" loading=\"lazy\" \/>\n\t\t\t\t<\/picture>\n\t\t\t\t<div class=\"spectra-image-gallery__media-thumbnail-blurrer\"><\/div>\n\t\t\t\t\t\t\t<\/div>\n\t\t\t\t\t\t\t\t<div class=\"spectra-image-gallery__media-thumbnail-caption-wrapper spectra-image-gallery__media-thumbnail-caption-wrapper--bar-outside\">\n\t\t\t\t\t\t\t\t\t\t<div class=\"spectra-image-gallery__media-thumbnail-caption spectra-image-gallery__media-thumbnail-caption--bar-outside\">\n\t\t\t\t\tInterfaces from the new FileMaker solution\t\t\t\t<\/div>\n\t\t\t\t\t\t\t\t<\/div>\n\t\t\t\t\t\t\t<\/div>\n\t\t\t\t\t\t<div class='spectra-image-gallery__media-wrapper' data-spectra-gallery-image-id='18256'>\n\t\t\t\t\t\t\t<div class=\"spectra-image-gallery__media spectra-image-gallery__media--carousel\">\n\t\t\t\t<picture>\n\t\t\t\t\t<source media=\"(min-width: 1024px)\" srcset=\"https:\/\/www.directimpactsolutions.com\/wp-content\/uploads\/2024\/09\/image001-1024x647.png\">\n\t\t\t\t\t<source media=\"(min-width: 768px)\" srcset=\"https:\/\/www.directimpactsolutions.com\/wp-content\/uploads\/2024\/09\/image001-1024x647.png\">\n\t\t\t\t\t<img decoding=\"async\" class=\"spectra-image-gallery__media-thumbnail spectra-image-gallery__media-thumbnail--carousel\" src=\"https:\/\/www.directimpactsolutions.com\/wp-content\/uploads\/2024\/09\/image001-300x190.png\" alt=\"\" loading=\"lazy\" \/>\n\t\t\t\t<\/picture>\n\t\t\t\t<div class=\"spectra-image-gallery__media-thumbnail-blurrer\"><\/div>\n\t\t\t\t\t\t\t<\/div>\n\t\t\t\t\t\t\t\t<div class=\"spectra-image-gallery__media-thumbnail-caption-wrapper spectra-image-gallery__media-thumbnail-caption-wrapper--bar-outside\">\n\t\t\t\t\t\t\t\t\t\t<div class=\"spectra-image-gallery__media-thumbnail-caption spectra-image-gallery__media-thumbnail-caption--bar-outside\">\n\t\t\t\t\tInterface from the new FileMaker solution\t\t\t\t<\/div>\n\t\t\t\t\t\t\t\t<\/div>\n\t\t\t\t\t\t\t<\/div>\n\t\t\t\t\t\t<div class='spectra-image-gallery__media-wrapper' data-spectra-gallery-image-id='18259'>\n\t\t\t\t\t\t\t<div class=\"spectra-image-gallery__media spectra-image-gallery__media--carousel\">\n\t\t\t\t<picture>\n\t\t\t\t\t<source media=\"(min-width: 1024px)\" srcset=\"https:\/\/www.directimpactsolutions.com\/wp-content\/uploads\/2024\/09\/image002-1024x647.png\">\n\t\t\t\t\t<source media=\"(min-width: 768px)\" srcset=\"https:\/\/www.directimpactsolutions.com\/wp-content\/uploads\/2024\/09\/image002-1024x647.png\">\n\t\t\t\t\t<img decoding=\"async\" class=\"spectra-image-gallery__media-thumbnail spectra-image-gallery__media-thumbnail--carousel\" src=\"https:\/\/www.directimpactsolutions.com\/wp-content\/uploads\/2024\/09\/image002-300x190.png\" alt=\"\" loading=\"lazy\" \/>\n\t\t\t\t<\/picture>\n\t\t\t\t<div class=\"spectra-image-gallery__media-thumbnail-blurrer\"><\/div>\n\t\t\t\t\t\t\t<\/div>\n\t\t\t\t\t\t\t\t<div class=\"spectra-image-gallery__media-thumbnail-caption-wrapper spectra-image-gallery__media-thumbnail-caption-wrapper--bar-outside\">\n\t\t\t\t\t\t\t\t\t\t<div class=\"spectra-image-gallery__media-thumbnail-caption spectra-image-gallery__media-thumbnail-caption--bar-outside\">\n\t\t\t\t\tInterface from the new FileMaker solution\t\t\t\t<\/div>\n\t\t\t\t\t\t\t\t<\/div>\n\t\t\t\t\t\t\t<\/div>\n\t\t\t\t\t\t<div class='spectra-image-gallery__media-wrapper' data-spectra-gallery-image-id='18262'>\n\t\t\t\t\t\t\t<div class=\"spectra-image-gallery__media spectra-image-gallery__media--carousel\">\n\t\t\t\t<picture>\n\t\t\t\t\t<source media=\"(min-width: 1024px)\" srcset=\"https:\/\/www.directimpactsolutions.com\/wp-content\/uploads\/2024\/09\/image003-1024x647.png\">\n\t\t\t\t\t<source media=\"(min-width: 768px)\" srcset=\"https:\/\/www.directimpactsolutions.com\/wp-content\/uploads\/2024\/09\/image003-1024x647.png\">\n\t\t\t\t\t<img decoding=\"async\" class=\"spectra-image-gallery__media-thumbnail spectra-image-gallery__media-thumbnail--carousel\" src=\"https:\/\/www.directimpactsolutions.com\/wp-content\/uploads\/2024\/09\/image003-300x190.png\" alt=\"\" loading=\"lazy\" \/>\n\t\t\t\t<\/picture>\n\t\t\t\t<div class=\"spectra-image-gallery__media-thumbnail-blurrer\"><\/div>\n\t\t\t\t\t\t\t<\/div>\n\t\t\t\t\t\t\t\t<div class=\"spectra-image-gallery__media-thumbnail-caption-wrapper spectra-image-gallery__media-thumbnail-caption-wrapper--bar-outside\">\n\t\t\t\t\t\t\t\t\t\t<div class=\"spectra-image-gallery__media-thumbnail-caption spectra-image-gallery__media-thumbnail-caption--bar-outside\">\n\t\t\t\t\tInterface from the new FileMaker solution\t\t\t\t<\/div>\n\t\t\t\t\t\t\t\t<\/div>\n\t\t\t\t\t\t\t<\/div>\n\t\t\t\t\t\t\t\t\t\t\t<\/div>\n\t\t\t\t\t\t\t<\/div>\n\t\t\t\t\t\t\t\t\t\t\t<\/div>\n\n<figure class=\"wp-block-pullquote\" style=\"margin-top:0;margin-right:0;margin-bottom:0;margin-left:0;padding-top:0;padding-right:0;padding-bottom:0;padding-left:0;font-size:18px\"><blockquote><p>Direct Impact Solutions a fait un travail fantastique. Le processus de d\u00e9veloppement collaboratif a donn\u00e9 lieu \u00e0 un produit final d\u00e9passant nos attentes. Notre acc\u00e8s \u00e0 l\u2019information et la facilit\u00e9 d\u2019utilisation sont grandement am\u00e9lior\u00e9s, et nos employ\u00e9s sont ravis de la nouvelle base de donn\u00e9es. Je recommande fortement Direct Impact.   <\/p><cite>\u2014 Bruce Heagstedt, Heartbeat Denver<\/cite><\/blockquote><\/figure><\/div><\/div><\/div><\/div><div style=\"height:40px\" aria-hidden=\"true\" class=\"wp-block-spacer\"><\/div>","protected":false},"excerpt":{"rendered":"<p>Demande de soutien \u00e0 un programme sans but lucratif : Heartbeat Denver Application personnalis\u00e9e pour le secteur non-marchand (sans but lucratif) &lt;&lt; Voir toutes les \u00e9tudes de cas Direct Impact Solutions transforme la gestion de l&rsquo;organisme sans but lucratif, Heartbeat Denver gr\u00e2ce \u00e0 la plateforme de d\u00e9veloppement FileMaker Heartbeat Denver est un refuge pour hommes &hellip;<\/p>\n<p class=\"read-more\"> <a class=\"\" href=\"https:\/\/www.directimpactsolutions.com\/fr\/temoignages\/etude-de-cas-heartbeat-denver\/\"> <span class=\"screen-reader-text\">\u00c9tude de cas : Heartbeat Denver<\/span> Lire la suite >><\/a><\/p>\n","protected":false},"author":2,"featured_media":0,"parent":963,"menu_order":0,"comment_status":"closed","ping_status":"closed","template":"","meta":{"inline_featured_image":false,"_uag_custom_page_level_css":"","site-sidebar-layout":"default","site-content-layout":"","ast-site-content-layout":"default","site-content-style":"default","site-sidebar-style":"default","ast-global-header-display":"","ast-banner-title-visibility":"","ast-main-header-display":"","ast-hfb-above-header-display":"","ast-hfb-below-header-display":"","ast-hfb-mobile-header-display":"","site-post-title":"disabled","ast-breadcrumbs-content":"","ast-featured-img":"","footer-sml-layout":"","theme-transparent-header-meta":"","adv-header-id-meta":"","stick-header-meta":"","header-above-stick-meta":"","header-main-stick-meta":"","header-below-stick-meta":"","astra-migrate-meta-layouts":"set","footnotes":""},"class_list":["post-18111","page","type-page","status-publish","hentry"],"uagb_featured_image_src":{"full":false,"thumbnail":false,"medium":false,"medium_large":false,"large":false,"1536x1536":false,"2048x2048":false,"woocommerce_thumbnail":false,"woocommerce_single":false,"woocommerce_gallery_thumbnail":false},"uagb_author_info":{"display_name":"Eleanor Fulton","author_link":"https:\/\/www.directimpactsolutions.com\/fr\/author\/eleanor-fulton\/"},"uagb_comment_info":0,"uagb_excerpt":"Demande de soutien \u00e0 un programme sans but lucratif : Heartbeat Denver Application personnalis\u00e9e pour le secteur non-marchand (sans but lucratif) &lt;&lt; Voir toutes les \u00e9tudes de cas Direct Impact Solutions transforme la gestion de l&rsquo;organisme sans but lucratif, Heartbeat Denver gr\u00e2ce \u00e0 la plateforme de d\u00e9veloppement FileMaker Heartbeat Denver est un refuge pour hommes\u2026","_links":{"self":[{"href":"https:\/\/www.directimpactsolutions.com\/fr\/wp-json\/wp\/v2\/pages\/18111","targetHints":{"allow":["GET"]}}],"collection":[{"href":"https:\/\/www.directimpactsolutions.com\/fr\/wp-json\/wp\/v2\/pages"}],"about":[{"href":"https:\/\/www.directimpactsolutions.com\/fr\/wp-json\/wp\/v2\/types\/page"}],"author":[{"embeddable":true,"href":"https:\/\/www.directimpactsolutions.com\/fr\/wp-json\/wp\/v2\/users\/2"}],"replies":[{"embeddable":true,"href":"https:\/\/www.directimpactsolutions.com\/fr\/wp-json\/wp\/v2\/comments?post=18111"}],"version-history":[{"count":14,"href":"https:\/\/www.directimpactsolutions.com\/fr\/wp-json\/wp\/v2\/pages\/18111\/revisions"}],"predecessor-version":[{"id":20424,"href":"https:\/\/www.directimpactsolutions.com\/fr\/wp-json\/wp\/v2\/pages\/18111\/revisions\/20424"}],"up":[{"embeddable":true,"href":"https:\/\/www.directimpactsolutions.com\/fr\/wp-json\/wp\/v2\/pages\/963"}],"wp:attachment":[{"href":"https:\/\/www.directimpactsolutions.com\/fr\/wp-json\/wp\/v2\/media?parent=18111"}],"curies":[{"name":"wp","href":"https:\/\/api.w.org\/{rel}","templated":true}]}}