{"id":18223,"date":"2024-09-18T15:43:14","date_gmt":"2024-09-18T15:43:14","guid":{"rendered":"https:\/\/www.directimpactsolutions.com\/?page_id=18223"},"modified":"2024-09-30T18:06:53","modified_gmt":"2024-09-30T18:06:53","slug":"developpement-web-lyon","status":"publish","type":"page","link":"https:\/\/www.directimpactsolutions.com\/fr\/developpement-web-lyon\/","title":{"rendered":"Agence de d\u00e9veloppement web Lyon"},"content":{"rendered":"<div class=\"wp-block-uagb-container uagb-block-f44100e8 alignfull uagb-is-root-container\"><div class=\"uagb-container__shape uagb-container__shape-bottom uagb-container__invert\" data-negative=\"false\"><svg xmlns=\"https:\/\/www.w3.org\/2000\/svg\" viewBox=\"0 0 1000 100\" preserveAspectRatio=\"none\"><path class=\"uagb-container__shape-fill\" d=\"M500,98.9L0,6.1V0h1000v6.1L500,98.9z\"><\/path><\/svg><\/div><div class=\"uagb-container-inner-blocks-wrap\"><div style=\"height:20px\" aria-hidden=\"true\" class=\"wp-block-spacer\"><\/div>\n\n<div class=\"wp-block-uagb-advanced-heading uagb-block-b6061fe8\"><h1 class=\"uagb-heading-text\">D\u00e9veloppement web \u00e0 Lyon<\/h1><\/div>\n\n<p class=\"has-ast-global-color-1-color has-text-color has-link-color wp-elements-51c0f4e7d8418ce0793008dea383ebb2\" style=\"font-size:16px\">Notre \u00e9quipe de d\u00e9veloppeurs bas\u00e9e \u00e0 Lyon est enti\u00e8rement pr\u00e9par\u00e9e pour r\u00e9pondre \u00e0 vos besoins en d\u00e9veloppement d&rsquo;applications, qu&rsquo;il s&rsquo;agisse de solutions low-code ou de d\u00e9veloppement web complet. Nous allions savoir-faire technique et approche personnalis\u00e9e pour concevoir des solutions sur mesure adapt\u00e9es \u00e0 vos besoins sp\u00e9cifiques. Que vous envisagiez de cr\u00e9er des applications simples via des outils low-code ou de d\u00e9velopper des plateformes web complexes, notre \u00e9quipe de Lyon est pr\u00eate \u00e0 offrir des solutions efficaces, \u00e9volutives et parfaitement align\u00e9es avec vos objectifs commerciaux.<\/p>\n\n<div style=\"height:20px\" aria-hidden=\"true\" class=\"wp-block-spacer\"><\/div><\/div><\/div><div style=\"height:80px\" aria-hidden=\"true\" class=\"wp-block-spacer\"><\/div><div class=\"wp-block-uagb-container uagb-block-2d98f739 alignfull uagb-is-root-container\"><div class=\"uagb-container-inner-blocks-wrap\"><div class=\"wp-block-uagb-container uagb-block-2d89387f\"><figure class=\"wp-block-image size-medium is-resized is-style-rounded\"><img loading=\"lazy\" decoding=\"async\" src=\"https:\/\/www.directimpactsolutions.com\/wp-content\/uploads\/2023\/05\/Map_CorporateOffices-300x300.jpg\" alt=\"\" class=\"wp-image-11453\" style=\"width:225px;height:225px\" width=\"225\" height=\"225\" srcset=\"https:\/\/www.directimpactsolutions.com\/wp-content\/uploads\/2023\/05\/Map_CorporateOffices-300x300.jpg 300w, https:\/\/www.directimpactsolutions.com\/wp-content\/uploads\/2023\/05\/Map_CorporateOffices-150x150.jpg 150w, https:\/\/www.directimpactsolutions.com\/wp-content\/uploads\/2023\/05\/Map_CorporateOffices-100x100.jpg 100w, https:\/\/www.directimpactsolutions.com\/wp-content\/uploads\/2023\/05\/Map_CorporateOffices.jpg 500w\" sizes=\"auto, (max-width: 225px) 100vw, 225px\" \/><\/figure><\/div>\n\n<div class=\"wp-block-uagb-container uagb-block-c126f3fa\"><p class=\"has-ast-global-color-0-color has-text-color\" style=\"font-size:16px\">Nous n&rsquo;avons pas recours \u00e0 l&rsquo;externalisation pour r\u00e9pondre \u00e0 nos besoins en mati\u00e8re de d\u00e9veloppement. Nos d\u00e9veloppeurs sont fi\u00e8rement situ\u00e9s aux \u00c9tats-Unis, au Canada et en France.<\/p><\/div><\/div><\/div><div style=\"height:80px\" aria-hidden=\"true\" class=\"wp-block-spacer\"><\/div><div class=\"wp-block-uagb-advanced-heading uagb-block-7d13e5f4\"><h2 class=\"uagb-heading-text\">D\u00e9veloppement web Lyon<\/h2><\/div><div class=\"wp-block-uagb-container uagb-block-52dc3cb5 alignfull uagb-is-root-container\"><div class=\"uagb-container-inner-blocks-wrap\"><div class=\"wp-block-uagb-container uagb-block-124db978\"><div class=\"wp-block-group is-layout-constrained wp-block-group-is-layout-constrained\"><p>Le d\u00e9veloppement low-code permet de cr\u00e9er des applications beaucoup plus rapidement que les m\u00e9thodes traditionnelles. Les plateformes low-code offrent des outils visuels et des mod\u00e8les pr\u00eats \u00e0 l&#8217;emploi, r\u00e9duisant ainsi le temps n\u00e9cessaire pour concevoir, tester et d\u00e9ployer des applications.&nbsp; En diminuant le besoin de d\u00e9veloppement personnalis\u00e9 et en permettant aux \u00e9quipes internes de participer au processus de cr\u00e9ation, le d\u00e9veloppement low-code peut r\u00e9duire les co\u00fbts associ\u00e9s au d\u00e9veloppement d\u2019applications.&nbsp;&nbsp;&nbsp;&nbsp;&nbsp;<\/p>\n\n<p>Notre \u00e9quipe de <a href=\"https:\/\/www.directimpactsolutions.com\/fr\/applications-web\/\">d\u00e9veloppeurs web<\/a> \u00e0 Paris joue un r\u00f4le cl\u00e9 dans cette dynamique croissante du d\u00e9veloppement low-code. Gr\u00e2ce \u00e0 notre expertise, nous aidons les entreprises \u00e0 tirer parti de ces outils innovants pour acc\u00e9l\u00e9rer le d\u00e9veloppement de leurs solutions logicielles, tout en r\u00e9pondant pr\u00e9cis\u00e9ment \u00e0 leurs besoins sp\u00e9cifiques et en facilitant une adaptation rapide aux \u00e9volutions du march\u00e9.<\/p>\n\n<p>Parmi nos plateformes low-code pr\u00e9f\u00e9r\u00e9es, nous comptons <a href=\"https:\/\/www.directimpactsolutions.com\/en\/claris-filemaker\/\">Claris FileMaker<\/a>,<a href=\"https:\/\/www.directimpactsolutions.com\/en\/outsystems\/\"> OutSystems<\/a> et<a href=\"https:\/\/www.directimpactsolutions.com\/en\/ttoca-io\/\"> Toca.io<\/a>. Chacune de ces solutions offre des fonctionnalit\u00e9s uniques pour r\u00e9pondre \u00e0 divers besoins en mati\u00e8re de d\u00e9veloppement d&rsquo;applications. <a href=\"https:\/\/www.directimpactsolutions.com\/fr\/contact\/\">Contactez-nous<\/a>&nbsp; d\u00e8s aujourd&rsquo;hui pour d\u00e9couvrir laquelle de ces plateformes est la mieux adapt\u00e9e \u00e0 vos exigences sp\u00e9cifiques. N&rsquo;h\u00e9sitez pas \u00e0 nous solliciter pour obtenir des conseils personnalis\u00e9s et trouver la solution id\u00e9ale qui correspondra parfaitement \u00e0 vos besoins.&nbsp;<\/p><\/div><\/div>\n\n<div class=\"wp-block-uagb-container uagb-block-24d8f2b6\"><figure class=\"wp-block-image size-large\"><img loading=\"lazy\" decoding=\"async\" width=\"1024\" height=\"683\" src=\"https:\/\/www.directimpactsolutions.com\/wp-content\/uploads\/2024\/09\/iStock-476185174-1024x683.jpg\" alt=\"D\u00e9veloppement web Lyon\" class=\"wp-image-18224\" srcset=\"https:\/\/www.directimpactsolutions.com\/wp-content\/uploads\/2024\/09\/iStock-476185174-1024x683.jpg 1024w, https:\/\/www.directimpactsolutions.com\/wp-content\/uploads\/2024\/09\/iStock-476185174-300x200.jpg 300w, https:\/\/www.directimpactsolutions.com\/wp-content\/uploads\/2024\/09\/iStock-476185174-768x512.jpg 768w, https:\/\/www.directimpactsolutions.com\/wp-content\/uploads\/2024\/09\/iStock-476185174-600x400.jpg 600w, https:\/\/www.directimpactsolutions.com\/wp-content\/uploads\/2024\/09\/iStock-476185174.jpg 1254w\" sizes=\"auto, (max-width: 1024px) 100vw, 1024px\" \/><\/figure><\/div><\/div><\/div><div style=\"height:80px\" aria-hidden=\"true\" class=\"wp-block-spacer\"><\/div><div class=\"wp-block-uagb-advanced-heading uagb-block-ac80485e\"><h2 class=\"uagb-heading-text\">D\u00e9veloppement d\u2019applications personnalis\u00e9es \u00e0 Lyon<\/h2><\/div><div class=\"wp-block-uagb-container uagb-block-c132beb3 alignfull uagb-is-root-container\"><div class=\"uagb-container-inner-blocks-wrap\"><div class=\"wp-block-uagb-container uagb-block-d80d9cab\"><figure class=\"wp-block-image size-large\"><img loading=\"lazy\" decoding=\"async\" width=\"1024\" height=\"683\" src=\"https:\/\/www.directimpactsolutions.com\/wp-content\/uploads\/2024\/09\/iStock-806318002-1024x683.jpg\" alt=\"D\u00e9veloppement Lyon\" class=\"wp-image-18227\" srcset=\"https:\/\/www.directimpactsolutions.com\/wp-content\/uploads\/2024\/09\/iStock-806318002-1024x683.jpg 1024w, https:\/\/www.directimpactsolutions.com\/wp-content\/uploads\/2024\/09\/iStock-806318002-300x200.jpg 300w, https:\/\/www.directimpactsolutions.com\/wp-content\/uploads\/2024\/09\/iStock-806318002-768x513.jpg 768w, https:\/\/www.directimpactsolutions.com\/wp-content\/uploads\/2024\/09\/iStock-806318002-600x400.jpg 600w, https:\/\/www.directimpactsolutions.com\/wp-content\/uploads\/2024\/09\/iStock-806318002.jpg 1254w\" sizes=\"auto, (max-width: 1024px) 100vw, 1024px\" \/><\/figure><\/div>\n\n<div class=\"wp-block-uagb-container uagb-block-2d4eb889\"><div class=\"wp-block-group is-layout-constrained wp-block-group-is-layout-constrained\"><p>D\u00e9couvrez le d\u00e9veloppement d&rsquo;applications web et low-code personnalis\u00e9es \u00e0 Lyon avec notre \u00e9quipe d&rsquo;experts. Nous offrons des solutions sur mesure adapt\u00e9es aux besoins uniques de votre entreprise, qu&rsquo;il s&rsquo;agisse de cr\u00e9er des applications web complexes ou de tirer parti des plateformes low-code pour une conception rapide et efficace.&nbsp;<\/p>\n\n<p>Gr\u00e2ce \u00e0 notre expertise technique et \u00e0 notre approche personnalis\u00e9e, nous vous aidons \u00e0 transformer vos id\u00e9es en applications fonctionnelles, optimis\u00e9es pour r\u00e9pondre aux exigences sp\u00e9cifiques de votre secteur et \u00e0 acc\u00e9l\u00e9rer votre croissance.<\/p>\n\n<p><a href=\"https:\/\/www.directimpactsolutions.com\/fr\/contact\/\">Contactez nous<\/a> d\u00e8s aujourd&rsquo;hui pour commencer votre prochain projet de d\u00e9veloppement d\u2019applications Web et low-code personnalis\u00e9es.&nbsp;&nbsp;<\/p>\n\n<p>Nous sommes aussi pr\u00e9sents en<a href=\"https:\/\/www.directimpactsolutions.com\/en\/app-development-california\/\"> Californie<\/a>,<a href=\"https:\/\/www.directimpactsolutions.com\/en\/app-developers-los-angeles\/\"> Los Angeles<\/a>,<a href=\"https:\/\/www.directimpactsolutions.com\/en\/app-developers-san-francisco\/\"> San Francisco<\/a>,<a href=\"https:\/\/www.directimpactsolutions.com\/en\/new-york\/\"> New York<\/a>,<a href=\"https:\/\/www.directimpactsolutions.com\/en\/app-developers-boston\/\"> Boston<\/a>,<a href=\"https:\/\/www.directimpactsolutions.com\/en\/application-developers-montreal\/\"> Montreal<\/a> et<a href=\"https:\/\/www.directimpactsolutions.com\/en\/custom-software-development-toronto\/\"> Toronto<\/a>.<\/p><\/div><\/div><\/div><\/div><div style=\"height:80px\" aria-hidden=\"true\" class=\"wp-block-spacer\"><\/div><div class=\"wp-block-uagb-faq uagb-faq__outer-wrap uagb-block-2f6915b4 uagb-faq-icon-row uagb-faq-layout-accordion uagb-faq-expand-first-true uagb-faq-inactive-other-true uagb-faq__wrap uagb-buttons-layout-wrap uagb-faq-equal-height     \" data-faqtoggle=\"true\" role=\"tablist\"><div class=\"wp-block-uagb-faq-child uagb-faq-child__outer-wrap uagb-faq-item uagb-block-01a1785c \" role=\"tab\" tabindex=\"0\"><div class=\"uagb-faq-questions-button uagb-faq-questions\">\t\t\t<span class=\"uagb-icon uagb-faq-icon-wrap\">\n\t\t\t\t\t\t\t\t<svg xmlns=\"https:\/\/www.w3.org\/2000\/svg\" viewBox= \"0 0 448 512\"><path d=\"M432 256c0 17.69-14.33 32.01-32 32.01H256v144c0 17.69-14.33 31.99-32 31.99s-32-14.3-32-31.99v-144H48c-17.67 0-32-14.32-32-32.01s14.33-31.99 32-31.99H192v-144c0-17.69 14.33-32.01 32-32.01s32 14.32 32 32.01v144h144C417.7 224 432 238.3 432 256z\"><\/path><\/svg>\n\t\t\t\t\t\t\t<\/span>\n\t\t\t\t\t\t<span class=\"uagb-icon-active uagb-faq-icon-wrap\">\n\t\t\t\t\t\t\t\t<svg xmlns=\"https:\/\/www.w3.org\/2000\/svg\" viewBox= \"0 0 448 512\"><path d=\"M400 288h-352c-17.69 0-32-14.32-32-32.01s14.31-31.99 32-31.99h352c17.69 0 32 14.3 32 31.99S417.7 288 400 288z\"><\/path><\/svg>\n\t\t\t\t\t\t\t<\/span>\n\t\t\t<span class=\"uagb-question\"><strong>Quels sont les avantages de choisir une solution web personnalis\u00e9e ?<\/strong><\/span><\/div><div class=\"uagb-faq-content\"><p>Une solution web personnalis\u00e9e offre plusieurs avantages, notamment une meilleure ad\u00e9quation avec vos besoins sp\u00e9cifiques, une flexibilit\u00e9 accrue pour int\u00e9grer des fonctionnalit\u00e9s uniques, et une \u00e9volutivit\u00e9 qui permet de faire \u00e9voluer votre application en fonction de la croissance de votre entreprise. Cela permet \u00e9galement une meilleure int\u00e9gration avec vos syst\u00e8mes existants.<\/p><\/div><\/div><div class=\"wp-block-uagb-faq-child uagb-faq-child__outer-wrap uagb-faq-item uagb-block-dd700882 \" role=\"tab\" tabindex=\"0\"><div class=\"uagb-faq-questions-button uagb-faq-questions\">\t\t\t<span class=\"uagb-icon uagb-faq-icon-wrap\">\n\t\t\t\t\t\t\t\t<svg xmlns=\"https:\/\/www.w3.org\/2000\/svg\" viewBox= \"0 0 448 512\"><path d=\"M432 256c0 17.69-14.33 32.01-32 32.01H256v144c0 17.69-14.33 31.99-32 31.99s-32-14.3-32-31.99v-144H48c-17.67 0-32-14.32-32-32.01s14.33-31.99 32-31.99H192v-144c0-17.69 14.33-32.01 32-32.01s32 14.32 32 32.01v144h144C417.7 224 432 238.3 432 256z\"><\/path><\/svg>\n\t\t\t\t\t\t\t<\/span>\n\t\t\t\t\t\t<span class=\"uagb-icon-active uagb-faq-icon-wrap\">\n\t\t\t\t\t\t\t\t<svg xmlns=\"https:\/\/www.w3.org\/2000\/svg\" viewBox= \"0 0 448 512\"><path d=\"M400 288h-352c-17.69 0-32-14.32-32-32.01s14.31-31.99 32-31.99h352c17.69 0 32 14.3 32 31.99S417.7 288 400 288z\"><\/path><\/svg>\n\t\t\t\t\t\t\t<\/span>\n\t\t\t<span class=\"uagb-question\"><strong>Comment le processus de d\u00e9veloppement d&rsquo;une solution web personnalis\u00e9e fonctionne-t-il ?<\/strong><\/span><\/div><div class=\"uagb-faq-content\"><p>Le processus commence g\u00e9n\u00e9ralement par une phase de consultation pour comprendre vos besoins et objectifs. Ensuite, nous cr\u00e9ons un plan d\u00e9taill\u00e9 et un prototype pour obtenir votre retour. Apr\u00e8s validation, nous d\u00e9veloppons, testons, et d\u00e9ployons la solution. Enfin, nous offrons un support continu pour assurer le bon fonctionnement et l&rsquo;\u00e9volution de la solution.<\/p><\/div><\/div><div class=\"wp-block-uagb-faq-child uagb-faq-child__outer-wrap uagb-faq-item uagb-block-ed5665d1 \" role=\"tab\" tabindex=\"0\"><div class=\"uagb-faq-questions-button uagb-faq-questions\">\t\t\t<span class=\"uagb-icon uagb-faq-icon-wrap\">\n\t\t\t\t\t\t\t\t<svg xmlns=\"https:\/\/www.w3.org\/2000\/svg\" viewBox= \"0 0 448 512\"><path d=\"M432 256c0 17.69-14.33 32.01-32 32.01H256v144c0 17.69-14.33 31.99-32 31.99s-32-14.3-32-31.99v-144H48c-17.67 0-32-14.32-32-32.01s14.33-31.99 32-31.99H192v-144c0-17.69 14.33-32.01 32-32.01s32 14.32 32 32.01v144h144C417.7 224 432 238.3 432 256z\"><\/path><\/svg>\n\t\t\t\t\t\t\t<\/span>\n\t\t\t\t\t\t<span class=\"uagb-icon-active uagb-faq-icon-wrap\">\n\t\t\t\t\t\t\t\t<svg xmlns=\"https:\/\/www.w3.org\/2000\/svg\" viewBox= \"0 0 448 512\"><path d=\"M400 288h-352c-17.69 0-32-14.32-32-32.01s14.31-31.99 32-31.99h352c17.69 0 32 14.3 32 31.99S417.7 288 400 288z\"><\/path><\/svg>\n\t\t\t\t\t\t\t<\/span>\n\t\t\t<span class=\"uagb-question\"><strong><strong>Quels types d&rsquo;applications web personnalis\u00e9es pouvez-vous d\u00e9velopper ?<\/strong><\/strong><\/span><\/div><div class=\"uagb-faq-content\"><p>Nous d\u00e9veloppons une large gamme d&rsquo;applications web personnalis\u00e9es, y compris des plateformes de gestion de contenu, des syst\u00e8mes de gestion de la relation client (CRM), des solutions de commerce \u00e9lectronique, des outils de gestion des ressources humaines, et bien plus encore. Nos solutions sont con\u00e7ues pour r\u00e9pondre aux besoins sp\u00e9cifiques de chaque secteur d&rsquo;activit\u00e9.<\/p><\/div><\/div><div class=\"wp-block-uagb-faq-child uagb-faq-child__outer-wrap uagb-faq-item uagb-block-936225fa \" role=\"tab\" tabindex=\"0\"><div class=\"uagb-faq-questions-button uagb-faq-questions\">\t\t\t<span class=\"uagb-icon uagb-faq-icon-wrap\">\n\t\t\t\t\t\t\t\t<svg xmlns=\"https:\/\/www.w3.org\/2000\/svg\" viewBox= \"0 0 448 512\"><path d=\"M432 256c0 17.69-14.33 32.01-32 32.01H256v144c0 17.69-14.33 31.99-32 31.99s-32-14.3-32-31.99v-144H48c-17.67 0-32-14.32-32-32.01s14.33-31.99 32-31.99H192v-144c0-17.69 14.33-32.01 32-32.01s32 14.32 32 32.01v144h144C417.7 224 432 238.3 432 256z\"><\/path><\/svg>\n\t\t\t\t\t\t\t<\/span>\n\t\t\t\t\t\t<span class=\"uagb-icon-active uagb-faq-icon-wrap\">\n\t\t\t\t\t\t\t\t<svg xmlns=\"https:\/\/www.w3.org\/2000\/svg\" viewBox= \"0 0 448 512\"><path d=\"M400 288h-352c-17.69 0-32-14.32-32-32.01s14.31-31.99 32-31.99h352c17.69 0 32 14.3 32 31.99S417.7 288 400 288z\"><\/path><\/svg>\n\t\t\t\t\t\t\t<\/span>\n\t\t\t<span class=\"uagb-question\"><strong><strong><strong>Combien de temps faut-il pour d\u00e9velopper une solution web personnalis\u00e9e ?<\/strong><\/strong><\/strong><\/span><\/div><div class=\"uagb-faq-content\"><p>La dur\u00e9e de d\u00e9veloppement d\u00e9pend de la complexit\u00e9 du projet, des fonctionnalit\u00e9s requises, et de la taille de l&rsquo;\u00e9quipe impliqu\u00e9e. En g\u00e9n\u00e9ral, le processus peut varier de quelques semaines \u00e0 plusieurs mois. Nous fournissons une estimation d\u00e9taill\u00e9e du temps n\u00e9cessaire apr\u00e8s une analyse approfondie de vos besoins.<\/p><\/div><\/div><div class=\"wp-block-uagb-faq-child uagb-faq-child__outer-wrap uagb-faq-item uagb-block-c71e9615 \" role=\"tab\" tabindex=\"0\"><div class=\"uagb-faq-questions-button uagb-faq-questions\">\t\t\t<span class=\"uagb-icon uagb-faq-icon-wrap\">\n\t\t\t\t\t\t\t\t<svg xmlns=\"https:\/\/www.w3.org\/2000\/svg\" viewBox= \"0 0 448 512\"><path d=\"M432 256c0 17.69-14.33 32.01-32 32.01H256v144c0 17.69-14.33 31.99-32 31.99s-32-14.3-32-31.99v-144H48c-17.67 0-32-14.32-32-32.01s14.33-31.99 32-31.99H192v-144c0-17.69 14.33-32.01 32-32.01s32 14.32 32 32.01v144h144C417.7 224 432 238.3 432 256z\"><\/path><\/svg>\n\t\t\t\t\t\t\t<\/span>\n\t\t\t\t\t\t<span class=\"uagb-icon-active uagb-faq-icon-wrap\">\n\t\t\t\t\t\t\t\t<svg xmlns=\"https:\/\/www.w3.org\/2000\/svg\" viewBox= \"0 0 448 512\"><path d=\"M400 288h-352c-17.69 0-32-14.32-32-32.01s14.31-31.99 32-31.99h352c17.69 0 32 14.3 32 31.99S417.7 288 400 288z\"><\/path><\/svg>\n\t\t\t\t\t\t\t<\/span>\n\t\t\t<span class=\"uagb-question\"><strong><strong><strong><strong>Offrez-vous un support apr\u00e8s le d\u00e9ploiement ?<\/strong><\/strong><\/strong><\/strong><\/span><\/div><div class=\"uagb-faq-content\"><p>Oui, nous offrons un support apr\u00e8s le d\u00e9ploiement pour garantir que votre solution fonctionne correctement et pour r\u00e9soudre tout probl\u00e8me \u00e9ventuel. Nous proposons \u00e9galement des services de maintenance et de mise \u00e0 jour pour assurer la p\u00e9rennit\u00e9 et l\u2019\u00e9volution de votre application.<\/p><\/div><\/div><div class=\"wp-block-uagb-faq-child uagb-faq-child__outer-wrap uagb-faq-item uagb-block-0b0aa20b \" role=\"tab\" tabindex=\"0\"><div class=\"uagb-faq-questions-button uagb-faq-questions\">\t\t\t<span class=\"uagb-icon uagb-faq-icon-wrap\">\n\t\t\t\t\t\t\t\t<svg xmlns=\"https:\/\/www.w3.org\/2000\/svg\" viewBox= \"0 0 448 512\"><path d=\"M432 256c0 17.69-14.33 32.01-32 32.01H256v144c0 17.69-14.33 31.99-32 31.99s-32-14.3-32-31.99v-144H48c-17.67 0-32-14.32-32-32.01s14.33-31.99 32-31.99H192v-144c0-17.69 14.33-32.01 32-32.01s32 14.32 32 32.01v144h144C417.7 224 432 238.3 432 256z\"><\/path><\/svg>\n\t\t\t\t\t\t\t<\/span>\n\t\t\t\t\t\t<span class=\"uagb-icon-active uagb-faq-icon-wrap\">\n\t\t\t\t\t\t\t\t<svg xmlns=\"https:\/\/www.w3.org\/2000\/svg\" viewBox= \"0 0 448 512\"><path d=\"M400 288h-352c-17.69 0-32-14.32-32-32.01s14.31-31.99 32-31.99h352c17.69 0 32 14.3 32 31.99S417.7 288 400 288z\"><\/path><\/svg>\n\t\t\t\t\t\t\t<\/span>\n\t\t\t<span class=\"uagb-question\"><strong><strong><strong><strong><strong>Comment puis-je commencer un projet de d\u00e9veloppement web avec Direct Impact Solutions ?<\/strong><\/strong><\/strong><\/strong><\/strong><\/span><\/div><div class=\"uagb-faq-content\"><p>Pour commencer, il vous suffit de nous contacter pour discuter de votre projet. Nous organiserons une consultation initiale pour comprendre vos besoins, puis nous \u00e9laborerons un plan d\u00e9taill\u00e9 et un devis personnalis\u00e9. Nous serons heureux de vous accompagner \u00e0 chaque \u00e9tape du d\u00e9veloppement pour r\u00e9aliser une solution parfaitement adapt\u00e9e \u00e0 vos objectifs.<\/p><\/div><\/div><\/div><div style=\"height:80px\" aria-hidden=\"true\" class=\"wp-block-spacer\"><\/div><div class=\"wp-block-group is-layout-constrained wp-block-group-is-layout-constrained\"><div class=\"wp-block-uagb-advanced-heading uagb-block-3b430e7d\"><h3 class=\"uagb-heading-text\">Vous avez un projet en t\u00eate ?<\/h3><\/div>\n\n<div style=\"height:20px\" aria-hidden=\"true\" class=\"wp-block-spacer\"><\/div>\n\n<div class=\"wp-block-buttons is-content-justification-center is-layout-flex wp-container-core-buttons-is-layout-a89b3969 wp-block-buttons-is-layout-flex\"><div class=\"wp-block-button\"><a class=\"wp-block-button__link has-text-align-center wp-element-button\" href=\"https:\/\/www.directimpactsolutions.com\/fr\/contact\/\">CONTACTEZ-NOUS<\/a><\/div><\/div><\/div><div style=\"height:80px\" aria-hidden=\"true\" class=\"wp-block-spacer\"><\/div>","protected":false},"excerpt":{"rendered":"<p>D\u00e9veloppement web \u00e0 Lyon Notre \u00e9quipe de d\u00e9veloppeurs bas\u00e9e \u00e0 Lyon est enti\u00e8rement pr\u00e9par\u00e9e pour r\u00e9pondre \u00e0 vos besoins en d\u00e9veloppement d&rsquo;applications, qu&rsquo;il s&rsquo;agisse de solutions low-code ou de d\u00e9veloppement web complet. Nous allions savoir-faire technique et approche personnalis\u00e9e pour concevoir des solutions sur mesure adapt\u00e9es \u00e0 vos besoins sp\u00e9cifiques. Que vous envisagiez de cr\u00e9er &hellip;<\/p>\n<p class=\"read-more\"> <a class=\"\" href=\"https:\/\/www.directimpactsolutions.com\/fr\/developpement-web-lyon\/\"> <span class=\"screen-reader-text\">Agence de d\u00e9veloppement web Lyon<\/span> Lire la suite >><\/a><\/p>\n","protected":false},"author":2,"featured_media":0,"parent":0,"menu_order":0,"comment_status":"closed","ping_status":"closed","template":"","meta":{"inline_featured_image":false,"_uag_custom_page_level_css":"","site-sidebar-layout":"default","site-content-layout":"","ast-site-content-layout":"default","site-content-style":"default","site-sidebar-style":"default","ast-global-header-display":"","ast-banner-title-visibility":"","ast-main-header-display":"","ast-hfb-above-header-display":"","ast-hfb-below-header-display":"","ast-hfb-mobile-header-display":"","site-post-title":"disabled","ast-breadcrumbs-content":"","ast-featured-img":"","footer-sml-layout":"","theme-transparent-header-meta":"","adv-header-id-meta":"","stick-header-meta":"","header-above-stick-meta":"","header-main-stick-meta":"","header-below-stick-meta":"","astra-migrate-meta-layouts":"set","footnotes":""},"class_list":["post-18223","page","type-page","status-publish","hentry"],"uagb_featured_image_src":{"full":false,"thumbnail":false,"medium":false,"medium_large":false,"large":false,"1536x1536":false,"2048x2048":false,"woocommerce_thumbnail":false,"woocommerce_single":false,"woocommerce_gallery_thumbnail":false},"uagb_author_info":{"display_name":"Eleanor Fulton","author_link":"https:\/\/www.directimpactsolutions.com\/fr\/author\/eleanor-fulton\/"},"uagb_comment_info":0,"uagb_excerpt":"D\u00e9veloppement web \u00e0 Lyon Notre \u00e9quipe de d\u00e9veloppeurs bas\u00e9e \u00e0 Lyon est enti\u00e8rement pr\u00e9par\u00e9e pour r\u00e9pondre \u00e0 vos besoins en d\u00e9veloppement d&rsquo;applications, qu&rsquo;il s&rsquo;agisse de solutions low-code ou de d\u00e9veloppement web complet. Nous allions savoir-faire technique et approche personnalis\u00e9e pour concevoir des solutions sur mesure adapt\u00e9es \u00e0 vos besoins sp\u00e9cifiques. Que vous envisagiez de cr\u00e9er\u2026","_links":{"self":[{"href":"https:\/\/www.directimpactsolutions.com\/fr\/wp-json\/wp\/v2\/pages\/18223","targetHints":{"allow":["GET"]}}],"collection":[{"href":"https:\/\/www.directimpactsolutions.com\/fr\/wp-json\/wp\/v2\/pages"}],"about":[{"href":"https:\/\/www.directimpactsolutions.com\/fr\/wp-json\/wp\/v2\/types\/page"}],"author":[{"embeddable":true,"href":"https:\/\/www.directimpactsolutions.com\/fr\/wp-json\/wp\/v2\/users\/2"}],"replies":[{"embeddable":true,"href":"https:\/\/www.directimpactsolutions.com\/fr\/wp-json\/wp\/v2\/comments?post=18223"}],"version-history":[{"count":4,"href":"https:\/\/www.directimpactsolutions.com\/fr\/wp-json\/wp\/v2\/pages\/18223\/revisions"}],"predecessor-version":[{"id":18235,"href":"https:\/\/www.directimpactsolutions.com\/fr\/wp-json\/wp\/v2\/pages\/18223\/revisions\/18235"}],"wp:attachment":[{"href":"https:\/\/www.directimpactsolutions.com\/fr\/wp-json\/wp\/v2\/media?parent=18223"}],"curies":[{"name":"wp","href":"https:\/\/api.w.org\/{rel}","templated":true}]}}