{"id":18234,"date":"2024-09-18T16:05:24","date_gmt":"2024-09-18T16:05:24","guid":{"rendered":"https:\/\/www.directimpactsolutions.com\/?page_id=18234"},"modified":"2024-09-30T18:20:37","modified_gmt":"2024-09-30T18:20:37","slug":"agence-developpement-web-paris","status":"publish","type":"page","link":"https:\/\/www.directimpactsolutions.com\/fr\/agence-developpement-web-paris\/","title":{"rendered":"Agence de d\u00e9veloppement web \u00e0 Paris"},"content":{"rendered":"<div class=\"wp-block-uagb-container uagb-block-c5561918 alignfull uagb-is-root-container\"><div class=\"uagb-container__shape uagb-container__shape-bottom uagb-container__invert\" data-negative=\"false\"><svg xmlns=\"https:\/\/www.w3.org\/2000\/svg\" viewBox=\"0 0 1000 100\" preserveAspectRatio=\"none\"><path class=\"uagb-container__shape-fill\" d=\"M500,98.9L0,6.1V0h1000v6.1L500,98.9z\"><\/path><\/svg><\/div><div class=\"uagb-container-inner-blocks-wrap\"><div style=\"height:20px\" aria-hidden=\"true\" class=\"wp-block-spacer\"><\/div>\n\n<div class=\"wp-block-uagb-advanced-heading uagb-block-fe16cfb1\"><h1 class=\"uagb-heading-text\">Agence de d\u00e9veloppement web \u00e0 Paris<\/h1><\/div>\n\n<p class=\"has-ast-global-color-1-color has-text-color has-link-color wp-elements-43b75e0d7a3fa4dc0a03ac283f2fbc6a\" style=\"font-size:16px\">Notre \u00e9quipe de d\u00e9veloppeurs \u00e0 Paris est pr\u00eate \u00e0 r\u00e9pondre \u00e0 l&rsquo;ensemble de vos besoins en d\u00e9veloppement d&rsquo;applications, en couvrant tout le spectre, du low-code au d\u00e9veloppement web complet. Nous combinons expertise technique et approche personnalis\u00e9e pour concevoir des solutions sur mesure qui r\u00e9pondent \u00e0 vos exigences sp\u00e9cifiques. Que vous cherchiez \u00e0 cr\u00e9er des applications simples avec des outils low-code ou \u00e0 d\u00e9velopper des plateformes web complexes, notre \u00e9quipe est \u00e9quip\u00e9e pour fournir des solutions efficaces, \u00e9volutives et adapt\u00e9es \u00e0 vos objectifs commerciaux.&nbsp;<\/p>\n\n<div style=\"height:40px\" aria-hidden=\"true\" class=\"wp-block-spacer\"><\/div><\/div><\/div><div style=\"height:80px\" aria-hidden=\"true\" class=\"wp-block-spacer\"><\/div><div class=\"wp-block-uagb-advanced-heading uagb-block-5b8cc162\"><h2 class=\"uagb-heading-text\">D\u00e9veloppement de solutions personnalis\u00e9es \u00e0 Paris<\/h2><\/div><div class=\"wp-block-uagb-container uagb-block-2d98f739 alignfull uagb-is-root-container\"><div class=\"uagb-container-inner-blocks-wrap\"><div class=\"wp-block-uagb-container uagb-block-2d89387f\"><figure class=\"wp-block-image size-medium is-resized is-style-rounded\"><img loading=\"lazy\" decoding=\"async\" src=\"https:\/\/www.directimpactsolutions.com\/wp-content\/uploads\/2023\/05\/Map_CorporateOffices-300x300.jpg\" alt=\"\" class=\"wp-image-11453\" style=\"width:225px;height:225px\" width=\"225\" height=\"225\" srcset=\"https:\/\/www.directimpactsolutions.com\/wp-content\/uploads\/2023\/05\/Map_CorporateOffices-300x300.jpg 300w, https:\/\/www.directimpactsolutions.com\/wp-content\/uploads\/2023\/05\/Map_CorporateOffices-150x150.jpg 150w, https:\/\/www.directimpactsolutions.com\/wp-content\/uploads\/2023\/05\/Map_CorporateOffices-100x100.jpg 100w, https:\/\/www.directimpactsolutions.com\/wp-content\/uploads\/2023\/05\/Map_CorporateOffices.jpg 500w\" sizes=\"auto, (max-width: 225px) 100vw, 225px\" \/><\/figure><\/div>\n\n<div class=\"wp-block-uagb-container uagb-block-c126f3fa\"><p class=\"has-ast-global-color-0-color has-text-color\" style=\"font-size:16px\">Nous n&rsquo;avons pas recours \u00e0 l&rsquo;externalisation pour r\u00e9pondre \u00e0 nos besoins en mati\u00e8re de d\u00e9veloppement. Nos d\u00e9veloppeurs sont fi\u00e8rement situ\u00e9s aux \u00c9tats-Unis, au Canada et en France.<\/p><\/div><\/div><\/div><div style=\"height:80px\" aria-hidden=\"true\" class=\"wp-block-spacer\"><\/div><div class=\"wp-block-uagb-advanced-heading uagb-block-3937c936\"><h2 class=\"uagb-heading-text\">D\u00e9veloppeur Low-Code \u00e0 Paris<\/h2><\/div><div class=\"wp-block-uagb-container uagb-block-c11b6494 alignfull uagb-is-root-container\"><div class=\"uagb-container-inner-blocks-wrap\"><div class=\"wp-block-uagb-container uagb-block-cd68cb77\"><div class=\"wp-block-group is-layout-constrained wp-block-group-is-layout-constrained\"><p>Le d\u00e9veloppement low-code est une approche de d\u00e9veloppement logiciel qui utilise des plateformes visuelles pour cr\u00e9er des applications avec peu ou pas de code manuel. Les plateformes de d\u00e9veloppment permettent aux d\u00e9veloppeurs et aux utilisateurs non techniques de concevoir, d\u00e9velopper et d\u00e9ployer des applications en utilisant des interfaces graphiques et des composants pr\u00e9construits, plut\u00f4t qu&rsquo;en \u00e9crivant du code traditionnel.&nbsp;&nbsp;&nbsp;&nbsp;&nbsp;&nbsp;&nbsp;&nbsp;&nbsp;<\/p>\n\n<p>Le d\u00e9veloppement low-code est devenu de plus en plus populaire car il r\u00e9pond efficacement aux besoins modernes des entreprises en mati\u00e8re de rapidit\u00e9, flexibilit\u00e9 et co\u00fbt, tout en permettant \u00e0 une plus grande vari\u00e9t\u00e9 de personnes de participer au processus de cr\u00e9ation d&rsquo;applications.&nbsp;&nbsp;&nbsp;&nbsp;<\/p>\n\n<p>Notre \u00e9quipe de <a href=\"https:\/\/www.directimpactsolutions.com\/fr\/applications-web\/\">d\u00e9veloppeurs web<\/a> \u00e0 Lyon d\u00e9veloppent des applications personnalis\u00e9es avec une vitesse et une efficacit\u00e9 optimales.Parmi nos plateformes low-code pr\u00e9f\u00e9r\u00e9es figurent <a href=\"https:\/\/www.directimpactsolutions.com\/en\/claris-filemaker\/\">Claris FileMaker<\/a>,<a href=\"https:\/\/www.directimpactsolutions.com\/en\/outsystems\/\"> OutSystems<\/a> et<a href=\"https:\/\/www.directimpactsolutions.com\/en\/ttoca-io\/\"> Toca.io<\/a>.<a href=\"https:\/\/www.directimpactsolutions.com\/en\/contact-us\/\"> <\/a><a href=\"https:\/\/www.directimpactsolutions.com\/fr\/contact\/\">Contactez-nous<\/a> d\u00e8s aujourd&rsquo;hui pour d\u00e9couvrir quelle plateforme r\u00e9pond le mieux \u00e0 vos besoins en mati\u00e8re d&rsquo;application. N&rsquo;h\u00e9sitez pas \u00e0 nous solliciter pour trouver la solution parfaitement adapt\u00e9e \u00e0 vos exigences.<\/p><\/div><\/div>\n\n<div class=\"wp-block-uagb-container uagb-block-5e0b862c\"><div class=\"wp-block-uagb-image uagb-block-96aa3eb8 wp-block-uagb-image--layout-default wp-block-uagb-image--effect-static wp-block-uagb-image--align-none\"><figure class=\"wp-block-uagb-image__figure\"><img decoding=\"async\" srcset=\"https:\/\/www.directimpactsolutions.com\/wp-content\/uploads\/2024\/09\/iStock-2022770565-1024x683.jpg ,https:\/\/www.directimpactsolutions.com\/wp-content\/uploads\/2024\/09\/iStock-2022770565.jpg 780w, https:\/\/www.directimpactsolutions.com\/wp-content\/uploads\/2024\/09\/iStock-2022770565.jpg 360w\" sizes=\"auto, (max-width: 480px) 150px\" src=\"https:\/\/www.directimpactsolutions.com\/wp-content\/uploads\/2024\/09\/iStock-2022770565-1024x683.jpg\" alt=\"d\u00e9veloppement web Paris\" class=\"uag-image-18236\" width=\"1254\" height=\"836\" title=\"View of the Louvre Museum, the world's largest art museum and a historic monument in Paris, France, on a sunny day. Panoramic view of Louvre Museum and it's courtyard.\" loading=\"lazy\" role=\"img\"\/><\/figure><\/div><\/div><\/div><\/div><div style=\"height:80px\" aria-hidden=\"true\" class=\"wp-block-spacer\"><\/div><div class=\"wp-block-uagb-advanced-heading uagb-block-002a83a6\"><h2 class=\"uagb-heading-text\">D\u00e9veloppement Web \u00e0 Paris<\/h2><\/div><div class=\"wp-block-uagb-container uagb-block-de4913d6 alignfull uagb-is-root-container\"><div class=\"uagb-container-inner-blocks-wrap\"><div class=\"wp-block-uagb-container uagb-block-2bb9a8c0\"><div class=\"wp-block-uagb-image uagb-block-48ae0ecd wp-block-uagb-image--layout-default wp-block-uagb-image--effect-static wp-block-uagb-image--align-none\"><figure class=\"wp-block-uagb-image__figure\"><img decoding=\"async\" srcset=\"https:\/\/www.directimpactsolutions.com\/wp-content\/uploads\/2024\/09\/iStock-135034702-1024x691.jpg ,https:\/\/www.directimpactsolutions.com\/wp-content\/uploads\/2024\/09\/iStock-135034702.jpg 780w, https:\/\/www.directimpactsolutions.com\/wp-content\/uploads\/2024\/09\/iStock-135034702.jpg 360w\" sizes=\"auto, (max-width: 480px) 150px\" src=\"https:\/\/www.directimpactsolutions.com\/wp-content\/uploads\/2024\/09\/iStock-135034702-1024x691.jpg\" alt=\"d\u00e9veloppement web \u00e0 Paris\" class=\"uag-image-18239\" width=\"1246\" height=\"841\" title=\"Arc de Triomphe, Paris\" loading=\"lazy\" role=\"img\"\/><\/figure><\/div><\/div>\n\n<div class=\"wp-block-uagb-container uagb-block-e70a93a5\"><div class=\"wp-block-group is-layout-constrained wp-block-group-is-layout-constrained\"><p>Confiez votre projet \u00e0 notre \u00e9quipe de d\u00e9veloppeurs exp\u00e9riment\u00e9s, et vous ne le regretterez pas. Nous poss\u00e9dons une expertise approfondie en d\u00e9veloppement<a href=\"https:\/\/www.directimpactsolutions.com\/en\/laravel\/\"> Laravel<\/a>, ce qui fait de nous un candidat de choix pour votre prochain projet de d\u00e9veloppement. Notre portefeuille va des sites web compacts aux syst\u00e8mes d&rsquo;entreprise \u00e9tendus, et nous sommes toujours pr\u00eats \u00e0 relever de nouveaux d\u00e9fis. Contactez-nous d\u00e8s aujourd&rsquo;hui pour commencer votre prochain projet de d\u00e9veloppement logiciel. Chez Direct Impact Solutions, notre \u00e9quipe de d\u00e9veloppeurs talentueux est experte dans son domaine et passionn\u00e9e par la cr\u00e9ation de <a href=\"https:\/\/www.directimpactsolutions.com\/en\/case-studies\/\">solutions<\/a> innovantes r\u00e9pondant aux besoins de nos clients.&nbsp;&nbsp;&nbsp;&nbsp;<\/p>\n\n<p>Nous sommes aussi pr\u00e9sents en<a href=\"https:\/\/www.directimpactsolutions.com\/en\/app-development-california\/\"> Californie<\/a>,<a href=\"https:\/\/www.directimpactsolutions.com\/en\/app-developers-los-angeles\/\"> Los Angeles<\/a>,<a href=\"https:\/\/www.directimpactsolutions.com\/en\/app-developers-san-francisco\/\"> San Francisco<\/a>,<a href=\"https:\/\/www.directimpactsolutions.com\/en\/new-york\/\"> New York<\/a>,<a href=\"https:\/\/www.directimpactsolutions.com\/en\/app-developers-boston\/\"> Boston<\/a>,<a href=\"https:\/\/www.directimpactsolutions.com\/en\/application-developers-montreal\/\"> Montreal<\/a> et<a href=\"https:\/\/www.directimpactsolutions.com\/en\/custom-software-development-toronto\/\"> Toronto<\/a>.<\/p><\/div><\/div><\/div><\/div><div style=\"height:80px\" aria-hidden=\"true\" class=\"wp-block-spacer\"><\/div><div class=\"wp-block-uagb-faq uagb-faq__outer-wrap uagb-block-3e11bc72 uagb-faq-icon-row uagb-faq-layout-accordion uagb-faq-expand-first-true uagb-faq-inactive-other-true uagb-faq__wrap uagb-buttons-layout-wrap uagb-faq-equal-height     \" data-faqtoggle=\"true\" role=\"tablist\"><div class=\"wp-block-uagb-faq-child uagb-faq-child__outer-wrap uagb-faq-item uagb-block-b7a5d60b \" role=\"tab\" tabindex=\"0\"><div class=\"uagb-faq-questions-button uagb-faq-questions\">\t\t\t<span class=\"uagb-icon uagb-faq-icon-wrap\">\n\t\t\t\t\t\t\t\t<svg xmlns=\"https:\/\/www.w3.org\/2000\/svg\" viewBox= \"0 0 448 512\"><path d=\"M432 256c0 17.69-14.33 32.01-32 32.01H256v144c0 17.69-14.33 31.99-32 31.99s-32-14.3-32-31.99v-144H48c-17.67 0-32-14.32-32-32.01s14.33-31.99 32-31.99H192v-144c0-17.69 14.33-32.01 32-32.01s32 14.32 32 32.01v144h144C417.7 224 432 238.3 432 256z\"><\/path><\/svg>\n\t\t\t\t\t\t\t<\/span>\n\t\t\t\t\t\t<span class=\"uagb-icon-active uagb-faq-icon-wrap\">\n\t\t\t\t\t\t\t\t<svg xmlns=\"https:\/\/www.w3.org\/2000\/svg\" viewBox= \"0 0 448 512\"><path d=\"M400 288h-352c-17.69 0-32-14.32-32-32.01s14.31-31.99 32-31.99h352c17.69 0 32 14.3 32 31.99S417.7 288 400 288z\"><\/path><\/svg>\n\t\t\t\t\t\t\t<\/span>\n\t\t\t<span class=\"uagb-question\"><strong>Qui sont les d\u00e9veloppeurs de Direct Impact Solutions et o\u00f9 sont-ils situ\u00e9s ?<\/strong><\/span><\/div><div class=\"uagb-faq-content\"><p>Les d\u00e9veloppeurs de Direct Impact Solutions sont des professionnels exp\u00e9riment\u00e9s et sp\u00e9cialis\u00e9s dans divers domaines du d\u00e9veloppement logiciel. Ils sont situ\u00e9s aux \u00c9tats-Unis, au Canada et en France. Gr\u00e2ce \u00e0 leur expertise et \u00e0 leur passion pour la cr\u00e9ation de solutions logicielles innovantes, notre \u00e9quipe est bien positionn\u00e9e pour r\u00e9pondre aux besoins diversifi\u00e9s de nos clients \u00e0 travers le monde.<\/p><\/div><\/div><div class=\"wp-block-uagb-faq-child uagb-faq-child__outer-wrap uagb-faq-item uagb-block-724b353a \" role=\"tab\" tabindex=\"0\"><div class=\"uagb-faq-questions-button uagb-faq-questions\">\t\t\t<span class=\"uagb-icon uagb-faq-icon-wrap\">\n\t\t\t\t\t\t\t\t<svg xmlns=\"https:\/\/www.w3.org\/2000\/svg\" viewBox= \"0 0 448 512\"><path d=\"M432 256c0 17.69-14.33 32.01-32 32.01H256v144c0 17.69-14.33 31.99-32 31.99s-32-14.3-32-31.99v-144H48c-17.67 0-32-14.32-32-32.01s14.33-31.99 32-31.99H192v-144c0-17.69 14.33-32.01 32-32.01s32 14.32 32 32.01v144h144C417.7 224 432 238.3 432 256z\"><\/path><\/svg>\n\t\t\t\t\t\t\t<\/span>\n\t\t\t\t\t\t<span class=\"uagb-icon-active uagb-faq-icon-wrap\">\n\t\t\t\t\t\t\t\t<svg xmlns=\"https:\/\/www.w3.org\/2000\/svg\" viewBox= \"0 0 448 512\"><path d=\"M400 288h-352c-17.69 0-32-14.32-32-32.01s14.31-31.99 32-31.99h352c17.69 0 32 14.3 32 31.99S417.7 288 400 288z\"><\/path><\/svg>\n\t\t\t\t\t\t\t<\/span>\n\t\t\t<span class=\"uagb-question\"><strong>Quelles plateformes low-code Direct Impact Solutions utilise-t-elle pour le d\u00e9veloppement d&rsquo;applications ?<\/strong><\/span><\/div><div class=\"uagb-faq-content\"><p>Direct Impact Solutions utilise plusieurs plateformes low-code pour le d\u00e9veloppement d&rsquo;applications, notamment Claris FileMaker, OutSystems et Toca.io. Ces outils nous permettent de cr\u00e9er des applications personnalis\u00e9es avec une rapidit\u00e9 et une efficacit\u00e9 optimales, r\u00e9pondant ainsi aux besoins sp\u00e9cifiques de nos clients.<\/p><\/div><\/div><div class=\"wp-block-uagb-faq-child uagb-faq-child__outer-wrap uagb-faq-item uagb-block-d928ff24 \" role=\"tab\" tabindex=\"0\"><div class=\"uagb-faq-questions-button uagb-faq-questions\">\t\t\t<span class=\"uagb-icon uagb-faq-icon-wrap\">\n\t\t\t\t\t\t\t\t<svg xmlns=\"https:\/\/www.w3.org\/2000\/svg\" viewBox= \"0 0 448 512\"><path d=\"M432 256c0 17.69-14.33 32.01-32 32.01H256v144c0 17.69-14.33 31.99-32 31.99s-32-14.3-32-31.99v-144H48c-17.67 0-32-14.32-32-32.01s14.33-31.99 32-31.99H192v-144c0-17.69 14.33-32.01 32-32.01s32 14.32 32 32.01v144h144C417.7 224 432 238.3 432 256z\"><\/path><\/svg>\n\t\t\t\t\t\t\t<\/span>\n\t\t\t\t\t\t<span class=\"uagb-icon-active uagb-faq-icon-wrap\">\n\t\t\t\t\t\t\t\t<svg xmlns=\"https:\/\/www.w3.org\/2000\/svg\" viewBox= \"0 0 448 512\"><path d=\"M400 288h-352c-17.69 0-32-14.32-32-32.01s14.31-31.99 32-31.99h352c17.69 0 32 14.3 32 31.99S417.7 288 400 288z\"><\/path><\/svg>\n\t\t\t\t\t\t\t<\/span>\n\t\t\t<span class=\"uagb-question\"><strong>Quels types de services de d\u00e9veloppement web Direct Impact Solutions propose-t-elle ?<\/strong><\/span><\/div><div class=\"uagb-faq-content\"><p>Direct Impact Solutions propose une gamme compl\u00e8te de services de d\u00e9veloppement web, incluant la conception de sites web personnalis\u00e9s, le d\u00e9veloppement de plateformes e-commerce, la cr\u00e9ation de syst\u00e8mes de gestion de contenu (CMS), le d\u00e9veloppement d&rsquo;applications web, et la conception de sites web r\u00e9actifs. Nous nous engageons \u00e0 offrir des solutions adapt\u00e9es aux besoins sp\u00e9cifiques de chaque client, en utilisant des technologies modernes pour garantir performance, s\u00e9curit\u00e9 et \u00e9volutivit\u00e9. \u00a0<\/p><\/div><\/div><\/div><div style=\"height:80px\" aria-hidden=\"true\" class=\"wp-block-spacer\"><\/div><div class=\"wp-block-group is-layout-constrained wp-block-group-is-layout-constrained\"><div class=\"wp-block-uagb-advanced-heading uagb-block-3b430e7d\"><h3 class=\"uagb-heading-text\">Vous avez un projet en t\u00eate ?<\/h3><\/div>\n\n<div style=\"height:20px\" aria-hidden=\"true\" class=\"wp-block-spacer\"><\/div>\n\n<div class=\"wp-block-buttons is-content-justification-center is-layout-flex wp-container-core-buttons-is-layout-a89b3969 wp-block-buttons-is-layout-flex\"><div class=\"wp-block-button\"><a class=\"wp-block-button__link has-text-align-center wp-element-button\" href=\"https:\/\/www.directimpactsolutions.com\/fr\/contact\/\">CONTACTEZ-NOUS<\/a><\/div><\/div><\/div><div style=\"height:80px\" aria-hidden=\"true\" class=\"wp-block-spacer\"><\/div>","protected":false},"excerpt":{"rendered":"<p>Agence de d\u00e9veloppement web \u00e0 Paris Notre \u00e9quipe de d\u00e9veloppeurs \u00e0 Paris est pr\u00eate \u00e0 r\u00e9pondre \u00e0 l&rsquo;ensemble de vos besoins en d\u00e9veloppement d&rsquo;applications, en couvrant tout le spectre, du low-code au d\u00e9veloppement web complet. Nous combinons expertise technique et approche personnalis\u00e9e pour concevoir des solutions sur mesure qui r\u00e9pondent \u00e0 vos exigences sp\u00e9cifiques. Que &hellip;<\/p>\n<p class=\"read-more\"> <a class=\"\" href=\"https:\/\/www.directimpactsolutions.com\/fr\/agence-developpement-web-paris\/\"> <span class=\"screen-reader-text\">Agence de d\u00e9veloppement web \u00e0 Paris<\/span> Lire la suite >><\/a><\/p>\n","protected":false},"author":2,"featured_media":0,"parent":0,"menu_order":0,"comment_status":"closed","ping_status":"closed","template":"","meta":{"inline_featured_image":false,"_uag_custom_page_level_css":"","site-sidebar-layout":"default","site-content-layout":"","ast-site-content-layout":"default","site-content-style":"default","site-sidebar-style":"default","ast-global-header-display":"","ast-banner-title-visibility":"","ast-main-header-display":"","ast-hfb-above-header-display":"","ast-hfb-below-header-display":"","ast-hfb-mobile-header-display":"","site-post-title":"disabled","ast-breadcrumbs-content":"","ast-featured-img":"","footer-sml-layout":"","theme-transparent-header-meta":"","adv-header-id-meta":"","stick-header-meta":"","header-above-stick-meta":"","header-main-stick-meta":"","header-below-stick-meta":"","astra-migrate-meta-layouts":"set","footnotes":""},"class_list":["post-18234","page","type-page","status-publish","hentry"],"uagb_featured_image_src":{"full":false,"thumbnail":false,"medium":false,"medium_large":false,"large":false,"1536x1536":false,"2048x2048":false,"woocommerce_thumbnail":false,"woocommerce_single":false,"woocommerce_gallery_thumbnail":false},"uagb_author_info":{"display_name":"Eleanor Fulton","author_link":"https:\/\/www.directimpactsolutions.com\/fr\/author\/eleanor-fulton\/"},"uagb_comment_info":0,"uagb_excerpt":"Agence de d\u00e9veloppement web \u00e0 Paris Notre \u00e9quipe de d\u00e9veloppeurs \u00e0 Paris est pr\u00eate \u00e0 r\u00e9pondre \u00e0 l&rsquo;ensemble de vos besoins en d\u00e9veloppement d&rsquo;applications, en couvrant tout le spectre, du low-code au d\u00e9veloppement web complet. Nous combinons expertise technique et approche personnalis\u00e9e pour concevoir des solutions sur mesure qui r\u00e9pondent \u00e0 vos exigences sp\u00e9cifiques. Que\u2026","_links":{"self":[{"href":"https:\/\/www.directimpactsolutions.com\/fr\/wp-json\/wp\/v2\/pages\/18234","targetHints":{"allow":["GET"]}}],"collection":[{"href":"https:\/\/www.directimpactsolutions.com\/fr\/wp-json\/wp\/v2\/pages"}],"about":[{"href":"https:\/\/www.directimpactsolutions.com\/fr\/wp-json\/wp\/v2\/types\/page"}],"author":[{"embeddable":true,"href":"https:\/\/www.directimpactsolutions.com\/fr\/wp-json\/wp\/v2\/users\/2"}],"replies":[{"embeddable":true,"href":"https:\/\/www.directimpactsolutions.com\/fr\/wp-json\/wp\/v2\/comments?post=18234"}],"version-history":[{"count":4,"href":"https:\/\/www.directimpactsolutions.com\/fr\/wp-json\/wp\/v2\/pages\/18234\/revisions"}],"predecessor-version":[{"id":18331,"href":"https:\/\/www.directimpactsolutions.com\/fr\/wp-json\/wp\/v2\/pages\/18234\/revisions\/18331"}],"wp:attachment":[{"href":"https:\/\/www.directimpactsolutions.com\/fr\/wp-json\/wp\/v2\/media?parent=18234"}],"curies":[{"name":"wp","href":"https:\/\/api.w.org\/{rel}","templated":true}]}}