{"id":2085,"date":"2021-07-19T16:34:47","date_gmt":"2021-07-19T16:34:47","guid":{"rendered":"https:\/\/blog.directimpact.test-idi.ca\/solutions\/fmcyberimpact\/"},"modified":"2025-09-05T02:45:34","modified_gmt":"2025-09-05T02:45:34","slug":"fmcyberimpact","status":"publish","type":"page","link":"https:\/\/www.directimpactsolutions.com\/fr\/solutions\/fmcyberimpact\/","title":{"rendered":"fmCyberimpact"},"content":{"rendered":"<div class=\"wp-block-uagb-container uagb-block-d31be9ec alignfull uagb-is-root-container\"><div class=\"uagb-container__shape uagb-container__shape-bottom uagb-container__invert\" data-negative=\"false\"><svg xmlns=\"https:\/\/www.w3.org\/2000\/svg\" viewBox=\"0 0 1000 100\" preserveAspectRatio=\"none\"><path class=\"uagb-container__shape-fill\" d=\"M500,98.9L0,6.1V0h1000v6.1L500,98.9z\"><\/path><\/svg><\/div><div class=\"uagb-container-inner-blocks-wrap\"><div style=\"height:20px\" aria-hidden=\"true\" class=\"wp-block-spacer\"><\/div>\n\n<h1 class=\"wp-block-heading has-ast-global-color-1-color has-text-color\" style=\"font-style:normal;font-weight:400\">Solution | Marketing par courriel<\/h1>\n\n<p class=\"has-ast-global-color-1-color has-text-color\" style=\"font-size:16px\">Solution de d\u00e9monstration fmCyberimpact<\/p>\n\n<div style=\"height:40px\" aria-hidden=\"true\" class=\"wp-block-spacer\"><\/div><\/div><\/div><div style=\"height:80px\" aria-hidden=\"true\" class=\"wp-block-spacer\"><\/div><p><a href=\"https:\/\/www.directimpactsolutions.com\/fr\/solutions\/\">&lt;&lt; Solutions<\/a><\/p><h2 class=\"wp-block-heading\" style=\"font-style:normal;font-weight:400\">Int\u00e9gration de FileMaker avec Cyberimpact<\/h2><div style=\"height:40px\" aria-hidden=\"true\" class=\"wp-block-spacer\"><\/div><div class=\"wp-block-uagb-container uagb-block-00955f6f alignfull uagb-is-root-container\"><div class=\"uagb-container-inner-blocks-wrap\"><div class=\"wp-block-uagb-container uagb-block-1a478241\"><div class=\"inherit-container-width wp-block-group is-layout-constrained wp-block-group-is-layout-constrained\"><h3 class=\"wp-block-heading has-ast-global-color-2-color has-text-color\">Votre marketing par courriel<\/h3>\n\n<p>Le marketing par courriel est une composante indispensable de la transformation num\u00e9rique des entreprises.<\/p>\n\n<p>Pour g\u00e9rer de fa\u00e7on efficace vos contacts et vos listes de diffusions, vous souhaitez que votre application FileMaker personnalis\u00e9e soit int\u00e9gr\u00e9e avec un syst\u00e8me d\u2019envoi de courriels flexible et fiable.<\/p>\n\n<p>Au Canada, la Loi canadienne anti-pourriel (C28) encadre de fa\u00e7on tr\u00e8s rigoureuse les communications par courriel. Bien qu\u2019il existe sur le march\u00e9 de nombreuses solutions populaires pour l\u2019envoi de courriels, <a href=\"https:\/\/app.cyberimpact.com\/aff\/5d681f1e6aaee\" target=\"_blank\" rel=\"noreferrer noopener\">Cyberimpact<\/a> est celle qui simplifie le plus le respect de la loi canadienne anti-pourriel gr\u00e2ce \u00e0 de nombreuses fonctionnalit\u00e9s uniques.<\/p>\n\n<p>D\u00e9velopp\u00e9e et h\u00e9berg\u00e9e au Qu\u00e9bec, la plateforme de marketing par courriel de Cyberimpact est bilingue (fran\u00e7ais et anglais), en plus d\u2019\u00eatre accompagn\u00e9e d\u2019une interface de programmation (API) de type REST permettant son int\u00e9gration avec d\u2019autres applications.<\/p>\n\n<p>C\u2019est pourquoi Direct Impact Solutions a choisi cette plateforme pour int\u00e9grer dans les applications personnalis\u00e9es FileMaker de ses clients.<\/p>\n\n<div class=\"inherit-container-width wp-block-group is-layout-constrained wp-block-group-is-layout-constrained\"><h3 class=\"wp-block-heading has-ast-global-color-2-color has-text-color\">Solution de d\u00e9monstration fmCyberimpact<\/h3>\n\n<p>Afin de vous permettre de d\u00e9couvrir les capacit\u00e9s de Cyberimpact, Direct Impact Solutions met \u00e0 votre disposition une solution de d\u00e9monstration. Cette solution d\u00e9montre comment Cyberimpact peut \u00eatre int\u00e9gr\u00e9 \u00e0 une application personnalis\u00e9e FileMaker.<\/p>\n\n<p>La solution, enti\u00e8rement fonctionnelle, peut \u00eatre t\u00e9l\u00e9charg\u00e9e et utilis\u00e9e gratuitement, telle quelle, au moyen du logiciel FileMaker Pro ou FileMaker Pro Advanced (version 16 ou +). Si n\u00e9cessaire, vous pouvez \u00e9galement demander d\u2019avoir l\u2019acc\u00e8s au code source pour adapter la solution \u00e0 vos besoins.<\/p>\n\n<p>Conditions d\u2019utilisation<\/p>\n\n<ul class=\"wp-block-list\"><li>La solution fmCyberimpact est offerte gratuitement par Direct Impact Solutions, sans aucune garantie, ni support.<\/li>\n\n<li>Pour acc\u00e9der aux fonctionnalit\u00e9s de la solution, vous devez avoir acc\u00e8s ou installer une copie du logiciel FileMaker Pro (version 16 ou plus r\u00e9cente) sur Mac ou Windows.<\/li>\n\n<li>L\u2019utilisation des fonctions de l\u2019API de Cyberimpact requi\u00e8rent un abonnement ou un compte d\u2019essai que vous pouvez vous procurer en <a href=\"https:\/\/app.cyberimpact.com\/aff\/5d681f1e6aaee\" target=\"_blank\" rel=\"noreferrer noopener\">cliquant ici<\/a>.<\/li><\/ul>\n\n<p><a href=\"https:\/\/registration.directimpactsolutions.com\/index.php?guid=6737937&amp;lang=en\" target=\"_blank\" rel=\"noreferrer noopener\">Voir l\u2019enregistrement<\/a> de la pr\u00e9sentation vid\u00e9o de la solution.<\/p>\n\n<p>Pour obtenir la solution, veuillez remplir le formulaire.<\/p>\n\n<div class=\"pipedriveWebForms\" data-pd-webforms=\"https:\/\/webforms.pipedrive.com\/f\/1yq92VOaOHSE6l3nQoRYxfjO9d7zMEGfAUL5jJj6pxT0bfgOE82xszroRVCG0aIOT\"><script src=\"https:\/\/webforms.pipedrive.com\/f\/loader\"><\/script><\/div><\/div><\/div><\/div>\n\n<div class=\"wp-block-uagb-container uagb-block-84112cc7\"><div class=\"wp-block-uagb-image uagb-block-7c458d9f wp-block-uagb-image--layout-default wp-block-uagb-image--effect-static wp-block-uagb-image--align-none\"><figure class=\"wp-block-uagb-image__figure\"><img decoding=\"async\" srcset=\"https:\/\/www.directimpactsolutions.com\/wp-content\/uploads\/2021\/07\/seminaire-cyberimpact-en.jpeg\n \" sizes=\"auto, (max-width: 480px) 150px\" src=\"https:\/\/www.directimpactsolutions.com\/wp-content\/uploads\/2021\/07\/seminaire-cyberimpact-en.jpeg\" alt=\"Cyberimpact\" class=\"uag-image-2374\" width=\"555\" height=\"439\" title=\"\" loading=\"lazy\" role=\"img\"><\/figure><\/div>\n\n<div class=\"wp-block-uagb-image uagb-block-3b7ce021 wp-block-uagb-image--layout-default wp-block-uagb-image--effect-static wp-block-uagb-image--align-none\"><figure class=\"wp-block-uagb-image__figure\"><img decoding=\"async\" srcset=\"https:\/\/www.directimpactsolutions.com\/wp-content\/uploads\/2021\/06\/fm-cyberimpact-2-en.png\n \" sizes=\"auto, (max-width: 480px) 150px\" src=\"https:\/\/www.directimpactsolutions.com\/wp-content\/uploads\/2021\/06\/fm-cyberimpact-2-en.png\" alt=\"\" class=\"uag-image-669\" width=\"555\" height=\"460\" title=\"\" loading=\"lazy\" role=\"img\"><\/figure><\/div><\/div><\/div><\/div><p><\/p>","protected":false},"excerpt":{"rendered":"<p>Solution | Marketing par courriel Solution de d\u00e9monstration fmCyberimpact &lt;&lt; Solutions Int\u00e9gration de FileMaker avec Cyberimpact Votre marketing par courriel Le marketing par courriel est une composante indispensable de la transformation num\u00e9rique des entreprises. Pour g\u00e9rer de fa\u00e7on efficace vos contacts et vos listes de diffusions, vous souhaitez que votre application FileMaker personnalis\u00e9e soit int\u00e9gr\u00e9e &hellip;<\/p>\n<p class=\"read-more\"> <a class=\"\" href=\"https:\/\/www.directimpactsolutions.com\/fr\/solutions\/fmcyberimpact\/\"> <span class=\"screen-reader-text\">fmCyberimpact<\/span> Lire la suite >><\/a><\/p>\n","protected":false},"author":2,"featured_media":0,"parent":1369,"menu_order":0,"comment_status":"closed","ping_status":"closed","template":"","meta":{"inline_featured_image":false,"_uag_custom_page_level_css":"","site-sidebar-layout":"default","site-content-layout":"","ast-site-content-layout":"default","site-content-style":"default","site-sidebar-style":"default","ast-global-header-display":"","ast-banner-title-visibility":"","ast-main-header-display":"","ast-hfb-above-header-display":"","ast-hfb-below-header-display":"","ast-hfb-mobile-header-display":"","site-post-title":"disabled","ast-breadcrumbs-content":"","ast-featured-img":"","footer-sml-layout":"","theme-transparent-header-meta":"","adv-header-id-meta":"","stick-header-meta":"","header-above-stick-meta":"","header-main-stick-meta":"","header-below-stick-meta":"","astra-migrate-meta-layouts":"","footnotes":""},"class_list":["post-2085","page","type-page","status-publish","hentry"],"uagb_featured_image_src":{"full":false,"thumbnail":false,"medium":false,"medium_large":false,"large":false,"1536x1536":false,"2048x2048":false,"woocommerce_thumbnail":false,"woocommerce_single":false,"woocommerce_gallery_thumbnail":false},"uagb_author_info":{"display_name":"Eleanor Fulton","author_link":"https:\/\/www.directimpactsolutions.com\/fr\/author\/eleanor-fulton\/"},"uagb_comment_info":0,"uagb_excerpt":"Solution | Marketing par courriel Solution de d\u00e9monstration fmCyberimpact &lt;&lt; Solutions Int\u00e9gration de FileMaker avec Cyberimpact Votre marketing par courriel Le marketing par courriel est une composante indispensable de la transformation num\u00e9rique des entreprises. Pour g\u00e9rer de fa\u00e7on efficace vos contacts et vos listes de diffusions, vous souhaitez que votre application FileMaker personnalis\u00e9e soit int\u00e9gr\u00e9e\u2026","_links":{"self":[{"href":"https:\/\/www.directimpactsolutions.com\/fr\/wp-json\/wp\/v2\/pages\/2085","targetHints":{"allow":["GET"]}}],"collection":[{"href":"https:\/\/www.directimpactsolutions.com\/fr\/wp-json\/wp\/v2\/pages"}],"about":[{"href":"https:\/\/www.directimpactsolutions.com\/fr\/wp-json\/wp\/v2\/types\/page"}],"author":[{"embeddable":true,"href":"https:\/\/www.directimpactsolutions.com\/fr\/wp-json\/wp\/v2\/users\/2"}],"replies":[{"embeddable":true,"href":"https:\/\/www.directimpactsolutions.com\/fr\/wp-json\/wp\/v2\/comments?post=2085"}],"version-history":[{"count":28,"href":"https:\/\/www.directimpactsolutions.com\/fr\/wp-json\/wp\/v2\/pages\/2085\/revisions"}],"predecessor-version":[{"id":20435,"href":"https:\/\/www.directimpactsolutions.com\/fr\/wp-json\/wp\/v2\/pages\/2085\/revisions\/20435"}],"up":[{"embeddable":true,"href":"https:\/\/www.directimpactsolutions.com\/fr\/wp-json\/wp\/v2\/pages\/1369"}],"wp:attachment":[{"href":"https:\/\/www.directimpactsolutions.com\/fr\/wp-json\/wp\/v2\/media?parent=2085"}],"curies":[{"name":"wp","href":"https:\/\/api.w.org\/{rel}","templated":true}]}}