{"id":2328,"date":"2021-07-24T00:11:19","date_gmt":"2021-07-24T00:11:19","guid":{"rendered":"https:\/\/blog.directimpact.test-idi.ca\/?page_id=2328"},"modified":"2023-06-28T19:21:24","modified_gmt":"2023-06-28T19:21:24","slug":"recipro-cite","status":"publish","type":"page","link":"https:\/\/www.directimpactsolutions.com\/fr\/temoignages\/recipro-cite\/","title":{"rendered":"R\u00e9cipro-Cit\u00e9"},"content":{"rendered":"<div class=\"wp-block-uagb-container uagb-block-74d3ad91 alignfull uagb-is-root-container\"><div class=\"uagb-container-inner-blocks-wrap\"><div style=\"height:20px\" aria-hidden=\"true\" class=\"wp-block-spacer\"><\/div>\n\n<h1 class=\"wp-block-heading has-ast-global-color-1-color has-text-color\" style=\"font-style:normal;font-weight:400\">FileMaker pour la gestion des ressources humaines<\/h1>\n\n<p class=\"has-ast-global-color-1-color has-text-color\" style=\"font-size:16px\">Entreprise de services \/ Secteur de l\u2019ing\u00e9nierie sociale<\/p>\n\n<div style=\"height:40px\" aria-hidden=\"true\" class=\"wp-block-spacer\"><\/div><\/div><div class=\"uagb-container__shape uagb-container__shape-bottom uagb-container__invert\" data-negative=\"false\"><svg xmlns=\"https:\/\/www.w3.org\/2000\/svg\" viewBox=\"0 0 1000 100\" preserveAspectRatio=\"none\"><path class=\"uagb-container__shape-fill\" d=\"M500,98.9L0,6.1V0h1000v6.1L500,98.9z\"><\/path><\/svg><\/div><\/div><div style=\"height:80px\" aria-hidden=\"true\" class=\"wp-block-spacer\"><\/div><p><strong><a href=\"\/fr\/temoignages\/\">&lt;&lt; T\u00e9moignages<\/a><\/strong><\/p><div class=\"wp-block-uagb-container uagb-block-dc6567ce alignfull uagb-is-root-container\"><div class=\"uagb-container-inner-blocks-wrap\"><div class=\"wp-block-uagb-container uagb-block-7c732fd9\"><div class=\"inherit-container-width wp-block-group is-layout-constrained wp-block-group-is-layout-constrained\"><h2 class=\"wp-block-heading has-ast-global-color-0-color has-text-color\" style=\"font-style:normal;font-weight:400\">R\u00e9cipro-Cit\u00e9<\/h2>\n\n<p>Artisan et ing\u00e9nieur du Vivre-Ensemble,&nbsp;<a href=\"https:\/\/www.recipro-cite.com\/\">R\u00e9cipro-Cit\u00e9<\/a>&nbsp;s\u2019attache depuis 2011 \u00e0 r\u00e9pondre aux sollicitations des acteurs de l\u2019habitat et des territoires pour inventer de nouvelles mani\u00e8res d\u2019habiter bas\u00e9es sur le partage, l\u2019implication habitante et la solidarit\u00e9 interg\u00e9n\u00e9rationnelle.<\/p>\n\n<p>Ce sont aujourd\u2019hui&nbsp;36 collaborateurs et collaboratrices qui travaillent de concert au mieux Vivre-Ensemble et m\u00ealent leurs comp\u00e9tences \u2013 urbanistes, g\u00e9ographes, sociologues, managers en \u00e9conomie sociale et solidaire, gestionnaires-animateurs \u2013 pour imaginer de nouvelles mani\u00e8res d\u2019habiter dans les r\u00e9sidences et les quartiers, et cr\u00e9er un habitat o\u00f9 il fait bon vivre et partager avec ses voisins.<\/p>\n\n<h3 class=\"wp-block-heading has-ast-global-color-2-color has-text-color\">Les d\u00e9fis de la gestion des ressources humaines<\/h3>\n\n<p>L\u2019activit\u00e9 de R\u00e9cipro-Cit\u00e9 \u00e9tant originale, elle ne cadrait pas dans les logiciels test\u00e9s auparavant. La solution FileMaker de gestion des ressources de l\u2019entreprise a permis de construire un mod\u00e8le tout \u00e0 fait adapt\u00e9 \u00e0 ses activit\u00e9s.<\/p>\n\n<p>R\u00e9cipro-Cit\u00e9 souhaitait pouvoir construire un mod\u00e8le de suivi de son activit\u00e9 \u00e0 partir du d\u00e9veloppement de la phase Startup jusqu\u2019\u00e0 son changement d\u2019\u00e9chelle.<\/p>\n\n<p>De plus, le logiciel devait pouvoir \u00eatre utilis\u00e9 par tous les salari\u00e9s, y compris certains qui sont assez \u00e9loign\u00e9s du monde du num\u00e9rique.<\/p>\n\n<p>Un autre objectif \u00e9tait de rationaliser les moyens affect\u00e9s \u00e0 ses projets, par la participation de chacun et ce sans donner une impression de contr\u00f4le.<\/p>\n\n<h3 class=\"wp-block-heading has-ast-global-color-2-color has-text-color\">Le projet d\u2019application sur mesure avec FileMaker<\/h3>\n\n<p>D\u2019un fonctionnement simple, les tableaux de donn\u00e9es li\u00e9es permettent de r\u00e9aliser des extractions suite \u00e0 une formation de base.<\/p>\n\n<p>L\u2019ensemble des salari\u00e9s l\u2019utilisent pour renseigner les temps travaill\u00e9s sur les diff\u00e9rents projets.<\/p>\n\n<p>Les responsables de projets peuvent g\u00e9rer l\u2019attribution des ressources de leurs projets, leurs bases de prospects, clients et partenaires.<\/p>\n\n<p>Les responsables d\u2019agence et le comit\u00e9 de direction r\u00e9alisent des extractions qui permettent d\u2019ancrer les orientations strat\u00e9giques sur des donn\u00e9es consolid\u00e9es.<\/p>\n\n<p>Enfin, le p\u00f4le administratif l\u2019utilise pour l\u2019\u00e9dition des factures, et la gestion des ressources humaines.<\/p>\n\n<h3 class=\"wp-block-heading has-ast-global-color-2-color has-text-color\">Les b\u00e9nifices d\u2019une solution FileMaker adapt\u00e9e<\/h3>\n\n<p>La soci\u00e9t\u00e9 estime que la gestion auparavant artisanale de sa base client et de ses projets l\u2019est beaucoup moins aujourd\u2019hui. Le nouvel outil dont la soci\u00e9t\u00e9 s\u2019est dot\u00e9 permet d\u2019am\u00e9liorer grandement la qualit\u00e9 des suivis.<\/p>\n\n<h3 class=\"wp-block-heading has-ast-global-color-2-color has-text-color\">Utiliser FileMaker sur le long terme<\/h3>\n\n<p>R\u00e9cipro-Cit\u00e9 pr\u00e9voit des modules compl\u00e9mentaires, \u00e0 impl\u00e9menter au fur et \u00e0 mesure de leur changement d\u2019\u00e9chelle et de l\u2019\u00e9volution de leur besoins.<\/p>\n\n<p>Parmi les possibilit\u00e9s futures, ils envisagent la centralisation des achats dans l\u2019application ainsi que l\u2019automatisation de certaines extractions d\u2019indicateurs \u00e9conomiques pour faciliter davantage leur pilotage strat\u00e9gique.<\/p><\/div><\/div>\n\n<div class=\"wp-block-uagb-container uagb-block-bb43af12\"><div class=\"wp-block-uagb-image uagb-block-166d2352 wp-block-uagb-image--layout-default wp-block-uagb-image--effect-static wp-block-uagb-image--align-none\"><figure class=\"wp-block-uagb-image__figure\"><img decoding=\"async\" srcset=\"https:\/\/www.directimpactsolutions.com\/wp-content\/uploads\/2023\/03\/realisation-recipro-cite-liste-scaled-1-1024x701.jpeg \" src=\"https:\/\/www.directimpactsolutions.com\/wp-content\/uploads\/2023\/03\/realisation-recipro-cite-liste-scaled-1-1024x701.jpeg\" alt=\"\" class=\"uag-image-10188\" width=\"\" height=\"\" title=\"\" loading=\"lazy\"\/><\/figure><\/div>\n\n<div class=\"wp-block-uagb-image uagb-block-5a05921d wp-block-uagb-image--layout-default wp-block-uagb-image--effect-static wp-block-uagb-image--align-none\"><figure class=\"wp-block-uagb-image__figure\"><img decoding=\"async\" srcset=\"https:\/\/www.directimpactsolutions.com\/wp-content\/uploads\/2023\/03\/realisation-recipro-cite-fiche-scaled-1-1024x701.jpeg \" src=\"https:\/\/www.directimpactsolutions.com\/wp-content\/uploads\/2023\/03\/realisation-recipro-cite-fiche-scaled-1-1024x701.jpeg\" alt=\"\" class=\"uag-image-10190\" width=\"\" height=\"\" title=\"\" loading=\"lazy\"\/><\/figure><\/div><\/div><\/div><\/div><p><\/p><div class=\"wp-block-uagb-container uagb-block-d82f35a0 alignfull uagb-is-root-container\"><div class=\"uagb-container-inner-blocks-wrap\"><h3 class=\"wp-block-heading has-text-align-center has-ast-global-color-0-color has-text-color\" style=\"font-size:30px;font-style:normal;font-weight:400\">Avez-vous un projet en t\u00eate?<\/h3>\n\n<div class=\"wp-block-buttons is-layout-flex wp-block-buttons-is-layout-flex\"><div class=\"wp-block-button aligncenter\"><a class=\"wp-block-button__link wp-element-button\" href=\"\/fr\/contact\/\">CONTACTEZ-NOUS<\/a><\/div><\/div><\/div><\/div>","protected":false},"excerpt":{"rendered":"<p>FileMaker pour la gestion des ressources humaines Entreprise de services \/ Secteur de l\u2019ing\u00e9nierie sociale &lt;&lt; T\u00e9moignages R\u00e9cipro-Cit\u00e9 Artisan et ing\u00e9nieur du Vivre-Ensemble,&nbsp;R\u00e9cipro-Cit\u00e9&nbsp;s\u2019attache depuis 2011 \u00e0 r\u00e9pondre aux sollicitations des acteurs de l\u2019habitat et des territoires pour inventer de nouvelles mani\u00e8res d\u2019habiter bas\u00e9es sur le partage, l\u2019implication habitante et la solidarit\u00e9 interg\u00e9n\u00e9rationnelle. Ce sont aujourd\u2019hui&nbsp;36 &hellip;<\/p>\n<p class=\"read-more\"> <a class=\"\" href=\"https:\/\/www.directimpactsolutions.com\/fr\/temoignages\/recipro-cite\/\"> <span class=\"screen-reader-text\">R\u00e9cipro-Cit\u00e9<\/span> Lire la suite >><\/a><\/p>\n","protected":false},"author":2,"featured_media":0,"parent":963,"menu_order":0,"comment_status":"closed","ping_status":"closed","template":"","meta":{"inline_featured_image":false,"_uag_custom_page_level_css":"","site-sidebar-layout":"default","site-content-layout":"","ast-site-content-layout":"","site-content-style":"default","site-sidebar-style":"default","ast-global-header-display":"","ast-banner-title-visibility":"","ast-main-header-display":"","ast-hfb-above-header-display":"","ast-hfb-below-header-display":"","ast-hfb-mobile-header-display":"","site-post-title":"disabled","ast-breadcrumbs-content":"","ast-featured-img":"","footer-sml-layout":"","theme-transparent-header-meta":"","adv-header-id-meta":"","stick-header-meta":"","header-above-stick-meta":"","header-main-stick-meta":"","header-below-stick-meta":"","astra-migrate-meta-layouts":"","footnotes":""},"class_list":["post-2328","page","type-page","status-publish","hentry"],"uagb_featured_image_src":{"full":false,"thumbnail":false,"medium":false,"medium_large":false,"large":false,"1536x1536":false,"2048x2048":false,"woocommerce_thumbnail":false,"woocommerce_single":false,"woocommerce_gallery_thumbnail":false},"uagb_author_info":{"display_name":"Eleanor Fulton","author_link":"https:\/\/www.directimpactsolutions.com\/fr\/author\/eleanor-fulton\/"},"uagb_comment_info":0,"uagb_excerpt":"FileMaker pour la gestion des ressources humaines Entreprise de services \/ Secteur de l\u2019ing\u00e9nierie sociale &lt;&lt; T\u00e9moignages R\u00e9cipro-Cit\u00e9 Artisan et ing\u00e9nieur du Vivre-Ensemble,&nbsp;R\u00e9cipro-Cit\u00e9&nbsp;s\u2019attache depuis 2011 \u00e0 r\u00e9pondre aux sollicitations des acteurs de l\u2019habitat et des territoires pour inventer de nouvelles mani\u00e8res d\u2019habiter bas\u00e9es sur le partage, l\u2019implication habitante et la solidarit\u00e9 interg\u00e9n\u00e9rationnelle. Ce sont aujourd\u2019hui&nbsp;36\u2026","_links":{"self":[{"href":"https:\/\/www.directimpactsolutions.com\/fr\/wp-json\/wp\/v2\/pages\/2328","targetHints":{"allow":["GET"]}}],"collection":[{"href":"https:\/\/www.directimpactsolutions.com\/fr\/wp-json\/wp\/v2\/pages"}],"about":[{"href":"https:\/\/www.directimpactsolutions.com\/fr\/wp-json\/wp\/v2\/types\/page"}],"author":[{"embeddable":true,"href":"https:\/\/www.directimpactsolutions.com\/fr\/wp-json\/wp\/v2\/users\/2"}],"replies":[{"embeddable":true,"href":"https:\/\/www.directimpactsolutions.com\/fr\/wp-json\/wp\/v2\/comments?post=2328"}],"version-history":[{"count":11,"href":"https:\/\/www.directimpactsolutions.com\/fr\/wp-json\/wp\/v2\/pages\/2328\/revisions"}],"predecessor-version":[{"id":12997,"href":"https:\/\/www.directimpactsolutions.com\/fr\/wp-json\/wp\/v2\/pages\/2328\/revisions\/12997"}],"up":[{"embeddable":true,"href":"https:\/\/www.directimpactsolutions.com\/fr\/wp-json\/wp\/v2\/pages\/963"}],"wp:attachment":[{"href":"https:\/\/www.directimpactsolutions.com\/fr\/wp-json\/wp\/v2\/media?parent=2328"}],"curies":[{"name":"wp","href":"https:\/\/api.w.org\/{rel}","templated":true}]}}