{"id":3715,"date":"2021-09-24T19:26:27","date_gmt":"2021-09-24T19:26:27","guid":{"rendered":"https:\/\/www.directimpactsolutions.com\/?page_id=3715"},"modified":"2024-09-26T14:27:53","modified_gmt":"2024-09-26T14:27:53","slug":"mentions-legales-ca","status":"publish","type":"page","link":"https:\/\/www.directimpactsolutions.com\/fr\/mentions-legales\/mentions-legales-ca\/","title":{"rendered":"Mentions l\u00e9gales Canada"},"content":{"rendered":"<div class=\"wp-block-uagb-container uagb-block-26170f05 alignfull uagb-is-root-container\"><div class=\"uagb-container__shape uagb-container__shape-bottom uagb-container__invert\" data-negative=\"false\"><svg xmlns=\"https:\/\/www.w3.org\/2000\/svg\" viewBox=\"0 0 1000 100\" preserveAspectRatio=\"none\"><path class=\"uagb-container__shape-fill\" d=\"M500,98.9L0,6.1V0h1000v6.1L500,98.9z\"><\/path><\/svg><\/div><div class=\"uagb-container-inner-blocks-wrap\"><div style=\"height:20px\" aria-hidden=\"true\" class=\"wp-block-spacer\"><\/div>\n\n<h1 class=\"wp-block-heading has-ast-global-color-1-color has-text-color\" style=\"font-style:normal;font-weight:400\">Mentions l\u00e9gales<\/h1>\n\n<div style=\"height:40px\" aria-hidden=\"true\" class=\"wp-block-spacer\"><\/div><\/div><\/div><div style=\"height:80px\" aria-hidden=\"true\" class=\"wp-block-spacer\"><\/div><h2 class=\"wp-block-heading\">DIRECT IMPACT SOLUTIONS INC.<\/h2><p>Soci\u00e9t\u00e9 par actions incorpor\u00e9e en vertu de&nbsp;la&nbsp;<a href=\"http:\/\/www.legisquebec.gouv.qc.ca\/fr\/ShowDoc\/cs\/S-31.1\">Loi sur les compagnies par actions<\/a><\/p><p>Si\u00e8ge social<br>1650, place de Lierre<br>Laval, Qc H7G 4X7<br>Canada<\/p><h2 class=\"wp-block-heading\">Courrier \u00e9lectronique<\/h2><p>administration@directimpactsolutions.com<\/p><h2 class=\"wp-block-heading\">T\u00e9l\u00e9phone<\/h2><p>+1 888 558 0005<\/p><h2 class=\"wp-block-heading\">Activit\u00e9<\/h2><p>Num\u00e9ro d\u2019entreprise du Qu\u00e9bec (NEQ) : 1146470365<br>Num\u00e9ro d\u2019identification fiscal \u2013 Qu\u00e9bec (TVQ) : 141704759<br>Num\u00e9ro d\u2019identification fiscal \u2013 Canada (TPS) : 1019838117<\/p><h2 class=\"wp-block-heading\">Marques de commerce<\/h2><p>FileMaker, FileMaker Cloud, FileMaker Go, le logo d\u00e9veloppeur certifi\u00e9 FileMaker ainsi que le logo en forme de dossier sont des marques d\u00e9pos\u00e9es de Claris International, inc., enregistr\u00e9es aux \u00c9tats-Unis et ailleurs dans le monde.<br><br>FileMaker WebDirect est une marque de Claris International, inc.<br><br>Apple et le logo Apple sont des marques d\u2019Apple, inc. d\u00e9pos\u00e9es aux \u00c9tats-Unis et dans d\u2019autres pays.<br><br>Microsoft, Microsoft Access, Microsoft Excel et Microsoft Office sont des marques d\u00e9pos\u00e9es de la soci\u00e9t\u00e9 Microsoft Corporation.<\/p><div style=\"height:80px\" aria-hidden=\"true\" class=\"wp-block-spacer\"><\/div>","protected":false},"excerpt":{"rendered":"<p>Mentions l\u00e9gales DIRECT IMPACT SOLUTIONS INC. Soci\u00e9t\u00e9 par actions incorpor\u00e9e en vertu de&nbsp;la&nbsp;Loi sur les compagnies par actions Si\u00e8ge social1650, place de LierreLaval, Qc H7G 4X7Canada Courrier \u00e9lectronique administration@directimpactsolutions.com T\u00e9l\u00e9phone +1 888 558 0005 Activit\u00e9 Num\u00e9ro d\u2019entreprise du Qu\u00e9bec (NEQ) : 1146470365Num\u00e9ro d\u2019identification fiscal \u2013 Qu\u00e9bec (TVQ) : 141704759Num\u00e9ro d\u2019identification fiscal \u2013 Canada (TPS) : &hellip;<\/p>\n<p class=\"read-more\"> <a class=\"\" href=\"https:\/\/www.directimpactsolutions.com\/fr\/mentions-legales\/mentions-legales-ca\/\"> <span class=\"screen-reader-text\">Mentions l\u00e9gales Canada<\/span> Lire la suite >><\/a><\/p>\n","protected":false},"author":1,"featured_media":0,"parent":3586,"menu_order":0,"comment_status":"closed","ping_status":"closed","template":"","meta":{"inline_featured_image":false,"_uag_custom_page_level_css":"","site-sidebar-layout":"default","site-content-layout":"","ast-site-content-layout":"default","site-content-style":"default","site-sidebar-style":"default","ast-global-header-display":"","ast-banner-title-visibility":"","ast-main-header-display":"","ast-hfb-above-header-display":"","ast-hfb-below-header-display":"","ast-hfb-mobile-header-display":"","site-post-title":"disabled","ast-breadcrumbs-content":"","ast-featured-img":"","footer-sml-layout":"","theme-transparent-header-meta":"","adv-header-id-meta":"","stick-header-meta":"","header-above-stick-meta":"","header-main-stick-meta":"","header-below-stick-meta":"","astra-migrate-meta-layouts":"set","footnotes":""},"class_list":["post-3715","page","type-page","status-publish","hentry"],"uagb_featured_image_src":{"full":false,"thumbnail":false,"medium":false,"medium_large":false,"large":false,"1536x1536":false,"2048x2048":false,"woocommerce_thumbnail":false,"woocommerce_single":false,"woocommerce_gallery_thumbnail":false},"uagb_author_info":{"display_name":"idi","author_link":"https:\/\/www.directimpactsolutions.com\/fr\/author\/idi\/"},"uagb_comment_info":0,"uagb_excerpt":"Mentions l\u00e9gales DIRECT IMPACT SOLUTIONS INC. Soci\u00e9t\u00e9 par actions incorpor\u00e9e en vertu de&nbsp;la&nbsp;Loi sur les compagnies par actions Si\u00e8ge social1650, place de LierreLaval, Qc H7G 4X7Canada Courrier \u00e9lectronique administration@directimpactsolutions.com T\u00e9l\u00e9phone +1 888 558 0005 Activit\u00e9 Num\u00e9ro d\u2019entreprise du Qu\u00e9bec (NEQ) : 1146470365Num\u00e9ro d\u2019identification fiscal \u2013 Qu\u00e9bec (TVQ) : 141704759Num\u00e9ro d\u2019identification fiscal \u2013 Canada (TPS) :\u2026","_links":{"self":[{"href":"https:\/\/www.directimpactsolutions.com\/fr\/wp-json\/wp\/v2\/pages\/3715","targetHints":{"allow":["GET"]}}],"collection":[{"href":"https:\/\/www.directimpactsolutions.com\/fr\/wp-json\/wp\/v2\/pages"}],"about":[{"href":"https:\/\/www.directimpactsolutions.com\/fr\/wp-json\/wp\/v2\/types\/page"}],"author":[{"embeddable":true,"href":"https:\/\/www.directimpactsolutions.com\/fr\/wp-json\/wp\/v2\/users\/1"}],"replies":[{"embeddable":true,"href":"https:\/\/www.directimpactsolutions.com\/fr\/wp-json\/wp\/v2\/comments?post=3715"}],"version-history":[{"count":11,"href":"https:\/\/www.directimpactsolutions.com\/fr\/wp-json\/wp\/v2\/pages\/3715\/revisions"}],"predecessor-version":[{"id":18314,"href":"https:\/\/www.directimpactsolutions.com\/fr\/wp-json\/wp\/v2\/pages\/3715\/revisions\/18314"}],"up":[{"embeddable":true,"href":"https:\/\/www.directimpactsolutions.com\/fr\/wp-json\/wp\/v2\/pages\/3586"}],"wp:attachment":[{"href":"https:\/\/www.directimpactsolutions.com\/fr\/wp-json\/wp\/v2\/media?parent=3715"}],"curies":[{"name":"wp","href":"https:\/\/api.w.org\/{rel}","templated":true}]}}