{"id":3749,"date":"2021-09-28T14:50:28","date_gmt":"2021-09-28T14:50:28","guid":{"rendered":"https:\/\/www.directimpactsolutions.com\/fusions-et-acquisitions\/"},"modified":"2025-03-17T01:43:21","modified_gmt":"2025-03-17T01:43:21","slug":"fusions-et-acquisitions","status":"publish","type":"page","link":"https:\/\/www.directimpactsolutions.com\/fr\/fusions-et-acquisitions\/","title":{"rendered":"Fusions et acquisitions"},"content":{"rendered":"<div class=\"wp-block-uagb-container uagb-block-e88294d0 alignfull uagb-is-root-container\"><div class=\"uagb-container__shape uagb-container__shape-bottom uagb-container__invert\" data-negative=\"false\"><svg xmlns=\"https:\/\/www.w3.org\/2000\/svg\" viewBox=\"0 0 1000 100\" preserveAspectRatio=\"none\"><path class=\"uagb-container__shape-fill\" d=\"M500,98.9L0,6.1V0h1000v6.1L500,98.9z\"><\/path><\/svg><\/div><div class=\"uagb-container-inner-blocks-wrap\"><div style=\"height:20px\" aria-hidden=\"true\" class=\"wp-block-spacer\"><\/div>\n\n<h1 class=\"wp-block-heading has-ast-global-color-1-color has-text-color\" style=\"font-style:normal;font-weight:400\">Nous invitons les entreprises \u00e0 rejoindre notre \u00e9quipe de d\u00e9veloppeurs de classe mondiale<\/h1>\n\n<p class=\"has-ast-global-color-1-color has-text-color\" style=\"font-size:16px\">Direct Impact Solutions | Un chef de file mondial \u00e9tabli dans trois pays<\/p>\n\n<div style=\"height:40px\" aria-hidden=\"true\" class=\"wp-block-spacer\"><\/div><\/div><\/div><div style=\"height:80px\" aria-hidden=\"true\" class=\"wp-block-spacer\"><\/div><p class=\"has-ast-global-color-0-color has-text-color\" style=\"font-size:16px\">Gr\u00e2ce aux comp\u00e9tences de nos experts dans le monde entier, Direct Impact Solutions (DIS) est un leader mondial dans le d\u00e9veloppement d\u2019applications low-code, pro-code et web. Nous avons int\u00e9gr\u00e9 avec succ\u00e8s 11 entreprises des \u00c9tats-Unis, de France et du Canada. Notre philosophie de gestion participative garantit que les entreprises et leurs clients sont satisfaits de leur d\u00e9cision de rejoindre le groupe.<\/p><div style=\"height:20px\" aria-hidden=\"true\" class=\"wp-block-spacer\"><\/div><h2 class=\"wp-block-heading\" style=\"font-style:normal;font-weight:400\">Pourquoi choisir Direct Impact?<\/h2><div class=\"wp-block-uagb-container uagb-block-cbbbb6c6 alignfull uagb-is-root-container\"><div class=\"uagb-container-inner-blocks-wrap\"><div class=\"wp-block-uagb-container uagb-block-13eaa93e\"><div class=\"wp-block-uagb-info-box uagb-block-93be7103 uagb-infobox__content-wrap  uagb-infobox-icon-above-title uagb-infobox-image-valign-top\"><div class=\"uagb-ifb-content\"><div class=\"uagb-ifb-icon-wrap\"><svg xmlns=\"https:\/\/www.w3.org\/2000\/svg\" viewbox=\"0 0 384 512\"><path d=\"M384 128h-128V0L384 128zM256 160H384v304c0 26.51-21.49 48-48 48h-288C21.49 512 0 490.5 0 464v-416C0 21.49 21.49 0 48 0H224l.0039 128C224 145.7 238.3 160 256 160zM64 88C64 92.38 67.63 96 72 96h80C156.4 96 160 92.38 160 88v-16C160 67.63 156.4 64 152 64h-80C67.63 64 64 67.63 64 72V88zM72 160h80C156.4 160 160 156.4 160 152v-16C160 131.6 156.4 128 152 128h-80C67.63 128 64 131.6 64 136v16C64 156.4 67.63 160 72 160zM197.5 316.8L191.1 315.2C168.3 308.2 168.8 304.1 169.6 300.5c1.375-7.812 16.59-9.719 30.27-7.625c5.594 .8438 11.73 2.812 17.59 4.844c10.39 3.594 21.83-1.938 25.45-12.34c3.625-10.44-1.891-21.84-12.33-25.47c-7.219-2.484-13.11-4.078-18.56-5.273V248c0-11.03-8.953-20-20-20s-20 8.969-20 20v5.992C149.6 258.8 133.8 272.8 130.2 293.7c-7.406 42.84 33.19 54.75 50.52 59.84l5.812 1.688c29.28 8.375 28.8 11.19 27.92 16.28c-1.375 7.812-16.59 9.75-30.31 7.625c-6.938-1.031-15.81-4.219-23.66-7.031l-4.469-1.625c-10.41-3.594-21.83 1.812-25.52 12.22c-3.672 10.41 1.781 21.84 12.2 25.53l4.266 1.5c7.758 2.789 16.38 5.59 25.06 7.512V424c0 11.03 8.953 20 20 20s20-8.969 20-20v-6.254c22.36-4.793 38.21-18.53 41.83-39.43C261.3 335 219.8 323.1 197.5 316.8z\"><\/path><\/svg><\/div><div class=\"uagb-ifb-title-wrap\"><h3 class=\"uagb-ifb-title\">Une sant\u00e9 financi\u00e8re stable<\/h3><\/div><p class=\"uagb-ifb-desc\">Nous sommes en mesure d&rsquo;offrir d&rsquo;excellents avantages et une grande stabilit\u00e9 \u00e0 nos employ\u00e9s.<\/p><\/div><\/div><\/div>\n\n<div class=\"wp-block-uagb-container uagb-block-9f7cd559\"><div class=\"wp-block-uagb-info-box uagb-block-339119fc uagb-infobox__content-wrap  uagb-infobox-icon-above-title uagb-infobox-image-valign-top\"><div class=\"uagb-ifb-content\"><div class=\"uagb-ifb-icon-wrap\"><svg xmlns=\"https:\/\/www.w3.org\/2000\/svg\" viewbox=\"0 0 448 512\"><path d=\"M384 32H64C28.65 32 0 60.65 0 96v320c0 35.35 28.65 64 64 64h320c35.35 0 64-28.65 64-64V96C448 60.65 419.3 32 384 32zM351.6 321.5l-11.62 50.39c-1.633 7.125-7.9 12.11-15.24 12.11c-126.1 0-228.7-102.6-228.7-228.8c0-7.328 4.984-13.59 12.11-15.22l50.38-11.63c7.344-1.703 14.88 2.109 17.93 9.062l23.27 54.28c2.719 6.391 .8828 13.83-4.492 18.22L168.3 232c16.99 34.61 45.14 62.75 79.77 79.75l22.02-26.91c4.344-5.391 11.85-7.25 18.24-4.484l54.24 23.25C349.5 306.6 353.3 314.2 351.6 321.5z\"><\/path><\/svg><\/div><div class=\"uagb-ifb-title-wrap\"><h3 class=\"uagb-ifb-title\">Disponibilit\u00e9 accrue<\/h3><\/div><p class=\"uagb-ifb-desc\">Nous op\u00e9rons dans de nombreux fuseaux horaires, ce qui nous permet de mieux servir nos clients.<\/p><\/div><\/div><\/div>\n\n<div class=\"wp-block-uagb-container uagb-block-d80fb045\"><div class=\"wp-block-uagb-info-box uagb-block-1e0c3ee8 uagb-infobox__content-wrap  uagb-infobox-icon-above-title uagb-infobox-image-valign-top\"><div class=\"uagb-ifb-content\"><div class=\"uagb-ifb-icon-wrap\"><svg xmlns=\"https:\/\/www.w3.org\/2000\/svg\" viewbox=\"0 0 576 512\"><path d=\"M574.1 280.4l-45.38-181.8c-5.875-23.63-21.62-44-43-55.75c-21.5-11.75-46.1-14.13-70.25-6.375l-15.25 5.125c-8.375 2.75-12.87 11.88-10 20.25l5 15.13c2.75 8.375 11.88 12.88 20.25 10.13l13.12-4.375c10.88-3.625 23-3.625 33.25 1.75c10.25 5.375 17.5 14.5 20.38 25.75l38.38 153.9c-22.12-6.875-49.75-12.5-81.13-12.5c-34.88 0-73.1 7-114.9 26.75H251.4C210.5 258.6 171.4 251.6 136.5 251.6c-31.38 0-59 5.625-81.12 12.5l38.38-153.9c2.875-11.25 10.12-20.38 20.5-25.75C124.4 79.12 136.5 79.12 147.4 82.74l13.12 4.375c8.375 2.75 17.5-1.75 20.25-10.13l5-15.13C188.6 53.49 184.1 44.37 175.6 41.62l-15.25-5.125c-23.13-7.75-48.75-5.375-70.13 6.375c-21.37 11.75-37.12 32.13-43 55.75L1.875 280.4C.6251 285.4 .0001 290.6 .0001 295.9v70.25C.0001 428.1 51.63 480 115.3 480h37.13c60.25 0 110.4-46 114.9-105.4l2.875-38.63h35.75l2.875 38.63C313.3 433.1 363.4 480 423.6 480h37.13c63.62 0 115.2-51 115.2-113.9V295.9C576 290.6 575.4 285.5 574.1 280.4zM203.4 369.7c-2 26-24.38 46.25-51 46.25H115.2C87 415.1 64 393.6 64 366.1v-37.5c18.12-6.5 43.38-13 72.62-13c23.88 0 47.25 4.375 69.88 13L203.4 369.7zM512 366.1c0 27.5-23 49.88-51.25 49.88h-37.13c-26.62 0-49-20.25-51-46.25l-3.125-41.13c22.62-8.625 46.13-13 70-13c29 0 54.38 6.5 72.5 13V366.1z\"><\/path><\/svg><\/div><div class=\"uagb-ifb-title-wrap\"><h3 class=\"uagb-ifb-title\">Opportunit\u00e9s d\u2019apprentissage<\/h3><\/div><p class=\"uagb-ifb-desc\">Avec de multiples \u00e9quipes et plateformes, nous investissons dans la croissance personnelle de nos employ\u00e9s.<\/p><\/div><\/div><\/div><\/div><\/div><div style=\"height:50px\" aria-hidden=\"true\" class=\"wp-block-spacer\"><\/div><div class=\"wp-block-uagb-container uagb-block-9510e6f7 alignfull uagb-is-root-container\"><div class=\"uagb-container-inner-blocks-wrap\"><div class=\"wp-block-uagb-container uagb-block-264994de\"><div class=\"inherit-container-width wp-block-group is-layout-constrained wp-block-group-is-layout-constrained\"><h3 class=\"wp-block-heading has-ast-global-color-2-color has-text-color\" style=\"margin-top:0;margin-right:0;margin-bottom:0;margin-left:0;padding-top:0;padding-right:0;padding-bottom:0;padding-left:0\">Une histoire de succ\u00e8s<\/h3>\n\n<p>Nous pensons que nos origines franco-canadiennes nous ont aid\u00e9s \u00e0 cr\u00e9er une organisation unifi\u00e9e couvrant plusieurs pays. Notre succ\u00e8s est aliment\u00e9 par une collaboration mondiale et le respect des diff\u00e9rences culturelles et linguistiques. Nous suivons les meilleures pratiques du secteur pour l\u2019acquisition et l\u2019int\u00e9gration d\u2019organisations de transformation num\u00e9rique. Direct Impact Solutions est pr\u00eat \u00e0 r\u00e9ussir dans de nouveaux domaines informatiques, pays et langues.<\/p>\n\n<div class=\"inherit-container-width wp-block-group is-layout-constrained wp-block-group-is-layout-constrained\"><h4 class=\"wp-block-heading has-ast-global-color-2-color has-text-color\">Pr\u00eat \u00e0 passer \u00e0 l\u2019\u00e9tape suivante ?<\/h4>\n\n<div class=\"inherit-container-width wp-block-group is-layout-constrained wp-block-group-is-layout-constrained\"><ul class=\"wp-block-list\"><li>Vous \u00eates sp\u00e9cialis\u00e9 dans la transformation num\u00e9rique, l\u2019automatisation des donn\u00e9es ou l\u2019int\u00e9gration des donn\u00e9es ?<\/li>\n\n<li>Vous pr\u00e9f\u00e9rez d\u00e9velopper des solutions plut\u00f4t que de consacrer du temps \u00e0 des t\u00e2ches administratives ?<\/li>\n\n<li>Souhaitez-vous investir davantage d\u2019argent et de ressources dans les ventes et le marketing ?<\/li><\/ul>\n\n<p>Contactez-nous pour explorer ce qui est possible avec le groupe Direct Impact. Toutes les communications sont strictement confidentielles.<\/p>\n\n<p><a href=\"https:\/\/www.directimpactsolutions.com\/en\/acquisition-news\/\">Click here<\/a>\u00a0to view our most recent acquisitions.<\/p><\/div><\/div><\/div><\/div>\n\n<div class=\"wp-block-uagb-container uagb-block-0a4aff83\"><div class=\"wp-block-uagb-image uagb-block-5305ce1b wp-block-uagb-image--layout-default wp-block-uagb-image--effect-static wp-block-uagb-image--align-none\"><figure class=\"wp-block-uagb-image__figure\"><img decoding=\"async\" srcset=\"https:\/\/www.directimpactsolutions.com\/wp-content\/uploads\/2021\/09\/success.jpg \" sizes=\"auto, (max-width: 480px) 150px\" src=\"https:\/\/www.directimpactsolutions.com\/wp-content\/uploads\/2021\/09\/success.jpg\" alt=\"success\" class=\"uag-image-3300\" width=\"600\" height=\"400\" title=\"\" loading=\"lazy\"\/><\/figure><\/div>\n\n<div style=\"height:140px\" aria-hidden=\"true\" class=\"wp-block-spacer\"><\/div><\/div>\n\n<div class=\"wp-block-uagb-container uagb-block-2d02f4b7\"><div class=\"wp-block-uagb-image uagb-block-060b2be5 wp-block-uagb-image--layout-default wp-block-uagb-image--effect-static wp-block-uagb-image--align-none\"><figure class=\"wp-block-uagb-image__figure\"><img decoding=\"async\" srcset=\"https:\/\/www.directimpactsolutions.com\/wp-content\/uploads\/2021\/09\/next-step.jpg \" sizes=\"auto, (max-width: 480px) 150px\" src=\"https:\/\/www.directimpactsolutions.com\/wp-content\/uploads\/2021\/09\/next-step.jpg\" alt=\"\" class=\"uag-image-3303\" width=\"600\" height=\"401\" title=\"\" loading=\"lazy\"\/><\/figure><\/div>\n\n<div style=\"height:40px\" aria-hidden=\"true\" class=\"wp-block-spacer\"><\/div><\/div>\n\n<div class=\"wp-block-uagb-container uagb-block-cbd7fe9a\"><div class=\"pipedriveWebForms\" data-pd-webforms=\"https:\/\/webforms.pipedrive.com\/f\/1HIUS6fDemxFT8rBybxhWKIlDCiERqO4EZhVsVFaspqRxhhquWv2PCjczlnHeegg3\"><script src=\"https:\/\/webforms.pipedrive.com\/f\/loader\"><\/script><\/div><\/div><\/div><\/div>","protected":false},"excerpt":{"rendered":"<p>Nous invitons les entreprises \u00e0 rejoindre notre \u00e9quipe de d\u00e9veloppeurs de classe mondiale Direct Impact Solutions | Un chef de file mondial \u00e9tabli dans trois pays Gr\u00e2ce aux comp\u00e9tences de nos experts dans le monde entier, Direct Impact Solutions (DIS) est un leader mondial dans le d\u00e9veloppement d\u2019applications low-code, pro-code et web. Nous avons int\u00e9gr\u00e9 &hellip;<\/p>\n<p class=\"read-more\"> <a class=\"\" href=\"https:\/\/www.directimpactsolutions.com\/fr\/fusions-et-acquisitions\/\"> <span class=\"screen-reader-text\">Fusions et acquisitions<\/span> Lire la suite >><\/a><\/p>\n","protected":false},"author":1,"featured_media":0,"parent":0,"menu_order":0,"comment_status":"closed","ping_status":"closed","template":"","meta":{"inline_featured_image":false,"_uag_custom_page_level_css":"","site-sidebar-layout":"default","site-content-layout":"","ast-site-content-layout":"default","site-content-style":"default","site-sidebar-style":"default","ast-global-header-display":"","ast-banner-title-visibility":"","ast-main-header-display":"","ast-hfb-above-header-display":"","ast-hfb-below-header-display":"","ast-hfb-mobile-header-display":"","site-post-title":"disabled","ast-breadcrumbs-content":"","ast-featured-img":"","footer-sml-layout":"","theme-transparent-header-meta":"","adv-header-id-meta":"","stick-header-meta":"","header-above-stick-meta":"","header-main-stick-meta":"","header-below-stick-meta":"","astra-migrate-meta-layouts":"set","footnotes":""},"class_list":["post-3749","page","type-page","status-publish","hentry"],"uagb_featured_image_src":{"full":false,"thumbnail":false,"medium":false,"medium_large":false,"large":false,"1536x1536":false,"2048x2048":false,"woocommerce_thumbnail":false,"woocommerce_single":false,"woocommerce_gallery_thumbnail":false},"uagb_author_info":{"display_name":"idi","author_link":"https:\/\/www.directimpactsolutions.com\/fr\/author\/idi\/"},"uagb_comment_info":0,"uagb_excerpt":"Nous invitons les entreprises \u00e0 rejoindre notre \u00e9quipe de d\u00e9veloppeurs de classe mondiale Direct Impact Solutions | Un chef de file mondial \u00e9tabli dans trois pays Gr\u00e2ce aux comp\u00e9tences de nos experts dans le monde entier, Direct Impact Solutions (DIS) est un leader mondial dans le d\u00e9veloppement d\u2019applications low-code, pro-code et web. Nous avons int\u00e9gr\u00e9\u2026","_links":{"self":[{"href":"https:\/\/www.directimpactsolutions.com\/fr\/wp-json\/wp\/v2\/pages\/3749","targetHints":{"allow":["GET"]}}],"collection":[{"href":"https:\/\/www.directimpactsolutions.com\/fr\/wp-json\/wp\/v2\/pages"}],"about":[{"href":"https:\/\/www.directimpactsolutions.com\/fr\/wp-json\/wp\/v2\/types\/page"}],"author":[{"embeddable":true,"href":"https:\/\/www.directimpactsolutions.com\/fr\/wp-json\/wp\/v2\/users\/1"}],"replies":[{"embeddable":true,"href":"https:\/\/www.directimpactsolutions.com\/fr\/wp-json\/wp\/v2\/comments?post=3749"}],"version-history":[{"count":41,"href":"https:\/\/www.directimpactsolutions.com\/fr\/wp-json\/wp\/v2\/pages\/3749\/revisions"}],"predecessor-version":[{"id":19773,"href":"https:\/\/www.directimpactsolutions.com\/fr\/wp-json\/wp\/v2\/pages\/3749\/revisions\/19773"}],"wp:attachment":[{"href":"https:\/\/www.directimpactsolutions.com\/fr\/wp-json\/wp\/v2\/media?parent=3749"}],"curies":[{"name":"wp","href":"https:\/\/api.w.org\/{rel}","templated":true}]}}