{"id":4011,"date":"2021-10-15T21:22:13","date_gmt":"2021-10-15T21:22:13","guid":{"rendered":"https:\/\/www.directimpactsolutions.com\/licences-claris-filemaker\/"},"modified":"2024-06-30T02:22:23","modified_gmt":"2024-06-30T02:22:23","slug":"licences-claris-filemaker","status":"publish","type":"page","link":"https:\/\/www.directimpactsolutions.com\/fr\/licences-claris-filemaker\/","title":{"rendered":"Licences Claris FileMaker"},"content":{"rendered":"<div class=\"wp-block-uagb-container uagb-block-b1aad374 alignfull uagb-is-root-container\"><div class=\"uagb-container-inner-blocks-wrap\"><div style=\"height:20px\" aria-hidden=\"true\" class=\"wp-block-spacer\"><\/div>\n\n<h1 class=\"wp-block-heading has-ast-global-color-1-color has-text-color\" style=\"font-style:normal;font-weight:400\">Licences FileMaker<\/h1>\n\n<h2 class=\"wp-block-heading has-ast-global-color-1-color has-text-color\" style=\"font-size:16px\"><a href=\"https:\/\/www.directimpactsolutions.com\/fr\/\">Direct Impact Solutions<\/a> | Un revendeur certifi\u00e9 de licences FileMaker<\/h2>\n\n<div style=\"height:40px\" aria-hidden=\"true\" class=\"wp-block-spacer\"><\/div><\/div><div class=\"uagb-container__shape uagb-container__shape-bottom uagb-container__invert\" data-negative=\"false\"><svg xmlns=\"https:\/\/www.w3.org\/2000\/svg\" viewBox=\"0 0 1000 100\" preserveAspectRatio=\"none\"><path class=\"uagb-container__shape-fill\" d=\"M500,98.9L0,6.1V0h1000v6.1L500,98.9z\"><\/path><\/svg><\/div><\/div><div style=\"height:80px\" aria-hidden=\"true\" class=\"wp-block-spacer\"><\/div><div class=\"wp-block-uagb-advanced-heading uagb-block-f7031554\"><h2 class=\"uagb-heading-text\">Licences FileMaker<\/h2><\/div><div class=\"wp-block-uagb-container uagb-block-abab279a alignfull uagb-is-root-container\"><div class=\"uagb-container-inner-blocks-wrap\"><div class=\"wp-block-uagb-container uagb-block-9e79761f\"><div class=\"wp-block-uagb-info-box uagb-block-3f6b01b1 uagb-infobox__content-wrap  uagb-infobox-icon-above-title uagb-infobox-image-valign-top\"><div class=\"uagb-ifb-content\"><div class=\"uagb-ifb-icon-wrap\"><svg xmlns=\"https:\/\/www.w3.org\/2000\/svg\" viewbox=\"0 0 512 512\"><path d=\"M288 256C288 273.7 273.7 288 256 288C238.3 288 224 273.7 224 256C224 238.3 238.3 224 256 224C273.7 224 288 238.3 288 256zM112 256C112 176.5 176.5 112 256 112C335.5 112 400 176.5 400 256C400 335.5 335.5 400 256 400C176.5 400 112 335.5 112 256zM256 336C300.2 336 336 300.2 336 256C336 211.8 300.2 176 256 176C211.8 176 176 211.8 176 256C176 300.2 211.8 336 256 336zM512 256C512 397.4 397.4 512 256 512C114.6 512 0 397.4 0 256C0 114.6 114.6 0 256 0C397.4 0 512 114.6 512 256zM256 64C149.1 64 64 149.1 64 256C64 362 149.1 448 256 448C362 448 448 362 448 256C448 149.1 362 64 256 64z\"><\/path><\/svg><\/div><div class=\"uagb-ifb-title-wrap\"><h3 class=\"uagb-ifb-title\">Mettre vos licences FileMaker \u00e0 niveau<\/h3><\/div><p class=\"uagb-ifb-desc\">Si vos licences doivent \u00eatre mises \u00e0 niveau, nous pouvons vous aider \u00e0 obtenir des licences et vous assister dans la mise \u00e0 niveau vers la version la plus \u00e0 jour de Claris FileMaker, et ce, m\u00eame si votre organisation utilise une version obsol\u00e8te. Nos experts peuvent cr\u00e9er une copie de sauvegarde de vos fichiers et effectuer la mise \u00e0 niveau pour que vous puissiez profiter des nouvelles fonctionnalit\u00e9s de FileMaker et utiliser la plateforme sur un syst\u00e8me d\u2019exploitation moderne.<\/p><\/div><\/div><\/div>\n\n<div class=\"wp-block-uagb-container uagb-block-7b0555a0\"><div class=\"wp-block-uagb-info-box uagb-block-3406b543 uagb-infobox__content-wrap  uagb-infobox-icon-above-title uagb-infobox-image-valign-top\"><div class=\"uagb-ifb-content\"><div class=\"uagb-ifb-icon-wrap\"><svg xmlns=\"https:\/\/www.w3.org\/2000\/svg\" viewbox=\"0 0 576 512\"><path d=\"M96 0C107.5 0 117.4 8.19 119.6 19.51L121.1 32H541.8C562.1 32 578.3 52.25 572.6 72.66L518.6 264.7C514.7 278.5 502.1 288 487.8 288H170.7L179.9 336H488C501.3 336 512 346.7 512 360C512 373.3 501.3 384 488 384H159.1C148.5 384 138.6 375.8 136.4 364.5L76.14 48H24C10.75 48 0 37.25 0 24C0 10.75 10.75 0 24 0H96zM128 464C128 437.5 149.5 416 176 416C202.5 416 224 437.5 224 464C224 490.5 202.5 512 176 512C149.5 512 128 490.5 128 464zM512 464C512 490.5 490.5 512 464 512C437.5 512 416 490.5 416 464C416 437.5 437.5 416 464 416C490.5 416 512 437.5 512 464z\"><\/path><\/svg><\/div><div class=\"uagb-ifb-title-wrap\"><h3 class=\"uagb-ifb-title\">Licences site et serveur FileMaker<\/h3><\/div><p class=\"uagb-ifb-desc\">Vous devez ajouter un ou plusieurs nouveaux utilisateurs avant la date de renouvellement de votre entente ? Communiquez avec nous et nous vous aiderons \u00e0 ajouter de nouveaux utilisateurs au prorata du prix total pour la p\u00e9riode restante; leur licence se renouvellera en m\u00eame temps que le reste de vos licences. Ajouter des utilisateurs \u00e0 une licence FileMaker existante se fait en un tour de main. Pensez \u00e9galement \u00e0 <a href=\"https:\/\/www.directimpactsolutions.com\/fr\/offre-groupee-pour-la-plateforme-claris\/\">l&rsquo;offre group\u00e9e pour la plateforme Claris<\/a> qui comprend l&rsquo;acc\u00e8s \u00e0 une gamme compl\u00e8te de produits Claris avec une remise importante.<\/p><\/div><\/div><\/div>\n\n<div class=\"wp-block-uagb-container uagb-block-92bfa2c7\"><div class=\"wp-block-uagb-info-box uagb-block-251d1475 uagb-infobox__content-wrap  uagb-infobox-icon-above-title uagb-infobox-image-valign-top\"><div class=\"uagb-ifb-content\"><div class=\"uagb-ifb-icon-wrap\"><svg xmlns=\"https:\/\/www.w3.org\/2000\/svg\" viewbox=\"0 0 576 512\"><path d=\"M256 368C256 403.7 266.6 436.9 284.9 464.6L279.4 470.3C266.4 483.2 245.5 483.2 233.5 470.3L39.71 270.5C-16.22 212.5-13.23 116.6 49.7 62.68C103.6 15.73 186.5 24.72 236.5 75.67L256.4 96.64L275.4 75.67C325.4 24.72 407.3 15.73 463.2 62.68C506.1 100.1 520.7 157.6 507 208.7C484.3 198 458.8 192 432 192C334.8 192 256 270.8 256 368zM576 368C576 447.5 511.5 512 432 512C352.5 512 288 447.5 288 368C288 288.5 352.5 224 432 224C511.5 224 576 288.5 576 368zM476.7 324.7L416 385.4L387.3 356.7C381.1 350.4 370.9 350.4 364.7 356.7C358.4 362.9 358.4 373.1 364.7 379.3L404.7 419.3C410.9 425.6 421.1 425.6 427.3 419.3L499.3 347.3C505.6 341.1 505.6 330.9 499.3 324.7C493.1 318.4 482.9 318.4 476.7 324.7H476.7z\"><\/path><\/svg><\/div><div class=\"uagb-ifb-title-wrap\"><h3 class=\"uagb-ifb-title\">Licences FileMaker pour organisations gouvernementales, \u00e9ducatives ou sans but lucratif<\/h3><\/div><p class=\"uagb-ifb-desc\">Nous travaillons de concert avec de nombreuses organisations gouvernementales et sans but lucratif aux \u00c9tats-Unis et au Canada. Nous sommes en mesure de fournir des licences FileMaker \u00e0 tarif r\u00e9duit aux organisations admissibles. Nous vous enverrons un rappel concernant vos renouvellements; vous pourrez ainsi budg\u00e9ter et faire approuver les co\u00fbts \u00e0 l\u2019avance.<\/p><\/div><\/div><\/div><\/div><\/div><div style=\"height:80px\" aria-hidden=\"true\" class=\"wp-block-spacer\"><\/div><div class=\"wp-block-uagb-container uagb-block-4eab4495 alignfull uagb-is-root-container\"><div class=\"uagb-container-inner-blocks-wrap\"><div class=\"wp-block-uagb-container uagb-block-191f45b4\"><div class=\"inherit-container-width wp-block-group is-layout-constrained wp-block-group-is-layout-constrained\"><div class=\"wp-block-uagb-advanced-heading uagb-block-e24e1f04\"><h3 class=\"uagb-heading-text\">Licences FileMaker Cloud et FileMaker Site<\/h3><\/div>\n\n<p>Dans le but de vous faire \u00e9conomiser, nous travaillerons avec vous pour vous offrir les licences FileMaker qui conviennent le mieux \u00e0 votre organisation. En tant que revendeurs FileMaker certifi\u00e9s, nous connaissons tr\u00e8s bien tous les types de licences Claris FileMaker et pourrons \u00e9valuer si un plan pluriannuel pourrait vous convenir. S\u2019il y a une offre promotionnelle ou un rabais offert, nous veillerons \u00e0 vous en informer.<\/p>\n\n<div class=\"wp-block-uagb-advanced-heading uagb-block-2a2c9cc8\"><h3 class=\"uagb-heading-text\">Serveur FileMaker<\/h3><\/div>\n\n<p>Vous vous posez des questions sur la gestion de vos connexions, de vos usagers et de vos donn\u00e9es sur le serveur FileMaker ? Nos experts en h\u00e9bergement sont certifi\u00e9s AWS et sont pr\u00eats \u00e0 vous aider. Remplissez le formulaire ci-dessous pour plus d&rsquo;information sur nos offres d&rsquo;h\u00e9bergement. Nous pouvons cr\u00e9er un plan sur mesure qui r\u00e9pondra \u00e0 vos besoins concernant la s\u00e9curit\u00e9 et la sauvegarde de vos donn\u00e9es.<\/p><\/div><\/div>\n\n<div class=\"wp-block-uagb-container uagb-block-5a9b5ba1\"><div class=\"wp-block-uagb-image uagb-block-bdac7e3c wp-block-uagb-image--layout-default wp-block-uagb-image--effect-static wp-block-uagb-image--align-none\"><figure class=\"wp-block-uagb-image__figure\"><img decoding=\"async\" srcset=\"https:\/\/www.directimpactsolutions.com\/wp-content\/uploads\/2021\/11\/servers.jpg  \" src=\"https:\/\/www.directimpactsolutions.com\/wp-content\/uploads\/2021\/11\/servers.jpg\" alt=\"\" class=\"uag-image-4627\" width=\"\" height=\"\" title=\"\" loading=\"lazy\"><\/figure><\/div><\/div><\/div><\/div><div style=\"height:80px\" aria-hidden=\"true\" class=\"wp-block-spacer\"><\/div><div class=\"wp-block-uagb-container uagb-block-c2ee26db alignfull uagb-is-root-container\"><div class=\"uagb-container-inner-blocks-wrap\"><div class=\"wp-block-uagb-container uagb-block-f48dfd5c\"><div class=\"wp-block-uagb-image uagb-block-5031f660 wp-block-uagb-image--layout-default wp-block-uagb-image--effect-static wp-block-uagb-image--align-none\"><figure class=\"wp-block-uagb-image__figure\"><img decoding=\"async\" srcset=\"https:\/\/www.directimpactsolutions.com\/wp-content\/uploads\/2021\/11\/experts.jpg  \" src=\"https:\/\/www.directimpactsolutions.com\/wp-content\/uploads\/2021\/11\/experts.jpg\" alt=\"\" class=\"uag-image-4629\" width=\"\" height=\"\" title=\"\" loading=\"lazy\"><\/figure><\/div><\/div>\n\n<div class=\"wp-block-uagb-container uagb-block-a02f38a4\"><div class=\"inherit-container-width wp-block-group is-layout-constrained wp-block-group-is-layout-constrained\"><div class=\"wp-block-uagb-advanced-heading uagb-block-50e9ddab\"><h5 class=\"uagb-heading-text\">En savoir plus sur l\u2019attribution de licences FileMaker<\/h5><\/div>\n\n<div class=\"pipedriveWebForms\" data-pd-webforms=\"https:\/\/webforms.pipedrive.com\/f\/1FQdVZuUW5ZGblQhN7O02M39eaK7jJ48QXNmsa6lHdUmimp4Li3ZgswouDNXoZTLZ\"><script src=\"https:\/\/webforms.pipedrive.com\/f\/loader\"><\/script><\/div><\/div><\/div><\/div><\/div>","protected":false},"excerpt":{"rendered":"<p>Licences FileMaker Direct Impact Solutions | Un revendeur certifi\u00e9 de licences FileMaker Licences FileMaker Licences FileMaker Cloud et FileMaker Site Dans le but de vous faire \u00e9conomiser, nous travaillerons avec vous pour vous offrir les licences FileMaker qui conviennent le mieux \u00e0 votre organisation. En tant que revendeurs FileMaker certifi\u00e9s, nous connaissons tr\u00e8s bien tous &hellip;<\/p>\n<p class=\"read-more\"> <a class=\"\" href=\"https:\/\/www.directimpactsolutions.com\/fr\/licences-claris-filemaker\/\"> <span class=\"screen-reader-text\">Licences Claris FileMaker<\/span> Lire la suite >><\/a><\/p>\n","protected":false},"author":1,"featured_media":0,"parent":0,"menu_order":0,"comment_status":"closed","ping_status":"closed","template":"","meta":{"inline_featured_image":false,"_uag_custom_page_level_css":"","site-sidebar-layout":"default","site-content-layout":"","ast-site-content-layout":"","site-content-style":"default","site-sidebar-style":"default","ast-global-header-display":"","ast-banner-title-visibility":"","ast-main-header-display":"","ast-hfb-above-header-display":"","ast-hfb-below-header-display":"","ast-hfb-mobile-header-display":"","site-post-title":"disabled","ast-breadcrumbs-content":"","ast-featured-img":"","footer-sml-layout":"","theme-transparent-header-meta":"","adv-header-id-meta":"","stick-header-meta":"","header-above-stick-meta":"","header-main-stick-meta":"","header-below-stick-meta":"","astra-migrate-meta-layouts":"","footnotes":""},"class_list":["post-4011","page","type-page","status-publish","hentry"],"uagb_featured_image_src":{"full":false,"thumbnail":false,"medium":false,"medium_large":false,"large":false,"1536x1536":false,"2048x2048":false,"woocommerce_thumbnail":false,"woocommerce_single":false,"woocommerce_gallery_thumbnail":false},"uagb_author_info":{"display_name":"idi","author_link":"https:\/\/www.directimpactsolutions.com\/fr\/author\/idi\/"},"uagb_comment_info":0,"uagb_excerpt":"Licences FileMaker Direct Impact Solutions | Un revendeur certifi\u00e9 de licences FileMaker Licences FileMaker Licences FileMaker Cloud et FileMaker Site Dans le but de vous faire \u00e9conomiser, nous travaillerons avec vous pour vous offrir les licences FileMaker qui conviennent le mieux \u00e0 votre organisation. En tant que revendeurs FileMaker certifi\u00e9s, nous connaissons tr\u00e8s bien tous\u2026","_links":{"self":[{"href":"https:\/\/www.directimpactsolutions.com\/fr\/wp-json\/wp\/v2\/pages\/4011","targetHints":{"allow":["GET"]}}],"collection":[{"href":"https:\/\/www.directimpactsolutions.com\/fr\/wp-json\/wp\/v2\/pages"}],"about":[{"href":"https:\/\/www.directimpactsolutions.com\/fr\/wp-json\/wp\/v2\/types\/page"}],"author":[{"embeddable":true,"href":"https:\/\/www.directimpactsolutions.com\/fr\/wp-json\/wp\/v2\/users\/1"}],"replies":[{"embeddable":true,"href":"https:\/\/www.directimpactsolutions.com\/fr\/wp-json\/wp\/v2\/comments?post=4011"}],"version-history":[{"count":39,"href":"https:\/\/www.directimpactsolutions.com\/fr\/wp-json\/wp\/v2\/pages\/4011\/revisions"}],"predecessor-version":[{"id":17520,"href":"https:\/\/www.directimpactsolutions.com\/fr\/wp-json\/wp\/v2\/pages\/4011\/revisions\/17520"}],"wp:attachment":[{"href":"https:\/\/www.directimpactsolutions.com\/fr\/wp-json\/wp\/v2\/media?parent=4011"}],"curies":[{"name":"wp","href":"https:\/\/api.w.org\/{rel}","templated":true}]}}