{"id":4096,"date":"2021-10-25T19:18:05","date_gmt":"2021-10-25T19:18:05","guid":{"rendered":"https:\/\/www.directimpactsolutions.com\/blogue\/"},"modified":"2025-09-05T02:32:58","modified_gmt":"2025-09-05T02:32:58","slug":"blog","status":"publish","type":"page","link":"https:\/\/www.directimpactsolutions.com\/fr\/blog\/","title":{"rendered":"Blog"},"content":{"rendered":"<div class=\"wp-block-uagb-container uagb-block-536b5e63 alignfull uagb-is-root-container\"><div class=\"uagb-container__shape uagb-container__shape-bottom uagb-container__invert\" data-negative=\"false\"><svg xmlns=\"https:\/\/www.w3.org\/2000\/svg\" viewBox=\"0 0 1000 100\" preserveAspectRatio=\"none\"><path class=\"uagb-container__shape-fill\" d=\"M500,98.9L0,6.1V0h1000v6.1L500,98.9z\"><\/path><\/svg><\/div><div class=\"uagb-container-inner-blocks-wrap\"><div style=\"height:10px\" aria-hidden=\"true\" class=\"wp-block-spacer\"><\/div>\n\n<h1 class=\"wp-block-heading has-ast-global-color-1-color has-text-color\" style=\"font-style:normal;font-weight:400\">D\u00e9couvrez nos derniers articles de blog<\/h1>\n\n<div style=\"height:80px\" aria-hidden=\"true\" class=\"wp-block-spacer\"><\/div><\/div><\/div><div class=\"wp-block-uagb-container uagb-block-d8bf37ab alignfull uagb-is-root-container\"><div class=\"uagb-container-inner-blocks-wrap\"><div class=\"wp-block-uagb-buttons uagb-buttons__outer-wrap uagb-btn__medium-btn uagb-btn-tablet__default-btn uagb-btn-mobile__default-btn uagb-block-f4a5fa29\"><div class=\"uagb-buttons__wrap uagb-buttons-layout-wrap \"><div class=\"wp-block-uagb-buttons-child uagb-buttons__outer-wrap uagb-block-79e65c0a wp-block-button is-style-outline\"><div class=\"uagb-button__wrapper\"><a class=\"uagb-buttons-repeater wp-block-button__link\" aria-label=\"\" href=\"https:\/\/www.directimpactsolutions.com\/fr\/category\/partenariats\/\" rel=\"follow noopener\" target=\"_self\" role=\"button\"><div class=\"uagb-button__link\">PARTENARIATS<\/div><\/a><\/div><\/div>\n\n<div class=\"wp-block-uagb-buttons-child uagb-buttons__outer-wrap uagb-block-256e82cd wp-block-button is-style-outline\"><div class=\"uagb-button__wrapper\"><a class=\"uagb-buttons-repeater wp-block-button__link\" aria-label=\"\" href=\"https:\/\/www.directimpactsolutions.com\/fr\/category\/evenements\/\" rel=\"follow noopener\" target=\"_self\" role=\"button\"><div class=\"uagb-button__link\">\u00c9V\u00c9NEMENTS<\/div><\/a><\/div><\/div>\n\n<div class=\"wp-block-uagb-buttons-child uagb-buttons__outer-wrap uagb-block-8dee40bd wp-block-button is-style-outline\"><div class=\"uagb-button__wrapper\"><a class=\"uagb-buttons-repeater wp-block-button__link\" aria-label=\"\" href=\"https:\/\/www.directimpactsolutions.com\/fr\/category\/low-code\/\" rel=\"follow noopener\" target=\"_self\" role=\"button\"><div class=\"uagb-button__link\">LOW-CODE<\/div><\/a><\/div><\/div>\n\n<div class=\"wp-block-uagb-buttons-child uagb-buttons__outer-wrap uagb-block-c0d86af7 wp-block-button is-style-outline\"><div class=\"uagb-button__wrapper\"><a class=\"uagb-buttons-repeater wp-block-button__link\" aria-label=\"\" href=\"https:\/\/www.directimpactsolutions.com\/fr\/category\/nouvelles\/\" rel=\"follow noopener\" target=\"_self\" role=\"button\"><div class=\"uagb-button__link\">NOUVELLES<\/div><\/a><\/div><\/div>\n\n<div class=\"wp-block-uagb-buttons-child uagb-buttons__outer-wrap uagb-block-5d32c403 wp-block-button is-style-outline\"><div class=\"uagb-button__wrapper\"><a class=\"uagb-buttons-repeater wp-block-button__link\" aria-label=\"\" href=\"https:\/\/www.directimpactsolutions.com\/fr\/category\/web\/\" rel=\"follow noopener\" target=\"_self\" role=\"button\"><div class=\"uagb-button__link\">APPLICATIONS WEB<\/div><\/a><\/div><\/div><\/div><\/div>\n\n<div class=\"wp-block-uagb-container uagb-block-72339eb3\"><div class=\"wp-block-uagb-post-grid uagb-post-grid  uagb-post__image-position-top uagb-post__image-enabled uagb-block-29078665     uagb-post__items uagb-post__columns-3 is-grid uagb-post__columns-tablet-2 uagb-post__columns-mobile-1 uagb-post__equal-height\" data-total=\"18\" style=\"\">\n\n\t\t\t\t\t\t\t\t\t\t\t\t<article class=\"uagb-post__inner-wrap\">\t\t\t\t\t\t\t\t<div class='uagb-post__image'>\n\t\t\t\t\t\t\t\t\t<a href=\"https:\/\/www.directimpactsolutions.com\/fr\/direct-impact-solutions-fiere-commanditaire-de-la-9e-edition-de-la-conference-quebecoise-des-developpeurs-filemaker-cqdf-2026\/\" target=\"_self\" rel=\"bookmark noopener noreferrer\" class='uagb-image-ratio-9-16'><img loading=\"lazy\" decoding=\"async\" width=\"788\" height=\"443\" src=\"https:\/\/www.directimpactsolutions.com\/wp-content\/uploads\/2026\/03\/cqdf2026.png\" class=\"attachment-large size-large\" alt=\"\" srcset=\"https:\/\/www.directimpactsolutions.com\/wp-content\/uploads\/2026\/03\/cqdf2026.png 788w, https:\/\/www.directimpactsolutions.com\/wp-content\/uploads\/2026\/03\/cqdf2026-300x169.png 300w, https:\/\/www.directimpactsolutions.com\/wp-content\/uploads\/2026\/03\/cqdf2026-768x432.png 768w, https:\/\/www.directimpactsolutions.com\/wp-content\/uploads\/2026\/03\/cqdf2026-600x337.png 600w\" sizes=\"auto, (max-width: 788px) 100vw, 788px\" \/>\t\t\t\t\t<\/a>\n\t\t\t\t\t\t\t<\/div>\n\t\t\t\t\t\t<h4 class=\"uagb-post__title uagb-post__text\">\n\t\t\t\t<a href=\"https:\/\/www.directimpactsolutions.com\/fr\/direct-impact-solutions-fiere-commanditaire-de-la-9e-edition-de-la-conference-quebecoise-des-developpeurs-filemaker-cqdf-2026\/\" target=\"_self\" rel=\"bookmark noopener noreferrer\">Direct Impact Solutions fi\u00e8re commanditaire de la 9e \u00e9dition de la conf\u00e9rence qu\u00e9b\u00e9coise des d\u00e9veloppeurs FileMaker (CQDF 2026)<\/a>\n\t\t\t<\/h4>\n\t\t\t\t\t\t<div class='uagb-post__text uagb-post-grid-byline'>\n\t\t\t\t\t\t\t<\/div>\n\t\t\t\t\t\t\t<div class='uagb-post__text uagb-post__excerpt'>\n\t\t\t\t\t<p>Fid\u00e8le \u00e0 son engagement envers la communaut\u00e9 FileMaker qu\u00e9b\u00e9coise, Direct Impact Solutions est fi\u00e8re d\u2019annoncer sa commandite de niveau OR&#8230;\t\t\t\t<\/div>\n\t\t\t\n\t\t\t\t\t\t\t\t\t<\/article>\n\t\t\t\t\t\t\t\t\t\t\t\t\t\t\t\t<article class=\"uagb-post__inner-wrap\">\t\t\t\t\t\t\t\t<div class='uagb-post__image'>\n\t\t\t\t\t\t\t\t\t<a href=\"https:\/\/www.directimpactsolutions.com\/fr\/aifm-workshops-un-parcours-europeen-au-coeur-des-communautes-locales\/\" target=\"_self\" rel=\"bookmark noopener noreferrer\" class='uagb-image-ratio-9-16'><img loading=\"lazy\" decoding=\"async\" width=\"1000\" height=\"600\" src=\"https:\/\/www.directimpactsolutions.com\/wp-content\/uploads\/2026\/02\/Workshop-FR.png\" class=\"attachment-large size-large\" alt=\"\" srcset=\"https:\/\/www.directimpactsolutions.com\/wp-content\/uploads\/2026\/02\/Workshop-FR.png 1000w, https:\/\/www.directimpactsolutions.com\/wp-content\/uploads\/2026\/02\/Workshop-FR-300x180.png 300w, https:\/\/www.directimpactsolutions.com\/wp-content\/uploads\/2026\/02\/Workshop-FR-768x461.png 768w, https:\/\/www.directimpactsolutions.com\/wp-content\/uploads\/2026\/02\/Workshop-FR-600x360.png 600w\" sizes=\"auto, (max-width: 1000px) 100vw, 1000px\" \/>\t\t\t\t\t<\/a>\n\t\t\t\t\t\t\t<\/div>\n\t\t\t\t\t\t<h4 class=\"uagb-post__title uagb-post__text\">\n\t\t\t\t<a href=\"https:\/\/www.directimpactsolutions.com\/fr\/aifm-workshops-un-parcours-europeen-au-coeur-des-communautes-locales\/\" target=\"_self\" rel=\"bookmark noopener noreferrer\">Atelier AI+FM : un parcours europ\u00e9en au c\u0153ur des communaut\u00e9s locales<\/a>\n\t\t\t<\/h4>\n\t\t\t\t\t\t<div class='uagb-post__text uagb-post-grid-byline'>\n\t\t\t\t\t\t\t<\/div>\n\t\t\t\t\t\t\t<div class='uagb-post__text uagb-post__excerpt'>\n\t\t\t\t\t<p>Depuis quelque temps d\u00e9j\u00e0, l\u2019intelligence artificielle fait partie des discussions quotidiennes au sein de la communaut\u00e9 des d\u00e9veloppeurs FileMaker. Non&#8230;\t\t\t\t<\/div>\n\t\t\t\n\t\t\t\t\t\t\t\t\t<\/article>\n\t\t\t\t\t\t\t\t\t\t\t\t\t\t\t\t<article class=\"uagb-post__inner-wrap\">\t\t\t\t\t\t\t\t<div class='uagb-post__image'>\n\t\t\t\t\t\t\t\t\t<a href=\"https:\/\/www.directimpactsolutions.com\/fr\/top-5-des-articles-de-notre-blogue-les-plus-consultes-en-2025-selon-google-analytics\/\" target=\"_self\" rel=\"bookmark noopener noreferrer\" class='uagb-image-ratio-9-16'><img loading=\"lazy\" decoding=\"async\" width=\"788\" height=\"443\" src=\"https:\/\/www.directimpactsolutions.com\/wp-content\/uploads\/2026\/01\/iStock-2165633922.jpg\" class=\"attachment-large size-large\" alt=\"\" srcset=\"https:\/\/www.directimpactsolutions.com\/wp-content\/uploads\/2026\/01\/iStock-2165633922.jpg 788w, https:\/\/www.directimpactsolutions.com\/wp-content\/uploads\/2026\/01\/iStock-2165633922-300x169.jpg 300w, https:\/\/www.directimpactsolutions.com\/wp-content\/uploads\/2026\/01\/iStock-2165633922-768x432.jpg 768w, https:\/\/www.directimpactsolutions.com\/wp-content\/uploads\/2026\/01\/iStock-2165633922-600x337.jpg 600w\" sizes=\"auto, (max-width: 788px) 100vw, 788px\" \/>\t\t\t\t\t<\/a>\n\t\t\t\t\t\t\t<\/div>\n\t\t\t\t\t\t<h4 class=\"uagb-post__title uagb-post__text\">\n\t\t\t\t<a href=\"https:\/\/www.directimpactsolutions.com\/fr\/top-5-des-articles-de-notre-blogue-les-plus-consultes-en-2025-selon-google-analytics\/\" target=\"_self\" rel=\"bookmark noopener noreferrer\">Top 5 des articles de notre blogue les plus consult\u00e9s en 2025 selon Google Analytics<\/a>\n\t\t\t<\/h4>\n\t\t\t\t\t\t<div class='uagb-post__text uagb-post-grid-byline'>\n\t\t\t\t\t\t\t<\/div>\n\t\t\t\t\t\t\t<div class='uagb-post__text uagb-post__excerpt'>\n\t\t\t\t\t<p>En ce d\u00e9but d\u2019ann\u00e9e 2026, notre \u00e9quipe marketing a analys\u00e9 les donn\u00e9es de performance de notre blogue via Google Analytics&#8230;\t\t\t\t<\/div>\n\t\t\t\n\t\t\t\t\t\t\t\t\t<\/article>\n\t\t\t\t\t\t\t\t\t\t\t\t\t\t\t\t<article class=\"uagb-post__inner-wrap\">\t\t\t\t\t\t\t\t<div class='uagb-post__image'>\n\t\t\t\t\t\t\t\t\t<a href=\"https:\/\/www.directimpactsolutions.com\/fr\/retablir-la-verite-et-la-confiance-dans-les-donnees-dentreprise\/\" target=\"_self\" rel=\"bookmark noopener noreferrer\" class='uagb-image-ratio-9-16'><img loading=\"lazy\" decoding=\"async\" width=\"1024\" height=\"683\" src=\"https:\/\/www.directimpactsolutions.com\/wp-content\/uploads\/2025\/11\/data-quality-analysis_article2-1024x683.png\" class=\"attachment-large size-large\" alt=\"\" srcset=\"https:\/\/www.directimpactsolutions.com\/wp-content\/uploads\/2025\/11\/data-quality-analysis_article2-1024x683.png 1024w, https:\/\/www.directimpactsolutions.com\/wp-content\/uploads\/2025\/11\/data-quality-analysis_article2-300x200.png 300w, https:\/\/www.directimpactsolutions.com\/wp-content\/uploads\/2025\/11\/data-quality-analysis_article2-768x512.png 768w, https:\/\/www.directimpactsolutions.com\/wp-content\/uploads\/2025\/11\/data-quality-analysis_article2-600x400.png 600w, https:\/\/www.directimpactsolutions.com\/wp-content\/uploads\/2025\/11\/data-quality-analysis_article2.png 1536w\" sizes=\"auto, (max-width: 1024px) 100vw, 1024px\" \/>\t\t\t\t\t<\/a>\n\t\t\t\t\t\t\t<\/div>\n\t\t\t\t\t\t<h4 class=\"uagb-post__title uagb-post__text\">\n\t\t\t\t<a href=\"https:\/\/www.directimpactsolutions.com\/fr\/retablir-la-verite-et-la-confiance-dans-les-donnees-dentreprise\/\" target=\"_self\" rel=\"bookmark noopener noreferrer\">R\u00e9tablir la v\u00e9rit\u00e9 et la confiance dans les donn\u00e9es d\u2019entreprise<\/a>\n\t\t\t<\/h4>\n\t\t\t\t\t\t<div class='uagb-post__text uagb-post-grid-byline'>\n\t\t\t\t\t\t\t<\/div>\n\t\t\t\t\t\t\t<div class='uagb-post__text uagb-post__excerpt'>\n\t\t\t\t\t<p>\u00c9V\u00c9NEMENT \u00c0 VENIR (10 d\u00e9cembre 2025)Rejoignez Direct Impact Solutions pour une session en direct con\u00e7ue pour vous aider \u00e0 ramener&#8230;\t\t\t\t<\/div>\n\t\t\t\n\t\t\t\t\t\t\t\t\t<\/article>\n\t\t\t\t\t\t\t\t\t\t\t\t\t\t\t\t<article class=\"uagb-post__inner-wrap\">\t\t\t\t\t\t\t\t<div class='uagb-post__image'>\n\t\t\t\t\t\t\t\t\t<a href=\"https:\/\/www.directimpactsolutions.com\/fr\/vos-donnees-disent-elles-la-verite\/\" target=\"_self\" rel=\"bookmark noopener noreferrer\" class='uagb-image-ratio-9-16'><img loading=\"lazy\" decoding=\"async\" width=\"1024\" height=\"683\" src=\"https:\/\/www.directimpactsolutions.com\/wp-content\/uploads\/2025\/11\/data-quality-analysis_article1-1024x683.png\" class=\"attachment-large size-large\" alt=\"\" srcset=\"https:\/\/www.directimpactsolutions.com\/wp-content\/uploads\/2025\/11\/data-quality-analysis_article1-1024x683.png 1024w, https:\/\/www.directimpactsolutions.com\/wp-content\/uploads\/2025\/11\/data-quality-analysis_article1-300x200.png 300w, https:\/\/www.directimpactsolutions.com\/wp-content\/uploads\/2025\/11\/data-quality-analysis_article1-768x512.png 768w, https:\/\/www.directimpactsolutions.com\/wp-content\/uploads\/2025\/11\/data-quality-analysis_article1-600x400.png 600w, https:\/\/www.directimpactsolutions.com\/wp-content\/uploads\/2025\/11\/data-quality-analysis_article1.png 1536w\" sizes=\"auto, (max-width: 1024px) 100vw, 1024px\" \/>\t\t\t\t\t<\/a>\n\t\t\t\t\t\t\t<\/div>\n\t\t\t\t\t\t<h4 class=\"uagb-post__title uagb-post__text\">\n\t\t\t\t<a href=\"https:\/\/www.directimpactsolutions.com\/fr\/vos-donnees-disent-elles-la-verite\/\" target=\"_self\" rel=\"bookmark noopener noreferrer\">Vos donn\u00e9es disent-elles la v\u00e9rit\u00e9 ?<\/a>\n\t\t\t<\/h4>\n\t\t\t\t\t\t<div class='uagb-post__text uagb-post-grid-byline'>\n\t\t\t\t\t\t\t<\/div>\n\t\t\t\t\t\t\t<div class='uagb-post__text uagb-post__excerpt'>\n\t\t\t\t\t<p>\u00c9V\u00c9NEMENT \u00c0 VENIR (10 d\u00e9cembre 2025)Rejoignez Direct Impact Solutions pour une session en direct con\u00e7ue pour vous aider \u00e0 ramener&#8230;\t\t\t\t<\/div>\n\t\t\t\n\t\t\t\t\t\t\t\t\t<\/article>\n\t\t\t\t\t\t\t\t\t\t\t\t\t\t\t\t<article class=\"uagb-post__inner-wrap\">\t\t\t\t\t\t\t\t<div class='uagb-post__image'>\n\t\t\t\t\t\t\t\t\t<a href=\"https:\/\/www.directimpactsolutions.com\/fr\/webinaire-restoring-truth-and-trust-in-your-business-data-audio-en-anglais-avec-sous-titres-simultanes-en-francais\/\" target=\"_self\" rel=\"bookmark noopener noreferrer\" class='uagb-image-ratio-9-16'><img loading=\"lazy\" decoding=\"async\" width=\"1000\" height=\"600\" src=\"https:\/\/www.directimpactsolutions.com\/wp-content\/uploads\/2025\/11\/DATA-QUALITY-AI-ANALYSIS-french-post-blog-final-2.png\" class=\"attachment-large size-large\" alt=\"\" srcset=\"https:\/\/www.directimpactsolutions.com\/wp-content\/uploads\/2025\/11\/DATA-QUALITY-AI-ANALYSIS-french-post-blog-final-2.png 1000w, https:\/\/www.directimpactsolutions.com\/wp-content\/uploads\/2025\/11\/DATA-QUALITY-AI-ANALYSIS-french-post-blog-final-2-300x180.png 300w, https:\/\/www.directimpactsolutions.com\/wp-content\/uploads\/2025\/11\/DATA-QUALITY-AI-ANALYSIS-french-post-blog-final-2-768x461.png 768w, https:\/\/www.directimpactsolutions.com\/wp-content\/uploads\/2025\/11\/DATA-QUALITY-AI-ANALYSIS-french-post-blog-final-2-600x360.png 600w\" sizes=\"auto, (max-width: 1000px) 100vw, 1000px\" \/>\t\t\t\t\t<\/a>\n\t\t\t\t\t\t\t<\/div>\n\t\t\t\t\t\t<h4 class=\"uagb-post__title uagb-post__text\">\n\t\t\t\t<a href=\"https:\/\/www.directimpactsolutions.com\/fr\/webinaire-restoring-truth-and-trust-in-your-business-data-audio-en-anglais-avec-sous-titres-simultanes-en-francais\/\" target=\"_self\" rel=\"bookmark noopener noreferrer\">Webinaire : \u00ab Restoring Truth and Trust in Your Business Data \u00bb (Audio en anglais avec sous-titres simultan\u00e9s en fran\u00e7ais)<\/a>\n\t\t\t<\/h4>\n\t\t\t\t\t\t<div class='uagb-post__text uagb-post-grid-byline'>\n\t\t\t\t\t\t\t<\/div>\n\t\t\t\t\t\t\t<div class='uagb-post__text uagb-post__excerpt'>\n\t\t\t\t\t<p>\u00c9V\u00c9NEMENT \u00c0 VENIR (10 d\u00e9cembre 2025)Rejoignez Direct Impact Solutions pour une session en direct con\u00e7ue pour vous aider \u00e0 ramener&#8230;\t\t\t\t<\/div>\n\t\t\t\n\t\t\t\t\t\t\t\t\t<\/article>\n\t\t\t\t\t\t\t\t\t\t\t\t\t\t\t\t<article class=\"uagb-post__inner-wrap\">\t\t\t\t\t\t\t\t<div class='uagb-post__image'>\n\t\t\t\t\t\t\t\t\t<a href=\"https:\/\/www.directimpactsolutions.com\/fr\/ia-et-filemaker-la-correspondance-dentites-partie-1-2\/\" target=\"_self\" rel=\"bookmark noopener noreferrer\" class='uagb-image-ratio-9-16'><img loading=\"lazy\" decoding=\"async\" width=\"800\" height=\"350\" src=\"https:\/\/www.directimpactsolutions.com\/wp-content\/uploads\/2025\/09\/ai-search.png\" class=\"attachment-large size-large\" alt=\"\" srcset=\"https:\/\/www.directimpactsolutions.com\/wp-content\/uploads\/2025\/09\/ai-search.png 800w, https:\/\/www.directimpactsolutions.com\/wp-content\/uploads\/2025\/09\/ai-search-300x131.png 300w, https:\/\/www.directimpactsolutions.com\/wp-content\/uploads\/2025\/09\/ai-search-768x336.png 768w, https:\/\/www.directimpactsolutions.com\/wp-content\/uploads\/2025\/09\/ai-search-600x263.png 600w\" sizes=\"auto, (max-width: 800px) 100vw, 800px\" \/>\t\t\t\t\t<\/a>\n\t\t\t\t\t\t\t<\/div>\n\t\t\t\t\t\t<h4 class=\"uagb-post__title uagb-post__text\">\n\t\t\t\t<a href=\"https:\/\/www.directimpactsolutions.com\/fr\/ia-et-filemaker-la-correspondance-dentites-partie-1-2\/\" target=\"_self\" rel=\"bookmark noopener noreferrer\">IA et FileMaker : la correspondance d\u2019entit\u00e9s \u2013 Partie 1<\/a>\n\t\t\t<\/h4>\n\t\t\t\t\t\t<div class='uagb-post__text uagb-post-grid-byline'>\n\t\t\t\t\t\t\t<\/div>\n\t\t\t\t\t\t\t<div class='uagb-post__text uagb-post__excerpt'>\n\t\t\t\t\t<p>Une approche technique pour exploiter Semantic Find afin de r\u00e9soudre le probl\u00e8me complexe du \u201cfuzzy matching\u201d \u00c9V\u00c9NEMENT \u00c0 VENIR :&#8230;\t\t\t\t<\/div>\n\t\t\t\n\t\t\t\t\t\t\t\t\t<\/article>\n\t\t\t\t\t\t\t\t\t\t\t\t\t\t\t\t<article class=\"uagb-post__inner-wrap\">\t\t\t\t\t\t\t\t<div class='uagb-post__image'>\n\t\t\t\t\t\t\t\t\t<a href=\"https:\/\/www.directimpactsolutions.com\/fr\/webinaire-using-ai-to-handle-duplicates-in-filemaker-audio-en-anglais-avec-sous-titres-simultanes-en-francais\/\" target=\"_self\" rel=\"bookmark noopener noreferrer\" class='uagb-image-ratio-9-16'><img loading=\"lazy\" decoding=\"async\" width=\"940\" height=\"788\" src=\"https:\/\/www.directimpactsolutions.com\/wp-content\/uploads\/2025\/09\/1-1-1.png\" class=\"attachment-large size-large\" alt=\"\" srcset=\"https:\/\/www.directimpactsolutions.com\/wp-content\/uploads\/2025\/09\/1-1-1.png 940w, https:\/\/www.directimpactsolutions.com\/wp-content\/uploads\/2025\/09\/1-1-1-300x251.png 300w, https:\/\/www.directimpactsolutions.com\/wp-content\/uploads\/2025\/09\/1-1-1-768x644.png 768w, https:\/\/www.directimpactsolutions.com\/wp-content\/uploads\/2025\/09\/1-1-1-600x503.png 600w\" sizes=\"auto, (max-width: 940px) 100vw, 940px\" \/>\t\t\t\t\t<\/a>\n\t\t\t\t\t\t\t<\/div>\n\t\t\t\t\t\t<h4 class=\"uagb-post__title uagb-post__text\">\n\t\t\t\t<a href=\"https:\/\/www.directimpactsolutions.com\/fr\/webinaire-using-ai-to-handle-duplicates-in-filemaker-audio-en-anglais-avec-sous-titres-simultanes-en-francais\/\" target=\"_self\" rel=\"bookmark noopener noreferrer\">Webinaire : \u00ab Using AI to Handle Duplicates in FileMaker \u00bb (Audio en anglais avec sous-titres simultan\u00e9s en fran\u00e7ais)<\/a>\n\t\t\t<\/h4>\n\t\t\t\t\t\t<div class='uagb-post__text uagb-post-grid-byline'>\n\t\t\t\t\t\t\t<\/div>\n\t\t\t\t\t\t\t<div class='uagb-post__text uagb-post__excerpt'>\n\t\t\t\t\t<p>\u00c9V\u00c9NEMENT \u00c0 VENIR (30 Septembre, 2025)Rejoignez Direct Impact Solutions pour un webinaire en direct exclusif et d\u00e9couvrez comment l\u2019IA peut&#8230;\t\t\t\t<\/div>\n\t\t\t\n\t\t\t\t\t\t\t\t\t<\/article>\n\t\t\t\t\t\t\t\t\t\t\t\t\t\t\t\t<article class=\"uagb-post__inner-wrap\">\t\t\t\t\t\t\t\t<div class='uagb-post__image'>\n\t\t\t\t\t\t\t\t\t<a href=\"https:\/\/www.directimpactsolutions.com\/fr\/ia-et-filemaker-la-correspondance-dentites-partie-1\/\" target=\"_self\" rel=\"bookmark noopener noreferrer\" class='uagb-image-ratio-9-16'><img loading=\"lazy\" decoding=\"async\" width=\"800\" height=\"350\" src=\"https:\/\/www.directimpactsolutions.com\/wp-content\/uploads\/2025\/09\/ai-search.png\" class=\"attachment-large size-large\" alt=\"\" srcset=\"https:\/\/www.directimpactsolutions.com\/wp-content\/uploads\/2025\/09\/ai-search.png 800w, https:\/\/www.directimpactsolutions.com\/wp-content\/uploads\/2025\/09\/ai-search-300x131.png 300w, https:\/\/www.directimpactsolutions.com\/wp-content\/uploads\/2025\/09\/ai-search-768x336.png 768w, https:\/\/www.directimpactsolutions.com\/wp-content\/uploads\/2025\/09\/ai-search-600x263.png 600w\" sizes=\"auto, (max-width: 800px) 100vw, 800px\" \/>\t\t\t\t\t<\/a>\n\t\t\t\t\t\t\t<\/div>\n\t\t\t\t\t\t<h4 class=\"uagb-post__title uagb-post__text\">\n\t\t\t\t<a href=\"https:\/\/www.directimpactsolutions.com\/fr\/ia-et-filemaker-la-correspondance-dentites-partie-1\/\" target=\"_self\" rel=\"bookmark noopener noreferrer\">IA et FileMaker : la correspondance d\u2019entit\u00e9s \u2013 Partie 1<\/a>\n\t\t\t<\/h4>\n\t\t\t\t\t\t<div class='uagb-post__text uagb-post-grid-byline'>\n\t\t\t\t\t\t\t<\/div>\n\t\t\t\t\t\t\t<div class='uagb-post__text uagb-post__excerpt'>\n\t\t\t\t\t<p>Utiliser l\u2019intelligence artificielle pour relever le d\u00e9fi de la correspondance approximative \u00c9V\u00c9NEMENT \u00c0 VENIR : \u201cUsing AI to Handle Duplicates&#8230;\t\t\t\t<\/div>\n\t\t\t\n\t\t\t\t\t\t\t\t\t<\/article>\n\t\t\t\t\t\t\t\t\t\t\t\t\t<div class=\"uagb-post-pagination-wrap\">\n\t\t\t\t\t\t<span aria-current=\"page\" class=\"page-numbers current\">1<\/span>\r\n<a class=\"page-numbers\" href=\"https:\/\/www.directimpactsolutions.com\/fr\/wp-json\/wp\/v2\/pages\/4096\/page\/2\/\">2<\/a>\r\n<a class=\"page-numbers\" href=\"https:\/\/www.directimpactsolutions.com\/fr\/wp-json\/wp\/v2\/pages\/4096\/page\/3\/\">3<\/a>\r\n<a class=\"page-numbers\" href=\"https:\/\/www.directimpactsolutions.com\/fr\/wp-json\/wp\/v2\/pages\/4096\/page\/4\/\">4<\/a>\r\n<a class=\"page-numbers\" href=\"https:\/\/www.directimpactsolutions.com\/fr\/wp-json\/wp\/v2\/pages\/4096\/page\/5\/\">5<\/a>\r\n<span class=\"page-numbers dots\">\u2026<\/span>\r\n<a class=\"page-numbers\" href=\"https:\/\/www.directimpactsolutions.com\/fr\/wp-json\/wp\/v2\/pages\/4096\/page\/15\/\">15<\/a>\r\n<a class=\"page-numbers\" href=\"https:\/\/www.directimpactsolutions.com\/fr\/wp-json\/wp\/v2\/pages\/4096\/page\/16\/\">16<\/a>\r\n<a class=\"page-numbers\" href=\"https:\/\/www.directimpactsolutions.com\/fr\/wp-json\/wp\/v2\/pages\/4096\/page\/17\/\">17<\/a>\r\n<a class=\"page-numbers\" href=\"https:\/\/www.directimpactsolutions.com\/fr\/wp-json\/wp\/v2\/pages\/4096\/page\/18\/\">18<\/a>\r\n<a class=\"next page-numbers\" href=\"https:\/\/www.directimpactsolutions.com\/fr\/wp-json\/wp\/v2\/pages\/4096\/page\/2\/\">Next \u00bb<\/a>\t\t\t\t\t<\/div>\n\t\t\t\t\t\t\t\t<\/div><\/div><\/div><\/div>","protected":false},"excerpt":{"rendered":"<p>D\u00e9couvrez nos derniers articles de blog<\/p>\n","protected":false},"author":2,"featured_media":0,"parent":0,"menu_order":0,"comment_status":"closed","ping_status":"closed","template":"","meta":{"inline_featured_image":false,"_uag_custom_page_level_css":"","site-sidebar-layout":"default","site-content-layout":"","ast-site-content-layout":"default","site-content-style":"default","site-sidebar-style":"default","ast-global-header-display":"","ast-banner-title-visibility":"","ast-main-header-display":"","ast-hfb-above-header-display":"","ast-hfb-below-header-display":"","ast-hfb-mobile-header-display":"","site-post-title":"disabled","ast-breadcrumbs-content":"","ast-featured-img":"","footer-sml-layout":"","theme-transparent-header-meta":"","adv-header-id-meta":"","stick-header-meta":"","header-above-stick-meta":"","header-main-stick-meta":"","header-below-stick-meta":"","astra-migrate-meta-layouts":"set","footnotes":""},"class_list":["post-4096","page","type-page","status-publish","hentry"],"uagb_featured_image_src":{"full":false,"thumbnail":false,"medium":false,"medium_large":false,"large":false,"1536x1536":false,"2048x2048":false,"woocommerce_thumbnail":false,"woocommerce_single":false,"woocommerce_gallery_thumbnail":false},"uagb_author_info":{"display_name":"Eleanor Fulton","author_link":"https:\/\/www.directimpactsolutions.com\/fr\/author\/eleanor-fulton\/"},"uagb_comment_info":0,"uagb_excerpt":"D\u00e9couvrez nos derniers articles de blog","_links":{"self":[{"href":"https:\/\/www.directimpactsolutions.com\/fr\/wp-json\/wp\/v2\/pages\/4096","targetHints":{"allow":["GET"]}}],"collection":[{"href":"https:\/\/www.directimpactsolutions.com\/fr\/wp-json\/wp\/v2\/pages"}],"about":[{"href":"https:\/\/www.directimpactsolutions.com\/fr\/wp-json\/wp\/v2\/types\/page"}],"author":[{"embeddable":true,"href":"https:\/\/www.directimpactsolutions.com\/fr\/wp-json\/wp\/v2\/users\/2"}],"replies":[{"embeddable":true,"href":"https:\/\/www.directimpactsolutions.com\/fr\/wp-json\/wp\/v2\/comments?post=4096"}],"version-history":[{"count":75,"href":"https:\/\/www.directimpactsolutions.com\/fr\/wp-json\/wp\/v2\/pages\/4096\/revisions"}],"predecessor-version":[{"id":20423,"href":"https:\/\/www.directimpactsolutions.com\/fr\/wp-json\/wp\/v2\/pages\/4096\/revisions\/20423"}],"wp:attachment":[{"href":"https:\/\/www.directimpactsolutions.com\/fr\/wp-json\/wp\/v2\/media?parent=4096"}],"curies":[{"name":"wp","href":"https:\/\/api.w.org\/{rel}","templated":true}]}}