{"id":4943,"date":"2021-11-29T15:26:59","date_gmt":"2021-11-29T15:26:59","guid":{"rendered":"https:\/\/www.directimpactsolutions.com\/?page_id=4943"},"modified":"2024-08-06T01:32:15","modified_gmt":"2024-08-06T01:32:15","slug":"acquisitions","status":"publish","type":"page","link":"https:\/\/www.directimpactsolutions.com\/fr\/acquisitions\/","title":{"rendered":"Nouvelles sur nos acquisitions"},"content":{"rendered":"<div class=\"wp-block-uagb-container uagb-block-8425d739 alignfull uagb-is-root-container\"><div class=\"uagb-container__shape uagb-container__shape-bottom uagb-container__invert\" data-negative=\"false\"><svg xmlns=\"https:\/\/www.w3.org\/2000\/svg\" viewBox=\"0 0 1000 100\" preserveAspectRatio=\"none\"><path class=\"uagb-container__shape-fill\" d=\"M500,98.9L0,6.1V0h1000v6.1L500,98.9z\"><\/path><\/svg><\/div><div class=\"uagb-container-inner-blocks-wrap\"><div style=\"height:20px\" aria-hidden=\"true\" class=\"wp-block-spacer\"><\/div>\n\n<h1 class=\"wp-block-heading has-ast-global-color-1-color has-text-color\" style=\"font-style:normal;font-weight:400\">Strat\u00e9gies d&rsquo;acquisition d&rsquo;entreprise pour un avenir prosp\u00e8re<\/h1>\n\n<p class=\"has-ast-global-color-1-color has-text-color\">Lisez sur nos fusions et acquisitions, nos nouveaux partenaires et plus encore.<\/p>\n\n<div style=\"height:40px\" aria-hidden=\"true\" class=\"wp-block-spacer\"><\/div><\/div><\/div><div style=\"height:80px\" aria-hidden=\"true\" class=\"wp-block-spacer\"><\/div><p>Les fusions et acquisitions sont un \u00e9l\u00e9ment cl\u00e9 de notre strat\u00e9gie de croissance. Apprenez-en plus sur nos nouveaux partenaires, technologies et emplacements. Pour en savoir plus sur notre strat\u00e9gie et notre philosophie en mati\u00e8re de fusions et acquisitions, <a href=\"https:\/\/www.directimpactsolutions.com\/fr\/fusions-et-acquisitions\/\">cliquez ici<\/a>.<\/p><div style=\"height:40px\" aria-hidden=\"true\" class=\"wp-block-spacer\"><\/div><h2 class=\"wp-block-heading\" style=\"font-style:normal;font-weight:400\">Nouvelles sur nos fusions et acquisitions<\/h2><div class=\"wp-block-uagb-post-carousel uagb-post-grid  uagb-post__image-position-top uagb-post__image-enabled uagb-block-b8ea7097     uagb-post__arrow-outside uagb-slick-carousel uagb-post__items uagb-post__columns-3 is-carousel uagb-post__columns-tablet-2 uagb-post__columns-mobile-1\" data-total=\"2\" style=\"\">\n\n\t\t\t\t\t\t\t\t\t\t\t\t<article class=\"uagb-post__inner-wrap\">\t\t\t\t\t\t\t\t<div class='uagb-post__image'>\n\t\t\t\t\t\t\t\t\t<a href=\"https:\/\/www.directimpactsolutions.com\/fr\/annonce-dun-partenariat-strategique-direct-impact-solutions-et-eudonet\/\" target=\"_self\" rel=\"bookmark noopener noreferrer\"><img loading=\"lazy\" decoding=\"async\" width=\"1024\" height=\"576\" src=\"https:\/\/www.directimpactsolutions.com\/wp-content\/uploads\/2025\/02\/DIS-x-Eudonet_FR-1-1024x576.jpg\" class=\"attachment-large size-large\" alt=\"\" srcset=\"https:\/\/www.directimpactsolutions.com\/wp-content\/uploads\/2025\/02\/DIS-x-Eudonet_FR-1-1024x576.jpg 1024w, https:\/\/www.directimpactsolutions.com\/wp-content\/uploads\/2025\/02\/DIS-x-Eudonet_FR-1-300x169.jpg 300w, https:\/\/www.directimpactsolutions.com\/wp-content\/uploads\/2025\/02\/DIS-x-Eudonet_FR-1-768x432.jpg 768w, https:\/\/www.directimpactsolutions.com\/wp-content\/uploads\/2025\/02\/DIS-x-Eudonet_FR-1-1536x864.jpg 1536w, https:\/\/www.directimpactsolutions.com\/wp-content\/uploads\/2025\/02\/DIS-x-Eudonet_FR-1-600x338.jpg 600w, https:\/\/www.directimpactsolutions.com\/wp-content\/uploads\/2025\/02\/DIS-x-Eudonet_FR-1.jpg 2000w\" sizes=\"auto, (max-width: 1024px) 100vw, 1024px\" \/>\t\t\t\t\t<\/a>\n\t\t\t\t\t\t\t\t\t<\/div>\n\t\t\t\t\t\t<h4 class=\"uagb-post__title uagb-post__text\">\n\t\t\t\t<a href=\"https:\/\/www.directimpactsolutions.com\/fr\/annonce-dun-partenariat-strategique-direct-impact-solutions-et-eudonet\/\" target=\"_self\" rel=\"bookmark noopener noreferrer\">Annonce d\u2019un partenariat strat\u00e9gique : Direct Impact Solutions et Eudonet<\/a>\n\t\t\t<\/h4>\n\t\t\t\t\t\t<div class='uagb-post__text uagb-post-grid-byline'>\n\t\t\t\t\t\t\t\t<time datetime=\"2025-02-27T01:27:41+00:00\" class=\"uagb-post__date\">\n\t\t\t\t<span class=\"dashicons-calendar dashicons\"><\/span>\t\t\t\t\t27 f\u00e9vrier 2025\t\t\t\t<\/time>\n\t\t\t\t\t\t\t<span class=\"uagb-post__comment\">\n\t\t\t\t<span class=\"dashicons-admin-comments dashicons\"><\/span>\t\t\t\t\tAucun commentaire\t\t\t\t<\/span>\n\t\t\t\t\t\t<\/div>\n\t\t\t\t\t\t\t<div class='uagb-post__text uagb-post__excerpt'>\n\t\t\t\t\t<p>Direct Impact Solutions est fier d\u2019annoncer un nouveau partenariat strat\u00e9gique avec Eudonet, un leader des&#8230;\t\t\t\t<\/div>\n\t\t\t\t\t\t<div class=\"uagb-post__text uagb-post__cta wp-block-button\">\n\t\t\t\t<a class=\"wp-block-button__link uagb-text-link\" style=\"\" href=\"https:\/\/www.directimpactsolutions.com\/fr\/annonce-dun-partenariat-strategique-direct-impact-solutions-et-eudonet\/\" target=\"_self\" rel=\"bookmark noopener noreferrer\">Lire la suite<\/a>\n\t\t\t<\/div>\n\t\t\t\n\t\t\t\t\t\t\t\t\t<\/article>\n\t\t\t\t\t\t\t\t\t\t\t\t\t\t\t\t<article class=\"uagb-post__inner-wrap\">\t\t\t\t\t\t\t\t<div class='uagb-post__image'>\n\t\t\t\t\t\t\t\t\t<a href=\"https:\/\/www.directimpactsolutions.com\/fr\/proteger-les-donnees-personnelles\/\" target=\"_self\" rel=\"bookmark noopener noreferrer\"><img loading=\"lazy\" decoding=\"async\" width=\"1024\" height=\"683\" src=\"https:\/\/www.directimpactsolutions.com\/wp-content\/uploads\/2023\/09\/iStock-1399862302-min-1024x683.jpg\" class=\"attachment-large size-large\" alt=\"\" srcset=\"https:\/\/www.directimpactsolutions.com\/wp-content\/uploads\/2023\/09\/iStock-1399862302-min-1024x683.jpg 1024w, https:\/\/www.directimpactsolutions.com\/wp-content\/uploads\/2023\/09\/iStock-1399862302-min-300x200.jpg 300w, https:\/\/www.directimpactsolutions.com\/wp-content\/uploads\/2023\/09\/iStock-1399862302-min-768x512.jpg 768w, https:\/\/www.directimpactsolutions.com\/wp-content\/uploads\/2023\/09\/iStock-1399862302-min-1536x1024.jpg 1536w, https:\/\/www.directimpactsolutions.com\/wp-content\/uploads\/2023\/09\/iStock-1399862302-min-2048x1365.jpg 2048w, https:\/\/www.directimpactsolutions.com\/wp-content\/uploads\/2023\/09\/iStock-1399862302-min-600x400.jpg 600w\" sizes=\"auto, (max-width: 1024px) 100vw, 1024px\" \/>\t\t\t\t\t<\/a>\n\t\t\t\t\t\t\t\t\t<\/div>\n\t\t\t\t\t\t<h4 class=\"uagb-post__title uagb-post__text\">\n\t\t\t\t<a href=\"https:\/\/www.directimpactsolutions.com\/fr\/proteger-les-donnees-personnelles\/\" target=\"_self\" rel=\"bookmark noopener noreferrer\">Prot\u00e9ger les donn\u00e9es personnelles, enjeux et opportunit\u00e9 !<\/a>\n\t\t\t<\/h4>\n\t\t\t\t\t\t<div class='uagb-post__text uagb-post-grid-byline'>\n\t\t\t\t\t\t\t\t<time datetime=\"2023-09-08T23:51:51+00:00\" class=\"uagb-post__date\">\n\t\t\t\t<span class=\"dashicons-calendar dashicons\"><\/span>\t\t\t\t\t8 septembre 2023\t\t\t\t<\/time>\n\t\t\t\t\t\t\t<span class=\"uagb-post__comment\">\n\t\t\t\t<span class=\"dashicons-admin-comments dashicons\"><\/span>\t\t\t\t\tAucun commentaire\t\t\t\t<\/span>\n\t\t\t\t\t\t<\/div>\n\t\t\t\t\t\t\t<div class='uagb-post__text uagb-post__excerpt'>\n\t\t\t\t\t<p>Que ce soit au Qu\u00e9bec ou au sein de l\u2019Union Europ\u00e9enne (UE), respecter les l\u00e9gislations&#8230;\t\t\t\t<\/div>\n\t\t\t\t\t\t<div class=\"uagb-post__text uagb-post__cta wp-block-button\">\n\t\t\t\t<a class=\"wp-block-button__link uagb-text-link\" style=\"\" href=\"https:\/\/www.directimpactsolutions.com\/fr\/proteger-les-donnees-personnelles\/\" target=\"_self\" rel=\"bookmark noopener noreferrer\">Lire la suite<\/a>\n\t\t\t<\/div>\n\t\t\t\n\t\t\t\t\t\t\t\t\t<\/article>\n\t\t\t\t\t\t\t\t\t\t\t\t\t\t\t\t<article class=\"uagb-post__inner-wrap\">\t\t\t\t\t\t\t\t<div class='uagb-post__image'>\n\t\t\t\t\t\t\t\t\t<a href=\"https:\/\/www.directimpactsolutions.com\/fr\/la-transformation-numerique-pour-les-fusions-et-les-acquisitions\/\" target=\"_self\" rel=\"bookmark noopener noreferrer\"><img loading=\"lazy\" decoding=\"async\" width=\"1024\" height=\"681\" src=\"https:\/\/www.directimpactsolutions.com\/wp-content\/uploads\/2023\/08\/iStock-1434650077-1024x681.jpg\" class=\"attachment-large size-large\" alt=\"\" srcset=\"https:\/\/www.directimpactsolutions.com\/wp-content\/uploads\/2023\/08\/iStock-1434650077-1024x681.jpg 1024w, https:\/\/www.directimpactsolutions.com\/wp-content\/uploads\/2023\/08\/iStock-1434650077-300x200.jpg 300w, https:\/\/www.directimpactsolutions.com\/wp-content\/uploads\/2023\/08\/iStock-1434650077-768x511.jpg 768w, https:\/\/www.directimpactsolutions.com\/wp-content\/uploads\/2023\/08\/iStock-1434650077-1536x1022.jpg 1536w, https:\/\/www.directimpactsolutions.com\/wp-content\/uploads\/2023\/08\/iStock-1434650077-2048x1363.jpg 2048w, https:\/\/www.directimpactsolutions.com\/wp-content\/uploads\/2023\/08\/iStock-1434650077-600x399.jpg 600w\" sizes=\"auto, (max-width: 1024px) 100vw, 1024px\" \/>\t\t\t\t\t<\/a>\n\t\t\t\t\t\t\t\t\t<\/div>\n\t\t\t\t\t\t<h4 class=\"uagb-post__title uagb-post__text\">\n\t\t\t\t<a href=\"https:\/\/www.directimpactsolutions.com\/fr\/la-transformation-numerique-pour-les-fusions-et-les-acquisitions\/\" target=\"_self\" rel=\"bookmark noopener noreferrer\">La transformation num\u00e9rique pour les fusions et les acquisitions<\/a>\n\t\t\t<\/h4>\n\t\t\t\t\t\t<div class='uagb-post__text uagb-post-grid-byline'>\n\t\t\t\t\t\t\t\t<time datetime=\"2023-08-10T18:30:11+00:00\" class=\"uagb-post__date\">\n\t\t\t\t<span class=\"dashicons-calendar dashicons\"><\/span>\t\t\t\t\t10 ao\u00fbt 2023\t\t\t\t<\/time>\n\t\t\t\t\t\t\t<span class=\"uagb-post__comment\">\n\t\t\t\t<span class=\"dashicons-admin-comments dashicons\"><\/span>\t\t\t\t\tAucun commentaire\t\t\t\t<\/span>\n\t\t\t\t\t\t<\/div>\n\t\t\t\t\t\t\t<div class='uagb-post__text uagb-post__excerpt'>\n\t\t\t\t\t<p>Le r\u00f4le cl\u00e9 de la transformation num\u00e9rique dans les fusions et acquisitions Les fusions et&#8230;\t\t\t\t<\/div>\n\t\t\t\t\t\t<div class=\"uagb-post__text uagb-post__cta wp-block-button\">\n\t\t\t\t<a class=\"wp-block-button__link uagb-text-link\" style=\"\" href=\"https:\/\/www.directimpactsolutions.com\/fr\/la-transformation-numerique-pour-les-fusions-et-les-acquisitions\/\" target=\"_self\" rel=\"bookmark noopener noreferrer\">Lire la suite<\/a>\n\t\t\t<\/div>\n\t\t\t\n\t\t\t\t\t\t\t\t\t<\/article>\n\t\t\t\t\t\t\t\t\t\t\t\t\t\t\t\t<article class=\"uagb-post__inner-wrap\">\t\t\t\t\t\t\t\t<div class='uagb-post__image'>\n\t\t\t\t\t\t\t\t\t<a href=\"https:\/\/www.directimpactsolutions.com\/fr\/dis-sinapsi\/\" target=\"_self\" rel=\"bookmark noopener noreferrer\"><img loading=\"lazy\" decoding=\"async\" width=\"1024\" height=\"704\" src=\"https:\/\/www.directimpactsolutions.com\/wp-content\/uploads\/2023\/03\/DIS-x-Sinapsi-1-1024x704.jpg\" class=\"attachment-large size-large\" alt=\"\" srcset=\"https:\/\/www.directimpactsolutions.com\/wp-content\/uploads\/2023\/03\/DIS-x-Sinapsi-1-1024x704.jpg 1024w, https:\/\/www.directimpactsolutions.com\/wp-content\/uploads\/2023\/03\/DIS-x-Sinapsi-1-300x206.jpg 300w, https:\/\/www.directimpactsolutions.com\/wp-content\/uploads\/2023\/03\/DIS-x-Sinapsi-1-768x528.jpg 768w, https:\/\/www.directimpactsolutions.com\/wp-content\/uploads\/2023\/03\/DIS-x-Sinapsi-1-1536x1056.jpg 1536w, https:\/\/www.directimpactsolutions.com\/wp-content\/uploads\/2023\/03\/DIS-x-Sinapsi-1-2048x1408.jpg 2048w, https:\/\/www.directimpactsolutions.com\/wp-content\/uploads\/2023\/03\/DIS-x-Sinapsi-1-600x413.jpg 600w\" sizes=\"auto, (max-width: 1024px) 100vw, 1024px\" \/>\t\t\t\t\t<\/a>\n\t\t\t\t\t\t\t\t\t<\/div>\n\t\t\t\t\t\t<h4 class=\"uagb-post__title uagb-post__text\">\n\t\t\t\t<a href=\"https:\/\/www.directimpactsolutions.com\/fr\/dis-sinapsi\/\" target=\"_self\" rel=\"bookmark noopener noreferrer\">Annonce d\u2019un partenariat strat\u00e9gique : Direct Impact Solutions et sinapsi@work<\/a>\n\t\t\t<\/h4>\n\t\t\t\t\t\t<div class='uagb-post__text uagb-post-grid-byline'>\n\t\t\t\t\t\t\t\t<time datetime=\"2023-04-21T06:00:00+00:00\" class=\"uagb-post__date\">\n\t\t\t\t<span class=\"dashicons-calendar dashicons\"><\/span>\t\t\t\t\t21 avril 2023\t\t\t\t<\/time>\n\t\t\t\t\t\t\t<span class=\"uagb-post__comment\">\n\t\t\t\t<span class=\"dashicons-admin-comments dashicons\"><\/span>\t\t\t\t\tAucun commentaire\t\t\t\t<\/span>\n\t\t\t\t\t\t<\/div>\n\t\t\t\t\t\t\t<div class='uagb-post__text uagb-post__excerpt'>\n\t\t\t\t\t<p>\u00c0 compter du 21 avril 2023, Direct Impact Solutions c\u00e9l\u00e8bre un nouveau partenariat strat\u00e9gique avec&#8230;\t\t\t\t<\/div>\n\t\t\t\t\t\t<div class=\"uagb-post__text uagb-post__cta wp-block-button\">\n\t\t\t\t<a class=\"wp-block-button__link uagb-text-link\" style=\"\" href=\"https:\/\/www.directimpactsolutions.com\/fr\/dis-sinapsi\/\" target=\"_self\" rel=\"bookmark noopener noreferrer\">Lire la suite<\/a>\n\t\t\t<\/div>\n\t\t\t\n\t\t\t\t\t\t\t\t\t<\/article>\n\t\t\t\t\t\t\t\t\t\t\t\t\t\t\t\t<article class=\"uagb-post__inner-wrap\">\t\t\t\t\t\t\t\t<div class='uagb-post__image'>\n\t\t\t\t\t\t\t\t\t<a href=\"https:\/\/www.directimpactsolutions.com\/fr\/joindre-au-groupe-dis\/\" target=\"_self\" rel=\"bookmark noopener noreferrer\"><img loading=\"lazy\" decoding=\"async\" width=\"1024\" height=\"605\" src=\"https:\/\/www.directimpactsolutions.com\/wp-content\/uploads\/2022\/03\/DIS_teams-bg-porte-1-1024x605.jpg\" class=\"attachment-large size-large\" alt=\"joindre au groupe DIS\" srcset=\"https:\/\/www.directimpactsolutions.com\/wp-content\/uploads\/2022\/03\/DIS_teams-bg-porte-1-1024x605.jpg 1024w, https:\/\/www.directimpactsolutions.com\/wp-content\/uploads\/2022\/03\/DIS_teams-bg-porte-1-300x177.jpg 300w, https:\/\/www.directimpactsolutions.com\/wp-content\/uploads\/2022\/03\/DIS_teams-bg-porte-1-768x454.jpg 768w, https:\/\/www.directimpactsolutions.com\/wp-content\/uploads\/2022\/03\/DIS_teams-bg-porte-1-1080x638.jpg 1080w, https:\/\/www.directimpactsolutions.com\/wp-content\/uploads\/2022\/03\/DIS_teams-bg-porte-1-980x579.jpg 980w, https:\/\/www.directimpactsolutions.com\/wp-content\/uploads\/2022\/03\/DIS_teams-bg-porte-1-480x284.jpg 480w, https:\/\/www.directimpactsolutions.com\/wp-content\/uploads\/2022\/03\/DIS_teams-bg-porte-1.jpg 1256w\" sizes=\"auto, (max-width: 1024px) 100vw, 1024px\" \/>\t\t\t\t\t<\/a>\n\t\t\t\t\t\t\t\t\t<\/div>\n\t\t\t\t\t\t<h4 class=\"uagb-post__title uagb-post__text\">\n\t\t\t\t<a href=\"https:\/\/www.directimpactsolutions.com\/fr\/joindre-au-groupe-dis\/\" target=\"_self\" rel=\"bookmark noopener noreferrer\">Comment vendre une entreprise technologique rapidement et facilement<\/a>\n\t\t\t<\/h4>\n\t\t\t\t\t\t<div class='uagb-post__text uagb-post-grid-byline'>\n\t\t\t\t\t\t\t\t<time datetime=\"2022-03-31T20:34:10+00:00\" class=\"uagb-post__date\">\n\t\t\t\t<span class=\"dashicons-calendar dashicons\"><\/span>\t\t\t\t\t31 mars 2022\t\t\t\t<\/time>\n\t\t\t\t\t\t\t<span class=\"uagb-post__comment\">\n\t\t\t\t<span class=\"dashicons-admin-comments dashicons\"><\/span>\t\t\t\t\tAucun commentaire\t\t\t\t<\/span>\n\t\t\t\t\t\t<\/div>\n\t\t\t\t\t\t\t<div class='uagb-post__text uagb-post__excerpt'>\n\t\t\t\t\tNous avons discut\u00e9 avec l&rsquo;un des nouveaux membres de notre groupe, Matt Navarre, de la&#8230;\t\t\t\t<\/div>\n\t\t\t\t\t\t<div class=\"uagb-post__text uagb-post__cta wp-block-button\">\n\t\t\t\t<a class=\"wp-block-button__link uagb-text-link\" style=\"\" href=\"https:\/\/www.directimpactsolutions.com\/fr\/joindre-au-groupe-dis\/\" target=\"_self\" rel=\"bookmark noopener noreferrer\">Lire la suite<\/a>\n\t\t\t<\/div>\n\t\t\t\n\t\t\t\t\t\t\t\t\t<\/article>\n\t\t\t\t\t\t\t\t\t\t\t\t\t\t\t\t<article class=\"uagb-post__inner-wrap\">\t\t\t\t\t\t\t\t<div class='uagb-post__image'>\n\t\t\t\t\t\t\t\t\t<a href=\"https:\/\/www.directimpactsolutions.com\/fr\/direct-impact-solutions-aux-etats-unis\/\" target=\"_self\" rel=\"bookmark noopener noreferrer\"><img loading=\"lazy\" decoding=\"async\" width=\"1000\" height=\"586\" src=\"https:\/\/www.directimpactsolutions.com\/wp-content\/uploads\/2021\/02\/aw-dis-fr-white.jpg\" class=\"attachment-large size-large\" alt=\"AppWorks\" srcset=\"https:\/\/www.directimpactsolutions.com\/wp-content\/uploads\/2021\/02\/aw-dis-fr-white.jpg 1000w, https:\/\/www.directimpactsolutions.com\/wp-content\/uploads\/2021\/02\/aw-dis-fr-white-300x176.jpg 300w, https:\/\/www.directimpactsolutions.com\/wp-content\/uploads\/2021\/02\/aw-dis-fr-white-768x450.jpg 768w, https:\/\/www.directimpactsolutions.com\/wp-content\/uploads\/2021\/02\/aw-dis-fr-white-980x574.jpg 980w, https:\/\/www.directimpactsolutions.com\/wp-content\/uploads\/2021\/02\/aw-dis-fr-white-480x281.jpg 480w\" sizes=\"auto, (max-width: 1000px) 100vw, 1000px\" \/>\t\t\t\t\t<\/a>\n\t\t\t\t\t\t\t\t\t<\/div>\n\t\t\t\t\t\t<h4 class=\"uagb-post__title uagb-post__text\">\n\t\t\t\t<a href=\"https:\/\/www.directimpactsolutions.com\/fr\/direct-impact-solutions-aux-etats-unis\/\" target=\"_self\" rel=\"bookmark noopener noreferrer\">L\u2019expansion aux \u00c9tats-Unis forme Direct Impact Solutions USA Inc.<\/a>\n\t\t\t<\/h4>\n\t\t\t\t\t\t<div class='uagb-post__text uagb-post-grid-byline'>\n\t\t\t\t\t\t\t\t<time datetime=\"2021-02-01T18:55:00+00:00\" class=\"uagb-post__date\">\n\t\t\t\t<span class=\"dashicons-calendar dashicons\"><\/span>\t\t\t\t\t1 f\u00e9vrier 2021\t\t\t\t<\/time>\n\t\t\t\t\t\t\t<span class=\"uagb-post__comment\">\n\t\t\t\t<span class=\"dashicons-admin-comments dashicons\"><\/span>\t\t\t\t\tAucun commentaire\t\t\t\t<\/span>\n\t\t\t\t\t\t<\/div>\n\t\t\t\t\t\t\t<div class='uagb-post__text uagb-post__excerpt'>\n\t\t\t\t\t<p>LAVAL, QC, CANADA, \u2014 Lundi 1er f\u00e9vrier 2021 \u2014 Direct Impact Solutions, un chef de&#8230;\t\t\t\t<\/div>\n\t\t\t\t\t\t<div class=\"uagb-post__text uagb-post__cta wp-block-button\">\n\t\t\t\t<a class=\"wp-block-button__link uagb-text-link\" style=\"\" href=\"https:\/\/www.directimpactsolutions.com\/fr\/direct-impact-solutions-aux-etats-unis\/\" target=\"_self\" rel=\"bookmark noopener noreferrer\">Lire la suite<\/a>\n\t\t\t<\/div>\n\t\t\t\n\t\t\t\t\t\t\t\t\t<\/article>\n\t\t\t\t\t\t\t\t\t\t\t<\/div>","protected":false},"excerpt":{"rendered":"<p>Strat\u00e9gies d&rsquo;acquisition d&rsquo;entreprise pour un avenir prosp\u00e8re Lisez sur nos fusions et acquisitions, nos nouveaux partenaires et plus encore. Les fusions et acquisitions sont un \u00e9l\u00e9ment cl\u00e9 de notre strat\u00e9gie de croissance. Apprenez-en plus sur nos nouveaux partenaires, technologies et emplacements. Pour en savoir plus sur notre strat\u00e9gie et notre philosophie en mati\u00e8re de fusions &hellip;<\/p>\n<p class=\"read-more\"> <a class=\"\" href=\"https:\/\/www.directimpactsolutions.com\/fr\/acquisitions\/\"> <span class=\"screen-reader-text\">Nouvelles sur nos acquisitions<\/span> Lire la suite >><\/a><\/p>\n","protected":false},"author":1,"featured_media":0,"parent":0,"menu_order":0,"comment_status":"closed","ping_status":"closed","template":"","meta":{"inline_featured_image":false,"_uag_custom_page_level_css":"","site-sidebar-layout":"default","site-content-layout":"","ast-site-content-layout":"default","site-content-style":"default","site-sidebar-style":"default","ast-global-header-display":"","ast-banner-title-visibility":"","ast-main-header-display":"","ast-hfb-above-header-display":"","ast-hfb-below-header-display":"","ast-hfb-mobile-header-display":"","site-post-title":"disabled","ast-breadcrumbs-content":"","ast-featured-img":"","footer-sml-layout":"","theme-transparent-header-meta":"","adv-header-id-meta":"","stick-header-meta":"","header-above-stick-meta":"","header-main-stick-meta":"","header-below-stick-meta":"","astra-migrate-meta-layouts":"","footnotes":""},"class_list":["post-4943","page","type-page","status-publish","hentry"],"uagb_featured_image_src":{"full":false,"thumbnail":false,"medium":false,"medium_large":false,"large":false,"1536x1536":false,"2048x2048":false,"woocommerce_thumbnail":false,"woocommerce_single":false,"woocommerce_gallery_thumbnail":false},"uagb_author_info":{"display_name":"idi","author_link":"https:\/\/www.directimpactsolutions.com\/fr\/author\/idi\/"},"uagb_comment_info":0,"uagb_excerpt":"Strat\u00e9gies d&rsquo;acquisition d&rsquo;entreprise pour un avenir prosp\u00e8re Lisez sur nos fusions et acquisitions, nos nouveaux partenaires et plus encore. Les fusions et acquisitions sont un \u00e9l\u00e9ment cl\u00e9 de notre strat\u00e9gie de croissance. Apprenez-en plus sur nos nouveaux partenaires, technologies et emplacements. Pour en savoir plus sur notre strat\u00e9gie et notre philosophie en mati\u00e8re de fusions\u2026","_links":{"self":[{"href":"https:\/\/www.directimpactsolutions.com\/fr\/wp-json\/wp\/v2\/pages\/4943","targetHints":{"allow":["GET"]}}],"collection":[{"href":"https:\/\/www.directimpactsolutions.com\/fr\/wp-json\/wp\/v2\/pages"}],"about":[{"href":"https:\/\/www.directimpactsolutions.com\/fr\/wp-json\/wp\/v2\/types\/page"}],"author":[{"embeddable":true,"href":"https:\/\/www.directimpactsolutions.com\/fr\/wp-json\/wp\/v2\/users\/1"}],"replies":[{"embeddable":true,"href":"https:\/\/www.directimpactsolutions.com\/fr\/wp-json\/wp\/v2\/comments?post=4943"}],"version-history":[{"count":12,"href":"https:\/\/www.directimpactsolutions.com\/fr\/wp-json\/wp\/v2\/pages\/4943\/revisions"}],"predecessor-version":[{"id":17497,"href":"https:\/\/www.directimpactsolutions.com\/fr\/wp-json\/wp\/v2\/pages\/4943\/revisions\/17497"}],"wp:attachment":[{"href":"https:\/\/www.directimpactsolutions.com\/fr\/wp-json\/wp\/v2\/media?parent=4943"}],"curies":[{"name":"wp","href":"https:\/\/api.w.org\/{rel}","templated":true}]}}