{"id":5273,"date":"2022-01-03T16:52:40","date_gmt":"2022-01-03T16:52:40","guid":{"rendered":"https:\/\/www.directimpactsolutions.com\/?page_id=5273"},"modified":"2024-10-01T03:23:55","modified_gmt":"2024-10-01T03:23:55","slug":"hebergement-filemaker","status":"publish","type":"page","link":"https:\/\/www.directimpactsolutions.com\/fr\/hebergement-filemaker\/","title":{"rendered":"H\u00e9bergement FileMaker"},"content":{"rendered":"<div class=\"wp-block-uagb-container uagb-block-bad695ae alignfull uagb-is-root-container\"><div class=\"uagb-container__shape uagb-container__shape-bottom uagb-container__invert\" data-negative=\"false\"><svg xmlns=\"https:\/\/www.w3.org\/2000\/svg\" viewBox=\"0 0 1000 100\" preserveAspectRatio=\"none\"><path class=\"uagb-container__shape-fill\" d=\"M500,98.9L0,6.1V0h1000v6.1L500,98.9z\"><\/path><\/svg><\/div><div class=\"uagb-container-inner-blocks-wrap\"><div style=\"height:20px\" aria-hidden=\"true\" class=\"wp-block-spacer\"><\/div>\n\n<h1 class=\"wp-block-heading has-ast-global-color-1-color has-text-color\" style=\"font-style:normal;font-weight:400\">H\u00e9bergement de serveur FileMaker<\/h1>\n\n<h2 class=\"wp-block-heading has-ast-global-color-1-color has-text-color\" style=\"font-size:16px\"><a href=\"https:\/\/www.directimpactsolutions.com\/fr\/\">Direct Impact Solutions<\/a> | H\u00e9bergement AWS pour serveur FileMaker<\/h2>\n\n<div style=\"height:40px\" aria-hidden=\"true\" class=\"wp-block-spacer\"><\/div><\/div><\/div><div style=\"height:80px\" aria-hidden=\"true\" class=\"wp-block-spacer\"><\/div><div class=\"wp-block-uagb-advanced-heading uagb-block-8a0a1cd8\"><h2 class=\"uagb-heading-text\">H\u00e9bergement Claris FileMaker<\/h2><\/div><div class=\"wp-block-uagb-container uagb-block-4112502b alignfull uagb-is-root-container\"><div class=\"uagb-container-inner-blocks-wrap\"><div class=\"wp-block-uagb-container uagb-block-1d68194f\"><div class=\"wp-block-uagb-info-box uagb-block-66642a71 uagb-infobox__content-wrap  uagb-infobox-icon-above-title uagb-infobox-image-valign-top\"><div class=\"uagb-ifb-content\"><div class=\"uagb-ifb-icon-wrap\"><svg xmlns=\"https:\/\/www.w3.org\/2000\/svg\" viewbox=\"0 0 512 512\"><path d=\"M416 128c-.625 0-1.125 .25-1.625 .25C415.5 123 416 117.6 416 112c0-44.25-35.75-80-79.1-80c-24.62 0-46.25 11.25-60.1 28.75C256.4 24.75 219.3 0 176 0C114.3 0 64 50.13 64 112c0 7.25 .7512 14.25 2.126 21.25C27.76 145.8 .0054 181.5 .0054 224c0 53 42.1 96 95.1 96h319.1C469 320 512 277 512 224S469 128 416 128zM198.8 353.9c-12.17-5.219-26.3 .4062-31.52 12.59l-47.1 112c-5.219 12.19 .4219 26.31 12.61 31.53C134.1 511.4 138.2 512 141.3 512c9.312 0 18.17-5.438 22.08-14.53l47.1-112C216.6 373.3 210.1 359.2 198.8 353.9zM81.46 353.9c-12.19-5.219-26.3 .4062-31.52 12.59l-47.1 112C-3.276 490.7 2.365 504.8 14.55 510.1C17.63 511.4 20.83 512 23.99 512c9.312 0 18.17-5.438 22.08-14.53l47.1-112C99.29 373.3 93.64 359.2 81.46 353.9zM316.1 353.9c-12.19-5.219-26.3 .4062-31.52 12.59l-47.1 112c-5.219 12.19 .4219 26.31 12.61 31.53C252.3 511.4 255.5 512 258.7 512c9.312 0 18.17-5.438 22.08-14.53l47.1-112C333.1 373.3 328.3 359.2 316.1 353.9zM433.5 353.9c-12.17-5.219-26.28 .4062-31.52 12.59l-47.1 112c-5.219 12.19 .4219 26.31 12.61 31.53C369.6 511.4 372.8 512 375.1 512c9.312 0 18.17-5.438 22.08-14.53l47.1-112C451.3 373.3 445.6 359.2 433.5 353.9z\"><\/path><\/svg><\/div><div class=\"uagb-ifb-title-wrap\"><h3 class=\"uagb-ifb-title\">Solution FileMaker Server pour les entreprises<\/h3><\/div><p class=\"uagb-ifb-desc\">Vous ne savez pas quand et comment mettre \u00e0 jour votre serveur? La migration des donn\u00e9es vous pr\u00e9occupe? Nous accordons une attention particuli\u00e8re \u00e0 chaque nouvelle version de FileMaker et de FileMaker Server, et nous pouvons vous recommander le meilleur moment pour effectuer une mise \u00e0 niveau vers une nouvelle version, le cas \u00e9ch\u00e9ant. Notre objectif est d\u2019\u00e9viter \u00e0 tout prix que vous perdiez des donn\u00e9es et de toujours vous faire profiter des derni\u00e8res fonctionnalit\u00e9s les plus int\u00e9ressantes. En restant \u00e0 jour, vous vous assurez que votre solution demeure admissible au soutien technique offert aux clients de Claris.    <\/p><\/div><\/div><\/div>\n\n<div class=\"wp-block-uagb-container uagb-block-9476922e\"><div class=\"wp-block-uagb-info-box uagb-block-ddf10b4a uagb-infobox__content-wrap  uagb-infobox-icon-above-title uagb-infobox-image-valign-top\"><div class=\"uagb-ifb-content\"><div class=\"uagb-ifb-icon-wrap\"><svg xmlns=\"https:\/\/www.w3.org\/2000\/svg\" viewbox=\"0 0 512 512\"><path d=\"M480 288H32c-17.62 0-32 14.38-32 32v128c0 17.62 14.38 32 32 32h448c17.62 0 32-14.38 32-32v-128C512 302.4 497.6 288 480 288zM352 408c-13.25 0-24-10.75-24-24s10.75-24 24-24s24 10.75 24 24S365.3 408 352 408zM416 408c-13.25 0-24-10.75-24-24s10.75-24 24-24s24 10.75 24 24S429.3 408 416 408zM480 32H32C14.38 32 0 46.38 0 64v128c0 17.62 14.38 32 32 32h448c17.62 0 32-14.38 32-32V64C512 46.38 497.6 32 480 32zM352 152c-13.25 0-24-10.75-24-24S338.8 104 352 104S376 114.8 376 128S365.3 152 352 152zM416 152c-13.25 0-24-10.75-24-24S402.8 104 416 104S440 114.8 440 128S429.3 152 416 152z\"><\/path><\/svg><\/div><div class=\"uagb-ifb-title-wrap\"><h3 class=\"uagb-ifb-title\">FileMaker permet l\u2019h\u00e9bergement infonuagique<\/h3><\/div><p class=\"uagb-ifb-desc\">Gr\u00e2ce aux solutions h\u00e9berg\u00e9es dans le nuage, vos utilisateurs peuvent se connecter \u00e0 votre solution FileMaker de partout : il suffit d\u2019avoir acc\u00e8s \u00e0 Internet. Les employ\u00e9s ont ainsi la possibilit\u00e9 d\u2019acc\u00e9der aux solutions FileMaker \u00e0 distance. Vous n\u2019avez donc plus \u00e0 vous soucier des catastrophes naturelles susceptibles de compromettre les donn\u00e9es. Les serveurs sur site sont expos\u00e9s aux pertes de donn\u00e9es en cas d\u2019incendie, d\u2019inondation, de tremblement de terre, de vol, etc. Les serveurs h\u00e9berg\u00e9s dans le nuage et les sauvegardes externes qui s\u2019y rattachent sont plus <a href=\"https:\/\/www.directimpactsolutions.com\/fr\/vulnerabilite-de-linux-filemaker\/\">s\u00fbrs et plus pratiques<\/a>.    <\/p><\/div><\/div><\/div>\n\n<div class=\"wp-block-uagb-container uagb-block-8d1b323d\"><div class=\"wp-block-uagb-info-box uagb-block-2c7e4476 uagb-infobox__content-wrap  uagb-infobox-icon-above-title uagb-infobox-image-valign-top\"><div class=\"uagb-ifb-content\"><div class=\"uagb-ifb-icon-wrap\"><svg xmlns=\"https:\/\/www.w3.org\/2000\/svg\" viewbox=\"0 0 576 512\"><path d=\"M171.7 191.1H404.3L322.7 35.07C316.6 23.31 321.2 8.821 332.9 2.706C344.7-3.409 359.2 1.167 365.3 12.93L458.4 191.1H544C561.7 191.1 576 206.3 576 223.1C576 241.7 561.7 255.1 544 255.1L492.1 463.5C484.1 492 459.4 512 430 512H145.1C116.6 512 91 492 83.88 463.5L32 255.1C14.33 255.1 0 241.7 0 223.1C0 206.3 14.33 191.1 32 191.1H117.6L210.7 12.93C216.8 1.167 231.3-3.409 243.1 2.706C254.8 8.821 259.4 23.31 253.3 35.07L171.7 191.1zM191.1 303.1C191.1 295.1 184.8 287.1 175.1 287.1C167.2 287.1 159.1 295.1 159.1 303.1V399.1C159.1 408.8 167.2 415.1 175.1 415.1C184.8 415.1 191.1 408.8 191.1 399.1V303.1zM271.1 303.1V399.1C271.1 408.8 279.2 415.1 287.1 415.1C296.8 415.1 304 408.8 304 399.1V303.1C304 295.1 296.8 287.1 287.1 287.1C279.2 287.1 271.1 295.1 271.1 303.1zM416 303.1C416 295.1 408.8 287.1 400 287.1C391.2 287.1 384 295.1 384 303.1V399.1C384 408.8 391.2 415.1 400 415.1C408.8 415.1 416 408.8 416 399.1V303.1z\"><\/path><\/svg><\/div><div class=\"uagb-ifb-title-wrap\"><h3 class=\"uagb-ifb-title\">Notre solution d&rsquo;h\u00e9bergement FileMaker<\/h3><\/div><p class=\"uagb-ifb-desc\">Nous proposons diff\u00e9rents espaces disques sur serveurs d\u00e9di\u00e9s ainsi que des fonctionnalit\u00e9s flexibles pour r\u00e9pondre aux besoins uniques de nos clients. Tous nos serveurs sont h\u00e9berg\u00e9s sur AWS, et profitent de la grande fiabilit\u00e9 et de la s\u00e9curit\u00e9 \u00e9prouv\u00e9e offertes par l\u2019infrastructure du g\u00e9ant. Tous nos plans d\u2019h\u00e9bergement incluent des sauvegardes externes, des certificats SSL et des mises \u00e0 jour de s\u00e9curit\u00e9.  <\/p><\/div><\/div><\/div><\/div><\/div><div style=\"height:80px\" aria-hidden=\"true\" class=\"wp-block-spacer\"><\/div><h2 class=\"wp-block-heading\">Qu&rsquo;est-ce qui est inclus dans notre h\u00e9bergement FileMaker ?<\/h2><figure class=\"wp-block-table\"><table><tbody><tr><td><strong>H\u00c9BERGEMENT FILEMAKER*<\/strong><\/td><td><strong>Medium<\/strong><\/td><td><strong>Large<\/strong><\/td><td><strong>XLarge<\/strong><\/td><td><strong>2XLarge<\/strong><\/td><\/tr><tr><td>Nombre d\u2019utilisateurs FM<\/td><td>1 \u00e0 5<\/td><td>1 \u00e0 24<\/td><td>25 \u00e0 49<\/td><td>50 \u00e0 99<\/td><\/tr><tr><td>Connexions FM Pro<\/td><td><strong>\u2713<\/strong><\/td><td><strong>\u2713<\/strong><\/td><td><strong>\u2713<\/strong><\/td><td><strong>\u2713<\/strong><\/td><\/tr><tr><td>Connexions FM Go<\/td><td><strong>\u2713<\/strong><\/td><td><strong>\u2713<\/strong><\/td><td><strong>\u2713<\/strong><\/td><td><strong>\u2713<\/strong><\/td><\/tr><tr><td>Connexions FM WebDirect<\/td><td><strong>X<\/strong><\/td><td><strong>\u2713<\/strong><\/td><td><strong>\u2713<\/strong><\/td><td><strong>\u2713<\/strong><\/td><\/tr><tr><td>Connexions ODBC\/API<\/td><td><strong>X<\/strong><\/td><td><strong>\u2713<\/strong><\/td><td><strong>\u2713<\/strong><\/td><td><strong>\u2713<\/strong><\/td><\/tr><tr><td>H\u00e9bergement Web<\/td><td><strong>X<\/strong><\/td><td><strong>X<\/strong><\/td><td><strong>\u2713<\/strong><\/td><td><strong>\u2713<\/strong><\/td><\/tr><tr><td><strong>Ressources<\/strong><\/td><td><\/td><td><\/td><td><\/td><td><\/td><\/tr><tr><td>Processeurs<\/td><td>2<\/td><td>2<\/td><td>4<\/td><td>8<\/td><\/tr><tr><td>RAM<\/td><td>4 GB<\/td><td>8 GB<\/td><td>16 GB<\/td><td>32 GB<\/td><\/tr><tr><td>Espace disque SSD<\/td><td>50 GB<\/td><td>500 GB<\/td><td>500 GB<\/td><td>500 GB<\/td><\/tr><tr><td>Vitesse Internet<\/td><td>5 Gbps<\/td><td>10 Gbps<\/td><td>10 Gbps<\/td><td>10 Gbps<\/td><\/tr><tr><td>Trafic mensuel<\/td><td>50 GB<\/td><td>500 GB<\/td><td>500 GB<\/td><td>500 GB<\/td><\/tr><tr><td><strong>Inclusions<\/strong><\/td><td><\/td><td><\/td><td><\/td><td><\/td><\/tr><tr><td>Certificats SSL<\/td><td><strong>\u2713<\/strong><\/td><td><strong>\u2713<\/strong><\/td><td><strong>\u2713<\/strong><\/td><td><strong>\u2713<\/strong><\/td><\/tr><tr><td>Mises \u00e0 jour de s\u00e9curit\u00e9<\/td><td><strong>\u2713<\/strong><\/td><td><strong>\u2713<\/strong><\/td><td><strong>\u2713<\/strong><\/td><td><strong>\u2713<\/strong><\/td><\/tr><tr><td>Sauvegardes externes<\/td><td><strong>\u2713<\/strong><\/td><td><strong>\u2713<\/strong><\/td><td><strong>\u2713<\/strong><\/td><td><strong>\u2713<\/strong><\/td><\/tr><\/tbody><\/table><\/figure><p>*<strong>Nous offrons des options d&rsquo;espace disque et de trafic mensuel suppl\u00e9mentaires pour nos plans Large, XLarge et 2XLarge.<\/strong><\/p><div style=\"height:80px\" aria-hidden=\"true\" class=\"wp-block-spacer\"><\/div><div class=\"wp-block-uagb-container uagb-block-26b3c760 alignfull uagb-is-root-container\"><div class=\"uagb-container-inner-blocks-wrap\"><div class=\"wp-block-uagb-container uagb-block-00d9cce1\"><h4 class=\"wp-block-heading has-ast-global-color-2-color has-text-color\" style=\"margin-top:0;margin-right:0;margin-bottom:0;margin-left:0\">Options d\u2019h\u00e9bergement :<\/h4>\n\n<ul class=\"wp-block-list\"><li>Nombre variable d\u2019utilisateurs de FileMaker<\/li>\n\n<li>Connexions externes<\/li>\n\n<li>H\u00e9bergement Web<\/li>\n\n<li>Processeurs, m\u00e9moire vive, stockage du disque SSD ou espace disque suppl\u00e9mentaires<\/li>\n\n<li>Trafic mensuel \u00e9lev\u00e9<\/li><\/ul>\n\n<h4 class=\"wp-block-heading has-ast-global-color-2-color has-text-color\" style=\"margin-top:0;margin-right:0;margin-bottom:0;margin-left:0\">Conditions g\u00e9n\u00e9rales suppl\u00e9mentaires :<\/h4>\n\n<ul class=\"wp-block-list\"><li>Engagement minimum d\u2019un mois<\/li>\n\n<li>Licences FileMaker requises<\/li>\n\n<li>Les prix sont susceptibles d\u2019\u00eatre modifi\u00e9s sans pr\u00e9avis<\/li>\n\n<li>Disponibilit\u00e9 de l\u2019Europe centrale (UTC +1) au Pacifique (UTC -8)<\/li><\/ul><\/div>\n\n<div class=\"wp-block-uagb-container uagb-block-b7f43fe5\"><div class=\"wp-block-uagb-image uagb-block-caf1f45c wp-block-uagb-image--layout-default wp-block-uagb-image--effect-static wp-block-uagb-image--align-none\"><figure class=\"wp-block-uagb-image__figure\"><img decoding=\"async\" srcset=\"https:\/\/www.directimpactsolutions.com\/wp-content\/uploads\/2022\/01\/hosting-cloud-1.jpg\n \" sizes=\"auto, (max-width: 480px) 150px\" src=\"https:\/\/www.directimpactsolutions.com\/wp-content\/uploads\/2022\/01\/hosting-cloud-1.jpg\" alt=\"cloud hosting\" class=\"uag-image-5304\" width=\"568\" height=\"380\" title=\"\" loading=\"lazy\" role=\"img\"><\/figure><\/div><\/div><\/div><\/div><div style=\"height:100px\" aria-hidden=\"true\" class=\"wp-block-spacer\"><\/div><div class=\"wp-block-uagb-container uagb-block-5e2d6074 alignfull uagb-is-root-container\"><div class=\"uagb-container-inner-blocks-wrap\"><div class=\"wp-block-uagb-container uagb-block-1d2cee25\"><div class=\"wp-block-uagb-image uagb-block-7a193ba1 wp-block-uagb-image--layout-default wp-block-uagb-image--effect-static wp-block-uagb-image--align-none\"><figure class=\"wp-block-uagb-image__figure\"><img decoding=\"async\" srcset=\"https:\/\/www.directimpactsolutions.com\/wp-content\/uploads\/2021\/11\/experts.jpg\n \" sizes=\"auto, (max-width: 480px) 150px\" src=\"https:\/\/www.directimpactsolutions.com\/wp-content\/uploads\/2021\/11\/experts.jpg\" alt=\"\" class=\"uag-image-4629\" width=\"568\" height=\"380\" title=\"\" loading=\"lazy\" role=\"img\"><\/figure><\/div>\n\n<div style=\"height:140px\" aria-hidden=\"true\" class=\"wp-block-spacer\"><\/div><\/div>\n\n<div class=\"wp-block-uagb-container uagb-block-49a8e717\"><div class=\"inherit-container-width wp-block-group is-layout-constrained wp-block-group-is-layout-constrained\"><h3 class=\"wp-block-heading has-text-align-center has-ast-global-color-2-color has-text-color\" style=\"margin-top:0;margin-right:0;margin-bottom:0;margin-left:0\">Choisissez nos services d\u2019h\u00e9bergement pour votre solution FileMaker<\/h3>\n\n<p style=\"margin-top:var(--wp--preset--spacing--20);margin-right:var(--wp--preset--spacing--20);margin-bottom:var(--wp--preset--spacing--20);margin-left:var(--wp--preset--spacing--20)\">Si nos forfaits d\u2019h\u00e9bergement vous int\u00e9ressent, \u00e9crivez-nous. Nous pourrons \u00e9valuer rapidement la taille de vos fichiers, vos besoins en mati\u00e8re de s\u00e9curit\u00e9 et l\u2019utilisation pr\u00e9vue afin d\u2019\u00e9tablir un devis et de tout mettre en \u0153uvre. <\/p>\n\n<div class=\"pipedriveWebForms\" data-pd-webforms=\"https:\/\/webforms.pipedrive.com\/f\/1FQdVZuUW5ZGblQhN7O02M39eaK7jJ48QXNmsa6lHdUmimp4Li3ZgswouDNXoZTLZ\"><script src=\"https:\/\/webforms.pipedrive.com\/f\/loader\"><\/script><\/div><\/div><\/div><\/div><\/div><div style=\"height:80px\" aria-hidden=\"true\" class=\"wp-block-spacer\"><\/div><h2 class=\"wp-block-heading\" style=\"font-style:normal;font-weight:400\">FAQ sur l&rsquo;h\u00e9bergement FileMaker<\/h2><div class=\"wp-block-uagb-faq uagb-faq__outer-wrap uagb-block-2c2e8856 uagb-faq-icon-row uagb-faq-layout-accordion uagb-faq-expand-first-true uagb-faq-inactive-other-true uagb-faq__wrap uagb-buttons-layout-wrap uagb-faq-equal-height     \" data-faqtoggle=\"true\" role=\"tablist\"><div class=\"wp-block-uagb-faq-child uagb-faq-child__outer-wrap uagb-faq-item uagb-block-348bf785 \" role=\"tab\" tabindex=\"0\"><div class=\"uagb-faq-questions-button uagb-faq-questions\">\t\t\t<span class=\"uagb-icon uagb-faq-icon-wrap\">\n\t\t\t\t\t\t\t\t<svg xmlns=\"https:\/\/www.w3.org\/2000\/svg\" viewBox= \"0 0 448 512\"><path d=\"M432 256c0 17.69-14.33 32.01-32 32.01H256v144c0 17.69-14.33 31.99-32 31.99s-32-14.3-32-31.99v-144H48c-17.67 0-32-14.32-32-32.01s14.33-31.99 32-31.99H192v-144c0-17.69 14.33-32.01 32-32.01s32 14.32 32 32.01v144h144C417.7 224 432 238.3 432 256z\"><\/path><\/svg>\n\t\t\t\t\t\t\t<\/span>\n\t\t\t\t\t\t<span class=\"uagb-icon-active uagb-faq-icon-wrap\">\n\t\t\t\t\t\t\t\t<svg xmlns=\"https:\/\/www.w3.org\/2000\/svg\" viewBox= \"0 0 448 512\"><path d=\"M400 288h-352c-17.69 0-32-14.32-32-32.01s14.31-31.99 32-31.99h352c17.69 0 32 14.3 32 31.99S417.7 288 400 288z\"><\/path><\/svg>\n\t\t\t\t\t\t\t<\/span>\n\t\t\t<span class=\"uagb-question\"><strong>What are the key benefits of choosing FileMaker Server Hosting for my business?<\/strong><\/span><\/div><div class=\"uagb-faq-content\"><p>The key benefits of choosing FileMaker Server Hosting for your business include:<br><br><strong>Scalability:<\/strong> FileMaker Server Hosting provides the flexibility to scale your solution as your business grows, allowing you to add more users and resources when needed without investing in expensive hardware.<br><br><strong>Cost-effectiveness:<\/strong> By hosting your FileMaker solution, you can reduce the costs associated with in-house server maintenance, software updates, and IT personnel.<br><br><strong>Remote access:<\/strong> FileMaker Server Hosting enables your team to access your database from anywhere, at any time, using various devices like smartphones, tablets, and computers.<br><br><strong>Enhanced performance:<\/strong> Hosting providers offer powerful servers with high-speed internet connections, ensuring your FileMaker solution runs smoothly and quickly for all users.<br><br><strong>Automatic backups:<\/strong> Your data is securely backed up regularly, protecting you from data loss due to hardware failure or human error.<\/p><\/div><\/div><div class=\"wp-block-uagb-faq-child uagb-faq-child__outer-wrap uagb-faq-item uagb-block-71611b22 \" role=\"tab\" tabindex=\"0\"><div class=\"uagb-faq-questions-button uagb-faq-questions\">\t\t\t<span class=\"uagb-icon uagb-faq-icon-wrap\">\n\t\t\t\t\t\t\t\t<svg xmlns=\"https:\/\/www.w3.org\/2000\/svg\" viewBox= \"0 0 448 512\"><path d=\"M432 256c0 17.69-14.33 32.01-32 32.01H256v144c0 17.69-14.33 31.99-32 31.99s-32-14.3-32-31.99v-144H48c-17.67 0-32-14.32-32-32.01s14.33-31.99 32-31.99H192v-144c0-17.69 14.33-32.01 32-32.01s32 14.32 32 32.01v144h144C417.7 224 432 238.3 432 256z\"><\/path><\/svg>\n\t\t\t\t\t\t\t<\/span>\n\t\t\t\t\t\t<span class=\"uagb-icon-active uagb-faq-icon-wrap\">\n\t\t\t\t\t\t\t\t<svg xmlns=\"https:\/\/www.w3.org\/2000\/svg\" viewBox= \"0 0 448 512\"><path d=\"M400 288h-352c-17.69 0-32-14.32-32-32.01s14.31-31.99 32-31.99h352c17.69 0 32 14.3 32 31.99S417.7 288 400 288z\"><\/path><\/svg>\n\t\t\t\t\t\t\t<\/span>\n\t\t\t<span class=\"uagb-question\"><strong>How does FileMaker Server Hosting ensure the security and reliability of my data?<\/strong><\/span><\/div><div class=\"uagb-faq-content\"><p>FileMaker Server Hosting ensures the security and reliability of your data through the following measures:<br><br><strong>Data encryption:<\/strong> Data transmitted between your users and the server is encrypted using industry-standard protocols like SSL\/TLS, protecting your sensitive information from unauthorized access.<br><br><strong>Secure data centers:<\/strong> Hosting providers house their servers in secure data centers with physical security measures, redundant power supplies, and climate control systems to ensure the servers&rsquo; optimal performance.<br><br><strong>Regular software updates:<\/strong> Hosting providers keep the FileMaker Server software up-to-date with the latest security patches and features, ensuring your data remains protected.<br><br><strong>Firewall protection:<\/strong> Hosting providers implement firewalls to safeguard your data from malicious attacks and unauthorized access.<br><br><strong>Regular backups:<\/strong> Your data is backed up regularly, allowing for quick and easy recovery in case of data loss or corruption.<\/p><\/div><\/div><div class=\"wp-block-uagb-faq-child uagb-faq-child__outer-wrap uagb-faq-item uagb-block-a3d171a4 \" role=\"tab\" tabindex=\"0\"><div class=\"uagb-faq-questions-button uagb-faq-questions\">\t\t\t<span class=\"uagb-icon uagb-faq-icon-wrap\">\n\t\t\t\t\t\t\t\t<svg xmlns=\"https:\/\/www.w3.org\/2000\/svg\" viewBox= \"0 0 448 512\"><path d=\"M432 256c0 17.69-14.33 32.01-32 32.01H256v144c0 17.69-14.33 31.99-32 31.99s-32-14.3-32-31.99v-144H48c-17.67 0-32-14.32-32-32.01s14.33-31.99 32-31.99H192v-144c0-17.69 14.33-32.01 32-32.01s32 14.32 32 32.01v144h144C417.7 224 432 238.3 432 256z\"><\/path><\/svg>\n\t\t\t\t\t\t\t<\/span>\n\t\t\t\t\t\t<span class=\"uagb-icon-active uagb-faq-icon-wrap\">\n\t\t\t\t\t\t\t\t<svg xmlns=\"https:\/\/www.w3.org\/2000\/svg\" viewBox= \"0 0 448 512\"><path d=\"M400 288h-352c-17.69 0-32-14.32-32-32.01s14.31-31.99 32-31.99h352c17.69 0 32 14.3 32 31.99S417.7 288 400 288z\"><\/path><\/svg>\n\t\t\t\t\t\t\t<\/span>\n\t\t\t<span class=\"uagb-question\"><strong>Can I easily migrate my existing FileMaker solution to a FileMaker Server Hosting environment?<\/strong><\/span><\/div><div class=\"uagb-faq-content\"><p>Yes, migrating your existing FileMaker solution to a FileMaker Server Hosting environment is typically straightforward. Most hosting providers offer migration assistance to help you move your files, scripts, and layouts to the hosted server. They can also guide you through any necessary configuration changes to ensure your solution runs smoothly in the new hosting environment. Additionally, many providers offer a trial period, allowing you to test your solution in the hosted environment before committing fully.<\/p><\/div><\/div><\/div><div style=\"height:80px\" aria-hidden=\"true\" class=\"wp-block-spacer\"><\/div>","protected":false},"excerpt":{"rendered":"<p>H\u00e9bergement de serveur FileMaker Direct Impact Solutions | H\u00e9bergement AWS pour serveur FileMaker H\u00e9bergement Claris FileMaker Qu&rsquo;est-ce qui est inclus dans notre h\u00e9bergement FileMaker ? H\u00c9BERGEMENT FILEMAKER* Medium Large XLarge 2XLarge Nombre d\u2019utilisateurs FM 1 \u00e0 5 1 \u00e0 24 25 \u00e0 49 50 \u00e0 99 Connexions FM Pro \u2713 \u2713 \u2713 \u2713 Connexions FM &hellip;<\/p>\n<p class=\"read-more\"> <a class=\"\" href=\"https:\/\/www.directimpactsolutions.com\/fr\/hebergement-filemaker\/\"> <span class=\"screen-reader-text\">H\u00e9bergement FileMaker<\/span> Lire la suite >><\/a><\/p>\n","protected":false},"author":1,"featured_media":0,"parent":0,"menu_order":0,"comment_status":"closed","ping_status":"closed","template":"","meta":{"inline_featured_image":false,"_uag_custom_page_level_css":"","site-sidebar-layout":"default","site-content-layout":"","ast-site-content-layout":"default","site-content-style":"default","site-sidebar-style":"default","ast-global-header-display":"","ast-banner-title-visibility":"","ast-main-header-display":"","ast-hfb-above-header-display":"","ast-hfb-below-header-display":"","ast-hfb-mobile-header-display":"","site-post-title":"disabled","ast-breadcrumbs-content":"","ast-featured-img":"","footer-sml-layout":"","theme-transparent-header-meta":"","adv-header-id-meta":"","stick-header-meta":"","header-above-stick-meta":"","header-main-stick-meta":"","header-below-stick-meta":"","astra-migrate-meta-layouts":"","footnotes":""},"class_list":["post-5273","page","type-page","status-publish","hentry"],"uagb_featured_image_src":{"full":false,"thumbnail":false,"medium":false,"medium_large":false,"large":false,"1536x1536":false,"2048x2048":false,"woocommerce_thumbnail":false,"woocommerce_single":false,"woocommerce_gallery_thumbnail":false},"uagb_author_info":{"display_name":"idi","author_link":"https:\/\/www.directimpactsolutions.com\/fr\/author\/idi\/"},"uagb_comment_info":0,"uagb_excerpt":"H\u00e9bergement de serveur FileMaker Direct Impact Solutions | H\u00e9bergement AWS pour serveur FileMaker H\u00e9bergement Claris FileMaker Qu&rsquo;est-ce qui est inclus dans notre h\u00e9bergement FileMaker ? H\u00c9BERGEMENT FILEMAKER* Medium Large XLarge 2XLarge Nombre d\u2019utilisateurs FM 1 \u00e0 5 1 \u00e0 24 25 \u00e0 49 50 \u00e0 99 Connexions FM Pro \u2713 \u2713 \u2713 \u2713 Connexions FM\u2026","_links":{"self":[{"href":"https:\/\/www.directimpactsolutions.com\/fr\/wp-json\/wp\/v2\/pages\/5273","targetHints":{"allow":["GET"]}}],"collection":[{"href":"https:\/\/www.directimpactsolutions.com\/fr\/wp-json\/wp\/v2\/pages"}],"about":[{"href":"https:\/\/www.directimpactsolutions.com\/fr\/wp-json\/wp\/v2\/types\/page"}],"author":[{"embeddable":true,"href":"https:\/\/www.directimpactsolutions.com\/fr\/wp-json\/wp\/v2\/users\/1"}],"replies":[{"embeddable":true,"href":"https:\/\/www.directimpactsolutions.com\/fr\/wp-json\/wp\/v2\/comments?post=5273"}],"version-history":[{"count":36,"href":"https:\/\/www.directimpactsolutions.com\/fr\/wp-json\/wp\/v2\/pages\/5273\/revisions"}],"predecessor-version":[{"id":18428,"href":"https:\/\/www.directimpactsolutions.com\/fr\/wp-json\/wp\/v2\/pages\/5273\/revisions\/18428"}],"wp:attachment":[{"href":"https:\/\/www.directimpactsolutions.com\/fr\/wp-json\/wp\/v2\/media?parent=5273"}],"curies":[{"name":"wp","href":"https:\/\/api.w.org\/{rel}","templated":true}]}}