{"id":5572,"date":"2022-01-21T19:23:49","date_gmt":"2022-01-21T19:23:49","guid":{"rendered":"https:\/\/www.directimpactsolutions.com\/developpeurs-filemaker\/"},"modified":"2024-10-01T03:16:26","modified_gmt":"2024-10-01T03:16:26","slug":"developpeurs-filemaker","status":"publish","type":"page","link":"https:\/\/www.directimpactsolutions.com\/fr\/developpeurs-filemaker\/","title":{"rendered":"D\u00e9veloppeurs FileMaker"},"content":{"rendered":"<div class=\"wp-block-uagb-container uagb-block-b6ed6dbf alignfull uagb-is-root-container\"><div class=\"uagb-container__shape uagb-container__shape-bottom uagb-container__invert\" data-negative=\"false\"><svg xmlns=\"https:\/\/www.w3.org\/2000\/svg\" viewBox=\"0 0 1000 100\" preserveAspectRatio=\"none\"><path class=\"uagb-container__shape-fill\" d=\"M500,98.9L0,6.1V0h1000v6.1L500,98.9z\"><\/path><\/svg><\/div><div class=\"uagb-container-inner-blocks-wrap\"><div style=\"height:20px\" aria-hidden=\"true\" class=\"wp-block-spacer\"><\/div>\n\n<h1 class=\"wp-block-heading has-ast-global-color-1-color has-text-color\" style=\"font-style:normal;font-weight:400\">D\u00e9veloppeurs FileMaker<\/h1>\n\n<p class=\"has-ast-global-color-1-color has-text-color\" style=\"font-size:16px\">Direct Impact Solutions | D\u00e9veloppeurs Claris FileMaker\u00ae<\/p>\n\n<div style=\"height:40px\" aria-hidden=\"true\" class=\"wp-block-spacer\"><\/div><\/div><\/div><div style=\"height:80px\" aria-hidden=\"true\" class=\"wp-block-spacer\"><\/div><h2 class=\"wp-block-heading has-large-font-size\" style=\"font-style:normal;font-weight:400\">Programmeurs Claris FileMaker<\/h2><div class=\"wp-block-uagb-container uagb-block-df3a19a1 alignfull uagb-is-root-container\"><div class=\"uagb-container-inner-blocks-wrap\"><div class=\"wp-block-uagb-container uagb-block-320ca012\"><div class=\"wp-block-uagb-info-box uagb-block-1594a24b uagb-infobox__content-wrap  uagb-infobox-icon-above-title uagb-infobox-image-valign-top\"><div class=\"uagb-ifb-content\"><div class=\"uagb-ifb-icon-wrap\"><svg xmlns=\"https:\/\/www.w3.org\/2000\/svg\" viewbox=\"0 0 576 512\"><path d=\"M192 312C192 298.8 202.8 288 216 288H384V160H256c-17.67 0-32-14.33-32-32L224 0H48C21.49 0 0 21.49 0 48v416C0 490.5 21.49 512 48 512h288c26.51 0 48-21.49 48-48v-128H216C202.8 336 192 325.3 192 312zM256 0v128h128L256 0zM568.1 295l-80-80c-9.375-9.375-24.56-9.375-33.94 0s-9.375 24.56 0 33.94L494.1 288H384v48h110.1l-39.03 39.03C450.3 379.7 448 385.8 448 392s2.344 12.28 7.031 16.97c9.375 9.375 24.56 9.375 33.94 0l80-80C578.3 319.6 578.3 304.4 568.1 295z\"><\/path><\/svg><\/div><div class=\"uagb-ifb-title-wrap\"><h3 class=\"uagb-ifb-title\">Programmeurs Claris<\/h3><\/div><p class=\"uagb-ifb-desc\">Notre \u00e9quipe talentueuse est compos\u00e9e de programmeurs FileMaker certifi\u00e9s, de sp\u00e9cialistes de l\u2019interface et de l\u2019exp\u00e9rience utilisateur, de charg\u00e9s de projet et de sp\u00e9cialistes en serveurs.<\/p><\/div><\/div><\/div>\n\n<div class=\"wp-block-uagb-container uagb-block-0a2e37fd\"><div class=\"wp-block-uagb-info-box uagb-block-3d22828a uagb-infobox__content-wrap  uagb-infobox-icon-above-title uagb-infobox-image-valign-top\"><div class=\"uagb-ifb-content\"><div class=\"uagb-ifb-icon-wrap\"><svg xmlns=\"https:\/\/www.w3.org\/2000\/svg\" viewbox=\"0 0 512 512\"><path d=\"M512 255.1c0 8.188-3.125 16.41-9.375 22.66l-72 72C424.4 356.9 416.2 360 408 360c-18.28 0-32-14.95-32-32c0-8.188 3.125-16.38 9.375-22.62L402.8 288H288v114.8l17.38-17.38C311.6 379.1 319.8 376 328 376c18.28 0 32 14.95 32 32c0 8.188-3.125 16.38-9.375 22.62l-72 72C272.4 508.9 264.2 512 256 512s-16.38-3.125-22.62-9.375l-72-72C155.1 424.4 152 416.2 152 408c0-17.05 13.73-32 32-32c8.188 0 16.38 3.125 22.62 9.375L224 402.8V288H109.3l17.38 17.38C132.9 311.6 136 319.8 136 328c0 17.05-13.73 32-32 32c-8.188 0-16.38-3.125-22.62-9.375l-72-72C3.125 272.4 0 264.2 0 255.1s3.125-16.34 9.375-22.59l72-72C87.63 155.1 95.81 152 104 152c18.28 0 32 14.95 32 32c0 8.188-3.125 16.38-9.375 22.62L109.3 224H224V109.3L206.6 126.6C200.4 132.9 192.2 136 184 136c-18.28 0-32-14.95-32-32c0-8.188 3.125-16.38 9.375-22.62l72-72C239.6 3.125 247.8 0 256 0s16.38 3.125 22.62 9.375l72 72C356.9 87.63 360 95.81 360 104c0 17.05-13.73 32-32 32c-8.188 0-16.38-3.125-22.62-9.375L288 109.3V224h114.8l-17.38-17.38C379.1 200.4 376 192.2 376 184c0-17.05 13.73-32 32-32c8.188 0 16.38 3.125 22.62 9.375l72 72C508.9 239.6 512 247.8 512 255.1z\"><\/path><\/svg><\/div><div class=\"uagb-ifb-title-wrap\"><h3 class=\"uagb-ifb-title\">M\u00e9thodologie Agile<\/h3><\/div><p class=\"uagb-ifb-desc\">Nous utilisons des m\u00e9thodes de d\u00e9veloppement Agile dans le but d\u2019obtenir rapidement des r\u00e9sultats efficaces pour nos clients. Quand vos besoins \u00e9voluent, nous \u00e9voluons avec vous. <\/p><\/div><\/div><\/div>\n\n<div class=\"wp-block-uagb-container uagb-block-dadb96cb\"><div class=\"wp-block-uagb-info-box uagb-block-80426c72 uagb-infobox__content-wrap  uagb-infobox-icon-above-title uagb-infobox-image-valign-top\"><div class=\"uagb-ifb-content\"><div class=\"uagb-ifb-icon-wrap\"><svg xmlns=\"https:\/\/www.w3.org\/2000\/svg\" viewbox=\"0 0 512 512\"><path d=\"M128 384H352V448H128C92.65 448 64 419.3 64 384V128H32C14.33 128 0 113.7 0 96C0 78.33 14.33 64 32 64H64V32C64 14.33 78.33 0 96 0C113.7 0 128 14.33 128 32V384zM384 128H160V64H384C419.3 64 448 92.65 448 128V384H480C497.7 384 512 398.3 512 416C512 433.7 497.7 448 480 448H448V480C448 497.7 433.7 512 416 512C398.3 512 384 497.7 384 480V128z\"><\/path><\/svg><\/div><div class=\"uagb-ifb-title-wrap\"><h3 class=\"uagb-ifb-title\">D\u00e9veloppeurs Web<\/h3><\/div><p class=\"uagb-ifb-desc\">Vous souhaitez int\u00e9grer votre solution FileMaker \u00e0 une autre technologie? Notre \u00e9quipe Web chevronn\u00e9e peut cr\u00e9er des int\u00e9grations API (interface de programmation d\u2019applications) et des portails Web, entre autres, pour ajouter des fonctionnalit\u00e9s \u00e0 votre solution. <\/p><\/div><\/div><\/div><\/div><\/div><div style=\"height:80px\" aria-hidden=\"true\" class=\"wp-block-spacer\"><\/div><h2 class=\"wp-block-heading has-large-font-size\" style=\"margin-top:0;margin-right:0;margin-bottom:0;margin-left:0;font-style:normal;font-weight:400\">Nous sommes des d\u00e9veloppeurs FileMaker<\/h2><div class=\"wp-block-uagb-container uagb-block-a0ef8afe alignfull uagb-is-root-container\"><div class=\"uagb-container-inner-blocks-wrap\"><div class=\"wp-block-uagb-container uagb-block-f12bcbcd\"><figure class=\"wp-block-image size-large\"><img loading=\"lazy\" decoding=\"async\" width=\"1024\" height=\"719\" src=\"https:\/\/www.directimpactsolutions.com\/wp-content\/uploads\/2023\/03\/Projects_lakeview_desktop-1-1024x719.png\" alt=\"Interface utilisateur FileMaker\" class=\"wp-image-10548\" srcset=\"https:\/\/www.directimpactsolutions.com\/wp-content\/uploads\/2023\/03\/Projects_lakeview_desktop-1-1024x719.png 1024w, https:\/\/www.directimpactsolutions.com\/wp-content\/uploads\/2023\/03\/Projects_lakeview_desktop-1-300x211.png 300w, https:\/\/www.directimpactsolutions.com\/wp-content\/uploads\/2023\/03\/Projects_lakeview_desktop-1-768x540.png 768w, https:\/\/www.directimpactsolutions.com\/wp-content\/uploads\/2023\/03\/Projects_lakeview_desktop-1-1536x1079.png 1536w, https:\/\/www.directimpactsolutions.com\/wp-content\/uploads\/2023\/03\/Projects_lakeview_desktop-1-2048x1439.png 2048w, https:\/\/www.directimpactsolutions.com\/wp-content\/uploads\/2023\/03\/Projects_lakeview_desktop-1-600x421.png 600w\" sizes=\"auto, (max-width: 1024px) 100vw, 1024px\" \/><\/figure><\/div>\n\n<div class=\"wp-block-uagb-container uagb-block-75b4660f\"><div class=\"inherit-container-width wp-block-group is-layout-constrained wp-block-group-is-layout-constrained\"><p>En fait, nous sommes des experts. <a href=\"https:\/\/www.directimpactsolutions.com\/fr\/\">Direct Impact Solutions<\/a> est sp\u00e9cialis\u00e9 dans la cr\u00e9ation d\u2019applications <a href=\"https:\/\/www.directimpactsolutions.com\/en\/custom-filemaker-solutions\/\" data-type=\"URL\" data-id=\"https:\/\/www.directimpactsolutions.com\/en\/Custom-FileMaker-Solutions\/\">FileMaker <\/a>personnalis\u00e9es. Nous fournissons des services de <a href=\"https:\/\/www.directimpactsolutions.com\/fr\/agence-de-developpement-web\/\" data-type=\"link\" data-id=\"https:\/\/www.directimpactsolutions.com\/en\/web-development-agency\/\">d\u00e9veloppement<\/a> et de <a href=\"https:\/\/www.directimpactsolutions.com\/fr\/licences-claris-filemaker\/\">licences<\/a> FileMaker Pro personnalis\u00e9s \u00e0 nos clients. <\/p>\n\n<p>En tant que <a href=\"https:\/\/www.directimpactsolutions.com\/fr\/developpement-filemaker\/\" data-type=\"URL\" data-id=\"https:\/\/www.directimpactsolutions.com\/en\/FileMaker-Development\/\">d\u00e9veloppeur FileMaker<\/a>, nous pouvons vous aider \u00e0 utiliser de mani\u00e8re optimale Claris FileMaker pour cr\u00e9er des <a href=\"https:\/\/www.directimpactsolutions.com\/fr\/developpement-applications-web-personnalisees\/\" data-type=\"link\" data-id=\"https:\/\/www.directimpactsolutions.com\/en\/custom-web-application-development\/\">applications personnalis\u00e9es<\/a> pour votre entreprise, adapt\u00e9es \u00e0 vos besoins sp\u00e9cifiques. Et, en tant que soci\u00e9t\u00e9 de d\u00e9veloppement FileMaker, nous pouvons vous aider \u00e0 donner vie \u00e0 votre vision de l&rsquo;application. <\/p>\n\n<p>Que vous ayez besoin d\u2019une simple application pour suivre vos stocks ou d\u2019une application complexe pour g\u00e9rer votre pipeline de ventes, nous avons l\u2019exp\u00e9rience et l\u2019expertise pour y parvenir. Claris FileMaker offre plusieurs <a href=\"https:\/\/www.directimpactsolutions.com\/fr\/offre-groupee-pour-la-plateforme-claris\/\">forfaits<\/a> qui pourront r\u00e9pondrent \u00e0 vos besoins.  <\/p><\/div><\/div><\/div><\/div><div style=\"height:80px\" aria-hidden=\"true\" class=\"wp-block-spacer\"><\/div><h2 class=\"wp-block-heading has-large-font-size\" style=\"font-style:normal;font-weight:400\">Des concepteurs FileMaker qualifi\u00e9s<\/h2><div class=\"wp-block-uagb-container uagb-block-5822277a alignfull uagb-is-root-container\"><div class=\"uagb-container-inner-blocks-wrap\"><div class=\"wp-block-uagb-image uagb-block-0a38dc12 wp-block-uagb-image--layout-default wp-block-uagb-image--effect-static wp-block-uagb-image--align-none\"><figure class=\"wp-block-uagb-image__figure\"><img decoding=\"async\" srcset=\"https:\/\/www.directimpactsolutions.com\/wp-content\/uploads\/2022\/02\/developers-dis-1024x365.jpg\n \" sizes=\"auto, (max-width: 480px) 150px\" src=\"https:\/\/www.directimpactsolutions.com\/wp-content\/uploads\/2022\/02\/developers-dis-1024x365.jpg\" alt=\"d\u00e9veloppeurs\" class=\"uag-image-6019\" width=\"1024\" height=\"365\" title=\"\" loading=\"lazy\"><\/figure><\/div><\/div><\/div><div class=\"wp-block-uagb-container uagb-block-aee18e5b alignfull uagb-is-root-container\"><div class=\"uagb-container-inner-blocks-wrap\"><div class=\"wp-block-uagb-container uagb-block-3faf2456\"><div class=\"wp-block-uagb-image uagb-block-8cab0885 wp-block-uagb-image--layout-default wp-block-uagb-image--effect-static wp-block-uagb-image--align-none\"><figure class=\"wp-block-uagb-image__figure\"><img decoding=\"async\" srcset=\"https:\/\/www.directimpactsolutions.com\/wp-content\/uploads\/2022\/01\/Claris-Developer-Badge-Black-350.png\n \" sizes=\"auto, (max-width: 480px) 150px\" src=\"https:\/\/www.directimpactsolutions.com\/wp-content\/uploads\/2022\/01\/Claris-Developer-Badge-Black-350.png\" alt=\"Programmeurs Claris FileMaker\" class=\"uag-image-5388\" width=\"300\" height=\"82\" title=\"\" loading=\"lazy\"><\/figure><\/div><\/div>\n\n<div class=\"wp-block-uagb-container uagb-block-f87a1235\"><p>Notre \u00e9quipe compte plus d\u2019une vingtaine de programmeurs FileMaker certifi\u00e9s qui peuvent vous aider \u00e0 cr\u00e9er une excellente solution \u00e0 vos besoins \u00e0 l\u2019aide de la Workplace Innovation Platform. Nos programmeurs FileMaker peuvent vous aider \u00e0 am\u00e9liorer votre efficacit\u00e9, \u00e0 r\u00e9duire les d\u00e9doublements de processus et \u00e0 transformer rapidement votre organisation en introduisant une solution FileMaker. <\/p><\/div><\/div><\/div><div class=\"wp-block-uagb-container uagb-block-7358c3b2 alignwide uagb-is-root-container\"><div class=\"wp-block-uagb-container uagb-block-d7cc811e\"><h3 class=\"wp-block-heading has-ast-global-color-2-color has-text-color\" style=\"margin-top:0;margin-right:0;margin-bottom:0;margin-left:0\">Mettre FileMaker \u00e0 niveau<\/h3>\n\n<p>Lorsque nous avons fait leur connaissance, beaucoup de nos clients actuels poss\u00e9daient d\u00e9j\u00e0 une solution FileMaker. Peut-\u00eatre cherchez-vous \u00e0 ajouter une nouvelle fonctionnalit\u00e9, \u00e0 effectuer une refonte compl\u00e8te ou simplement \u00e0 faire appel \u00e0 une \u00e9quipe de soutien technique sp\u00e9cialis\u00e9e. Nous avons l\u2019habitude d\u2019analyser les solutions existantes de nos clients en vue de d\u00e9terminer les aspects qui fonctionnent bien, puis d\u2019effectuer une refonte de ceux qui ne servent plus vos objectifs et vos processus. Nous travaillerons avec vous pour cr\u00e9er une solution actualis\u00e9e, qui fait tout ce dont vous avez besoin et rien de plus.   <\/p><\/div>\n\n<div class=\"wp-block-uagb-container uagb-block-877236c1\"><h3 class=\"wp-block-heading has-ast-global-color-2-color has-text-color\" style=\"margin-top:0;margin-right:0;margin-bottom:0;margin-left:0\">La gamme de services FileMaker<\/h3>\n\n<p>Nous sommes votre guichet unique pour tous les produits portant la marque FileMaker. Nous sommes un revendeur certifi\u00e9 de licences Claris, notamment de FileMaker Cloud et <a href=\"https:\/\/www.directimpactsolutions.com\/fr\/claris-studio\/\">Claris Studio<\/a>. Nous poss\u00e9dons une vaste \u00e9quipe de programmeurs chevronn\u00e9s et certifi\u00e9s. Nous offrons des services d\u2019h\u00e9bergement qui vous permettent d\u2019avoir l\u2019esprit tranquille pendant que nous nous occupons des mises \u00e0 jour, de la fiabilit\u00e9, des solutions de s\u00e9curit\u00e9 et des copies de sauvegarde. Nous avons des d\u00e9cennies d\u2019exp\u00e9rience en mati\u00e8re de d\u00e9veloppement <a href=\"https:\/\/www.directimpactsolutions.com\/fr\/mes-5-principales-fonctions-personnalisees-filemaker\/\" data-type=\"URL\" data-id=\"https:\/\/www.directimpactsolutions.com\/en\/top-5-custom-filemaker-functions\/\">sur mesure<\/a>, de produits <a href=\"https:\/\/www.directimpactsolutions.com\/en\/custom-filemaker-solutions\/\" data-type=\"URL\" data-id=\"https:\/\/www.directimpactsolutions.com\/en\/Custom-FileMaker-Solutions\/\">FileMaker<\/a>, de <a href=\"https:\/\/www.directimpactsolutions.com\/en\/filemaker-consulting-services\/\" data-type=\"URL\" data-id=\"https:\/\/www.directimpactsolutions.com\/en\/FileMaker-Consulting-Services\/\">consultation<\/a> et d\u2019am\u00e9lioration des processus. Lisez <a href=\"https:\/\/www.directimpactsolutions.com\/fr\/temoignages\/jefo-nutrition-inc\/\">une de nos \u00e9tudes de cas ici<\/a>.    <\/p><\/div><\/div><div style=\"height:80px\" aria-hidden=\"true\" class=\"wp-block-spacer\"><\/div><h2 class=\"wp-block-heading\" style=\"font-style:normal;font-weight:400\">FAQ D\u00e9veloppeurs FileMaker<\/h2><div class=\"wp-block-uagb-faq uagb-faq__outer-wrap uagb-block-fc719bfe uagb-faq-icon-row uagb-faq-layout-accordion uagb-faq-expand-first-true uagb-faq-inactive-other-true uagb-faq__wrap uagb-buttons-layout-wrap uagb-faq-equal-height     \" data-faqtoggle=\"true\" role=\"tablist\"><div class=\"wp-block-uagb-faq-child uagb-faq-child__outer-wrap uagb-faq-item uagb-block-80169ee6 \" role=\"tab\" tabindex=\"0\"><div class=\"uagb-faq-questions-button uagb-faq-questions\">\t\t\t<span class=\"uagb-icon uagb-faq-icon-wrap\">\n\t\t\t\t\t\t\t\t<svg xmlns=\"https:\/\/www.w3.org\/2000\/svg\" viewBox= \"0 0 448 512\"><path d=\"M432 256c0 17.69-14.33 32.01-32 32.01H256v144c0 17.69-14.33 31.99-32 31.99s-32-14.3-32-31.99v-144H48c-17.67 0-32-14.32-32-32.01s14.33-31.99 32-31.99H192v-144c0-17.69 14.33-32.01 32-32.01s32 14.32 32 32.01v144h144C417.7 224 432 238.3 432 256z\"><\/path><\/svg>\n\t\t\t\t\t\t\t<\/span>\n\t\t\t\t\t\t<span class=\"uagb-icon-active uagb-faq-icon-wrap\">\n\t\t\t\t\t\t\t\t<svg xmlns=\"https:\/\/www.w3.org\/2000\/svg\" viewBox= \"0 0 448 512\"><path d=\"M400 288h-352c-17.69 0-32-14.32-32-32.01s14.31-31.99 32-31.99h352c17.69 0 32 14.3 32 31.99S417.7 288 400 288z\"><\/path><\/svg>\n\t\t\t\t\t\t\t<\/span>\n\t\t\t<span class=\"uagb-question\"><strong>What is a FileMaker Developer and how can they help your business?<\/strong><\/span><\/div><div class=\"uagb-faq-content\"><p>A FileMaker Developer is a professional with expertise in designing, developing, and managing custom applications using the FileMaker platform. A developer can benefit your business by creating tailor-made solutions to meet your unique needs, streamline your workflow, and improve efficiency. By understanding your business processes and requirements, a FileMaker Developer can design and implement a custom application that helps you save time, reduce errors, and make data-driven decisions.<\/p><\/div><\/div><div class=\"wp-block-uagb-faq-child uagb-faq-child__outer-wrap uagb-faq-item uagb-block-c2fe63d8 \" role=\"tab\" tabindex=\"0\"><div class=\"uagb-faq-questions-button uagb-faq-questions\">\t\t\t<span class=\"uagb-icon uagb-faq-icon-wrap\">\n\t\t\t\t\t\t\t\t<svg xmlns=\"https:\/\/www.w3.org\/2000\/svg\" viewBox= \"0 0 448 512\"><path d=\"M432 256c0 17.69-14.33 32.01-32 32.01H256v144c0 17.69-14.33 31.99-32 31.99s-32-14.3-32-31.99v-144H48c-17.67 0-32-14.32-32-32.01s14.33-31.99 32-31.99H192v-144c0-17.69 14.33-32.01 32-32.01s32 14.32 32 32.01v144h144C417.7 224 432 238.3 432 256z\"><\/path><\/svg>\n\t\t\t\t\t\t\t<\/span>\n\t\t\t\t\t\t<span class=\"uagb-icon-active uagb-faq-icon-wrap\">\n\t\t\t\t\t\t\t\t<svg xmlns=\"https:\/\/www.w3.org\/2000\/svg\" viewBox= \"0 0 448 512\"><path d=\"M400 288h-352c-17.69 0-32-14.32-32-32.01s14.31-31.99 32-31.99h352c17.69 0 32 14.3 32 31.99S417.7 288 400 288z\"><\/path><\/svg>\n\t\t\t\t\t\t\t<\/span>\n\t\t\t<span class=\"uagb-question\"><strong>How do you choose the right FileMaker Developer for your project?<\/strong><\/span><\/div><div class=\"uagb-faq-content\"><p>To choose the right FileMaker Developer for your project, consider the following factors:<br><br><strong>Experience: <\/strong>Check their portfolio to ensure they have a proven track record of successful projects and satisfied clients.<br><strong>Expertise:<\/strong> Verify their proficiency in FileMaker development, as well as their knowledge of related technologies like JavaScript, SQL, and API integrations.<br><strong>Communication:<\/strong> Ensure they have excellent communication skills, as this is crucial for understanding your requirements and providing updates throughout the project.<br><strong>Recommendations:<\/strong> Look for testimonials or reviews from previous clients to gain insight into the developer&rsquo;s work quality, professionalism, and ability to meet deadlines.<br><strong>Budget: <\/strong>Compare the cost of various developers to find one that offers a reasonable rate while still delivering quality work.<\/p><\/div><\/div><div class=\"wp-block-uagb-faq-child uagb-faq-child__outer-wrap uagb-faq-item uagb-block-b9073083 \" role=\"tab\" tabindex=\"0\"><div class=\"uagb-faq-questions-button uagb-faq-questions\">\t\t\t<span class=\"uagb-icon uagb-faq-icon-wrap\">\n\t\t\t\t\t\t\t\t<svg xmlns=\"https:\/\/www.w3.org\/2000\/svg\" viewBox= \"0 0 448 512\"><path d=\"M432 256c0 17.69-14.33 32.01-32 32.01H256v144c0 17.69-14.33 31.99-32 31.99s-32-14.3-32-31.99v-144H48c-17.67 0-32-14.32-32-32.01s14.33-31.99 32-31.99H192v-144c0-17.69 14.33-32.01 32-32.01s32 14.32 32 32.01v144h144C417.7 224 432 238.3 432 256z\"><\/path><\/svg>\n\t\t\t\t\t\t\t<\/span>\n\t\t\t\t\t\t<span class=\"uagb-icon-active uagb-faq-icon-wrap\">\n\t\t\t\t\t\t\t\t<svg xmlns=\"https:\/\/www.w3.org\/2000\/svg\" viewBox= \"0 0 448 512\"><path d=\"M400 288h-352c-17.69 0-32-14.32-32-32.01s14.31-31.99 32-31.99h352c17.69 0 32 14.3 32 31.99S417.7 288 400 288z\"><\/path><\/svg>\n\t\t\t\t\t\t\t<\/span>\n\t\t\t<span class=\"uagb-question\"><strong>What are the essential skills to look for in a professional FileMaker Developer?<\/strong><\/span><\/div><div class=\"uagb-faq-content\"><p>When looking for a professional FileMaker Developer, essential skills include:<br><br><strong>FileMaker Development:<\/strong> Proficiency in designing, building, and maintaining custom applications using the FileMaker platform.<br><strong>Scripting:<\/strong> Ability to create complex scripts to automate tasks, validate data, and perform calculations.<br><strong>Layout Design:<\/strong> Expertise in designing user-friendly and visually appealing layouts for data entry, reporting, and navigation.<br><strong>Data Modeling:<\/strong> Understanding of relational database concepts and the ability to design efficient and scalable data structures.<br><strong>Integration:<\/strong> Experience with integrating FileMaker applications with other systems, such as web services, APIs, and SQL databases.<br><strong>Problem-solving:<\/strong> A strong analytical mindset to identify and resolve issues during development.<br><strong>Project Management:<\/strong> Ability to manage multiple tasks, meet deadlines, and communicate effectively with stakeholders.<\/p><\/div><\/div><\/div><div style=\"height:80px\" aria-hidden=\"true\" class=\"wp-block-spacer\"><\/div>","protected":false},"excerpt":{"rendered":"<p>D\u00e9veloppeurs FileMaker Direct Impact Solutions | D\u00e9veloppeurs Claris FileMaker\u00ae Programmeurs Claris FileMaker Nous sommes des d\u00e9veloppeurs FileMaker En fait, nous sommes des experts. Direct Impact Solutions est sp\u00e9cialis\u00e9 dans la cr\u00e9ation d\u2019applications FileMaker personnalis\u00e9es. Nous fournissons des services de d\u00e9veloppement et de licences FileMaker Pro personnalis\u00e9s \u00e0 nos clients. En tant que d\u00e9veloppeur FileMaker, nous &hellip;<\/p>\n<p class=\"read-more\"> <a class=\"\" href=\"https:\/\/www.directimpactsolutions.com\/fr\/developpeurs-filemaker\/\"> <span class=\"screen-reader-text\">D\u00e9veloppeurs FileMaker<\/span> Lire la suite >><\/a><\/p>\n","protected":false},"author":1,"featured_media":0,"parent":0,"menu_order":0,"comment_status":"closed","ping_status":"closed","template":"","meta":{"inline_featured_image":false,"_uag_custom_page_level_css":"","site-sidebar-layout":"default","site-content-layout":"","ast-site-content-layout":"default","site-content-style":"default","site-sidebar-style":"default","ast-global-header-display":"","ast-banner-title-visibility":"","ast-main-header-display":"","ast-hfb-above-header-display":"","ast-hfb-below-header-display":"","ast-hfb-mobile-header-display":"","site-post-title":"disabled","ast-breadcrumbs-content":"","ast-featured-img":"","footer-sml-layout":"","theme-transparent-header-meta":"","adv-header-id-meta":"","stick-header-meta":"","header-above-stick-meta":"","header-main-stick-meta":"","header-below-stick-meta":"","astra-migrate-meta-layouts":"set","footnotes":""},"class_list":["post-5572","page","type-page","status-publish","hentry"],"uagb_featured_image_src":{"full":false,"thumbnail":false,"medium":false,"medium_large":false,"large":false,"1536x1536":false,"2048x2048":false,"woocommerce_thumbnail":false,"woocommerce_single":false,"woocommerce_gallery_thumbnail":false},"uagb_author_info":{"display_name":"idi","author_link":"https:\/\/www.directimpactsolutions.com\/fr\/author\/idi\/"},"uagb_comment_info":0,"uagb_excerpt":"D\u00e9veloppeurs FileMaker Direct Impact Solutions | D\u00e9veloppeurs Claris FileMaker\u00ae Programmeurs Claris FileMaker Nous sommes des d\u00e9veloppeurs FileMaker En fait, nous sommes des experts. Direct Impact Solutions est sp\u00e9cialis\u00e9 dans la cr\u00e9ation d\u2019applications FileMaker personnalis\u00e9es. Nous fournissons des services de d\u00e9veloppement et de licences FileMaker Pro personnalis\u00e9s \u00e0 nos clients. En tant que d\u00e9veloppeur FileMaker, nous\u2026","_links":{"self":[{"href":"https:\/\/www.directimpactsolutions.com\/fr\/wp-json\/wp\/v2\/pages\/5572","targetHints":{"allow":["GET"]}}],"collection":[{"href":"https:\/\/www.directimpactsolutions.com\/fr\/wp-json\/wp\/v2\/pages"}],"about":[{"href":"https:\/\/www.directimpactsolutions.com\/fr\/wp-json\/wp\/v2\/types\/page"}],"author":[{"embeddable":true,"href":"https:\/\/www.directimpactsolutions.com\/fr\/wp-json\/wp\/v2\/users\/1"}],"replies":[{"embeddable":true,"href":"https:\/\/www.directimpactsolutions.com\/fr\/wp-json\/wp\/v2\/comments?post=5572"}],"version-history":[{"count":31,"href":"https:\/\/www.directimpactsolutions.com\/fr\/wp-json\/wp\/v2\/pages\/5572\/revisions"}],"predecessor-version":[{"id":18422,"href":"https:\/\/www.directimpactsolutions.com\/fr\/wp-json\/wp\/v2\/pages\/5572\/revisions\/18422"}],"wp:attachment":[{"href":"https:\/\/www.directimpactsolutions.com\/fr\/wp-json\/wp\/v2\/media?parent=5572"}],"curies":[{"name":"wp","href":"https:\/\/api.w.org\/{rel}","templated":true}]}}