{"id":6567,"date":"2022-04-07T14:49:01","date_gmt":"2022-04-07T14:49:01","guid":{"rendered":"https:\/\/www.directimpactsolutions.com\/?page_id=6567"},"modified":"2023-06-29T12:40:35","modified_gmt":"2023-06-29T12:40:35","slug":"manuel-filemaker-base-3","status":"publish","type":"page","link":"https:\/\/www.directimpactsolutions.com\/fr\/solutions\/manuel-filemaker-base-3\/","title":{"rendered":"Manuel FileMaker notions de base 3"},"content":{"rendered":"<div class=\"wp-block-uagb-container uagb-block-1b8032bc alignfull uagb-is-root-container\"><div class=\"uagb-container-inner-blocks-wrap\"><div style=\"height:20px\" aria-hidden=\"true\" class=\"wp-block-spacer\"><\/div>\n\n<h1 class=\"wp-block-heading has-ast-global-color-1-color has-text-color\" style=\"font-style:normal;font-weight:400\">T\u00e9l\u00e9charger le manuel FileMaker Pro | Notions de base 3<\/h1>\n\n<p class=\"has-ast-global-color-1-color has-text-color\" style=\"font-size:16px\">Manuel de formation offert gratuitement<\/p>\n\n<div style=\"height:40px\" aria-hidden=\"true\" class=\"wp-block-spacer\"><\/div><\/div><div class=\"uagb-container__shape uagb-container__shape-bottom uagb-container__invert\" data-negative=\"false\"><svg xmlns=\"https:\/\/www.w3.org\/2000\/svg\" viewBox=\"0 0 1000 100\" preserveAspectRatio=\"none\"><path class=\"uagb-container__shape-fill\" d=\"M500,98.9L0,6.1V0h1000v6.1L500,98.9z\"><\/path><\/svg><\/div><\/div><div style=\"height:80px\" aria-hidden=\"true\" class=\"wp-block-spacer\"><\/div><div class=\"wp-block-uagb-container uagb-block-02e73063 alignfull uagb-is-root-container\"><div class=\"uagb-container-inner-blocks-wrap\"><div class=\"wp-block-uagb-container uagb-block-58863024\"><div class=\"inherit-container-width wp-block-group is-layout-constrained wp-block-group-is-layout-constrained\"><h2 class=\"wp-block-heading has-ast-global-color-0-color has-text-color\" style=\"font-style:normal;font-weight:400\">T\u00e9l\u00e9charger la formation FileMaker Pro gratuite | Notions de base 3<\/h2>\n\n<p><strong>\u00c0 qui s\u2019adresse ce manuel<\/strong><\/p>\n\n<p>D\u00e9velopp\u00e9 en collaboration avec les s\u00e9minaires informatiques de l\u2019UQAM, ce court manuel de formation survole les notions de base de niveau avanc\u00e9 pour les d\u00e9veloppeurs interm\u00e9diaires qui d\u00e9sirent d\u00e9couvrir certaines des fonctions avanc\u00e9es de la plateforme Claris FileMaker.<\/p>\n\n<h3 class=\"wp-block-heading has-ast-global-color-2-color has-text-color\">Contenu du manuel FileMaker Pro<\/h3>\n\n<p>Le manuel couvre les sujets suivants :<\/p>\n\n<ul class=\"wp-block-list\"><li>Les rubriques globales<\/li>\n\n<li>Les rapports et les statistiques<\/li>\n\n<li>L\u2019automatisation des op\u00e9rations par scripts<\/li>\n\n<li>La s\u00e9curit\u00e9<\/li><\/ul>\n\n<p><strong>Pr\u00e9requis<\/strong><\/p>\n\n<p>Le lecteur doit avoir une connaissance de base de l\u2019utilisation de FileMaker et de l\u2019environnement Windows ou Mac pour en appr\u00e9cier le contenu.<\/p>\n\n<p><strong>Tarifs<\/strong><\/p>\n\n<p>Ce manuel est offert enti\u00e8rement gratuitement pour le plaisir de ses lecteurs.<\/p><\/div><\/div>\n\n<div class=\"wp-block-uagb-container uagb-block-1c0056ab\"><figure class=\"wp-block-image aligncenter size-full has-custom-border\"><img loading=\"lazy\" decoding=\"async\" width=\"555\" height=\"347\" src=\"https:\/\/www.directimpactsolutions.com\/wp-content\/uploads\/2022\/04\/notions-base-3.png\" alt=\"Manuel FileMaker base 3\" class=\"wp-image-6681\" style=\"border-radius:10px\" srcset=\"https:\/\/www.directimpactsolutions.com\/wp-content\/uploads\/2022\/04\/notions-base-3.png 555w, https:\/\/www.directimpactsolutions.com\/wp-content\/uploads\/2022\/04\/notions-base-3-300x188.png 300w, https:\/\/www.directimpactsolutions.com\/wp-content\/uploads\/2022\/04\/notions-base-3-400x250.png 400w, https:\/\/www.directimpactsolutions.com\/wp-content\/uploads\/2022\/04\/notions-base-3-480x300.png 480w\" sizes=\"auto, (max-width: 555px) 100vw, 555px\" \/><\/figure>\n\n<div class=\"pipedriveWebForms\" data-pd-webforms=\"https:\/\/webforms.pipedrive.com\/f\/33aYYJvJK0U5DcftGACpXOzDdXzWNH6u4X6C1OUljHwCPWqNsEpgdovfw2tyeYPYv\"><script src=\"https:\/\/webforms.pipedrive.com\/f\/loader\"><\/script><\/div><\/div><\/div><\/div><div style=\"height:80px\" aria-hidden=\"true\" class=\"wp-block-spacer\"><\/div>","protected":false},"excerpt":{"rendered":"<p>T\u00e9l\u00e9charger le manuel FileMaker Pro | Notions de base 3 Manuel de formation offert gratuitement T\u00e9l\u00e9charger la formation FileMaker Pro gratuite | Notions de base 3 \u00c0 qui s\u2019adresse ce manuel D\u00e9velopp\u00e9 en collaboration avec les s\u00e9minaires informatiques de l\u2019UQAM, ce court manuel de formation survole les notions de base de niveau avanc\u00e9 pour les &hellip;<\/p>\n<p class=\"read-more\"> <a class=\"\" href=\"https:\/\/www.directimpactsolutions.com\/fr\/solutions\/manuel-filemaker-base-3\/\"> <span class=\"screen-reader-text\">Manuel FileMaker notions de base 3<\/span> Lire la suite >><\/a><\/p>\n","protected":false},"author":1,"featured_media":0,"parent":1369,"menu_order":0,"comment_status":"closed","ping_status":"closed","template":"","meta":{"inline_featured_image":false,"_uag_custom_page_level_css":"","site-sidebar-layout":"default","site-content-layout":"","ast-site-content-layout":"","site-content-style":"default","site-sidebar-style":"default","ast-global-header-display":"","ast-banner-title-visibility":"","ast-main-header-display":"","ast-hfb-above-header-display":"","ast-hfb-below-header-display":"","ast-hfb-mobile-header-display":"","site-post-title":"disabled","ast-breadcrumbs-content":"","ast-featured-img":"","footer-sml-layout":"","theme-transparent-header-meta":"","adv-header-id-meta":"","stick-header-meta":"","header-above-stick-meta":"","header-main-stick-meta":"","header-below-stick-meta":"","astra-migrate-meta-layouts":"","footnotes":""},"class_list":["post-6567","page","type-page","status-publish","hentry"],"uagb_featured_image_src":{"full":false,"thumbnail":false,"medium":false,"medium_large":false,"large":false,"1536x1536":false,"2048x2048":false,"woocommerce_thumbnail":false,"woocommerce_single":false,"woocommerce_gallery_thumbnail":false},"uagb_author_info":{"display_name":"idi","author_link":"https:\/\/www.directimpactsolutions.com\/fr\/author\/idi\/"},"uagb_comment_info":0,"uagb_excerpt":"T\u00e9l\u00e9charger le manuel FileMaker Pro | Notions de base 3 Manuel de formation offert gratuitement T\u00e9l\u00e9charger la formation FileMaker Pro gratuite | Notions de base 3 \u00c0 qui s\u2019adresse ce manuel D\u00e9velopp\u00e9 en collaboration avec les s\u00e9minaires informatiques de l\u2019UQAM, ce court manuel de formation survole les notions de base de niveau avanc\u00e9 pour les\u2026","_links":{"self":[{"href":"https:\/\/www.directimpactsolutions.com\/fr\/wp-json\/wp\/v2\/pages\/6567","targetHints":{"allow":["GET"]}}],"collection":[{"href":"https:\/\/www.directimpactsolutions.com\/fr\/wp-json\/wp\/v2\/pages"}],"about":[{"href":"https:\/\/www.directimpactsolutions.com\/fr\/wp-json\/wp\/v2\/types\/page"}],"author":[{"embeddable":true,"href":"https:\/\/www.directimpactsolutions.com\/fr\/wp-json\/wp\/v2\/users\/1"}],"replies":[{"embeddable":true,"href":"https:\/\/www.directimpactsolutions.com\/fr\/wp-json\/wp\/v2\/comments?post=6567"}],"version-history":[{"count":10,"href":"https:\/\/www.directimpactsolutions.com\/fr\/wp-json\/wp\/v2\/pages\/6567\/revisions"}],"predecessor-version":[{"id":13054,"href":"https:\/\/www.directimpactsolutions.com\/fr\/wp-json\/wp\/v2\/pages\/6567\/revisions\/13054"}],"up":[{"embeddable":true,"href":"https:\/\/www.directimpactsolutions.com\/fr\/wp-json\/wp\/v2\/pages\/1369"}],"wp:attachment":[{"href":"https:\/\/www.directimpactsolutions.com\/fr\/wp-json\/wp\/v2\/media?parent=6567"}],"curies":[{"name":"wp","href":"https:\/\/api.w.org\/{rel}","templated":true}]}}