{"id":963,"date":"2021-07-01T20:44:37","date_gmt":"2021-07-01T20:44:37","guid":{"rendered":"https:\/\/blog.directimpact.test-idi.ca\/temoignages\/"},"modified":"2025-07-07T01:36:47","modified_gmt":"2025-07-07T01:36:47","slug":"temoignages","status":"publish","type":"page","link":"https:\/\/www.directimpactsolutions.com\/fr\/temoignages\/","title":{"rendered":"R\u00e9alisations"},"content":{"rendered":"<div class=\"wp-block-uagb-container uagb-block-d1853a9c alignfull uagb-is-root-container\"><div class=\"uagb-container__shape uagb-container__shape-bottom uagb-container__invert\" data-negative=\"false\"><svg xmlns=\"https:\/\/www.w3.org\/2000\/svg\" viewBox=\"0 0 1000 100\" preserveAspectRatio=\"none\"><path class=\"uagb-container__shape-fill\" d=\"M500,98.9L0,6.1V0h1000v6.1L500,98.9z\"><\/path><\/svg><\/div><div class=\"uagb-container-inner-blocks-wrap\"><div style=\"height:20px\" aria-hidden=\"true\" class=\"wp-block-spacer\"><\/div>\n\n<h1 class=\"wp-block-heading has-ast-global-color-1-color has-text-color\" style=\"font-size:34px;font-style:normal;font-weight:400\">T\u00e9moignages : Comment les applications personnalis\u00e9es am\u00e9liorent les processus des entreprises<\/h1>\n\n<p class=\"has-ast-global-color-1-color has-text-color\" style=\"font-size:16px\">Nous d\u00e9veloppons des applications personnalis\u00e9es depuis 1996. Nos clients proviennent de partout en Am\u00e9rique du Nord ainsi qu\u2019en Europe.<\/p>\n\n<div style=\"height:40px\" aria-hidden=\"true\" class=\"wp-block-spacer\"><\/div><\/div><\/div><div style=\"height:80px\" aria-hidden=\"true\" class=\"wp-block-spacer\"><\/div><h2 class=\"wp-block-heading\" style=\"font-style:normal;font-weight:400\">Maximizez le potentiel de votre entreprise gr\u00e2ce \u00e0 des applications personnalis\u00e9es<\/h2><p class=\"has-ast-global-color-0-color has-text-color\" style=\"font-size:16px\">Nos clients sont issus tout autant du secteur public, des entreprises de services que du secteur manufacturier. Ils \u0153uvrent dans les domaines d\u2019activit\u00e9s suivants : assurance, agroalimentaire, construction, culture, \u00e9ducation, m\u00e9dias, placement de personnel, sant\u00e9, tourisme. Laissez-vous inspirer par nos r\u00e9alisations qui mettent en valeur les succ\u00e8s de nos clients.<\/p><div class=\"wp-block-uagb-container uagb-block-a55566e2 default uagb-is-root-container\"><div class=\"wp-block-uagb-container uagb-block-1ce3d3fc\"><div class=\"wp-block-uagb-info-box uagb-block-3cabd4f7 uagb-infobox__content-wrap  uagb-infobox-icon-above-title uagb-infobox-image-valign-top\"><div class=\"uagb-ifb-content\"><div class=\"uagb-ifb-image-content\"><img decoding=\"async\" src=\"https:\/\/www.directimpactsolutions.com\/wp-content\/uploads\/2022\/02\/realisation-jcb-2-new-300x188.jpeg\" alt=\"\" width=\"\" height=\"0\" loading=\"lazy\"\/><\/div><div class=\"uagb-ifb-title-wrap\"><h3 class=\"uagb-ifb-title\">ENTREPRISE DE SERVICES<\/h3><\/div><p class=\"uagb-ifb-desc\"><strong>R\u00e9duction des pertes et des erreurs gr\u00e2ce \u00e0 des processus uniformis\u00e9s<\/strong><br\/><br\/>Une entreprise en construction mise sur Claris FileMaker et la mobilit\u00e9 pour gagner en efficacit\u00e9.<br\/><br\/><a href=\"https:\/\/www.directimpactsolutions.com\/fr\/temoignages\/jcb\/\">EN SAVOIR PLUS &gt;&gt;<\/a> <\/p><\/div><\/div><\/div>\n\n<div class=\"wp-block-uagb-container uagb-block-ea288b4b\"><div class=\"wp-block-uagb-info-box uagb-block-075ef6d4 uagb-infobox__content-wrap  uagb-infobox-icon-above-title uagb-infobox-image-valign-top\"><div class=\"uagb-ifb-content\"><div class=\"uagb-ifb-image-content\"><img decoding=\"async\" src=\"https:\/\/www.directimpactsolutions.com\/wp-content\/uploads\/2021\/06\/Realisation-EDC-Combo-300x188.jpeg\" alt=\"\" width=\"\" height=\"0\" loading=\"lazy\"\/><\/div><div class=\"uagb-ifb-title-wrap\"><h3 class=\"uagb-ifb-title\">GOUVERNEMENT<\/h3><\/div><p class=\"uagb-ifb-desc\"><strong>\u00c9change et collaboration de donn\u00e9es avec Claris FileMaker<\/strong><br\/><br\/>D\u00e9couvrez une application personnalis\u00e9e Claris FileMaker pour Exportation et d\u00e9veloppement Canada (EDC).<br\/><br\/><a href=\"https:\/\/www.directimpactsolutions.com\/fr\/temoignages\/exportation-et-developpement-canada\/\">EN SAVOIR PLUS &gt;&gt;<\/a> <\/p><\/div><\/div><\/div>\n\n<div class=\"wp-block-uagb-container uagb-block-7944e9ac\"><div class=\"wp-block-uagb-info-box uagb-block-716abea2 uagb-infobox__content-wrap  uagb-infobox-icon-above-title uagb-infobox-image-valign-top\"><div class=\"uagb-ifb-content\"><div class=\"uagb-ifb-image-content\"><img decoding=\"async\" src=\"https:\/\/www.directimpactsolutions.com\/wp-content\/uploads\/2022\/02\/realisation-dgc-5-new-300x188.jpeg\" alt=\"\" width=\"\" height=\"0\" loading=\"lazy\"\/><\/div><div class=\"uagb-ifb-title-wrap\"><h3 class=\"uagb-ifb-title\">ENTREPRISE NATIONALE<\/h3><\/div><p class=\"uagb-ifb-desc\"><strong>G\u00e9rer les services \u00e0 ses membres avec Claris FileMaker<\/strong><br\/><br\/>Une application personnalis\u00e9e Web et FileMaker pour La Guilde canadienne des r\u00e9alisateurs.<br\/><br\/><a href=\"https:\/\/www.directimpactsolutions.com\/fr\/temoignages\/dgc\/\">EN SAVOIR PLUS &gt;&gt;<\/a> <\/p><\/div><\/div><\/div><\/div><div class=\"wp-block-uagb-container uagb-block-1e2f6017 default uagb-is-root-container\"><div class=\"wp-block-uagb-container uagb-block-e2bef35a\"><div class=\"wp-block-uagb-info-box uagb-block-d78bd56e uagb-infobox__content-wrap  uagb-infobox-icon-above-title uagb-infobox-image-valign-top\"><div class=\"uagb-ifb-content\"><div class=\"uagb-ifb-image-content\"><img decoding=\"async\" src=\"https:\/\/www.directimpactsolutions.com\/wp-content\/uploads\/2022\/02\/realisation-jefo-2-new-300x188.jpeg\" alt=\"\" width=\"\" height=\"0\" loading=\"lazy\"\/><\/div><div class=\"uagb-ifb-title-wrap\"><h3 class=\"uagb-ifb-title\">ENTREPRISE MANUFACTURI\u00c8RE<\/h3><\/div><p class=\"uagb-ifb-desc\"><strong>D\u00e9couvrez un syst\u00e8me de gestion int\u00e9gr\u00e9 cr\u00e9\u00e9 avec Claris FileMaker<\/strong><br\/><br\/>Une application personnalis\u00e9e con\u00e7ue pour <strong>Jefo<\/strong>, une entreprise manufacturi\u00e8re du secteur agroalimentaire.<br\/><br\/><a href=\"https:\/\/www.directimpactsolutions.com\/fr\/temoignages\/jefo-nutrition-inc\/\">EN SAVOIR PLUS &gt;&gt;<\/a> <\/p><\/div><\/div><\/div>\n\n<div class=\"wp-block-uagb-container uagb-block-746c7d84\"><div class=\"wp-block-uagb-info-box uagb-block-8a478e1a uagb-infobox__content-wrap  uagb-infobox-icon-above-title uagb-infobox-image-valign-top\"><div class=\"uagb-ifb-content\"><div class=\"uagb-ifb-image-content\"><img decoding=\"async\" src=\"https:\/\/www.directimpactsolutions.com\/wp-content\/uploads\/2022\/02\/realisation-auclair-logo-3-new-300x188.jpeg\" alt=\"\" width=\"\" height=\"0\" loading=\"lazy\"\/><\/div><div class=\"uagb-ifb-title-wrap\"><h3 class=\"uagb-ifb-title\">ENTREPRISE DE SERVICES<\/h3><\/div><p class=\"uagb-ifb-desc\"><strong>Des \u00e9conomies importantes gr\u00e2ce \u00e0 la transformation num\u00e9rique<\/strong><br\/><br\/>Une entreprise, sp\u00e9cialis\u00e9e dans la distribution et l\u2019installation de portes de garage mise sur FileMaker pour sa transformation num\u00e9rique.<br\/><br\/><a href=\"https:\/\/www.directimpactsolutions.com\/fr\/auclair-et-landry-quebec-inc\/\">EN SAVOIR PLUS &gt;&gt;<\/a> <\/p><\/div><\/div><\/div>\n\n<div class=\"wp-block-uagb-container uagb-block-fd6e6156\"><div class=\"wp-block-uagb-info-box uagb-block-02033a9d uagb-infobox__content-wrap  uagb-infobox-icon-above-title uagb-infobox-image-valign-top\"><div class=\"uagb-ifb-content\"><div class=\"uagb-ifb-image-content\"><img decoding=\"async\" src=\"https:\/\/www.directimpactsolutions.com\/wp-content\/uploads\/2022\/02\/realisation-rene-perron-couvreurs-2-new-300x188.jpeg\" alt=\"\" width=\"\" height=\"0\" loading=\"lazy\"\/><\/div><div class=\"uagb-ifb-title-wrap\"><h3 class=\"uagb-ifb-title\">ENTREPRISE DE SERVICES<\/h3><\/div><p class=\"uagb-ifb-desc\"><strong>Claris FileMaker pour la gestion des travaux, devis, comptes et factures<\/strong><br\/><br\/>D\u00e9couvrez une application personnalis\u00e9e Claris FileMaker pour Ren\u00e9 Perron Couvreurs.<br\/><br\/><a href=\"https:\/\/www.directimpactsolutions.com\/fr\/temoignages\/rene-perron-couvreurs-2\/\">EN SAVOIR PLUS &gt;&gt;<\/a> <\/p><\/div><\/div><\/div><\/div><div class=\"wp-block-uagb-container uagb-block-6b997f0f default uagb-is-root-container\"><div class=\"wp-block-uagb-container uagb-block-d42546d4\"><div class=\"wp-block-uagb-info-box uagb-block-e906c0c2 uagb-infobox__content-wrap  uagb-infobox-icon-above-title uagb-infobox-image-valign-top\"><div class=\"uagb-ifb-content\"><div class=\"uagb-ifb-image-content\"><img decoding=\"async\" src=\"https:\/\/www.directimpactsolutions.com\/wp-content\/uploads\/2021\/06\/realisation-souris-mini-2-300x188.jpeg\" alt=\"\" width=\"\" height=\"0\" loading=\"lazy\"\/><\/div><div class=\"uagb-ifb-title-wrap\"><h3 class=\"uagb-ifb-title\">ENTREPRISE MANUFACTURI\u00c8RE<\/h3><\/div><p class=\"uagb-ifb-desc\"><strong>Claris FileMaker au service d\u2019un manufacturier de v\u00eatements pour enfants<\/strong><br\/><br\/>Conception d\u2019une application personnalis\u00e9e pour Souris Mini.<br\/><br\/><a href=\"https:\/\/www.directimpactsolutions.com\/fr\/temoignages\/souris-mini\/\">EN SAVOIR PLUS &gt;&gt;<\/a> <\/p><\/div><\/div><\/div>\n\n<div class=\"wp-block-uagb-container uagb-block-0c2bfaac\"><div class=\"wp-block-uagb-info-box uagb-block-95fc3d7e uagb-infobox__content-wrap  uagb-infobox-icon-above-title uagb-infobox-image-valign-top\"><div class=\"uagb-ifb-content\"><div class=\"uagb-ifb-image-content\"><img decoding=\"async\" src=\"https:\/\/www.directimpactsolutions.com\/wp-content\/uploads\/2023\/12\/IMG_7572-1-300x165.png\" alt=\"\" width=\"\" height=\"0\" loading=\"lazy\"\/><\/div><div class=\"uagb-ifb-title-wrap\"><h3 class=\"uagb-ifb-title\">ORGANISATION M\u00c9DICALE\/DENTAIRE<\/h3><\/div><p class=\"uagb-ifb-desc\"><strong>Application personnalis\u00e9e FileMaker pour les incriptions \u00e9v\u00e9nementiels<\/strong><br\/><br\/>D\u00e9couvrez comment cette organisation a am\u00e9lior\u00e9 l\u2019exp\u00e9rience utilisateur en proposant l\u2019inscription directement via une application mobile.<br\/><br\/><a href=\"https:\/\/www.directimpactsolutions.com\/fr\/temoignages\/application-mobile-filemaker-evenements\/\">EN SAVOIR PLUS &gt;&gt;<\/a> <\/p><\/div><\/div><\/div>\n\n<div class=\"wp-block-uagb-container uagb-block-2d07ec53\"><div class=\"wp-block-uagb-info-box uagb-block-e0508127 uagb-infobox__content-wrap  uagb-infobox-icon-above-title uagb-infobox-image-valign-top\"><div class=\"uagb-ifb-content\"><div class=\"uagb-ifb-image-content\"><img decoding=\"async\" src=\"https:\/\/www.directimpactsolutions.com\/wp-content\/uploads\/2023\/10\/laborcilogo-300x75.png\" alt=\"\" width=\"\" height=\"0\" loading=\"lazy\"\/><\/div><div class=\"uagb-ifb-title-wrap\"><h3 class=\"uagb-ifb-title\"><br\/><br\/>SERVICES PROFESSIONNELS<\/h3><\/div><p class=\"uagb-ifb-desc\"><strong>Application Toca pour int\u00e9grer plusieurs sources de donn\u00e9es et r\u00e9duire la saisie manuelle des donn\u00e9es<\/strong><br\/><br\/>D\u00e9couvrez l\u2019application Toca personnalis\u00e9e pour Labor Consultants International.<br\/><br\/><a href=\"https:\/\/www.directimpactsolutions.com\/fr\/temoignages\/revolutionner-avec-toca\/\">EN SAVOIR PLUS &gt;&gt;<\/a> <\/p><\/div><\/div><\/div><\/div><div class=\"wp-block-uagb-container uagb-block-b97e0f2e default uagb-is-root-container\"><div class=\"wp-block-uagb-container uagb-block-540dc245\"><div class=\"wp-block-uagb-info-box uagb-block-9afd45ff uagb-infobox__content-wrap  uagb-infobox-icon-above-title uagb-infobox-image-valign-top\"><div class=\"uagb-ifb-content\"><div class=\"uagb-ifb-image-content\"><img decoding=\"async\" src=\"https:\/\/www.directimpactsolutions.com\/wp-content\/uploads\/2024\/06\/atefq-logo.png\" alt=\"\" width=\"\" height=\"0\" loading=\"lazy\"\/><\/div><div class=\"uagb-ifb-title-wrap\"><h3 class=\"uagb-ifb-title\">ASSOCIATION D&rsquo;\u00c9VALUATION FONCI\u00c8RE<\/h3><\/div><p class=\"uagb-ifb-desc\"><strong>Application personnalis\u00e9e FileMaker pour la gestion de membres<\/strong><br\/><br\/>D\u00e9couvrez comment cette organisation a r\u00e9ussi \u00e0 r\u00e9duire de 50 % ses efforts de traitement de l\u2019information, permettant ainsi l\u2019\u00e9limination des frais d\u2019affranchissement et de d\u00e9placement.<br\/><br\/><a href=\"https:\/\/www.directimpactsolutions.com\/fr\/faciliter-la-gestion-de-donnees-et-ameliorer-lexperience-client\/\">EN SAVOIR PLUS &gt;&gt;<\/a> <\/p><\/div><\/div><\/div>\n\n<div class=\"wp-block-uagb-container uagb-block-f55c5699\"><div class=\"wp-block-uagb-info-box uagb-block-53ba1f35 uagb-infobox__content-wrap  uagb-infobox-icon-above-title uagb-infobox-image-valign-top\"><div class=\"uagb-ifb-content\"><div class=\"uagb-ifb-image-content\"><img decoding=\"async\" src=\"https:\/\/www.directimpactsolutions.com\/wp-content\/uploads\/2024\/09\/Hearbeat-Denver-Logo-300x129.png\" alt=\"\" width=\"\" height=\"0\" loading=\"lazy\"\/><\/div><div class=\"uagb-ifb-title-wrap\"><h3 class=\"uagb-ifb-title\"><br\/>ORGANISATION \u00c0 BUT NON LUCRATIF<\/h3><\/div><p class=\"uagb-ifb-desc\"><strong>Application FileMaker personnalis\u00e9e pour un organisme \u00e0 but<\/strong> <strong>non lucratif<\/strong><br\/><br\/>D\u00e9couvrez comment cette organisation a pu \u00e9conomiser du temps et des ressources, tout en am\u00e9liorant la qualit\u00e9 de vie de ses b\u00e9n\u00e9ficiaires.<br\/><br\/><a href=\"https:\/\/www.directimpactsolutions.com\/fr\/temoignages\/etude-de-cas-heartbeat-denver\/\">EN SAVOIR PLUS &gt;&gt;<\/a> <\/p><\/div><\/div><\/div>\n\n<div class=\"wp-block-uagb-container uagb-block-f21e5c43\"><div class=\"wp-block-uagb-info-box uagb-block-a20b96e5 uagb-infobox__content-wrap  uagb-infobox-icon-above-title uagb-infobox-image-valign-top\"><div class=\"uagb-ifb-content\"><div class=\"uagb-ifb-image-content\"><img decoding=\"async\" src=\"https:\/\/www.directimpactsolutions.com\/wp-content\/uploads\/2025\/07\/logo-cableflo-1-300x133.png\" alt=\"\" width=\"\" height=\"0\" loading=\"lazy\"\/><\/div><div class=\"uagb-ifb-title-wrap\"><h3 class=\"uagb-ifb-title\"><br\/>ENTREPRISE DE SERVICES<\/h3><\/div><p class=\"uagb-ifb-desc\"><strong>Application FileMaker pour un syst\u00e8me d&rsquo;appels de service clients<\/strong><br\/><br\/>D\u00e9couvrez comment cette organisation a pu r\u00e9duire le temps de traitement des appels, am\u00e9liorer la collaboration et augmenter la satisfaction client.<br\/><br\/><a href=\"https:\/\/www.directimpactsolutions.com\/fr\/temoignages\/cableflo-international\/\">EN SAVOIR PLUS &gt;&gt;<\/a> <\/p><\/div><\/div><\/div><\/div><div style=\"height:80px\" aria-hidden=\"true\" class=\"wp-block-spacer\"><\/div><h2 class=\"wp-block-heading\" style=\"font-style:normal;font-weight:400\">Reconnaissances de l&rsquo;industrie<\/h2><div class=\"wp-block-group is-vertical is-layout-flex wp-container-core-group-is-layout-fe9cc265 wp-block-group-is-layout-flex\"><div class=\"wp-block-group is-layout-constrained wp-block-group-is-layout-constrained\"><div class=\"wp-block-columns is-layout-flex wp-container-core-columns-is-layout-28f84493 wp-block-columns-is-layout-flex\"><div class=\"wp-block-column is-layout-flow wp-block-column-is-layout-flow\" style=\"flex-basis:20%\"><figure class=\"wp-block-image size-large\"><img loading=\"lazy\" decoding=\"async\" width=\"947\" height=\"1024\" src=\"https:\/\/www.directimpactsolutions.com\/wp-content\/uploads\/2023\/10\/top_clutch.co_app_development_company_utilities_quebec-947x1024.png\" alt=\"\" class=\"wp-image-15804\" srcset=\"https:\/\/www.directimpactsolutions.com\/wp-content\/uploads\/2023\/10\/top_clutch.co_app_development_company_utilities_quebec-947x1024.png 947w, https:\/\/www.directimpactsolutions.com\/wp-content\/uploads\/2023\/10\/top_clutch.co_app_development_company_utilities_quebec-278x300.png 278w, https:\/\/www.directimpactsolutions.com\/wp-content\/uploads\/2023\/10\/top_clutch.co_app_development_company_utilities_quebec-768x830.png 768w, https:\/\/www.directimpactsolutions.com\/wp-content\/uploads\/2023\/10\/top_clutch.co_app_development_company_utilities_quebec-600x649.png 600w, https:\/\/www.directimpactsolutions.com\/wp-content\/uploads\/2023\/10\/top_clutch.co_app_development_company_utilities_quebec.png 999w\" sizes=\"auto, (max-width: 947px) 100vw, 947px\" \/><\/figure><\/div>\n\n<div class=\"wp-block-column is-layout-flow wp-block-column-is-layout-flow\" style=\"flex-basis:20%\"><figure class=\"wp-block-image size-large\"><img loading=\"lazy\" decoding=\"async\" width=\"702\" height=\"1024\" src=\"https:\/\/www.directimpactsolutions.com\/wp-content\/uploads\/2023\/10\/top_the_manifest_software_developers_montreal_2023_award-702x1024.png\" alt=\"\" class=\"wp-image-15813\" srcset=\"https:\/\/www.directimpactsolutions.com\/wp-content\/uploads\/2023\/10\/top_the_manifest_software_developers_montreal_2023_award-702x1024.png 702w, https:\/\/www.directimpactsolutions.com\/wp-content\/uploads\/2023\/10\/top_the_manifest_software_developers_montreal_2023_award-206x300.png 206w, https:\/\/www.directimpactsolutions.com\/wp-content\/uploads\/2023\/10\/top_the_manifest_software_developers_montreal_2023_award-600x876.png 600w, https:\/\/www.directimpactsolutions.com\/wp-content\/uploads\/2023\/10\/top_the_manifest_software_developers_montreal_2023_award.png 740w\" sizes=\"auto, (max-width: 702px) 100vw, 702px\" \/><\/figure><\/div>\n\n<div class=\"wp-block-column is-layout-flow wp-block-column-is-layout-flow\" style=\"flex-basis:20%\"><figure class=\"wp-block-image size-large\"><img loading=\"lazy\" decoding=\"async\" width=\"947\" height=\"1024\" src=\"https:\/\/www.directimpactsolutions.com\/wp-content\/uploads\/2023\/10\/top_clutch.co_software_developers_government_quebec-947x1024.png\" alt=\"\" class=\"wp-image-15807\" srcset=\"https:\/\/www.directimpactsolutions.com\/wp-content\/uploads\/2023\/10\/top_clutch.co_software_developers_government_quebec-947x1024.png 947w, https:\/\/www.directimpactsolutions.com\/wp-content\/uploads\/2023\/10\/top_clutch.co_software_developers_government_quebec-278x300.png 278w, https:\/\/www.directimpactsolutions.com\/wp-content\/uploads\/2023\/10\/top_clutch.co_software_developers_government_quebec-768x830.png 768w, https:\/\/www.directimpactsolutions.com\/wp-content\/uploads\/2023\/10\/top_clutch.co_software_developers_government_quebec-600x649.png 600w, https:\/\/www.directimpactsolutions.com\/wp-content\/uploads\/2023\/10\/top_clutch.co_software_developers_government_quebec.png 999w\" sizes=\"auto, (max-width: 947px) 100vw, 947px\" \/><\/figure><\/div>\n\n<div class=\"wp-block-column is-layout-flow wp-block-column-is-layout-flow\" style=\"flex-basis:20%\"><figure class=\"wp-block-image size-large\"><img loading=\"lazy\" decoding=\"async\" width=\"702\" height=\"1024\" src=\"https:\/\/www.directimpactsolutions.com\/wp-content\/uploads\/2023\/10\/top_the_manifest_web_developers_montreal_2023_award-702x1024.png\" alt=\"\" class=\"wp-image-15816\" srcset=\"https:\/\/www.directimpactsolutions.com\/wp-content\/uploads\/2023\/10\/top_the_manifest_web_developers_montreal_2023_award-702x1024.png 702w, https:\/\/www.directimpactsolutions.com\/wp-content\/uploads\/2023\/10\/top_the_manifest_web_developers_montreal_2023_award-206x300.png 206w, https:\/\/www.directimpactsolutions.com\/wp-content\/uploads\/2023\/10\/top_the_manifest_web_developers_montreal_2023_award-600x876.png 600w, https:\/\/www.directimpactsolutions.com\/wp-content\/uploads\/2023\/10\/top_the_manifest_web_developers_montreal_2023_award.png 740w\" sizes=\"auto, (max-width: 702px) 100vw, 702px\" \/><\/figure><\/div>\n\n<div class=\"wp-block-column is-layout-flow wp-block-column-is-layout-flow\" style=\"flex-basis:20%\"><figure class=\"wp-block-image size-large\"><img loading=\"lazy\" decoding=\"async\" width=\"947\" height=\"1024\" src=\"https:\/\/www.directimpactsolutions.com\/wp-content\/uploads\/2023\/10\/top_clutch.co_robotics_process_automation_canada_2023-1-947x1024.png\" alt=\"\" class=\"wp-image-15810\" srcset=\"https:\/\/www.directimpactsolutions.com\/wp-content\/uploads\/2023\/10\/top_clutch.co_robotics_process_automation_canada_2023-1-947x1024.png 947w, https:\/\/www.directimpactsolutions.com\/wp-content\/uploads\/2023\/10\/top_clutch.co_robotics_process_automation_canada_2023-1-278x300.png 278w, https:\/\/www.directimpactsolutions.com\/wp-content\/uploads\/2023\/10\/top_clutch.co_robotics_process_automation_canada_2023-1-768x830.png 768w, https:\/\/www.directimpactsolutions.com\/wp-content\/uploads\/2023\/10\/top_clutch.co_robotics_process_automation_canada_2023-1-600x649.png 600w, https:\/\/www.directimpactsolutions.com\/wp-content\/uploads\/2023\/10\/top_clutch.co_robotics_process_automation_canada_2023-1.png 999w\" sizes=\"auto, (max-width: 947px) 100vw, 947px\" \/><\/figure><\/div><\/div><\/div><\/div><hr class=\"wp-block-separator has-text-color has-ast-global-color-2-color has-alpha-channel-opacity has-ast-global-color-2-background-color has-background is-style-wide\"\/>","protected":false},"excerpt":{"rendered":"<p>T\u00e9moignages : Comment les applications personnalis\u00e9es am\u00e9liorent les processus des entreprises Nous d\u00e9veloppons des applications personnalis\u00e9es depuis 1996. Nos clients proviennent de partout en Am\u00e9rique du Nord ainsi qu\u2019en Europe. Maximizez le potentiel de votre entreprise gr\u00e2ce \u00e0 des applications personnalis\u00e9es Nos clients sont issus tout autant du secteur public, des entreprises de services que &hellip;<\/p>\n<p class=\"read-more\"> <a class=\"\" href=\"https:\/\/www.directimpactsolutions.com\/fr\/temoignages\/\"> <span class=\"screen-reader-text\">R\u00e9alisations<\/span> Lire la suite >><\/a><\/p>\n","protected":false},"author":2,"featured_media":0,"parent":0,"menu_order":0,"comment_status":"closed","ping_status":"closed","template":"","meta":{"inline_featured_image":false,"_uag_custom_page_level_css":"","site-sidebar-layout":"default","site-content-layout":"","ast-site-content-layout":"default","site-content-style":"default","site-sidebar-style":"default","ast-global-header-display":"","ast-banner-title-visibility":"","ast-main-header-display":"","ast-hfb-above-header-display":"","ast-hfb-below-header-display":"","ast-hfb-mobile-header-display":"","site-post-title":"disabled","ast-breadcrumbs-content":"","ast-featured-img":"","footer-sml-layout":"","theme-transparent-header-meta":"","adv-header-id-meta":"","stick-header-meta":"","header-above-stick-meta":"","header-main-stick-meta":"","header-below-stick-meta":"","astra-migrate-meta-layouts":"set","footnotes":""},"class_list":["post-963","page","type-page","status-publish","hentry"],"uagb_featured_image_src":{"full":false,"thumbnail":false,"medium":false,"medium_large":false,"large":false,"1536x1536":false,"2048x2048":false,"woocommerce_thumbnail":false,"woocommerce_single":false,"woocommerce_gallery_thumbnail":false},"uagb_author_info":{"display_name":"Eleanor Fulton","author_link":"https:\/\/www.directimpactsolutions.com\/fr\/author\/eleanor-fulton\/"},"uagb_comment_info":0,"uagb_excerpt":"T\u00e9moignages : Comment les applications personnalis\u00e9es am\u00e9liorent les processus des entreprises Nous d\u00e9veloppons des applications personnalis\u00e9es depuis 1996. Nos clients proviennent de partout en Am\u00e9rique du Nord ainsi qu\u2019en Europe. Maximizez le potentiel de votre entreprise gr\u00e2ce \u00e0 des applications personnalis\u00e9es Nos clients sont issus tout autant du secteur public, des entreprises de services que\u2026","_links":{"self":[{"href":"https:\/\/www.directimpactsolutions.com\/fr\/wp-json\/wp\/v2\/pages\/963","targetHints":{"allow":["GET"]}}],"collection":[{"href":"https:\/\/www.directimpactsolutions.com\/fr\/wp-json\/wp\/v2\/pages"}],"about":[{"href":"https:\/\/www.directimpactsolutions.com\/fr\/wp-json\/wp\/v2\/types\/page"}],"author":[{"embeddable":true,"href":"https:\/\/www.directimpactsolutions.com\/fr\/wp-json\/wp\/v2\/users\/2"}],"replies":[{"embeddable":true,"href":"https:\/\/www.directimpactsolutions.com\/fr\/wp-json\/wp\/v2\/comments?post=963"}],"version-history":[{"count":62,"href":"https:\/\/www.directimpactsolutions.com\/fr\/wp-json\/wp\/v2\/pages\/963\/revisions"}],"predecessor-version":[{"id":20177,"href":"https:\/\/www.directimpactsolutions.com\/fr\/wp-json\/wp\/v2\/pages\/963\/revisions\/20177"}],"wp:attachment":[{"href":"https:\/\/www.directimpactsolutions.com\/fr\/wp-json\/wp\/v2\/media?parent=963"}],"curies":[{"name":"wp","href":"https:\/\/api.w.org\/{rel}","templated":true}]}}