{"id":17770,"date":"2024-07-25T19:05:53","date_gmt":"2024-07-25T19:05:53","guid":{"rendered":"https:\/\/www.directimpactsolutions.com\/sviluppo-software-personalizzato-new-york\/"},"modified":"2024-07-25T19:05:54","modified_gmt":"2024-07-25T19:05:54","slug":"sviluppo-software-personalizzato-new-york","status":"publish","type":"page","link":"https:\/\/www.directimpactsolutions.com\/it\/sviluppo-software-personalizzato-new-york\/","title":{"rendered":"Sviluppo software personalizzato New York"},"content":{"rendered":"<div class=\"wp-block-uagb-container uagb-block-63bf99e9 alignfull uagb-is-root-container\"><div class=\"uagb-container__shape uagb-container__shape-bottom uagb-container__invert\" data-negative=\"false\"><svg xmlns=\"https:\/\/www.w3.org\/2000\/svg\" viewBox=\"0 0 1000 100\" preserveAspectRatio=\"none\"><path class=\"uagb-container__shape-fill\" d=\"M500,98.9L0,6.1V0h1000v6.1L500,98.9z\"><\/path><\/svg><\/div><div class=\"uagb-container-inner-blocks-wrap\"><div style=\"height:20px\" aria-hidden=\"true\" class=\"wp-block-spacer\"><\/div>\n\n<h1 class=\"wp-block-heading has-ast-global-color-1-color has-text-color\" style=\"font-style:normal;font-weight:400\">Sviluppatori di app New York<\/h1>\n\n<p class=\"has-ast-global-color-1-color has-text-color\">Sviluppo software personalizzato New York | Con la nostra sede principale negli Stati Uniti, situata a New York, disponiamo di un team di sviluppatori e project manager di talento per soddisfare tutte le tue esigenze di trasformazione digitale a New York.<\/p>\n\n<div style=\"height:40px\" aria-hidden=\"true\" class=\"wp-block-spacer\"><\/div><\/div><\/div><div style=\"height:80px\" aria-hidden=\"true\" class=\"wp-block-spacer\"><\/div><h2 class=\"wp-block-heading\" style=\"font-style:normal;font-weight:400\">Azienda di sviluppo software a New York<\/h2><div class=\"wp-block-columns are-vertically-aligned-center is-layout-flex wp-container-core-columns-is-layout-28f84493 wp-block-columns-is-layout-flex\"><div class=\"wp-block-column is-vertically-aligned-center is-layout-flow wp-block-column-is-layout-flow\" style=\"flex-basis:33.33%\"><figure class=\"wp-block-image size-full\"><img loading=\"lazy\" decoding=\"async\" width=\"500\" height=\"500\" src=\"https:\/\/www.directimpactsolutions.com\/wp-content\/uploads\/2023\/11\/Map_CorporateOffices.png\" alt=\"\" class=\"wp-image-15934\" srcset=\"https:\/\/www.directimpactsolutions.com\/wp-content\/uploads\/2023\/11\/Map_CorporateOffices.png 500w, https:\/\/www.directimpactsolutions.com\/wp-content\/uploads\/2023\/11\/Map_CorporateOffices-300x300.png 300w, https:\/\/www.directimpactsolutions.com\/wp-content\/uploads\/2023\/11\/Map_CorporateOffices-150x150.png 150w, https:\/\/www.directimpactsolutions.com\/wp-content\/uploads\/2023\/11\/Map_CorporateOffices-100x100.png 100w\" sizes=\"auto, (max-width: 500px) 100vw, 500px\" \/><\/figure><\/div>\n\n<div class=\"wp-block-column is-vertically-aligned-center is-layout-flow wp-block-column-is-layout-flow\" style=\"flex-basis:66.66%\"><p class=\"has-medium-font-size\">Non ricorriamo all&#8217;outsourcing per soddisfare le nostre esigenze di sviluppo. Abbiamo sviluppatori orgogliosamente situati negli Stati Uniti, in Canada, in Italia e in Francia. <\/p><\/div><\/div><div style=\"height:80px\" aria-hidden=\"true\" class=\"wp-block-spacer\"><\/div><h2 class=\"wp-block-heading\" style=\"font-style:normal;font-weight:400\">Sviluppatori di app a New York<\/h2><div class=\"wp-block-uagb-container uagb-block-b754d3e2 alignfull uagb-is-root-container\"><div class=\"uagb-container-inner-blocks-wrap\"><div class=\"wp-block-uagb-container uagb-block-cd9feb9c\"><div class=\"inherit-container-width wp-block-group is-layout-constrained wp-block-group-is-layout-constrained\"><p>Lo sviluppo di software personalizzato a New York \u00e8 aumentato negli ultimi anni, in quanto le aziende cercano di ottenere un vantaggio competitivo. Le piattaforme di sviluppo web e low-code sono emerse come una scelta popolare per lo sviluppo di software personalizzato, in quanto offrono un&#8217;alternativa pi\u00f9 economica ed efficiente agli approcci di sviluppo tradizionali. <\/p>\n\n<p>Le piattaforme low-code forniscono un&#8217;interfaccia visiva drag-and-drop per la creazione di applicazioni, che richiede una codifica minima. Questo le rende ideali per le aziende che vogliono sviluppare applicazioni personalizzate senza dover ricorrere al costoso e lungo sviluppo web full-stack. Offriamo lo sviluppo low-code su <a href=\"https:\/\/www.directimpactsolutions.com\/en\/claris-filemaker\/\">Claris FileMaker<\/a>, <a href=\"https:\/\/www.directimpactsolutions.com\/en\/outsystems\/\">OutSystems<\/a> e <a href=\"https:\/\/www.directimpactsolutions.com\/en\/toca-io\/\" data-type=\"page\" data-id=\"11058\">Toca.io<\/a> piattaforme.  <\/p>\n\n<p>Le piattaforme di sviluppo web, invece, sono tipicamente orientate agli sviluppatori che desiderano costruire sofisticate <a href=\"https:\/\/www.directimpactsolutions.com\/en\/web-applications\/\" data-type=\"page\" data-id=\"167\">applicazioni web<\/a>. Piattaforme come Laravel, con una vasta libreria di componenti precostituiti, riducono il divario tra lo sviluppo low-code e quello di applicazioni web, rendendo lo sviluppo pi\u00f9 veloce ed economico. Il framework PHP <a href=\"https:\/\/www.directimpactsolutions.com\/en\/laravel\/\">Laravel<\/a> fornisce tutti gli strumenti e i framework necessari per creare applicazioni personalizzate.  <\/p>\n\n<p>Entrambe le piattaforme di sviluppo low-code e web offrono una serie di vantaggi che le rendono opzioni interessanti per lo sviluppo di software personalizzato a New York. Permettono alle aziende di sviluppare e distribuire rapidamente applicazioni personalizzate con un investimento iniziale minimo. Inoltre, queste piattaforme offrono un elevato grado di flessibilit\u00e0 e scalabilit\u00e0, che \u00e8 essenziale per le aziende che vogliono essere sempre all&#8217;avanguardia.  <\/p>\n\n<p>Scopri di pi\u00f9 sui nostri <a href=\"https:\/\/www.directimpactsolutions.com\/en\/team\/\" data-type=\"URL\" data-id=\"\/en\/team\/\">sviluppatori di software &gt;&gt;<\/a> <\/p><\/div><\/div>\n\n<div class=\"wp-block-uagb-container uagb-block-b0348228\"><figure class=\"wp-block-image size-large is-resized\"><img loading=\"lazy\" decoding=\"async\" width=\"1024\" height=\"683\" src=\"https:\/\/www.directimpactsolutions.com\/wp-content\/uploads\/2023\/05\/software-developer-new-york-1024x683.jpg\" alt=\"Sviluppatori di app a New York\" class=\"wp-image-12159\" style=\"width:975px;height:650px\" srcset=\"https:\/\/www.directimpactsolutions.com\/wp-content\/uploads\/2023\/05\/software-developer-new-york-1024x683.jpg 1024w, https:\/\/www.directimpactsolutions.com\/wp-content\/uploads\/2023\/05\/software-developer-new-york-300x200.jpg 300w, https:\/\/www.directimpactsolutions.com\/wp-content\/uploads\/2023\/05\/software-developer-new-york-768x512.jpg 768w, https:\/\/www.directimpactsolutions.com\/wp-content\/uploads\/2023\/05\/software-developer-new-york-1536x1025.jpg 1536w, https:\/\/www.directimpactsolutions.com\/wp-content\/uploads\/2023\/05\/software-developer-new-york-2048x1367.jpg 2048w, https:\/\/www.directimpactsolutions.com\/wp-content\/uploads\/2023\/05\/software-developer-new-york-600x400.jpg 600w\" sizes=\"auto, (max-width: 1024px) 100vw, 1024px\" \/><\/figure><\/div><\/div><\/div><div style=\"height:80px\" aria-hidden=\"true\" class=\"wp-block-spacer\"><\/div><h2 class=\"wp-block-heading\" style=\"font-style:normal;font-weight:400\">Sviluppo di app personalizzate NYC<\/h2><div class=\"wp-block-uagb-container uagb-block-7800753b alignfull uagb-is-root-container\"><div class=\"uagb-container-inner-blocks-wrap\"><div class=\"wp-block-uagb-container uagb-block-a0f2bff9\"><figure class=\"wp-block-image size-large is-resized\"><img loading=\"lazy\" decoding=\"async\" width=\"1024\" height=\"683\" src=\"https:\/\/www.directimpactsolutions.com\/wp-content\/uploads\/2023\/05\/custom-software-new-york-1-1024x683.jpg\" alt=\"Sviluppo di app personalizzate NYC\" class=\"wp-image-12178\" style=\"width:602px;height:401px\" srcset=\"https:\/\/www.directimpactsolutions.com\/wp-content\/uploads\/2023\/05\/custom-software-new-york-1-1024x683.jpg 1024w, https:\/\/www.directimpactsolutions.com\/wp-content\/uploads\/2023\/05\/custom-software-new-york-1-300x200.jpg 300w, https:\/\/www.directimpactsolutions.com\/wp-content\/uploads\/2023\/05\/custom-software-new-york-1-768x512.jpg 768w, https:\/\/www.directimpactsolutions.com\/wp-content\/uploads\/2023\/05\/custom-software-new-york-1-1536x1024.jpg 1536w, https:\/\/www.directimpactsolutions.com\/wp-content\/uploads\/2023\/05\/custom-software-new-york-1-2048x1365.jpg 2048w, https:\/\/www.directimpactsolutions.com\/wp-content\/uploads\/2023\/05\/custom-software-new-york-1-600x400.jpg 600w\" sizes=\"auto, (max-width: 1024px) 100vw, 1024px\" \/><\/figure><\/div>\n\n<div class=\"wp-block-uagb-container uagb-block-cb8c0d71\"><div class=\"inherit-container-width wp-block-group is-layout-constrained wp-block-group-is-layout-constrained\"><p>Offriamo servizi di sviluppo di applicazioni web e mobile flessibili e adatti alle tue esigenze specifiche. Il nostro team di sviluppatori esperti lavorer\u00e0 con te per creare una soluzione personalizzata che si adatti al tuo budget e alle tue tempistiche. Abbiamo una comprovata esperienza nella realizzazione di progetti di alta qualit\u00e0 e di successo per i nostri clienti. Contattaci oggi stesso per saperne di pi\u00f9 sui nostri servizi di sviluppo di applicazioni web e mobili personalizzate.   <\/p>\n\n<p>A <a href=\"https:\/\/www.directimpactsolutions.com\/it\/\" data-type=\"URL\" data-id=\"https:\/\/www.directimpactsolutions.com\/it\/\">Direct Impact Solutions<\/a> sappiamo che non tutte le aziende hanno le stesse esigenze in fatto di applicazioni web e mobile. Ecco perch\u00e9 offriamo opzioni di sviluppo flessibili che si adattano alle esigenze specifiche di ogni cliente. <\/p>\n\n<p>Che tu abbia bisogno di una semplice applicazione o di un complesso sistema aziendale, il nostro team di sviluppatori esperti pu\u00f2 creare una soluzione personalizzata che soddisfi le tue esigenze specifiche. Offriamo anche lo sviluppo di app per dispositivi mobili per chi vuole raggiungere i propri clienti (o dipendenti) in movimento. <\/p>\n\n<p>Siamo presenti anche in <a href=\"https:\/\/www.directimpactsolutions.com\/en\/development-service-ontario\/\">Ontario<\/a>, <a href=\"https:\/\/www.directimpactsolutions.com\/en\/app-development-california\/\">Californie<\/a>, <a href=\"https:\/\/www.directimpactsolutions.com\/it\/sviluppatori-di-app-los-angeles\/\">Los Angeles<\/a>, <a href=\"https:\/\/www.directimpactsolutions.com\/it\/sviluppatori-di-app-a-san-francisco\/\" data-type=\"URL\" data-id=\"https:\/\/www.directimpactsolutions.com\/it\/sviluppatori-di-app-a-san-francisco\/\">San Francisco<\/a>, <a href=\"https:\/\/www.directimpactsolutions.com\/it\/sviluppatori-di-app-boston\/\">Boston<\/a>, <a href=\"https:\/\/www.directimpactsolutions.com\/it\/sviluppatori-di-applicazioni-montreal\/\">Montreal<\/a> e <a href=\"https:\/\/www.directimpactsolutions.com\/en\/custom-software-development-toronto\/\">Toronto<\/a>.<\/p><\/div><\/div><\/div><\/div><div style=\"height:80px\" aria-hidden=\"true\" class=\"wp-block-spacer\"><\/div><div class=\"wp-block-uagb-faq uagb-faq__outer-wrap uagb-block-9947e182 uagb-faq-icon-row uagb-faq-layout-accordion uagb-faq-expand-first-true uagb-faq-inactive-other-true uagb-faq__wrap uagb-buttons-layout-wrap uagb-faq-equal-height     \" data-faqtoggle=\"true\" role=\"tablist\"><div class=\"wp-block-uagb-faq-child uagb-faq-child__outer-wrap uagb-faq-item uagb-block-17530db9 \" role=\"tab\" tabindex=\"0\"><div class=\"uagb-faq-questions-button uagb-faq-questions\">\t\t\t<span class=\"uagb-icon uagb-faq-icon-wrap\">\n\t\t\t\t\t\t\t\t<svg xmlns=\"https:\/\/www.w3.org\/2000\/svg\" viewBox= \"0 0 448 512\"><path d=\"M432 256c0 17.69-14.33 32.01-32 32.01H256v144c0 17.69-14.33 31.99-32 31.99s-32-14.3-32-31.99v-144H48c-17.67 0-32-14.32-32-32.01s14.33-31.99 32-31.99H192v-144c0-17.69 14.33-32.01 32-32.01s32 14.32 32 32.01v144h144C417.7 224 432 238.3 432 256z\"><\/path><\/svg>\n\t\t\t\t\t\t\t<\/span>\n\t\t\t\t\t\t<span class=\"uagb-icon-active uagb-faq-icon-wrap\">\n\t\t\t\t\t\t\t\t<svg xmlns=\"https:\/\/www.w3.org\/2000\/svg\" viewBox= \"0 0 448 512\"><path d=\"M400 288h-352c-17.69 0-32-14.32-32-32.01s14.31-31.99 32-31.99h352c17.69 0 32 14.3 32 31.99S417.7 288 400 288z\"><\/path><\/svg>\n\t\t\t\t\t\t\t<\/span>\n\t\t\t<span class=\"uagb-question\"><strong>Dove si trova il vostro team di sviluppo software?<\/strong><\/span><\/div><div class=\"uagb-faq-content\"><p>Il nostro team \u00e8 distribuito tra Stati Uniti, Canada e Francia. Tuttavia, il nostro centro di sviluppo software si trova a New York. Indipendentemente dalla loro posizione geografica, tutti i membri del nostro team lavorano a stretto contatto per offrire le migliori soluzioni software ai nostri clienti.  <\/p><\/div><\/div><div class=\"wp-block-uagb-faq-child uagb-faq-child__outer-wrap uagb-faq-item uagb-block-2c524032 \" role=\"tab\" tabindex=\"0\"><div class=\"uagb-faq-questions-button uagb-faq-questions\">\t\t\t<span class=\"uagb-icon uagb-faq-icon-wrap\">\n\t\t\t\t\t\t\t\t<svg xmlns=\"https:\/\/www.w3.org\/2000\/svg\" viewBox= \"0 0 448 512\"><path d=\"M432 256c0 17.69-14.33 32.01-32 32.01H256v144c0 17.69-14.33 31.99-32 31.99s-32-14.3-32-31.99v-144H48c-17.67 0-32-14.32-32-32.01s14.33-31.99 32-31.99H192v-144c0-17.69 14.33-32.01 32-32.01s32 14.32 32 32.01v144h144C417.7 224 432 238.3 432 256z\"><\/path><\/svg>\n\t\t\t\t\t\t\t<\/span>\n\t\t\t\t\t\t<span class=\"uagb-icon-active uagb-faq-icon-wrap\">\n\t\t\t\t\t\t\t\t<svg xmlns=\"https:\/\/www.w3.org\/2000\/svg\" viewBox= \"0 0 448 512\"><path d=\"M400 288h-352c-17.69 0-32-14.32-32-32.01s14.31-31.99 32-31.99h352c17.69 0 32 14.3 32 31.99S417.7 288 400 288z\"><\/path><\/svg>\n\t\t\t\t\t\t\t<\/span>\n\t\t\t<span class=\"uagb-question\"><strong>Ho una sede fuori New York, posso comunque usufruire dei vostri servizi?<\/strong><\/span><\/div><div class=\"uagb-faq-content\"><p>Assolutamente s\u00ec! Il nostro team \u00e8 abile nella collaborazione a distanza e nella gestione dei progetti. Nonostante la nostra presenza fisica a New York, serviamo clienti di tutto il mondo, fornendo servizi di sviluppo software di alto livello che soddisfano una vasta gamma di esigenze.  <\/p><\/div><\/div><div class=\"wp-block-uagb-faq-child uagb-faq-child__outer-wrap uagb-faq-item uagb-block-fa496576 \" role=\"tab\" tabindex=\"0\"><div class=\"uagb-faq-questions-button uagb-faq-questions\">\t\t\t<span class=\"uagb-icon uagb-faq-icon-wrap\">\n\t\t\t\t\t\t\t\t<svg xmlns=\"https:\/\/www.w3.org\/2000\/svg\" viewBox= \"0 0 448 512\"><path d=\"M432 256c0 17.69-14.33 32.01-32 32.01H256v144c0 17.69-14.33 31.99-32 31.99s-32-14.3-32-31.99v-144H48c-17.67 0-32-14.32-32-32.01s14.33-31.99 32-31.99H192v-144c0-17.69 14.33-32.01 32-32.01s32 14.32 32 32.01v144h144C417.7 224 432 238.3 432 256z\"><\/path><\/svg>\n\t\t\t\t\t\t\t<\/span>\n\t\t\t\t\t\t<span class=\"uagb-icon-active uagb-faq-icon-wrap\">\n\t\t\t\t\t\t\t\t<svg xmlns=\"https:\/\/www.w3.org\/2000\/svg\" viewBox= \"0 0 448 512\"><path d=\"M400 288h-352c-17.69 0-32-14.32-32-32.01s14.31-31.99 32-31.99h352c17.69 0 32 14.3 32 31.99S417.7 288 400 288z\"><\/path><\/svg>\n\t\t\t\t\t\t\t<\/span>\n\t\t\t<span class=\"uagb-question\"><strong>Esternalizzate alcuni dei vostri progetti o tutto il lavoro viene svolto internamente?<\/strong><\/span><\/div><div class=\"uagb-faq-content\"><p>Abbiamo una forte politica contro l&#8217;esternalizzazione dei nostri progetti. Tutto il nostro lavoro \u00e8 orgogliosamente realizzato all&#8217;interno dell&#8217;azienda dai nostri esperti sviluppatori, indipendentemente dalla loro posizione geografica. Questo ci permette di mantenere l&#8217;alta qualit\u00e0 e l&#8217;affidabilit\u00e0 che i nostri clienti si aspettano da noi.  <\/p><\/div><\/div><\/div><div style=\"height:80px\" aria-hidden=\"true\" class=\"wp-block-spacer\"><\/div><div class=\"wp-block-uagb-container uagb-block-a25d77f9 alignfull uagb-is-root-container\"><div class=\"uagb-container-inner-blocks-wrap\"><h3 class=\"wp-block-heading has-text-align-center has-ast-global-color-2-color has-text-color\">Hai un progetto in mente?<\/h3>\n\n<div class=\"wp-block-buttons is-content-justification-center is-layout-flex wp-container-core-buttons-is-layout-a89b3969 wp-block-buttons-is-layout-flex\"><div class=\"wp-block-button\"><a class=\"wp-block-button__link has-text-align-center wp-element-button\" href=\"https:\/\/www.directimpactsolutions.com\/en\/contact-us\/\">CONTATTACI<\/a><\/div><\/div><\/div><\/div><div style=\"height:80px\" aria-hidden=\"true\" class=\"wp-block-spacer\"><\/div>","protected":false},"excerpt":{"rendered":"<p>Sviluppatori di app New York Sviluppo software personalizzato New York | Con la nostra sede principale negli Stati Uniti, situata a New York, disponiamo di un team di sviluppatori e project manager di talento per soddisfare tutte le tue esigenze di trasformazione digitale a New York. Azienda di sviluppo software a New York Non ricorriamo &hellip;<\/p>\n<p class=\"read-more\"> <a class=\"\" href=\"https:\/\/www.directimpactsolutions.com\/it\/sviluppo-software-personalizzato-new-york\/\"> <span class=\"screen-reader-text\">Sviluppo software personalizzato New York<\/span> Leggi altro &raquo;<\/a><\/p>\n","protected":false},"author":2,"featured_media":0,"parent":0,"menu_order":0,"comment_status":"closed","ping_status":"closed","template":"","meta":{"inline_featured_image":false,"_uag_custom_page_level_css":"","site-sidebar-layout":"default","site-content-layout":"","ast-site-content-layout":"default","site-content-style":"default","site-sidebar-style":"default","ast-global-header-display":"","ast-banner-title-visibility":"","ast-main-header-display":"","ast-hfb-above-header-display":"","ast-hfb-below-header-display":"","ast-hfb-mobile-header-display":"","site-post-title":"disabled","ast-breadcrumbs-content":"","ast-featured-img":"","footer-sml-layout":"","theme-transparent-header-meta":"","adv-header-id-meta":"","stick-header-meta":"","header-above-stick-meta":"","header-main-stick-meta":"","header-below-stick-meta":"","astra-migrate-meta-layouts":"","footnotes":""},"class_list":["post-17770","page","type-page","status-publish","hentry"],"uagb_featured_image_src":{"full":false,"thumbnail":false,"medium":false,"medium_large":false,"large":false,"1536x1536":false,"2048x2048":false,"woocommerce_thumbnail":false,"woocommerce_single":false,"woocommerce_gallery_thumbnail":false},"uagb_author_info":{"display_name":"Eleanor Fulton","author_link":"https:\/\/www.directimpactsolutions.com\/it\/author\/eleanor-fulton\/"},"uagb_comment_info":0,"uagb_excerpt":"Sviluppatori di app New York Sviluppo software personalizzato New York | Con la nostra sede principale negli Stati Uniti, situata a New York, disponiamo di un team di sviluppatori e project manager di talento per soddisfare tutte le tue esigenze di trasformazione digitale a New York. Azienda di sviluppo software a New York Non ricorriamo&hellip;","_links":{"self":[{"href":"https:\/\/www.directimpactsolutions.com\/it\/wp-json\/wp\/v2\/pages\/17770","targetHints":{"allow":["GET"]}}],"collection":[{"href":"https:\/\/www.directimpactsolutions.com\/it\/wp-json\/wp\/v2\/pages"}],"about":[{"href":"https:\/\/www.directimpactsolutions.com\/it\/wp-json\/wp\/v2\/types\/page"}],"author":[{"embeddable":true,"href":"https:\/\/www.directimpactsolutions.com\/it\/wp-json\/wp\/v2\/users\/2"}],"replies":[{"embeddable":true,"href":"https:\/\/www.directimpactsolutions.com\/it\/wp-json\/wp\/v2\/comments?post=17770"}],"version-history":[{"count":1,"href":"https:\/\/www.directimpactsolutions.com\/it\/wp-json\/wp\/v2\/pages\/17770\/revisions"}],"predecessor-version":[{"id":17771,"href":"https:\/\/www.directimpactsolutions.com\/it\/wp-json\/wp\/v2\/pages\/17770\/revisions\/17771"}],"wp:attachment":[{"href":"https:\/\/www.directimpactsolutions.com\/it\/wp-json\/wp\/v2\/media?parent=17770"}],"curies":[{"name":"wp","href":"https:\/\/api.w.org\/{rel}","templated":true}]}}