{"id":17773,"date":"2024-07-30T19:31:44","date_gmt":"2024-07-30T19:31:44","guid":{"rendered":"https:\/\/www.directimpactsolutions.com\/sviluppo-software-personalizzato-toronto\/"},"modified":"2024-07-30T19:32:09","modified_gmt":"2024-07-30T19:32:09","slug":"sviluppo-software-personalizzato-toronto","status":"publish","type":"page","link":"https:\/\/www.directimpactsolutions.com\/it\/sviluppo-software-personalizzato-toronto\/","title":{"rendered":"Sviluppo software personalizzato Toronto"},"content":{"rendered":"<div class=\"wp-block-uagb-container uagb-block-3dd560df alignfull uagb-is-root-container\"><div class=\"uagb-container__shape uagb-container__shape-bottom uagb-container__invert\" data-negative=\"false\"><svg xmlns=\"https:\/\/www.w3.org\/2000\/svg\" viewBox=\"0 0 1000 100\" preserveAspectRatio=\"none\"><path class=\"uagb-container__shape-fill\" d=\"M500,98.9L0,6.1V0h1000v6.1L500,98.9z\"><\/path><\/svg><\/div><div class=\"uagb-container-inner-blocks-wrap\"><div style=\"height:20px\" aria-hidden=\"true\" class=\"wp-block-spacer\"><\/div>\n\n<h1 class=\"wp-block-heading has-ast-global-color-1-color has-text-color\" style=\"font-style:normal;font-weight:400\">Sviluppo software personalizzato Toronto<\/h1>\n\n<p class=\"has-ast-global-color-1-color has-text-color\">Direct Impact Solutions | Con un team basato a Toronto, saremo lieti di soddisfare tutte le tue esigenze di sviluppo di applicazioni personalizzate nella Greater Toronto Area.<\/p>\n\n<div style=\"height:40px\" aria-hidden=\"true\" class=\"wp-block-spacer\"><\/div><\/div><\/div><div style=\"height:80px\" aria-hidden=\"true\" class=\"wp-block-spacer\"><\/div><div class=\"wp-block-uagb-container uagb-block-91af0948 alignfull uagb-is-root-container\"><div class=\"uagb-container-inner-blocks-wrap\"><div class=\"wp-block-uagb-container uagb-block-665fc560\"><div class=\"wp-block-uagb-image uagb-block-2b4158a5 wp-block-uagb-image--layout-default wp-block-uagb-image--effect-static wp-block-uagb-image--align-none\"><figure class=\"wp-block-uagb-image__figure\"><img decoding=\"async\" srcset=\"https:\/\/www.directimpactsolutions.com\/wp-content\/uploads\/2023\/05\/Map_CorporateOffices.jpg \" sizes=\"auto, (max-width: 480px) 150px\" src=\"https:\/\/www.directimpactsolutions.com\/wp-content\/uploads\/2023\/05\/Map_CorporateOffices.jpg\" alt=\"\" class=\"uag-image-11453\" width=\"500\" height=\"500\" title=\"\" loading=\"lazy\"\/><\/figure><\/div><\/div>\n\n<div class=\"wp-block-uagb-container uagb-block-ddd2b06f\"><p class=\"has-ast-global-color-6-color has-text-color has-medium-font-size\">We don\u2019t use outsourcing to meet our development needs. We have developers proudly located in the U.S., Canada and France.<\/p><\/div><\/div><\/div><div style=\"height:80px\" aria-hidden=\"true\" class=\"wp-block-spacer\"><\/div><h2 class=\"wp-block-heading\" style=\"font-style:normal;font-weight:400\">Servizi di sviluppo software personalizzato a Toronto<\/h2><div class=\"wp-block-uagb-container uagb-block-52d7b505 alignfull uagb-is-root-container\"><div class=\"uagb-container-inner-blocks-wrap\"><div class=\"wp-block-uagb-container uagb-block-1ea671be\"><div class=\"inherit-container-width wp-block-group is-layout-constrained wp-block-group-is-layout-constrained\"><p>Se stai cercando un&#8217;azienda che sviluppi un software personalizzato per la tua attivit\u00e0, <a href=\"https:\/\/www.directimpactsolutions.com\/it\/\" data-type=\"URL\" data-id=\"https:\/\/www.directimpactsolutions.com\/it\/\">Direct Impact Solutions<\/a> \u00e8 un ottimo punto di partenza. Ci occupiamo da anni di sviluppo di software personalizzati e abbiamo l&#8217;esperienza e le conoscenze necessarie per aiutarti a ottenere il massimo dal tuo investimento. <\/p>\n\n<p>Sappiamo che ogni azienda \u00e8 diversa e per questo offriamo un approccio personalizzato a ogni progetto che intraprendiamo. Lavoreremo con te per capire le tue esigenze e i tuoi requisiti specifici e poi creeremo una soluzione personalizzata che li soddisfi (ad esempio <a href=\"https:\/\/www.directimpactsolutions.com\/en\/web-applications\/\" data-type=\"URL\" data-id=\"https:\/\/www.directimpactsolutions.com\/en\/web-applications\/\">Applicazioni web personalizzate<\/a>, <a href=\"https:\/\/www.directimpactsolutions.com\/en\/laravel\/\" data-type=\"URL\" data-id=\"https:\/\/www.directimpactsolutions.com\/en\/laravel\/\">Laravel<\/a>) <\/p>\n\n<p>Non ci sono due aziende uguali, quindi perch\u00e9 accontentarsi di un software gi\u00e0 pronto che potrebbe non essere perfetto? Con lo sviluppo di un software personalizzato da parte di un&#8217;azienda affidabile come la nostra, puoi essere certo di ottenere esattamente ci\u00f2 di cui hai bisogno. Scopri come abbiamo iniziato la nostra attivit\u00e0 a Toronto. Custom Software Development Services Toronto  <\/p><\/div><\/div>\n\n<div class=\"wp-block-uagb-container uagb-block-441f0505\"><figure class=\"wp-block-image size-large\"><img loading=\"lazy\" decoding=\"async\" width=\"1024\" height=\"685\" src=\"https:\/\/www.directimpactsolutions.com\/wp-content\/uploads\/2023\/06\/custom-software-development-toronto-1024x685.jpg\" alt=\"Servizi di sviluppo software personalizzato a Toronto\" class=\"wp-image-12723\" srcset=\"https:\/\/www.directimpactsolutions.com\/wp-content\/uploads\/2023\/06\/custom-software-development-toronto-1024x685.jpg 1024w, https:\/\/www.directimpactsolutions.com\/wp-content\/uploads\/2023\/06\/custom-software-development-toronto-300x201.jpg 300w, https:\/\/www.directimpactsolutions.com\/wp-content\/uploads\/2023\/06\/custom-software-development-toronto-768x513.jpg 768w, https:\/\/www.directimpactsolutions.com\/wp-content\/uploads\/2023\/06\/custom-software-development-toronto-600x401.jpg 600w, https:\/\/www.directimpactsolutions.com\/wp-content\/uploads\/2023\/06\/custom-software-development-toronto.jpg 1430w\" sizes=\"auto, (max-width: 1024px) 100vw, 1024px\" \/><\/figure><\/div><\/div><\/div><div style=\"height:80px\" aria-hidden=\"true\" class=\"wp-block-spacer\"><\/div><h2 class=\"wp-block-heading\" style=\"font-style:normal;font-weight:400\">Sviluppatori di app a Toronto<\/h2><div class=\"wp-block-uagb-container uagb-block-f2bd47f1 alignfull uagb-is-root-container\"><div class=\"uagb-container-inner-blocks-wrap\"><div class=\"wp-block-uagb-container uagb-block-96d27a15\"><figure class=\"wp-block-image size-large is-resized\"><img loading=\"lazy\" decoding=\"async\" width=\"1024\" height=\"685\" src=\"https:\/\/www.directimpactsolutions.com\/wp-content\/uploads\/2023\/06\/App-Developers-Toronto-1024x685.jpg\" alt=\"Sviluppatori di app a Toronto\" class=\"wp-image-12725\" style=\"width:607px;height:406px\" srcset=\"https:\/\/www.directimpactsolutions.com\/wp-content\/uploads\/2023\/06\/App-Developers-Toronto-1024x685.jpg 1024w, https:\/\/www.directimpactsolutions.com\/wp-content\/uploads\/2023\/06\/App-Developers-Toronto-300x201.jpg 300w, https:\/\/www.directimpactsolutions.com\/wp-content\/uploads\/2023\/06\/App-Developers-Toronto-768x513.jpg 768w, https:\/\/www.directimpactsolutions.com\/wp-content\/uploads\/2023\/06\/App-Developers-Toronto-600x401.jpg 600w, https:\/\/www.directimpactsolutions.com\/wp-content\/uploads\/2023\/06\/App-Developers-Toronto.jpg 1430w\" sizes=\"auto, (max-width: 1024px) 100vw, 1024px\" \/><\/figure><\/div>\n\n<div class=\"wp-block-uagb-container uagb-block-f3e5cd65\"><div class=\"inherit-container-width wp-block-group is-layout-constrained wp-block-group-is-layout-constrained\"><p>Essendo la citt\u00e0 pi\u00f9 popolosa del Canada, Toronto \u00e8 un focolaio di attivit\u00e0 di sviluppo di app. Con una popolazione di oltre 2,8 milioni di persone, la GTA (Greater Toronto Area) ospita un ampio e diversificato bacino di sviluppatori di app con una vasta gamma di competenze ed esperienze. <\/p>\n\n<p>Che tu voglia sviluppare un&#8217;applicazione aziendale complessa o una semplice applicazione rivolta ai consumatori, con Direct Impact Solutions troverai il team e la piattaforma pi\u00f9 adatti alle tue esigenze. Inoltre, grazie alla sede del nostro team nella GTA, siamo perfettamente in grado di servire i clienti di tutta la Greater Toronto Area. <\/p>\n\n<p>Quindi, se stai cercando sviluppatori di app a Toronto, non cercare oltre Direct Impact Solutions. Abbiamo l&#8217;esperienza, la competenza e l&#8217;impegno per la qualit\u00e0 di cui hai bisogno per far decollare il tuo progetto e portarlo nelle mani degli utenti. Contattaci oggi stesso per saperne di pi\u00f9 sui nostri servizi e su come possiamo aiutarti a dare vita alla tua visione.  <\/p>\n\n<p>Siamo presenti anche in <a href=\"https:\/\/www.directimpactsolutions.com\/en\/development-service-ontario\/\">Ontario<\/a>, <a href=\"https:\/\/www.directimpactsolutions.com\/en\/app-development-california\/\">Californie<\/a>, <a href=\"https:\/\/www.directimpactsolutions.com\/it\/sviluppatori-di-app-los-angeles\/\">Los Angeles<\/a>, <a href=\"https:\/\/www.directimpactsolutions.com\/it\/sviluppatori-di-app-a-san-francisco\/\">San Francisco<\/a>, <a href=\"https:\/\/www.directimpactsolutions.com\/it\/sviluppo-software-personalizzato-new-york\/\">New-York<\/a>, <a href=\"https:\/\/www.directimpactsolutions.com\/it\/sviluppatori-di-app-boston\/\" data-type=\"URL\" data-id=\"https:\/\/www.directimpactsolutions.com\/it\/sviluppatori-di-app-boston\/\">Boston<\/a>, e <a href=\"https:\/\/www.directimpactsolutions.com\/it\/sviluppatori-di-applicazioni-montreal\/\" data-type=\"URL\" data-id=\"https:\/\/www.directimpactsolutions.com\/en\/application-developers-montreal\/\">Montreal<\/a>.<\/p><\/div><\/div><\/div><\/div><div style=\"height:80px\" aria-hidden=\"true\" class=\"wp-block-spacer\"><\/div><div class=\"wp-block-uagb-faq uagb-faq__outer-wrap uagb-block-f9979267 uagb-faq-icon-row uagb-faq-layout-accordion uagb-faq-expand-first-true uagb-faq-inactive-other-true uagb-faq__wrap uagb-buttons-layout-wrap uagb-faq-equal-height     \" data-faqtoggle=\"true\" role=\"tablist\"><div class=\"wp-block-uagb-faq-child uagb-faq-child__outer-wrap uagb-faq-item uagb-block-76cbad3e \" role=\"tab\" tabindex=\"0\"><div class=\"uagb-faq-questions-button uagb-faq-questions\">\t\t\t<span class=\"uagb-icon uagb-faq-icon-wrap\">\n\t\t\t\t\t\t\t\t<svg xmlns=\"https:\/\/www.w3.org\/2000\/svg\" viewBox= \"0 0 448 512\"><path d=\"M432 256c0 17.69-14.33 32.01-32 32.01H256v144c0 17.69-14.33 31.99-32 31.99s-32-14.3-32-31.99v-144H48c-17.67 0-32-14.32-32-32.01s14.33-31.99 32-31.99H192v-144c0-17.69 14.33-32.01 32-32.01s32 14.32 32 32.01v144h144C417.7 224 432 238.3 432 256z\"><\/path><\/svg>\n\t\t\t\t\t\t\t<\/span>\n\t\t\t\t\t\t<span class=\"uagb-icon-active uagb-faq-icon-wrap\">\n\t\t\t\t\t\t\t\t<svg xmlns=\"https:\/\/www.w3.org\/2000\/svg\" viewBox= \"0 0 448 512\"><path d=\"M400 288h-352c-17.69 0-32-14.32-32-32.01s14.31-31.99 32-31.99h352c17.69 0 32 14.3 32 31.99S417.7 288 400 288z\"><\/path><\/svg>\n\t\t\t\t\t\t\t<\/span>\n\t\t\t<span class=\"uagb-question\"><strong>Dove ha sede Direct Impact Solutions e quali aree serve?<\/strong><\/span><\/div><div class=\"uagb-faq-content\"><p>Direct Impact Solutions ha sede nella Greater Toronto Area (GTA), la citt\u00e0 pi\u00f9 popolosa del Canada. L&#8217;ubicazione in una regione cos\u00ec vivace e diversificata ci permette di servire i clienti in tutta la GTA in modo efficace ed efficiente. <\/p><\/div><\/div><div class=\"wp-block-uagb-faq-child uagb-faq-child__outer-wrap uagb-faq-item uagb-block-e415b511 \" role=\"tab\" tabindex=\"0\"><div class=\"uagb-faq-questions-button uagb-faq-questions\">\t\t\t<span class=\"uagb-icon uagb-faq-icon-wrap\">\n\t\t\t\t\t\t\t\t<svg xmlns=\"https:\/\/www.w3.org\/2000\/svg\" viewBox= \"0 0 448 512\"><path d=\"M432 256c0 17.69-14.33 32.01-32 32.01H256v144c0 17.69-14.33 31.99-32 31.99s-32-14.3-32-31.99v-144H48c-17.67 0-32-14.32-32-32.01s14.33-31.99 32-31.99H192v-144c0-17.69 14.33-32.01 32-32.01s32 14.32 32 32.01v144h144C417.7 224 432 238.3 432 256z\"><\/path><\/svg>\n\t\t\t\t\t\t\t<\/span>\n\t\t\t\t\t\t<span class=\"uagb-icon-active uagb-faq-icon-wrap\">\n\t\t\t\t\t\t\t\t<svg xmlns=\"https:\/\/www.w3.org\/2000\/svg\" viewBox= \"0 0 448 512\"><path d=\"M400 288h-352c-17.69 0-32-14.32-32-32.01s14.31-31.99 32-31.99h352c17.69 0 32 14.3 32 31.99S417.7 288 400 288z\"><\/path><\/svg>\n\t\t\t\t\t\t\t<\/span>\n\t\t\t<span class=\"uagb-question\"><strong>In che modo l&#8217;ubicazione di Direct Impact Solutions a Toronto \u00e8 vantaggiosa per il mio progetto di sviluppo di software o applicazioni personalizzate?<\/strong><\/span><\/div><div class=\"uagb-faq-content\"><p>Toronto ospita un gruppo di sviluppatori di app ampio e diversificato, che offre una vasta gamma di competenze ed esperienze. Il team di Direct Impact Solutions sfrutta queste risorse per garantire servizi di sviluppo di software e app personalizzate di altissimo livello. Inoltre, la nostra presenza locale ci rende prontamente disponibili per consulenze e assistenza durante tutto il progetto.  <\/p><\/div><\/div><div class=\"wp-block-uagb-faq-child uagb-faq-child__outer-wrap uagb-faq-item uagb-block-851b15bc \" role=\"tab\" tabindex=\"0\"><div class=\"uagb-faq-questions-button uagb-faq-questions\">\t\t\t<span class=\"uagb-icon uagb-faq-icon-wrap\">\n\t\t\t\t\t\t\t\t<svg xmlns=\"https:\/\/www.w3.org\/2000\/svg\" viewBox= \"0 0 448 512\"><path d=\"M432 256c0 17.69-14.33 32.01-32 32.01H256v144c0 17.69-14.33 31.99-32 31.99s-32-14.3-32-31.99v-144H48c-17.67 0-32-14.32-32-32.01s14.33-31.99 32-31.99H192v-144c0-17.69 14.33-32.01 32-32.01s32 14.32 32 32.01v144h144C417.7 224 432 238.3 432 256z\"><\/path><\/svg>\n\t\t\t\t\t\t\t<\/span>\n\t\t\t\t\t\t<span class=\"uagb-icon-active uagb-faq-icon-wrap\">\n\t\t\t\t\t\t\t\t<svg xmlns=\"https:\/\/www.w3.org\/2000\/svg\" viewBox= \"0 0 448 512\"><path d=\"M400 288h-352c-17.69 0-32-14.32-32-32.01s14.31-31.99 32-31.99h352c17.69 0 32 14.3 32 31.99S417.7 288 400 288z\"><\/path><\/svg>\n\t\t\t\t\t\t\t<\/span>\n\t\t\t<span class=\"uagb-question\"><strong>Come posso contattare Direct Impact Solutions per un progetto di sviluppo di software o applicazioni personalizzate se mi trovo a Toronto o nella Greater Toronto Area?<\/strong><\/span><\/div><div class=\"uagb-faq-content\"><p>Se ti trovi a Toronto o nella Greater Toronto Area e stai cercando servizi di sviluppo di software o applicazioni personalizzate, puoi rivolgerti facilmente a Direct Impact Solutions. Siamo perfettamente in grado di soddisfare le tue esigenze. Visita la sezione &#8220;Contattaci&#8221; del nostro sito per saperne di pi\u00f9 su come dare vita alla tua visione con il nostro aiuto.  <\/p><\/div><\/div><\/div><div style=\"height:80px\" aria-hidden=\"true\" class=\"wp-block-spacer\"><\/div><div class=\"inherit-container-width wp-block-group is-layout-constrained wp-block-group-is-layout-constrained\"><h3 class=\"wp-block-heading has-text-align-center has-ast-global-color-2-color has-text-color\">Have a Project in Mind?<\/h3>\n\n<div class=\"wp-block-buttons is-content-justification-center is-layout-flex wp-container-core-buttons-is-layout-a89b3969 wp-block-buttons-is-layout-flex\"><div class=\"wp-block-button\"><a class=\"wp-block-button__link has-text-align-center wp-element-button\" href=\"https:\/\/www.directimpactsolutions.com\/en\/contact-us\/\">CONTACT US<\/a><\/div><\/div><\/div>","protected":false},"excerpt":{"rendered":"<p>Sviluppo software personalizzato Toronto Direct Impact Solutions | Con un team basato a Toronto, saremo lieti di soddisfare tutte le tue esigenze di sviluppo di applicazioni personalizzate nella Greater Toronto Area. Servizi di sviluppo software personalizzato a Toronto Se stai cercando un&#8217;azienda che sviluppi un software personalizzato per la tua attivit\u00e0, Direct Impact Solutions \u00e8 &hellip;<\/p>\n<p class=\"read-more\"> <a class=\"\" href=\"https:\/\/www.directimpactsolutions.com\/it\/sviluppo-software-personalizzato-toronto\/\"> <span class=\"screen-reader-text\">Sviluppo software personalizzato Toronto<\/span> Leggi altro &raquo;<\/a><\/p>\n","protected":false},"author":2,"featured_media":0,"parent":0,"menu_order":0,"comment_status":"closed","ping_status":"closed","template":"","meta":{"inline_featured_image":false,"_uag_custom_page_level_css":"","site-sidebar-layout":"default","site-content-layout":"","ast-site-content-layout":"default","site-content-style":"default","site-sidebar-style":"default","ast-global-header-display":"","ast-banner-title-visibility":"","ast-main-header-display":"","ast-hfb-above-header-display":"","ast-hfb-below-header-display":"","ast-hfb-mobile-header-display":"","site-post-title":"disabled","ast-breadcrumbs-content":"","ast-featured-img":"","footer-sml-layout":"","theme-transparent-header-meta":"","adv-header-id-meta":"","stick-header-meta":"","header-above-stick-meta":"","header-main-stick-meta":"","header-below-stick-meta":"","astra-migrate-meta-layouts":"","footnotes":""},"class_list":["post-17773","page","type-page","status-publish","hentry"],"uagb_featured_image_src":{"full":false,"thumbnail":false,"medium":false,"medium_large":false,"large":false,"1536x1536":false,"2048x2048":false,"woocommerce_thumbnail":false,"woocommerce_single":false,"woocommerce_gallery_thumbnail":false},"uagb_author_info":{"display_name":"Eleanor Fulton","author_link":"https:\/\/www.directimpactsolutions.com\/it\/author\/eleanor-fulton\/"},"uagb_comment_info":0,"uagb_excerpt":"Sviluppo software personalizzato Toronto Direct Impact Solutions | Con un team basato a Toronto, saremo lieti di soddisfare tutte le tue esigenze di sviluppo di applicazioni personalizzate nella Greater Toronto Area. Servizi di sviluppo software personalizzato a Toronto Se stai cercando un&#8217;azienda che sviluppi un software personalizzato per la tua attivit\u00e0, Direct Impact Solutions \u00e8&hellip;","_links":{"self":[{"href":"https:\/\/www.directimpactsolutions.com\/it\/wp-json\/wp\/v2\/pages\/17773","targetHints":{"allow":["GET"]}}],"collection":[{"href":"https:\/\/www.directimpactsolutions.com\/it\/wp-json\/wp\/v2\/pages"}],"about":[{"href":"https:\/\/www.directimpactsolutions.com\/it\/wp-json\/wp\/v2\/types\/page"}],"author":[{"embeddable":true,"href":"https:\/\/www.directimpactsolutions.com\/it\/wp-json\/wp\/v2\/users\/2"}],"replies":[{"embeddable":true,"href":"https:\/\/www.directimpactsolutions.com\/it\/wp-json\/wp\/v2\/comments?post=17773"}],"version-history":[{"count":2,"href":"https:\/\/www.directimpactsolutions.com\/it\/wp-json\/wp\/v2\/pages\/17773\/revisions"}],"predecessor-version":[{"id":17776,"href":"https:\/\/www.directimpactsolutions.com\/it\/wp-json\/wp\/v2\/pages\/17773\/revisions\/17776"}],"wp:attachment":[{"href":"https:\/\/www.directimpactsolutions.com\/it\/wp-json\/wp\/v2\/media?parent=17773"}],"curies":[{"name":"wp","href":"https:\/\/api.w.org\/{rel}","templated":true}]}}