{"id":17836,"date":"2024-08-06T13:20:55","date_gmt":"2024-08-06T13:20:55","guid":{"rendered":"https:\/\/www.directimpactsolutions.com\/servizi-di-consulenza-claris-filemaker\/"},"modified":"2024-08-06T13:20:56","modified_gmt":"2024-08-06T13:20:56","slug":"servizi-di-consulenza-claris-filemaker","status":"publish","type":"page","link":"https:\/\/www.directimpactsolutions.com\/it\/servizi-di-consulenza-claris-filemaker\/","title":{"rendered":"Servizi di consulenza Claris FileMaker"},"content":{"rendered":"<div class=\"wp-block-uagb-container uagb-block-9967db20 alignfull uagb-is-root-container\"><div class=\"uagb-container-inner-blocks-wrap\"><div style=\"height:20px\" aria-hidden=\"true\" class=\"wp-block-spacer\"><\/div>\n\n<h1 class=\"wp-block-heading has-ast-global-color-1-color has-text-color\" style=\"font-style:normal;font-weight:400\">I servizi di consulenza FileMaker migliorano i flussi di lavoro e le operazioni aziendali<\/h1>\n\n<p class=\"has-ast-global-color-1-color has-text-color\" style=\"font-size:16px\">Il nostro team di consulenti FileMaker certificati si impegna a fornire soluzioni su misura per le tue esigenze aziendali, assicurandoti che i flussi di lavoro e i sistemi di gestione dei dati siano efficienti ed efficaci. Con una comprovata esperienza di successo in un&#8217;ampia gamma di settori, i nostri servizi di consulenza FileMaker permetteranno alla tua azienda di liberare tutto il suo potenziale, portandola a nuove vette di produttivit\u00e0 e successo. <\/p>\n\n<div style=\"height:40px\" aria-hidden=\"true\" class=\"wp-block-spacer\"><\/div><\/div><div class=\"uagb-container__shape uagb-container__shape-bottom uagb-container__invert\" data-negative=\"false\"><svg xmlns=\"https:\/\/www.w3.org\/2000\/svg\" viewBox=\"0 0 1000 100\" preserveAspectRatio=\"none\"><path class=\"uagb-container__shape-fill\" d=\"M500,98.9L0,6.1V0h1000v6.1L500,98.9z\"><\/path><\/svg><\/div><\/div><div style=\"height:80px\" aria-hidden=\"true\" class=\"wp-block-spacer\"><\/div><h2 class=\"wp-block-heading has-text-align-left has-large-font-size\" style=\"font-style:normal;font-weight:400\">Servizi di consulenza Claris FileMaker<\/h2><div class=\"wp-block-uagb-container uagb-block-4f724a06 alignwide uagb-is-root-container\"><div class=\"wp-block-uagb-container uagb-block-5e2bfd1b\"><div class=\"wp-block-uagb-info-box uagb-block-3f35ffff uagb-infobox__content-wrap  uagb-infobox-icon-above-title uagb-infobox-image-valign-top\"><div class=\"uagb-ifb-content\"><div class=\"uagb-ifb-icon-wrap\"><svg xmlns=\"https:\/\/www.w3.org\/2000\/svg\" viewbox=\"0 0 512 512\"><path d=\"M208 175.1c-8.836 0-16 7.162-16 16c0 8.836 7.163 15.1 15.1 15.1s16-7.164 16-16C224 183.2 216.8 175.1 208 175.1zM272 239.1c-8.836 0-15.1 7.163-15.1 16c0 8.836 7.165 16 16 16s16-7.164 16-16C288 247.2 280.8 239.1 272 239.1zM509.2 275c-20.94-47.13-48.46-151.7-73.1-186.8C397.7 33.59 334.6 0 266.1 0H192C85.95 0 0 85.95 0 192c0 56.8 24.8 107.7 64 142.8L64 512h256l-.0044-64h63.99c35.34 0 63.1-28.65 63.1-63.1V320h31.98C503.1 320 518.6 296.2 509.2 275zM368 240h-12.12c-28.51 0-42.79 34.47-22.63 54.63l8.576 8.576c6.25 6.25 6.25 16.38 0 22.62c-3.125 3.125-7.219 4.688-11.31 4.688s-8.188-1.562-11.31-4.688l-8.576-8.576c-20.16-20.16-54.63-5.881-54.63 22.63V352c0 8.844-7.156 16-16 16s-16-7.156-16-16v-12.12c0-28.51-34.47-42.79-54.63-22.63l-8.576 8.576c-3.125 3.125-7.219 4.688-11.31 4.688c-4.096 0-8.188-1.562-11.31-4.688c-6.25-6.25-6.25-16.38 0-22.62l8.577-8.576C166.9 274.5 152.6 240 124.1 240H112c-8.844 0-16-7.156-16-16s7.157-16 16-16L124.1 208c28.51 0 42.79-34.47 22.63-54.63L138.2 144.8c-6.25-6.25-6.25-16.38 0-22.62s16.38-6.25 22.63 0L169.4 130.7c20.16 20.16 54.63 5.881 54.63-22.63V96c0-8.844 7.156-16 16-16S256 87.16 256 96v12.12c0 28.51 34.47 42.79 54.63 22.63l8.576-8.576c6.25-6.25 16.38-6.25 22.63 0s6.25 16.38 0 22.62L333.3 153.4C313.1 173.5 327.4 208 355.9 208l12.12-.0004c8.844 0 15.1 7.157 15.1 16S376.8 240 368 240z\"><\/path><\/svg><\/div><div class=\"uagb-ifb-title-wrap\"><h3 class=\"uagb-ifb-title\">Sviluppo<\/h3><\/div><p class=\"uagb-ifb-desc\">Diamo forza alla tua azienda con soluzioni FileMaker personalizzate: Scopri la crescita e l&#8217;efficienza grazie ai servizi di consulenza degli esperti.<\/p><\/div><\/div><\/div>\n\n<div class=\"wp-block-uagb-container uagb-block-fb1d763d\"><div class=\"wp-block-uagb-info-box uagb-block-367782ec uagb-infobox__content-wrap  uagb-infobox-icon-above-title uagb-infobox-image-valign-top\"><div class=\"uagb-ifb-content\"><div class=\"uagb-ifb-icon-wrap\"><svg xmlns=\"https:\/\/www.w3.org\/2000\/svg\" viewbox=\"0 0 640 512\"><path d=\"M96.2 200.1C96.07 197.4 96 194.7 96 192C96 103.6 167.6 32 256 32C315.3 32 367 64.25 394.7 112.2C409.9 101.1 428.3 96 448 96C501 96 544 138.1 544 192C544 204.2 541.7 215.8 537.6 226.6C596 238.4 640 290.1 640 352C640 422.7 582.7 480 512 480H144C64.47 480 0 415.5 0 336C0 273.2 40.17 219.8 96.2 200.1z\"><\/path><\/svg><\/div><div class=\"uagb-ifb-title-wrap\"><h3 class=\"uagb-ifb-title\">Hosting<\/h3><\/div><p class=\"uagb-ifb-desc\">Servizi di hosting FileMaker senza interruzioni: Elevate il vostro business con servizi di consulenza affidabili, sicuri e scalabili.<\/p><\/div><\/div><\/div>\n\n<div class=\"wp-block-uagb-container uagb-block-8666b88e\"><div class=\"wp-block-uagb-info-box uagb-block-c1539ea9 uagb-infobox__content-wrap  uagb-infobox-icon-above-title uagb-infobox-image-valign-top\"><div class=\"uagb-ifb-content\"><div class=\"uagb-ifb-icon-wrap\"><svg xmlns=\"https:\/\/www.w3.org\/2000\/svg\" viewbox=\"0 0 576 512\"><path d=\"M512 32H64C28.65 32 0 60.65 0 96v320c0 35.35 28.65 64 64 64h448c35.35 0 64-28.65 64-64V96C576 60.65 547.3 32 512 32zM176 128c35.35 0 64 28.65 64 64s-28.65 64-64 64s-64-28.65-64-64S140.7 128 176 128zM272 384h-192C71.16 384 64 376.8 64 368C64 323.8 99.82 288 144 288h64c44.18 0 80 35.82 80 80C288 376.8 280.8 384 272 384zM496 320h-128C359.2 320 352 312.8 352 304S359.2 288 368 288h128C504.8 288 512 295.2 512 304S504.8 320 496 320zM496 256h-128C359.2 256 352 248.8 352 240S359.2 224 368 224h128C504.8 224 512 231.2 512 240S504.8 256 496 256zM496 192h-128C359.2 192 352 184.8 352 176S359.2 160 368 160h128C504.8 160 512 167.2 512 176S504.8 192 496 192z\"><\/path><\/svg><\/div><div class=\"uagb-ifb-title-wrap\"><h3 class=\"uagb-ifb-title\">Licenze<\/h3><\/div><p class=\"uagb-ifb-desc\">Sblocca la potenza di FileMaker: Soluzioni di licenza semplificate e servizi di consulenza di esperti su misura per il tuo successo.<\/p><\/div><\/div><\/div>\n\n<div class=\"wp-block-uagb-container uagb-block-ccdae2f4\"><div class=\"wp-block-uagb-info-box uagb-block-17878f90 uagb-infobox__content-wrap  uagb-infobox-icon-above-title uagb-infobox-image-valign-top\"><div class=\"uagb-ifb-content\"><div class=\"uagb-ifb-icon-wrap\"><svg xmlns=\"https:\/\/www.w3.org\/2000\/svg\" viewbox=\"0 0 640 512\"><path d=\"M623.1 136.9l-282.7-101.2c-13.73-4.91-28.7-4.91-42.43 0L16.05 136.9C6.438 140.4 0 149.6 0 160s6.438 19.65 16.05 23.09L76.07 204.6c-11.89 15.8-20.26 34.16-24.55 53.95C40.05 263.4 32 274.8 32 288c0 9.953 4.814 18.49 11.94 24.36l-24.83 149C17.48 471.1 25 480 34.89 480H93.11c9.887 0 17.41-8.879 15.78-18.63l-24.83-149C91.19 306.5 96 297.1 96 288c0-10.29-5.174-19.03-12.72-24.89c4.252-17.76 12.88-33.82 24.94-47.03l190.6 68.23c13.73 4.91 28.7 4.91 42.43 0l282.7-101.2C633.6 179.6 640 170.4 640 160S633.6 140.4 623.1 136.9zM351.1 314.4C341.7 318.1 330.9 320 320 320c-10.92 0-21.69-1.867-32-5.555L142.8 262.5L128 405.3C128 446.6 213.1 480 320 480c105.1 0 192-33.4 192-74.67l-14.78-142.9L351.1 314.4z\"><\/path><\/svg><\/div><div class=\"uagb-ifb-title-wrap\"><h3 class=\"uagb-ifb-title\">Formazione<\/h3><\/div><p class=\"uagb-ifb-desc\">Programmi di formazione completi e servizi di consulenza di esperti per migliorare le tue competenze e le prestazioni aziendali.<\/p><\/div><\/div><\/div><\/div><div style=\"height:80px\" aria-hidden=\"true\" class=\"wp-block-spacer\"><\/div><h2 class=\"wp-block-heading has-text-align-left has-ast-global-color-0-color has-text-color has-large-font-size\" style=\"font-style:normal;font-weight:400\">Perch\u00e9 scegliere Direct Impact per i tuoi servizi di consulenza Claris FileMaker?<\/h2><div class=\"wp-block-uagb-container uagb-block-586f604f alignfull uagb-is-root-container\"><div class=\"uagb-container-inner-blocks-wrap\"><div class=\"wp-block-columns is-layout-flex wp-container-core-columns-is-layout-28f84493 wp-block-columns-is-layout-flex\"><div class=\"wp-block-column is-vertically-aligned-bottom is-layout-flow wp-block-column-is-layout-flow\"><figure class=\"wp-block-image alignleft size-full is-resized has-custom-border is-style-rounded wp-duotone-unset-1\"><img loading=\"lazy\" decoding=\"async\" src=\"https:\/\/www.directimpactsolutions.com\/wp-content\/uploads\/2021\/06\/ClarisFilemaker19-sm.jpeg\" alt=\"Claris FileMaker\" class=\"wp-image-593\" style=\"border-style:none;border-width:0px;border-radius:25px\" width=\"523\" height=\"273\"\/><\/figure><\/div>\n\n<div class=\"wp-block-column is-layout-flow wp-block-column-is-layout-flow\"><div class=\"wp-block-uagb-container uagb-block-5af5c4fa default uagb-is-root-container\"><div class=\"wp-block-uagb-container uagb-block-111e6286\"><div class=\"wp-block-uagb-info-box uagb-block-ed5710e6 uagb-infobox__content-wrap  uagb-infobox-icon-above-title uagb-infobox-image-valign-top\"><div class=\"uagb-ifb-content\"><div class=\"uagb-ifb-title-wrap\"><h3 class=\"uagb-ifb-title\">Migliorare l&#8217;efficienza<\/h3><\/div><p class=\"uagb-ifb-desc\">Un servizio di consulenza personalizzata su FileMaker fa al caso tuo? Hai bisogno di una soluzione FileMaker se hai dei processi unici che non possono essere affrontati da applicazioni precostituite. <\/p><\/div><\/div><\/div>\n\n<div class=\"wp-block-uagb-container uagb-block-71564891\"><div class=\"wp-block-uagb-info-box uagb-block-d81a4e7e uagb-infobox__content-wrap  uagb-infobox-icon-above-title uagb-infobox-image-valign-top\"><div class=\"uagb-ifb-content\"><div class=\"uagb-ifb-title-wrap\"><h3 class=\"uagb-ifb-title\">Semplificare i processi<\/h3><\/div><p class=\"uagb-ifb-desc\">Ti affidi a complicati fogli di calcolo Excel per l&#8217;elaborazione e l&#8217;analisi dei dati? I nostri servizi di consulenza FileMaker possono automatizzare questi processi, facendoti risparmiare tempo e fatica. <\/p><\/div><\/div><\/div>\n\n<div class=\"wp-block-uagb-container uagb-block-26915947\"><div class=\"wp-block-uagb-info-box uagb-block-76e7d638 uagb-infobox__content-wrap  uagb-infobox-icon-above-title uagb-infobox-image-valign-top\"><div class=\"uagb-ifb-content\"><div class=\"uagb-ifb-title-wrap\"><h3 class=\"uagb-ifb-title\">Ridurre le duplicazioni<\/h3><\/div><p class=\"uagb-ifb-desc\">Le applicazioni FileMaker personalizzate progettate dai nostri consulenti esperti fanno risparmiare tempo e riducono significativamente il potenziale di errore umano, snellendo le tue operazioni aziendali.<\/p><\/div><\/div><\/div><\/div><\/div><\/div><\/div><\/div><div style=\"height:80px\" aria-hidden=\"true\" class=\"wp-block-spacer\"><\/div><h2 class=\"wp-block-heading has-ast-global-color-0-color has-text-color has-large-font-size\" style=\"font-style:normal;font-weight:400\">Servizi di consulenza FileMaker su misura per lo sviluppo di applicazioni Claris personalizzate<\/h2><div class=\"wp-block-uagb-container uagb-block-9da83b0c default uagb-is-root-container\"><div class=\"wp-block-columns is-layout-flex wp-container-core-columns-is-layout-28f84493 wp-block-columns-is-layout-flex\"><div class=\"wp-block-column is-layout-flow wp-block-column-is-layout-flow\" style=\"flex-basis:50%\"><div class=\"inherit-container-width wp-block-group is-layout-constrained wp-block-group-is-layout-constrained\"><p>Creiamo applicazioni personalizzate in FileMaker Pro su misura per le tue esigenze specifiche, come parte dei nostri servizi di consulenza FileMaker completi. Le nostre applicazioni personalizzate sono compatibili con Windows, Mac, iOS e il web. <\/p>\n\n<p>I nostri consulenti esperti sviluppano anche applicazioni ottimizzate per iPad e dispositivi mobili. FileMaker Go \u00e8 disponibile su iPhone, iPod Touch e iPad e ti permette di aumentare l&#8217;efficienza accedendo ai dati della tua soluzione da qualsiasi luogo. Dai ai tuoi dipendenti la possibilit\u00e0 di lavorare sul campo con un&#8217;applicazione mobile personalizzata progettata dai nostri specialisti FileMaker.  <\/p>\n\n<p>Grazie a FileMaker WebDirect, puoi accedere alla tua soluzione utilizzando un browser web. Con WebDirect, i nostri servizi di consulenza FileMaker possono aiutarti a creare un portale web che consenta agli utenti con login di accedere a dati specifici all&#8217;interno della tua soluzione. Gli utenti possono accedere, visualizzare informazioni particolari, registrarsi per aggiungere eventi al tuo database e molto altro ancora.  <\/p><\/div><\/div>\n\n<div class=\"wp-block-column is-layout-flow wp-block-column-is-layout-flow\" style=\"flex-basis:50%\"><figure class=\"wp-block-image size-full is-style-default\"><img loading=\"lazy\" decoding=\"async\" width=\"795\" height=\"465\" src=\"https:\/\/www.directimpactsolutions.com\/wp-content\/uploads\/2022\/04\/claris-filemaker19.png\" alt=\"Claris FileMaker\" class=\"wp-image-6633\" srcset=\"https:\/\/www.directimpactsolutions.com\/wp-content\/uploads\/2022\/04\/claris-filemaker19.png 795w, https:\/\/www.directimpactsolutions.com\/wp-content\/uploads\/2022\/04\/claris-filemaker19-300x175.png 300w, https:\/\/www.directimpactsolutions.com\/wp-content\/uploads\/2022\/04\/claris-filemaker19-768x449.png 768w, https:\/\/www.directimpactsolutions.com\/wp-content\/uploads\/2022\/04\/claris-filemaker19-480x281.png 480w\" sizes=\"auto, (max-width: 795px) 100vw, 795px\" \/><\/figure><\/div><\/div><\/div><div style=\"height:80px\" aria-hidden=\"true\" class=\"wp-block-spacer\"><\/div><h2 class=\"wp-block-heading has-large-font-size\" style=\"margin-top:0;margin-right:0;margin-bottom:0;margin-left:0;padding-top:0;padding-right:0;padding-bottom:0;padding-left:0;font-style:normal;font-weight:400\">Introduzione ai servizi e alle soluzioni di consulenza FileMaker<\/h2><div class=\"wp-block-uagb-container uagb-block-0ebe2372 alignfull uagb-is-root-container\"><div class=\"uagb-container-inner-blocks-wrap\"><div class=\"wp-block-uagb-container uagb-block-bccf89cd\"><figure class=\"wp-block-image size-full\"><img loading=\"lazy\" decoding=\"async\" width=\"500\" height=\"500\" src=\"https:\/\/www.directimpactsolutions.com\/wp-content\/uploads\/2023\/03\/FMP_icon-1.png\" alt=\"\" class=\"wp-image-10535\" srcset=\"https:\/\/www.directimpactsolutions.com\/wp-content\/uploads\/2023\/03\/FMP_icon-1.png 500w, https:\/\/www.directimpactsolutions.com\/wp-content\/uploads\/2023\/03\/FMP_icon-1-300x300.png 300w, https:\/\/www.directimpactsolutions.com\/wp-content\/uploads\/2023\/03\/FMP_icon-1-150x150.png 150w, https:\/\/www.directimpactsolutions.com\/wp-content\/uploads\/2023\/03\/FMP_icon-1-100x100.png 100w\" sizes=\"auto, (max-width: 500px) 100vw, 500px\" \/><\/figure><\/div>\n\n<div class=\"wp-block-uagb-container uagb-block-3fc2c098\"><div class=\"inherit-container-width wp-block-group is-layout-constrained wp-block-group-is-layout-constrained\"><p>I servizi di consulenza FileMaker sono progettati per aiutare le aziende a sfruttare appieno il potenziale della piattaforma FileMaker. Grazie alla collaborazione con consulenti esperti, le aziende possono sfruttare la potenza delle applicazioni FileMaker personalizzate per ottimizzare i flussi di lavoro, automatizzare i processi e prendere decisioni basate sui dati. Questi servizi di consulenza non riguardano solo lo sviluppo e l&#8217;implementazione di soluzioni personalizzate, ma si estendono anche alla formazione, all&#8217;hosting e alle licenze, assicurando alle aziende l&#8217;accesso al supporto FileMaker end-to-end. Di conseguenza, le aziende possono raccogliere i benefici di un ecosistema FileMaker su misura che aumenta l&#8217;efficienza, favorisce la collaborazione e guida il successo.   <\/p>\n\n<p>Oltre alle sue potenti funzionalit\u00e0, FileMaker \u00e8 noto per la sua interfaccia user-friendly e la sua facilit\u00e0 d&#8217;uso, che lo rendono una piattaforma ideale per le aziende che desiderano creare e gestire applicazioni personalizzate senza avere grandi competenze tecniche. Con l&#8217;aiuto dei Servizi di Consulenza FileMaker, le aziende possono migliorare ulteriormente le loro competenze interne e la loro conoscenza della piattaforma, consentendo ai loro team di costruire e mantenere soluzioni personalizzate che si evolvono con le loro esigenze. Integrandosi perfettamente con un&#8217;ampia gamma di servizi di terze parti e offrendo ampie possibilit\u00e0 di personalizzazione, FileMaker permette alle aziende di creare un ecosistema digitale olistico e flessibile. In definitiva, i servizi di consulenza FileMaker svolgono un ruolo cruciale nell&#8217;aiutare le aziende a sbloccare il pieno potenziale della piattaforma, promuovendo l&#8217;innovazione e offrendo vantaggi competitivi sostenibili in un panorama aziendale in continua evoluzione.   <\/p><\/div><\/div><\/div><\/div><div style=\"height:80px\" aria-hidden=\"true\" class=\"wp-block-spacer\"><\/div><h2 class=\"wp-block-heading has-large-font-size\" style=\"margin-top:0;margin-right:0;margin-bottom:0;margin-left:0;font-style:normal;font-weight:400\">Servizi di consulenza FileMaker: Supporto di integrazione esperto per migliorare la tua esperienza Claris FileMaker<\/h2><div style=\"height:27px\" aria-hidden=\"true\" class=\"wp-block-spacer\"><\/div><div class=\"wp-block-columns alignwide is-layout-flex wp-container-core-columns-is-layout-28f84493 wp-block-columns-is-layout-flex\"><div class=\"wp-block-column is-layout-flow wp-block-column-is-layout-flow\" style=\"flex-basis:75%\"><p>I Servizi di Consulenza FileMaker sono un elemento cruciale per le aziende che vogliono sfruttare al meglio la loro esperienza con Claris FileMaker. Con un team di professionisti esperti nell&#8217;assistenza all&#8217;integrazione al tuo fianco, puoi collegare senza problemi FileMaker con varie applicazioni, servizi e piattaforme di terze parti. Questo processo di integrazione non solo semplifica la condivisione dei dati e la collaborazione tra i diversi sistemi, ma migliora anche l&#8217;efficienza e l&#8217;efficacia complessiva delle operazioni aziendali. I nostri consulenti qualificati hanno una profonda conoscenza della piattaforma FileMaker e della sua compatibilit\u00e0 con altre soluzioni software, garantendo che le tue applicazioni personalizzate possano comunicare facilmente con i servizi esterni.   <\/p>\n\n<p>Nel frenetico ambiente aziendale di oggi, \u00e8 fondamentale avere un sistema centralizzato e snello in grado di gestire diverse fonti di dati, automatizzare i flussi di lavoro e fornire informazioni in tempo reale. Il nostro team di servizi di consulenza FileMaker si dedica alla comprensione delle tue esigenze aziendali uniche e all&#8217;identificazione dei punti di integrazione pi\u00f9 appropriati per ottimizzare la tua esperienza con FileMaker. Dai sistemi CRM ed ERP alle piattaforme di e-commerce e agli strumenti di automazione del marketing, i nostri esperti di integrazione collaboreranno con te per stabilire connessioni perfette che favoriscano la produttivit\u00e0 e consentano di prendere decisioni basate sui dati.  <\/p>\n\n<p>I nostri servizi di consulenza FileMaker vanno oltre la semplice fornitura di supporto tecnico per l&#8217;integrazione; ci concentriamo anche sul potenziamento del tuo team con le conoscenze e le competenze necessarie per mantenere e adattare i sistemi integrati in base all&#8217;evoluzione della tua attivit\u00e0. Grazie a una formazione completa e a un&#8217;assistenza continua, ci assicuriamo che il tuo team sia ben equipaggiato per gestire qualsiasi sfida che possa sorgere a seguito del processo di integrazione. Grazie alla nostra guida esperta, puoi essere certo che la tua esperienza con Claris FileMaker sar\u00e0 notevolmente migliorata, consentendo alla tua azienda di prosperare in un panorama sempre pi\u00f9 competitivo.  <\/p><\/div>\n\n<div class=\"wp-block-column is-layout-flow wp-block-column-is-layout-flow\" style=\"flex-basis:25%\"><figure class=\"wp-block-image size-full\"><img loading=\"lazy\" decoding=\"async\" width=\"294\" height=\"77\" src=\"https:\/\/www.directimpactsolutions.com\/wp-content\/uploads\/2021\/08\/claris-partner-platinum-noir.png\" alt=\"Claris Partner\" class=\"wp-image-3141\"\/><\/figure><\/div><\/div><div style=\"height:80px\" aria-hidden=\"true\" class=\"wp-block-spacer\"><\/div><div class=\"wp-block-uagb-container uagb-block-5f03006b alignfull uagb-is-root-container\"><div class=\"uagb-container-inner-blocks-wrap\"><div class=\"wp-block-uagb-container uagb-block-452b3e95\"><div class=\"wp-block-uagb-info-box uagb-block-b840b1fc uagb-infobox__content-wrap  uagb-infobox-icon-above-title uagb-infobox-image-valign-top\"><div class=\"uagb-ifb-content\"><div class=\"uagb-ifb-image-content\"><img decoding=\"async\" src=\"https:\/\/www.directimpactsolutions.com\/wp-content\/uploads\/2021\/06\/logo-g2-crowd2-150x129.jpeg\" alt=\"\" width=\"\" height=\"0\" loading=\"lazy\"\/><\/div><div class=\"uagb-ifb-title-wrap\"><h3 class=\"uagb-ifb-title\">Premi<\/h3><\/div><p class=\"uagb-ifb-desc\">Scopri perch\u00e9 amiamo costruire soluzioni personalizzate con Claris FileMaker. G2 Crowd classifica FileMaker al primo posto tra le piattaforme per l&#8217;innovazione sul posto di lavoro. <\/p><div class=\"uagb-ifb-button-wrapper wp-block-button\"><a href=\"https:\/\/content.filemaker.com\/G2_Fall_2019_WIP_Report\" class=\"uagb-infobox-cta-link wp-block-button__link\" target=\"_blank\" rel=\"noopener noreferrer\" alt=\"\"><span class=\"uagb-inline-editing\">Leggi tutto<\/span><\/a><\/div><\/div><\/div><\/div>\n\n<div class=\"wp-block-uagb-container uagb-block-b31c1dd5\"><div class=\"wp-block-uagb-info-box uagb-block-99536ede uagb-infobox__content-wrap  uagb-infobox-icon-above-title uagb-infobox-image-valign-top\"><div class=\"uagb-ifb-content\"><div class=\"uagb-ifb-image-content\"><img decoding=\"async\" src=\"https:\/\/www.directimpactsolutions.com\/wp-content\/uploads\/2021\/06\/fmCyberimpact-150x150.jpeg\" alt=\"\" width=\"\" height=\"0\" loading=\"lazy\"\/><\/div><div class=\"uagb-ifb-title-wrap\"><h3 class=\"uagb-ifb-title\">Soluzioni precostituite<\/h3><\/div><p class=\"uagb-ifb-desc\">La tua organizzazione utilizza <strong>Office 365<\/strong> o <strong>Cyberimpact<\/strong>? Scopri le nostre soluzioni pre-confezionate per integrare i tuoi flussi di lavoro. <\/p><div class=\"uagb-ifb-button-wrapper wp-block-button\"><a href=\"https:\/\/www.directimpactsolutions.com\/en\/solutions\/\" class=\"uagb-infobox-cta-link wp-block-button__link\" target=\"_self\" rel=\"noopener noreferrer\" alt=\"\"><span class=\"uagb-inline-editing\">Leggi tutto<\/span><\/a><\/div><\/div><\/div><\/div><\/div><\/div>","protected":false},"excerpt":{"rendered":"<p>I servizi di consulenza FileMaker migliorano i flussi di lavoro e le operazioni aziendali Il nostro team di consulenti FileMaker certificati si impegna a fornire soluzioni su misura per le tue esigenze aziendali, assicurandoti che i flussi di lavoro e i sistemi di gestione dei dati siano efficienti ed efficaci. Con una comprovata esperienza di &hellip;<\/p>\n<p class=\"read-more\"> <a class=\"\" href=\"https:\/\/www.directimpactsolutions.com\/it\/servizi-di-consulenza-claris-filemaker\/\"> <span class=\"screen-reader-text\">Servizi di consulenza Claris FileMaker<\/span> Leggi altro &raquo;<\/a><\/p>\n","protected":false},"author":13,"featured_media":0,"parent":0,"menu_order":0,"comment_status":"closed","ping_status":"closed","template":"","meta":{"inline_featured_image":false,"_uag_custom_page_level_css":"","site-sidebar-layout":"default","site-content-layout":"","ast-site-content-layout":"","site-content-style":"default","site-sidebar-style":"default","ast-global-header-display":"","ast-banner-title-visibility":"","ast-main-header-display":"","ast-hfb-above-header-display":"","ast-hfb-below-header-display":"","ast-hfb-mobile-header-display":"","site-post-title":"disabled","ast-breadcrumbs-content":"","ast-featured-img":"","footer-sml-layout":"","theme-transparent-header-meta":"","adv-header-id-meta":"","stick-header-meta":"","header-above-stick-meta":"","header-main-stick-meta":"","header-below-stick-meta":"","astra-migrate-meta-layouts":"","footnotes":""},"class_list":["post-17836","page","type-page","status-publish","hentry"],"uagb_featured_image_src":{"full":false,"thumbnail":false,"medium":false,"medium_large":false,"large":false,"1536x1536":false,"2048x2048":false,"woocommerce_thumbnail":false,"woocommerce_single":false,"woocommerce_gallery_thumbnail":false},"uagb_author_info":{"display_name":"Ozzi","author_link":"https:\/\/www.directimpactsolutions.com\/it\/author\/ozzi\/"},"uagb_comment_info":0,"uagb_excerpt":"I servizi di consulenza FileMaker migliorano i flussi di lavoro e le operazioni aziendali Il nostro team di consulenti FileMaker certificati si impegna a fornire soluzioni su misura per le tue esigenze aziendali, assicurandoti che i flussi di lavoro e i sistemi di gestione dei dati siano efficienti ed efficaci. Con una comprovata esperienza di&hellip;","_links":{"self":[{"href":"https:\/\/www.directimpactsolutions.com\/it\/wp-json\/wp\/v2\/pages\/17836","targetHints":{"allow":["GET"]}}],"collection":[{"href":"https:\/\/www.directimpactsolutions.com\/it\/wp-json\/wp\/v2\/pages"}],"about":[{"href":"https:\/\/www.directimpactsolutions.com\/it\/wp-json\/wp\/v2\/types\/page"}],"author":[{"embeddable":true,"href":"https:\/\/www.directimpactsolutions.com\/it\/wp-json\/wp\/v2\/users\/13"}],"replies":[{"embeddable":true,"href":"https:\/\/www.directimpactsolutions.com\/it\/wp-json\/wp\/v2\/comments?post=17836"}],"version-history":[{"count":1,"href":"https:\/\/www.directimpactsolutions.com\/it\/wp-json\/wp\/v2\/pages\/17836\/revisions"}],"predecessor-version":[{"id":17837,"href":"https:\/\/www.directimpactsolutions.com\/it\/wp-json\/wp\/v2\/pages\/17836\/revisions\/17837"}],"wp:attachment":[{"href":"https:\/\/www.directimpactsolutions.com\/it\/wp-json\/wp\/v2\/media?parent=17836"}],"curies":[{"name":"wp","href":"https:\/\/api.w.org\/{rel}","templated":true}]}}