{"id":17843,"date":"2024-08-06T14:06:24","date_gmt":"2024-08-06T14:06:24","guid":{"rendered":"https:\/\/www.directimpactsolutions.com\/azienda-di-sviluppo-di-app-ios-in-california\/"},"modified":"2024-08-06T14:06:24","modified_gmt":"2024-08-06T14:06:24","slug":"azienda-di-sviluppo-di-app-ios-in-california","status":"publish","type":"page","link":"https:\/\/www.directimpactsolutions.com\/it\/azienda-di-sviluppo-di-app-ios-in-california\/","title":{"rendered":"Azienda di sviluppo di app iOS in California"},"content":{"rendered":"<div class=\"wp-block-uagb-container uagb-block-5226342e alignfull uagb-is-root-container\"><div class=\"uagb-container__shape uagb-container__shape-bottom uagb-container__invert\" data-negative=\"false\"><svg xmlns=\"https:\/\/www.w3.org\/2000\/svg\" viewBox=\"0 0 1000 100\" preserveAspectRatio=\"none\"><path class=\"uagb-container__shape-fill\" d=\"M500,98.9L0,6.1V0h1000v6.1L500,98.9z\"><\/path><\/svg><\/div><div class=\"uagb-container-inner-blocks-wrap\"><div style=\"height:20px\" aria-hidden=\"true\" class=\"wp-block-spacer\"><\/div>\n\n<h1 class=\"wp-block-heading has-ast-global-color-1-color has-text-color\" style=\"font-style:normal;font-weight:400\">Azienda di sviluppo di app iOS in California<\/h1>\n\n<p class=\"has-ast-global-color-1-color has-text-color\">Direct Impact Solutions | Disponiamo di pi\u00f9 piattaforme per fornire applicazioni iOS e desktop di qualit\u00e0.<\/p>\n\n<div style=\"height:40px\" aria-hidden=\"true\" class=\"wp-block-spacer\"><\/div><\/div><\/div><div style=\"height:80px\" aria-hidden=\"true\" class=\"wp-block-spacer\"><\/div><div class=\"wp-block-uagb-container uagb-block-91af0948 alignfull uagb-is-root-container\"><div class=\"uagb-container-inner-blocks-wrap\"><div class=\"wp-block-uagb-container uagb-block-665fc560\"><div class=\"wp-block-uagb-image uagb-block-2b4158a5 wp-block-uagb-image--layout-default wp-block-uagb-image--effect-static wp-block-uagb-image--align-none\"><figure class=\"wp-block-uagb-image__figure\"><img decoding=\"async\" srcset=\"https:\/\/www.directimpactsolutions.com\/wp-content\/uploads\/2023\/05\/Map_CorporateOffices.jpg \" sizes=\"auto, (max-width: 480px) 150px\" src=\"https:\/\/www.directimpactsolutions.com\/wp-content\/uploads\/2023\/05\/Map_CorporateOffices.jpg\" alt=\"\" class=\"uag-image-11453\" width=\"500\" height=\"500\" title=\"\" loading=\"lazy\"\/><\/figure><\/div><\/div>\n\n<div class=\"wp-block-uagb-container uagb-block-ddd2b06f\"><p class=\"has-ast-global-color-6-color has-text-color has-medium-font-size\">We don\u2019t use outsourcing to meet our development needs. We have developers proudly located in the U.S., Canada and France.<\/p><\/div><\/div><\/div><div style=\"height:80px\" aria-hidden=\"true\" class=\"wp-block-spacer\"><\/div><h2 class=\"wp-block-heading\" style=\"font-style:normal;font-weight:400\"><strong>Sviluppo di app in California: Soluzioni personalizzate per far progredire la tua azienda<\/strong><\/h2><div class=\"wp-block-uagb-container uagb-block-5ba6bb0c alignfull uagb-is-root-container\"><div class=\"uagb-container-inner-blocks-wrap\"><div class=\"wp-block-uagb-container uagb-block-01772cae\"><div class=\"inherit-container-width wp-block-group is-layout-constrained wp-block-group-is-layout-constrained\"><p>Consapevole che ogni azienda ha processi ed esigenze uniche, il nostro team californiano di sviluppo di app si impegna a progettare e realizzare applicazioni mobili e web personalizzate che si adattino perfettamente alle tue esigenze specifiche. <a href=\"https:\/\/www.directimpactsolutions.com\/it\/\" data-type=\"URL\" data-id=\"https:\/\/www.directimpactsolutions.com\/it\/\">Abbiamo<\/a> una grande esperienza e una comprovata esperienza nello sviluppo di applicazioni di successo per aziende di tutte le dimensioni e in una vasta gamma di settori.<\/p>\n\n<p>Lavorando fianco a fianco con te, ci prendiamo il tempo necessario per capire il tuo modello di business, i tuoi obiettivi e le sfide che devi affrontare. Questa profonda conoscenza ci permette di creare un&#8217;applicazione che migliora le tue attivit\u00e0, ottimizza i processi e coinvolge il tuo pubblico in modo significativo. <\/p>\n\n<p>Il nostro team di sviluppatori \u00e8 abile nel creare applicazioni su misura per le tue specifiche esigenze e processi aziendali. Sfruttando la loro profonda conoscenza delle ultime tendenze, delle tecnologie web e mobili, sono in grado di costruire un&#8217;applicazione che non solo soddisfi le tue aspettative ma che offra anche un&#8217;esperienza utente eccezionale. <\/p>\n\n<p>La qualit\u00e0 e la soddisfazione del cliente sono le nostre principali priorit\u00e0. Ci impegniamo a fornire servizi della massima qualit\u00e0 possibile e rimaniamo in stretto contatto con te durante tutto il processo di sviluppo. Il nostro obiettivo \u00e8 garantire che il nostro prodotto superi le tue aspettative e raggiunga i risultati desiderati per la tua azienda.  <\/p><\/div><\/div>\n\n<div class=\"wp-block-uagb-container uagb-block-46d1efab\"><figure class=\"wp-block-image size-large is-resized\"><img loading=\"lazy\" decoding=\"async\" src=\"https:\/\/www.directimpactsolutions.com\/wp-content\/uploads\/2023\/06\/app-development-california-1024x687.jpg\" alt=\"Sviluppo di app in California\" class=\"wp-image-12704\" width=\"764\" height=\"512\" srcset=\"https:\/\/www.directimpactsolutions.com\/wp-content\/uploads\/2023\/06\/app-development-california-1024x687.jpg 1024w, https:\/\/www.directimpactsolutions.com\/wp-content\/uploads\/2023\/06\/app-development-california-300x201.jpg 300w, https:\/\/www.directimpactsolutions.com\/wp-content\/uploads\/2023\/06\/app-development-california-768x515.jpg 768w, https:\/\/www.directimpactsolutions.com\/wp-content\/uploads\/2023\/06\/app-development-california-600x402.jpg 600w, https:\/\/www.directimpactsolutions.com\/wp-content\/uploads\/2023\/06\/app-development-california.jpg 1430w\" sizes=\"auto, (max-width: 764px) 100vw, 764px\" \/><\/figure><\/div><\/div><\/div><div style=\"height:80px\" aria-hidden=\"true\" class=\"wp-block-spacer\"><\/div><h2 class=\"wp-block-heading\" style=\"font-style:normal;font-weight:400\"><strong>Sviluppo di software personalizzato in California: Diamo forma al futuro della tua azienda con soluzioni personalizzate<\/strong><\/h2><div class=\"wp-block-uagb-container uagb-block-f4fab18d alignfull uagb-is-root-container\"><div class=\"uagb-container-inner-blocks-wrap\"><div class=\"wp-block-uagb-container uagb-block-150d6071\"><figure class=\"wp-block-image size-large is-resized\"><img loading=\"lazy\" decoding=\"async\" src=\"https:\/\/www.directimpactsolutions.com\/wp-content\/uploads\/2023\/06\/custom-software-development-california-1024x685.jpg\" alt=\"Sviluppo di software personalizzato in California\" class=\"wp-image-12706\" width=\"607\" height=\"406\" srcset=\"https:\/\/www.directimpactsolutions.com\/wp-content\/uploads\/2023\/06\/custom-software-development-california-1024x685.jpg 1024w, https:\/\/www.directimpactsolutions.com\/wp-content\/uploads\/2023\/06\/custom-software-development-california-300x201.jpg 300w, https:\/\/www.directimpactsolutions.com\/wp-content\/uploads\/2023\/06\/custom-software-development-california-768x513.jpg 768w, https:\/\/www.directimpactsolutions.com\/wp-content\/uploads\/2023\/06\/custom-software-development-california-600x401.jpg 600w, https:\/\/www.directimpactsolutions.com\/wp-content\/uploads\/2023\/06\/custom-software-development-california.jpg 1430w\" sizes=\"auto, (max-width: 607px) 100vw, 607px\" \/><\/figure><\/div>\n\n<div class=\"wp-block-uagb-container uagb-block-dc8fe99f\"><p>Con anni di esperienza alle spalle, abbiamo sviluppato una miriade di applicazioni personalizzate che hanno portato le aziende a un livello superiore. Il nostro team di sviluppatori qualificati possiede una vasta esperienza nella creazione di applicazioni software personalizzate, alla continua ricerca di modi per migliorare i nostri processi e fornire soluzioni ottimali. <\/p>\n\n<p>L&#8217;innovazione costante \u00e8 al centro delle nostre attivit\u00e0. Esploriamo sempre le tecnologie, gli strumenti e le metodologie pi\u00f9 recenti per lo sviluppo di software (ad esempio <a href=\"https:\/\/www.directimpactsolutions.com\/en\/laravel\/\" data-type=\"URL\" data-id=\"https:\/\/www.directimpactsolutions.com\/en\/laravel\/\">Laravel<\/a>, <a href=\"https:\/\/www.directimpactsolutions.com\/en\/web-applications\/\" data-type=\"URL\" data-id=\"https:\/\/www.directimpactsolutions.com\/en\/web-applications\/\">Applicazioni web personalizzate<\/a>). Questo ci permette di essere sempre all&#8217;avanguardia e di fornirti le migliori soluzioni software possibili, personalizzate per le tue esigenze aziendali.  <\/p>\n\n<p>Siamo presenti anche in <a href=\"https:\/\/www.directimpactsolutions.com\/it\/servizio-sviluppo-ontario\/\" data-type=\"URL\" data-id=\"https:\/\/www.directimpactsolutions.com\/en\/development-service-ontario\/\">Ontario<\/a>, <a href=\"https:\/\/www.directimpactsolutions.com\/it\/sviluppatori-di-app-los-angeles\/\" data-type=\"URL\" data-id=\"https:\/\/www.directimpactsolutions.com\/it\/sviluppatori-di-app-los-angeles\/\">Los Angeles<\/a>, <a href=\"https:\/\/www.directimpactsolutions.com\/it\/sviluppatori-di-app-a-san-francisco\/\" data-type=\"URL\" data-id=\"https:\/\/www.directimpactsolutions.com\/it\/sviluppatori-di-app-a-san-francisco\/\">San Francisco<\/a>, <a href=\"https:\/\/www.directimpactsolutions.com\/it\/sviluppo-software-personalizzato-new-york\/\" data-type=\"URL\" data-id=\"https:\/\/www.directimpactsolutions.com\/en\/new-york\/\">New York<\/a>, <a href=\"https:\/\/www.directimpactsolutions.com\/it\/sviluppatori-di-app-boston\/\" data-type=\"URL\" data-id=\"https:\/\/www.directimpactsolutions.com\/it\/sviluppatori-di-app-boston\/\">Boston<\/a>, <a href=\"https:\/\/www.directimpactsolutions.com\/it\/sviluppatori-di-applicazioni-montreal\/\" data-type=\"URL\" data-id=\"https:\/\/www.directimpactsolutions.com\/en\/application-developers-montreal\/\">Montreal<\/a> e <a href=\"https:\/\/www.directimpactsolutions.com\/it\/sviluppo-software-personalizzato-toronto\/\" data-type=\"URL\" data-id=\"https:\/\/www.directimpactsolutions.com\/en\/custom-software-development-toronto\/\">Toronto<\/a>.<\/p><\/div><\/div><\/div><div style=\"height:80px\" aria-hidden=\"true\" class=\"wp-block-spacer\"><\/div><div class=\"wp-block-uagb-faq uagb-faq__outer-wrap uagb-block-cf55a923 uagb-faq-icon-row uagb-faq-layout-accordion uagb-faq-expand-first-true uagb-faq-inactive-other-true uagb-faq__wrap uagb-buttons-layout-wrap uagb-faq-equal-height     \" data-faqtoggle=\"true\" role=\"tablist\"><div class=\"wp-block-uagb-faq-child uagb-faq-child__outer-wrap uagb-faq-item uagb-block-9368be1d \" role=\"tab\" tabindex=\"0\"><div class=\"uagb-faq-questions-button uagb-faq-questions\">\t\t\t<span class=\"uagb-icon uagb-faq-icon-wrap\">\n\t\t\t\t\t\t\t\t<svg xmlns=\"https:\/\/www.w3.org\/2000\/svg\" viewBox= \"0 0 448 512\"><path d=\"M432 256c0 17.69-14.33 32.01-32 32.01H256v144c0 17.69-14.33 31.99-32 31.99s-32-14.3-32-31.99v-144H48c-17.67 0-32-14.32-32-32.01s14.33-31.99 32-31.99H192v-144c0-17.69 14.33-32.01 32-32.01s32 14.32 32 32.01v144h144C417.7 224 432 238.3 432 256z\"><\/path><\/svg>\n\t\t\t\t\t\t\t<\/span>\n\t\t\t\t\t\t<span class=\"uagb-icon-active uagb-faq-icon-wrap\">\n\t\t\t\t\t\t\t\t<svg xmlns=\"https:\/\/www.w3.org\/2000\/svg\" viewBox= \"0 0 448 512\"><path d=\"M400 288h-352c-17.69 0-32-14.32-32-32.01s14.31-31.99 32-31.99h352c17.69 0 32 14.3 32 31.99S417.7 288 400 288z\"><\/path><\/svg>\n\t\t\t\t\t\t\t<\/span>\n\t\t\t<span class=\"uagb-question\"><strong>Cosa rende Direct Impact Solutions diversa dalle altre societ\u00e0 di sviluppo di app iOS?<\/strong><\/span><\/div><div class=\"uagb-faq-content\"><p>Noi di Direct Impact Solutions siamo orgogliosi del nostro team interno di sviluppatori qualificati sparsi tra Stati Uniti, Canada e Francia. A differenza di molte altre aziende, non esternalizziamo mai i nostri progetti. Offriamo anche un servizio su misura, sviluppando applicazioni personalizzate pensate per adattarsi perfettamente ai processi e ai requisiti unici della tua azienda. Il nostro impegno non si esaurisce con il lancio: offriamo assistenza post-lancio per garantire che la tua applicazione continui a funzionare senza problemi.   <\/p><\/div><\/div><div class=\"wp-block-uagb-faq-child uagb-faq-child__outer-wrap uagb-faq-item uagb-block-d06177c3 \" role=\"tab\" tabindex=\"0\"><div class=\"uagb-faq-questions-button uagb-faq-questions\">\t\t\t<span class=\"uagb-icon uagb-faq-icon-wrap\">\n\t\t\t\t\t\t\t\t<svg xmlns=\"https:\/\/www.w3.org\/2000\/svg\" viewBox= \"0 0 448 512\"><path d=\"M432 256c0 17.69-14.33 32.01-32 32.01H256v144c0 17.69-14.33 31.99-32 31.99s-32-14.3-32-31.99v-144H48c-17.67 0-32-14.32-32-32.01s14.33-31.99 32-31.99H192v-144c0-17.69 14.33-32.01 32-32.01s32 14.32 32 32.01v144h144C417.7 224 432 238.3 432 256z\"><\/path><\/svg>\n\t\t\t\t\t\t\t<\/span>\n\t\t\t\t\t\t<span class=\"uagb-icon-active uagb-faq-icon-wrap\">\n\t\t\t\t\t\t\t\t<svg xmlns=\"https:\/\/www.w3.org\/2000\/svg\" viewBox= \"0 0 448 512\"><path d=\"M400 288h-352c-17.69 0-32-14.32-32-32.01s14.31-31.99 32-31.99h352c17.69 0 32 14.3 32 31.99S417.7 288 400 288z\"><\/path><\/svg>\n\t\t\t\t\t\t\t<\/span>\n\t\t\t<span class=\"uagb-question\"><strong>Che tipo di applicazioni personalizzate sviluppa Direct Impact Solutions?<\/strong><\/span><\/div><div class=\"uagb-faq-content\"><p>Il team di Direct Impact Solutions ha una grande esperienza nello sviluppo di applicazioni software personalizzate per aziende di tutte le dimensioni e in una grande variet\u00e0 di settori. Dalle applicazioni iOS e desktop alle applicazioni web all&#8217;avanguardia, i nostri sviluppatori conoscono bene le ultime tecnologie e tendenze del web e del mobile. Lavoriamo a stretto contatto con i nostri clienti per capire le loro esigenze specifiche e fornire un prodotto che non solo soddisfi, ma spesso superi le loro aspettative.  <\/p><\/div><\/div><div class=\"wp-block-uagb-faq-child uagb-faq-child__outer-wrap uagb-faq-item uagb-block-40a68a47 \" role=\"tab\" tabindex=\"0\"><div class=\"uagb-faq-questions-button uagb-faq-questions\">\t\t\t<span class=\"uagb-icon uagb-faq-icon-wrap\">\n\t\t\t\t\t\t\t\t<svg xmlns=\"https:\/\/www.w3.org\/2000\/svg\" viewBox= \"0 0 448 512\"><path d=\"M432 256c0 17.69-14.33 32.01-32 32.01H256v144c0 17.69-14.33 31.99-32 31.99s-32-14.3-32-31.99v-144H48c-17.67 0-32-14.32-32-32.01s14.33-31.99 32-31.99H192v-144c0-17.69 14.33-32.01 32-32.01s32 14.32 32 32.01v144h144C417.7 224 432 238.3 432 256z\"><\/path><\/svg>\n\t\t\t\t\t\t\t<\/span>\n\t\t\t\t\t\t<span class=\"uagb-icon-active uagb-faq-icon-wrap\">\n\t\t\t\t\t\t\t\t<svg xmlns=\"https:\/\/www.w3.org\/2000\/svg\" viewBox= \"0 0 448 512\"><path d=\"M400 288h-352c-17.69 0-32-14.32-32-32.01s14.31-31.99 32-31.99h352c17.69 0 32 14.3 32 31.99S417.7 288 400 288z\"><\/path><\/svg>\n\t\t\t\t\t\t\t<\/span>\n\t\t\t<span class=\"uagb-question\"><strong>In che modo Direct Impact Solutions \u00e8 al passo con l&#8217;evoluzione delle tecnologie e delle tendenze di sviluppo del software?<\/strong><\/span><\/div><div class=\"uagb-faq-content\"><p>I nostri sviluppatori di Direct Impact Solutions esplorano sempre nuove tecnologie e approcci allo sviluppo del software. Ci impegniamo a migliorare e innovare costantemente, assicurandoci di poter offrire ai nostri clienti le soluzioni pi\u00f9 aggiornate ed efficaci per le loro esigenze aziendali. L&#8217;ampia esperienza e l&#8217;impegno del nostro team nell&#8217;apprendimento ci rendono una scelta eccellente per lo sviluppo di software personalizzato.  <\/p><\/div><\/div><\/div><div style=\"height:80px\" aria-hidden=\"true\" class=\"wp-block-spacer\"><\/div><div class=\"inherit-container-width wp-block-group is-layout-constrained wp-block-group-is-layout-constrained\"><h3 class=\"wp-block-heading has-text-align-center has-ast-global-color-2-color has-text-color\">Have a Project in Mind?<\/h3>\n\n<div class=\"wp-block-buttons is-content-justification-center is-layout-flex wp-container-core-buttons-is-layout-a89b3969 wp-block-buttons-is-layout-flex\"><div class=\"wp-block-button\"><a class=\"wp-block-button__link has-text-align-center wp-element-button\" href=\"https:\/\/www.directimpactsolutions.com\/en\/contact-us\/\">CONTACT US<\/a><\/div><\/div><\/div>","protected":false},"excerpt":{"rendered":"<p>Azienda di sviluppo di app iOS in California Direct Impact Solutions | Disponiamo di pi\u00f9 piattaforme per fornire applicazioni iOS e desktop di qualit\u00e0. Sviluppo di app in California: Soluzioni personalizzate per far progredire la tua azienda Consapevole che ogni azienda ha processi ed esigenze uniche, il nostro team californiano di sviluppo di app si &hellip;<\/p>\n<p class=\"read-more\"> <a class=\"\" href=\"https:\/\/www.directimpactsolutions.com\/it\/azienda-di-sviluppo-di-app-ios-in-california\/\"> <span class=\"screen-reader-text\">Azienda di sviluppo di app iOS in California<\/span> Leggi altro &raquo;<\/a><\/p>\n","protected":false},"author":2,"featured_media":0,"parent":0,"menu_order":0,"comment_status":"closed","ping_status":"closed","template":"","meta":{"inline_featured_image":false,"_uag_custom_page_level_css":"","site-sidebar-layout":"default","site-content-layout":"","ast-site-content-layout":"","site-content-style":"default","site-sidebar-style":"default","ast-global-header-display":"","ast-banner-title-visibility":"","ast-main-header-display":"","ast-hfb-above-header-display":"","ast-hfb-below-header-display":"","ast-hfb-mobile-header-display":"","site-post-title":"disabled","ast-breadcrumbs-content":"","ast-featured-img":"","footer-sml-layout":"","theme-transparent-header-meta":"","adv-header-id-meta":"","stick-header-meta":"","header-above-stick-meta":"","header-main-stick-meta":"","header-below-stick-meta":"","astra-migrate-meta-layouts":"","footnotes":""},"class_list":["post-17843","page","type-page","status-publish","hentry"],"uagb_featured_image_src":{"full":false,"thumbnail":false,"medium":false,"medium_large":false,"large":false,"1536x1536":false,"2048x2048":false,"woocommerce_thumbnail":false,"woocommerce_single":false,"woocommerce_gallery_thumbnail":false},"uagb_author_info":{"display_name":"Eleanor Fulton","author_link":"https:\/\/www.directimpactsolutions.com\/it\/author\/eleanor-fulton\/"},"uagb_comment_info":0,"uagb_excerpt":"Azienda di sviluppo di app iOS in California Direct Impact Solutions | Disponiamo di pi\u00f9 piattaforme per fornire applicazioni iOS e desktop di qualit\u00e0. Sviluppo di app in California: Soluzioni personalizzate per far progredire la tua azienda Consapevole che ogni azienda ha processi ed esigenze uniche, il nostro team californiano di sviluppo di app si&hellip;","_links":{"self":[{"href":"https:\/\/www.directimpactsolutions.com\/it\/wp-json\/wp\/v2\/pages\/17843","targetHints":{"allow":["GET"]}}],"collection":[{"href":"https:\/\/www.directimpactsolutions.com\/it\/wp-json\/wp\/v2\/pages"}],"about":[{"href":"https:\/\/www.directimpactsolutions.com\/it\/wp-json\/wp\/v2\/types\/page"}],"author":[{"embeddable":true,"href":"https:\/\/www.directimpactsolutions.com\/it\/wp-json\/wp\/v2\/users\/2"}],"replies":[{"embeddable":true,"href":"https:\/\/www.directimpactsolutions.com\/it\/wp-json\/wp\/v2\/comments?post=17843"}],"version-history":[{"count":1,"href":"https:\/\/www.directimpactsolutions.com\/it\/wp-json\/wp\/v2\/pages\/17843\/revisions"}],"predecessor-version":[{"id":17844,"href":"https:\/\/www.directimpactsolutions.com\/it\/wp-json\/wp\/v2\/pages\/17843\/revisions\/17844"}],"wp:attachment":[{"href":"https:\/\/www.directimpactsolutions.com\/it\/wp-json\/wp\/v2\/media?parent=17843"}],"curies":[{"name":"wp","href":"https:\/\/api.w.org\/{rel}","templated":true}]}}