{"id":17845,"date":"2024-08-06T14:14:40","date_gmt":"2024-08-06T14:14:40","guid":{"rendered":"https:\/\/www.directimpactsolutions.com\/sviluppo-web-laravel\/"},"modified":"2024-08-06T14:14:41","modified_gmt":"2024-08-06T14:14:41","slug":"sviluppo-web-laravel","status":"publish","type":"page","link":"https:\/\/www.directimpactsolutions.com\/it\/sviluppo-web-laravel\/","title":{"rendered":"Sviluppo web Laravel"},"content":{"rendered":"<div class=\"wp-block-uagb-container uagb-block-0517ea4e alignfull uagb-is-root-container\"><div class=\"uagb-container-inner-blocks-wrap\"><div style=\"height:20px\" aria-hidden=\"true\" class=\"wp-block-spacer\"><\/div>\n\n<h1 class=\"wp-block-heading has-ast-global-color-1-color has-text-color\" style=\"font-style:normal;font-weight:400\">Laravel offre soluzioni web personalizzabili ed economicamente vantaggiose<\/h1>\n\n<p class=\"has-ast-global-color-1-color has-text-color\" style=\"font-size:16px\">In qualit\u00e0 di fornitore leader di servizi di sviluppo web Laravel all&#8217;avanguardia, siamo specializzati nel trasformare le tue idee in eccezionali soluzioni digitali. Sfruttando il robusto, flessibile e performante framework PHP Laravel, il nostro team di sviluppatori esperti lavora instancabilmente per creare applicazioni web personalizzate, scalabili e sicure, su misura per le tue esigenze aziendali. <\/p>\n\n<div style=\"height:40px\" aria-hidden=\"true\" class=\"wp-block-spacer\"><\/div><\/div><div class=\"uagb-container__shape uagb-container__shape-bottom uagb-container__invert\" data-negative=\"false\"><svg xmlns=\"https:\/\/www.w3.org\/2000\/svg\" viewBox=\"0 0 1000 100\" preserveAspectRatio=\"none\"><path class=\"uagb-container__shape-fill\" d=\"M500,98.9L0,6.1V0h1000v6.1L500,98.9z\"><\/path><\/svg><\/div><\/div><div style=\"height:80px\" aria-hidden=\"true\" class=\"wp-block-spacer\"><\/div><h2 class=\"wp-block-heading has-text-align-left has-large-font-size\" style=\"font-style:normal;font-weight:400\">Servizi di sviluppo web Laravel<\/h2><div class=\"wp-block-uagb-container uagb-block-39b35a8c alignwide uagb-is-root-container\"><div class=\"wp-block-uagb-container uagb-block-3c4f605f\"><div class=\"wp-block-uagb-info-box uagb-block-d5637e73 uagb-infobox__content-wrap  uagb-infobox-icon-above-title uagb-infobox-image-valign-top\"><div class=\"uagb-ifb-content\"><div class=\"uagb-ifb-icon-wrap\"><svg xmlns=\"https:\/\/www.w3.org\/2000\/svg\" viewbox=\"0 0 512 512\"><path d=\"M208 175.1c-8.836 0-16 7.162-16 16c0 8.836 7.163 15.1 15.1 15.1s16-7.164 16-16C224 183.2 216.8 175.1 208 175.1zM272 239.1c-8.836 0-15.1 7.163-15.1 16c0 8.836 7.165 16 16 16s16-7.164 16-16C288 247.2 280.8 239.1 272 239.1zM509.2 275c-20.94-47.13-48.46-151.7-73.1-186.8C397.7 33.59 334.6 0 266.1 0H192C85.95 0 0 85.95 0 192c0 56.8 24.8 107.7 64 142.8L64 512h256l-.0044-64h63.99c35.34 0 63.1-28.65 63.1-63.1V320h31.98C503.1 320 518.6 296.2 509.2 275zM368 240h-12.12c-28.51 0-42.79 34.47-22.63 54.63l8.576 8.576c6.25 6.25 6.25 16.38 0 22.62c-3.125 3.125-7.219 4.688-11.31 4.688s-8.188-1.562-11.31-4.688l-8.576-8.576c-20.16-20.16-54.63-5.881-54.63 22.63V352c0 8.844-7.156 16-16 16s-16-7.156-16-16v-12.12c0-28.51-34.47-42.79-54.63-22.63l-8.576 8.576c-3.125 3.125-7.219 4.688-11.31 4.688c-4.096 0-8.188-1.562-11.31-4.688c-6.25-6.25-6.25-16.38 0-22.62l8.577-8.576C166.9 274.5 152.6 240 124.1 240H112c-8.844 0-16-7.156-16-16s7.157-16 16-16L124.1 208c28.51 0 42.79-34.47 22.63-54.63L138.2 144.8c-6.25-6.25-6.25-16.38 0-22.62s16.38-6.25 22.63 0L169.4 130.7c20.16 20.16 54.63 5.881 54.63-22.63V96c0-8.844 7.156-16 16-16S256 87.16 256 96v12.12c0 28.51 34.47 42.79 54.63 22.63l8.576-8.576c6.25-6.25 16.38-6.25 22.63 0s6.25 16.38 0 22.62L333.3 153.4C313.1 173.5 327.4 208 355.9 208l12.12-.0004c8.844 0 15.1 7.157 15.1 16S376.8 240 368 240z\"><\/path><\/svg><\/div><div class=\"uagb-ifb-title-wrap\"><h3 class=\"uagb-ifb-title\">Sviluppo di applicazioni web Laravel personalizzate<\/h3><\/div><p class=\"uagb-ifb-desc\">I nostri esperti sviluppatori creano applicazioni <a href=\"https:\/\/www.directimpactsolutions.com\/en\/category\/web-applications\/\" data-type=\"URL\" data-id=\"https:\/\/www.directimpactsolutions.com\/category\/web-applications\/\">web applicazioni <\/a> web su misura per le tue specifiche esigenze aziendali.<\/p><\/div><\/div><\/div>\n\n<div class=\"wp-block-uagb-container uagb-block-b030bf0e\"><div class=\"wp-block-uagb-info-box uagb-block-042532d7 uagb-infobox__content-wrap  uagb-infobox-icon-above-title uagb-infobox-image-valign-top\"><div class=\"uagb-ifb-content\"><div class=\"uagb-ifb-icon-wrap\"><svg xmlns=\"https:\/\/www.w3.org\/2000\/svg\" viewbox=\"0 0 640 512\"><path d=\"M96.2 200.1C96.07 197.4 96 194.7 96 192C96 103.6 167.6 32 256 32C315.3 32 367 64.25 394.7 112.2C409.9 101.1 428.3 96 448 96C501 96 544 138.1 544 192C544 204.2 541.7 215.8 537.6 226.6C596 238.4 640 290.1 640 352C640 422.7 582.7 480 512 480H144C64.47 480 0 415.5 0 336C0 273.2 40.17 219.8 96.2 200.1z\"><\/path><\/svg><\/div><div class=\"uagb-ifb-title-wrap\"><h3 class=\"uagb-ifb-title\">Soluzioni e-commerce Laravel<\/h3><\/div><p class=\"uagb-ifb-desc\">Sviluppiamo piattaforme di e-commerce ricche di funzionalit\u00e0, sicure e scalabili utilizzando il framework Laravel.<\/p><\/div><\/div><\/div>\n\n<div class=\"wp-block-uagb-container uagb-block-d8eae522\"><div class=\"wp-block-uagb-info-box uagb-block-65ed0039 uagb-infobox__content-wrap  uagb-infobox-icon-above-title uagb-infobox-image-valign-top\"><div class=\"uagb-ifb-content\"><div class=\"uagb-ifb-icon-wrap\"><svg xmlns=\"https:\/\/www.w3.org\/2000\/svg\" viewbox=\"0 0 576 512\"><path d=\"M512 32H64C28.65 32 0 60.65 0 96v320c0 35.35 28.65 64 64 64h448c35.35 0 64-28.65 64-64V96C576 60.65 547.3 32 512 32zM176 128c35.35 0 64 28.65 64 64s-28.65 64-64 64s-64-28.65-64-64S140.7 128 176 128zM272 384h-192C71.16 384 64 376.8 64 368C64 323.8 99.82 288 144 288h64c44.18 0 80 35.82 80 80C288 376.8 280.8 384 272 384zM496 320h-128C359.2 320 352 312.8 352 304S359.2 288 368 288h128C504.8 288 512 295.2 512 304S504.8 320 496 320zM496 256h-128C359.2 256 352 248.8 352 240S359.2 224 368 224h128C504.8 224 512 231.2 512 240S504.8 256 496 256zM496 192h-128C359.2 192 352 184.8 352 176S359.2 160 368 160h128C504.8 160 512 167.2 512 176S504.8 192 496 192z\"><\/path><\/svg><\/div><div class=\"uagb-ifb-title-wrap\"><h3 class=\"uagb-ifb-title\">Manutenzione e assistenza Laravel<\/h3><\/div><p class=\"uagb-ifb-desc\">I nostri servizi completi di manutenzione e assistenza Laravel garantiscono prestazioni ininterrotte della tua applicazione web.<\/p><\/div><\/div><\/div>\n\n<div class=\"wp-block-uagb-container uagb-block-957a5a91\"><div class=\"wp-block-uagb-info-box uagb-block-0d333e03 uagb-infobox__content-wrap  uagb-infobox-icon-above-title uagb-infobox-image-valign-top\"><div class=\"uagb-ifb-content\"><div class=\"uagb-ifb-icon-wrap\"><svg xmlns=\"https:\/\/www.w3.org\/2000\/svg\" viewbox=\"0 0 640 512\"><path d=\"M623.1 136.9l-282.7-101.2c-13.73-4.91-28.7-4.91-42.43 0L16.05 136.9C6.438 140.4 0 149.6 0 160s6.438 19.65 16.05 23.09L76.07 204.6c-11.89 15.8-20.26 34.16-24.55 53.95C40.05 263.4 32 274.8 32 288c0 9.953 4.814 18.49 11.94 24.36l-24.83 149C17.48 471.1 25 480 34.89 480H93.11c9.887 0 17.41-8.879 15.78-18.63l-24.83-149C91.19 306.5 96 297.1 96 288c0-10.29-5.174-19.03-12.72-24.89c4.252-17.76 12.88-33.82 24.94-47.03l190.6 68.23c13.73 4.91 28.7 4.91 42.43 0l282.7-101.2C633.6 179.6 640 170.4 640 160S633.6 140.4 623.1 136.9zM351.1 314.4C341.7 318.1 330.9 320 320 320c-10.92 0-21.69-1.867-32-5.555L142.8 262.5L128 405.3C128 446.6 213.1 480 320 480c105.1 0 192-33.4 192-74.67l-14.78-142.9L351.1 314.4z\"><\/path><\/svg><\/div><div class=\"uagb-ifb-title-wrap\"><h3 class=\"uagb-ifb-title\">Servizi di migrazione e aggiornamento Laravel<\/h3><\/div><p class=\"uagb-ifb-desc\">Rimani aggiornato con le ultime versioni e funzionalit\u00e0 di Laravel sfruttando i nostri servizi di migrazione e aggiornamento.<\/p><\/div><\/div><\/div><\/div><div style=\"height:80px\" aria-hidden=\"true\" class=\"wp-block-spacer\"><\/div><h2 class=\"wp-block-heading has-text-align-left has-ast-global-color-0-color has-text-color has-large-font-size\" style=\"font-style:normal;font-weight:400\">Perch\u00e9 scegliere Direct Impact per le tue esigenze di sviluppo web Laravel e Claris FileMaker?<\/h2><div class=\"wp-block-uagb-container uagb-block-6a92ef79 alignfull uagb-is-root-container\"><div class=\"uagb-container-inner-blocks-wrap\"><div class=\"wp-block-columns is-layout-flex wp-container-core-columns-is-layout-28f84493 wp-block-columns-is-layout-flex\"><div class=\"wp-block-column is-vertically-aligned-bottom is-layout-flow wp-block-column-is-layout-flow\"><figure class=\"wp-block-image alignleft size-full is-resized has-custom-border is-style-rounded wp-duotone-unset-1\"><img loading=\"lazy\" decoding=\"async\" src=\"https:\/\/www.directimpactsolutions.com\/wp-content\/uploads\/2021\/06\/ClarisFilemaker19-sm.jpeg\" alt=\"Claris FileMaker\" class=\"wp-image-593\" style=\"border-style:none;border-width:0px;border-radius:25px\" width=\"523\" height=\"273\"\/><\/figure><\/div>\n\n<div class=\"wp-block-column is-layout-flow wp-block-column-is-layout-flow\"><div class=\"wp-block-uagb-container uagb-block-59c62ab7 default uagb-is-root-container\"><div class=\"wp-block-uagb-container uagb-block-1995b2ee\"><div class=\"wp-block-uagb-info-box uagb-block-e1b2d477 uagb-infobox__content-wrap  uagb-infobox-icon-above-title uagb-infobox-image-valign-top\"><div class=\"uagb-ifb-content\"><div class=\"uagb-ifb-title-wrap\"><h3 class=\"uagb-ifb-title\">Competenza unica<\/h3><\/div><p class=\"uagb-ifb-desc\">Il nostro team di professionisti qualificati \u00e8 sempre aggiornato sulle ultime tendenze e tecnologie del settore, assicurando la fornitura delle soluzioni pi\u00f9 efficienti, scalabili e innovative per le tue esigenze aziendali.<\/p><\/div><\/div><\/div>\n\n<div class=\"wp-block-uagb-container uagb-block-92e65b74\"><div class=\"wp-block-uagb-info-box uagb-block-05bcb27b uagb-infobox__content-wrap  uagb-infobox-icon-above-title uagb-infobox-image-valign-top\"><div class=\"uagb-ifb-content\"><div class=\"uagb-ifb-title-wrap\"><h3 class=\"uagb-ifb-title\">Approccio personalizzato<\/h3><\/div><p class=\"uagb-ifb-desc\">Il nostro approfondito processo di consulenza ci permette di identificare i tuoi punti deboli e i tuoi obiettivi, consentendoci di creare soluzioni su misura che siano in linea con la tua visione e portino a risultati tangibili.<\/p><\/div><\/div><\/div>\n\n<div class=\"wp-block-uagb-container uagb-block-e352a3a4\"><div class=\"wp-block-uagb-info-box uagb-block-4a533da2 uagb-infobox__content-wrap  uagb-infobox-icon-above-title uagb-infobox-image-valign-top\"><div class=\"uagb-ifb-content\"><div class=\"uagb-ifb-title-wrap\"><h3 class=\"uagb-ifb-title\">Assistenza eccezionale<\/h3><\/div><p class=\"uagb-ifb-desc\"><a href=\"http:\/\/www.directimpactsolutions.com\/en\/\" data-type=\"URL\" data-id=\"http:\/\/www.directimpactsolutions.com\/en\/\">Forniamo<\/a> manutenzione continua, aggiornamenti e assistenza tecnica 24 ore su 24, 7 giorni su 7, assicurando che le tue applicazioni rimangano sicure, efficienti e ottimizzate per prestazioni e scalabilit\u00e0.<\/p><\/div><\/div><\/div><\/div><\/div><\/div><\/div><\/div><div style=\"height:80px\" aria-hidden=\"true\" class=\"wp-block-spacer\"><\/div><h2 class=\"wp-block-heading has-ast-global-color-0-color has-text-color has-large-font-size\" style=\"font-style:normal;font-weight:400\">Sviluppo web Laravel personalizzato<\/h2><div class=\"wp-block-uagb-container uagb-block-67fc23b3 default uagb-is-root-container\"><div class=\"wp-block-columns is-layout-flex wp-container-core-columns-is-layout-28f84493 wp-block-columns-is-layout-flex\"><div class=\"wp-block-column is-layout-flow wp-block-column-is-layout-flow\" style=\"flex-basis:50%\"><div class=\"inherit-container-width wp-block-group is-layout-constrained wp-block-group-is-layout-constrained\"><p>Noi di Direct Impact eccelliamo nell&#8217;offerta di servizi di sviluppo web Laravel personalizzato e di sviluppo di applicazioni Claris FileMaker, che si rivolgono a una vasta gamma di settori e aziende. Il nostro talentuoso team di sviluppatori possiede una vasta esperienza in entrambe le tecnologie, assicurando che il tuo progetto benefici del meglio di entrambi i mondi. Utilizzando il robusto framework PHP Laravel e la versatile piattaforma Claris FileMaker, realizziamo applicazioni personalizzate, performanti e sicure che rispondono alle tue sfide e ai tuoi obiettivi aziendali.  <\/p>\n\n<p>I nostri servizi di sviluppo web Laravel personalizzato si concentrano sulla creazione di applicazioni web su misura che privilegiano l&#8217;usabilit\u00e0, la scalabilit\u00e0 e la flessibilit\u00e0. I nostri sviluppatori sfruttano la potenza del framework Laravel per costruire soluzioni ricche di funzionalit\u00e0, manutenibili e sicure che facilitano le operazioni aziendali e favoriscono la crescita. Dalle piattaforme di e-commerce alle integrazioni API, copriamo una gamma completa di servizi di sviluppo Laravel su misura per le tue esigenze specifiche.  <\/p><\/div><\/div>\n\n<div class=\"wp-block-column is-layout-flow wp-block-column-is-layout-flow\" style=\"flex-basis:50%\"><figure class=\"wp-block-image size-full is-style-default\"><img loading=\"lazy\" decoding=\"async\" width=\"795\" height=\"465\" src=\"https:\/\/www.directimpactsolutions.com\/wp-content\/uploads\/2022\/04\/claris-filemaker19.png\" alt=\"Claris FileMaker\" class=\"wp-image-6633\" srcset=\"https:\/\/www.directimpactsolutions.com\/wp-content\/uploads\/2022\/04\/claris-filemaker19.png 795w, https:\/\/www.directimpactsolutions.com\/wp-content\/uploads\/2022\/04\/claris-filemaker19-300x175.png 300w, https:\/\/www.directimpactsolutions.com\/wp-content\/uploads\/2022\/04\/claris-filemaker19-768x449.png 768w, https:\/\/www.directimpactsolutions.com\/wp-content\/uploads\/2022\/04\/claris-filemaker19-480x281.png 480w\" sizes=\"auto, (max-width: 795px) 100vw, 795px\" \/><\/figure><\/div><\/div><\/div><div style=\"height:80px\" aria-hidden=\"true\" class=\"wp-block-spacer\"><\/div><h2 class=\"wp-block-heading has-large-font-size\" style=\"margin-top:0;margin-right:0;margin-bottom:0;margin-left:0;padding-top:0;padding-right:0;padding-bottom:0;padding-left:0;font-style:normal;font-weight:400\">Cos&#8217;\u00e8 lo sviluppo web Laravel?<\/h2><div class=\"wp-block-uagb-container uagb-block-d839feaf alignfull uagb-is-root-container\"><div class=\"uagb-container-inner-blocks-wrap\"><div class=\"wp-block-uagb-container uagb-block-905622eb\"><figure class=\"wp-block-image size-full\"><img loading=\"lazy\" decoding=\"async\" width=\"500\" height=\"500\" src=\"https:\/\/www.directimpactsolutions.com\/wp-content\/uploads\/2023\/03\/FMP_icon-1.png\" alt=\"\" class=\"wp-image-10535\" srcset=\"https:\/\/www.directimpactsolutions.com\/wp-content\/uploads\/2023\/03\/FMP_icon-1.png 500w, https:\/\/www.directimpactsolutions.com\/wp-content\/uploads\/2023\/03\/FMP_icon-1-300x300.png 300w, https:\/\/www.directimpactsolutions.com\/wp-content\/uploads\/2023\/03\/FMP_icon-1-150x150.png 150w, https:\/\/www.directimpactsolutions.com\/wp-content\/uploads\/2023\/03\/FMP_icon-1-100x100.png 100w\" sizes=\"auto, (max-width: 500px) 100vw, 500px\" \/><\/figure><\/div>\n\n<div class=\"wp-block-uagb-container uagb-block-10719c3c\"><div class=\"inherit-container-width wp-block-group is-layout-constrained wp-block-group-is-layout-constrained\"><p>Lo sviluppo web Laravel \u00e8 il processo di creazione di applicazioni web utilizzando Laravel, un framework per applicazioni web PHP open-source molto diffuso e potente. Laravel \u00e8 stato creato da Taylor Otwell nel 2011 e da allora si \u00e8 guadagnato un&#8217;immensa popolarit\u00e0 tra gli sviluppatori e le aziende per la sua sintassi elegante, la robusta serie di funzioni e l&#8217;ampio ecosistema. Con Laravel, gli sviluppatori possono costruire applicazioni web moderne, manutenibili e sicure che soddisfano un&#8217;ampia gamma di casi d&#8217;uso, da semplici siti web a complesse applicazioni di livello aziendale.  <\/p>\n\n<p>Uno dei principali vantaggi dello sviluppo web con Laravel \u00e8 l&#8217;ampia gamma di funzionalit\u00e0 e strumenti integrati che semplificano il processo di sviluppo. Tra questi, un intuitivo motore di template chiamato Blade, un potente ORM (Object-Relational Mapping) chiamato Eloquent, un sistema di routing facile da usare e solidi meccanismi di sicurezza che proteggono dalle comuni vulnerabilit\u00e0 del web. Laravel vanta anche un&#8217;architettura modulare che consente agli sviluppatori di integrare facilmente pacchetti e componenti di terze parti, velocizzando notevolmente il processo di sviluppo e favorendo un alto livello di personalizzazione.  <\/p><\/div><\/div><\/div><\/div><div style=\"height:80px\" aria-hidden=\"true\" class=\"wp-block-spacer\"><\/div><h2 class=\"wp-block-heading has-large-font-size\" style=\"margin-top:0;margin-right:0;margin-bottom:0;margin-left:0;font-style:normal;font-weight:400\">Esperti di sviluppo web Laravel per aiutarti<\/h2><div style=\"height:27px\" aria-hidden=\"true\" class=\"wp-block-spacer\"><\/div><div class=\"wp-block-columns alignwide is-layout-flex wp-container-core-columns-is-layout-28f84493 wp-block-columns-is-layout-flex\"><div class=\"wp-block-column is-layout-flow wp-block-column-is-layout-flow\" style=\"flex-basis:75%\"><p>In Direct Impact, il nostro team di esperti di sviluppo web Laravel si impegna a fornire un supporto e una guida senza pari durante il tuo percorso di trasformazione digitale. Con anni di esperienza e una profonda conoscenza del framework Laravel, i nostri professionisti sono in grado di affrontare un&#8217;ampia gamma di sfide di sviluppo web e di fornire soluzioni personalizzate di alta qualit\u00e0 in linea con i tuoi obiettivi aziendali. Scegliendo il supporto dei nostri esperti di sviluppo web Laravel, avrai accesso a un patrimonio di conoscenze tecniche e approfondimenti del settore che aiuteranno la tua azienda a rimanere all&#8217;avanguardia nel competitivo panorama digitale di oggi.  <\/p>\n\n<p>I nostri esperti di sviluppo web Laravel lavorano a stretto contatto con te per capire le tue esigenze specifiche, i tuoi punti deboli e i tuoi obiettivi. Questo approccio collaborativo ci permette di creare applicazioni web su misura che si integrano perfettamente con i tuoi sistemi e processi esistenti, offrendo al contempo un&#8217;esperienza user-friendly ai tuoi clienti e ai membri del tuo team. Dalle applicazioni web personalizzate allo sviluppo e all&#8217;integrazione di API, i nostri esperti sono in grado di offrire una gamma completa di servizi di sviluppo Laravel, assicurandoti la soluzione ottimale per le tue esigenze.  <\/p>\n\n<p>Oltre alle nostre competenze tecniche, i nostri esperti di sviluppo web Laravel si impegnano a fornire un servizio clienti eccezionale e un&#8217;assistenza continua. Siamo consapevoli dell&#8217;importanza di mantenere e aggiornare le tue applicazioni web per garantirne la sicurezza, le prestazioni e la funzionalit\u00e0. Ecco perch\u00e9 offriamo servizi completi di manutenzione e assistenza, tra cui monitoraggio 24 ore su 24, 7 giorni su 7, risoluzione di problemi, aggiornamenti di sicurezza e ottimizzazione delle prestazioni. Affidando i tuoi progetti di sviluppo web Laravel al nostro team di esperti, puoi essere sicuro che le tue risorse digitali sono in mani capaci e concentrarti sulle tue attivit\u00e0 principali.   <\/p><\/div>\n\n<div class=\"wp-block-column is-layout-flow wp-block-column-is-layout-flow\" style=\"flex-basis:25%\"><figure class=\"wp-block-image size-large\"><img loading=\"lazy\" decoding=\"async\" width=\"1024\" height=\"724\" src=\"https:\/\/www.directimpactsolutions.com\/wp-content\/uploads\/2022\/10\/Laravel_Logo-1024x724.png\" alt=\"\" class=\"wp-image-8247\" srcset=\"https:\/\/www.directimpactsolutions.com\/wp-content\/uploads\/2022\/10\/Laravel_Logo-1024x724.png 1024w, https:\/\/www.directimpactsolutions.com\/wp-content\/uploads\/2022\/10\/Laravel_Logo-300x212.png 300w, https:\/\/www.directimpactsolutions.com\/wp-content\/uploads\/2022\/10\/Laravel_Logo-768x543.png 768w, https:\/\/www.directimpactsolutions.com\/wp-content\/uploads\/2022\/10\/Laravel_Logo-400x284.png 400w, https:\/\/www.directimpactsolutions.com\/wp-content\/uploads\/2022\/10\/Laravel_Logo-1080x763.png 1080w, https:\/\/www.directimpactsolutions.com\/wp-content\/uploads\/2022\/10\/Laravel_Logo-980x692.png 980w, https:\/\/www.directimpactsolutions.com\/wp-content\/uploads\/2022\/10\/Laravel_Logo-480x339.png 480w, https:\/\/www.directimpactsolutions.com\/wp-content\/uploads\/2022\/10\/Laravel_Logo.png 1118w\" sizes=\"auto, (max-width: 1024px) 100vw, 1024px\" \/><\/figure><\/div><\/div><div style=\"height:80px\" aria-hidden=\"true\" class=\"wp-block-spacer\"><\/div><div class=\"wp-block-uagb-container uagb-block-2c6be49f alignfull uagb-is-root-container\"><div class=\"uagb-container-inner-blocks-wrap\"><div class=\"wp-block-uagb-container uagb-block-d5642d1e\"><div class=\"wp-block-uagb-info-box uagb-block-b840b1fc uagb-infobox__content-wrap  uagb-infobox-icon-above-title uagb-infobox-image-valign-top\"><div class=\"uagb-ifb-content\"><div class=\"uagb-ifb-image-content\"><img decoding=\"async\" src=\"https:\/\/www.directimpactsolutions.com\/wp-content\/uploads\/2021\/06\/logo-g2-crowd2-150x129.jpeg\" alt=\"\" width=\"\" height=\"0\" loading=\"lazy\"\/><\/div><div class=\"uagb-ifb-title-wrap\"><h3 class=\"uagb-ifb-title\">Premi<\/h3><\/div><p class=\"uagb-ifb-desc\">Scopri perch\u00e9 amiamo costruire soluzioni personalizzate con Claris FileMaker. G2 Crowd classifica FileMaker al primo posto tra le piattaforme per l&#8217;innovazione sul posto di lavoro. <\/p><div class=\"uagb-ifb-button-wrapper wp-block-button\"><a href=\"https:\/\/content.filemaker.com\/G2_Fall_2019_WIP_Report\" class=\"uagb-infobox-cta-link wp-block-button__link\" target=\"_blank\" rel=\"noopener noreferrer\" alt=\"\"><span class=\"uagb-inline-editing\">Leggi tutto<\/span><\/a><\/div><\/div><\/div><\/div>\n\n<div class=\"wp-block-uagb-container uagb-block-8d8baac2\"><div class=\"wp-block-uagb-info-box uagb-block-99536ede uagb-infobox__content-wrap  uagb-infobox-icon-above-title uagb-infobox-image-valign-top\"><div class=\"uagb-ifb-content\"><div class=\"uagb-ifb-image-content\"><img decoding=\"async\" src=\"https:\/\/www.directimpactsolutions.com\/wp-content\/uploads\/2021\/06\/fmCyberimpact-150x150.jpeg\" alt=\"\" width=\"\" height=\"0\" loading=\"lazy\"\/><\/div><div class=\"uagb-ifb-title-wrap\"><h3 class=\"uagb-ifb-title\">Soluzioni precostituite<\/h3><\/div><p class=\"uagb-ifb-desc\">La tua organizzazione utilizza <strong>Office 365<\/strong> o <strong>Cyberimpact<\/strong>? Scopri le nostre soluzioni pre-confezionate per integrare i tuoi flussi di lavoro. <\/p><div class=\"uagb-ifb-button-wrapper wp-block-button\"><a href=\"https:\/\/www.directimpactsolutions.com\/en\/solutions\/\" class=\"uagb-infobox-cta-link wp-block-button__link\" target=\"_self\" rel=\"noopener noreferrer\" alt=\"\"><span class=\"uagb-inline-editing\">Leggi tutto<\/span><\/a><\/div><\/div><\/div><\/div><\/div><\/div>","protected":false},"excerpt":{"rendered":"<p>Laravel offre soluzioni web personalizzabili ed economicamente vantaggiose In qualit\u00e0 di fornitore leader di servizi di sviluppo web Laravel all&#8217;avanguardia, siamo specializzati nel trasformare le tue idee in eccezionali soluzioni digitali. Sfruttando il robusto, flessibile e performante framework PHP Laravel, il nostro team di sviluppatori esperti lavora instancabilmente per creare applicazioni web personalizzate, scalabili e &hellip;<\/p>\n<p class=\"read-more\"> <a class=\"\" href=\"https:\/\/www.directimpactsolutions.com\/it\/sviluppo-web-laravel\/\"> <span class=\"screen-reader-text\">Sviluppo web Laravel<\/span> Leggi altro &raquo;<\/a><\/p>\n","protected":false},"author":13,"featured_media":0,"parent":0,"menu_order":0,"comment_status":"closed","ping_status":"closed","template":"","meta":{"inline_featured_image":false,"_uag_custom_page_level_css":"","site-sidebar-layout":"default","site-content-layout":"","ast-site-content-layout":"default","site-content-style":"default","site-sidebar-style":"default","ast-global-header-display":"","ast-banner-title-visibility":"","ast-main-header-display":"","ast-hfb-above-header-display":"","ast-hfb-below-header-display":"","ast-hfb-mobile-header-display":"","site-post-title":"disabled","ast-breadcrumbs-content":"","ast-featured-img":"","footer-sml-layout":"","theme-transparent-header-meta":"","adv-header-id-meta":"","stick-header-meta":"","header-above-stick-meta":"","header-main-stick-meta":"","header-below-stick-meta":"","astra-migrate-meta-layouts":"","footnotes":""},"class_list":["post-17845","page","type-page","status-publish","hentry"],"uagb_featured_image_src":{"full":false,"thumbnail":false,"medium":false,"medium_large":false,"large":false,"1536x1536":false,"2048x2048":false,"woocommerce_thumbnail":false,"woocommerce_single":false,"woocommerce_gallery_thumbnail":false},"uagb_author_info":{"display_name":"Ozzi","author_link":"https:\/\/www.directimpactsolutions.com\/it\/author\/ozzi\/"},"uagb_comment_info":0,"uagb_excerpt":"Laravel offre soluzioni web personalizzabili ed economicamente vantaggiose In qualit\u00e0 di fornitore leader di servizi di sviluppo web Laravel all&#8217;avanguardia, siamo specializzati nel trasformare le tue idee in eccezionali soluzioni digitali. Sfruttando il robusto, flessibile e performante framework PHP Laravel, il nostro team di sviluppatori esperti lavora instancabilmente per creare applicazioni web personalizzate, scalabili e&hellip;","_links":{"self":[{"href":"https:\/\/www.directimpactsolutions.com\/it\/wp-json\/wp\/v2\/pages\/17845","targetHints":{"allow":["GET"]}}],"collection":[{"href":"https:\/\/www.directimpactsolutions.com\/it\/wp-json\/wp\/v2\/pages"}],"about":[{"href":"https:\/\/www.directimpactsolutions.com\/it\/wp-json\/wp\/v2\/types\/page"}],"author":[{"embeddable":true,"href":"https:\/\/www.directimpactsolutions.com\/it\/wp-json\/wp\/v2\/users\/13"}],"replies":[{"embeddable":true,"href":"https:\/\/www.directimpactsolutions.com\/it\/wp-json\/wp\/v2\/comments?post=17845"}],"version-history":[{"count":1,"href":"https:\/\/www.directimpactsolutions.com\/it\/wp-json\/wp\/v2\/pages\/17845\/revisions"}],"predecessor-version":[{"id":17846,"href":"https:\/\/www.directimpactsolutions.com\/it\/wp-json\/wp\/v2\/pages\/17845\/revisions\/17846"}],"wp:attachment":[{"href":"https:\/\/www.directimpactsolutions.com\/it\/wp-json\/wp\/v2\/media?parent=17845"}],"curies":[{"name":"wp","href":"https:\/\/api.w.org\/{rel}","templated":true}]}}