{"id":17847,"date":"2024-08-06T14:28:38","date_gmt":"2024-08-06T14:28:38","guid":{"rendered":"https:\/\/www.directimpactsolutions.com\/sviluppo-di-software-medico-per-la-gestione-e-lassistenza-sanitaria-su-larga-scala\/"},"modified":"2024-08-06T14:28:39","modified_gmt":"2024-08-06T14:28:39","slug":"sviluppo-di-software-medico-per-la-gestione-e-lassistenza-sanitaria-su-larga-scala","status":"publish","type":"page","link":"https:\/\/www.directimpactsolutions.com\/it\/sviluppo-di-software-medico-per-la-gestione-e-lassistenza-sanitaria-su-larga-scala\/","title":{"rendered":"Sviluppo di software medico per la gestione e l&#8217;assistenza sanitaria su larga scala"},"content":{"rendered":"<div class=\"wp-block-uagb-container uagb-block-3ab34cb5 alignfull uagb-is-root-container\"><div class=\"uagb-container__shape uagb-container__shape-bottom uagb-container__invert\" data-negative=\"false\"><svg xmlns=\"https:\/\/www.w3.org\/2000\/svg\" viewBox=\"0 0 1000 100\" preserveAspectRatio=\"none\"><path class=\"uagb-container__shape-fill\" d=\"M500,98.9L0,6.1V0h1000v6.1L500,98.9z\"><\/path><\/svg><\/div><div class=\"uagb-container-inner-blocks-wrap\"><div style=\"height:20px\" aria-hidden=\"true\" class=\"wp-block-spacer\"><\/div>\n\n<h1 class=\"wp-block-heading has-ast-global-color-1-color has-text-color\" style=\"font-style:normal;font-weight:400\">Sviluppo di software medico per la gestione e l&#8217;assistenza sanitaria su larga scala<\/h1>\n\n<p class=\"has-ast-global-color-1-color has-text-color has-link-color wp-elements-2f45adba6c024b9de10aaddfd80fa9e9\">Le nostre soluzioni software per il settore medico danno potere agli operatori sanitari, semplificano la gestione, migliorano i risultati dei pazienti e rivoluzionano il settore. Che tu sia un fornitore di servizi medici di base o una catena di strutture mediche, ci occupiamo di tutte le tue esigenze di sviluppo e manutenzione. Uniamo l&#8217;esperienza tecnica a una profonda conoscenza delle necessit\u00e0 mediche. Unisciti a noi per sfruttare il potere della tecnologia e fare la differenza nelle vite umane.   <\/p>\n\n<div style=\"height:40px\" aria-hidden=\"true\" class=\"wp-block-spacer\"><\/div><\/div><\/div><div style=\"height:80px\" aria-hidden=\"true\" class=\"wp-block-spacer\"><\/div><h2 class=\"wp-block-heading has-ast-global-color-0-color has-text-color has-large-font-size\" style=\"margin-top:0px;margin-right:0px;margin-bottom:0px;margin-left:0px;font-style:normal;font-weight:400\">Sviluppo di software medico personalizzato<\/h2><div class=\"wp-block-uagb-container uagb-block-c2828a09 alignfull uagb-is-root-container\"><div class=\"uagb-container-inner-blocks-wrap\"><div class=\"wp-block-uagb-container uagb-block-5387bb6c\"><div class=\"wp-block-uagb-info-box uagb-block-00d7f044 uagb-infobox__content-wrap  uagb-infobox-icon-above-title uagb-infobox-image-valign-top\"><div class=\"uagb-ifb-content\"><div class=\"uagb-ifb-icon-wrap\"><svg xmlns=\"https:\/\/www.w3.org\/2000\/svg\" viewbox=\"0 0 512 512\"><path d=\"M215.1 272h-136c-12.94 0-24.63 7.797-29.56 19.75C45.47 303.7 48.22 317.5 57.37 326.6l30.06 30.06l-78.06 78.07c-12.5 12.5-12.5 32.75-.0012 45.25l22.62 22.62c12.5 12.5 32.76 12.5 45.26 .0013l78.06-78.07l30.06 30.06c6.125 6.125 14.31 9.367 22.63 9.367c4.125 0 8.279-.7891 12.25-2.43c11.97-4.953 19.75-16.62 19.75-29.56V296C239.1 282.7 229.3 272 215.1 272zM296 240h136c12.94 0 24.63-7.797 29.56-19.75c4.969-11.97 2.219-25.72-6.938-34.87l-30.06-30.06l78.06-78.07c12.5-12.5 12.5-32.76 .0002-45.26l-22.62-22.62c-12.5-12.5-32.76-12.5-45.26-.0003l-78.06 78.07l-30.06-30.06c-9.156-9.141-22.87-11.84-34.87-6.937c-11.97 4.953-19.75 16.62-19.75 29.56v135.1C272 229.3 282.7 240 296 240z\"><\/path><\/svg><\/div><div class=\"uagb-ifb-title-wrap\"><h3 class=\"uagb-ifb-title\">Sviluppatori di software medico<\/h3><\/div><p class=\"uagb-ifb-desc\">Se stai cercando lo sviluppo di un software medico personalizzato, sviluppo di software per il <a href=\"https:\/\/www.oregon.gov\/oha\/ph\/diseasesconditions\/communicabledisease\/reportingcommunicabledisease\/pages\/orpheus-opera.aspx?\">monitoraggio delle malattie<\/a> o di un software di gestione medica, noi li creiamo tutti con la massima precisione. Facci conoscere le tue esigenze e inizia a pianificare con noi oggi stesso! <\/p><\/div><\/div><\/div>\n\n<div class=\"wp-block-uagb-container uagb-block-7a3afee7\"><div class=\"wp-block-uagb-info-box uagb-block-21117a5b uagb-infobox__content-wrap  uagb-infobox-icon-above-title uagb-infobox-image-valign-top\"><div class=\"uagb-ifb-content\"><div class=\"uagb-ifb-icon-wrap\"><svg xmlns=\"https:\/\/www.w3.org\/2000\/svg\" viewbox=\"0 0 384 512\"><path d=\"M336 64h-53.88C268.9 26.8 233.7 0 192 0S115.1 26.8 101.9 64H48C21.5 64 0 85.48 0 112v352C0 490.5 21.5 512 48 512h288c26.5 0 48-21.48 48-48v-352C384 85.48 362.5 64 336 64zM192 64c17.67 0 32 14.33 32 32c0 17.67-14.33 32-32 32S160 113.7 160 96C160 78.33 174.3 64 192 64zM192 192c35.35 0 64 28.65 64 64s-28.65 64-64 64S128 291.3 128 256S156.7 192 192 192zM288 448H96c-8.836 0-16-7.164-16-16C80 387.8 115.8 352 160 352h64c44.18 0 80 35.82 80 80C304 440.8 296.8 448 288 448z\"><\/path><\/svg><\/div><div class=\"uagb-ifb-title-wrap\"><h3 class=\"uagb-ifb-title\">Aggiungi licenze<\/h3><\/div><p class=\"uagb-ifb-desc\">La gestione delle licenze non \u00e8 mai stata cos\u00ec facile! Ottieni velocemente una nuova licenza FileMaker, OutSystems o Toca per le tue attivit\u00e0 aziendali o modificare la <a href=\"https:\/\/www.directimpactsolutions.com\/it\/sviluppo-di-software-aziendale-per-startup-e-aziende\/\">configurazione esistente<\/a>. Se hai bisogno di pi\u00f9 licenze o di versioni diverse per rispettare le normative statali, possiamo occuparci anche di questo! Possiamo anche aiutarti a unire e organizzare. Contattaci oggi stesso e continua a innovare.    <\/p><\/div><\/div><\/div>\n\n<div class=\"wp-block-uagb-container uagb-block-d26c4d37\"><div class=\"wp-block-uagb-info-box uagb-block-cdb3f704 uagb-infobox__content-wrap  uagb-infobox-icon-above-title uagb-infobox-image-valign-top\"><div class=\"uagb-ifb-content\"><div class=\"uagb-ifb-icon-wrap\"><svg xmlns=\"https:\/\/www.w3.org\/2000\/svg\" viewbox=\"0 0 576 512\"><path d=\"M512 64C547.3 64 576 92.65 576 128V384C576 419.3 547.3 448 512 448H64C28.65 448 0 419.3 0 384V128C0 92.65 28.65 64 64 64H512zM272 192C263.2 192 256 199.2 256 208C256 216.8 263.2 224 272 224H496C504.8 224 512 216.8 512 208C512 199.2 504.8 192 496 192H272zM272 320H496C504.8 320 512 312.8 512 304C512 295.2 504.8 288 496 288H272C263.2 288 256 295.2 256 304C256 312.8 263.2 320 272 320zM164.1 160C164.1 148.9 155.1 139.9 143.1 139.9C132.9 139.9 123.9 148.9 123.9 160V166C118.3 167.2 112.1 168.9 108 171.1C93.06 177.9 80.07 190.5 76.91 208.8C75.14 219 76.08 228.9 80.32 237.8C84.47 246.6 91 252.8 97.63 257.3C109.2 265.2 124.5 269.8 136.2 273.3L138.4 273.9C152.4 278.2 161.8 281.3 167.7 285.6C170.2 287.4 171.1 288.8 171.4 289.7C171.8 290.5 172.4 292.3 171.7 296.3C171.1 299.8 169.2 302.8 163.7 305.1C157.6 307.7 147.7 309 134.9 307C128.9 306 118.2 302.4 108.7 299.2C106.5 298.4 104.3 297.7 102.3 297C91.84 293.5 80.51 299.2 77.02 309.7C73.53 320.2 79.2 331.5 89.68 334.1C90.89 335.4 92.39 335.9 94.11 336.5C101.1 339.2 114.4 343.4 123.9 345.6V352C123.9 363.1 132.9 372.1 143.1 372.1C155.1 372.1 164.1 363.1 164.1 352V346.5C169.4 345.5 174.6 343.1 179.4 341.9C195.2 335.2 207.8 322.2 211.1 303.2C212.9 292.8 212.1 282.8 208.1 273.7C204.2 264.7 197.9 258.1 191.2 253.3C179.1 244.4 162.9 239.6 150.8 235.9L149.1 235.7C135.8 231.4 126.2 228.4 120.1 224.2C117.5 222.4 116.7 221.2 116.5 220.7C116.3 220.3 115.7 219.1 116.3 215.7C116.7 213.7 118.2 210.4 124.5 207.6C130.1 204.7 140.9 203.1 153.1 204.1C157.5 205.7 171 208.3 174.9 209.3C185.5 212.2 196.5 205.8 199.3 195.1C202.2 184.5 195.8 173.5 185.1 170.7C180.7 169.5 170.7 167.5 164.1 166.3L164.1 160z\"><\/path><\/svg><\/div><div class=\"uagb-ifb-title-wrap\"><h3 class=\"uagb-ifb-title\">Richiedi un preventivo<\/h3><\/div><p class=\"uagb-ifb-desc\"><a href=\"https:\/\/www.directimpactsolutions.com\/en\/contact-us\/\">Mettiti in contatto<\/a> con il nostro team di vendita e comunicaci le tue esigenze. Offriamo solo i migliori servizi di software aziendale personalizzato, grazie ai nostri esperti sviluppatori. A seconda del tuo budget e delle tue preferenze, lasciaci scegliere la scelta migliore per te.  <br\/><\/p><\/div><\/div><\/div><\/div><\/div><div style=\"height:40px\" aria-hidden=\"true\" class=\"wp-block-spacer\"><\/div><div class=\"wp-block-uagb-container uagb-block-22155c33 alignfull uagb-is-root-container\"><div class=\"inherit-container-width wp-block-group has-ast-global-color-1-color has-ast-global-color-0-background-color has-text-color has-background is-layout-constrained wp-block-group-is-layout-constrained\"><p class=\"has-text-align-center has-ast-global-color-1-color has-text-color has-large-font-size\" style=\"margin-top:0;margin-right:0;margin-bottom:0;margin-left:0;padding-top:var(--wp--preset--spacing--30);padding-right:var(--wp--preset--spacing--30);padding-bottom:var(--wp--preset--spacing--30);padding-left:var(--wp--preset--spacing--30)\">Azienda di sviluppo di software medico: <\/p><\/div><\/div><div style=\"height:40px\" aria-hidden=\"true\" class=\"wp-block-spacer\"><\/div><div class=\"wp-block-uagb-container uagb-block-02059fae alignfull uagb-is-root-container\"><div class=\"uagb-container-inner-blocks-wrap\"><div class=\"wp-block-uagb-container uagb-block-93a3cb7a\"><div class=\"wp-block-uagb-container uagb-block-5f36002c\"><figure class=\"wp-block-image alignleft size-full has-custom-border\"><img loading=\"lazy\" decoding=\"async\" width=\"2560\" height=\"1870\" src=\"https:\/\/www.directimpactsolutions.com\/wp-content\/uploads\/2024\/04\/cloud-computing-data-management-concept-min-scaled.jpg\" alt=\"\" class=\"wp-image-16863\" style=\"border-radius:10px\" srcset=\"https:\/\/www.directimpactsolutions.com\/wp-content\/uploads\/2024\/04\/cloud-computing-data-management-concept-min-scaled.jpg 2560w, https:\/\/www.directimpactsolutions.com\/wp-content\/uploads\/2024\/04\/cloud-computing-data-management-concept-min-300x219.jpg 300w, https:\/\/www.directimpactsolutions.com\/wp-content\/uploads\/2024\/04\/cloud-computing-data-management-concept-min-1024x748.jpg 1024w, https:\/\/www.directimpactsolutions.com\/wp-content\/uploads\/2024\/04\/cloud-computing-data-management-concept-min-768x561.jpg 768w, https:\/\/www.directimpactsolutions.com\/wp-content\/uploads\/2024\/04\/cloud-computing-data-management-concept-min-1536x1122.jpg 1536w, https:\/\/www.directimpactsolutions.com\/wp-content\/uploads\/2024\/04\/cloud-computing-data-management-concept-min-2048x1496.jpg 2048w, https:\/\/www.directimpactsolutions.com\/wp-content\/uploads\/2024\/04\/cloud-computing-data-management-concept-min-600x438.jpg 600w\" sizes=\"auto, (max-width: 2560px) 100vw, 2560px\" \/><\/figure><\/div>\n\n<div class=\"wp-block-uagb-container uagb-block-7c713ddf\"><div class=\"inherit-container-width wp-block-group is-layout-constrained wp-block-group-is-layout-constrained\"><h2 class=\"wp-block-heading\">Software di servizio dedicato.<\/h2>\n\n<p>Quali sono alcuni dei servizi che puoi sviluppare con noi? I nostri servizi pi\u00f9 popolari includono:  <\/p>\n\n<ul class=\"wp-block-list\"><li><strong>Servizi di gestione<\/strong>: La qualit\u00e0 dei servizi pu\u00f2 essere raggiunta solo con sistemi di gestione di qualit\u00e0. Ottimizza i tuoi servizi di gestione, le attivit\u00e0 amministrative, le informazioni di fatturazione, le cartelle cliniche di medici e pazienti e tutte le altre attivit\u00e0 gestionali con un software di gestione centrale o locale. <\/li>\n\n<li><strong>Sistemi elettronici di sorveglianza delle malattie<\/strong>: Destinate all&#8217;uso da parte di epidemiologi della sanit\u00e0 pubblica e ricercatori di malattie, queste soluzioni software aiutano a gestire in modo efficiente ed efficace le segnalazioni di malattie trasmissibili.<\/li>\n\n<li><strong>Cartella clinica elettronica<\/strong>: Con questi software puoi archiviare e gestire i dati dei pazienti in tempo reale per ottenere diagnosi pi\u00f9 rapide e precise. Diagnosi e controlli pi\u00f9 rapidi salvano vite umane. <\/li>\n\n<li><strong>Software di gestione delle apparecchiature mediche<\/strong>: Tieni traccia delle condizioni e dell&#8217;inventario delle tue attrezzature mediche. Cambia, sostituisci, aggiorna e mantieni le attrezzature in tempo per un servizio di qualit\u00e0.  <\/li><\/ul><\/div><\/div><\/div><\/div><\/div><div style=\"height:56px\" aria-hidden=\"true\" class=\"wp-block-spacer\"><\/div><h2 class=\"wp-block-heading\">Costi di sviluppo del software medico<\/h2><p>Quanto costa la licenza di un software medico? A seconda dei fattori indicati di seguito, i costi di licenza possono variare;<\/p><ul class=\"wp-block-list\"><li>La complessit\u00e0 dell&#8217;applicazione richiesta, in particolare il numero di sezioni<\/li>\n\n<li>Numero di utenti dell&#8217;applicazione<\/li>\n\n<li>Integrazioni con applicazioni diverse<\/li>\n\n<li>Configurazione dell&#8217;hosting e<a href=\"https:\/\/laravel.com\/\" target=\"_blank\" rel=\"noreferrer noopener\"> aggiornamenti<\/a>  <\/li>\n\n<li>Servizi cloud<\/li>\n\n<li>Opzioni di sicurezza<\/li>\n\n<li>Disponibilit\u00e0 dell&#8217;assistenza<\/li><\/ul><div class=\"wp-block-uagb-container uagb-block-4a053109 alignfull uagb-is-root-container\"><div class=\"uagb-container-inner-blocks-wrap\"><div class=\"wp-block-uagb-container uagb-block-e0b3c0c7\"><div class=\"inherit-container-width wp-block-group is-layout-constrained wp-block-group-is-layout-constrained\"><h4 class=\"wp-block-heading has-text-align-center has-ast-global-color-2-color has-text-color has-medium-font-size\">Chiedi a un esperto<\/h4>\n\n<p>Siamo sempre pronti a rispondere alle tue domande. Tenere traccia di tonnellate di parametri aziendali pu\u00f2 essere difficile. Per questo motivo, imparare quando e come ottimizzare questi parametri con un software sar\u00e0 molto utile per la tua impresa.  <\/p><\/div><\/div>\n\n<div class=\"wp-block-uagb-container uagb-block-f942f011\"><div class=\"inherit-container-width wp-block-group is-layout-constrained wp-block-group-is-layout-constrained\"><h4 class=\"wp-block-heading has-text-align-center has-ast-global-color-2-color has-text-color has-medium-font-size\">Tutto quello che devi sapere<\/h4>\n\n<p>Che si tratti di prezzi, requisiti legali, personalizzazioni o licenze, puoi sempre contare su di noi per avere informazioni e approfondimenti aggiornati. Il nostro team di esperti ti aiuter\u00e0 in ogni momento. Contattaci oggi stesso e ottimizza le tue operazioni commerciali! <\/p><\/div><\/div><\/div><\/div><div style=\"height:40px\" aria-hidden=\"true\" class=\"wp-block-spacer\"><\/div>","protected":false},"excerpt":{"rendered":"<p>Sviluppo di software medico per la gestione e l&#8217;assistenza sanitaria su larga scala Le nostre soluzioni software per il settore medico danno potere agli operatori sanitari, semplificano la gestione, migliorano i risultati dei pazienti e rivoluzionano il settore. Che tu sia un fornitore di servizi medici di base o una catena di strutture mediche, ci &hellip;<\/p>\n<p class=\"read-more\"> <a class=\"\" href=\"https:\/\/www.directimpactsolutions.com\/it\/sviluppo-di-software-medico-per-la-gestione-e-lassistenza-sanitaria-su-larga-scala\/\"> <span class=\"screen-reader-text\">Sviluppo di software medico per la gestione e l&#8217;assistenza sanitaria su larga scala<\/span> Leggi altro &raquo;<\/a><\/p>\n","protected":false},"author":13,"featured_media":0,"parent":0,"menu_order":0,"comment_status":"closed","ping_status":"closed","template":"","meta":{"inline_featured_image":false,"_uag_custom_page_level_css":"","site-sidebar-layout":"default","site-content-layout":"","ast-site-content-layout":"default","site-content-style":"default","site-sidebar-style":"default","ast-global-header-display":"","ast-banner-title-visibility":"","ast-main-header-display":"","ast-hfb-above-header-display":"","ast-hfb-below-header-display":"","ast-hfb-mobile-header-display":"","site-post-title":"disabled","ast-breadcrumbs-content":"","ast-featured-img":"","footer-sml-layout":"","theme-transparent-header-meta":"","adv-header-id-meta":"","stick-header-meta":"","header-above-stick-meta":"","header-main-stick-meta":"","header-below-stick-meta":"","astra-migrate-meta-layouts":"","footnotes":""},"class_list":["post-17847","page","type-page","status-publish","hentry"],"uagb_featured_image_src":{"full":false,"thumbnail":false,"medium":false,"medium_large":false,"large":false,"1536x1536":false,"2048x2048":false,"woocommerce_thumbnail":false,"woocommerce_single":false,"woocommerce_gallery_thumbnail":false},"uagb_author_info":{"display_name":"Ozzi","author_link":"https:\/\/www.directimpactsolutions.com\/it\/author\/ozzi\/"},"uagb_comment_info":0,"uagb_excerpt":"Sviluppo di software medico per la gestione e l&#8217;assistenza sanitaria su larga scala Le nostre soluzioni software per il settore medico danno potere agli operatori sanitari, semplificano la gestione, migliorano i risultati dei pazienti e rivoluzionano il settore. Che tu sia un fornitore di servizi medici di base o una catena di strutture mediche, ci&hellip;","_links":{"self":[{"href":"https:\/\/www.directimpactsolutions.com\/it\/wp-json\/wp\/v2\/pages\/17847","targetHints":{"allow":["GET"]}}],"collection":[{"href":"https:\/\/www.directimpactsolutions.com\/it\/wp-json\/wp\/v2\/pages"}],"about":[{"href":"https:\/\/www.directimpactsolutions.com\/it\/wp-json\/wp\/v2\/types\/page"}],"author":[{"embeddable":true,"href":"https:\/\/www.directimpactsolutions.com\/it\/wp-json\/wp\/v2\/users\/13"}],"replies":[{"embeddable":true,"href":"https:\/\/www.directimpactsolutions.com\/it\/wp-json\/wp\/v2\/comments?post=17847"}],"version-history":[{"count":1,"href":"https:\/\/www.directimpactsolutions.com\/it\/wp-json\/wp\/v2\/pages\/17847\/revisions"}],"predecessor-version":[{"id":17848,"href":"https:\/\/www.directimpactsolutions.com\/it\/wp-json\/wp\/v2\/pages\/17847\/revisions\/17848"}],"wp:attachment":[{"href":"https:\/\/www.directimpactsolutions.com\/it\/wp-json\/wp\/v2\/media?parent=17847"}],"curies":[{"name":"wp","href":"https:\/\/api.w.org\/{rel}","templated":true}]}}