{"id":17849,"date":"2024-08-06T14:36:12","date_gmt":"2024-08-06T14:36:12","guid":{"rendered":"https:\/\/www.directimpactsolutions.com\/sviluppo-outsystems\/"},"modified":"2024-08-06T14:36:12","modified_gmt":"2024-08-06T14:36:12","slug":"sviluppo-outsystems","status":"publish","type":"page","link":"https:\/\/www.directimpactsolutions.com\/it\/sviluppo-outsystems\/","title":{"rendered":"Sviluppo OutSystems"},"content":{"rendered":"<div class=\"wp-block-uagb-container uagb-block-37ac51f2 alignfull uagb-is-root-container\"><div class=\"uagb-container__shape uagb-container__shape-bottom uagb-container__invert\" data-negative=\"false\"><svg xmlns=\"https:\/\/www.w3.org\/2000\/svg\" viewBox=\"0 0 1000 100\" preserveAspectRatio=\"none\"><path class=\"uagb-container__shape-fill\" d=\"M500,98.9L0,6.1V0h1000v6.1L500,98.9z\"><\/path><\/svg><\/div><div class=\"uagb-container-inner-blocks-wrap\"><div style=\"height:20px\" aria-hidden=\"true\" class=\"wp-block-spacer\"><\/div>\n\n<h1 class=\"wp-block-heading has-ast-global-color-1-color has-text-color\" style=\"font-style:normal;font-weight:400\">Sfrutta tutto il potenziale dello sviluppo OutSystems<\/h1>\n\n<p class=\"has-ast-global-color-1-color has-text-color\" style=\"font-size:16px\">Benvenuto nel mondo dello sviluppo OutSystems, dove lo sviluppo rapido di applicazioni e la perfetta integrazione si uniscono per rivoluzionare il modo in cui le aziende creano e distribuiscono applicazioni personalizzate. OutSystems \u00e8 una piattaforma all&#8217;avanguardia e low-code che consente agli sviluppatori di progettare, costruire e gestire applicazioni potenti con una velocit\u00e0 e un&#8217;efficienza senza pari. <\/p>\n\n<div style=\"height:40px\" aria-hidden=\"true\" class=\"wp-block-spacer\"><\/div><\/div><\/div><div style=\"height:80px\" aria-hidden=\"true\" class=\"wp-block-spacer\"><\/div><h2 class=\"wp-block-heading has-text-align-left has-large-font-size\" style=\"font-style:normal;font-weight:400\">Servizi di sviluppo OutSystems<\/h2><div class=\"wp-block-uagb-container uagb-block-8cb5efe3 alignwide uagb-is-root-container\"><div class=\"wp-block-uagb-container uagb-block-6d8f0362\"><div class=\"wp-block-uagb-info-box uagb-block-772033bd uagb-infobox__content-wrap  uagb-infobox-icon-above-title uagb-infobox-image-valign-top\"><div class=\"uagb-ifb-content\"><div class=\"uagb-ifb-icon-wrap\"><svg xmlns=\"https:\/\/www.w3.org\/2000\/svg\" viewbox=\"0 0 512 512\"><path d=\"M208 175.1c-8.836 0-16 7.162-16 16c0 8.836 7.163 15.1 15.1 15.1s16-7.164 16-16C224 183.2 216.8 175.1 208 175.1zM272 239.1c-8.836 0-15.1 7.163-15.1 16c0 8.836 7.165 16 16 16s16-7.164 16-16C288 247.2 280.8 239.1 272 239.1zM509.2 275c-20.94-47.13-48.46-151.7-73.1-186.8C397.7 33.59 334.6 0 266.1 0H192C85.95 0 0 85.95 0 192c0 56.8 24.8 107.7 64 142.8L64 512h256l-.0044-64h63.99c35.34 0 63.1-28.65 63.1-63.1V320h31.98C503.1 320 518.6 296.2 509.2 275zM368 240h-12.12c-28.51 0-42.79 34.47-22.63 54.63l8.576 8.576c6.25 6.25 6.25 16.38 0 22.62c-3.125 3.125-7.219 4.688-11.31 4.688s-8.188-1.562-11.31-4.688l-8.576-8.576c-20.16-20.16-54.63-5.881-54.63 22.63V352c0 8.844-7.156 16-16 16s-16-7.156-16-16v-12.12c0-28.51-34.47-42.79-54.63-22.63l-8.576 8.576c-3.125 3.125-7.219 4.688-11.31 4.688c-4.096 0-8.188-1.562-11.31-4.688c-6.25-6.25-6.25-16.38 0-22.62l8.577-8.576C166.9 274.5 152.6 240 124.1 240H112c-8.844 0-16-7.156-16-16s7.157-16 16-16L124.1 208c28.51 0 42.79-34.47 22.63-54.63L138.2 144.8c-6.25-6.25-6.25-16.38 0-22.62s16.38-6.25 22.63 0L169.4 130.7c20.16 20.16 54.63 5.881 54.63-22.63V96c0-8.844 7.156-16 16-16S256 87.16 256 96v12.12c0 28.51 34.47 42.79 54.63 22.63l8.576-8.576c6.25-6.25 16.38-6.25 22.63 0s6.25 16.38 0 22.62L333.3 153.4C313.1 173.5 327.4 208 355.9 208l12.12-.0004c8.844 0 15.1 7.157 15.1 16S376.8 240 368 240z\"><\/path><\/svg><\/div><div class=\"uagb-ifb-title-wrap\"><h3 class=\"uagb-ifb-title\">Sviluppo di applicazioni personalizzate<\/h3><\/div><p class=\"uagb-ifb-desc\">Il nostro team di esperti OutSystems lavorer\u00e0 a stretto contatto con te per progettare e sviluppare applicazioni su misura per soddisfare le tue esigenze aziendali.<\/p><\/div><\/div><\/div>\n\n<div class=\"wp-block-uagb-container uagb-block-c2d1d04a\"><div class=\"wp-block-uagb-info-box uagb-block-fb70942b uagb-infobox__content-wrap  uagb-infobox-icon-above-title uagb-infobox-image-valign-top\"><div class=\"uagb-ifb-content\"><div class=\"uagb-ifb-icon-wrap\"><svg xmlns=\"https:\/\/www.w3.org\/2000\/svg\" viewbox=\"0 0 640 512\"><path d=\"M96.2 200.1C96.07 197.4 96 194.7 96 192C96 103.6 167.6 32 256 32C315.3 32 367 64.25 394.7 112.2C409.9 101.1 428.3 96 448 96C501 96 544 138.1 544 192C544 204.2 541.7 215.8 537.6 226.6C596 238.4 640 290.1 640 352C640 422.7 582.7 480 512 480H144C64.47 480 0 415.5 0 336C0 273.2 40.17 219.8 96.2 200.1z\"><\/path><\/svg><\/div><div class=\"uagb-ifb-title-wrap\"><h3 class=\"uagb-ifb-title\">Modernizzazione delle applicazioni<\/h3><\/div><p class=\"uagb-ifb-desc\">Dai nuova vita alle tue applicazioni legacy sfruttando la potenza di OutSystems. Il nostro team di sviluppo analizzer\u00e0 i tuoi sistemi esistenti, individuer\u00e0 le aree di miglioramento e li modernizzer\u00e0.  <\/p><\/div><\/div><\/div>\n\n<div class=\"wp-block-uagb-container uagb-block-01b28410\"><div class=\"wp-block-uagb-info-box uagb-block-667992e4 uagb-infobox__content-wrap  uagb-infobox-icon-above-title uagb-infobox-image-valign-top\"><div class=\"uagb-ifb-content\"><div class=\"uagb-ifb-icon-wrap\"><svg xmlns=\"https:\/\/www.w3.org\/2000\/svg\" viewbox=\"0 0 576 512\"><path d=\"M512 32H64C28.65 32 0 60.65 0 96v320c0 35.35 28.65 64 64 64h448c35.35 0 64-28.65 64-64V96C576 60.65 547.3 32 512 32zM176 128c35.35 0 64 28.65 64 64s-28.65 64-64 64s-64-28.65-64-64S140.7 128 176 128zM272 384h-192C71.16 384 64 376.8 64 368C64 323.8 99.82 288 144 288h64c44.18 0 80 35.82 80 80C288 376.8 280.8 384 272 384zM496 320h-128C359.2 320 352 312.8 352 304S359.2 288 368 288h128C504.8 288 512 295.2 512 304S504.8 320 496 320zM496 256h-128C359.2 256 352 248.8 352 240S359.2 224 368 224h128C504.8 224 512 231.2 512 240S504.8 256 496 256zM496 192h-128C359.2 192 352 184.8 352 176S359.2 160 368 160h128C504.8 160 512 167.2 512 176S504.8 192 496 192z\"><\/path><\/svg><\/div><div class=\"uagb-ifb-title-wrap\"><h3 class=\"uagb-ifb-title\">Consulenza e strategia OutSystems<\/h3><\/div><p class=\"uagb-ifb-desc\">Il nostro team di esperti ti fornir\u00e0 una guida strategica, la valutazione della piattaforma, la pianificazione dell&#8217;architettura e le best practice per aiutarti a massimizzare il valore del tuo investimento in OutSystems.<\/p><\/div><\/div><\/div>\n\n<div class=\"wp-block-uagb-container uagb-block-6dd507f9\"><div class=\"wp-block-uagb-info-box uagb-block-a3513714 uagb-infobox__content-wrap  uagb-infobox-icon-above-title uagb-infobox-image-valign-top\"><div class=\"uagb-ifb-content\"><div class=\"uagb-ifb-icon-wrap\"><svg xmlns=\"https:\/\/www.w3.org\/2000\/svg\" viewbox=\"0 0 640 512\"><path d=\"M623.1 136.9l-282.7-101.2c-13.73-4.91-28.7-4.91-42.43 0L16.05 136.9C6.438 140.4 0 149.6 0 160s6.438 19.65 16.05 23.09L76.07 204.6c-11.89 15.8-20.26 34.16-24.55 53.95C40.05 263.4 32 274.8 32 288c0 9.953 4.814 18.49 11.94 24.36l-24.83 149C17.48 471.1 25 480 34.89 480H93.11c9.887 0 17.41-8.879 15.78-18.63l-24.83-149C91.19 306.5 96 297.1 96 288c0-10.29-5.174-19.03-12.72-24.89c4.252-17.76 12.88-33.82 24.94-47.03l190.6 68.23c13.73 4.91 28.7 4.91 42.43 0l282.7-101.2C633.6 179.6 640 170.4 640 160S633.6 140.4 623.1 136.9zM351.1 314.4C341.7 318.1 330.9 320 320 320c-10.92 0-21.69-1.867-32-5.555L142.8 262.5L128 405.3C128 446.6 213.1 480 320 480c105.1 0 192-33.4 192-74.67l-14.78-142.9L351.1 314.4z\"><\/path><\/svg><\/div><div class=\"uagb-ifb-title-wrap\"><h3 class=\"uagb-ifb-title\">Formazione e assistenza OutSystems<\/h3><\/div><p class=\"uagb-ifb-desc\">Offriamo programmi di formazione personalizzati e un&#8217;assistenza continua per aiutare i tuoi sviluppatori a rimanere aggiornati sugli ultimi progressi, assicurando che la tua organizzazione continui a innovare con OutSystems.<\/p><\/div><\/div><\/div><\/div><div style=\"height:80px\" aria-hidden=\"true\" class=\"wp-block-spacer\"><\/div><h2 class=\"wp-block-heading has-text-align-left has-ast-global-color-0-color has-text-color has-large-font-size\" style=\"font-style:normal;font-weight:400\">Perch\u00e9 scegliere uno specialista di sviluppo certificato OutSystems?<\/h2><div class=\"wp-block-uagb-container uagb-block-f209dd1b alignfull uagb-is-root-container\"><div class=\"uagb-container-inner-blocks-wrap\"><div class=\"wp-block-columns is-layout-flex wp-container-core-columns-is-layout-28f84493 wp-block-columns-is-layout-flex\"><div class=\"wp-block-column is-vertically-aligned-bottom is-layout-flow wp-block-column-is-layout-flow\"><figure class=\"wp-block-image alignleft size-full is-resized has-custom-border is-style-rounded wp-duotone-unset-1\"><img loading=\"lazy\" decoding=\"async\" width=\"600\" height=\"346\" src=\"https:\/\/www.directimpactsolutions.com\/wp-content\/uploads\/2021\/06\/ClarisFilemaker19-sm.jpeg\" alt=\"Claris FileMaker\" class=\"wp-image-593\" style=\"border-style:none;border-width:0px;border-radius:25px;width:523px;height:273px\" srcset=\"https:\/\/www.directimpactsolutions.com\/wp-content\/uploads\/2021\/06\/ClarisFilemaker19-sm.jpeg 600w, https:\/\/www.directimpactsolutions.com\/wp-content\/uploads\/2021\/06\/ClarisFilemaker19-sm-300x173.jpeg 300w, https:\/\/www.directimpactsolutions.com\/wp-content\/uploads\/2021\/06\/ClarisFilemaker19-sm-480x277.jpeg 480w\" sizes=\"auto, (max-width: 600px) 100vw, 600px\" \/><\/figure><\/div>\n\n<div class=\"wp-block-column is-layout-flow wp-block-column-is-layout-flow\"><div class=\"wp-block-uagb-container uagb-block-45dcdee9 default uagb-is-root-container\"><div class=\"wp-block-uagb-container uagb-block-224177ed\"><div class=\"wp-block-uagb-info-box uagb-block-f5cfad14 uagb-infobox__content-wrap  uagb-infobox-icon-above-title uagb-infobox-image-valign-top\"><div class=\"uagb-ifb-content\"><div class=\"uagb-ifb-title-wrap\"><h3 class=\"uagb-ifb-title\">Competenza e qualit\u00e0<\/h3><\/div><p class=\"uagb-ifb-desc\">Uno specialista di sviluppo certificato OutSystems \u00e8 stato sottoposto a una formazione e a test rigorosi, che garantiscono il possesso delle conoscenze e delle competenze necessarie per realizzare applicazioni di alta qualit\u00e0. Ecco perch\u00e9 dovresti scegliere <a href=\"https:\/\/www.directimpactsolutions.com\/it\/\" data-type=\"URL\" data-id=\"https:\/\/www.directimpactsolutions.com\/it\/\">Direct Impact Solutions<\/a>. <\/p><\/div><\/div><\/div>\n\n<div class=\"wp-block-uagb-container uagb-block-2a48d68a\"><div class=\"wp-block-uagb-info-box uagb-block-b16446d3 uagb-infobox__content-wrap  uagb-infobox-icon-above-title uagb-infobox-image-valign-top\"><div class=\"uagb-ifb-content\"><div class=\"uagb-ifb-title-wrap\"><h3 class=\"uagb-ifb-title\">Consegna pi\u00f9 rapida<\/h3><\/div><p class=\"uagb-ifb-desc\">OutSystems \u00e8 nota per le sue capacit\u00e0 di sviluppo rapido delle applicazioni. Questo porta a uno sviluppo e a una distribuzione pi\u00f9 rapidi delle tue applicazioni, offrendoti un vantaggio competitivo sul mercato. <\/p><\/div><\/div><\/div>\n\n<div class=\"wp-block-uagb-container uagb-block-7ca0d337\"><div class=\"wp-block-uagb-info-box uagb-block-b2350d61 uagb-infobox__content-wrap  uagb-infobox-icon-above-title uagb-infobox-image-valign-top\"><div class=\"uagb-ifb-content\"><div class=\"uagb-ifb-title-wrap\"><h3 class=\"uagb-ifb-title\">Assistenza continua<\/h3><\/div><p class=\"uagb-ifb-desc\">Scegliendo uno specialista certificato, potrai beneficiare delle sue conoscenze continue, che ti garantiranno applicazioni sempre aggiornate e sicure. Possono anche fornire assistenza e manutenzione. Gli <a href=\"https:\/\/www.directimpactsolutions.com\/it\/category\/eventi\/\" data-type=\"URL\" data-id=\"https:\/\/www.directimpactsolutions.com\/category\/events\/\">eventi<\/a> vengono organizzati regolarmente. <\/p><\/div><\/div><\/div><\/div><\/div><\/div><\/div><\/div><div style=\"height:80px\" aria-hidden=\"true\" class=\"wp-block-spacer\"><\/div><h2 class=\"wp-block-heading has-ast-global-color-0-color has-text-color has-large-font-size\" style=\"font-style:normal;font-weight:400\">Sviluppatori di applicazioni OutSystems personalizzate<\/h2><div class=\"wp-block-uagb-container uagb-block-abe85c39 default uagb-is-root-container\"><div class=\"wp-block-columns is-layout-flex wp-container-core-columns-is-layout-28f84493 wp-block-columns-is-layout-flex\"><div class=\"wp-block-column is-layout-flow wp-block-column-is-layout-flow\" style=\"flex-basis:50%\"><div class=\"inherit-container-width wp-block-group is-layout-constrained wp-block-group-is-layout-constrained\"><p>Gli sviluppatori di applicazioni OutSystems personalizzate sono professionisti specializzati nella creazione di applicazioni su misura utilizzando la potente piattaforma OutSystems. Questi sviluppatori sono abili nel comprendere i requisiti unici di ogni azienda e nel tradurli in applicazioni efficaci che snelliscono i processi, migliorano la produttivit\u00e0 e l&#8217;esperienza complessiva dell&#8217;utente. Grazie alla loro profonda conoscenza delle funzionalit\u00e0 e degli strumenti della piattaforma, gli sviluppatori di applicazioni OutSystems personalizzate possono creare soluzioni perfettamente in linea con gli obiettivi aziendali.  <\/p>\n\n<p>La domanda di sviluppatori di applicazioni personalizzate OutSystems \u00e8 cresciuta notevolmente negli ultimi anni, grazie alla capacit\u00e0 della piattaforma di sviluppare e distribuire rapidamente applicazioni di alta qualit\u00e0. Questi sviluppatori sono abili nello sfruttare l&#8217;ambiente low-code della piattaforma, che consente loro di creare applicazioni complesse in modo rapido ed efficiente. Questo non solo accelera il time-to-market, ma permette anche alle aziende di adattarsi alle mutevoli condizioni del mercato e di rimanere in testa alla concorrenza. Inoltre, gli sviluppatori di applicazioni Custom OutSystems sono esperti nell&#8217;integrazione delle applicazioni con i sistemi esistenti e con i servizi di terze parti, garantendo un&#8217;interoperabilit\u00e0 e uno scambio di dati senza soluzione di continuit\u00e0 all&#8217;interno dell&#8217;organizzazione.   <\/p>\n\n<p>Quando lavorano con gli sviluppatori di applicazioni personalizzate OutSystems, le aziende possono contare su un approccio collaborativo e agile allo sviluppo delle applicazioni. Questi sviluppatori utilizzano le migliori pratiche e metodologie per garantire che le applicazioni siano scalabili, manutenibili e sicure. Inoltre, danno priorit\u00e0 alla comunicazione costante e al feedback, consentendo miglioramenti e perfezionamenti iterativi durante il processo di sviluppo. Collaborando con gli sviluppatori di applicazioni OutSystems personalizzati, le aziende possono sfruttare tutto il potenziale della piattaforma OutSystems per creare applicazioni innovative che guidano la trasformazione digitale e producono risultati misurabili.   <\/p><\/div><\/div>\n\n<div class=\"wp-block-column is-layout-flow wp-block-column-is-layout-flow\" style=\"flex-basis:50%\"><figure class=\"wp-block-image size-full is-style-default\"><img loading=\"lazy\" decoding=\"async\" width=\"795\" height=\"465\" src=\"https:\/\/www.directimpactsolutions.com\/wp-content\/uploads\/2022\/04\/claris-filemaker19.png\" alt=\"Claris FileMaker\" class=\"wp-image-6633\" srcset=\"https:\/\/www.directimpactsolutions.com\/wp-content\/uploads\/2022\/04\/claris-filemaker19.png 795w, https:\/\/www.directimpactsolutions.com\/wp-content\/uploads\/2022\/04\/claris-filemaker19-300x175.png 300w, https:\/\/www.directimpactsolutions.com\/wp-content\/uploads\/2022\/04\/claris-filemaker19-768x449.png 768w, https:\/\/www.directimpactsolutions.com\/wp-content\/uploads\/2022\/04\/claris-filemaker19-480x281.png 480w\" sizes=\"auto, (max-width: 795px) 100vw, 795px\" \/><\/figure><\/div><\/div><\/div><div style=\"height:80px\" aria-hidden=\"true\" class=\"wp-block-spacer\"><\/div><h2 class=\"wp-block-heading has-large-font-size\" style=\"margin-top:0;margin-right:0;margin-bottom:0;margin-left:0;padding-top:0;padding-right:0;padding-bottom:0;padding-left:0;font-style:normal;font-weight:400\">Cos&#8217;\u00e8 OutSystems?<\/h2><div class=\"wp-block-uagb-container uagb-block-6326d9cc alignfull uagb-is-root-container\"><div class=\"uagb-container-inner-blocks-wrap\"><div class=\"wp-block-uagb-container uagb-block-e8b8749d\"><figure class=\"wp-block-image size-full\"><img loading=\"lazy\" decoding=\"async\" width=\"500\" height=\"500\" src=\"https:\/\/www.directimpactsolutions.com\/wp-content\/uploads\/2023\/03\/FMP_icon-1.png\" alt=\"\" class=\"wp-image-10535\" srcset=\"https:\/\/www.directimpactsolutions.com\/wp-content\/uploads\/2023\/03\/FMP_icon-1.png 500w, https:\/\/www.directimpactsolutions.com\/wp-content\/uploads\/2023\/03\/FMP_icon-1-300x300.png 300w, https:\/\/www.directimpactsolutions.com\/wp-content\/uploads\/2023\/03\/FMP_icon-1-150x150.png 150w, https:\/\/www.directimpactsolutions.com\/wp-content\/uploads\/2023\/03\/FMP_icon-1-100x100.png 100w\" sizes=\"auto, (max-width: 500px) 100vw, 500px\" \/><\/figure><\/div>\n\n<div class=\"wp-block-uagb-container uagb-block-cd2b9865\"><div class=\"inherit-container-width wp-block-group is-layout-constrained wp-block-group-is-layout-constrained\"><p>OutSystems \u00e8 una potente piattaforma di sviluppo di applicazioni low-code progettata per semplificare il processo di creazione, distribuzione e manutenzione di applicazioni personalizzate per le aziende. Offre una suite completa di strumenti e funzionalit\u00e0 che consentono agli sviluppatori di creare applicazioni in modo rapido ed efficiente, senza dover ricorrere a un&#8217;intensa attivit\u00e0 di codifica. Semplificando il processo di sviluppo, OutSystems permette alle aziende di innovare pi\u00f9 velocemente, di adattarsi alle mutevoli condizioni di mercato e di rimanere in testa alla concorrenza.  <\/p>\n\n<p>Uno dei vantaggi principali di OutSystems \u00e8 la sua flessibilit\u00e0 e scalabilit\u00e0. La piattaforma supporta un&#8217;ampia gamma di casi d&#8217;uso, da semplici applicazioni web e mobili a complesse soluzioni di livello aziendale. Grazie al suo intuitivo ambiente di sviluppo visuale, gli sviluppatori possono creare applicazioni che si integrano perfettamente con i sistemi esistenti, i servizi di terze parti e le fonti di dati. OutSystems offre anche funzioni di sicurezza integrate, per garantire che le applicazioni rimangano sicure e conformi agli standard del settore. Inoltre, la piattaforma fornisce strumenti per il monitoraggio e la manutenzione delle applicazioni, rendendo pi\u00f9 facile per le aziende mantenere le loro soluzioni aggiornate e ottimizzate per le prestazioni.    <\/p><\/div><\/div><\/div><\/div><div style=\"height:80px\" aria-hidden=\"true\" class=\"wp-block-spacer\"><\/div><h2 class=\"wp-block-heading has-large-font-size\" style=\"margin-top:0;margin-right:0;margin-bottom:0;margin-left:0;font-style:normal;font-weight:400\">Esperti di integrazione OutSystems<\/h2><div style=\"height:27px\" aria-hidden=\"true\" class=\"wp-block-spacer\"><\/div><div class=\"wp-block-columns alignwide is-layout-flex wp-container-core-columns-is-layout-28f84493 wp-block-columns-is-layout-flex\"><div class=\"wp-block-column is-layout-flow wp-block-column-is-layout-flow\" style=\"flex-basis:75%\"><p>Gli esperti di integrazione OutSystems sono professionisti altamente qualificati, specializzati nel collegare le applicazioni personalizzate costruite sulla piattaforma OutSystems con un&#8217;ampia gamma di sistemi esistenti, servizi di terze parti e fonti di dati. Questi esperti comprendono l&#8217;importanza di un&#8217;interoperabilit\u00e0 senza soluzione di continuit\u00e0 nell&#8217;odierno ambiente aziendale interconnesso e possiedono le conoscenze e l&#8217;esperienza necessarie per creare integrazioni solide, sicure ed efficienti che migliorino la funzionalit\u00e0 e il valore delle tue applicazioni. <\/p>\n\n<p>Uno dei principali vantaggi di lavorare con gli Esperti di Integrazione OutSystems \u00e8 la loro capacit\u00e0 di sbloccare il pieno potenziale della piattaforma OutSystems sfruttando le sue ampie capacit\u00e0 di integrazione. Sono abili nell&#8217;utilizzare gli strumenti, i connettori e le API integrate nella piattaforma per creare integrazioni personalizzate in linea con le esigenze e i requisiti specifici della tua azienda. In questo modo la tua azienda potr\u00e0 snellire i flussi di lavoro, automatizzare i processi manuali e migliorare lo scambio di dati tra i vari sistemi, migliorando il processo decisionale e aumentando l&#8217;efficienza operativa.  <\/p>\n\n<p>Gli esperti di integrazione OutSystems svolgono inoltre un ruolo fondamentale nel garantire che le tue applicazioni rimangano sicure e conformi quando si integrano con altri sistemi e servizi. Conoscono bene le migliori pratiche per la trasmissione sicura dei dati, l&#8217;autenticazione e il controllo degli accessi e adottano un approccio pro-attivo per identificare e ridurre i potenziali rischi per la sicurezza. Collaborando con OutSystems Integration Experts, puoi essere certo che le tue applicazioni personalizzate non solo forniranno le funzionalit\u00e0 desiderate, ma manterranno anche i pi\u00f9 alti standard di sicurezza e affidabilit\u00e0 per tutto il loro ciclo di vita.  <\/p><\/div>\n\n<div class=\"wp-block-column is-layout-flow wp-block-column-is-layout-flow\" style=\"flex-basis:25%\"><figure class=\"wp-block-image size-full\"><img loading=\"lazy\" decoding=\"async\" width=\"268\" height=\"202\" src=\"https:\/\/www.directimpactsolutions.com\/wp-content\/uploads\/2022\/10\/OutSystems_Logo-1.png\" alt=\"\" class=\"wp-image-8251\"\/><\/figure><\/div><\/div><div style=\"height:80px\" aria-hidden=\"true\" class=\"wp-block-spacer\"><\/div><div class=\"wp-block-uagb-container uagb-block-97fb73f2 alignfull uagb-is-root-container\"><div class=\"uagb-container-inner-blocks-wrap\"><div class=\"wp-block-uagb-container uagb-block-bdfb0124\"><div class=\"wp-block-uagb-info-box uagb-block-8da2c99a uagb-infobox__content-wrap  uagb-infobox-icon-above-title uagb-infobox-image-valign-top\"><div class=\"uagb-ifb-content\"><div class=\"uagb-ifb-image-content\"><img decoding=\"async\" src=\"https:\/\/www.directimpactsolutions.com\/wp-content\/uploads\/2021\/06\/logo-g2-crowd2-150x129.jpeg\" alt=\"\" width=\"\" height=\"0\" loading=\"lazy\"\/><\/div><div class=\"uagb-ifb-title-wrap\"><h3 class=\"uagb-ifb-title\">Premi e riconoscimenti<\/h3><\/div><p class=\"uagb-ifb-desc\">Scopri perch\u00e9 amiamo creare soluzioni personalizzate utilizzando la migliore piattaforma per l&#8217;innovazione del posto di lavoro. G2 Crowd classifica OutSystems al primo posto tra le piattaforme per l&#8217;innovazione del posto di lavoro. <\/p><div class=\"uagb-ifb-button-wrapper wp-block-button\"><\/div><\/div><\/div><\/div>\n\n<div class=\"wp-block-uagb-container uagb-block-84aaef9f\"><div class=\"wp-block-uagb-info-box uagb-block-df166c4f uagb-infobox__content-wrap  uagb-infobox-icon-above-title uagb-infobox-image-valign-top\"><div class=\"uagb-ifb-content\"><div class=\"uagb-ifb-image-content\"><img decoding=\"async\" src=\"https:\/\/www.directimpactsolutions.com\/wp-content\/uploads\/2021\/06\/fmCyberimpact-150x150.jpeg\" alt=\"\" width=\"\" height=\"0\" loading=\"lazy\"\/><\/div><div class=\"uagb-ifb-title-wrap\"><h3 class=\"uagb-ifb-title\">Soluzioni OutSystems<\/h3><\/div><p class=\"uagb-ifb-desc\">La tua organizzazione utilizza Office 365 o Cyberimpact? Scopri le demo delle nostre soluzioni pensate per integrarsi con i tuoi flussi di lavoro. <\/p><div class=\"uagb-ifb-button-wrapper wp-block-button\"><\/div><\/div><\/div><\/div><\/div><\/div>","protected":false},"excerpt":{"rendered":"<p>Sfrutta tutto il potenziale dello sviluppo OutSystems Benvenuto nel mondo dello sviluppo OutSystems, dove lo sviluppo rapido di applicazioni e la perfetta integrazione si uniscono per rivoluzionare il modo in cui le aziende creano e distribuiscono applicazioni personalizzate. OutSystems \u00e8 una piattaforma all&#8217;avanguardia e low-code che consente agli sviluppatori di progettare, costruire e gestire applicazioni &hellip;<\/p>\n<p class=\"read-more\"> <a class=\"\" href=\"https:\/\/www.directimpactsolutions.com\/it\/sviluppo-outsystems\/\"> <span class=\"screen-reader-text\">Sviluppo OutSystems<\/span> Leggi altro &raquo;<\/a><\/p>\n","protected":false},"author":13,"featured_media":0,"parent":0,"menu_order":0,"comment_status":"closed","ping_status":"closed","template":"","meta":{"inline_featured_image":false,"_uag_custom_page_level_css":"","site-sidebar-layout":"default","site-content-layout":"","ast-site-content-layout":"default","site-content-style":"default","site-sidebar-style":"default","ast-global-header-display":"","ast-banner-title-visibility":"","ast-main-header-display":"","ast-hfb-above-header-display":"","ast-hfb-below-header-display":"","ast-hfb-mobile-header-display":"","site-post-title":"disabled","ast-breadcrumbs-content":"","ast-featured-img":"","footer-sml-layout":"","theme-transparent-header-meta":"","adv-header-id-meta":"","stick-header-meta":"","header-above-stick-meta":"","header-main-stick-meta":"","header-below-stick-meta":"","astra-migrate-meta-layouts":"","footnotes":""},"class_list":["post-17849","page","type-page","status-publish","hentry"],"uagb_featured_image_src":{"full":false,"thumbnail":false,"medium":false,"medium_large":false,"large":false,"1536x1536":false,"2048x2048":false,"woocommerce_thumbnail":false,"woocommerce_single":false,"woocommerce_gallery_thumbnail":false},"uagb_author_info":{"display_name":"Ozzi","author_link":"https:\/\/www.directimpactsolutions.com\/it\/author\/ozzi\/"},"uagb_comment_info":0,"uagb_excerpt":"Sfrutta tutto il potenziale dello sviluppo OutSystems Benvenuto nel mondo dello sviluppo OutSystems, dove lo sviluppo rapido di applicazioni e la perfetta integrazione si uniscono per rivoluzionare il modo in cui le aziende creano e distribuiscono applicazioni personalizzate. OutSystems \u00e8 una piattaforma all&#8217;avanguardia e low-code che consente agli sviluppatori di progettare, costruire e gestire applicazioni&hellip;","_links":{"self":[{"href":"https:\/\/www.directimpactsolutions.com\/it\/wp-json\/wp\/v2\/pages\/17849","targetHints":{"allow":["GET"]}}],"collection":[{"href":"https:\/\/www.directimpactsolutions.com\/it\/wp-json\/wp\/v2\/pages"}],"about":[{"href":"https:\/\/www.directimpactsolutions.com\/it\/wp-json\/wp\/v2\/types\/page"}],"author":[{"embeddable":true,"href":"https:\/\/www.directimpactsolutions.com\/it\/wp-json\/wp\/v2\/users\/13"}],"replies":[{"embeddable":true,"href":"https:\/\/www.directimpactsolutions.com\/it\/wp-json\/wp\/v2\/comments?post=17849"}],"version-history":[{"count":1,"href":"https:\/\/www.directimpactsolutions.com\/it\/wp-json\/wp\/v2\/pages\/17849\/revisions"}],"predecessor-version":[{"id":17850,"href":"https:\/\/www.directimpactsolutions.com\/it\/wp-json\/wp\/v2\/pages\/17849\/revisions\/17850"}],"wp:attachment":[{"href":"https:\/\/www.directimpactsolutions.com\/it\/wp-json\/wp\/v2\/media?parent=17849"}],"curies":[{"name":"wp","href":"https:\/\/api.w.org\/{rel}","templated":true}]}}