{"id":17854,"date":"2024-08-08T21:59:13","date_gmt":"2024-08-08T21:59:13","guid":{"rendered":"https:\/\/www.directimpactsolutions.com\/aziende-di-sviluppo-di-pwa-per-il-multipiattaforma\/"},"modified":"2024-08-08T21:59:14","modified_gmt":"2024-08-08T21:59:14","slug":"aziende-di-sviluppo-di-pwa-per-il-multipiattaforma","status":"publish","type":"page","link":"https:\/\/www.directimpactsolutions.com\/it\/aziende-di-sviluppo-di-pwa-per-il-multipiattaforma\/","title":{"rendered":"Aziende di sviluppo di PWA per il multipiattaforma"},"content":{"rendered":"<div class=\"wp-block-uagb-container uagb-block-3ab34cb5 alignfull uagb-is-root-container\"><div class=\"uagb-container__shape uagb-container__shape-bottom uagb-container__invert\" data-negative=\"false\"><svg xmlns=\"https:\/\/www.w3.org\/2000\/svg\" viewBox=\"0 0 1000 100\" preserveAspectRatio=\"none\"><path class=\"uagb-container__shape-fill\" d=\"M500,98.9L0,6.1V0h1000v6.1L500,98.9z\"><\/path><\/svg><\/div><div class=\"uagb-container-inner-blocks-wrap\"><div style=\"height:20px\" aria-hidden=\"true\" class=\"wp-block-spacer\"><\/div>\n\n<h1 class=\"wp-block-heading has-ast-global-color-1-color has-text-color\" style=\"font-style:normal;font-weight:400\">Aziende di sviluppo di PWA per il multipiattaforma<\/h1>\n\n<div class=\"wp-block-group is-layout-constrained wp-block-group-is-layout-constrained\"><p class=\"has-ast-global-color-1-color has-text-color\" style=\"font-size:16px\">Le applicazioni web progressive, o PWA, stanno cambiando il panorama dello sviluppo delle app. Le PWA sono un nuovo tipo di app che vengono eseguite sul web utilizzando linguaggi di programmazione web. Mentre le app native per Android o iOS vengono eseguite su piattaforme dedicate, le PWA vengono eseguite tramite script web dal browser. Questo \u00e8 un grande vantaggio, in quanto offre un&#8217;usabilit\u00e0 multipiattaforma. Inoltre, utilizzano le moderne API, semplificando l&#8217;offerta di funzionalit\u00e0 avanzate, l&#8217;affidabilit\u00e0 e l&#8217;installazione dei dispositivi.    <\/p>\n\n<p class=\"has-ast-global-color-1-color has-text-color has-link-color wp-elements-7488d9cc9da8945f92445917ca3a551c\" style=\"font-size:16px\">Sei interessato a sviluppare una PWA per la tua nicchia di servizi? Noi possiamo aiutarti! Creiamo un&#8217;app progressiva unica e funzionale che sia il volto del tuo marchio.  <\/p><\/div>\n\n<div style=\"height:40px\" aria-hidden=\"true\" class=\"wp-block-spacer\"><\/div><\/div><\/div><div style=\"height:80px\" aria-hidden=\"true\" class=\"wp-block-spacer\"><\/div><h2 class=\"wp-block-heading has-ast-global-color-0-color has-text-color has-large-font-size\" style=\"margin-top:0px;margin-right:0px;margin-bottom:0px;margin-left:0px;font-style:normal;font-weight:400\">Sviluppo PWA personalizzato<\/h2><div class=\"wp-block-uagb-container uagb-block-c2828a09 alignfull uagb-is-root-container\"><div class=\"uagb-container-inner-blocks-wrap\"><div class=\"wp-block-uagb-container uagb-block-5387bb6c\"><div class=\"wp-block-uagb-info-box uagb-block-00d7f044 uagb-infobox__content-wrap  uagb-infobox-icon-above-title uagb-infobox-image-valign-top\"><div class=\"uagb-ifb-content\"><div class=\"uagb-ifb-icon-wrap\"><svg xmlns=\"https:\/\/www.w3.org\/2000\/svg\" viewbox=\"0 0 512 512\"><path d=\"M215.1 272h-136c-12.94 0-24.63 7.797-29.56 19.75C45.47 303.7 48.22 317.5 57.37 326.6l30.06 30.06l-78.06 78.07c-12.5 12.5-12.5 32.75-.0012 45.25l22.62 22.62c12.5 12.5 32.76 12.5 45.26 .0013l78.06-78.07l30.06 30.06c6.125 6.125 14.31 9.367 22.63 9.367c4.125 0 8.279-.7891 12.25-2.43c11.97-4.953 19.75-16.62 19.75-29.56V296C239.1 282.7 229.3 272 215.1 272zM296 240h136c12.94 0 24.63-7.797 29.56-19.75c4.969-11.97 2.219-25.72-6.938-34.87l-30.06-30.06l78.06-78.07c12.5-12.5 12.5-32.76 .0002-45.26l-22.62-22.62c-12.5-12.5-32.76-12.5-45.26-.0003l-78.06 78.07l-30.06-30.06c-9.156-9.141-22.87-11.84-34.87-6.937c-11.97 4.953-19.75 16.62-19.75 29.56v135.1C272 229.3 282.7 240 296 240z\"><\/path><\/svg><\/div><div class=\"uagb-ifb-title-wrap\"><h3 class=\"uagb-ifb-title\">Aziende di sviluppo PWA<\/h3><\/div><p class=\"uagb-ifb-desc\">Che tu abbia bisogno di una PWA standard, di un&#8217;app a pagina singola (SPA) o di un&#8217;app a pi\u00f9 pagine (MPA), noi ti forniamo un servizio preciso. Siamo specializzati nella creazione di PWA personalizzate per la tua nicchia di mercato. <\/p><\/div><\/div><\/div>\n\n<div class=\"wp-block-uagb-container uagb-block-7a3afee7\"><div class=\"wp-block-uagb-info-box uagb-block-21117a5b uagb-infobox__content-wrap  uagb-infobox-icon-above-title uagb-infobox-image-valign-top\"><div class=\"uagb-ifb-content\"><div class=\"uagb-ifb-icon-wrap\"><svg xmlns=\"https:\/\/www.w3.org\/2000\/svg\" viewbox=\"0 0 384 512\"><path d=\"M336 64h-53.88C268.9 26.8 233.7 0 192 0S115.1 26.8 101.9 64H48C21.5 64 0 85.48 0 112v352C0 490.5 21.5 512 48 512h288c26.5 0 48-21.48 48-48v-352C384 85.48 362.5 64 336 64zM192 64c17.67 0 32 14.33 32 32c0 17.67-14.33 32-32 32S160 113.7 160 96C160 78.33 174.3 64 192 64zM192 192c35.35 0 64 28.65 64 64s-28.65 64-64 64S128 291.3 128 256S156.7 192 192 192zM288 448H96c-8.836 0-16-7.164-16-16C80 387.8 115.8 352 160 352h64c44.18 0 80 35.82 80 80C304 440.8 296.8 448 288 448z\"><\/path><\/svg><\/div><div class=\"uagb-ifb-title-wrap\"><h3 class=\"uagb-ifb-title\">Aggiungi licenze<\/h3><\/div><p class=\"uagb-ifb-desc\">Vuoi creare una PWA utilizzando una piattaforma low-code? Siamo sempre qui per aiutarti. Modifichiamo e aiutiamo anche a rispettare le licenze. Amiamo Laravel per le PWA, che \u00e8 open-source, ma abbiamo anche licenze per Claris FileMaker, Toca e OutSystems.   <\/p><\/div><\/div><\/div>\n\n<div class=\"wp-block-uagb-container uagb-block-d26c4d37\"><div class=\"wp-block-uagb-info-box uagb-block-cdb3f704 uagb-infobox__content-wrap  uagb-infobox-icon-above-title uagb-infobox-image-valign-top\"><div class=\"uagb-ifb-content\"><div class=\"uagb-ifb-icon-wrap\"><svg xmlns=\"https:\/\/www.w3.org\/2000\/svg\" viewbox=\"0 0 576 512\"><path d=\"M512 64C547.3 64 576 92.65 576 128V384C576 419.3 547.3 448 512 448H64C28.65 448 0 419.3 0 384V128C0 92.65 28.65 64 64 64H512zM272 192C263.2 192 256 199.2 256 208C256 216.8 263.2 224 272 224H496C504.8 224 512 216.8 512 208C512 199.2 504.8 192 496 192H272zM272 320H496C504.8 320 512 312.8 512 304C512 295.2 504.8 288 496 288H272C263.2 288 256 295.2 256 304C256 312.8 263.2 320 272 320zM164.1 160C164.1 148.9 155.1 139.9 143.1 139.9C132.9 139.9 123.9 148.9 123.9 160V166C118.3 167.2 112.1 168.9 108 171.1C93.06 177.9 80.07 190.5 76.91 208.8C75.14 219 76.08 228.9 80.32 237.8C84.47 246.6 91 252.8 97.63 257.3C109.2 265.2 124.5 269.8 136.2 273.3L138.4 273.9C152.4 278.2 161.8 281.3 167.7 285.6C170.2 287.4 171.1 288.8 171.4 289.7C171.8 290.5 172.4 292.3 171.7 296.3C171.1 299.8 169.2 302.8 163.7 305.1C157.6 307.7 147.7 309 134.9 307C128.9 306 118.2 302.4 108.7 299.2C106.5 298.4 104.3 297.7 102.3 297C91.84 293.5 80.51 299.2 77.02 309.7C73.53 320.2 79.2 331.5 89.68 334.1C90.89 335.4 92.39 335.9 94.11 336.5C101.1 339.2 114.4 343.4 123.9 345.6V352C123.9 363.1 132.9 372.1 143.1 372.1C155.1 372.1 164.1 363.1 164.1 352V346.5C169.4 345.5 174.6 343.1 179.4 341.9C195.2 335.2 207.8 322.2 211.1 303.2C212.9 292.8 212.1 282.8 208.1 273.7C204.2 264.7 197.9 258.1 191.2 253.3C179.1 244.4 162.9 239.6 150.8 235.9L149.1 235.7C135.8 231.4 126.2 228.4 120.1 224.2C117.5 222.4 116.7 221.2 116.5 220.7C116.3 220.3 115.7 219.1 116.3 215.7C116.7 213.7 118.2 210.4 124.5 207.6C130.1 204.7 140.9 203.1 153.1 204.1C157.5 205.7 171 208.3 174.9 209.3C185.5 212.2 196.5 205.8 199.3 195.1C202.2 184.5 195.8 173.5 185.1 170.7C180.7 169.5 170.7 167.5 164.1 166.3L164.1 160z\"><\/path><\/svg><\/div><div class=\"uagb-ifb-title-wrap\"><h3 class=\"uagb-ifb-title\">Richiedi un preventivo<\/h3><\/div><p class=\"uagb-ifb-desc\"><a href=\"https:\/\/www.directimpactsolutions.com\/en\/contact-us\/\">Contatta il nostro team<\/a> di vendita e comunicaci le tue esigenze. Offriamo servizi di sviluppo di applicazioni web progressive personalizzate e standard del settore, forniti dal nostro team di sviluppatori esperti. Scegliamo l&#8217;opzione migliore in base al tuo budget e alle tue preferenze.  <\/p><\/div><\/div><\/div><\/div><\/div><div style=\"height:40px\" aria-hidden=\"true\" class=\"wp-block-spacer\"><\/div><div class=\"wp-block-uagb-container uagb-block-22155c33 alignfull uagb-is-root-container\"><div class=\"inherit-container-width wp-block-group has-ast-global-color-1-color has-ast-global-color-0-background-color has-text-color has-background is-layout-constrained wp-block-group-is-layout-constrained\"><p class=\"has-text-align-center has-ast-global-color-1-color has-text-color has-large-font-size\" style=\"margin-top:0;margin-right:0;margin-bottom:0;margin-left:0;padding-top:var(--wp--preset--spacing--30);padding-right:var(--wp--preset--spacing--30);padding-bottom:var(--wp--preset--spacing--30);padding-left:var(--wp--preset--spacing--30)\">Sviluppo di applicazioni web progressive <\/p><\/div><\/div><div style=\"height:40px\" aria-hidden=\"true\" class=\"wp-block-spacer\"><\/div><div class=\"wp-block-uagb-container uagb-block-02059fae alignfull uagb-is-root-container\"><div class=\"uagb-container-inner-blocks-wrap\"><div class=\"wp-block-uagb-advanced-heading uagb-block-67e14101\"><h2 class=\"uagb-heading-text\">Allarga i tuoi orizzonti<\/h2><\/div>\n\n<div class=\"wp-block-uagb-container uagb-block-93a3cb7a\"><div class=\"wp-block-uagb-container uagb-block-5f36002c\"><figure class=\"wp-block-image alignleft size-full has-custom-border\"><img loading=\"lazy\" decoding=\"async\" width=\"2560\" height=\"2021\" src=\"https:\/\/www.directimpactsolutions.com\/wp-content\/uploads\/2024\/03\/progressive_web_application-scaled.jpg\" alt=\"\" class=\"wp-image-16829\" style=\"border-radius:10px\" srcset=\"https:\/\/www.directimpactsolutions.com\/wp-content\/uploads\/2024\/03\/progressive_web_application-scaled.jpg 2560w, https:\/\/www.directimpactsolutions.com\/wp-content\/uploads\/2024\/03\/progressive_web_application-300x237.jpg 300w, https:\/\/www.directimpactsolutions.com\/wp-content\/uploads\/2024\/03\/progressive_web_application-1024x808.jpg 1024w, https:\/\/www.directimpactsolutions.com\/wp-content\/uploads\/2024\/03\/progressive_web_application-768x606.jpg 768w, https:\/\/www.directimpactsolutions.com\/wp-content\/uploads\/2024\/03\/progressive_web_application-1536x1213.jpg 1536w, https:\/\/www.directimpactsolutions.com\/wp-content\/uploads\/2024\/03\/progressive_web_application-2048x1617.jpg 2048w, https:\/\/www.directimpactsolutions.com\/wp-content\/uploads\/2024\/03\/progressive_web_application-600x474.jpg 600w\" sizes=\"auto, (max-width: 2560px) 100vw, 2560px\" \/><\/figure><\/div>\n\n<div class=\"wp-block-uagb-container uagb-block-7c713ddf\"><div class=\"inherit-container-width wp-block-group is-layout-constrained wp-block-group-is-layout-constrained\"><p>In qualit\u00e0 di <a href=\"https:\/\/www.directimpactsolutions.com\/en\/how-to-choose-a-pwa-development\">Azienda di sviluppo PWA<\/a>, siamo specializzati nello sviluppo di applicazioni uniche per i tuoi servizi. Ecco come una PWA unica pu\u00f2 incrementare le tue attivit\u00e0: <\/p>\n\n<ul class=\"wp-block-list\"><li><strong>Compatibilit\u00e0 multipiattaforma<\/strong>: Essendo basate sul web, le applicazioni PWA possono funzionare in modo efficiente sul motore del browser di qualsiasi piattaforma. Sia che tu acceda alle funzioni da un telefono o da un PC, avrai un&#8217;esperienza coerente. <\/li>\n\n<li><strong>Notifiche push<\/strong>: Sei preoccupato di mantenere il tuo pubblico impegnato attraverso l&#8217;app? Le PWA possono inviare notifiche push per coinvolgere gli utenti e incoraggiare le visite ripetute. Si tratta di una funzione molto efficace per le app di servizio o multimediali.  <\/li>\n\n<li><strong>Economicit\u00e0<\/strong>: Lo sviluppo di una PWA \u00e8 spesso una soluzione a prova di futuro e conveniente, perch\u00e9 lo sviluppo di app native separate per iOS e Android pu\u00f2 essere molto costoso.<\/li><\/ul><\/div><\/div><\/div><\/div><\/div><div style=\"height:56px\" aria-hidden=\"true\" class=\"wp-block-spacer\"><\/div><h2 class=\"wp-block-heading\">Allarga i tuoi orizzonti<\/h2><p>Quali sono i fattori che incidono sui costi di sviluppo delle PWA? Ecco i principali; <\/p><ul class=\"wp-block-list\"><li>La complessit\u00e0 della PWA<\/li>\n\n<li>Il volume di utenti della PWA<\/li>\n\n<li>Collaborazioni e integrazioni con altre <a href=\"https:\/\/laravel.com\/\" target=\"_blank\" rel=\"noreferrer noopener\">applicazioni<\/a><\/li>\n\n<li>Numero e complessit\u00e0 delle funzionalit\u00e0<\/li>\n\n<li>Se si tratta di una SPA o di una MP<\/li>\n\n<li>Servizi di hosting <\/li>\n\n<li>Servizi cloud<\/li>\n\n<li>Sicurezza informatica<\/li><\/ul><div class=\"wp-block-uagb-container uagb-block-4a053109 alignfull uagb-is-root-container\"><div class=\"uagb-container-inner-blocks-wrap\"><div class=\"wp-block-uagb-container uagb-block-e0b3c0c7\"><div class=\"inherit-container-width wp-block-group is-layout-constrained wp-block-group-is-layout-constrained\"><h4 class=\"wp-block-heading has-text-align-center has-ast-global-color-2-color has-text-color has-medium-font-size\">Chiedi a un esperto<\/h4>\n\n<p>Siamo pronti a rispondere alle tue domande. Se vuoi una consulenza personalizzata sullo sviluppo di una PWA nella tua nicchia o se vuoi convertire la tua app nativa in una PWA, non esitare a <a href=\"https:\/\/www.directimpactsolutions.com\/en\/contact-us\/\">contattaci!<\/a>  <\/p><\/div><\/div>\n\n<div class=\"wp-block-uagb-container uagb-block-f942f011\"><div class=\"inherit-container-width wp-block-group is-layout-constrained wp-block-group-is-layout-constrained\"><h4 class=\"wp-block-heading has-text-align-center has-ast-global-color-2-color has-text-color has-medium-font-size\">Tutto quello che devi sapere<\/h4>\n\n<p>Ti forniremo tutto l&#8217;aiuto di cui hai bisogno per lo sviluppo, le licenze, i test e il lancio della tua PWA. I nostri esperti tecnici e professionisti sono pronti a supportarti. <a href=\"https:\/\/www.directimpactsolutions.com\/en\/contact-us\/\">Contattaci oggi stesso<\/a> per sviluppare una PWA funzionale e unica che i tuoi utenti ameranno! <\/p><\/div><\/div><\/div><\/div><div style=\"height:40px\" aria-hidden=\"true\" class=\"wp-block-spacer\"><\/div>","protected":false},"excerpt":{"rendered":"<p>Aziende di sviluppo di PWA per il multipiattaforma Le applicazioni web progressive, o PWA, stanno cambiando il panorama dello sviluppo delle app. Le PWA sono un nuovo tipo di app che vengono eseguite sul web utilizzando linguaggi di programmazione web. Mentre le app native per Android o iOS vengono eseguite su piattaforme dedicate, le PWA &hellip;<\/p>\n<p class=\"read-more\"> <a class=\"\" href=\"https:\/\/www.directimpactsolutions.com\/it\/aziende-di-sviluppo-di-pwa-per-il-multipiattaforma\/\"> <span class=\"screen-reader-text\">Aziende di sviluppo di PWA per il multipiattaforma<\/span> Leggi altro &raquo;<\/a><\/p>\n","protected":false},"author":13,"featured_media":0,"parent":0,"menu_order":0,"comment_status":"closed","ping_status":"closed","template":"","meta":{"inline_featured_image":false,"_uag_custom_page_level_css":"","site-sidebar-layout":"default","site-content-layout":"","ast-site-content-layout":"default","site-content-style":"default","site-sidebar-style":"default","ast-global-header-display":"","ast-banner-title-visibility":"","ast-main-header-display":"","ast-hfb-above-header-display":"","ast-hfb-below-header-display":"","ast-hfb-mobile-header-display":"","site-post-title":"disabled","ast-breadcrumbs-content":"","ast-featured-img":"","footer-sml-layout":"","theme-transparent-header-meta":"","adv-header-id-meta":"","stick-header-meta":"","header-above-stick-meta":"","header-main-stick-meta":"","header-below-stick-meta":"","astra-migrate-meta-layouts":"","footnotes":""},"class_list":["post-17854","page","type-page","status-publish","hentry"],"uagb_featured_image_src":{"full":false,"thumbnail":false,"medium":false,"medium_large":false,"large":false,"1536x1536":false,"2048x2048":false,"woocommerce_thumbnail":false,"woocommerce_single":false,"woocommerce_gallery_thumbnail":false},"uagb_author_info":{"display_name":"Ozzi","author_link":"https:\/\/www.directimpactsolutions.com\/it\/author\/ozzi\/"},"uagb_comment_info":0,"uagb_excerpt":"Aziende di sviluppo di PWA per il multipiattaforma Le applicazioni web progressive, o PWA, stanno cambiando il panorama dello sviluppo delle app. Le PWA sono un nuovo tipo di app che vengono eseguite sul web utilizzando linguaggi di programmazione web. Mentre le app native per Android o iOS vengono eseguite su piattaforme dedicate, le PWA&hellip;","_links":{"self":[{"href":"https:\/\/www.directimpactsolutions.com\/it\/wp-json\/wp\/v2\/pages\/17854","targetHints":{"allow":["GET"]}}],"collection":[{"href":"https:\/\/www.directimpactsolutions.com\/it\/wp-json\/wp\/v2\/pages"}],"about":[{"href":"https:\/\/www.directimpactsolutions.com\/it\/wp-json\/wp\/v2\/types\/page"}],"author":[{"embeddable":true,"href":"https:\/\/www.directimpactsolutions.com\/it\/wp-json\/wp\/v2\/users\/13"}],"replies":[{"embeddable":true,"href":"https:\/\/www.directimpactsolutions.com\/it\/wp-json\/wp\/v2\/comments?post=17854"}],"version-history":[{"count":1,"href":"https:\/\/www.directimpactsolutions.com\/it\/wp-json\/wp\/v2\/pages\/17854\/revisions"}],"predecessor-version":[{"id":17855,"href":"https:\/\/www.directimpactsolutions.com\/it\/wp-json\/wp\/v2\/pages\/17854\/revisions\/17855"}],"wp:attachment":[{"href":"https:\/\/www.directimpactsolutions.com\/it\/wp-json\/wp\/v2\/media?parent=17854"}],"curies":[{"name":"wp","href":"https:\/\/api.w.org\/{rel}","templated":true}]}}