{"id":17856,"date":"2024-08-08T22:37:43","date_gmt":"2024-08-08T22:37:43","guid":{"rendered":"https:\/\/www.directimpactsolutions.com\/servizi-di-automazione-dei-processi-robotici\/"},"modified":"2024-08-08T22:38:41","modified_gmt":"2024-08-08T22:38:41","slug":"servizi-di-automazione-dei-processi-robotici","status":"publish","type":"page","link":"https:\/\/www.directimpactsolutions.com\/it\/servizi-di-automazione-dei-processi-robotici\/","title":{"rendered":"servizi di automazione dei processi robotici"},"content":{"rendered":"<div class=\"wp-block-uagb-container uagb-block-0468e4fa alignfull uagb-is-root-container\"><div class=\"uagb-container__shape uagb-container__shape-bottom uagb-container__invert\" data-negative=\"false\"><svg xmlns=\"https:\/\/www.w3.org\/2000\/svg\" viewBox=\"0 0 1000 100\" preserveAspectRatio=\"none\"><path class=\"uagb-container__shape-fill\" d=\"M500,98.9L0,6.1V0h1000v6.1L500,98.9z\"><\/path><\/svg><\/div><div class=\"uagb-container-inner-blocks-wrap\"><div style=\"height:40px\" aria-hidden=\"true\" class=\"wp-block-spacer\"><\/div>\n\n<h1 class=\"wp-block-heading has-ast-global-color-1-color has-text-color\" style=\"font-style:normal;font-weight:400\"><strong>Migliora l&#8217;efficienza della tua azienda con i nostri servizi personalizzati di automazione dei processi robotici<\/strong><\/h1>\n\n<p class=\"has-ast-global-color-1-color has-text-color\">Unisciti a noi per introdurre la tua azienda nella nuova era dell&#8217;eccellenza aziendale con i nostri servizi di automazione robotica dei processi (RPA). I nostri servizi RPA sono studiati per sbloccare il pieno potenziale della tua azienda. Sentiti libero di entrare nel futuro e di rivoluzionare la tua strategia aziendale.  <\/p>\n\n<p class=\"has-ast-global-color-1-color has-text-color\">Eleva la tua attivit\u00e0 snellendo le operazioni aziendali, per permetterti di innovare e crescere.<\/p>\n\n<div style=\"height:40px\" aria-hidden=\"true\" class=\"wp-block-spacer\"><\/div><\/div><\/div><div style=\"height:0px\" aria-hidden=\"true\" class=\"wp-block-spacer\"><\/div><div style=\"height:80px\" aria-hidden=\"true\" class=\"wp-block-spacer\"><\/div><h2 class=\"wp-block-heading\" style=\"font-style:normal;font-weight:400\"><strong>Come i servizi di automazione dei processi robotici possono aiutarti nelle operazioni aziendali:<\/strong><\/h2><div class=\"wp-block-uagb-container uagb-block-5a12bbfb alignfull uagb-is-root-container\"><div class=\"uagb-container-inner-blocks-wrap\"><div class=\"wp-block-uagb-container uagb-block-044d8300\"><div class=\"wp-block-uagb-info-box uagb-block-9e3b9841 uagb-infobox__content-wrap  uagb-infobox-icon-above-title uagb-infobox-image-valign-top\"><div class=\"uagb-ifb-content\"><div class=\"uagb-ifb-icon-wrap\"><svg xmlns=\"https:\/\/www.w3.org\/2000\/svg\" viewbox=\"0 0 448 512\"><path d=\"M303.1 108.1C268.2 72.46 234.2 38.35 224 0c-9.957 38.35-44.25 72.46-80.02 108.1C90.47 161.7 29.72 222.4 29.72 313.4c-2.337 107.3 82.75 196.2 190.1 198.5S415.9 429.2 418.3 321.9q.091-4.231 0-8.464C418.3 222.4 357.5 161.7 303.1 108.1zm-174.3 223a130.3 130.3 0 0 0 -15.21 24.15 4.978 4.978 0 0 1 -3.319 2.766h-1.659c-4.333 0-9.219-8.481-9.219-8.481h0c-1.29-2.028-2.489-4.149-3.687-6.361l-.83-1.752c-11.25-25.72-1.475-62.32-1.475-62.32h0a160.6 160.6 0 0 1 23.23-49.87A290.8 290.8 0 0 1 138.5 201.6l9.219 9.219 43.51 44.43a4.979 4.979 0 0 1 0 6.638L145.8 312.3h0zm96.61 127.3a67.2 67.2 0 0 1 -49.78-111.9c14.2-16.87 31.53-33.46 50.33-55.31 22.31 23.78 36.88 40.1 51.16 57.99a28.41 28.41 0 0 1 2.95 4.425 65.9 65.9 0 0 1 11.98 37.98 66.65 66.65 0 0 1 -66.47 66.84zM352.4 351.6h0a7.743 7.743 0 0 1 -6.176 5.347H344.9a11.25 11.25 0 0 1 -6.269-5.07h0a348.2 348.2 0 0 0 -39.46-48.95L281.4 284.5 222.3 223.2a497.9 497.9 0 0 1 -35.4-36.32 12.03 12.03 0 0 0 -.922-1.382 35.4 35.4 0 0 1 -4.7-9.219V174.5a31.35 31.35 0 0 1 9.218-27.66c11.43-11.43 22.95-22.95 33.83-34.94 11.98 13.27 24.8 26 37.43 38.63h0a530.1 530.1 0 0 1 69.6 79.1 147.5 147.5 0 0 1 27.01 83.8A134.1 134.1 0 0 1 352.4 351.6z\"><\/path><\/svg><\/div><div class=\"uagb-ifb-title-wrap\"><h3 class=\"uagb-ifb-title\"><strong>Tempi di esecuzione accelerati:<\/strong><\/h3><\/div><p class=\"uagb-ifb-desc\">Con i nostri servizi di automazione robotica di alto livello, le attivit\u00e0 che prima richiedevano ore possono ora essere completate in pochi minuti. I tempi rapidi non solo aumentano la produttivit\u00e0, ma ti aiutano anche a raggiungere le aspettative dei clienti in modo efficiente. Questi bot intelligenti continueranno a lavorare instancabilmente 24 ore su 24, mentre tu potrai sederti e guardarli lavorare per la tua azienda.   <br\/><br\/>Grazie alla rapidit\u00e0 dei tempi di risposta, potrai concentrarti sul superamento delle aspettative dei clienti, che a loro volta ti aiuteranno a far crescere la tua attivit\u00e0 fino a raggiungere livelli di successo estremi.<br\/><\/p><\/div><\/div><\/div>\n\n<div class=\"wp-block-uagb-container uagb-block-5425c505\"><div class=\"wp-block-uagb-info-box uagb-block-79bf4f31 uagb-infobox__content-wrap  uagb-infobox-icon-above-title uagb-infobox-image-valign-top\"><div class=\"uagb-ifb-content\"><div class=\"uagb-ifb-icon-wrap\"><svg xmlns=\"https:\/\/www.w3.org\/2000\/svg\" viewbox=\"0 0 448 512\"><path d=\"M323.5 51.25C302.8 70.5 284 90.75 267.4 111.1C240.1 73.62 206.2 35.5 168 0C69.75 91.12 0 210 0 281.6C0 408.9 100.2 512 224 512s224-103.1 224-230.4C448 228.4 396 118.5 323.5 51.25zM304.1 391.9C282.4 407 255.8 416 226.9 416c-72.13 0-130.9-47.73-130.9-125.2c0-38.63 24.24-72.64 72.74-130.8c7 8 98.88 125.4 98.88 125.4l58.63-66.88c4.125 6.75 7.867 13.52 11.24 19.9C364.9 290.6 353.4 357.4 304.1 391.9z\"><\/path><\/svg><\/div><div class=\"uagb-ifb-title-wrap\"><h3 class=\"uagb-ifb-title\"><strong>Riduzione degli errori:<\/strong><\/h3><\/div><p class=\"uagb-ifb-desc\">\u00c8 innegabile che gli errori siano piuttosto comuni nei processi manuali e che spesso si rivelino costosi. I servizi RPA vengono in soccorso e lavorano con costante precisione per ridurre le possibilit\u00e0 di errore. In questo modo, i bot riducono al minimo il rischio di errori legati all&#8217;inserimento dei dati, ai calcoli e ad altre attivit\u00e0.   <br\/><br\/>Questo drastico cambiamento nella riduzione degli errori migliorer\u00e0 sicuramente la qualit\u00e0 complessiva delle operazioni aziendali e garantir\u00e0 la soddisfazione dei clienti nel lungo periodo.<br\/><\/p><\/div><\/div><\/div>\n\n<div class=\"wp-block-uagb-container uagb-block-a3c11fba\"><div class=\"wp-block-uagb-info-box uagb-block-7601a5d2 uagb-infobox__content-wrap  uagb-infobox-icon-above-title uagb-infobox-image-valign-top\"><div class=\"uagb-ifb-content\"><div class=\"uagb-ifb-icon-wrap\"><svg xmlns=\"https:\/\/www.w3.org\/2000\/svg\" viewbox=\"0 0 512 512\"><path d=\"M160 352h192V160H160V352zM448 176h48C504.8 176 512 168.8 512 160s-7.162-16-16-16H448V128c0-35.35-28.65-64-64-64h-16V16C368 7.164 360.8 0 352 0c-8.836 0-16 7.164-16 16V64h-64V16C272 7.164 264.8 0 256 0C247.2 0 240 7.164 240 16V64h-64V16C176 7.164 168.8 0 160 0C151.2 0 144 7.164 144 16V64H128C92.65 64 64 92.65 64 128v16H16C7.164 144 0 151.2 0 160s7.164 16 16 16H64v64H16C7.164 240 0 247.2 0 256s7.164 16 16 16H64v64H16C7.164 336 0 343.2 0 352s7.164 16 16 16H64V384c0 35.35 28.65 64 64 64h16v48C144 504.8 151.2 512 160 512c8.838 0 16-7.164 16-16V448h64v48c0 8.836 7.164 16 16 16c8.838 0 16-7.164 16-16V448h64v48c0 8.836 7.164 16 16 16c8.838 0 16-7.164 16-16V448H384c35.35 0 64-28.65 64-64v-16h48c8.838 0 16-7.164 16-16s-7.162-16-16-16H448v-64h48C504.8 272 512 264.8 512 256s-7.162-16-16-16H448V176zM384 368c0 8.836-7.162 16-16 16h-224C135.2 384 128 376.8 128 368v-224C128 135.2 135.2 128 144 128h224C376.8 128 384 135.2 384 144V368z\"><\/path><\/svg><\/div><div class=\"uagb-ifb-title-wrap\"><h3 class=\"uagb-ifb-title\"><strong>Aumento della produttivit\u00e0:<\/strong><\/h3><\/div><p class=\"uagb-ifb-desc\">I nostri servizi di automazione dei processi robotizzati sono progettati per aiutarti a sbarazzarti delle attivit\u00e0 ripetitive, offrendoti opzioni di automazione completa che altrimenti verrebbero gestite da una forza lavoro efficiente. Immagina che tutta la tua forza lavoro abbia iniziato a concentrarsi sul proprio lato creativo e che la tua azienda abbia iniziato a cambiare le carte in tavola e a lasciare il segno nel settore.  <br\/><br\/>Con l&#8217;aiuto di questi servizi RPA, sei sicuro di dare al tuo team la possibilit\u00e0 di eccellere oltre il proprio potenziale e di guidare l&#8217;azienda verso una crescita di estremo successo.<br\/><\/p><\/div><\/div><\/div><\/div><\/div><div class=\"wp-block-uagb-container uagb-block-6e4feabc alignfull uagb-is-root-container\"><div class=\"uagb-container-inner-blocks-wrap\"><div class=\"wp-block-uagb-container uagb-block-c6c5abc6\"><div class=\"wp-block-uagb-info-box uagb-block-48b573d3 uagb-infobox__content-wrap  uagb-infobox-icon-above-title uagb-infobox-image-valign-top\"><div class=\"uagb-ifb-content\"><div class=\"uagb-ifb-icon-wrap\"><svg xmlns=\"https:\/\/www.w3.org\/2000\/svg\" viewbox=\"0 0 512 512\"><path d=\"M256.1 246c-13.25 0-23.1 10.75-23.1 23.1c1.125 72.25-8.124 141.9-27.75 211.5C201.7 491.3 206.6 512 227.5 512c10.5 0 20.12-6.875 23.12-17.5c13.5-47.87 30.1-125.4 29.5-224.5C280.1 256.8 269.4 246 256.1 246zM255.2 164.3C193.1 164.1 151.2 211.3 152.1 265.4c.75 47.87-3.75 95.87-13.37 142.5c-2.75 12.1 5.624 25.62 18.62 28.37c12.1 2.625 25.62-5.625 28.37-18.62c10.37-50.12 15.12-101.6 14.37-152.1C199.7 238.6 219.1 212.1 254.5 212.3c31.37 .5 57.24 25.37 57.62 55.5c.8749 47.1-2.75 96.25-10.62 143.5c-2.125 12.1 6.749 25.37 19.87 27.62c19.87 3.25 26.75-15.12 27.5-19.87c8.249-49.1 12.12-101.1 11.25-151.1C359.2 211.1 312.2 165.1 255.2 164.3zM144.6 144.5C134.2 136.1 119.2 137.6 110.7 147.9C85.25 179.4 71.38 219.3 72 259.9c.6249 37.62-2.375 75.37-8.999 112.1c-2.375 12.1 6.249 25.5 19.25 27.87c20.12 3.5 27.12-14.87 27.1-19.37c7.124-39.87 10.5-80.62 9.749-121.4C119.6 229.3 129.2 201.3 147.1 178.3C156.4 167.9 154.9 152.9 144.6 144.5zM253.1 82.14C238.6 81.77 223.1 83.52 208.2 87.14c-12.87 2.1-20.87 15.1-17.87 28.87c3.125 12.87 15.1 20.75 28.1 17.75C230.4 131.3 241.7 130 253.4 130.1c75.37 1.125 137.6 61.5 138.9 134.6c.5 37.87-1.375 75.1-5.624 113.6c-1.5 13.12 7.999 24.1 21.12 26.5c16.75 1.1 25.5-11.87 26.5-21.12c4.625-39.75 6.624-79.75 5.999-119.7C438.6 165.3 355.1 83.64 253.1 82.14zM506.1 203.6c-2.875-12.1-15.51-21.25-28.63-18.38c-12.1 2.875-21.12 15.75-18.25 28.62c4.75 21.5 4.875 37.5 4.75 61.62c-.1249 13.25 10.5 24.12 23.75 24.25c13.12 0 24.12-10.62 24.25-23.87C512.1 253.8 512.3 231.8 506.1 203.6zM465.1 112.9c-48.75-69.37-128.4-111.7-213.3-112.9c-69.74-.875-134.2 24.84-182.2 72.96c-46.37 46.37-71.34 108-70.34 173.6l-.125 21.5C-.3651 281.4 10.01 292.4 23.26 292.8C23.51 292.9 23.76 292.9 24.01 292.9c12.1 0 23.62-10.37 23.1-23.37l.125-23.62C47.38 193.4 67.25 144 104.4 106.9c38.87-38.75 91.37-59.62 147.7-58.87c69.37 .1 134.7 35.62 174.6 92.37c7.624 10.87 22.5 13.5 33.37 5.875C470.1 138.6 473.6 123.8 465.1 112.9z\"><\/path><\/svg><\/div><div class=\"uagb-ifb-title-wrap\"><h3 class=\"uagb-ifb-title\"><strong>Decisioni guidate dai dati:<\/strong><\/h3><\/div><p class=\"uagb-ifb-desc\">\u00c8 arrivata l&#8217;era del processo decisionale guidato dai dati, in cui la nostra (<a href=\"https:\/\/www.directimpactsolutions.com\/en\/rpa-tools\/\" data-type=\"link\" data-id=\"https:\/\/www.directimpactsolutions.com\/en\/rpa-tools\/\">RPA<\/a>) <a href=\"https:\/\/www.directimpactsolutions.com\/en\/robotic-process-automation-vendors\/\" data-type=\"link\" data-id=\"https:\/\/www.directimpactsolutions.com\/en\/robotic-process-automation-vendors\/\">processi robotici robotici <\/a>agiscono come una bussola per guidarti verso il successo della tua azienda. I dati generati con l&#8217;aiuto di questi software di automazione dei processi robotici (RPA) possono aiutare la tua organizzazione aziendale nel lungo periodo.  <br\/><br\/>I nostri servizi RPA non si limitano a raccogliere informazioni, ma aiutano le aziende ad analizzare tutti i dati e a studiare come i nostri servizi RPA possano fare miracoli per la tua azienda.<br\/><br\/><\/p><\/div><\/div><\/div>\n\n<div class=\"wp-block-uagb-container uagb-block-8dbc39a5\"><div class=\"wp-block-uagb-info-box uagb-block-56377668 uagb-infobox__content-wrap  uagb-infobox-icon-above-title uagb-infobox-image-valign-top\"><div class=\"uagb-ifb-content\"><div class=\"uagb-ifb-icon-wrap\"><svg xmlns=\"https:\/\/www.w3.org\/2000\/svg\" viewbox=\"0 0 512 512\"><path d=\"M511.4 20.72c-11.63 38.75-34.38 111.8-61.38 187.8c7 2.125 13.38 4 18.63 5.625c4.625 1.375 8.375 4.751 10.13 9.127c1.875 4.5 1.625 9.501-.625 13.75c-22.13 42.25-82.63 152.8-142.5 214.4c-1 1.125-2.001 2.5-3.001 3.5c-76 76.13-199.4 76.13-275.5 .125c-76.13-76.13-76.13-199.5 0-275.7c1-1 2.375-2 3.5-3C122.1 116.5 232.5 55.97 274.1 33.84c4.25-2.25 9.25-2.5 13.63-.625c4.5 1.875 7.875 5.626 9.25 10.13c1.625 5.125 3.5 11.63 5.625 18.63c75.88-27 148.9-49.75 187.6-61.25c5.75-1.75 11.88-.2503 16.13 4C511.5 8.844 512.1 15.09 511.4 20.72zM319.1 319.1c0-70.63-57.38-128-128-128c-70.75 0-128 57.38-128 128c0 70.76 57.25 128 128 128C262.6 448 319.1 390.8 319.1 319.1zM191.1 287.1c0 17.63-14.37 32-32 32c-17.75 0-32-14.38-32-32s14.25-32 32-32c8.5 0 16.63 3.375 22.63 9.375S191.1 279.5 191.1 287.1zM223.9 367.1c0 8.876-7.224 16-15.97 16c-8.875 0-16-7.127-16-16c0-8.876 7.1-16 15.98-16C216.7 351.1 223.9 359.1 223.9 367.1z\"><\/path><\/svg><\/div><div class=\"uagb-ifb-title-wrap\"><h3 class=\"uagb-ifb-title\"><strong>Maggiore ritorno sull&#8217;investimento:<\/strong><\/h3><\/div><p class=\"uagb-ifb-desc\">I servizi RPA sono considerati un investimento che sicuramente produrr\u00e0 un elevato ritorno sull&#8217;investimento. Il tempo risparmiato completando le attivit\u00e0 attraverso questi bot RPA pu\u00f2 offrire alla tua forza lavoro la possibilit\u00e0 di aumentare la produttivit\u00e0 e contribuire al ROI complessivo dell&#8217;azienda. Le risorse che prima venivano assegnate al team ora possono essere gestite direttamente dai bot che, a loro volta, ti fanno fare un passo avanti verso le iniziative di crescita.   <br\/><br\/>Questa decisione finanziaria non solo aiuta la tua azienda a crescere, ma ti aiuta anche a battere i tuoi rivali elettronici nel tuo settore.<br\/><br\/><\/p><\/div><\/div><\/div>\n\n<div class=\"wp-block-uagb-container uagb-block-fc3a59c3\"><div class=\"wp-block-uagb-info-box uagb-block-a35abb7d uagb-infobox__content-wrap  uagb-infobox-icon-above-title uagb-infobox-image-valign-top\"><div class=\"uagb-ifb-content\"><div class=\"uagb-ifb-icon-wrap\"><svg xmlns=\"https:\/\/www.w3.org\/2000\/svg\" viewbox=\"0 0 576 512\"><path d=\"M208 80C208 53.49 229.5 32 256 32H320C346.5 32 368 53.49 368 80V144C368 170.5 346.5 192 320 192H312V232H464C494.9 232 520 257.1 520 288V320H528C554.5 320 576 341.5 576 368V432C576 458.5 554.5 480 528 480H464C437.5 480 416 458.5 416 432V368C416 341.5 437.5 320 464 320H472V288C472 283.6 468.4 280 464 280H312V320H320C346.5 320 368 341.5 368 368V432C368 458.5 346.5 480 320 480H256C229.5 480 208 458.5 208 432V368C208 341.5 229.5 320 256 320H264V280H112C107.6 280 104 283.6 104 288V320H112C138.5 320 160 341.5 160 368V432C160 458.5 138.5 480 112 480H48C21.49 480 0 458.5 0 432V368C0 341.5 21.49 320 48 320H56V288C56 257.1 81.07 232 112 232H264V192H256C229.5 192 208 170.5 208 144V80z\"><\/path><\/svg><\/div><div class=\"uagb-ifb-title-wrap\"><h3 class=\"uagb-ifb-title\"><strong>Miglioramento della soddisfazione e del coinvolgimento dei dipendenti:<\/strong><\/h3><\/div><p class=\"uagb-ifb-desc\">Questi servizi di automazione dei processi robotizzati hanno sicuramente un impatto positivo sui tuoi dipendenti e ne aumentano il morale. Liberando la tua forza lavoro da tutte le attivit\u00e0 banali e ripetitive, possono concentrarsi su aspetti pi\u00f9 stimolanti del loro lavoro che, a loro volta, possono aumentare il tasso di soddisfazione dei clienti.  <br\/><br\/>Questo aumento della soddisfazione dei clienti pu\u00f2 portare a un tasso di fidelizzazione pi\u00f9 alto, a una forza lavoro motivata e a una cultura in cui la creativit\u00e0 e l&#8217;innovazione sono una priorit\u00e0 assoluta.<br\/><br\/><\/p><\/div><\/div><\/div><\/div><\/div><div style=\"height:80px\" aria-hidden=\"true\" class=\"wp-block-spacer\"><\/div><h2 class=\"wp-block-heading\" style=\"font-style:normal;font-weight:400\"><strong>I passi che seguiamo nei nostri servizi di automazione dei processi robotici:<\/strong><\/h2><div class=\"wp-block-uagb-container uagb-block-55117e17 alignfull uagb-is-root-container\"><div class=\"uagb-container-inner-blocks-wrap\"><div class=\"wp-block-uagb-container uagb-block-ce5cb8db\"><div class=\"inherit-container-width wp-block-group is-layout-constrained wp-block-group-is-layout-constrained\"><h4 class=\"wp-block-heading\"><strong>Analisi e mappatura dei processi:<\/strong><\/h4>\n\n<p>In questa prima fase, il bot analizzer\u00e0 a fondo i processi aziendali attualmente in uso. A partire dalla comprensione di come vengono svolte le attivit\u00e0, fino all&#8217;identificazione dei problemi, delle attivit\u00e0 ripetitive e alla selezione delle attivit\u00e0 che possono essere facilmente gestite attraverso i servizi RPA.  <\/p>\n\n<h4 class=\"wp-block-heading\"><strong>Personalizzazione e implementazione:<\/strong><\/h4>\n\n<p>Una volta che i processi sono stati completamente mappati, procediamo a personalizzare la strategia di automazione per soddisfare le tue specifiche esigenze aziendali. Un altro obiettivo principale di questi bot RPA \u00e8 quello di interagire efficacemente con la tua particolare interfaccia utente e di implementare il processo di esecuzione in modo efficace.  <\/p>\n\n<h4 class=\"wp-block-heading\"><strong>Test di distribuzione e monitoraggio:<\/strong><\/h4>\n\n<p>Prima di implementare la soluzione RPA in una modalit\u00e0 aziendale reale, ci assicuriamo di testarla il pi\u00f9 possibile. Una volta che la sessione di test \u00e8 andata a buon fine, mettiamo in funzione i bot e continuiamo a monitorarli.  <\/p><\/div><\/div>\n\n<div class=\"wp-block-uagb-container uagb-block-e2bf438c\"><figure class=\"wp-block-image size-large is-resized\"><img loading=\"lazy\" decoding=\"async\" width=\"1024\" height=\"729\" src=\"https:\/\/www.directimpactsolutions.com\/wp-content\/uploads\/2023\/09\/carlos-muza-hpjSkU2UYSU-unsplash-1024x729.jpg\" alt=\"processi robotici\" class=\"wp-image-15292\" style=\"width:665px;height:473px\" srcset=\"https:\/\/www.directimpactsolutions.com\/wp-content\/uploads\/2023\/09\/carlos-muza-hpjSkU2UYSU-unsplash-1024x729.jpg 1024w, https:\/\/www.directimpactsolutions.com\/wp-content\/uploads\/2023\/09\/carlos-muza-hpjSkU2UYSU-unsplash-300x214.jpg 300w, https:\/\/www.directimpactsolutions.com\/wp-content\/uploads\/2023\/09\/carlos-muza-hpjSkU2UYSU-unsplash-768x547.jpg 768w, https:\/\/www.directimpactsolutions.com\/wp-content\/uploads\/2023\/09\/carlos-muza-hpjSkU2UYSU-unsplash-1536x1094.jpg 1536w, https:\/\/www.directimpactsolutions.com\/wp-content\/uploads\/2023\/09\/carlos-muza-hpjSkU2UYSU-unsplash-2048x1459.jpg 2048w, https:\/\/www.directimpactsolutions.com\/wp-content\/uploads\/2023\/09\/carlos-muza-hpjSkU2UYSU-unsplash-600x427.jpg 600w\" sizes=\"auto, (max-width: 1024px) 100vw, 1024px\" \/><\/figure><\/div>\n\n<div class=\"wp-block-uagb-container uagb-block-6c8addbf\"><figure class=\"wp-block-image size-large is-resized\"><img loading=\"lazy\" decoding=\"async\" width=\"683\" height=\"1024\" src=\"https:\/\/www.directimpactsolutions.com\/wp-content\/uploads\/2023\/09\/roberto-nickson-TB_cvdUHUuc-unsplash-683x1024.jpg\" alt=\"robotici\" class=\"wp-image-15296\" style=\"width:366px;height:548px\" srcset=\"https:\/\/www.directimpactsolutions.com\/wp-content\/uploads\/2023\/09\/roberto-nickson-TB_cvdUHUuc-unsplash-683x1024.jpg 683w, https:\/\/www.directimpactsolutions.com\/wp-content\/uploads\/2023\/09\/roberto-nickson-TB_cvdUHUuc-unsplash-200x300.jpg 200w, https:\/\/www.directimpactsolutions.com\/wp-content\/uploads\/2023\/09\/roberto-nickson-TB_cvdUHUuc-unsplash-768x1152.jpg 768w, https:\/\/www.directimpactsolutions.com\/wp-content\/uploads\/2023\/09\/roberto-nickson-TB_cvdUHUuc-unsplash-1024x1536.jpg 1024w, https:\/\/www.directimpactsolutions.com\/wp-content\/uploads\/2023\/09\/roberto-nickson-TB_cvdUHUuc-unsplash-1366x2048.jpg 1366w, https:\/\/www.directimpactsolutions.com\/wp-content\/uploads\/2023\/09\/roberto-nickson-TB_cvdUHUuc-unsplash-600x900.jpg 600w, https:\/\/www.directimpactsolutions.com\/wp-content\/uploads\/2023\/09\/roberto-nickson-TB_cvdUHUuc-unsplash-scaled.jpg 1707w\" sizes=\"auto, (max-width: 683px) 100vw, 683px\" \/><\/figure><\/div>\n\n<div class=\"wp-block-uagb-container uagb-block-ffedcb7b\"><div class=\"inherit-container-width wp-block-group is-layout-constrained wp-block-group-is-layout-constrained\"><h4 class=\"wp-block-heading\"><strong>Rivolgiti a noi oggi stesso e accedi ai nostri servizi di automazione dei processi robotici.<\/strong><\/h4>\n\n<p>Non esitare a contattarci per scoprire gli straordinari vantaggi dei nostri servizi di automazione robotica per le tue attivit\u00e0 commerciali. Siamo orgogliosi di garantire che i nostri servizi RPA si riveleranno un ottimo investimento per la tua azienda nel lungo periodo. <\/p>\n\n<h4 class=\"wp-block-heading\"><strong>Eleva la crescita della tua azienda con i nostri servizi di automazione robotica dei processi. <\/strong><\/h4>\n\n<p>Vuoi portare la tua attivit\u00e0 a nuovi livelli? Allora non aspettare! <\/p>\n\n<p>Mettiti subito in contatto con noi e prova i nostri servizi di automazione dei processi robotizzati per sperimentare gli straordinari vantaggi che possono apportare alla tua attivit\u00e0. <\/p>\n\n<h4 class=\"wp-block-heading\"><strong>Ascolta cosa dicono di noi i nostri clienti soddisfatti!<\/strong><\/h4>\n\n<p>Siamo orgogliosi di annunciare che abbiamo aiutato aziende di tutto il mondo a prosperare grazie ai nostri servizi di automazione robotica dei processi.<\/p><\/div><\/div><\/div><\/div><div style=\"height:80px\" aria-hidden=\"true\" class=\"wp-block-spacer\"><\/div><div class=\"wp-block-uagb-container uagb-block-7e2a8aa9 alignfull uagb-is-root-container\"><div class=\"uagb-container-inner-blocks-wrap\"><\/div><\/div><hr class=\"wp-block-separator has-alpha-channel-opacity is-style-wide\"\/>","protected":false},"excerpt":{"rendered":"<p>Migliora l&#8217;efficienza della tua azienda con i nostri servizi personalizzati di automazione dei processi robotici Unisciti a noi per introdurre la tua azienda nella nuova era dell&#8217;eccellenza aziendale con i nostri servizi di automazione robotica dei processi (RPA). I nostri servizi RPA sono studiati per sbloccare il pieno potenziale della tua azienda. Sentiti libero di &hellip;<\/p>\n<p class=\"read-more\"> <a class=\"\" href=\"https:\/\/www.directimpactsolutions.com\/it\/servizi-di-automazione-dei-processi-robotici\/\"> <span class=\"screen-reader-text\">servizi di automazione dei processi robotici<\/span> Leggi altro &raquo;<\/a><\/p>\n","protected":false},"author":13,"featured_media":0,"parent":0,"menu_order":0,"comment_status":"closed","ping_status":"closed","template":"","meta":{"inline_featured_image":false,"_uag_custom_page_level_css":"","site-sidebar-layout":"default","site-content-layout":"","ast-site-content-layout":"default","site-content-style":"default","site-sidebar-style":"default","ast-global-header-display":"","ast-banner-title-visibility":"","ast-main-header-display":"","ast-hfb-above-header-display":"","ast-hfb-below-header-display":"","ast-hfb-mobile-header-display":"","site-post-title":"disabled","ast-breadcrumbs-content":"","ast-featured-img":"","footer-sml-layout":"","theme-transparent-header-meta":"","adv-header-id-meta":"","stick-header-meta":"","header-above-stick-meta":"","header-main-stick-meta":"","header-below-stick-meta":"","astra-migrate-meta-layouts":"","footnotes":""},"class_list":["post-17856","page","type-page","status-publish","hentry"],"uagb_featured_image_src":{"full":false,"thumbnail":false,"medium":false,"medium_large":false,"large":false,"1536x1536":false,"2048x2048":false,"woocommerce_thumbnail":false,"woocommerce_single":false,"woocommerce_gallery_thumbnail":false},"uagb_author_info":{"display_name":"Ozzi","author_link":"https:\/\/www.directimpactsolutions.com\/it\/author\/ozzi\/"},"uagb_comment_info":0,"uagb_excerpt":"Migliora l&#8217;efficienza della tua azienda con i nostri servizi personalizzati di automazione dei processi robotici Unisciti a noi per introdurre la tua azienda nella nuova era dell&#8217;eccellenza aziendale con i nostri servizi di automazione robotica dei processi (RPA). I nostri servizi RPA sono studiati per sbloccare il pieno potenziale della tua azienda. Sentiti libero di&hellip;","_links":{"self":[{"href":"https:\/\/www.directimpactsolutions.com\/it\/wp-json\/wp\/v2\/pages\/17856","targetHints":{"allow":["GET"]}}],"collection":[{"href":"https:\/\/www.directimpactsolutions.com\/it\/wp-json\/wp\/v2\/pages"}],"about":[{"href":"https:\/\/www.directimpactsolutions.com\/it\/wp-json\/wp\/v2\/types\/page"}],"author":[{"embeddable":true,"href":"https:\/\/www.directimpactsolutions.com\/it\/wp-json\/wp\/v2\/users\/13"}],"replies":[{"embeddable":true,"href":"https:\/\/www.directimpactsolutions.com\/it\/wp-json\/wp\/v2\/comments?post=17856"}],"version-history":[{"count":1,"href":"https:\/\/www.directimpactsolutions.com\/it\/wp-json\/wp\/v2\/pages\/17856\/revisions"}],"predecessor-version":[{"id":17857,"href":"https:\/\/www.directimpactsolutions.com\/it\/wp-json\/wp\/v2\/pages\/17856\/revisions\/17857"}],"wp:attachment":[{"href":"https:\/\/www.directimpactsolutions.com\/it\/wp-json\/wp\/v2\/media?parent=17856"}],"curies":[{"name":"wp","href":"https:\/\/api.w.org\/{rel}","templated":true}]}}