{"id":17861,"date":"2024-08-08T23:05:57","date_gmt":"2024-08-08T23:05:57","guid":{"rendered":"https:\/\/www.directimpactsolutions.com\/sviluppatori-rpa\/"},"modified":"2024-08-08T23:07:31","modified_gmt":"2024-08-08T23:07:31","slug":"sviluppatori-rpa","status":"publish","type":"page","link":"https:\/\/www.directimpactsolutions.com\/it\/sviluppatori-rpa\/","title":{"rendered":"sviluppatori RPA"},"content":{"rendered":"<div class=\"wp-block-uagb-container uagb-block-0468e4fa alignfull uagb-is-root-container\"><div class=\"uagb-container__shape uagb-container__shape-bottom uagb-container__invert\" data-negative=\"false\"><svg xmlns=\"https:\/\/www.w3.org\/2000\/svg\" viewBox=\"0 0 1000 100\" preserveAspectRatio=\"none\"><path class=\"uagb-container__shape-fill\" d=\"M500,98.9L0,6.1V0h1000v6.1L500,98.9z\"><\/path><\/svg><\/div><div class=\"uagb-container-inner-blocks-wrap\"><div style=\"height:40px\" aria-hidden=\"true\" class=\"wp-block-spacer\"><\/div>\n\n<h1 class=\"wp-block-heading has-ast-global-color-1-color has-text-color\" style=\"font-style:normal;font-weight:400\"><strong>Raggiungi l&#8217;eccellenza operativa con i migliori sviluppatori RPA<\/strong><\/h1>\n\n<p class=\"has-ast-global-color-1-color has-text-color\">Ottimizza le capacit\u00e0 aziendali con solidi servizi di sviluppo RPA end-to-end. I nostri sviluppatori RPA combinano l&#8217;esperienza nelle capacit\u00e0 IT aziendali e nelle tecnologie RPA di nuova generazione. Le nostre soluzioni trasformano i processi di routine in flussi di lavoro automatizzati che danno forma al futuro della tua azienda.  <\/p>\n\n<div style=\"height:40px\" aria-hidden=\"true\" class=\"wp-block-spacer\"><\/div><\/div><\/div><div style=\"height:0px\" aria-hidden=\"true\" class=\"wp-block-spacer\"><\/div><div style=\"height:80px\" aria-hidden=\"true\" class=\"wp-block-spacer\"><\/div><h2 class=\"wp-block-heading\" style=\"font-style:normal;font-weight:400\"><strong>Assumi sviluppatori RPA per automatizzare i tuoi processi aziendali<\/strong><\/h2><div class=\"wp-block-uagb-container uagb-block-5a12bbfb alignfull uagb-is-root-container\"><div class=\"uagb-container-inner-blocks-wrap\"><div class=\"wp-block-uagb-container uagb-block-044d8300\"><div class=\"wp-block-uagb-info-box uagb-block-9e3b9841 uagb-infobox__content-wrap  uagb-infobox-icon-above-title uagb-infobox-image-valign-top\"><div class=\"uagb-ifb-content\"><div class=\"uagb-ifb-icon-wrap\"><svg xmlns=\"https:\/\/www.w3.org\/2000\/svg\" viewbox=\"0 0 448 512\"><path d=\"M323.5 51.25C302.8 70.5 284 90.75 267.4 111.1C240.1 73.62 206.2 35.5 168 0C69.75 91.12 0 210 0 281.6C0 408.9 100.2 512 224 512s224-103.1 224-230.4C448 228.4 396 118.5 323.5 51.25zM304.1 391.9C282.4 407 255.8 416 226.9 416c-72.13 0-130.9-47.73-130.9-125.2c0-38.63 24.24-72.64 72.74-130.8c7 8 98.88 125.4 98.88 125.4l58.63-66.88c4.125 6.75 7.867 13.52 11.24 19.9C364.9 290.6 353.4 357.4 304.1 391.9z\"><\/path><\/svg><\/div><div class=\"uagb-ifb-title-wrap\"><h3 class=\"uagb-ifb-title\"><strong>Automatizza la tua crescita<\/strong><\/h3><\/div><p class=\"uagb-ifb-desc\">Il nostro obiettivo \u00e8 quello di aiutarti a esplorare maggiori opportunit\u00e0 di crescita. I nostri esperti sviluppatori RPA realizzano soluzioni che migliorano la precisione nei punti di contatto critici dell&#8217;azienda. <\/p><\/div><\/div><\/div>\n\n<div class=\"wp-block-uagb-container uagb-block-5425c505\"><div class=\"wp-block-uagb-info-box uagb-block-79bf4f31 uagb-infobox__content-wrap  uagb-infobox-icon-above-title uagb-infobox-image-valign-top\"><div class=\"uagb-ifb-content\"><div class=\"uagb-ifb-icon-wrap\"><svg xmlns=\"https:\/\/www.w3.org\/2000\/svg\" viewbox=\"0 0 448 512\"><path d=\"M448 48V384C385 407 366 416 329 416C266 416 242 384 179 384C159 384 143 388 128 392V328C143 324 159 320 179 320C242 320 266 352 329 352C349 352 364 349 384 343V135C364 141 349 144 329 144C266 144 242 112 179 112C128 112 104 133 64 141V448C64 466 50 480 32 480S0 466 0 448V64C0 46 14 32 32 32S64 46 64 64V77C104 69 128 48 179 48C242 48 266 80 329 80C366 80 385 71 448 48z\"><\/path><\/svg><\/div><div class=\"uagb-ifb-title-wrap\"><h3 class=\"uagb-ifb-title\"><strong>Sfrutta le centrali virtuali<\/strong><\/h3><\/div><p class=\"uagb-ifb-desc\">Sfrutta le soluzioni RPA presenziate e non presenziate a portata di mano. Combiniamo sistemi RPA per creare forze lavoro virtuali che generano valore, riducono i costi e massimizzano i ricavi <\/p><\/div><\/div><\/div>\n\n<div class=\"wp-block-uagb-container uagb-block-a3c11fba\"><div class=\"wp-block-uagb-info-box uagb-block-7601a5d2 uagb-infobox__content-wrap  uagb-infobox-icon-above-title uagb-infobox-image-valign-top\"><div class=\"uagb-ifb-content\"><div class=\"uagb-ifb-icon-wrap\"><svg xmlns=\"https:\/\/www.w3.org\/2000\/svg\" viewbox=\"0 0 640 512\"><path d=\"M9.375 233.4C3.375 239.4 0 247.5 0 256v128c0 8.5 3.375 16.62 9.375 22.62S23.5 416 32 416h32V224H32C23.5 224 15.38 227.4 9.375 233.4zM464 96H352V32c0-17.62-14.38-32-32-32S288 14.38 288 32v64H176C131.8 96 96 131.8 96 176V448c0 35.38 28.62 64 64 64h320c35.38 0 64-28.62 64-64V176C544 131.8 508.3 96 464 96zM256 416H192v-32h64V416zM224 296C201.9 296 184 278.1 184 256S201.9 216 224 216S264 233.9 264 256S246.1 296 224 296zM352 416H288v-32h64V416zM448 416h-64v-32h64V416zM416 296c-22.12 0-40-17.88-40-40S393.9 216 416 216S456 233.9 456 256S438.1 296 416 296zM630.6 233.4C624.6 227.4 616.5 224 608 224h-32v192h32c8.5 0 16.62-3.375 22.62-9.375S640 392.5 640 384V256C640 247.5 636.6 239.4 630.6 233.4z\"><\/path><\/svg><\/div><div class=\"uagb-ifb-title-wrap\"><h3 class=\"uagb-ifb-title\"><strong>Liberare il potenziale umano<\/strong><\/h3><\/div><p class=\"uagb-ifb-desc\">Crediamo che i processi giusti capitalizzino il potenziale umano. Per questo i nostri esperti creano forze lavoro robotizzate che danno potere ai tuoi dipendenti. In questo modo, possono concentrarsi sulle attivit\u00e0 che fanno progredire la tua azienda.  <\/p><\/div><\/div><\/div><\/div><\/div><div style=\"height:80px\" aria-hidden=\"true\" class=\"wp-block-spacer\"><\/div><div class=\"inherit-container-width wp-block-group is-layout-constrained wp-block-group-is-layout-constrained\"><h3 class=\"wp-block-heading has-text-align-center has-ast-global-color-2-color has-text-color\"><strong>Chi \u00e8 uno sviluppatore RPA?<\/strong><\/h3>\n\n<p>Gli sviluppatori RPA progettano attivit\u00e0 di automazione e si occupano di problemi basati sull&#8217;automazione. Hanno le competenze per testare i processi, progettare i flussi di lavoro di automazione, codificare i bot e garantire un&#8217;esecuzione impeccabile delle attivit\u00e0 automatizzate. I nostri sviluppatori RPA sono professionisti esperti in diverse tecnologie di automazione robotica. Abbiamo una solida esperienza nello stack funzionale delle piattaforme RPA, nell&#8217;ottimizzazione dei processi e nei linguaggi di programmazione. Abbiamo anche una conoscenza avanzata delle tattiche di implementazione dei processi robotici nei vari settori. Per questo motivo, progettiamo ecosistemi per strumenti di automazione e programmiamo bot RPA che possono essere utilizzati su larga scala per automatizzare migliaia di processi contemporaneamente. Il nostro portafoglio di eccezionali soluzioni di automazione si rivolge ad aziende di tutte le dimensioni.       <\/p><\/div><h2 class=\"wp-block-heading\" style=\"font-style:normal;font-weight:400\"><strong><strong>I tuoi partner nella trasformazione<\/strong><\/strong><\/h2><div class=\"wp-block-uagb-container uagb-block-55117e17 alignfull uagb-is-root-container\"><div class=\"uagb-container-inner-blocks-wrap\"><div class=\"wp-block-uagb-container uagb-block-ce5cb8db\"><div class=\"inherit-container-width wp-block-group is-layout-constrained wp-block-group-is-layout-constrained\"><h3 class=\"wp-block-heading\"><strong>Libera <\/strong><strong>lo sviluppo RPA<\/strong> <\/h3>\n\n<p>Guarda come le attivit\u00e0 banali, noiose e ripetitive si trasformano in operazioni efficienti e prive di errori. Sfruttiamo lo sviluppo RPA per trasformare processi complicati in un&#8217;automazione efficiente. Saluta la produttivit\u00e0 senza precedenti grazie a strumenti e tecnologie all&#8217;avanguardia.   <\/p>\n\n<h3 class=\"wp-block-heading\"><strong>Allineati agli obiettivi aziendali principali <\/strong><\/h3>\n\n<p>I nostri sviluppatori RPA si concentrano sui molti modi in cui l&#8217;automazione pu\u00f2 portare a un successo straordinario e massimizzare il tuo ROI. Identifichiamo i punti critici dell&#8217;azienda soggetti a errori, ridondanze, colli di bottiglia e inefficienze. Ci proponiamo di individuare i processi che possono essere completamente o parzialmente automatizzati, in modo da progettare una strategia di automazione dei processi pianificata che si allinei con i sistemi e gli obiettivi aziendali esistenti.   <\/p>\n\n<h3 class=\"wp-block-heading\"><strong>Adattamento dei sistemi RPA non standard<\/strong><\/h3>\n\n<p>Ti diamo accesso a migliaia di sistemi RPA gi\u00e0 pronti che possono essere integrati o personalizzati in base al tuo ecosistema. In questo modo puoi sfruttare le diverse soluzioni RPA esistenti e creare sistemi personalizzati solo quando necessario. L&#8217;obiettivo finale \u00e8 una strategia di implementazione RPA ottimizzata e in linea con le tue esigenze specifiche.  <\/p><\/div><\/div>\n\n<div class=\"wp-block-uagb-container uagb-block-e2bf438c\"><figure class=\"wp-block-image size-large is-resized\"><img loading=\"lazy\" decoding=\"async\" src=\"https:\/\/www.directimpactsolutions.com\/wp-content\/uploads\/2023\/09\/pakata-goh-EJMTKCZ00I0-unsplash-1024x819.jpg\" alt=\"sviluppatore\" class=\"wp-image-15171\" style=\"width:643px;height:514px\" width=\"643\" height=\"514\" srcset=\"https:\/\/www.directimpactsolutions.com\/wp-content\/uploads\/2023\/09\/pakata-goh-EJMTKCZ00I0-unsplash-1024x819.jpg 1024w, https:\/\/www.directimpactsolutions.com\/wp-content\/uploads\/2023\/09\/pakata-goh-EJMTKCZ00I0-unsplash-300x240.jpg 300w, https:\/\/www.directimpactsolutions.com\/wp-content\/uploads\/2023\/09\/pakata-goh-EJMTKCZ00I0-unsplash-768x614.jpg 768w, https:\/\/www.directimpactsolutions.com\/wp-content\/uploads\/2023\/09\/pakata-goh-EJMTKCZ00I0-unsplash-1536x1229.jpg 1536w, https:\/\/www.directimpactsolutions.com\/wp-content\/uploads\/2023\/09\/pakata-goh-EJMTKCZ00I0-unsplash-2048x1638.jpg 2048w, https:\/\/www.directimpactsolutions.com\/wp-content\/uploads\/2023\/09\/pakata-goh-EJMTKCZ00I0-unsplash-600x480.jpg 600w\" sizes=\"auto, (max-width: 643px) 100vw, 643px\" \/><\/figure><\/div>\n\n<div style=\"height:25px\" aria-hidden=\"true\" class=\"wp-block-spacer\"><\/div>\n\n<div class=\"wp-block-uagb-container uagb-block-6c8addbf\"><figure class=\"wp-block-image alignfull size-large\"><img loading=\"lazy\" decoding=\"async\" width=\"2560\" height=\"1921\" src=\"https:\/\/www.directimpactsolutions.com\/wp-content\/uploads\/2023\/09\/altumcode-dMUt0X3f59Q-unsplash-1-edited-scaled.jpg\" alt=\"sviluppatore\" class=\"wp-image-15133\" srcset=\"https:\/\/www.directimpactsolutions.com\/wp-content\/uploads\/2023\/09\/altumcode-dMUt0X3f59Q-unsplash-1-edited-scaled.jpg 2560w, https:\/\/www.directimpactsolutions.com\/wp-content\/uploads\/2023\/09\/altumcode-dMUt0X3f59Q-unsplash-1-edited-300x225.jpg 300w, https:\/\/www.directimpactsolutions.com\/wp-content\/uploads\/2023\/09\/altumcode-dMUt0X3f59Q-unsplash-1-edited-1024x768.jpg 1024w, https:\/\/www.directimpactsolutions.com\/wp-content\/uploads\/2023\/09\/altumcode-dMUt0X3f59Q-unsplash-1-edited-768x576.jpg 768w, https:\/\/www.directimpactsolutions.com\/wp-content\/uploads\/2023\/09\/altumcode-dMUt0X3f59Q-unsplash-1-edited-1536x1152.jpg 1536w, https:\/\/www.directimpactsolutions.com\/wp-content\/uploads\/2023\/09\/altumcode-dMUt0X3f59Q-unsplash-1-edited-2048x1536.jpg 2048w, https:\/\/www.directimpactsolutions.com\/wp-content\/uploads\/2023\/09\/altumcode-dMUt0X3f59Q-unsplash-1-edited-600x450.jpg 600w\" sizes=\"auto, (max-width: 2560px) 100vw, 2560px\" \/><\/figure><\/div>\n\n<div class=\"wp-block-uagb-container uagb-block-ffedcb7b\"><div class=\"inherit-container-width wp-block-group is-layout-constrained wp-block-group-is-layout-constrained\"><h3 class=\"wp-block-heading\"><strong>Focus laser sui risultati a prova di futuro <\/strong><\/h3>\n\n<p>Ci impegniamo a sbloccare nuove dimensioni di efficienza e ad aiutare la tua azienda a raggiungere risultati rivoluzionari. Per questo motivo, esploriamo costantemente nuove tecnologie, strumenti e tecniche. Imparando continuamente, garantiamo che i tuoi processi aziendali rimangano agili, adattabili e a prova di futuro.  <\/p>\n\n<h3 class=\"wp-block-heading\"><strong>Scalare il tuo sviluppo RPA senza costi aggiuntivi<\/strong><\/h3>\n\n<p>Indipendentemente dalla semplicit\u00e0 o dalla complessit\u00e0 del tuo progetto RPA, offriamo sviluppatori RPA on-demand pronti a lavorare sul tuo progetto, rispettando i tempi e il budget. Offriamo un approccio flessibile allo sviluppo RPA ad aziende di ogni forma e dimensione. Con il nostro aiuto, puoi accelerare le tue esigenze di automazione per consentire alla tua azienda di cogliere le opportunit\u00e0 in tempo reale.  <\/p><\/div><\/div><\/div><\/div><h2 class=\"wp-block-heading\" style=\"font-style:normal;font-weight:400\"><strong>Servizi di sviluppo RPA end-to-end<\/strong><\/h2><div class=\"wp-block-uagb-container uagb-block-c448ce00 alignfull uagb-is-root-container\"><div class=\"uagb-container-inner-blocks-wrap\"><div class=\"wp-block-uagb-container uagb-block-7f4dcaaf\"><div class=\"inherit-container-width wp-block-group is-layout-constrained wp-block-group-is-layout-constrained\"><h3 class=\"wp-block-heading\"><strong>Valutazione RPA <\/strong><\/h3>\n\n<p>Il nostro processo di sviluppo RDA inizia con un&#8217;analisi approfondita dei tuoi processi aziendali esistenti. Ci proponiamo di valutare ogni fase delle prestazioni per identificare le opportunit\u00e0 di automazione. Verifichiamo e stimiamo le possibilit\u00e0 di automazione totale e parziale. I nostri sviluppatori RDA valutano anche i costi e la complessit\u00e0 per creare un progetto strategico olistico.   <\/p>\n\n<h3 class=\"wp-block-heading\"><strong>Servizi di consulenza RPA<\/strong><\/h3>\n\n<p>Gli sviluppatori RPA professionisti di Direct Impact Solutions esamineranno i tuoi obiettivi aziendali principali, la tua visione e la tua infrastruttura. In questo modo, possiamo preservare il valore fisico mentre digitalizziamo i processi. La nostra strategia RPA prende in considerazione ogni componente della tua azienda per consigliarti l&#8217;approccio pi\u00f9 olistico. Identificheremo gli strumenti e i processi e costruiremo la roadmap ideale che illustra nel dettaglio come le nostre soluzioni RPA possono aiutare la tua azienda.    <\/p><\/div><\/div>\n\n<div class=\"wp-block-uagb-container uagb-block-60de7f75\"><figure class=\"wp-block-image size-large is-resized\"><img loading=\"lazy\" decoding=\"async\" src=\"https:\/\/www.directimpactsolutions.com\/wp-content\/uploads\/2023\/08\/christopher-gower-m_HRfLhgABo-unsplash-1024x682.jpg\" alt=\"sviluppatori RPA\" class=\"wp-image-15109\" style=\"width:706px;height:369px\" width=\"706\" height=\"369\"\/><\/figure><\/div>\n\n<div style=\"height:25px\" aria-hidden=\"true\" class=\"wp-block-spacer\"><\/div>\n\n<div class=\"wp-block-uagb-container uagb-block-339875b9\"><figure class=\"wp-block-image alignfull size-large\"><img loading=\"lazy\" decoding=\"async\" width=\"1024\" height=\"681\" src=\"https:\/\/www.directimpactsolutions.com\/wp-content\/uploads\/2023\/08\/glenn-carstens-peters-npxXWgQ33ZQ-unsplash-1-1024x681.jpg\" alt=\"sviluppatori RPA\" class=\"wp-image-15112\" srcset=\"https:\/\/www.directimpactsolutions.com\/wp-content\/uploads\/2023\/08\/glenn-carstens-peters-npxXWgQ33ZQ-unsplash-1-1024x681.jpg 1024w, https:\/\/www.directimpactsolutions.com\/wp-content\/uploads\/2023\/08\/glenn-carstens-peters-npxXWgQ33ZQ-unsplash-1-300x200.jpg 300w, https:\/\/www.directimpactsolutions.com\/wp-content\/uploads\/2023\/08\/glenn-carstens-peters-npxXWgQ33ZQ-unsplash-1-768x511.jpg 768w, https:\/\/www.directimpactsolutions.com\/wp-content\/uploads\/2023\/08\/glenn-carstens-peters-npxXWgQ33ZQ-unsplash-1-1536x1022.jpg 1536w, https:\/\/www.directimpactsolutions.com\/wp-content\/uploads\/2023\/08\/glenn-carstens-peters-npxXWgQ33ZQ-unsplash-1-2048x1363.jpg 2048w, https:\/\/www.directimpactsolutions.com\/wp-content\/uploads\/2023\/08\/glenn-carstens-peters-npxXWgQ33ZQ-unsplash-1-600x399.jpg 600w\" sizes=\"auto, (max-width: 1024px) 100vw, 1024px\" \/><\/figure><\/div>\n\n<div class=\"wp-block-uagb-container uagb-block-dac06be8\"><div class=\"inherit-container-width wp-block-group is-layout-constrained wp-block-group-is-layout-constrained\"><h3 class=\"wp-block-heading\"><strong>Estrazione e ottimizzazione dei processi<\/strong><\/h3>\n\n<p>Un aspetto importante dello sviluppo dell&#8217;RDA \u00e8 la visualizzazione e l&#8217;analisi dei flussi di processo. Le nostre profonde competenze ci permettono di diagnosticare, analizzare, monitorare e controllare il quadro generale. Di conseguenza, identifichiamo le aree migliori per il miglioramento dei processi. Il nostro obiettivo \u00e8 tagliare gli errori, le inefficienze e i colli di bottiglia per ottenere la massima efficienza possibile.    <\/p>\n\n<p><\/p>\n\n<h3 class=\"wp-block-heading\"><strong>Creazione di bot e sistemi RPA <\/strong><\/h3>\n\n<p>In base alle tue esigenze specifiche, i nostri sviluppatori RPA possono sviluppare bot RPA personalizzati. Questi bot eseguono processi diversi come la generazione, la manipolazione dei dati, le risorse umane, la reportistica e la finanza. In qualit\u00e0 di esperti qualificati e dedicati, le nostre soluzioni di automazione assistita\/non assistita possono integrarsi con le tue tecnologie esistenti. Assumi sviluppatori RPA per progettare e implementare robot software efficaci in grado di imitare diverse azioni umane con una velocit\u00e0 e una precisione senza precedenti.   <\/p><\/div><\/div><\/div><\/div><div class=\"wp-block-uagb-container uagb-block-180b1dfe alignfull uagb-is-root-container\"><div class=\"uagb-container-inner-blocks-wrap\"><div class=\"wp-block-uagb-container uagb-block-933dfc38\"><div class=\"inherit-container-width wp-block-group is-layout-constrained wp-block-group-is-layout-constrained\"><h3 class=\"wp-block-heading\"><strong>Integrazione RPA <\/strong><\/h3>\n\n<p>Abbiamo una vasta esperienza nel low-code, nell&#8217;AI e nell&#8217;apprendimento automatico. Questo significa che possiamo individuare il modo migliore per automatizzare i processi senza interruzioni o tempi morti. Assumiamo sviluppatori RPA pronti a sviluppare soluzioni di automazione personalizzate ed efficaci. Spesso questo richiede lo sviluppo di bot personalizzati o la combinazione di soluzioni personalizzate come UiPath, Automation Anywhere e Blue Prism. Alla fine, potrai contare su un processo di sviluppo RPA che offre controllo e agilit\u00e0 completi.     <\/p>\n\n<h3 class=\"wp-block-heading\"><strong>Automazione intelligente dei processi<\/strong><\/h3>\n\n<p>Implementiamo soluzioni di automazione intelligente dei processi che sfruttano l&#8217;intelligenza artificiale. In questo modo, le soluzioni tecnologiche RPA si arricchiscono della potenza del lavoro autonomo. I sistemi IPA offrono opportunit\u00e0 di lavoro ad alto volume che imparano dagli incidenti storici. Nessun intervento umano costante.    <\/p>\n\n<h3 class=\"wp-block-heading\"><strong>Servizi gestiti RPA <\/strong><\/h3>\n\n<p>Oltre all&#8217;implementazione, puoi affidarti a noi per la gestione dei tuoi sistemi RPA. Questo supporto continuer\u00e0 a far funzionare i tuoi sistemi RPA in modo efficiente per sfruttare al meglio le tue soluzioni automatizzate. Integrando i nostri sistemi con i tuoi sistemi di ticketing, tracceremo e monitoreremo i tuoi sistemi RPA. I nostri servizi gestiti RPA ti assicurano il meglio in termini di riduzione del rischio, risoluzione rapida degli incidenti e massima operativit\u00e0.   <\/p><\/div><\/div>\n\n<div class=\"wp-block-uagb-container uagb-block-9cf25669\"><figure class=\"wp-block-image size-large is-resized\"><img loading=\"lazy\" decoding=\"async\" src=\"https:\/\/www.directimpactsolutions.com\/wp-content\/uploads\/2023\/09\/niclas-illg-FJ5e_2f96h4-unsplash-683x1024.jpg\" alt=\"sviluppatori RPA\" class=\"wp-image-15262\" style=\"width:398px;height:597px\" width=\"398\" height=\"597\" srcset=\"https:\/\/www.directimpactsolutions.com\/wp-content\/uploads\/2023\/09\/niclas-illg-FJ5e_2f96h4-unsplash-683x1024.jpg 683w, https:\/\/www.directimpactsolutions.com\/wp-content\/uploads\/2023\/09\/niclas-illg-FJ5e_2f96h4-unsplash-200x300.jpg 200w, https:\/\/www.directimpactsolutions.com\/wp-content\/uploads\/2023\/09\/niclas-illg-FJ5e_2f96h4-unsplash-768x1152.jpg 768w, https:\/\/www.directimpactsolutions.com\/wp-content\/uploads\/2023\/09\/niclas-illg-FJ5e_2f96h4-unsplash-1024x1536.jpg 1024w, https:\/\/www.directimpactsolutions.com\/wp-content\/uploads\/2023\/09\/niclas-illg-FJ5e_2f96h4-unsplash-1365x2048.jpg 1365w, https:\/\/www.directimpactsolutions.com\/wp-content\/uploads\/2023\/09\/niclas-illg-FJ5e_2f96h4-unsplash-600x900.jpg 600w, https:\/\/www.directimpactsolutions.com\/wp-content\/uploads\/2023\/09\/niclas-illg-FJ5e_2f96h4-unsplash-scaled.jpg 1707w\" sizes=\"auto, (max-width: 398px) 100vw, 398px\" \/><\/figure><\/div><\/div><\/div><div style=\"height:80px\" aria-hidden=\"true\" class=\"wp-block-spacer\"><\/div><div class=\"wp-block-uagb-container uagb-block-7e2a8aa9 alignfull uagb-is-root-container\"><div class=\"uagb-container-inner-blocks-wrap\"><div class=\"wp-block-uagb-container uagb-block-38950bdb\"><div class=\"inherit-container-width wp-block-group is-layout-constrained wp-block-group-is-layout-constrained\"><h3 class=\"wp-block-heading has-text-align-center has-ast-global-color-2-color has-text-color\"><strong>Assumi sviluppatori RPA oggi stesso<\/strong><\/h3>\n\n<p> In qualit\u00e0 di specialisti dell&#8217;automazione, siamo pronti a sostenere il tuo percorso di trasformazione. Sperimenta un&#8217;automazione semplificata grazie all&#8217;aiuto di esperti. In qualit\u00e0 di tuo partner strategico, ci impegniamo al massimo per rimodellare il tuo modo di fare business.  <\/p><\/div><\/div><\/div><\/div><div style=\"height:80px\" aria-hidden=\"true\" class=\"wp-block-spacer\"><\/div><hr class=\"wp-block-separator aligncenter has-alpha-channel-opacity is-style-wide\"\/>","protected":false},"excerpt":{"rendered":"<p>Raggiungi l&#8217;eccellenza operativa con i migliori sviluppatori RPA Ottimizza le capacit\u00e0 aziendali con solidi servizi di sviluppo RPA end-to-end. I nostri sviluppatori RPA combinano l&#8217;esperienza nelle capacit\u00e0 IT aziendali e nelle tecnologie RPA di nuova generazione. Le nostre soluzioni trasformano i processi di routine in flussi di lavoro automatizzati che danno forma al futuro della &hellip;<\/p>\n<p class=\"read-more\"> <a class=\"\" href=\"https:\/\/www.directimpactsolutions.com\/it\/sviluppatori-rpa\/\"> <span class=\"screen-reader-text\">sviluppatori RPA<\/span> Leggi altro &raquo;<\/a><\/p>\n","protected":false},"author":13,"featured_media":0,"parent":0,"menu_order":0,"comment_status":"closed","ping_status":"closed","template":"","meta":{"inline_featured_image":false,"_uag_custom_page_level_css":"","site-sidebar-layout":"default","site-content-layout":"","ast-site-content-layout":"default","site-content-style":"default","site-sidebar-style":"default","ast-global-header-display":"","ast-banner-title-visibility":"","ast-main-header-display":"","ast-hfb-above-header-display":"","ast-hfb-below-header-display":"","ast-hfb-mobile-header-display":"","site-post-title":"disabled","ast-breadcrumbs-content":"","ast-featured-img":"","footer-sml-layout":"","theme-transparent-header-meta":"","adv-header-id-meta":"","stick-header-meta":"","header-above-stick-meta":"","header-main-stick-meta":"","header-below-stick-meta":"","astra-migrate-meta-layouts":"","footnotes":""},"class_list":["post-17861","page","type-page","status-publish","hentry"],"uagb_featured_image_src":{"full":false,"thumbnail":false,"medium":false,"medium_large":false,"large":false,"1536x1536":false,"2048x2048":false,"woocommerce_thumbnail":false,"woocommerce_single":false,"woocommerce_gallery_thumbnail":false},"uagb_author_info":{"display_name":"Ozzi","author_link":"https:\/\/www.directimpactsolutions.com\/it\/author\/ozzi\/"},"uagb_comment_info":0,"uagb_excerpt":"Raggiungi l&#8217;eccellenza operativa con i migliori sviluppatori RPA Ottimizza le capacit\u00e0 aziendali con solidi servizi di sviluppo RPA end-to-end. I nostri sviluppatori RPA combinano l&#8217;esperienza nelle capacit\u00e0 IT aziendali e nelle tecnologie RPA di nuova generazione. Le nostre soluzioni trasformano i processi di routine in flussi di lavoro automatizzati che danno forma al futuro della&hellip;","_links":{"self":[{"href":"https:\/\/www.directimpactsolutions.com\/it\/wp-json\/wp\/v2\/pages\/17861","targetHints":{"allow":["GET"]}}],"collection":[{"href":"https:\/\/www.directimpactsolutions.com\/it\/wp-json\/wp\/v2\/pages"}],"about":[{"href":"https:\/\/www.directimpactsolutions.com\/it\/wp-json\/wp\/v2\/types\/page"}],"author":[{"embeddable":true,"href":"https:\/\/www.directimpactsolutions.com\/it\/wp-json\/wp\/v2\/users\/13"}],"replies":[{"embeddable":true,"href":"https:\/\/www.directimpactsolutions.com\/it\/wp-json\/wp\/v2\/comments?post=17861"}],"version-history":[{"count":1,"href":"https:\/\/www.directimpactsolutions.com\/it\/wp-json\/wp\/v2\/pages\/17861\/revisions"}],"predecessor-version":[{"id":17862,"href":"https:\/\/www.directimpactsolutions.com\/it\/wp-json\/wp\/v2\/pages\/17861\/revisions\/17862"}],"wp:attachment":[{"href":"https:\/\/www.directimpactsolutions.com\/it\/wp-json\/wp\/v2\/media?parent=17861"}],"curies":[{"name":"wp","href":"https:\/\/api.w.org\/{rel}","templated":true}]}}