{"id":17864,"date":"2024-08-08T23:16:51","date_gmt":"2024-08-08T23:16:51","guid":{"rendered":"https:\/\/www.directimpactsolutions.com\/strumenti-rpa\/"},"modified":"2024-08-08T23:16:52","modified_gmt":"2024-08-08T23:16:52","slug":"strumenti-rpa","status":"publish","type":"page","link":"https:\/\/www.directimpactsolutions.com\/it\/strumenti-rpa\/","title":{"rendered":"strumenti rpa"},"content":{"rendered":"<div class=\"wp-block-uagb-container uagb-block-0468e4fa alignfull uagb-is-root-container\"><div class=\"uagb-container__shape uagb-container__shape-bottom uagb-container__invert\" data-negative=\"false\"><svg xmlns=\"https:\/\/www.w3.org\/2000\/svg\" viewBox=\"0 0 1000 100\" preserveAspectRatio=\"none\"><path class=\"uagb-container__shape-fill\" d=\"M500,98.9L0,6.1V0h1000v6.1L500,98.9z\"><\/path><\/svg><\/div><div class=\"uagb-container-inner-blocks-wrap\"><div style=\"height:40px\" aria-hidden=\"true\" class=\"wp-block-spacer\"><\/div>\n\n<h1 class=\"wp-block-heading has-ast-global-color-1-color has-text-color\" style=\"font-style:normal;font-weight:400\"><strong>Potenzia la tua azienda con i nostri strumenti RPA per un&#8217;automazione senza interruzione<\/strong><\/h1>\n\n<p class=\"has-ast-global-color-1-color has-text-color\">Ottieni la possibilit\u00e0 di trasformare la tua azienda con l&#8217;aiuto dei nostri strumenti di automazione RPA. Questi strumenti di automazione robotizzata RPA consentono alle aziende di snellire i flussi di lavoro, di eliminare le attivit\u00e0 ripetitive e di aprire nuove opportunit\u00e0 per incrementare la produttivit\u00e0 dell&#8217;azienda. <\/p>\n\n<div style=\"height:40px\" aria-hidden=\"true\" class=\"wp-block-spacer\"><\/div><\/div><\/div><div style=\"height:0px\" aria-hidden=\"true\" class=\"wp-block-spacer\"><\/div><div style=\"height:80px\" aria-hidden=\"true\" class=\"wp-block-spacer\"><\/div><h2 class=\"wp-block-heading\" style=\"font-style:normal;font-weight:400\">Sbloccare l&#8217;eccellenza del futuro: Abbracciare l&#8217;automazione RPA per una trasformazione strategica<\/h2><p> <\/p><p>Immagina di lavorare in uno spazio di lavoro futuro in cui tutta la tua forza lavoro si concentra su iniziative strategiche, senza preoccuparsi delle attivit\u00e0 di routine che saranno facilmente gestite dai nostri bot intelligenti. Che si tratti di migliorare l&#8217;esperienza dei clienti, di accelerare gli approfondimenti basati sui dati o di ridefinire l&#8217;intero processo centrale della tua azienda, i nostri strumenti RPA sono qui per cambiare le carte in tavola.  <\/p><p>\u00c8 arrivato il momento di dire addio al flusso di lavoro tradizionale e di unirti alle nostre eccezionali soluzioni RPA, quindi non aspettare oltre. Unisciti a noi e sfrutta il potenziale dei nostri strumenti di automazione RPA: siamo qui per aiutarti a guidare la tua organizzazione verso un&#8217;eccellenza senza precedenti.   <\/p><p><\/p><p> <\/p><h2 class=\"wp-block-heading\" style=\"font-style:normal;font-weight:400\"><strong>Come funziona uno strumento RPA per la crescita della tua azienda:<\/strong><\/h2><p> <\/p><div class=\"wp-block-uagb-container uagb-block-5a12bbfb alignfull uagb-is-root-container\"><div class=\"uagb-container-inner-blocks-wrap\"><div class=\"wp-block-uagb-container uagb-block-044d8300\"><div class=\"wp-block-uagb-info-box uagb-block-9e3b9841 uagb-infobox__content-wrap  uagb-infobox-icon-above-title uagb-infobox-image-valign-top\"><div class=\"uagb-ifb-content\"><div class=\"uagb-ifb-icon-wrap\"><svg xmlns=\"https:\/\/www.w3.org\/2000\/svg\" viewbox=\"0 0 448 512\"><path d=\"M323.5 51.25C302.8 70.5 284 90.75 267.4 111.1C240.1 73.62 206.2 35.5 168 0C69.75 91.12 0 210 0 281.6C0 408.9 100.2 512 224 512s224-103.1 224-230.4C448 228.4 396 118.5 323.5 51.25zM304.1 391.9C282.4 407 255.8 416 226.9 416c-72.13 0-130.9-47.73-130.9-125.2c0-38.63 24.24-72.64 72.74-130.8c7 8 98.88 125.4 98.88 125.4l58.63-66.88c4.125 6.75 7.867 13.52 11.24 19.9C364.9 290.6 353.4 357.4 304.1 391.9z\"><\/path><\/svg><\/div><div class=\"uagb-ifb-title-wrap\"><h3 class=\"uagb-ifb-title\"><strong>Mappatura e progettazione dei processi:<\/strong><\/h3><\/div><p class=\"uagb-ifb-desc\">La prima fase dell&#8217;automazione RPA parte dall&#8217;analisi e dalla comprensione del processo. Nella fase successiva, gli strumenti RPA aggiungono azioni specifiche, input, output ed eccezioni alla forza lavoro. Questo processo verr\u00e0 eseguito entrando in contatto con gli esperti della materia per mappare accuratamente l&#8217;intero processo. Dopodich\u00e9, potrai procedere con la creazione di un flusso di lavoro che descriva perfettamente le azioni che il bot RPA eseguir\u00e0.   <br\/><\/p><\/div><\/div><\/div>\n\n<div class=\"wp-block-uagb-container uagb-block-5425c505\"><div class=\"wp-block-uagb-info-box uagb-block-79bf4f31 uagb-infobox__content-wrap  uagb-infobox-icon-above-title uagb-infobox-image-valign-top\"><div class=\"uagb-ifb-content\"><div class=\"uagb-ifb-icon-wrap\"><svg xmlns=\"https:\/\/www.w3.org\/2000\/svg\" viewbox=\"0 0 448 512\"><path d=\"M448 48V384C385 407 366 416 329 416C266 416 242 384 179 384C159 384 143 388 128 392V328C143 324 159 320 179 320C242 320 266 352 329 352C349 352 364 349 384 343V135C364 141 349 144 329 144C266 144 242 112 179 112C128 112 104 133 64 141V448C64 466 50 480 32 480S0 466 0 448V64C0 46 14 32 32 32S64 46 64 64V77C104 69 128 48 179 48C242 48 266 80 329 80C366 80 385 71 448 48z\"><\/path><\/svg><\/div><div class=\"uagb-ifb-title-wrap\"><h3 class=\"uagb-ifb-title\"><strong>Configurazione e automazione del bot:<\/strong><\/h3><\/div><p class=\"uagb-ifb-desc\">Una volta tracciato l&#8217;intero processo, il software RPA inizier\u00e0 ad accedere alle applicazioni, ai database e ai sistemi necessari. Gli strumenti RPA sono progettati appositamente per interagire con l&#8217;interfaccia utente e gestire gli errori. La parte migliore \u00e8 che il tuo sviluppatore pu\u00f2 impostare le regole e le condizioni che il bot dovr\u00e0 seguire. Avrai anche la possibilit\u00e0 di guidare il bot su come gestire le eccezioni e gli errori.   <br\/><\/p><\/div><\/div><\/div>\n\n<div class=\"wp-block-uagb-container uagb-block-a3c11fba\"><div class=\"wp-block-uagb-info-box uagb-block-7601a5d2 uagb-infobox__content-wrap  uagb-infobox-icon-above-title uagb-infobox-image-valign-top\"><div class=\"uagb-ifb-content\"><div class=\"uagb-ifb-icon-wrap\"><svg xmlns=\"https:\/\/www.w3.org\/2000\/svg\" viewbox=\"0 0 640 512\"><path d=\"M9.375 233.4C3.375 239.4 0 247.5 0 256v128c0 8.5 3.375 16.62 9.375 22.62S23.5 416 32 416h32V224H32C23.5 224 15.38 227.4 9.375 233.4zM464 96H352V32c0-17.62-14.38-32-32-32S288 14.38 288 32v64H176C131.8 96 96 131.8 96 176V448c0 35.38 28.62 64 64 64h320c35.38 0 64-28.62 64-64V176C544 131.8 508.3 96 464 96zM256 416H192v-32h64V416zM224 296C201.9 296 184 278.1 184 256S201.9 216 224 216S264 233.9 264 256S246.1 296 224 296zM352 416H288v-32h64V416zM448 416h-64v-32h64V416zM416 296c-22.12 0-40-17.88-40-40S393.9 216 416 216S456 233.9 456 256S438.1 296 416 296zM630.6 233.4C624.6 227.4 616.5 224 608 224h-32v192h32c8.5 0 16.62-3.375 22.62-9.375S640 392.5 640 384V256C640 247.5 636.6 239.4 630.6 233.4z\"><\/path><\/svg><\/div><div class=\"uagb-ifb-title-wrap\"><h3 class=\"uagb-ifb-title\"><strong>Esecuzione, monitoraggio e manutenzione:<\/strong><\/h3><\/div><p class=\"uagb-ifb-desc\">Una volta che il bot \u00e8 stato completamente configurato, lo strumento di automazione RPA inizier\u00e0 a funzionare e a interagire con le varie applicazioni. Lo strumento RPA avviser\u00e0 la persona interessata affinch\u00e9 intraprenda le azioni appropriate in caso di errori. Gli strumenti RPA sono progettati anche per concentrarsi sul monitoraggio e sulla manutenzione continua. Inoltre, con l&#8217;aiuto di verifiche e ottimizzazioni regolari, puoi assicurarti che il tuo bot sia aggiornato con tutti i requisiti pi\u00f9 recenti e che funzioni secondo le tue aspettative.   <\/p><\/div><\/div><\/div><\/div><\/div><div style=\"height:50px\" aria-hidden=\"true\" class=\"wp-block-spacer\"><\/div><div class=\"wp-block-buttons is-content-justification-center is-layout-flex wp-container-core-buttons-is-layout-a89b3969 wp-block-buttons-is-layout-flex\"><div class=\"wp-block-button has-custom-width wp-block-button__width-25\"><a class=\"wp-block-button__link wp-element-button\" href=\"https:\/\/www.directimpactsolutions.com\/en\/contact-us\/\"><strong>Contattaci <\/strong><\/a><\/div><\/div><div style=\"height:80px\" aria-hidden=\"true\" class=\"wp-block-spacer\"><\/div><h2 class=\"wp-block-heading\" style=\"font-style:normal;font-weight:400\"><strong>Vantaggi dell&#8217;integrazione degli strumenti RPA nelle tue operazioni aziendali:<\/strong><\/h2><div class=\"wp-block-uagb-container uagb-block-55117e17 alignfull uagb-is-root-container\"><div class=\"uagb-container-inner-blocks-wrap\"><div class=\"wp-block-uagb-container uagb-block-ce5cb8db\"><div class=\"inherit-container-width wp-block-group is-layout-constrained wp-block-group-is-layout-constrained\"><h3 class=\"wp-block-heading\"><strong><strong>Maggiore efficienza operativa:<\/strong><\/strong><\/h3>\n\n<p>Questi strumenti di automazione RPA eccellono nel gestire ed eliminare in modo efficiente le attivit\u00e0 basate su regole che spesso consumano molto tempo e fatica. Una volta automatizzate queste attivit\u00e0, potrai concentrarti completamente su un approccio strategico per incrementare il successo complessivo della tua azienda.  <\/p>\n\n<p>Che si tratti di un&#8217;attivit\u00e0 semplice come l&#8217;inserimento di dati o di un&#8217;attivit\u00e0 complessa come l&#8217;onboarding dei clienti, questi strumenti RPA sono progettati per gestire tutte queste attivit\u00e0 in modo efficiente ed efficace. Gli strumenti RPA sono progettati per seguire un approccio semplificato che sicuramente aiuter\u00e0 le aziende a ridurre gli errori, a potenziare i processi e a migliorare l&#8217;efficienza operativa complessiva di qualsiasi spazio di lavoro. <\/p>\n\n<h3 class=\"wp-block-heading\"><strong>Risparmio di costi e allocazione delle risorse:<\/strong><\/h3>\n\n<p>Con l&#8217;aiuto degli strumenti RPA, puoi automatizzare completamente le attivit\u00e0 che altrimenti richiederebbero l&#8217;intervento umano. In questo modo, potrai ridurre i costi di manodopera, minimizzare gli errori umani e aumentare la produttivit\u00e0 complessiva.  <\/p>\n\n<p>Gli strumenti di automazione RPA sono progettati per fornire le migliori soluzioni possibili per la crescita della tua organizzazione. Svolgendo un ruolo fondamentale nell&#8217;allocazione e nella gestione delle risorse, questi strumenti RPA ti aiutano a risparmiare sulle spese aziendali. Questi strumenti RPA sono diretti a fornire soluzioni scalabili a tutti i proprietari di aziende.   <\/p>\n\n<p>\u00a0<\/p><\/div><\/div>\n\n<div class=\"wp-block-uagb-container uagb-block-e2bf438c\"><figure class=\"wp-block-image size-large\"><img loading=\"lazy\" decoding=\"async\" width=\"819\" height=\"1024\" src=\"https:\/\/www.directimpactsolutions.com\/wp-content\/uploads\/2023\/09\/andras-vas-Bd7gNnWJBkU-unsplash-819x1024.jpg\" alt=\"strumenti rpa\" class=\"wp-image-15196\" srcset=\"https:\/\/www.directimpactsolutions.com\/wp-content\/uploads\/2023\/09\/andras-vas-Bd7gNnWJBkU-unsplash-819x1024.jpg 819w, https:\/\/www.directimpactsolutions.com\/wp-content\/uploads\/2023\/09\/andras-vas-Bd7gNnWJBkU-unsplash-240x300.jpg 240w, https:\/\/www.directimpactsolutions.com\/wp-content\/uploads\/2023\/09\/andras-vas-Bd7gNnWJBkU-unsplash-768x960.jpg 768w, https:\/\/www.directimpactsolutions.com\/wp-content\/uploads\/2023\/09\/andras-vas-Bd7gNnWJBkU-unsplash-1229x1536.jpg 1229w, https:\/\/www.directimpactsolutions.com\/wp-content\/uploads\/2023\/09\/andras-vas-Bd7gNnWJBkU-unsplash-1638x2048.jpg 1638w, https:\/\/www.directimpactsolutions.com\/wp-content\/uploads\/2023\/09\/andras-vas-Bd7gNnWJBkU-unsplash-600x750.jpg 600w, https:\/\/www.directimpactsolutions.com\/wp-content\/uploads\/2023\/09\/andras-vas-Bd7gNnWJBkU-unsplash-scaled.jpg 2048w\" sizes=\"auto, (max-width: 819px) 100vw, 819px\" \/><\/figure><\/div>\n\n<div style=\"height:25px\" aria-hidden=\"true\" class=\"wp-block-spacer\"><\/div>\n\n<div class=\"wp-block-uagb-container uagb-block-6c8addbf\"><figure class=\"wp-block-image alignfull size-large\"><img loading=\"lazy\" decoding=\"async\" width=\"1024\" height=\"683\" src=\"https:\/\/www.directimpactsolutions.com\/wp-content\/uploads\/2023\/09\/markus-spiske-hbb6GkG6p9M-unsplash-1024x683.jpg\" alt=\"strumenti rpa\" class=\"wp-image-15206\" srcset=\"https:\/\/www.directimpactsolutions.com\/wp-content\/uploads\/2023\/09\/markus-spiske-hbb6GkG6p9M-unsplash-1024x683.jpg 1024w, https:\/\/www.directimpactsolutions.com\/wp-content\/uploads\/2023\/09\/markus-spiske-hbb6GkG6p9M-unsplash-300x200.jpg 300w, https:\/\/www.directimpactsolutions.com\/wp-content\/uploads\/2023\/09\/markus-spiske-hbb6GkG6p9M-unsplash-768x512.jpg 768w, https:\/\/www.directimpactsolutions.com\/wp-content\/uploads\/2023\/09\/markus-spiske-hbb6GkG6p9M-unsplash-1536x1024.jpg 1536w, https:\/\/www.directimpactsolutions.com\/wp-content\/uploads\/2023\/09\/markus-spiske-hbb6GkG6p9M-unsplash-2048x1365.jpg 2048w, https:\/\/www.directimpactsolutions.com\/wp-content\/uploads\/2023\/09\/markus-spiske-hbb6GkG6p9M-unsplash-600x400.jpg 600w\" sizes=\"auto, (max-width: 1024px) 100vw, 1024px\" \/><\/figure><\/div>\n\n<div class=\"wp-block-uagb-container uagb-block-ffedcb7b\"><div class=\"inherit-container-width wp-block-group is-layout-constrained wp-block-group-is-layout-constrained\"><h3 class=\"wp-block-heading\"><strong>Riduzione degli errori e conformit\u00e0:<\/strong><\/h3>\n\n<p>Con l&#8217;aiuto degli strumenti di automazione RPA, puoi ridurre le possibilit\u00e0 di errore perch\u00e9 sono noti per operare con la massima precisione. Questi strumenti RPA lavorano con successo per ridurre gli errori e garantire il massimo livello di accuratezza.  <\/p>\n\n<p>I nostri strumenti di automazione RPA sono appositamente programmati per aderire rigorosamente a tutte le linee guida specifiche e garantire che ogni fase del processo sia progettata nel giusto ordine e conforme ai migliori standard del settore.<\/p>\n\n<h3 class=\"wp-block-heading\"><strong><strong>Scalabilit\u00e0 e flessibilit\u00e0:<\/strong> <\/strong><\/h3>\n\n<p>Con l&#8217;obiettivo di aiutare le aziende a scalare verso una crescita senza fine, gli strumenti di automazione RPA sono progettati per rivoluzionare le operazioni aziendali e aprire la strada al successo di qualsiasi impresa. <\/p>\n\n<p>La scalabilit\u00e0 e la flessibilit\u00e0 sono molto apprezzate nelle operazioni aziendali dinamiche, in cui vi \u00e8 un&#8217;elevata richiesta di evoluzione dei processi nel tempo. Questi strumenti RPA possono essere integrati con successo per gestire il carico di lavoro principale del tuo spazio di lavoro automatizzando singoli processi e l&#8217;intero flusso di lavoro. <\/p><\/div><\/div><\/div><\/div><div style=\"height:50px\" aria-hidden=\"true\" class=\"wp-block-spacer\"><\/div><div class=\"wp-block-uagb-container uagb-block-815abf90 alignfull uagb-is-root-container\"><div class=\"uagb-container-inner-blocks-wrap\"><div class=\"wp-block-uagb-container uagb-block-b6ab7efd\"><div class=\"inherit-container-width wp-block-group is-layout-constrained wp-block-group-is-layout-constrained\"><h3 class=\"wp-block-heading\"><strong>Audit Trail:<\/strong><\/h3>\n\n<p>L&#8217;aspetto migliore di questi strumenti RPA \u00e8 che consentono alle aziende di gestire l&#8217;intero audit trail delle attivit\u00e0 automatizzate. Questi efficienti strumenti di automazione RPA sono orgogliosi di offrire una completa trasparenza delle operazioni aziendali e di semplificare l&#8217;intero processo di revisione della tua azienda.  <\/p>\n\n<p>Gli audit trail degli strumenti di automazione RPA sono considerati una fonte di prova affidabile che mostra in modo trasparente i processi eseguiti seguendo tutti gli standard del settore e le linee guida legali.<\/p><\/div><\/div>\n\n<div class=\"wp-block-uagb-container uagb-block-706d839e\"><figure class=\"wp-block-image alignfull size-large\"><img loading=\"lazy\" decoding=\"async\" width=\"1024\" height=\"683\" src=\"https:\/\/www.directimpactsolutions.com\/wp-content\/uploads\/2023\/09\/shahadat-rahman-gnyA8vd3Otc-unsplash-1024x683.jpg\" alt=\"rpa\" class=\"wp-image-15203\" srcset=\"https:\/\/www.directimpactsolutions.com\/wp-content\/uploads\/2023\/09\/shahadat-rahman-gnyA8vd3Otc-unsplash-1024x683.jpg 1024w, https:\/\/www.directimpactsolutions.com\/wp-content\/uploads\/2023\/09\/shahadat-rahman-gnyA8vd3Otc-unsplash-300x200.jpg 300w, https:\/\/www.directimpactsolutions.com\/wp-content\/uploads\/2023\/09\/shahadat-rahman-gnyA8vd3Otc-unsplash-768x512.jpg 768w, https:\/\/www.directimpactsolutions.com\/wp-content\/uploads\/2023\/09\/shahadat-rahman-gnyA8vd3Otc-unsplash-1536x1024.jpg 1536w, https:\/\/www.directimpactsolutions.com\/wp-content\/uploads\/2023\/09\/shahadat-rahman-gnyA8vd3Otc-unsplash-2048x1365.jpg 2048w, https:\/\/www.directimpactsolutions.com\/wp-content\/uploads\/2023\/09\/shahadat-rahman-gnyA8vd3Otc-unsplash-600x400.jpg 600w\" sizes=\"auto, (max-width: 1024px) 100vw, 1024px\" \/><\/figure><\/div><\/div><\/div><div style=\"height:50px\" aria-hidden=\"true\" class=\"wp-block-spacer\"><\/div><h2 class=\"wp-block-heading\" style=\"font-style:normal;font-weight:400\"><strong>Mettiti in contatto con noi e prova subito i nostri strumenti RPA!<\/strong><\/h2><p>Mettiti in contatto con noi e prova subito i nostri strumenti RPA per ottimizzare il tuo flusso di lavoro. Ti assicuriamo che i nostri strumenti RPA si riveleranno il miglior investimento per la tua azienda. Non bloccare pi\u00f9 la crescita della tua azienda. <\/p><div style=\"height:25px\" aria-hidden=\"true\" class=\"wp-block-spacer\"><\/div><h2 class=\"wp-block-heading\" style=\"font-style:normal;font-weight:400\"><strong><strong>Accelera la crescita della tua azienda con i migliori strumenti RPA<\/strong><\/strong><\/h2><p>Vuoi portare la tua azienda alle vette del successo? Allora non aspettare oltre! <br\/>Contattaci subito e prova i nostri strumenti di automazione dei processi robotici RPA nella tua strategia aziendale per ottenere vantaggi trasformativi.<\/p><div style=\"height:80px\" aria-hidden=\"true\" class=\"wp-block-spacer\"><\/div><div class=\"wp-block-uagb-container uagb-block-7e2a8aa9 alignfull uagb-is-root-container\"><div class=\"uagb-container-inner-blocks-wrap\"><div class=\"wp-block-uagb-container uagb-block-3fc861da alignfull uagb-is-root-container\"><div class=\"uagb-container-inner-blocks-wrap\"><div class=\"wp-block-uagb-container uagb-block-a15e2450\"><div class=\"inherit-container-width wp-block-group is-layout-constrained wp-block-group-is-layout-constrained\"><h3 class=\"wp-block-heading has-text-align-center has-ast-global-color-2-color has-text-color\"><strong>Ascoltate i nostri clienti soddisfatti!<\/strong><\/h3>\n\n<p>Con una serie di clienti soddisfatti, siamo orgogliosi di aiutare le aziende a crescere grazie ai nostri strumenti RPA altamente efficienti.<\/p><\/div><\/div><\/div><\/div><\/div><\/div><div style=\"height:80px\" aria-hidden=\"true\" class=\"wp-block-spacer\"><\/div><hr class=\"wp-block-separator has-alpha-channel-opacity is-style-wide\"\/>","protected":false},"excerpt":{"rendered":"<p>Potenzia la tua azienda con i nostri strumenti RPA per un&#8217;automazione senza interruzione Ottieni la possibilit\u00e0 di trasformare la tua azienda con l&#8217;aiuto dei nostri strumenti di automazione RPA. Questi strumenti di automazione robotizzata RPA consentono alle aziende di snellire i flussi di lavoro, di eliminare le attivit\u00e0 ripetitive e di aprire nuove opportunit\u00e0 per &hellip;<\/p>\n<p class=\"read-more\"> <a class=\"\" href=\"https:\/\/www.directimpactsolutions.com\/it\/strumenti-rpa\/\"> <span class=\"screen-reader-text\">strumenti rpa<\/span> Leggi altro &raquo;<\/a><\/p>\n","protected":false},"author":13,"featured_media":0,"parent":0,"menu_order":0,"comment_status":"closed","ping_status":"closed","template":"","meta":{"inline_featured_image":false,"_uag_custom_page_level_css":"","site-sidebar-layout":"default","site-content-layout":"","ast-site-content-layout":"default","site-content-style":"default","site-sidebar-style":"default","ast-global-header-display":"","ast-banner-title-visibility":"","ast-main-header-display":"","ast-hfb-above-header-display":"","ast-hfb-below-header-display":"","ast-hfb-mobile-header-display":"","site-post-title":"disabled","ast-breadcrumbs-content":"","ast-featured-img":"","footer-sml-layout":"","theme-transparent-header-meta":"","adv-header-id-meta":"","stick-header-meta":"","header-above-stick-meta":"","header-main-stick-meta":"","header-below-stick-meta":"","astra-migrate-meta-layouts":"","footnotes":""},"class_list":["post-17864","page","type-page","status-publish","hentry"],"uagb_featured_image_src":{"full":false,"thumbnail":false,"medium":false,"medium_large":false,"large":false,"1536x1536":false,"2048x2048":false,"woocommerce_thumbnail":false,"woocommerce_single":false,"woocommerce_gallery_thumbnail":false},"uagb_author_info":{"display_name":"Ozzi","author_link":"https:\/\/www.directimpactsolutions.com\/it\/author\/ozzi\/"},"uagb_comment_info":0,"uagb_excerpt":"Potenzia la tua azienda con i nostri strumenti RPA per un&#8217;automazione senza interruzione Ottieni la possibilit\u00e0 di trasformare la tua azienda con l&#8217;aiuto dei nostri strumenti di automazione RPA. Questi strumenti di automazione robotizzata RPA consentono alle aziende di snellire i flussi di lavoro, di eliminare le attivit\u00e0 ripetitive e di aprire nuove opportunit\u00e0 per&hellip;","_links":{"self":[{"href":"https:\/\/www.directimpactsolutions.com\/it\/wp-json\/wp\/v2\/pages\/17864","targetHints":{"allow":["GET"]}}],"collection":[{"href":"https:\/\/www.directimpactsolutions.com\/it\/wp-json\/wp\/v2\/pages"}],"about":[{"href":"https:\/\/www.directimpactsolutions.com\/it\/wp-json\/wp\/v2\/types\/page"}],"author":[{"embeddable":true,"href":"https:\/\/www.directimpactsolutions.com\/it\/wp-json\/wp\/v2\/users\/13"}],"replies":[{"embeddable":true,"href":"https:\/\/www.directimpactsolutions.com\/it\/wp-json\/wp\/v2\/comments?post=17864"}],"version-history":[{"count":1,"href":"https:\/\/www.directimpactsolutions.com\/it\/wp-json\/wp\/v2\/pages\/17864\/revisions"}],"predecessor-version":[{"id":17865,"href":"https:\/\/www.directimpactsolutions.com\/it\/wp-json\/wp\/v2\/pages\/17864\/revisions\/17865"}],"wp:attachment":[{"href":"https:\/\/www.directimpactsolutions.com\/it\/wp-json\/wp\/v2\/media?parent=17864"}],"curies":[{"name":"wp","href":"https:\/\/api.w.org\/{rel}","templated":true}]}}