{"id":17943,"date":"2024-08-16T17:46:47","date_gmt":"2024-08-16T17:46:47","guid":{"rendered":"https:\/\/www.directimpactsolutions.com\/agenzia-di-sviluppo-web\/"},"modified":"2024-08-16T17:46:48","modified_gmt":"2024-08-16T17:46:48","slug":"agenzia-di-sviluppo-web","status":"publish","type":"page","link":"https:\/\/www.directimpactsolutions.com\/it\/agenzia-di-sviluppo-web\/","title":{"rendered":"agenzia di sviluppo web"},"content":{"rendered":"<div class=\"wp-block-uagb-container uagb-block-0468e4fa alignfull uagb-is-root-container\"><div class=\"uagb-container__shape uagb-container__shape-bottom uagb-container__invert\" data-negative=\"false\"><svg xmlns=\"https:\/\/www.w3.org\/2000\/svg\" viewBox=\"0 0 1000 100\" preserveAspectRatio=\"none\"><path class=\"uagb-container__shape-fill\" d=\"M500,98.9L0,6.1V0h1000v6.1L500,98.9z\"><\/path><\/svg><\/div><div class=\"uagb-container-inner-blocks-wrap\"><div style=\"height:40px\" aria-hidden=\"true\" class=\"wp-block-spacer\"><\/div>\n\n<h1 class=\"wp-block-heading has-ast-global-color-1-color has-text-color\" style=\"font-style:normal;font-weight:400\">Prova una crescita senza precedenti con un&#8217;<strong>agenzia di sviluppo web<\/strong> esperta<\/h1>\n\n<p class=\"has-ast-global-color-1-color has-text-color\">Direct Impact Solutions \u00e8 un&#8217;agenzia leader nello <strong>sviluppo di siti web personalizzati <\/strong>che offre soluzioni di sviluppo di applicazioni web dinamiche e scalabili per il tuo marchio. Aumenta la tua visibilit\u00e0 e la tua credibilit\u00e0 online ed entra in contatto con il tuo pubblico di riferimento grazie alle nostre soluzioni web personalizzate. <\/p>\n\n<div style=\"height:40px\" aria-hidden=\"true\" class=\"wp-block-spacer\"><\/div><\/div><\/div><div style=\"height:0px\" aria-hidden=\"true\" class=\"wp-block-spacer\"><\/div><div style=\"height:80px\" aria-hidden=\"true\" class=\"wp-block-spacer\"><\/div><h2 class=\"wp-block-heading\" style=\"font-style:normal;font-weight:400\">Rivoluziona la tua attivit\u00e0 con lo sviluppo di applicazioni web e mobili personalizzate<\/h2><p> Ottieni soluzioni digitali personalizzate per ottimizzare il tuo flusso di lavoro e far prosperare la tua attivit\u00e0. Serviamo aziende di diversi settori con le nostre soluzioni web e app mobile all&#8217;avanguardia. <\/p><div style=\"height:50px\" aria-hidden=\"true\" class=\"wp-block-spacer\"><\/div><div class=\"wp-block-uagb-container uagb-block-5a12bbfb alignfull uagb-is-root-container\"><div class=\"uagb-container-inner-blocks-wrap\"><div class=\"wp-block-uagb-container uagb-block-044d8300\"><div class=\"wp-block-uagb-info-box uagb-block-9e3b9841 uagb-infobox__content-wrap  uagb-infobox-icon-above-title uagb-infobox-image-valign-top\"><div class=\"uagb-ifb-content\"><div class=\"uagb-ifb-icon-wrap\"><svg xmlns=\"https:\/\/www.w3.org\/2000\/svg\" viewbox=\"0 0 448 512\"><path d=\"M433.1 129.1l-83.9-83.9C342.3 38.32 327.1 32 316.1 32H64C28.65 32 0 60.65 0 96v320c0 35.35 28.65 64 64 64h320c35.35 0 64-28.65 64-64V163.9C448 152.9 441.7 137.7 433.1 129.1zM224 416c-35.34 0-64-28.66-64-64s28.66-64 64-64s64 28.66 64 64S259.3 416 224 416zM320 208C320 216.8 312.8 224 304 224h-224C71.16 224 64 216.8 64 208v-96C64 103.2 71.16 96 80 96h224C312.8 96 320 103.2 320 112V208z\"><\/path><\/svg><\/div><div class=\"uagb-ifb-title-wrap\"><h3 class=\"uagb-ifb-title\"><strong><strong>Grande esperienza<\/strong><\/strong><\/h3><\/div><p class=\"uagb-ifb-desc\">In Direct Impact Solutions, i nostri sviluppatori e designer web di grande esperienza realizzano soluzioni innovative. In qualit\u00e0 di agenzia di sviluppo web leader negli Stati Uniti con 25 anni di esperienza, creiamo le migliori applicazioni della categoria che aiutano le aziende a superare le sfide tecniche e a raggiungere i loro obiettivi di marketing.<br\/>I nostri talenti hanno un&#8217;esperienza senza pari in tecnologie come Laravel, MySQL, FileMaker e PHP. Le sfruttiamo per creare applicazioni web sicure, facili da gestire e affidabili.  <br\/><\/p><\/div><\/div><\/div>\n\n<div class=\"wp-block-uagb-container uagb-block-5425c505\"><div class=\"wp-block-uagb-info-box uagb-block-79bf4f31 uagb-infobox__content-wrap  uagb-infobox-icon-above-title uagb-infobox-image-valign-top\"><div class=\"uagb-ifb-content\"><div class=\"uagb-ifb-icon-wrap\"><svg xmlns=\"https:\/\/www.w3.org\/2000\/svg\" viewbox=\"0 0 448 512\"><path d=\"M323.5 51.25C302.8 70.5 284 90.75 267.4 111.1C240.1 73.62 206.2 35.5 168 0C69.75 91.12 0 210 0 281.6C0 408.9 100.2 512 224 512s224-103.1 224-230.4C448 228.4 396 118.5 323.5 51.25zM304.1 391.9C282.4 407 255.8 416 226.9 416c-72.13 0-130.9-47.73-130.9-125.2c0-38.63 24.24-72.64 72.74-130.8c7 8 98.88 125.4 98.88 125.4l58.63-66.88c4.125 6.75 7.867 13.52 11.24 19.9C364.9 290.6 353.4 357.4 304.1 391.9z\"><\/path><\/svg><\/div><div class=\"uagb-ifb-title-wrap\"><h3 class=\"uagb-ifb-title\">Prospettive orientate al business<\/h3><\/div><p class=\"uagb-ifb-desc\">Prima di progettare e sviluppare le soluzioni, il nostro team si informa sui tuoi requisiti unici e intraprende un&#8217;analisi completa della concorrenza. Effettuiamo ricerche di mercato approfondite, in modo che il prodotto finale corrisponda ai tuoi obiettivi e soddisfi le aspettative dei tuoi clienti.<br\/>Puoi essere certo che le nostre app ti daranno un netto vantaggio competitivo sul mercato. Questo \u00e8 un altro motivo per cui i rapporti con i nostri clienti durano tutta la vita.  <br\/><\/p><\/div><\/div><\/div>\n\n<div class=\"wp-block-uagb-container uagb-block-a3c11fba\"><div class=\"wp-block-uagb-info-box uagb-block-7601a5d2 uagb-infobox__content-wrap  uagb-infobox-icon-above-title uagb-infobox-image-valign-top\"><div class=\"uagb-ifb-content\"><div class=\"uagb-ifb-icon-wrap\"><svg xmlns=\"https:\/\/www.w3.org\/2000\/svg\" viewbox=\"0 0 640 512\"><path d=\"M9.375 233.4C3.375 239.4 0 247.5 0 256v128c0 8.5 3.375 16.62 9.375 22.62S23.5 416 32 416h32V224H32C23.5 224 15.38 227.4 9.375 233.4zM464 96H352V32c0-17.62-14.38-32-32-32S288 14.38 288 32v64H176C131.8 96 96 131.8 96 176V448c0 35.38 28.62 64 64 64h320c35.38 0 64-28.62 64-64V176C544 131.8 508.3 96 464 96zM256 416H192v-32h64V416zM224 296C201.9 296 184 278.1 184 256S201.9 216 224 216S264 233.9 264 256S246.1 296 224 296zM352 416H288v-32h64V416zM448 416h-64v-32h64V416zM416 296c-22.12 0-40-17.88-40-40S393.9 216 416 216S456 233.9 456 256S438.1 296 416 296zM630.6 233.4C624.6 227.4 616.5 224 608 224h-32v192h32c8.5 0 16.62-3.375 22.62-9.375S640 392.5 640 384V256C640 247.5 636.6 239.4 630.6 233.4z\"><\/path><\/svg><\/div><div class=\"uagb-ifb-title-wrap\"><h3 class=\"uagb-ifb-title\"><strong><strong>Migliora la produttivit\u00e0 con le Progressive Web App (PWA)<\/strong><\/strong><\/h3><\/div><p class=\"uagb-ifb-desc\">La tua azienda ha un catalogo di prodotti? Forse stai cercando un&#8217;ottima alternativa alle web app tradizionali. Possiamo sviluppare web app altamente reattive con funzionalit\u00e0 specifiche per la piattaforma del tuo marchio.   <br\/><br\/>In qualit\u00e0 di agenzia leader nello <strong>sviluppo di web app<\/strong>, abbiamo realizzato numerose soluzioni in grado di funzionare a schermo intero, di cambiare l&#8217;orientamento del display, di iniziare con uno splash screen personalizzato, di accedere ai dati di localizzazione e molto altro ancora.<\/p><\/div><\/div><\/div>\n\n<div class=\"wp-block-uagb-container uagb-block-95b72b36\"><div class=\"wp-block-uagb-info-box uagb-block-43e66769 uagb-infobox__content-wrap  uagb-infobox-icon-above-title uagb-infobox-image-valign-top\"><div class=\"uagb-ifb-content\"><div class=\"uagb-ifb-icon-wrap\"><svg xmlns=\"https:\/\/www.w3.org\/2000\/svg\" viewbox=\"0 0 640 512\"><path d=\"M9.375 233.4C3.375 239.4 0 247.5 0 256v128c0 8.5 3.375 16.62 9.375 22.62S23.5 416 32 416h32V224H32C23.5 224 15.38 227.4 9.375 233.4zM464 96H352V32c0-17.62-14.38-32-32-32S288 14.38 288 32v64H176C131.8 96 96 131.8 96 176V448c0 35.38 28.62 64 64 64h320c35.38 0 64-28.62 64-64V176C544 131.8 508.3 96 464 96zM256 416H192v-32h64V416zM224 296C201.9 296 184 278.1 184 256S201.9 216 224 216S264 233.9 264 256S246.1 296 224 296zM352 416H288v-32h64V416zM448 416h-64v-32h64V416zM416 296c-22.12 0-40-17.88-40-40S393.9 216 416 216S456 233.9 456 256S438.1 296 416 296zM630.6 233.4C624.6 227.4 616.5 224 608 224h-32v192h32c8.5 0 16.62-3.375 22.62-9.375S640 392.5 640 384V256C640 247.5 636.6 239.4 630.6 233.4z\"><\/path><\/svg><\/div><div class=\"uagb-ifb-title-wrap\"><h3 class=\"uagb-ifb-title\"><strong>Ottenere e fidelizzare i clienti con un design e un&#8217;interfaccia utente reattivi<\/strong><\/h3><\/div><p class=\"uagb-ifb-desc\">La nostra progettazione di applicazioni web responsive consente alle applicazioni web di adattarsi agli schermi dei dispositivi mobili. Noi di Direct Impact Solutions creiamo esperienze web mobile-first che rispondono alle esigenze specifiche degli utenti mobili. Esse si adattano perfettamente alla qualit\u00e0 delle applicazioni mobili native. Le app sono facili da usare e da adottare, aprendo la strada a una maggiore fidelizzazione degli utenti.<br\/>Le interfacce utente attraenti hanno un ruolo fondamentale nell&#8217;attrarre e acquisire clienti. Direct Impact Solutions \u00e8 specializzata nella creazione di soluzioni di questo tipo.    <\/p><\/div><\/div><\/div><\/div><\/div><div style=\"height:50px\" aria-hidden=\"true\" class=\"wp-block-spacer\"><\/div><div class=\"wp-block-buttons is-content-justification-center is-layout-flex wp-container-core-buttons-is-layout-a89b3969 wp-block-buttons-is-layout-flex\"><div class=\"wp-block-button has-custom-width wp-block-button__width-25\"><a class=\"wp-block-button__link wp-element-button\" href=\"https:\/\/www.directimpactsolutions.com\/en\/contact-us\/\">Richiedi un preventivo<\/a><\/div><\/div><div style=\"height:50px\" aria-hidden=\"true\" class=\"wp-block-spacer\"><\/div><h2 class=\"wp-block-heading\" style=\"font-style:normal;font-weight:400\">Processi basati sull&#8217;agilit\u00e0<\/h2><div class=\"wp-block-uagb-container uagb-block-cc8ef697 alignfull uagb-is-root-container\"><div class=\"uagb-container-inner-blocks-wrap\"><div class=\"inherit-container-width wp-block-group is-layout-constrained wp-block-group-is-layout-constrained\"><p>Prendiamo sul serio le aspettative aziendali. Ecco perch\u00e9 ci affidiamo alla nostra metodologia agile per ottimizzare i processi ed eseguire uno sviluppo continuo. Le aziende si affidano a noi per la consegna rapida di prodotti di qualit\u00e0. I nostri processi agili ci permettono di adattarci perfettamente alle diverse esigenze aziendali senza dover fare grandi investimenti.   <\/p>\n\n<p>Questo processo collaudato ci permette di fornire applicazioni web all&#8217;avanguardia che conferiscono alle aziende un vantaggio senza precedenti rispetto alla concorrenza.<\/p>\n\n<h3 class=\"wp-block-heading\"><strong><strong>Applicazioni web sicure, versatili e scalabili<\/strong><\/strong><\/h3>\n\n<p>Per un&#8217;azienda, l&#8217;elevata sicurezza e la scalabilit\u00e0 sono spesso le priorit\u00e0 pi\u00f9 importanti. In qualit\u00e0 di agenzia di sviluppo web personalizzata, il nostro processo di sviluppo aderisce a metodologie di crittografia avanzate per eliminare le vulnerabilit\u00e0 della sicurezza e proteggere i dati dell&#8217;organizzazione e dei suoi utenti dagli attacchi alla sicurezza. <\/p>\n\n<p>Allo stesso tempo, sviluppiamo ogni app a partire da un framework completamente personalizzato per supportare la velocit\u00e0 di caricamento, anche con il massimo utilizzo dei dati. Se dovessi notare qualcosa dopo la consegna del progetto, saremo lieti di tornare indietro e di apportare modifiche in base alle tue esigenze. <\/p>\n\n<h3 class=\"wp-block-heading\">Scalare e crescere con soluzioni economicamente vantaggiose<\/h3>\n\n<p>I nostri team di sviluppo di applicazioni web fondono la loro esperienza con le tecnologie pi\u00f9 recenti per aiutarti a risolvere le tue sfide aziendali. Ma questo non significa che tu debba sforare il tuo budget. Offriamo opzioni di prezzo flessibili per soddisfare le aziende di tutte le dimensioni.  <\/p>\n\n<p>Il nostro efficiente processo di sviluppo consente di risparmiare tempo e denaro. Non devi preoccuparti di trovare costi nascosti in seguito. Il progetto viene definito nei minimi dettagli con un prezzo fisso, in modo che tu possa conoscere le tue esigenze e avere la certezza dei costi.  <\/p><\/div><\/div><\/div><div style=\"height:80px\" aria-hidden=\"true\" class=\"wp-block-spacer\"><\/div><div class=\"wp-block-buttons is-content-justification-center is-layout-flex wp-container-core-buttons-is-layout-a89b3969 wp-block-buttons-is-layout-flex\"><div class=\"wp-block-button has-custom-width wp-block-button__width-25\"><a class=\"wp-block-button__link wp-element-button\" href=\"https:\/\/www.directimpactsolutions.com\/en\/contact-us\/\">Contattaci<\/a><\/div><\/div><div style=\"height:80px\" aria-hidden=\"true\" class=\"wp-block-spacer\"><\/div><h2 class=\"wp-block-heading\" style=\"font-style:normal;font-weight:400\">I nostri servizi di sviluppo web full-stack<\/h2><p>Dallo sviluppo di applicazioni web personalizzate alla creazione di applicazioni mobili interattive, Direct Impact realizza soluzioni a 360 gradi per le aziende in diversi settori.<\/p><div class=\"wp-block-uagb-container uagb-block-55117e17 alignfull uagb-is-root-container\"><div class=\"uagb-container-inner-blocks-wrap\"><div class=\"wp-block-uagb-container uagb-block-ce5cb8db\"><div class=\"inherit-container-width wp-block-group is-layout-constrained wp-block-group-is-layout-constrained\"><h3 class=\"wp-block-heading\"><strong><strong>Sviluppo di applicazioni web personalizzate<\/strong><\/strong><\/h3>\n\n<p>In qualit\u00e0 di affidabile <strong>agenzia di sviluppo web<\/strong> negli Stati Uniti e in Canada, le aziende si avvalgono della nostra esperienza per realizzare applicazioni web personalizzate che mettano perfettamente in mostra i loro marchi. Ci occupiamo di tutto, dal wire-framing alla distribuzione. <\/p>\n\n<h3 class=\"wp-block-heading\"><strong><strong>Sviluppo di applicazioni mobili<\/strong> <\/strong><\/h3>\n\n<p>Lo sviluppo di app per dispositivi mobili offre alle aziende un accesso affidabile e flessibile alle loro informazioni, ovunque si trovino. Le soluzioni scalabili e innovative per start-up e aziende migliorano enormemente la crescita dell&#8217;azienda. <\/p>\n\n<p><\/p><\/div><\/div>\n\n<div class=\"wp-block-uagb-container uagb-block-e2bf438c\"><figure class=\"wp-block-image alignfull size-large\"><img loading=\"lazy\" decoding=\"async\" width=\"1024\" height=\"683\" src=\"https:\/\/www.directimpactsolutions.com\/wp-content\/uploads\/2023\/09\/markus-spiske-hbb6GkG6p9M-unsplash-1024x683.jpg\" alt=\"sviluppo web\" class=\"wp-image-15206\" srcset=\"https:\/\/www.directimpactsolutions.com\/wp-content\/uploads\/2023\/09\/markus-spiske-hbb6GkG6p9M-unsplash-1024x683.jpg 1024w, https:\/\/www.directimpactsolutions.com\/wp-content\/uploads\/2023\/09\/markus-spiske-hbb6GkG6p9M-unsplash-300x200.jpg 300w, https:\/\/www.directimpactsolutions.com\/wp-content\/uploads\/2023\/09\/markus-spiske-hbb6GkG6p9M-unsplash-768x512.jpg 768w, https:\/\/www.directimpactsolutions.com\/wp-content\/uploads\/2023\/09\/markus-spiske-hbb6GkG6p9M-unsplash-1536x1024.jpg 1536w, https:\/\/www.directimpactsolutions.com\/wp-content\/uploads\/2023\/09\/markus-spiske-hbb6GkG6p9M-unsplash-2048x1365.jpg 2048w, https:\/\/www.directimpactsolutions.com\/wp-content\/uploads\/2023\/09\/markus-spiske-hbb6GkG6p9M-unsplash-600x400.jpg 600w\" sizes=\"auto, (max-width: 1024px) 100vw, 1024px\" \/><\/figure><\/div>\n\n<div style=\"height:25px\" aria-hidden=\"true\" class=\"wp-block-spacer\"><\/div>\n\n<div class=\"wp-block-uagb-container uagb-block-6c8addbf\"><figure class=\"wp-block-image alignfull size-large\"><img loading=\"lazy\" decoding=\"async\" width=\"1024\" height=\"682\" src=\"https:\/\/www.directimpactsolutions.com\/wp-content\/uploads\/2023\/09\/christopher-gower-m_HRfLhgABo-unsplash-1-1024x682.jpg\" alt=\"sviluppo web\" class=\"wp-image-15265\" srcset=\"https:\/\/www.directimpactsolutions.com\/wp-content\/uploads\/2023\/09\/christopher-gower-m_HRfLhgABo-unsplash-1-1024x682.jpg 1024w, https:\/\/www.directimpactsolutions.com\/wp-content\/uploads\/2023\/09\/christopher-gower-m_HRfLhgABo-unsplash-1-300x200.jpg 300w, https:\/\/www.directimpactsolutions.com\/wp-content\/uploads\/2023\/09\/christopher-gower-m_HRfLhgABo-unsplash-1-768x511.jpg 768w, https:\/\/www.directimpactsolutions.com\/wp-content\/uploads\/2023\/09\/christopher-gower-m_HRfLhgABo-unsplash-1-1536x1022.jpg 1536w, https:\/\/www.directimpactsolutions.com\/wp-content\/uploads\/2023\/09\/christopher-gower-m_HRfLhgABo-unsplash-1-2048x1363.jpg 2048w, https:\/\/www.directimpactsolutions.com\/wp-content\/uploads\/2023\/09\/christopher-gower-m_HRfLhgABo-unsplash-1-600x399.jpg 600w\" sizes=\"auto, (max-width: 1024px) 100vw, 1024px\" \/><\/figure><\/div>\n\n<div class=\"wp-block-uagb-container uagb-block-ffedcb7b\"><div class=\"inherit-container-width wp-block-group is-layout-constrained wp-block-group-is-layout-constrained\"><h3 class=\"wp-block-heading\"><strong>Sviluppo di portali web<\/strong><\/h3>\n\n<p>Direct Impact Solutions offre portali web B2B e B2C facili da usare e coinvolgenti, sfruttando tecnologie avanzate come i programmi AR, i pagamenti in criptovaluta e i chatbot AI. Le nostre soluzioni si integrano perfettamente con i sistemi attuali delle aziende e ne aumentano la visibilit\u00e0 online. <\/p>\n\n<h3 class=\"wp-block-heading\"><strong>Sviluppo front-end e back-end<\/strong><\/h3>\n\n<p>Direct Impact \u00e8 un&#8217;agenzia esperta nello <strong>sviluppo di siti web personalizzati<\/strong> ed \u00e8 specializzata nella creazione di interfacce front-end straordinarie, interattive e perfette dal punto di vista dei pixel con le tecnologie pi\u00f9 recenti come Laravel e PHP. I nostri servizi di sviluppo back-end, come il cloud hosting di AWS e Azure, consentono alle aziende di navigare facilmente tra le varie funzionalit\u00e0 della loro applicazione. <\/p><\/div><\/div><\/div><\/div><div style=\"height:25px\" aria-hidden=\"true\" class=\"wp-block-spacer\"><\/div><div class=\"wp-block-buttons is-content-justification-center is-layout-flex wp-container-core-buttons-is-layout-a89b3969 wp-block-buttons-is-layout-flex\"><div class=\"wp-block-button has-custom-width wp-block-button__width-25\"><a class=\"wp-block-button__link wp-element-button\" href=\"https:\/\/www.directimpactsolutions.com\/en\/contact-us\/\">LAVORA CON NOI<\/a><\/div><\/div><div style=\"height:25px\" aria-hidden=\"true\" class=\"wp-block-spacer\"><\/div><h2 class=\"wp-block-heading\" style=\"font-style:normal;font-weight:400\">Il nostro processo collaudato<\/h2><div class=\"wp-block-uagb-container uagb-block-f151837b alignfull uagb-is-root-container\"><div class=\"uagb-container-inner-blocks-wrap\"><div class=\"wp-block-uagb-container uagb-block-1c46676a\"><div class=\"inherit-container-width wp-block-group is-layout-constrained wp-block-group-is-layout-constrained\"><h3 class=\"wp-block-heading\"><strong>Pianificazione <\/strong><\/h3>\n\n<p>Iniziamo costruendo un solido piano di progetto. Puoi fornirci un documento iniziale sull&#8217;ambito del progetto, oppure pu\u00f2 essere il risultato di un processo combinato di incontri di persona e telefonate. <\/p>\n\n<h3 class=\"wp-block-heading\"><strong>Wire-framing <\/strong><\/h3>\n\n<p>Dopo aver definito l&#8217;ambito del progetto, il nostro team di wire-framing determina il posizionamento di ogni oggetto su ogni pagina dell&#8217;applicazione mobile o web. In questa fase, ci accordiamo sulla collocazione dei diversi oggetti su ogni pagina a cui accederanno i tuoi utenti. <\/p>\n\n<h3 class=\"wp-block-heading\"><strong>Progettazione <\/strong><\/h3>\n\n<p>A questo punto, il nostro team di web design si occupa di creare l&#8217;aspetto finale dell&#8217;applicazione. Forniamo ai nostri clienti una versione cliccabile in modo che possano sperimentare tutto ci\u00f2 che faranno i loro utenti prima di iniziare la codifica. <\/p>\n\n<h3 class=\"wp-block-heading\"><strong>Codice <\/strong><\/h3>\n\n<p>Dopo che i wireframe e i progetti sono stati finalizzati, iniziamo a codificare l&#8217;applicazione. Utilizzando un approccio agile, suddividiamo il progetto in fasi, in modo che tu possa controllare regolarmente i progressi del progetto e fornire un feedback. Teniamo molto al tuo coinvolgimento in questo processo fino alla sua conclusione.  <\/p><\/div><\/div>\n\n<div class=\"wp-block-uagb-container uagb-block-de4dbe6f\"><figure class=\"wp-block-image size-large is-resized\"><img loading=\"lazy\" decoding=\"async\" src=\"https:\/\/www.directimpactsolutions.com\/wp-content\/uploads\/2023\/09\/niclas-illg-FJ5e_2f96h4-unsplash-1-683x1024.jpg\" alt=\"sviluppo web\" class=\"wp-image-15268\" style=\"width:510px;height:637px\" width=\"510\" height=\"637\"\/><\/figure><\/div>\n\n<div style=\"height:25px\" aria-hidden=\"true\" class=\"wp-block-spacer\"><\/div>\n\n<div class=\"wp-block-uagb-container uagb-block-7bde8ad8\"><figure class=\"wp-block-image alignfull size-large\"><img loading=\"lazy\" decoding=\"async\" width=\"1024\" height=\"681\" src=\"https:\/\/www.directimpactsolutions.com\/wp-content\/uploads\/2023\/08\/glenn-carstens-peters-npxXWgQ33ZQ-unsplash-1-1024x681.jpg\" alt=\"sviluppo\" class=\"wp-image-15112\" srcset=\"https:\/\/www.directimpactsolutions.com\/wp-content\/uploads\/2023\/08\/glenn-carstens-peters-npxXWgQ33ZQ-unsplash-1-1024x681.jpg 1024w, https:\/\/www.directimpactsolutions.com\/wp-content\/uploads\/2023\/08\/glenn-carstens-peters-npxXWgQ33ZQ-unsplash-1-300x200.jpg 300w, https:\/\/www.directimpactsolutions.com\/wp-content\/uploads\/2023\/08\/glenn-carstens-peters-npxXWgQ33ZQ-unsplash-1-768x511.jpg 768w, https:\/\/www.directimpactsolutions.com\/wp-content\/uploads\/2023\/08\/glenn-carstens-peters-npxXWgQ33ZQ-unsplash-1-1536x1022.jpg 1536w, https:\/\/www.directimpactsolutions.com\/wp-content\/uploads\/2023\/08\/glenn-carstens-peters-npxXWgQ33ZQ-unsplash-1-2048x1363.jpg 2048w, https:\/\/www.directimpactsolutions.com\/wp-content\/uploads\/2023\/08\/glenn-carstens-peters-npxXWgQ33ZQ-unsplash-1-600x399.jpg 600w\" sizes=\"auto, (max-width: 1024px) 100vw, 1024px\" \/><\/figure><\/div>\n\n<div class=\"wp-block-uagb-container uagb-block-4a1401cc\"><div class=\"inherit-container-width wp-block-group is-layout-constrained wp-block-group-is-layout-constrained\"><h3 class=\"wp-block-heading\"><strong>Test <\/strong><\/h3>\n\n<p>Il nostro team QA testa le applicazioni software per assicurarsi che siano affidabili, funzionali e facili da usare. L&#8217;obiettivo \u00e8 individuare e correggere problemi e difetti prima che il pubblico acceda all&#8217;applicazione. Questo, a sua volta, migliora l&#8217;esperienza dell&#8217;utente e garantisce il successo del tuo prodotto.  <\/p>\n\n<h3 class=\"wp-block-heading\"><strong>Distribuzione <\/strong><\/h3>\n\n<p>Dopo che la tua applicazione \u00e8 stata approvata dal nostro team QA, la configuriamo e la abilitiamo all&#8217;uso. Per quanto riguarda l&#8217;hosting, le opzioni variano a seconda dei clienti. Possiamo distribuire la soluzione sui tuoi server e sul web oppure ospitarla sul cloud. Non preoccuparti, guidiamo i nostri clienti attraverso queste opzioni e gestiamo le fasi finali con competenza.   <\/p><\/div><\/div><\/div><\/div><div style=\"height:80px\" aria-hidden=\"true\" class=\"wp-block-spacer\"><\/div><div class=\"wp-block-buttons is-content-justification-center is-layout-flex wp-container-core-buttons-is-layout-a89b3969 wp-block-buttons-is-layout-flex\"><div class=\"wp-block-button\"><a class=\"wp-block-button__link wp-element-button\" href=\"https:\/\/www.directimpactsolutions.com\/en\/contact-us\/\">RICHIEDI UNA CONSULENZA GRATUITA<\/a><\/div><\/div><div style=\"height:80px\" aria-hidden=\"true\" class=\"wp-block-spacer\"><\/div><div class=\"wp-block-uagb-container uagb-block-7e2a8aa9 alignfull uagb-is-root-container\"><div class=\"uagb-container-inner-blocks-wrap\"><\/div><\/div><hr class=\"wp-block-separator has-alpha-channel-opacity is-style-wide\"\/>","protected":false},"excerpt":{"rendered":"<p>Prova una crescita senza precedenti con un&#8217;agenzia di sviluppo web esperta Direct Impact Solutions \u00e8 un&#8217;agenzia leader nello sviluppo di siti web personalizzati che offre soluzioni di sviluppo di applicazioni web dinamiche e scalabili per il tuo marchio. Aumenta la tua visibilit\u00e0 e la tua credibilit\u00e0 online ed entra in contatto con il tuo pubblico &hellip;<\/p>\n<p class=\"read-more\"> <a class=\"\" href=\"https:\/\/www.directimpactsolutions.com\/it\/agenzia-di-sviluppo-web\/\"> <span class=\"screen-reader-text\">agenzia di sviluppo web<\/span> Leggi altro &raquo;<\/a><\/p>\n","protected":false},"author":13,"featured_media":0,"parent":0,"menu_order":0,"comment_status":"closed","ping_status":"closed","template":"","meta":{"inline_featured_image":false,"_uag_custom_page_level_css":"","site-sidebar-layout":"default","site-content-layout":"","ast-site-content-layout":"default","site-content-style":"default","site-sidebar-style":"default","ast-global-header-display":"","ast-banner-title-visibility":"","ast-main-header-display":"","ast-hfb-above-header-display":"","ast-hfb-below-header-display":"","ast-hfb-mobile-header-display":"","site-post-title":"disabled","ast-breadcrumbs-content":"","ast-featured-img":"","footer-sml-layout":"","theme-transparent-header-meta":"","adv-header-id-meta":"","stick-header-meta":"","header-above-stick-meta":"","header-main-stick-meta":"","header-below-stick-meta":"","astra-migrate-meta-layouts":"","footnotes":""},"class_list":["post-17943","page","type-page","status-publish","hentry"],"uagb_featured_image_src":{"full":false,"thumbnail":false,"medium":false,"medium_large":false,"large":false,"1536x1536":false,"2048x2048":false,"woocommerce_thumbnail":false,"woocommerce_single":false,"woocommerce_gallery_thumbnail":false},"uagb_author_info":{"display_name":"Ozzi","author_link":"https:\/\/www.directimpactsolutions.com\/it\/author\/ozzi\/"},"uagb_comment_info":0,"uagb_excerpt":"Prova una crescita senza precedenti con un&#8217;agenzia di sviluppo web esperta Direct Impact Solutions \u00e8 un&#8217;agenzia leader nello sviluppo di siti web personalizzati che offre soluzioni di sviluppo di applicazioni web dinamiche e scalabili per il tuo marchio. Aumenta la tua visibilit\u00e0 e la tua credibilit\u00e0 online ed entra in contatto con il tuo pubblico&hellip;","_links":{"self":[{"href":"https:\/\/www.directimpactsolutions.com\/it\/wp-json\/wp\/v2\/pages\/17943","targetHints":{"allow":["GET"]}}],"collection":[{"href":"https:\/\/www.directimpactsolutions.com\/it\/wp-json\/wp\/v2\/pages"}],"about":[{"href":"https:\/\/www.directimpactsolutions.com\/it\/wp-json\/wp\/v2\/types\/page"}],"author":[{"embeddable":true,"href":"https:\/\/www.directimpactsolutions.com\/it\/wp-json\/wp\/v2\/users\/13"}],"replies":[{"embeddable":true,"href":"https:\/\/www.directimpactsolutions.com\/it\/wp-json\/wp\/v2\/comments?post=17943"}],"version-history":[{"count":1,"href":"https:\/\/www.directimpactsolutions.com\/it\/wp-json\/wp\/v2\/pages\/17943\/revisions"}],"predecessor-version":[{"id":17944,"href":"https:\/\/www.directimpactsolutions.com\/it\/wp-json\/wp\/v2\/pages\/17943\/revisions\/17944"}],"wp:attachment":[{"href":"https:\/\/www.directimpactsolutions.com\/it\/wp-json\/wp\/v2\/media?parent=17943"}],"curies":[{"name":"wp","href":"https:\/\/api.w.org\/{rel}","templated":true}]}}