{"id":17955,"date":"2024-08-21T15:22:34","date_gmt":"2024-08-21T15:22:34","guid":{"rendered":"https:\/\/www.directimpactsolutions.com\/sviluppatori-filemaker\/"},"modified":"2024-08-21T15:25:21","modified_gmt":"2024-08-21T15:25:21","slug":"sviluppatori-filemaker","status":"publish","type":"page","link":"https:\/\/www.directimpactsolutions.com\/it\/sviluppatori-filemaker\/","title":{"rendered":"Sviluppatori FileMaker"},"content":{"rendered":"<div class=\"wp-block-uagb-container uagb-block-b6ed6dbf alignfull uagb-is-root-container\"><div class=\"uagb-container__shape uagb-container__shape-bottom uagb-container__invert\" data-negative=\"false\"><svg xmlns=\"https:\/\/www.w3.org\/2000\/svg\" viewBox=\"0 0 1000 100\" preserveAspectRatio=\"none\"><path class=\"uagb-container__shape-fill\" d=\"M500,98.9L0,6.1V0h1000v6.1L500,98.9z\"><\/path><\/svg><\/div><div class=\"uagb-container-inner-blocks-wrap\"><div style=\"height:20px\" aria-hidden=\"true\" class=\"wp-block-spacer\"><\/div>\n\n<h1 class=\"wp-block-heading has-ast-global-color-1-color has-text-color\" style=\"font-style:normal;font-weight:400\">Sviluppatori FileMaker<\/h1>\n\n<p class=\"has-ast-global-color-1-color has-text-color\" style=\"font-size:16px\">Direct Impact Solutions | Sviluppatori FileMaker\u00ae Claris<\/p>\n\n<div style=\"height:40px\" aria-hidden=\"true\" class=\"wp-block-spacer\"><\/div><\/div><\/div><div style=\"height:80px\" aria-hidden=\"true\" class=\"wp-block-spacer\"><\/div><h2 class=\"wp-block-heading has-large-font-size\" style=\"font-style:normal;font-weight:400\">Sviluppatori Claris FileMaker<\/h2><div class=\"wp-block-uagb-container uagb-block-df3a19a1 alignfull uagb-is-root-container\"><div class=\"uagb-container-inner-blocks-wrap\"><div class=\"wp-block-uagb-container uagb-block-320ca012\"><div class=\"wp-block-uagb-info-box uagb-block-1594a24b uagb-infobox__content-wrap  uagb-infobox-icon-above-title uagb-infobox-image-valign-top\"><div class=\"uagb-ifb-content\"><div class=\"uagb-ifb-icon-wrap\"><svg xmlns=\"https:\/\/www.w3.org\/2000\/svg\" viewbox=\"0 0 576 512\"><path d=\"M192 312C192 298.8 202.8 288 216 288H384V160H256c-17.67 0-32-14.33-32-32L224 0H48C21.49 0 0 21.49 0 48v416C0 490.5 21.49 512 48 512h288c26.51 0 48-21.49 48-48v-128H216C202.8 336 192 325.3 192 312zM256 0v128h128L256 0zM568.1 295l-80-80c-9.375-9.375-24.56-9.375-33.94 0s-9.375 24.56 0 33.94L494.1 288H384v48h110.1l-39.03 39.03C450.3 379.7 448 385.8 448 392s2.344 12.28 7.031 16.97c9.375 9.375 24.56 9.375 33.94 0l80-80C578.3 319.6 578.3 304.4 568.1 295z\"><\/path><\/svg><\/div><div class=\"uagb-ifb-title-wrap\"><h3 class=\"uagb-ifb-title\">Sviluppatori Claris<\/h3><\/div><p class=\"uagb-ifb-desc\">Il nostro team di talento \u00e8 composto da sviluppatori FileMaker certificati, specialisti UI\/UX, project manager e specialisti di server.<\/p><\/div><\/div><\/div>\n\n<div class=\"wp-block-uagb-container uagb-block-0a2e37fd\"><div class=\"wp-block-uagb-info-box uagb-block-3d22828a uagb-infobox__content-wrap  uagb-infobox-icon-above-title uagb-infobox-image-valign-top\"><div class=\"uagb-ifb-content\"><div class=\"uagb-ifb-icon-wrap\"><svg xmlns=\"https:\/\/www.w3.org\/2000\/svg\" viewbox=\"0 0 512 512\"><path d=\"M512 255.1c0 8.188-3.125 16.41-9.375 22.66l-72 72C424.4 356.9 416.2 360 408 360c-18.28 0-32-14.95-32-32c0-8.188 3.125-16.38 9.375-22.62L402.8 288H288v114.8l17.38-17.38C311.6 379.1 319.8 376 328 376c18.28 0 32 14.95 32 32c0 8.188-3.125 16.38-9.375 22.62l-72 72C272.4 508.9 264.2 512 256 512s-16.38-3.125-22.62-9.375l-72-72C155.1 424.4 152 416.2 152 408c0-17.05 13.73-32 32-32c8.188 0 16.38 3.125 22.62 9.375L224 402.8V288H109.3l17.38 17.38C132.9 311.6 136 319.8 136 328c0 17.05-13.73 32-32 32c-8.188 0-16.38-3.125-22.62-9.375l-72-72C3.125 272.4 0 264.2 0 255.1s3.125-16.34 9.375-22.59l72-72C87.63 155.1 95.81 152 104 152c18.28 0 32 14.95 32 32c0 8.188-3.125 16.38-9.375 22.62L109.3 224H224V109.3L206.6 126.6C200.4 132.9 192.2 136 184 136c-18.28 0-32-14.95-32-32c0-8.188 3.125-16.38 9.375-22.62l72-72C239.6 3.125 247.8 0 256 0s16.38 3.125 22.62 9.375l72 72C356.9 87.63 360 95.81 360 104c0 17.05-13.73 32-32 32c-8.188 0-16.38-3.125-22.62-9.375L288 109.3V224h114.8l-17.38-17.38C379.1 200.4 376 192.2 376 184c0-17.05 13.73-32 32-32c8.188 0 16.38 3.125 22.62 9.375l72 72C508.9 239.6 512 247.8 512 255.1z\"><\/path><\/svg><\/div><div class=\"uagb-ifb-title-wrap\"><h3 class=\"uagb-ifb-title\">Metodologia agile<\/h3><\/div><p class=\"uagb-ifb-desc\">Utilizziamo metodi di sviluppo agili per produrre risultati rapidi ed efficaci per i nostri clienti. Quando le tue esigenze cambiano, noi cambiamo con te. <\/p><\/div><\/div><\/div>\n\n<div class=\"wp-block-uagb-container uagb-block-dadb96cb\"><div class=\"wp-block-uagb-info-box uagb-block-80426c72 uagb-infobox__content-wrap  uagb-infobox-icon-above-title uagb-infobox-image-valign-top\"><div class=\"uagb-ifb-content\"><div class=\"uagb-ifb-icon-wrap\"><svg xmlns=\"https:\/\/www.w3.org\/2000\/svg\" viewbox=\"0 0 512 512\"><path d=\"M128 384H352V448H128C92.65 448 64 419.3 64 384V128H32C14.33 128 0 113.7 0 96C0 78.33 14.33 64 32 64H64V32C64 14.33 78.33 0 96 0C113.7 0 128 14.33 128 32V384zM384 128H160V64H384C419.3 64 448 92.65 448 128V384H480C497.7 384 512 398.3 512 416C512 433.7 497.7 448 480 448H448V480C448 497.7 433.7 512 416 512C398.3 512 384 497.7 384 480V128z\"><\/path><\/svg><\/div><div class=\"uagb-ifb-title-wrap\"><h3 class=\"uagb-ifb-title\">Sviluppatori web<\/h3><\/div><p class=\"uagb-ifb-desc\">Vuoi integrare la tua soluzione FileMaker con un&#8217;altra tecnologia? Il nostro team web esperto pu\u00f2 creare integrazioni API, portali web e molto altro per aggiungere funzionalit\u00e0 alla tua soluzione. <\/p><\/div><\/div><\/div><\/div><\/div><div style=\"height:80px\" aria-hidden=\"true\" class=\"wp-block-spacer\"><\/div><h2 class=\"wp-block-heading has-large-font-size\" style=\"margin-top:0;margin-right:0;margin-bottom:0;margin-left:0;font-style:normal;font-weight:400\">Siamo sviluppatori FileMaker<\/h2><div class=\"wp-block-uagb-container uagb-block-a0ef8afe alignfull uagb-is-root-container\"><div class=\"uagb-container-inner-blocks-wrap\"><div class=\"wp-block-uagb-container uagb-block-f12bcbcd\"><figure class=\"wp-block-image size-large\"><img loading=\"lazy\" decoding=\"async\" width=\"1024\" height=\"719\" src=\"https:\/\/www.directimpactsolutions.com\/wp-content\/uploads\/2023\/03\/Projects_lakeview_desktop-1-1024x719.png\" alt=\"Interfaccia utente di FileMaker\" class=\"wp-image-10548\" srcset=\"https:\/\/www.directimpactsolutions.com\/wp-content\/uploads\/2023\/03\/Projects_lakeview_desktop-1-1024x719.png 1024w, https:\/\/www.directimpactsolutions.com\/wp-content\/uploads\/2023\/03\/Projects_lakeview_desktop-1-300x211.png 300w, https:\/\/www.directimpactsolutions.com\/wp-content\/uploads\/2023\/03\/Projects_lakeview_desktop-1-768x540.png 768w, https:\/\/www.directimpactsolutions.com\/wp-content\/uploads\/2023\/03\/Projects_lakeview_desktop-1-1536x1079.png 1536w, https:\/\/www.directimpactsolutions.com\/wp-content\/uploads\/2023\/03\/Projects_lakeview_desktop-1-2048x1439.png 2048w, https:\/\/www.directimpactsolutions.com\/wp-content\/uploads\/2023\/03\/Projects_lakeview_desktop-1-600x421.png 600w\" sizes=\"auto, (max-width: 1024px) 100vw, 1024px\" \/><\/figure><\/div>\n\n<div class=\"wp-block-uagb-container uagb-block-75b4660f\"><div class=\"inherit-container-width wp-block-group is-layout-constrained wp-block-group-is-layout-constrained\"><p>In realt\u00e0, siamo degli esperti. <a href=\"https:\/\/www.directimpactsolutions.com\/it\/\">Direct Impact Solutions<\/a> \u00e8 specializzata nella creazione di soluzioni <a href=\"https:\/\/www.directimpactsolutions.com\/it\/le-soluzioni-filemaker-personalizzate\/\" data-type=\"URL\" data-id=\"https:\/\/www.directimpactsolutions.com\/en\/Custom-FileMaker-Solutions\/\">FileMaker<\/a> personalizzate. Forniamo applicazioni FileMaker Pro personalizzate <a href=\"https:\/\/www.directimpactsolutions.com\/it\/agenzia-di-sviluppo-web\/\" data-type=\"link\" data-id=\"https:\/\/www.directimpactsolutions.com\/en\/web-development-agency\/\">personalizzato<\/a> e <a href=\"https:\/\/www.directimpactsolutions.com\/en\/claris-filemaker-licenses\/\">licenze<\/a> ai nostri clienti. <\/p>\n\n<p>In qualit\u00e0 di <a href=\"https:\/\/www.directimpactsolutions.com\/it\/sviluppo-di-filemaker\/\" data-type=\"URL\" data-id=\"https:\/\/www.directimpactsolutions.com\/en\/FileMaker-Development\/\">Sviluppatore FileMaker<\/a> possiamo aiutarti a utilizzare in modo ottimale Claris FileMaker per creare <a href=\"https:\/\/www.directimpactsolutions.com\/it\/sviluppo-di-applicazioni-web-personalizzate\/\" data-type=\"link\" data-id=\"https:\/\/www.directimpactsolutions.com\/en\/custom-web-application-development\/\">applicazioni personalizzate<\/a> per la tua azienda, che si adattano alle tue esigenze specifiche. Inoltre, come azienda di sviluppo FileMaker, possiamo aiutarti a dare vita alla tua visione di app.  <\/p>\n\n<p>Che tu abbia bisogno di una semplice applicazione per tracciare l&#8217;inventario o di un&#8217;applicazione complessa per gestire la tua pipeline di vendita, abbiamo l&#8217;esperienza e la competenza per realizzarla. Claris FileMaker offre diversi <a href=\"https:\/\/www.directimpactsolutions.com\/en\/claris-platform-bundle\/\">pacchetti<\/a> per soddisfare ogni tua esigenza.  <\/p><\/div><\/div><\/div><\/div><div style=\"height:80px\" aria-hidden=\"true\" class=\"wp-block-spacer\"><\/div><h2 class=\"wp-block-heading has-large-font-size\" style=\"font-style:normal;font-weight:400\">Sviluppatori FileMaker certificati<\/h2><div class=\"wp-block-uagb-container uagb-block-5822277a alignfull uagb-is-root-container\"><div class=\"uagb-container-inner-blocks-wrap\"><div class=\"wp-block-uagb-image uagb-block-0a38dc12 wp-block-uagb-image--layout-default wp-block-uagb-image--effect-static wp-block-uagb-image--align-none\"><figure class=\"wp-block-uagb-image__figure\"><img decoding=\"async\" srcset=\"https:\/\/www.directimpactsolutions.com\/wp-content\/uploads\/2022\/02\/developers-dis-1024x365.jpg\n \" sizes=\"auto, (max-width: 480px) 150px\" src=\"https:\/\/www.directimpactsolutions.com\/wp-content\/uploads\/2022\/02\/developers-dis-1024x365.jpg\" alt=\"sviluppatori\" class=\"uag-image-6019\" width=\"1024\" height=\"365\" title=\"\" loading=\"lazy\"><\/figure><\/div><\/div><\/div><div class=\"wp-block-uagb-container uagb-block-aee18e5b alignfull uagb-is-root-container\"><div class=\"uagb-container-inner-blocks-wrap\"><div class=\"wp-block-uagb-container uagb-block-3faf2456\"><div class=\"wp-block-uagb-image uagb-block-8cab0885 wp-block-uagb-image--layout-default wp-block-uagb-image--effect-static wp-block-uagb-image--align-none\"><figure class=\"wp-block-uagb-image__figure\"><img decoding=\"async\" srcset=\"https:\/\/www.directimpactsolutions.com\/wp-content\/uploads\/2022\/01\/Claris-Developer-Badge-Black-350.png\n \" sizes=\"auto, (max-width: 480px) 150px\" src=\"https:\/\/www.directimpactsolutions.com\/wp-content\/uploads\/2022\/01\/Claris-Developer-Badge-Black-350.png\" alt=\"Sviluppatori FileMaker certificati\" class=\"uag-image-5388\" width=\"300\" height=\"82\" title=\"\" loading=\"lazy\"><\/figure><\/div><\/div>\n\n<div class=\"wp-block-uagb-container uagb-block-f87a1235\"><p>Il nostro team ha pi\u00f9 di venti sviluppatori FileMaker certificati che possono aiutarti a creare una soluzione eccellente utilizzando la Workplace Innovation Platform. I nostri programmatori FileMaker possono aiutarti a migliorare l&#8217;efficienza, ridurre i processi duplicati e trasformare rapidamente la tua organizzazione implementando una soluzione FileMaker. <\/p><\/div><\/div><\/div><div class=\"wp-block-uagb-container uagb-block-7358c3b2 alignwide uagb-is-root-container\"><div class=\"wp-block-uagb-container uagb-block-d7cc811e\"><h3 class=\"wp-block-heading has-ast-global-color-2-color has-text-color\" style=\"margin-top:0;margin-right:0;margin-bottom:0;margin-left:0\">Aggiornare FileMaker<\/h3>\n\n<p>Molti dei nostri attuali clienti si sono rivolti a noi con una soluzione FileMaker gi\u00e0 esistente ma obsoleta. Forse stai cercando nuove funzionalit\u00e0, una riscrittura totale o semplicemente un team di assistenza dedicato. Siamo esperti nell&#8217;analizzare i moduli della tua soluzione che funzionano bene e nel ricostruire le parti della soluzione che non servono pi\u00f9 ai tuoi obiettivi e processi. Lavoreremo con te per creare una soluzione aggiornata che faccia tutto ci\u00f2 che ti serve e niente di pi\u00f9.   <\/p><\/div>\n\n<div class=\"wp-block-uagb-container uagb-block-877236c1\"><h3 class=\"wp-block-heading has-ast-global-color-2-color has-text-color\" style=\"margin-top:0;margin-right:0;margin-bottom:0;margin-left:0\">Servizi FileMaker<\/h3>\n\n<p>Offriamo una gamma completa di servizi per Claris FileMaker e ci consideriamo uno sportello unico per tutto ci\u00f2 che riguarda FileMaker. Siamo un rivenditore certificato di licenze Claris, compresi prodotti come FileMaker Cloud, <a href=\"https:\/\/www.directimpactsolutions.com\/en\/claris-studio\/\">Claris Studio<\/a> e Claris Connect. Abbiamo un grande team di sviluppatori esperti e certificati e offriamo servizi di hosting in modo che tu possa stare tranquillo mentre noi gestiamo gli aggiornamenti, l&#8217;affidabilit\u00e0, la sicurezza della soluzione e i backup. Abbiamo decenni di esperienza con <a href=\"https:\/\/www.directimpactsolutions.com\/en\/top-5-custom-filemaker-functions\/\" data-type=\"URL\" data-id=\"https:\/\/www.directimpactsolutions.com\/en\/top-5-custom-filemaker-functions\/\">sviluppo<\/a> sviluppo, <a href=\"https:\/\/www.directimpactsolutions.com\/it\/le-soluzioni-filemaker-personalizzate\/\" data-type=\"URL\" data-id=\"https:\/\/www.directimpactsolutions.com\/en\/Custom-FileMaker-Solutions\/\">FileMaker<\/a>, <a href=\"https:\/\/www.directimpactsolutions.com\/it\/servizi-di-consulenza-claris-filemaker\/\" data-type=\"URL\" data-id=\"https:\/\/www.directimpactsolutions.com\/en\/FileMaker-Consulting-Services\/\">consulenza<\/a> e miglioramento dei processi. Leggi un <a href=\"https:\/\/www.directimpactsolutions.com\/en\/case-studies\/jefo-custom-application\/\">caso di studio<\/a> qui.    <\/p><\/div><\/div><div style=\"height:80px\" aria-hidden=\"true\" class=\"wp-block-spacer\"><\/div><h2 class=\"wp-block-heading\" style=\"font-style:normal;font-weight:400\">FAQ sugli sviluppatori FileMaker<\/h2><div class=\"wp-block-uagb-faq uagb-faq__outer-wrap uagb-block-fc719bfe uagb-faq-icon-row uagb-faq-layout-accordion uagb-faq-expand-first-true uagb-faq-inactive-other-true uagb-faq__wrap uagb-buttons-layout-wrap uagb-faq-equal-height     \" data-faqtoggle=\"true\" role=\"tablist\"><div class=\"wp-block-uagb-faq-child uagb-faq-child__outer-wrap uagb-faq-item uagb-block-80169ee6 \" role=\"tab\" tabindex=\"0\"><div class=\"uagb-faq-questions-button uagb-faq-questions\">\t\t\t<span class=\"uagb-icon uagb-faq-icon-wrap\">\n\t\t\t\t\t\t\t\t<svg xmlns=\"https:\/\/www.w3.org\/2000\/svg\" viewBox= \"0 0 448 512\"><path d=\"M432 256c0 17.69-14.33 32.01-32 32.01H256v144c0 17.69-14.33 31.99-32 31.99s-32-14.3-32-31.99v-144H48c-17.67 0-32-14.32-32-32.01s14.33-31.99 32-31.99H192v-144c0-17.69 14.33-32.01 32-32.01s32 14.32 32 32.01v144h144C417.7 224 432 238.3 432 256z\"><\/path><\/svg>\n\t\t\t\t\t\t\t<\/span>\n\t\t\t\t\t\t<span class=\"uagb-icon-active uagb-faq-icon-wrap\">\n\t\t\t\t\t\t\t\t<svg xmlns=\"https:\/\/www.w3.org\/2000\/svg\" viewBox= \"0 0 448 512\"><path d=\"M400 288h-352c-17.69 0-32-14.32-32-32.01s14.31-31.99 32-31.99h352c17.69 0 32 14.3 32 31.99S417.7 288 400 288z\"><\/path><\/svg>\n\t\t\t\t\t\t\t<\/span>\n\t\t\t<span class=\"uagb-question\"><strong>What is a FileMaker Developer and how can they help your business?<\/strong><\/span><\/div><div class=\"uagb-faq-content\"><p>A FileMaker Developer is a professional with expertise in designing, developing, and managing custom applications using the FileMaker platform. A developer can benefit your business by creating tailor-made solutions to meet your unique needs, streamline your workflow, and improve efficiency. By understanding your business processes and requirements, a FileMaker Developer can design and implement a custom application that helps you save time, reduce errors, and make data-driven decisions.<\/p><\/div><\/div><div class=\"wp-block-uagb-faq-child uagb-faq-child__outer-wrap uagb-faq-item uagb-block-c2fe63d8 \" role=\"tab\" tabindex=\"0\"><div class=\"uagb-faq-questions-button uagb-faq-questions\">\t\t\t<span class=\"uagb-icon uagb-faq-icon-wrap\">\n\t\t\t\t\t\t\t\t<svg xmlns=\"https:\/\/www.w3.org\/2000\/svg\" viewBox= \"0 0 448 512\"><path d=\"M432 256c0 17.69-14.33 32.01-32 32.01H256v144c0 17.69-14.33 31.99-32 31.99s-32-14.3-32-31.99v-144H48c-17.67 0-32-14.32-32-32.01s14.33-31.99 32-31.99H192v-144c0-17.69 14.33-32.01 32-32.01s32 14.32 32 32.01v144h144C417.7 224 432 238.3 432 256z\"><\/path><\/svg>\n\t\t\t\t\t\t\t<\/span>\n\t\t\t\t\t\t<span class=\"uagb-icon-active uagb-faq-icon-wrap\">\n\t\t\t\t\t\t\t\t<svg xmlns=\"https:\/\/www.w3.org\/2000\/svg\" viewBox= \"0 0 448 512\"><path d=\"M400 288h-352c-17.69 0-32-14.32-32-32.01s14.31-31.99 32-31.99h352c17.69 0 32 14.3 32 31.99S417.7 288 400 288z\"><\/path><\/svg>\n\t\t\t\t\t\t\t<\/span>\n\t\t\t<span class=\"uagb-question\"><strong>How do you choose the right FileMaker Developer for your project?<\/strong><\/span><\/div><div class=\"uagb-faq-content\"><p>To choose the right FileMaker Developer for your project, consider the following factors:<br><br><strong>Experience: <\/strong>Check their portfolio to ensure they have a proven track record of successful projects and satisfied clients.<br><strong>Expertise:<\/strong> Verify their proficiency in FileMaker development, as well as their knowledge of related technologies like JavaScript, SQL, and API integrations.<br><strong>Communication:<\/strong> Ensure they have excellent communication skills, as this is crucial for understanding your requirements and providing updates throughout the project.<br><strong>Recommendations:<\/strong> Look for testimonials or reviews from previous clients to gain insight into the developer&#8217;s work quality, professionalism, and ability to meet deadlines.<br><strong>Budget: <\/strong>Compare the cost of various developers to find one that offers a reasonable rate while still delivering quality work.<\/p><\/div><\/div><div class=\"wp-block-uagb-faq-child uagb-faq-child__outer-wrap uagb-faq-item uagb-block-b9073083 \" role=\"tab\" tabindex=\"0\"><div class=\"uagb-faq-questions-button uagb-faq-questions\">\t\t\t<span class=\"uagb-icon uagb-faq-icon-wrap\">\n\t\t\t\t\t\t\t\t<svg xmlns=\"https:\/\/www.w3.org\/2000\/svg\" viewBox= \"0 0 448 512\"><path d=\"M432 256c0 17.69-14.33 32.01-32 32.01H256v144c0 17.69-14.33 31.99-32 31.99s-32-14.3-32-31.99v-144H48c-17.67 0-32-14.32-32-32.01s14.33-31.99 32-31.99H192v-144c0-17.69 14.33-32.01 32-32.01s32 14.32 32 32.01v144h144C417.7 224 432 238.3 432 256z\"><\/path><\/svg>\n\t\t\t\t\t\t\t<\/span>\n\t\t\t\t\t\t<span class=\"uagb-icon-active uagb-faq-icon-wrap\">\n\t\t\t\t\t\t\t\t<svg xmlns=\"https:\/\/www.w3.org\/2000\/svg\" viewBox= \"0 0 448 512\"><path d=\"M400 288h-352c-17.69 0-32-14.32-32-32.01s14.31-31.99 32-31.99h352c17.69 0 32 14.3 32 31.99S417.7 288 400 288z\"><\/path><\/svg>\n\t\t\t\t\t\t\t<\/span>\n\t\t\t<span class=\"uagb-question\"><strong>What are the essential skills to look for in a professional FileMaker Developer?<\/strong><\/span><\/div><div class=\"uagb-faq-content\"><p>When looking for a professional FileMaker Developer, essential skills include:<br><br><strong>FileMaker Development:<\/strong> Proficiency in designing, building, and maintaining custom applications using the FileMaker platform.<br><strong>Scripting:<\/strong> Ability to create complex scripts to automate tasks, validate data, and perform calculations.<br><strong>Layout Design:<\/strong> Expertise in designing user-friendly and visually appealing layouts for data entry, reporting, and navigation.<br><strong>Data Modeling:<\/strong> Understanding of relational database concepts and the ability to design efficient and scalable data structures.<br><strong>Integration:<\/strong> Experience with integrating FileMaker applications with other systems, such as web services, APIs, and SQL databases.<br><strong>Problem-solving:<\/strong> A strong analytical mindset to identify and resolve issues during development.<br><strong>Project Management:<\/strong> Ability to manage multiple tasks, meet deadlines, and communicate effectively with stakeholders.<\/p><\/div><\/div><\/div><div style=\"height:80px\" aria-hidden=\"true\" class=\"wp-block-spacer\"><\/div>","protected":false},"excerpt":{"rendered":"<p>Sviluppatori FileMaker Direct Impact Solutions | Sviluppatori FileMaker\u00ae Claris Sviluppatori Claris FileMaker Siamo sviluppatori FileMaker In realt\u00e0, siamo degli esperti. Direct Impact Solutions \u00e8 specializzata nella creazione di soluzioni FileMaker personalizzate. Forniamo applicazioni FileMaker Pro personalizzate personalizzato e licenze ai nostri clienti. In qualit\u00e0 di Sviluppatore FileMaker possiamo aiutarti a utilizzare in modo ottimale Claris &hellip;<\/p>\n<p class=\"read-more\"> <a class=\"\" href=\"https:\/\/www.directimpactsolutions.com\/it\/sviluppatori-filemaker\/\"> <span class=\"screen-reader-text\">Sviluppatori FileMaker<\/span> Leggi altro &raquo;<\/a><\/p>\n","protected":false},"author":1,"featured_media":0,"parent":0,"menu_order":0,"comment_status":"closed","ping_status":"closed","template":"","meta":{"inline_featured_image":false,"_uag_custom_page_level_css":"","site-sidebar-layout":"default","site-content-layout":"","ast-site-content-layout":"default","site-content-style":"default","site-sidebar-style":"default","ast-global-header-display":"","ast-banner-title-visibility":"","ast-main-header-display":"","ast-hfb-above-header-display":"","ast-hfb-below-header-display":"","ast-hfb-mobile-header-display":"","site-post-title":"disabled","ast-breadcrumbs-content":"","ast-featured-img":"","footer-sml-layout":"","theme-transparent-header-meta":"","adv-header-id-meta":"","stick-header-meta":"","header-above-stick-meta":"","header-main-stick-meta":"","header-below-stick-meta":"","astra-migrate-meta-layouts":"","footnotes":""},"class_list":["post-17955","page","type-page","status-publish","hentry"],"uagb_featured_image_src":{"full":false,"thumbnail":false,"medium":false,"medium_large":false,"large":false,"1536x1536":false,"2048x2048":false,"woocommerce_thumbnail":false,"woocommerce_single":false,"woocommerce_gallery_thumbnail":false},"uagb_author_info":{"display_name":"idi","author_link":"https:\/\/www.directimpactsolutions.com\/it\/author\/idi\/"},"uagb_comment_info":0,"uagb_excerpt":"Sviluppatori FileMaker Direct Impact Solutions | Sviluppatori FileMaker\u00ae Claris Sviluppatori Claris FileMaker Siamo sviluppatori FileMaker In realt\u00e0, siamo degli esperti. Direct Impact Solutions \u00e8 specializzata nella creazione di soluzioni FileMaker personalizzate. Forniamo applicazioni FileMaker Pro personalizzate personalizzato e licenze ai nostri clienti. In qualit\u00e0 di Sviluppatore FileMaker possiamo aiutarti a utilizzare in modo ottimale Claris&hellip;","_links":{"self":[{"href":"https:\/\/www.directimpactsolutions.com\/it\/wp-json\/wp\/v2\/pages\/17955","targetHints":{"allow":["GET"]}}],"collection":[{"href":"https:\/\/www.directimpactsolutions.com\/it\/wp-json\/wp\/v2\/pages"}],"about":[{"href":"https:\/\/www.directimpactsolutions.com\/it\/wp-json\/wp\/v2\/types\/page"}],"author":[{"embeddable":true,"href":"https:\/\/www.directimpactsolutions.com\/it\/wp-json\/wp\/v2\/users\/1"}],"replies":[{"embeddable":true,"href":"https:\/\/www.directimpactsolutions.com\/it\/wp-json\/wp\/v2\/comments?post=17955"}],"version-history":[{"count":3,"href":"https:\/\/www.directimpactsolutions.com\/it\/wp-json\/wp\/v2\/pages\/17955\/revisions"}],"predecessor-version":[{"id":17958,"href":"https:\/\/www.directimpactsolutions.com\/it\/wp-json\/wp\/v2\/pages\/17955\/revisions\/17958"}],"wp:attachment":[{"href":"https:\/\/www.directimpactsolutions.com\/it\/wp-json\/wp\/v2\/media?parent=17955"}],"curies":[{"name":"wp","href":"https:\/\/api.w.org\/{rel}","templated":true}]}}